{"id":723,"date":"2025-11-21T17:30:36","date_gmt":"2025-11-21T16:30:36","guid":{"rendered":"https:\/\/mecatek.eu\/?post_type=product&#038;p=723"},"modified":"2026-01-22T18:31:45","modified_gmt":"2026-01-22T17:31:45","slug":"bicycle-covers-adventure-cover-bike","status":"publish","type":"product","link":"https:\/\/mecatek.eu\/en\/product\/bicycle-covers-adventure-cover-bike\/","title":{"rendered":"Cover for ADVENTURE COVER BIKE"},"content":{"rendered":"<div data-elementor-type=\"product-post\" data-elementor-id=\"723\" class=\"elementor elementor-723\" data-elementor-post-type=\"product\">\n\t\t\t\t<div class=\"elementor-element elementor-element-30278e3c e-flex e-con-boxed e-con e-parent\" data-id=\"30278e3c\" data-element_type=\"container\" data-e-type=\"container\">\n\t\t\t\t\t<div class=\"e-con-inner\">\n\t\t<div class=\"elementor-element elementor-element-7780fbb e-con-full e-flex e-con e-child\" data-id=\"7780fbb\" data-element_type=\"container\" data-e-type=\"container\">\n\t\t<div class=\"elementor-element elementor-element-14f5eac8 e-con-full e-flex e-con e-child\" data-id=\"14f5eac8\" data-element_type=\"container\" data-e-type=\"container\">\n\t\t\t\t<div class=\"elementor-element elementor-element-5183b12c elementor-widget elementor-widget-text-editor\" data-id=\"5183b12c\" data-element_type=\"widget\" data-e-type=\"widget\" data-widget_type=\"text-editor.default\">\n\t\t\t\t\t\t\t\t\t<h2>Bicycle covers <span style=\"color: #0079b3;\">Adventure Cover Bike<\/span><\/h2>\t\t\t\t\t\t\t\t<\/div>\n\t\t\t\t<div class=\"elementor-element elementor-element-5d2f897b elementor-widget elementor-widget-text-editor\" data-id=\"5d2f897b\" data-element_type=\"widget\" data-e-type=\"widget\" data-widget_type=\"text-editor.default\">\n\t\t\t\t\t\t\t\t\t<h3>With the Adventure Cover Bike bike cover, it's easy to protect your bikes at all times and enjoy carefree travel!<\/h3><p><img fetchpriority=\"high\" decoding=\"async\" class=\"alignnone size-full wp-image-862\" src=\"http:\/\/mecatek.eu\/wp-content\/uploads\/2025\/11\/avantages-housse-velos-adventure-cover-bike.png\" alt=\"\" width=\"1200\" height=\"200\" srcset=\"https:\/\/mecatek.eu\/wp-content\/uploads\/2025\/11\/avantages-housse-velos-adventure-cover-bike.png 1200w, https:\/\/mecatek.eu\/wp-content\/uploads\/2025\/11\/avantages-housse-velos-adventure-cover-bike-500x83.png 500w\" sizes=\"(max-width: 1200px) 100vw, 1200px\" \/><\/p><p>The cover is quick and easy to install on 1 bike or 2 bikes at the same time, mounted on the bike rack. No need to dismantle the bikes!<\/p><p>Your precious bikes are prepared, cleaned, mounted on the bike rack and ready for a new journey? If you've got a long journey ahead of you, with changes in the weather, no problem!<\/p><p>Whether it's thunderstorms, heat, dust, mud or stone chips, with the ADVENTURE COVER BIKE protective cover you can enjoy every journey with complete peace of mind. It protects the electronics and expensive components of electric bikes and mountain bikes.<\/p><h3>1. protection for transporting bicycles<\/h3><p>The ADVENTURE COVER BIKE protects bikes during transport from dust, dirt and gravel. Travel carefree.<\/p><h3>2. recycled fabric<\/h3><p>VICTORY fabric is made from over 75% of nylon waste. This means that no new resources are used. Made from old fishing nets, fabric scraps, carpets and industrial materials.<\/p><p>The ADVENTURE COVER BIKE protective cover in VICTORY fabric is made from over 75% of recycled yarn. An innovative regeneration process reuses waste that pollutes the environment and transforms it into a new resource. Fishing nets account for around 10% of marine waste and around 46% of the Great Pacific Garbage patch. Volunteer divers collect the so-called ghost nets, which could otherwise become death traps for marine life. Use ADVENTURE COVER BIKE to protect the oceans!<\/p><p><b><strong>Made in Europe: reduced CO2 emissions<\/strong><\/b><\/p><p>We attach great importance to quality, sustainability, fair working conditions and short transport routes. That's why it's important to us that our partners and the production companies we work with are within easy reach.<\/p><h3>3. stretch fabric<\/h3><p>The ADVENTURE COVER BIKE is extensible. So it's perfect for bikes of different sizes.<\/p><h3>4. safety protection<\/h3><p>The ADVENTURE COVER BIKE protects bicycles from prying eyes and is an important step towards theft protection.<\/p><h3>5. Water-repellent fabric<\/h3><p>The ADVENTURE COVER BIKE has a water-repellent treatment, making it perfect for use in bad weather. To make the fabrics water and dirt repellent, they are generally treated with a fluorocarbon coating that is harmful to the environment. ADVENTURE COVER BIKE protective covers in VICTORY fabric are treated exclusively with an innovative, environmentally-friendly textile coating.<\/p>\t\t\t\t\t\t\t\t<\/div>\n\t\t\t\t<div class=\"elementor-element elementor-element-fa2dbd7 elementor-widget elementor-widget-text-editor\" data-id=\"fa2dbd7\" data-element_type=\"widget\" data-e-type=\"widget\" data-widget_type=\"text-editor.default\">\n\t\t\t\t\t\t\t\t\t<h2>Advantages of the ADVENTURE COVER BIKE cover<\/h2><p><strong>Integrated storage pocket<\/strong><\/p><p>To store the cover, simply pack it in its integrated pouch. The ADVENTURE COVER BIKE comes in an integrated pouch with a zip and buckle.<\/p><p><strong>Opening for checking bike securing :<br \/><\/strong>The ADVENTURE COVER BIKE has a practical inspection opening for checking and readjusting mounted bikes. Open, check, close, go - it's that easy!<\/p><p><strong>Velcro straps :<br \/><\/strong>The ADVENTURE COVER BIKE has extra Velcro straps on the inside. Simply attach them to the bikes to minimise movement in the wind.<\/p><p><strong>Strong elastic band :<\/strong><br \/>The ADVENTURE COVER BIKE has an extra-strong, elasticated band to ensure a secure fit on bikes.<\/p><p><b>A sign can be mounted directly on the cover:<br \/><\/b>A long zip with 2 openings makes it easy to attach the warning sign using a rubber tightener.<\/p>\t\t\t\t\t\t\t\t<\/div>\n\t\t\t\t<\/div>\n\t\t<div class=\"elementor-element elementor-element-d261429 e-con-full e-flex e-con e-child\" data-id=\"d261429\" data-element_type=\"container\" data-e-type=\"container\" data-settings=\"{&quot;background_background&quot;:&quot;classic&quot;}\">\n\t\t\t\t<div class=\"elementor-element elementor-element-4a731d0c elementor-widget elementor-widget-image\" data-id=\"4a731d0c\" data-element_type=\"widget\" data-e-type=\"widget\" data-widget_type=\"image.default\">\n\t\t\t\t\t\t\t\t\t\t\t\t\t\t\t<img decoding=\"async\" width=\"400\" height=\"200\" src=\"https:\/\/mecatek.eu\/wp-content\/uploads\/2025\/12\/Logo-Marque-Adventure-Cover-Bike.png\" class=\"attachment-full size-full wp-image-980\" alt=\"Adventure Cover Bike logo\" \/>\t\t\t\t\t\t\t\t\t\t\t\t\t\t\t<\/div>\n\t\t\t\t<div class=\"elementor-element elementor-element-7fc0064f elementor-widget elementor-widget-text-editor\" data-id=\"7fc0064f\" data-element_type=\"widget\" data-e-type=\"widget\" data-widget_type=\"text-editor.default\">\n\t\t\t\t\t\t\t\t\t<p><strong>Technical data :<\/strong><\/p><p><span style=\"color: #ff0000;\">Suitable for all makes of bike carrier (electric or standard), including towball-mounted bike carriers.<\/span><\/p><p><strong>Use :<\/strong><br \/>Protective cover for electric bikes, mountain bikes or standard bikes mounted on a trailer or bike carrier attached to the towball, rear door hinges or chassis.<\/p><p><strong>Bicycle bag capacity :<\/strong><br \/>1 or 2 bikes mounted in opposite directions.<br \/>Type of bikes (frame and handlebars) : Adult standard<\/p><p><strong>Material :<br \/><\/strong>Recycled fabric made from over 75% of nylon waste (washable at 40\u00b0 max.)<\/p><p><strong>Dimensions :<\/strong><br \/>L (LENGTH) :\u00a0<b><strong>180 cm - 210 cm<br \/><\/strong><\/b>H (HEIGHT) :\u00a0<b><strong>100 cm - 130 cm<br \/><\/strong><\/b>B (handlebar width) : <b><strong>70 cm - 90 cm<br \/><\/strong><\/b>Distance between rails approx.\u00a0<b><strong>22cm<\/strong><\/b><\/p>\t\t\t\t\t\t\t\t<\/div>\n\t\t\t\t<div class=\"elementor-element elementor-element-3edbdc7 elementor-widget elementor-widget-image\" data-id=\"3edbdc7\" data-element_type=\"widget\" data-e-type=\"widget\" data-widget_type=\"image.default\">\n\t\t\t\t\t\t\t\t\t\t\t\t\t\t\t\t<a href=\"http:\/\/mecatek.eu\/wp-content\/uploads\/2025\/11\/dimensions-velos-housse-adventure-cover-bike.png\" data-elementor-open-lightbox=\"yes\" data-e-action-hash=\"#elementor-action%3Aaction%3Dlightbox%26settings%3DeyJpZCI6ODYxLCJ1cmwiOiJodHRwczpcL1wvbWVjYXRlay5ldVwvd3AtY29udGVudFwvdXBsb2Fkc1wvMjAyNVwvMTFcL2RpbWVuc2lvbnMtdmVsb3MtaG91c3NlLWFkdmVudHVyZS1jb3Zlci1iaWtlLnBuZyJ9\">\n\t\t\t\t\t\t\t<img decoding=\"async\" width=\"740\" height=\"430\" src=\"https:\/\/mecatek.eu\/wp-content\/uploads\/2025\/11\/dimensions-velos-housse-adventure-cover-bike.png\" class=\"attachment-large size-large wp-image-861\" alt=\"Bike dimensions\" \/>\t\t\t\t\t\t\t\t<\/a>\n\t\t\t\t\t\t\t\t\t\t\t\t\t\t\t<\/div>\n\t\t\t\t<\/div>\n\t\t\t\t<\/div>\n\t\t\t\t\t<\/div>\n\t\t\t\t<\/div>\n\t\t\t\t<\/div>","protected":false},"excerpt":{"rendered":"<p>The ADVENTURE COVER BIKE is extensible and adapts optimally to different bike sizes. It is available to protect 1 or 2 bikes. This bike cover is designed to be environmentally responsible, as it is made in Europe from recycled nylon. Efficient, practical and environmentally friendly, the ADVENTURE COVER BIKE has it all.<\/p>","protected":false},"featured_media":850,"comment_status":"closed","ping_status":"closed","template":"","meta":[],"product_brand":[65],"product_cat":[30,57,61],"product_tag":[],"class_list":{"0":"post-723","1":"product","2":"type-product","3":"status-publish","4":"has-post-thumbnail","6":"product_brand-adventure-cover-bike","7":"product_cat-porte-velos-camping-car","8":"product_cat-porte-velos-fourgon","9":"product_cat-housses-pour-velos","11":"first","12":"instock","13":"featured","14":"shipping-taxable","15":"product-type-simple"},"yoast_head":"<!-- This site is optimized with the Yoast SEO plugin v26.9 - https:\/\/yoast.com\/product\/yoast-seo-wordpress\/ -->\n<title>Housse pour v\u00e9los ADVENTURE COVER BIKE - Mecatek (ex-Sawiko France)<\/title>\n<meta name=\"description\" content=\"La housse ADVENTURE COVER BIKE pour 1 ou 2 v\u00e9los est extensible, \u00e9coresponsable et s&#039;adapte parfaitement et simplement aux diff\u00e9rentes tailles de v\u00e9los.\" \/>\n<meta name=\"robots\" content=\"index, follow, max-snippet:-1, max-image-preview:large, max-video-preview:-1\" \/>\n<link rel=\"canonical\" href=\"https:\/\/mecatek.eu\/en\/product\/bicycle-covers-adventure-cover-bike\/\" \/>\n<meta property=\"og:locale\" content=\"en_GB\" \/>\n<meta property=\"og:type\" content=\"article\" \/>\n<meta property=\"og:title\" content=\"Housse pour v\u00e9los ADVENTURE COVER BIKE - Mecatek (ex-Sawiko France)\" \/>\n<meta property=\"og:description\" content=\"La housse ADVENTURE COVER BIKE pour 1 ou 2 v\u00e9los est extensible, \u00e9coresponsable et s&#039;adapte parfaitement et simplement aux diff\u00e9rentes tailles de v\u00e9los.\" \/>\n<meta property=\"og:url\" content=\"https:\/\/mecatek.eu\/en\/product\/bicycle-covers-adventure-cover-bike\/\" \/>\n<meta property=\"og:site_name\" content=\"Mecatek (ex-Sawiko France)\" \/>\n<meta property=\"article:modified_time\" content=\"2026-01-22T17:31:45+00:00\" \/>\n<meta property=\"og:image\" content=\"http:\/\/mecatek.eu\/wp-content\/uploads\/2025\/11\/Housse-velos-Adventure-Cover-Bike_001.jpg\" \/>\n\t<meta property=\"og:image:width\" content=\"800\" \/>\n\t<meta property=\"og:image:height\" content=\"800\" \/>\n\t<meta property=\"og:image:type\" content=\"image\/jpeg\" \/>\n<meta name=\"twitter:card\" content=\"summary_large_image\" \/>\n<meta name=\"twitter:label1\" content=\"Estimated reading time\" \/>\n\t<meta name=\"twitter:data1\" content=\"5 minutes\" \/>\n<script type=\"application\/ld+json\" class=\"yoast-schema-graph\">{\"@context\":\"https:\/\/schema.org\",\"@graph\":[{\"@type\":\"WebPage\",\"@id\":\"https:\/\/mecatek.eu\/produit\/housse-pour-velos-adventure-cover-bike\/\",\"url\":\"https:\/\/mecatek.eu\/produit\/housse-pour-velos-adventure-cover-bike\/\",\"name\":\"Housse pour v\u00e9los ADVENTURE COVER BIKE - Mecatek (ex-Sawiko France)\",\"isPartOf\":{\"@id\":\"https:\/\/mecatek.eu\/#website\"},\"primaryImageOfPage\":{\"@id\":\"https:\/\/mecatek.eu\/produit\/housse-pour-velos-adventure-cover-bike\/#primaryimage\"},\"image\":{\"@id\":\"https:\/\/mecatek.eu\/produit\/housse-pour-velos-adventure-cover-bike\/#primaryimage\"},\"thumbnailUrl\":\"https:\/\/mecatek.eu\/wp-content\/uploads\/2025\/11\/Housse-velos-Adventure-Cover-Bike_001.jpg\",\"datePublished\":\"2025-11-21T16:30:36+00:00\",\"dateModified\":\"2026-01-22T17:31:45+00:00\",\"description\":\"La housse ADVENTURE COVER BIKE pour 1 ou 2 v\u00e9los est extensible, \u00e9coresponsable et s'adapte parfaitement et simplement aux diff\u00e9rentes tailles de v\u00e9los.\",\"breadcrumb\":{\"@id\":\"https:\/\/mecatek.eu\/produit\/housse-pour-velos-adventure-cover-bike\/#breadcrumb\"},\"inLanguage\":\"en-GB\",\"potentialAction\":[{\"@type\":\"ReadAction\",\"target\":[\"https:\/\/mecatek.eu\/produit\/housse-pour-velos-adventure-cover-bike\/\"]}]},{\"@type\":\"ImageObject\",\"inLanguage\":\"en-GB\",\"@id\":\"https:\/\/mecatek.eu\/produit\/housse-pour-velos-adventure-cover-bike\/#primaryimage\",\"url\":\"https:\/\/mecatek.eu\/wp-content\/uploads\/2025\/11\/Housse-velos-Adventure-Cover-Bike_001.jpg\",\"contentUrl\":\"https:\/\/mecatek.eu\/wp-content\/uploads\/2025\/11\/Housse-velos-Adventure-Cover-Bike_001.jpg\",\"width\":800,\"height\":800,\"caption\":\"B\u00e2che ADVENTURE COVER BIKE install\u00e9e sur 2 v\u00e9los charg\u00e9s sur un van\"},{\"@type\":\"BreadcrumbList\",\"@id\":\"https:\/\/mecatek.eu\/produit\/housse-pour-velos-adventure-cover-bike\/#breadcrumb\",\"itemListElement\":[{\"@type\":\"ListItem\",\"position\":1,\"name\":\"Accueil\",\"item\":\"https:\/\/mecatek.eu\/\"},{\"@type\":\"ListItem\",\"position\":2,\"name\":\"Catalogue\",\"item\":\"https:\/\/mecatek.eu\/catalogue\/\"},{\"@type\":\"ListItem\",\"position\":3,\"name\":\"Housse pour v\u00e9los ADVENTURE COVER BIKE\"}]},{\"@type\":\"WebSite\",\"@id\":\"https:\/\/mecatek.eu\/#website\",\"url\":\"https:\/\/mecatek.eu\/\",\"name\":\"Mecatek (ex-Sawiko France)\",\"description\":\"Fabricant d&#039;attelages pour camping-car et fourgon - Mecatek\",\"publisher\":{\"@id\":\"https:\/\/mecatek.eu\/#organization\"},\"potentialAction\":[{\"@type\":\"SearchAction\",\"target\":{\"@type\":\"EntryPoint\",\"urlTemplate\":\"https:\/\/mecatek.eu\/?s={search_term_string}\"},\"query-input\":{\"@type\":\"PropertyValueSpecification\",\"valueRequired\":true,\"valueName\":\"search_term_string\"}}],\"inLanguage\":\"en-GB\"},{\"@type\":\"Organization\",\"@id\":\"https:\/\/mecatek.eu\/#organization\",\"name\":\"Mecatek (ex-Sawiko France)\",\"url\":\"https:\/\/mecatek.eu\/\",\"logo\":{\"@type\":\"ImageObject\",\"inLanguage\":\"en-GB\",\"@id\":\"https:\/\/mecatek.eu\/#\/schema\/logo\/image\/\",\"url\":\"http:\/\/mecatek.eu\/wp-content\/uploads\/2026\/01\/Logo-Mecatek-Solutions-techniques-2025-300px.png\",\"contentUrl\":\"http:\/\/mecatek.eu\/wp-content\/uploads\/2026\/01\/Logo-Mecatek-Solutions-techniques-2025-300px.png\",\"width\":400,\"height\":94,\"caption\":\"Mecatek (ex-Sawiko France)\"},\"image\":{\"@id\":\"https:\/\/mecatek.eu\/#\/schema\/logo\/image\/\"}}]}<\/script>\n<!-- \/ Yoast SEO plugin. -->","yoast_head_json":{"title":"ADVENTURE COVER BIKE cover - Mecatek (ex-Sawiko France)","description":"The ADVENTURE COVER BIKE for 1 or 2 bikes is stretchable, environmentally friendly and adapts perfectly and simply to different bike sizes.","robots":{"index":"index","follow":"follow","max-snippet":"max-snippet:-1","max-image-preview":"max-image-preview:large","max-video-preview":"max-video-preview:-1"},"canonical":"https:\/\/mecatek.eu\/en\/product\/bicycle-covers-adventure-cover-bike\/","og_locale":"en_GB","og_type":"article","og_title":"Housse pour v\u00e9los ADVENTURE COVER BIKE - Mecatek (ex-Sawiko France)","og_description":"La housse ADVENTURE COVER BIKE pour 1 ou 2 v\u00e9los est extensible, \u00e9coresponsable et s'adapte parfaitement et simplement aux diff\u00e9rentes tailles de v\u00e9los.","og_url":"https:\/\/mecatek.eu\/en\/product\/bicycle-covers-adventure-cover-bike\/","og_site_name":"Mecatek (ex-Sawiko France)","article_modified_time":"2026-01-22T17:31:45+00:00","og_image":[{"width":800,"height":800,"url":"http:\/\/mecatek.eu\/wp-content\/uploads\/2025\/11\/Housse-velos-Adventure-Cover-Bike_001.jpg","type":"image\/jpeg"}],"twitter_card":"summary_large_image","twitter_misc":{"Estimated reading time":"5 minutes"},"schema":{"@context":"https:\/\/schema.org","@graph":[{"@type":"WebPage","@id":"https:\/\/mecatek.eu\/produit\/housse-pour-velos-adventure-cover-bike\/","url":"https:\/\/mecatek.eu\/produit\/housse-pour-velos-adventure-cover-bike\/","name":"ADVENTURE COVER BIKE cover - Mecatek (ex-Sawiko France)","isPartOf":{"@id":"https:\/\/mecatek.eu\/#website"},"primaryImageOfPage":{"@id":"https:\/\/mecatek.eu\/produit\/housse-pour-velos-adventure-cover-bike\/#primaryimage"},"image":{"@id":"https:\/\/mecatek.eu\/produit\/housse-pour-velos-adventure-cover-bike\/#primaryimage"},"thumbnailUrl":"https:\/\/mecatek.eu\/wp-content\/uploads\/2025\/11\/Housse-velos-Adventure-Cover-Bike_001.jpg","datePublished":"2025-11-21T16:30:36+00:00","dateModified":"2026-01-22T17:31:45+00:00","description":"The ADVENTURE COVER BIKE for 1 or 2 bikes is stretchable, environmentally friendly and adapts perfectly and simply to different bike sizes.","breadcrumb":{"@id":"https:\/\/mecatek.eu\/produit\/housse-pour-velos-adventure-cover-bike\/#breadcrumb"},"inLanguage":"en-GB","potentialAction":[{"@type":"ReadAction","target":["https:\/\/mecatek.eu\/produit\/housse-pour-velos-adventure-cover-bike\/"]}]},{"@type":"ImageObject","inLanguage":"en-GB","@id":"https:\/\/mecatek.eu\/produit\/housse-pour-velos-adventure-cover-bike\/#primaryimage","url":"https:\/\/mecatek.eu\/wp-content\/uploads\/2025\/11\/Housse-velos-Adventure-Cover-Bike_001.jpg","contentUrl":"https:\/\/mecatek.eu\/wp-content\/uploads\/2025\/11\/Housse-velos-Adventure-Cover-Bike_001.jpg","width":800,"height":800,"caption":"B\u00e2che ADVENTURE COVER BIKE install\u00e9e sur 2 v\u00e9los charg\u00e9s sur un van"},{"@type":"BreadcrumbList","@id":"https:\/\/mecatek.eu\/produit\/housse-pour-velos-adventure-cover-bike\/#breadcrumb","itemListElement":[{"@type":"ListItem","position":1,"name":"Accueil","item":"https:\/\/mecatek.eu\/"},{"@type":"ListItem","position":2,"name":"Catalogue","item":"https:\/\/mecatek.eu\/catalogue\/"},{"@type":"ListItem","position":3,"name":"Housse pour v\u00e9los ADVENTURE COVER BIKE"}]},{"@type":"WebSite","@id":"https:\/\/mecatek.eu\/#website","url":"https:\/\/mecatek.eu\/","name":"Mecatek (formerly Sawiko France)","description":"Manufacturer of towbars for motorhomes and vans - Mecatek","publisher":{"@id":"https:\/\/mecatek.eu\/#organization"},"potentialAction":[{"@type":"SearchAction","target":{"@type":"EntryPoint","urlTemplate":"https:\/\/mecatek.eu\/?s={search_term_string}"},"query-input":{"@type":"PropertyValueSpecification","valueRequired":true,"valueName":"search_term_string"}}],"inLanguage":"en-GB"},{"@type":"Organization","@id":"https:\/\/mecatek.eu\/#organization","name":"Mecatek (formerly Sawiko France)","url":"https:\/\/mecatek.eu\/","logo":{"@type":"ImageObject","inLanguage":"en-GB","@id":"https:\/\/mecatek.eu\/#\/schema\/logo\/image\/","url":"http:\/\/mecatek.eu\/wp-content\/uploads\/2026\/01\/Logo-Mecatek-Solutions-techniques-2025-300px.png","contentUrl":"http:\/\/mecatek.eu\/wp-content\/uploads\/2026\/01\/Logo-Mecatek-Solutions-techniques-2025-300px.png","width":400,"height":94,"caption":"Mecatek (ex-Sawiko France)"},"image":{"@id":"https:\/\/mecatek.eu\/#\/schema\/logo\/image\/"}}]}},"_links":{"self":[{"href":"https:\/\/mecatek.eu\/en\/wp-json\/wp\/v2\/product\/723","targetHints":{"allow":["GET"]}}],"collection":[{"href":"https:\/\/mecatek.eu\/en\/wp-json\/wp\/v2\/product"}],"about":[{"href":"https:\/\/mecatek.eu\/en\/wp-json\/wp\/v2\/types\/product"}],"replies":[{"embeddable":true,"href":"https:\/\/mecatek.eu\/en\/wp-json\/wp\/v2\/comments?post=723"}],"version-history":[{"count":29,"href":"https:\/\/mecatek.eu\/en\/wp-json\/wp\/v2\/product\/723\/revisions"}],"predecessor-version":[{"id":2448,"href":"https:\/\/mecatek.eu\/en\/wp-json\/wp\/v2\/product\/723\/revisions\/2448"}],"wp:featuredmedia":[{"embeddable":true,"href":"https:\/\/mecatek.eu\/en\/wp-json\/wp\/v2\/media\/850"}],"wp:attachment":[{"href":"https:\/\/mecatek.eu\/en\/wp-json\/wp\/v2\/media?parent=723"}],"wp:term":[{"taxonomy":"product_brand","embeddable":true,"href":"https:\/\/mecatek.eu\/en\/wp-json\/wp\/v2\/product_brand?post=723"},{"taxonomy":"product_cat","embeddable":true,"href":"https:\/\/mecatek.eu\/en\/wp-json\/wp\/v2\/product_cat?post=723"},{"taxonomy":"product_tag","embeddable":true,"href":"https:\/\/mecatek.eu\/en\/wp-json\/wp\/v2\/product_tag?post=723"}],"curies":[{"name":"wp","href":"https:\/\/api.w.org\/{rel}","templated":true}]}}