{"id":719,"date":"2025-11-21T17:27:18","date_gmt":"2025-11-21T16:27:18","guid":{"rendered":"https:\/\/mecatek.eu\/?post_type=product&#038;p=719"},"modified":"2026-01-23T13:39:19","modified_gmt":"2026-01-23T12:39:19","slug":"al-ko-trailer-hitch-for-van-and-motorhome","status":"publish","type":"product","link":"https:\/\/mecatek.eu\/en\/product\/al-ko-trailer-hitch-for-van-and-motorhome\/","title":{"rendered":"Trailer hitch for AL-KO chassis"},"content":{"rendered":"<div data-elementor-type=\"product-post\" data-elementor-id=\"719\" class=\"elementor elementor-719\" data-elementor-post-type=\"product\">\n\t\t\t\t<div class=\"elementor-element elementor-element-2253f676 e-flex e-con-boxed e-con e-parent\" data-id=\"2253f676\" data-element_type=\"container\" data-e-type=\"container\">\n\t\t\t\t\t<div class=\"e-con-inner\">\n\t\t<div class=\"elementor-element elementor-element-bf96122 e-con-full e-flex e-con e-child\" data-id=\"bf96122\" data-element_type=\"container\" data-e-type=\"container\">\n\t\t<div class=\"elementor-element elementor-element-554637b e-con-full e-flex e-con e-child\" data-id=\"554637b\" data-element_type=\"container\" data-e-type=\"container\">\n\t\t\t\t<div class=\"elementor-element elementor-element-c022ea5 elementor-widget elementor-widget-text-editor\" data-id=\"c022ea5\" data-element_type=\"widget\" data-e-type=\"widget\" data-widget_type=\"text-editor.default\">\n\t\t\t\t\t\t\t\t\t<h2>Couplings for <span style=\"color: #0079b3;\">Alko chassis<\/span><\/h2>\t\t\t\t\t\t\t\t<\/div>\n\t\t\t\t<div class=\"elementor-element elementor-element-7bb4bdd elementor-widget elementor-widget-text-editor\" data-id=\"7bb4bdd\" data-element_type=\"widget\" data-e-type=\"widget\" data-widget_type=\"text-editor.default\">\n\t\t\t\t\t\t\t\t\t<p>Mecatek offers towbars adapted to Alko chassis for your motorhome or converted van. These solutions are designed for leisure vehicles, based on extensive experience and a comprehensive database of European models. So you'll find the ideal option for your vehicle.<\/p><h3>Variety of trailer hitches<\/h3><p>Mecatek's range includes several towbar variants, from compact models with crossbar and towball to modular designs for chassis extensions. These hitches can be fitted to most pre-equipped Alko chassis, ensuring optimum technical compatibility.<\/p><h3>How do I choose an Alko trailer hitch?<\/h3><p>In order to offer you the right Alko trailer hitch for your motorhome, Mecatek needs to know the main characteristics of your vehicle:<\/p><ul><li>Make of motorhome<\/li><li>Model<\/li><li>Year of manufacture<\/li><li>Chassis number (useful for AMC chassis)<\/li><\/ul><p>Also check the authorised towing capacity in your documents (vehicle registration document or COC), or contact us for a made-to-measure solution.<\/p>\t\t\t\t\t\t\t\t<\/div>\n\t\t\t\t<\/div>\n\t\t<div class=\"elementor-element elementor-element-4789104 e-con-full e-flex e-con e-child\" data-id=\"4789104\" data-element_type=\"container\" data-e-type=\"container\" data-settings=\"{&quot;background_background&quot;:&quot;classic&quot;}\">\n\t\t\t\t<div class=\"elementor-element elementor-element-5a97eb3 elementor-widget elementor-widget-image\" data-id=\"5a97eb3\" data-element_type=\"widget\" data-e-type=\"widget\" data-widget_type=\"image.default\">\n\t\t\t\t\t\t\t\t\t\t\t\t\t\t\t<img fetchpriority=\"high\" decoding=\"async\" width=\"400\" height=\"200\" src=\"https:\/\/mecatek.eu\/wp-content\/uploads\/2025\/12\/Logo-Marque-Alko.png\" class=\"attachment-full size-full wp-image-1012\" alt=\"Alko logo\" srcset=\"https:\/\/mecatek.eu\/wp-content\/uploads\/2025\/12\/Logo-Marque-Alko.png 400w, https:\/\/mecatek.eu\/wp-content\/uploads\/2025\/12\/Logo-Marque-Alko-300x150.png 300w\" sizes=\"(max-width: 400px) 100vw, 400px\" \/>\t\t\t\t\t\t\t\t\t\t\t\t\t\t\t<\/div>\n\t\t\t\t<div class=\"elementor-element elementor-element-d139a19 elementor-widget elementor-widget-text-editor\" data-id=\"d139a19\" data-element_type=\"widget\" data-e-type=\"widget\" data-widget_type=\"text-editor.default\">\n\t\t\t\t\t\t\t\t\t<p><strong>Com vehicles<\/strong><strong>patibles :<br \/><\/strong><\/p><p>Motorhomes with pre-equipped Alko chassis<\/p>\t\t\t\t\t\t\t\t<\/div>\n\t\t\t\t<\/div>\n\t\t\t\t<\/div>\n\t\t\t\t\t<\/div>\n\t\t\t\t<\/div>\n\t\t\t\t<\/div>","protected":false},"excerpt":{"rendered":"<p>Original AL-KO towbars<\/p>\n<p>We can supply original AL-KO towbars for most vehicles already fitted with an AL-KO chassis.<br \/>\nDon't hesitate to contact us by e-mail for all your requests, or via the contact form, and we'll get back to you as soon as possible.<\/p>","protected":false},"featured_media":1020,"comment_status":"closed","ping_status":"closed","template":"","meta":[],"product_brand":[67],"product_cat":[74],"product_tag":[],"class_list":{"0":"post-719","1":"product","2":"type-product","3":"status-publish","4":"has-post-thumbnail","6":"product_brand-alko","7":"product_cat-attelages-pour-chassis-alko","9":"first","10":"instock","11":"shipping-taxable","12":"product-type-simple"},"yoast_head":"<!-- This site is optimized with the Yoast SEO plugin v26.9 - https:\/\/yoast.com\/product\/yoast-seo-wordpress\/ -->\n<title>Attache-remorques pour ch\u00e2ssis AL-KO - Mecatek (ex-Sawiko France)<\/title>\n<meta name=\"description\" content=\"Attelages d\u2019origine AL-KO disponibles pour la plupart des v\u00e9hicules d\u00e9j\u00e0 \u00e9quip\u00e9s d\u2019un ch\u00e2ssis AL-KO. D\u00e9couvrez nos attache-remorques AlKo.\" \/>\n<meta name=\"robots\" content=\"index, follow, max-snippet:-1, max-image-preview:large, max-video-preview:-1\" \/>\n<link rel=\"canonical\" href=\"https:\/\/mecatek.eu\/en\/product\/al-ko-trailer-hitch-for-van-and-motorhome\/\" \/>\n<meta property=\"og:locale\" content=\"en_GB\" \/>\n<meta property=\"og:type\" content=\"article\" \/>\n<meta property=\"og:title\" content=\"Attache-remorques pour ch\u00e2ssis AL-KO - Mecatek (ex-Sawiko France)\" \/>\n<meta property=\"og:description\" content=\"Attelages d\u2019origine AL-KO disponibles pour la plupart des v\u00e9hicules d\u00e9j\u00e0 \u00e9quip\u00e9s d\u2019un ch\u00e2ssis AL-KO. D\u00e9couvrez nos attache-remorques AlKo.\" \/>\n<meta property=\"og:url\" content=\"https:\/\/mecatek.eu\/en\/product\/al-ko-trailer-hitch-for-van-and-motorhome\/\" \/>\n<meta property=\"og:site_name\" content=\"Mecatek (ex-Sawiko France)\" \/>\n<meta property=\"article:modified_time\" content=\"2026-01-23T12:39:19+00:00\" \/>\n<meta property=\"og:image\" content=\"http:\/\/mecatek.eu\/wp-content\/uploads\/2025\/11\/attache-remorque-al-ko-pour-fourgon-van-et-camping-car-5.jpg\" \/>\n\t<meta property=\"og:image:width\" content=\"800\" \/>\n\t<meta property=\"og:image:height\" content=\"800\" \/>\n\t<meta property=\"og:image:type\" content=\"image\/jpeg\" \/>\n<meta name=\"twitter:card\" content=\"summary_large_image\" \/>\n<meta name=\"twitter:label1\" content=\"Estimated reading time\" \/>\n\t<meta name=\"twitter:data1\" content=\"2 minutes\" \/>\n<script type=\"application\/ld+json\" class=\"yoast-schema-graph\">{\"@context\":\"https:\/\/schema.org\",\"@graph\":[{\"@type\":\"WebPage\",\"@id\":\"https:\/\/mecatek.eu\/produit\/attache-remorque-al-ko-pour-fourgon-van-et-camping-car\/\",\"url\":\"https:\/\/mecatek.eu\/produit\/attache-remorque-al-ko-pour-fourgon-van-et-camping-car\/\",\"name\":\"Attache-remorques pour ch\u00e2ssis AL-KO - Mecatek (ex-Sawiko France)\",\"isPartOf\":{\"@id\":\"https:\/\/mecatek.eu\/#website\"},\"primaryImageOfPage\":{\"@id\":\"https:\/\/mecatek.eu\/produit\/attache-remorque-al-ko-pour-fourgon-van-et-camping-car\/#primaryimage\"},\"image\":{\"@id\":\"https:\/\/mecatek.eu\/produit\/attache-remorque-al-ko-pour-fourgon-van-et-camping-car\/#primaryimage\"},\"thumbnailUrl\":\"https:\/\/mecatek.eu\/wp-content\/uploads\/2025\/11\/attache-remorque-al-ko-pour-fourgon-van-et-camping-car-5.jpg\",\"datePublished\":\"2025-11-21T16:27:18+00:00\",\"dateModified\":\"2026-01-23T12:39:19+00:00\",\"description\":\"Attelages d\u2019origine AL-KO disponibles pour la plupart des v\u00e9hicules d\u00e9j\u00e0 \u00e9quip\u00e9s d\u2019un ch\u00e2ssis AL-KO. D\u00e9couvrez nos attache-remorques AlKo.\",\"breadcrumb\":{\"@id\":\"https:\/\/mecatek.eu\/produit\/attache-remorque-al-ko-pour-fourgon-van-et-camping-car\/#breadcrumb\"},\"inLanguage\":\"en-GB\",\"potentialAction\":[{\"@type\":\"ReadAction\",\"target\":[\"https:\/\/mecatek.eu\/produit\/attache-remorque-al-ko-pour-fourgon-van-et-camping-car\/\"]}]},{\"@type\":\"ImageObject\",\"inLanguage\":\"en-GB\",\"@id\":\"https:\/\/mecatek.eu\/produit\/attache-remorque-al-ko-pour-fourgon-van-et-camping-car\/#primaryimage\",\"url\":\"https:\/\/mecatek.eu\/wp-content\/uploads\/2025\/11\/attache-remorque-al-ko-pour-fourgon-van-et-camping-car-5.jpg\",\"contentUrl\":\"https:\/\/mecatek.eu\/wp-content\/uploads\/2025\/11\/attache-remorque-al-ko-pour-fourgon-van-et-camping-car-5.jpg\",\"width\":800,\"height\":800,\"caption\":\"Attelages d'origine AL-KO\"},{\"@type\":\"BreadcrumbList\",\"@id\":\"https:\/\/mecatek.eu\/produit\/attache-remorque-al-ko-pour-fourgon-van-et-camping-car\/#breadcrumb\",\"itemListElement\":[{\"@type\":\"ListItem\",\"position\":1,\"name\":\"Accueil\",\"item\":\"https:\/\/mecatek.eu\/\"},{\"@type\":\"ListItem\",\"position\":2,\"name\":\"Catalogue\",\"item\":\"https:\/\/mecatek.eu\/catalogue\/\"},{\"@type\":\"ListItem\",\"position\":3,\"name\":\"Attache-remorques pour ch\u00e2ssis AL-KO\"}]},{\"@type\":\"WebSite\",\"@id\":\"https:\/\/mecatek.eu\/#website\",\"url\":\"https:\/\/mecatek.eu\/\",\"name\":\"Mecatek (ex-Sawiko France)\",\"description\":\"Fabricant d&#039;attelages pour camping-car et fourgon - Mecatek\",\"publisher\":{\"@id\":\"https:\/\/mecatek.eu\/#organization\"},\"potentialAction\":[{\"@type\":\"SearchAction\",\"target\":{\"@type\":\"EntryPoint\",\"urlTemplate\":\"https:\/\/mecatek.eu\/?s={search_term_string}\"},\"query-input\":{\"@type\":\"PropertyValueSpecification\",\"valueRequired\":true,\"valueName\":\"search_term_string\"}}],\"inLanguage\":\"en-GB\"},{\"@type\":\"Organization\",\"@id\":\"https:\/\/mecatek.eu\/#organization\",\"name\":\"Mecatek (ex-Sawiko France)\",\"url\":\"https:\/\/mecatek.eu\/\",\"logo\":{\"@type\":\"ImageObject\",\"inLanguage\":\"en-GB\",\"@id\":\"https:\/\/mecatek.eu\/#\/schema\/logo\/image\/\",\"url\":\"http:\/\/mecatek.eu\/wp-content\/uploads\/2026\/01\/Logo-Mecatek-Solutions-techniques-2025-300px.png\",\"contentUrl\":\"http:\/\/mecatek.eu\/wp-content\/uploads\/2026\/01\/Logo-Mecatek-Solutions-techniques-2025-300px.png\",\"width\":400,\"height\":94,\"caption\":\"Mecatek (ex-Sawiko France)\"},\"image\":{\"@id\":\"https:\/\/mecatek.eu\/#\/schema\/logo\/image\/\"}}]}<\/script>\n<!-- \/ Yoast SEO plugin. -->","yoast_head_json":{"title":"Trailer hitch for AL-KO chassis - Mecatek (ex-Sawiko France)","description":"Original AL-KO trailer hitches available for most vehicles already fitted with an AL-KO chassis. Discover our Al-Ko trailer hitches.","robots":{"index":"index","follow":"follow","max-snippet":"max-snippet:-1","max-image-preview":"max-image-preview:large","max-video-preview":"max-video-preview:-1"},"canonical":"https:\/\/mecatek.eu\/en\/product\/al-ko-trailer-hitch-for-van-and-motorhome\/","og_locale":"en_GB","og_type":"article","og_title":"Attache-remorques pour ch\u00e2ssis AL-KO - Mecatek (ex-Sawiko France)","og_description":"Attelages d\u2019origine AL-KO disponibles pour la plupart des v\u00e9hicules d\u00e9j\u00e0 \u00e9quip\u00e9s d\u2019un ch\u00e2ssis AL-KO. D\u00e9couvrez nos attache-remorques AlKo.","og_url":"https:\/\/mecatek.eu\/en\/product\/al-ko-trailer-hitch-for-van-and-motorhome\/","og_site_name":"Mecatek (ex-Sawiko France)","article_modified_time":"2026-01-23T12:39:19+00:00","og_image":[{"width":800,"height":800,"url":"http:\/\/mecatek.eu\/wp-content\/uploads\/2025\/11\/attache-remorque-al-ko-pour-fourgon-van-et-camping-car-5.jpg","type":"image\/jpeg"}],"twitter_card":"summary_large_image","twitter_misc":{"Estimated reading time":"2 minutes"},"schema":{"@context":"https:\/\/schema.org","@graph":[{"@type":"WebPage","@id":"https:\/\/mecatek.eu\/produit\/attache-remorque-al-ko-pour-fourgon-van-et-camping-car\/","url":"https:\/\/mecatek.eu\/produit\/attache-remorque-al-ko-pour-fourgon-van-et-camping-car\/","name":"Trailer hitch for AL-KO chassis - Mecatek (ex-Sawiko France)","isPartOf":{"@id":"https:\/\/mecatek.eu\/#website"},"primaryImageOfPage":{"@id":"https:\/\/mecatek.eu\/produit\/attache-remorque-al-ko-pour-fourgon-van-et-camping-car\/#primaryimage"},"image":{"@id":"https:\/\/mecatek.eu\/produit\/attache-remorque-al-ko-pour-fourgon-van-et-camping-car\/#primaryimage"},"thumbnailUrl":"https:\/\/mecatek.eu\/wp-content\/uploads\/2025\/11\/attache-remorque-al-ko-pour-fourgon-van-et-camping-car-5.jpg","datePublished":"2025-11-21T16:27:18+00:00","dateModified":"2026-01-23T12:39:19+00:00","description":"Original AL-KO trailer hitches available for most vehicles already fitted with an AL-KO chassis. Discover our Al-Ko trailer hitches.","breadcrumb":{"@id":"https:\/\/mecatek.eu\/produit\/attache-remorque-al-ko-pour-fourgon-van-et-camping-car\/#breadcrumb"},"inLanguage":"en-GB","potentialAction":[{"@type":"ReadAction","target":["https:\/\/mecatek.eu\/produit\/attache-remorque-al-ko-pour-fourgon-van-et-camping-car\/"]}]},{"@type":"ImageObject","inLanguage":"en-GB","@id":"https:\/\/mecatek.eu\/produit\/attache-remorque-al-ko-pour-fourgon-van-et-camping-car\/#primaryimage","url":"https:\/\/mecatek.eu\/wp-content\/uploads\/2025\/11\/attache-remorque-al-ko-pour-fourgon-van-et-camping-car-5.jpg","contentUrl":"https:\/\/mecatek.eu\/wp-content\/uploads\/2025\/11\/attache-remorque-al-ko-pour-fourgon-van-et-camping-car-5.jpg","width":800,"height":800,"caption":"Attelages d'origine AL-KO"},{"@type":"BreadcrumbList","@id":"https:\/\/mecatek.eu\/produit\/attache-remorque-al-ko-pour-fourgon-van-et-camping-car\/#breadcrumb","itemListElement":[{"@type":"ListItem","position":1,"name":"Accueil","item":"https:\/\/mecatek.eu\/"},{"@type":"ListItem","position":2,"name":"Catalogue","item":"https:\/\/mecatek.eu\/catalogue\/"},{"@type":"ListItem","position":3,"name":"Attache-remorques pour ch\u00e2ssis AL-KO"}]},{"@type":"WebSite","@id":"https:\/\/mecatek.eu\/#website","url":"https:\/\/mecatek.eu\/","name":"Mecatek (formerly Sawiko France)","description":"Manufacturer of towbars for motorhomes and vans - Mecatek","publisher":{"@id":"https:\/\/mecatek.eu\/#organization"},"potentialAction":[{"@type":"SearchAction","target":{"@type":"EntryPoint","urlTemplate":"https:\/\/mecatek.eu\/?s={search_term_string}"},"query-input":{"@type":"PropertyValueSpecification","valueRequired":true,"valueName":"search_term_string"}}],"inLanguage":"en-GB"},{"@type":"Organization","@id":"https:\/\/mecatek.eu\/#organization","name":"Mecatek (formerly Sawiko France)","url":"https:\/\/mecatek.eu\/","logo":{"@type":"ImageObject","inLanguage":"en-GB","@id":"https:\/\/mecatek.eu\/#\/schema\/logo\/image\/","url":"http:\/\/mecatek.eu\/wp-content\/uploads\/2026\/01\/Logo-Mecatek-Solutions-techniques-2025-300px.png","contentUrl":"http:\/\/mecatek.eu\/wp-content\/uploads\/2026\/01\/Logo-Mecatek-Solutions-techniques-2025-300px.png","width":400,"height":94,"caption":"Mecatek (ex-Sawiko France)"},"image":{"@id":"https:\/\/mecatek.eu\/#\/schema\/logo\/image\/"}}]}},"_links":{"self":[{"href":"https:\/\/mecatek.eu\/en\/wp-json\/wp\/v2\/product\/719","targetHints":{"allow":["GET"]}}],"collection":[{"href":"https:\/\/mecatek.eu\/en\/wp-json\/wp\/v2\/product"}],"about":[{"href":"https:\/\/mecatek.eu\/en\/wp-json\/wp\/v2\/types\/product"}],"replies":[{"embeddable":true,"href":"https:\/\/mecatek.eu\/en\/wp-json\/wp\/v2\/comments?post=719"}],"version-history":[{"count":9,"href":"https:\/\/mecatek.eu\/en\/wp-json\/wp\/v2\/product\/719\/revisions"}],"predecessor-version":[{"id":1179,"href":"https:\/\/mecatek.eu\/en\/wp-json\/wp\/v2\/product\/719\/revisions\/1179"}],"wp:featuredmedia":[{"embeddable":true,"href":"https:\/\/mecatek.eu\/en\/wp-json\/wp\/v2\/media\/1020"}],"wp:attachment":[{"href":"https:\/\/mecatek.eu\/en\/wp-json\/wp\/v2\/media?parent=719"}],"wp:term":[{"taxonomy":"product_brand","embeddable":true,"href":"https:\/\/mecatek.eu\/en\/wp-json\/wp\/v2\/product_brand?post=719"},{"taxonomy":"product_cat","embeddable":true,"href":"https:\/\/mecatek.eu\/en\/wp-json\/wp\/v2\/product_cat?post=719"},{"taxonomy":"product_tag","embeddable":true,"href":"https:\/\/mecatek.eu\/en\/wp-json\/wp\/v2\/product_tag?post=719"}],"curies":[{"name":"wp","href":"https:\/\/api.w.org\/{rel}","templated":true}]}}