{"id":1774,"date":"2025-11-30T11:45:00","date_gmt":"2025-11-30T10:45:00","guid":{"rendered":"https:\/\/mecatek.eu\/?post_type=product&#038;p=1774"},"modified":"2026-01-26T18:15:50","modified_gmt":"2026-01-26T17:15:50","slug":"bicycle-rail-with-ratchet-wheel-chocks","status":"publish","type":"product","link":"https:\/\/mecatek.eu\/en\/product\/bicycle-rail-with-ratchet-wheel-chocks\/","title":{"rendered":"Bike rail with ratchet wheel chocks"},"content":{"rendered":"<div data-elementor-type=\"product-post\" data-elementor-id=\"1774\" class=\"elementor elementor-1774\" data-elementor-post-type=\"product\">\n\t\t\t\t<div class=\"elementor-element elementor-element-56b218ea e-flex e-con-boxed e-con e-parent\" data-id=\"56b218ea\" data-element_type=\"container\" data-e-type=\"container\">\n\t\t\t\t\t<div class=\"e-con-inner\">\n\t\t<div class=\"elementor-element elementor-element-631bb31 e-con-full e-flex e-con e-child\" data-id=\"631bb31\" data-element_type=\"container\" data-e-type=\"container\">\n\t\t<div class=\"elementor-element elementor-element-3924401 e-con-full e-flex e-con e-child\" data-id=\"3924401\" data-element_type=\"container\" data-e-type=\"container\">\n\t\t\t\t<div class=\"elementor-element elementor-element-7d25364 elementor-widget elementor-widget-text-editor\" data-id=\"7d25364\" data-element_type=\"widget\" data-e-type=\"widget\" data-widget_type=\"text-editor.default\">\n\t\t\t\t\t\t\t\t\t<h2>Bike mounting accessories<\/h2>\t\t\t\t\t\t\t\t<\/div>\n\t\t\t\t<div class=\"elementor-element elementor-element-5a6c523 elementor-widget elementor-widget-text-editor\" data-id=\"5a6c523\" data-element_type=\"widget\" data-e-type=\"widget\" data-widget_type=\"text-editor.default\">\n\t\t\t\t\t\t\t\t\t<p>Bike rail with ratchet wheel chocks<\/p>\t\t\t\t\t\t\t\t<\/div>\n\t\t\t\t<\/div>\n\t\t<div class=\"elementor-element elementor-element-edf9a39 e-con-full e-flex e-con e-child\" data-id=\"edf9a39\" data-element_type=\"container\" data-e-type=\"container\" data-settings=\"{&quot;background_background&quot;:&quot;classic&quot;}\">\n\t\t\t\t<div class=\"elementor-element elementor-element-b477da0 elementor-widget elementor-widget-image\" data-id=\"b477da0\" data-element_type=\"widget\" data-e-type=\"widget\" data-widget_type=\"image.default\">\n\t\t\t\t\t\t\t\t\t\t\t\t\t\t\t<img fetchpriority=\"high\" decoding=\"async\" width=\"400\" height=\"200\" src=\"https:\/\/mecatek.eu\/wp-content\/uploads\/2025\/11\/Logo-arrimage-fixation.png\" class=\"attachment-full size-full wp-image-1063\" alt=\"\" \/>\t\t\t\t\t\t\t\t\t\t\t\t\t\t\t<\/div>\n\t\t\t\t<div class=\"elementor-element elementor-element-52c6141 elementor-widget elementor-widget-text-editor\" data-id=\"52c6141\" data-element_type=\"widget\" data-e-type=\"widget\" data-widget_type=\"text-editor.default\">\n\t\t\t\t\t\t\t\t\t<p><strong>Information :<br \/><\/strong>Please contact us for any specific requirements.<\/p>\t\t\t\t\t\t\t\t<\/div>\n\t\t\t\t<\/div>\n\t\t\t\t<\/div>\n\t\t\t\t\t<\/div>\n\t\t\t\t<\/div>\n\t\t\t\t<\/div>","protected":false},"excerpt":{"rendered":"<p>Accessoires de fixation pour v\u00e9lo Rail v\u00e9lo avec cales-roues \u00e0 cliquet Information : Nous consulter pour toute demande sp\u00e9cifique.<\/p>","protected":false},"featured_media":1775,"comment_status":"closed","ping_status":"closed","template":"","meta":[],"product_brand":[],"product_cat":[88],"product_tag":[],"class_list":{"0":"post-1774","1":"product","2":"type-product","3":"status-publish","4":"has-post-thumbnail","6":"product_cat-arrimage-et-fixation-special-velos","8":"first","9":"instock","10":"shipping-taxable","11":"product-type-simple"},"yoast_head":"<!-- This site is optimized with the Yoast SEO plugin v26.9 - https:\/\/yoast.com\/product\/yoast-seo-wordpress\/ -->\n<title>Rail v\u00e9lo avec cales-roues \u00e0 cliquet - Mecatek (ex-Sawiko France)<\/title>\n<meta name=\"description\" content=\"Installez simplement et rapidement votre v\u00e9lo sur le rail v\u00e9lo \u00e9quip\u00e9 de cales-roues \u00e0 cliquet.\" \/>\n<meta name=\"robots\" content=\"index, follow, max-snippet:-1, max-image-preview:large, max-video-preview:-1\" \/>\n<link rel=\"canonical\" href=\"https:\/\/mecatek.eu\/en\/product\/bicycle-rail-with-ratchet-wheel-chocks\/\" \/>\n<meta property=\"og:locale\" content=\"en_GB\" \/>\n<meta property=\"og:type\" content=\"article\" \/>\n<meta property=\"og:title\" content=\"Rail v\u00e9lo avec cales-roues \u00e0 cliquet - Mecatek (ex-Sawiko France)\" \/>\n<meta property=\"og:description\" content=\"Installez simplement et rapidement votre v\u00e9lo sur le rail v\u00e9lo \u00e9quip\u00e9 de cales-roues \u00e0 cliquet.\" \/>\n<meta property=\"og:url\" content=\"https:\/\/mecatek.eu\/en\/product\/bicycle-rail-with-ratchet-wheel-chocks\/\" \/>\n<meta property=\"og:site_name\" content=\"Mecatek (ex-Sawiko France)\" \/>\n<meta property=\"article:modified_time\" content=\"2026-01-26T17:15:50+00:00\" \/>\n<meta property=\"og:image\" content=\"http:\/\/mecatek.eu\/wp-content\/uploads\/2025\/12\/rail-velo-avec-cales-roues-a-cliquet-1.jpg\" \/>\n\t<meta property=\"og:image:width\" content=\"800\" \/>\n\t<meta property=\"og:image:height\" content=\"800\" \/>\n\t<meta property=\"og:image:type\" content=\"image\/jpeg\" \/>\n<meta name=\"twitter:card\" content=\"summary_large_image\" \/>\n<meta name=\"twitter:label1\" content=\"Estimated reading time\" \/>\n\t<meta name=\"twitter:data1\" content=\"1 minute\" \/>\n<script type=\"application\/ld+json\" class=\"yoast-schema-graph\">{\"@context\":\"https:\/\/schema.org\",\"@graph\":[{\"@type\":\"WebPage\",\"@id\":\"https:\/\/mecatek.eu\/produit\/rail-velo-avec-cales-roues-a-cliquet\/\",\"url\":\"https:\/\/mecatek.eu\/produit\/rail-velo-avec-cales-roues-a-cliquet\/\",\"name\":\"Rail v\u00e9lo avec cales-roues \u00e0 cliquet - Mecatek (ex-Sawiko France)\",\"isPartOf\":{\"@id\":\"https:\/\/mecatek.eu\/#website\"},\"primaryImageOfPage\":{\"@id\":\"https:\/\/mecatek.eu\/produit\/rail-velo-avec-cales-roues-a-cliquet\/#primaryimage\"},\"image\":{\"@id\":\"https:\/\/mecatek.eu\/produit\/rail-velo-avec-cales-roues-a-cliquet\/#primaryimage\"},\"thumbnailUrl\":\"https:\/\/mecatek.eu\/wp-content\/uploads\/2025\/12\/rail-velo-avec-cales-roues-a-cliquet-1.jpg\",\"datePublished\":\"2025-11-30T10:45:00+00:00\",\"dateModified\":\"2026-01-26T17:15:50+00:00\",\"description\":\"Installez simplement et rapidement votre v\u00e9lo sur le rail v\u00e9lo \u00e9quip\u00e9 de cales-roues \u00e0 cliquet.\",\"breadcrumb\":{\"@id\":\"https:\/\/mecatek.eu\/produit\/rail-velo-avec-cales-roues-a-cliquet\/#breadcrumb\"},\"inLanguage\":\"en-GB\",\"potentialAction\":[{\"@type\":\"ReadAction\",\"target\":[\"https:\/\/mecatek.eu\/produit\/rail-velo-avec-cales-roues-a-cliquet\/\"]}]},{\"@type\":\"ImageObject\",\"inLanguage\":\"en-GB\",\"@id\":\"https:\/\/mecatek.eu\/produit\/rail-velo-avec-cales-roues-a-cliquet\/#primaryimage\",\"url\":\"https:\/\/mecatek.eu\/wp-content\/uploads\/2025\/12\/rail-velo-avec-cales-roues-a-cliquet-1.jpg\",\"contentUrl\":\"https:\/\/mecatek.eu\/wp-content\/uploads\/2025\/12\/rail-velo-avec-cales-roues-a-cliquet-1.jpg\",\"width\":800,\"height\":800,\"caption\":\"Rail v\u00e9lo avec cales-roues \u00e0 cliquet\"},{\"@type\":\"BreadcrumbList\",\"@id\":\"https:\/\/mecatek.eu\/produit\/rail-velo-avec-cales-roues-a-cliquet\/#breadcrumb\",\"itemListElement\":[{\"@type\":\"ListItem\",\"position\":1,\"name\":\"Accueil\",\"item\":\"https:\/\/mecatek.eu\/\"},{\"@type\":\"ListItem\",\"position\":2,\"name\":\"Catalogue\",\"item\":\"https:\/\/mecatek.eu\/catalogue\/\"},{\"@type\":\"ListItem\",\"position\":3,\"name\":\"Rail v\u00e9lo avec cales-roues \u00e0 cliquet\"}]},{\"@type\":\"WebSite\",\"@id\":\"https:\/\/mecatek.eu\/#website\",\"url\":\"https:\/\/mecatek.eu\/\",\"name\":\"Mecatek (ex-Sawiko France)\",\"description\":\"Fabricant d&#039;attelages pour camping-car et fourgon - Mecatek\",\"publisher\":{\"@id\":\"https:\/\/mecatek.eu\/#organization\"},\"potentialAction\":[{\"@type\":\"SearchAction\",\"target\":{\"@type\":\"EntryPoint\",\"urlTemplate\":\"https:\/\/mecatek.eu\/?s={search_term_string}\"},\"query-input\":{\"@type\":\"PropertyValueSpecification\",\"valueRequired\":true,\"valueName\":\"search_term_string\"}}],\"inLanguage\":\"en-GB\"},{\"@type\":\"Organization\",\"@id\":\"https:\/\/mecatek.eu\/#organization\",\"name\":\"Mecatek (ex-Sawiko France)\",\"url\":\"https:\/\/mecatek.eu\/\",\"logo\":{\"@type\":\"ImageObject\",\"inLanguage\":\"en-GB\",\"@id\":\"https:\/\/mecatek.eu\/#\/schema\/logo\/image\/\",\"url\":\"http:\/\/mecatek.eu\/wp-content\/uploads\/2026\/01\/Logo-Mecatek-Solutions-techniques-2025-300px.png\",\"contentUrl\":\"http:\/\/mecatek.eu\/wp-content\/uploads\/2026\/01\/Logo-Mecatek-Solutions-techniques-2025-300px.png\",\"width\":400,\"height\":94,\"caption\":\"Mecatek (ex-Sawiko France)\"},\"image\":{\"@id\":\"https:\/\/mecatek.eu\/#\/schema\/logo\/image\/\"}}]}<\/script>\n<!-- \/ Yoast SEO plugin. -->","yoast_head_json":{"title":"Bicycle rail with ratchet wheel chocks - Mecatek (ex-Sawiko France)","description":"Install your bike quickly and easily on the bike rail fitted with ratchet wheel chocks.","robots":{"index":"index","follow":"follow","max-snippet":"max-snippet:-1","max-image-preview":"max-image-preview:large","max-video-preview":"max-video-preview:-1"},"canonical":"https:\/\/mecatek.eu\/en\/product\/bicycle-rail-with-ratchet-wheel-chocks\/","og_locale":"en_GB","og_type":"article","og_title":"Rail v\u00e9lo avec cales-roues \u00e0 cliquet - Mecatek (ex-Sawiko France)","og_description":"Installez simplement et rapidement votre v\u00e9lo sur le rail v\u00e9lo \u00e9quip\u00e9 de cales-roues \u00e0 cliquet.","og_url":"https:\/\/mecatek.eu\/en\/product\/bicycle-rail-with-ratchet-wheel-chocks\/","og_site_name":"Mecatek (ex-Sawiko France)","article_modified_time":"2026-01-26T17:15:50+00:00","og_image":[{"width":800,"height":800,"url":"http:\/\/mecatek.eu\/wp-content\/uploads\/2025\/12\/rail-velo-avec-cales-roues-a-cliquet-1.jpg","type":"image\/jpeg"}],"twitter_card":"summary_large_image","twitter_misc":{"Estimated reading time":"1 minute"},"schema":{"@context":"https:\/\/schema.org","@graph":[{"@type":"WebPage","@id":"https:\/\/mecatek.eu\/produit\/rail-velo-avec-cales-roues-a-cliquet\/","url":"https:\/\/mecatek.eu\/produit\/rail-velo-avec-cales-roues-a-cliquet\/","name":"Bicycle rail with ratchet wheel chocks - Mecatek (ex-Sawiko France)","isPartOf":{"@id":"https:\/\/mecatek.eu\/#website"},"primaryImageOfPage":{"@id":"https:\/\/mecatek.eu\/produit\/rail-velo-avec-cales-roues-a-cliquet\/#primaryimage"},"image":{"@id":"https:\/\/mecatek.eu\/produit\/rail-velo-avec-cales-roues-a-cliquet\/#primaryimage"},"thumbnailUrl":"https:\/\/mecatek.eu\/wp-content\/uploads\/2025\/12\/rail-velo-avec-cales-roues-a-cliquet-1.jpg","datePublished":"2025-11-30T10:45:00+00:00","dateModified":"2026-01-26T17:15:50+00:00","description":"Install your bike quickly and easily on the bike rail fitted with ratchet wheel chocks.","breadcrumb":{"@id":"https:\/\/mecatek.eu\/produit\/rail-velo-avec-cales-roues-a-cliquet\/#breadcrumb"},"inLanguage":"en-GB","potentialAction":[{"@type":"ReadAction","target":["https:\/\/mecatek.eu\/produit\/rail-velo-avec-cales-roues-a-cliquet\/"]}]},{"@type":"ImageObject","inLanguage":"en-GB","@id":"https:\/\/mecatek.eu\/produit\/rail-velo-avec-cales-roues-a-cliquet\/#primaryimage","url":"https:\/\/mecatek.eu\/wp-content\/uploads\/2025\/12\/rail-velo-avec-cales-roues-a-cliquet-1.jpg","contentUrl":"https:\/\/mecatek.eu\/wp-content\/uploads\/2025\/12\/rail-velo-avec-cales-roues-a-cliquet-1.jpg","width":800,"height":800,"caption":"Rail v\u00e9lo avec cales-roues \u00e0 cliquet"},{"@type":"BreadcrumbList","@id":"https:\/\/mecatek.eu\/produit\/rail-velo-avec-cales-roues-a-cliquet\/#breadcrumb","itemListElement":[{"@type":"ListItem","position":1,"name":"Accueil","item":"https:\/\/mecatek.eu\/"},{"@type":"ListItem","position":2,"name":"Catalogue","item":"https:\/\/mecatek.eu\/catalogue\/"},{"@type":"ListItem","position":3,"name":"Rail v\u00e9lo avec cales-roues \u00e0 cliquet"}]},{"@type":"WebSite","@id":"https:\/\/mecatek.eu\/#website","url":"https:\/\/mecatek.eu\/","name":"Mecatek (formerly Sawiko France)","description":"Manufacturer of towbars for motorhomes and vans - Mecatek","publisher":{"@id":"https:\/\/mecatek.eu\/#organization"},"potentialAction":[{"@type":"SearchAction","target":{"@type":"EntryPoint","urlTemplate":"https:\/\/mecatek.eu\/?s={search_term_string}"},"query-input":{"@type":"PropertyValueSpecification","valueRequired":true,"valueName":"search_term_string"}}],"inLanguage":"en-GB"},{"@type":"Organization","@id":"https:\/\/mecatek.eu\/#organization","name":"Mecatek (formerly Sawiko France)","url":"https:\/\/mecatek.eu\/","logo":{"@type":"ImageObject","inLanguage":"en-GB","@id":"https:\/\/mecatek.eu\/#\/schema\/logo\/image\/","url":"http:\/\/mecatek.eu\/wp-content\/uploads\/2026\/01\/Logo-Mecatek-Solutions-techniques-2025-300px.png","contentUrl":"http:\/\/mecatek.eu\/wp-content\/uploads\/2026\/01\/Logo-Mecatek-Solutions-techniques-2025-300px.png","width":400,"height":94,"caption":"Mecatek (ex-Sawiko France)"},"image":{"@id":"https:\/\/mecatek.eu\/#\/schema\/logo\/image\/"}}]}},"_links":{"self":[{"href":"https:\/\/mecatek.eu\/en\/wp-json\/wp\/v2\/product\/1774","targetHints":{"allow":["GET"]}}],"collection":[{"href":"https:\/\/mecatek.eu\/en\/wp-json\/wp\/v2\/product"}],"about":[{"href":"https:\/\/mecatek.eu\/en\/wp-json\/wp\/v2\/types\/product"}],"replies":[{"embeddable":true,"href":"https:\/\/mecatek.eu\/en\/wp-json\/wp\/v2\/comments?post=1774"}],"version-history":[{"count":5,"href":"https:\/\/mecatek.eu\/en\/wp-json\/wp\/v2\/product\/1774\/revisions"}],"predecessor-version":[{"id":2568,"href":"https:\/\/mecatek.eu\/en\/wp-json\/wp\/v2\/product\/1774\/revisions\/2568"}],"wp:featuredmedia":[{"embeddable":true,"href":"https:\/\/mecatek.eu\/en\/wp-json\/wp\/v2\/media\/1775"}],"wp:attachment":[{"href":"https:\/\/mecatek.eu\/en\/wp-json\/wp\/v2\/media?parent=1774"}],"wp:term":[{"taxonomy":"product_brand","embeddable":true,"href":"https:\/\/mecatek.eu\/en\/wp-json\/wp\/v2\/product_brand?post=1774"},{"taxonomy":"product_cat","embeddable":true,"href":"https:\/\/mecatek.eu\/en\/wp-json\/wp\/v2\/product_cat?post=1774"},{"taxonomy":"product_tag","embeddable":true,"href":"https:\/\/mecatek.eu\/en\/wp-json\/wp\/v2\/product_tag?post=1774"}],"curies":[{"name":"wp","href":"https:\/\/api.w.org\/{rel}","templated":true}]}}