{"id":1726,"date":"2025-11-27T15:00:59","date_gmt":"2025-11-27T14:00:59","guid":{"rendered":"https:\/\/mecatek.eu\/?post_type=product&#038;p=1726"},"modified":"2026-01-24T13:54:39","modified_gmt":"2026-01-24T12:54:39","slug":"securing-and-fastening-special-motorbike-and-scooter-additional-options","status":"publish","type":"product","link":"https:\/\/mecatek.eu\/en\/product\/securing-and-fastening-special-motorbike-and-scooter-additional-options\/","title":{"rendered":"Lashing and securing for motorbikes and scooters : Additional options"},"content":{"rendered":"<div data-elementor-type=\"product-post\" data-elementor-id=\"1726\" class=\"elementor elementor-1726\" data-elementor-post-type=\"product\">\n\t\t\t\t<div class=\"elementor-element elementor-element-4eec281f e-flex e-con-boxed e-con e-parent\" data-id=\"4eec281f\" data-element_type=\"container\" data-e-type=\"container\">\n\t\t\t\t\t<div class=\"e-con-inner\">\n\t\t<div class=\"elementor-element elementor-element-2e924cd e-con-full e-flex e-con e-child\" data-id=\"2e924cd\" data-element_type=\"container\" data-e-type=\"container\">\n\t\t<div class=\"elementor-element elementor-element-88acf0d e-con-full e-flex e-con e-child\" data-id=\"88acf0d\" data-element_type=\"container\" data-e-type=\"container\">\n\t\t\t\t<div class=\"elementor-element elementor-element-018bb94 elementor-widget elementor-widget-text-editor\" data-id=\"018bb94\" data-element_type=\"widget\" data-e-type=\"widget\" data-widget_type=\"text-editor.default\">\n\t\t\t\t\t\t\t\t\t<h2 class=\"product_title entry-title\">Additional options for securing motorbikes or scooters :<\/h2>\t\t\t\t\t\t\t\t<\/div>\n\t\t\t\t<div class=\"elementor-element elementor-element-6e0869c elementor-widget elementor-widget-text-editor\" data-id=\"6e0869c\" data-element_type=\"widget\" data-e-type=\"widget\" data-widget_type=\"text-editor.default\">\n\t\t\t\t\t\t\t\t\t<p><strong>Also available:<\/strong><\/p><ul><li>plastic wheel chock<\/li><li>aluminium wheel chock<\/li><li>anti-theft clip<\/li><li>lock for anti-theft pliers<\/li><\/ul>\t\t\t\t\t\t\t\t<\/div>\n\t\t\t\t<\/div>\n\t\t<div class=\"elementor-element elementor-element-6a83ce0 e-con-full e-flex e-con e-child\" data-id=\"6a83ce0\" data-element_type=\"container\" data-e-type=\"container\" data-settings=\"{&quot;background_background&quot;:&quot;classic&quot;}\">\n\t\t\t\t<div class=\"elementor-element elementor-element-8492f70 elementor-widget elementor-widget-image\" data-id=\"8492f70\" data-element_type=\"widget\" data-e-type=\"widget\" data-widget_type=\"image.default\">\n\t\t\t\t\t\t\t\t\t\t\t\t\t\t\t<img fetchpriority=\"high\" decoding=\"async\" width=\"400\" height=\"200\" src=\"https:\/\/mecatek.eu\/wp-content\/uploads\/2025\/12\/Logo-Marque-Sawiko-de.png\" class=\"attachment-full size-full wp-image-1013\" alt=\"Sawiko logo\" \/>\t\t\t\t\t\t\t\t\t\t\t\t\t\t\t<\/div>\n\t\t\t\t<div class=\"elementor-element elementor-element-1ccc63e elementor-widget elementor-widget-text-editor\" data-id=\"1ccc63e\" data-element_type=\"widget\" data-e-type=\"widget\" data-widget_type=\"text-editor.default\">\n\t\t\t\t\t\t\t\t\t<p><strong>Technical data :<br \/><\/strong>For motorbikes and scooters<\/p>\t\t\t\t\t\t\t\t<\/div>\n\t\t\t\t<\/div>\n\t\t\t\t<\/div>\n\t\t\t\t\t<\/div>\n\t\t\t\t<\/div>\n\t\t\t\t<\/div>","protected":false},"excerpt":{"rendered":"<p>Options suppl\u00e9mentaires pour\u00a0arrimage et fixation de motos ou scooters : Sont \u00e9galement disponibles : cale plastique pour roue cale aluminium pour roue pince anti-vol serrure pour pince anti-vol Donn\u00e9es techniques : Pour motos et scooters<\/p>","protected":false},"featured_media":1727,"comment_status":"closed","ping_status":"closed","template":"","meta":[],"product_brand":[68],"product_cat":[87],"product_tag":[],"class_list":{"0":"post-1726","1":"product","2":"type-product","3":"status-publish","4":"has-post-thumbnail","6":"product_brand-sawiko","7":"product_cat-arrimage-et-fixation-special-moto-et-scooter","9":"first","10":"instock","11":"shipping-taxable","12":"product-type-simple"},"yoast_head":"<!-- This site is optimized with the Yoast SEO plugin v26.9 - https:\/\/yoast.com\/product\/yoast-seo-wordpress\/ -->\n<title>Arrimage et fixation sp\u00e9cial moto et scooter : Options suppl\u00e9mentaires - Mecatek (ex-Sawiko France)<\/title>\n<meta name=\"description\" content=\"Gr\u00e2ce aux options suppl\u00e9mentaires d&#039;arrimage et de fixation sp\u00e9cial moto et scooter (cale de roue, serrure et pince anti-vol, ...) voyagez en toute s\u00e9curit\u00e9 !\" \/>\n<meta name=\"robots\" content=\"index, follow, max-snippet:-1, max-image-preview:large, max-video-preview:-1\" \/>\n<link rel=\"canonical\" href=\"https:\/\/mecatek.eu\/en\/product\/securing-and-fastening-special-motorbike-and-scooter-additional-options\/\" \/>\n<meta property=\"og:locale\" content=\"en_GB\" \/>\n<meta property=\"og:type\" content=\"article\" \/>\n<meta property=\"og:title\" content=\"Arrimage et fixation sp\u00e9cial moto et scooter : Options suppl\u00e9mentaires - Mecatek (ex-Sawiko France)\" \/>\n<meta property=\"og:description\" content=\"Gr\u00e2ce aux options suppl\u00e9mentaires d&#039;arrimage et de fixation sp\u00e9cial moto et scooter (cale de roue, serrure et pince anti-vol, ...) voyagez en toute s\u00e9curit\u00e9 !\" \/>\n<meta property=\"og:url\" content=\"https:\/\/mecatek.eu\/en\/product\/securing-and-fastening-special-motorbike-and-scooter-additional-options\/\" \/>\n<meta property=\"og:site_name\" content=\"Mecatek (ex-Sawiko France)\" \/>\n<meta property=\"article:modified_time\" content=\"2026-01-24T12:54:39+00:00\" \/>\n<meta property=\"og:image\" content=\"http:\/\/mecatek.eu\/wp-content\/uploads\/2025\/12\/options-supplementaires-1.jpg\" \/>\n\t<meta property=\"og:image:width\" content=\"800\" \/>\n\t<meta property=\"og:image:height\" content=\"800\" \/>\n\t<meta property=\"og:image:type\" content=\"image\/jpeg\" \/>\n<meta name=\"twitter:card\" content=\"summary_large_image\" \/>\n<meta name=\"twitter:label1\" content=\"Estimated reading time\" \/>\n\t<meta name=\"twitter:data1\" content=\"1 minute\" \/>\n<script type=\"application\/ld+json\" class=\"yoast-schema-graph\">{\"@context\":\"https:\/\/schema.org\",\"@graph\":[{\"@type\":\"WebPage\",\"@id\":\"https:\/\/mecatek.eu\/produit\/arrimage-et-fixation-special-moto-et-scooter-options-supplementaires\/\",\"url\":\"https:\/\/mecatek.eu\/produit\/arrimage-et-fixation-special-moto-et-scooter-options-supplementaires\/\",\"name\":\"Arrimage et fixation sp\u00e9cial moto et scooter : Options suppl\u00e9mentaires - Mecatek (ex-Sawiko France)\",\"isPartOf\":{\"@id\":\"https:\/\/mecatek.eu\/#website\"},\"primaryImageOfPage\":{\"@id\":\"https:\/\/mecatek.eu\/produit\/arrimage-et-fixation-special-moto-et-scooter-options-supplementaires\/#primaryimage\"},\"image\":{\"@id\":\"https:\/\/mecatek.eu\/produit\/arrimage-et-fixation-special-moto-et-scooter-options-supplementaires\/#primaryimage\"},\"thumbnailUrl\":\"https:\/\/mecatek.eu\/wp-content\/uploads\/2025\/12\/options-supplementaires-1.jpg\",\"datePublished\":\"2025-11-27T14:00:59+00:00\",\"dateModified\":\"2026-01-24T12:54:39+00:00\",\"description\":\"Gr\u00e2ce aux options suppl\u00e9mentaires d'arrimage et de fixation sp\u00e9cial moto et scooter (cale de roue, serrure et pince anti-vol, ...) voyagez en toute s\u00e9curit\u00e9 !\",\"breadcrumb\":{\"@id\":\"https:\/\/mecatek.eu\/produit\/arrimage-et-fixation-special-moto-et-scooter-options-supplementaires\/#breadcrumb\"},\"inLanguage\":\"en-GB\",\"potentialAction\":[{\"@type\":\"ReadAction\",\"target\":[\"https:\/\/mecatek.eu\/produit\/arrimage-et-fixation-special-moto-et-scooter-options-supplementaires\/\"]}]},{\"@type\":\"ImageObject\",\"inLanguage\":\"en-GB\",\"@id\":\"https:\/\/mecatek.eu\/produit\/arrimage-et-fixation-special-moto-et-scooter-options-supplementaires\/#primaryimage\",\"url\":\"https:\/\/mecatek.eu\/wp-content\/uploads\/2025\/12\/options-supplementaires-1.jpg\",\"contentUrl\":\"https:\/\/mecatek.eu\/wp-content\/uploads\/2025\/12\/options-supplementaires-1.jpg\",\"width\":800,\"height\":800,\"caption\":\"Arrimage et fixation sp\u00e9cial moto et scooter : Options suppl\u00e9mentaires\"},{\"@type\":\"BreadcrumbList\",\"@id\":\"https:\/\/mecatek.eu\/produit\/arrimage-et-fixation-special-moto-et-scooter-options-supplementaires\/#breadcrumb\",\"itemListElement\":[{\"@type\":\"ListItem\",\"position\":1,\"name\":\"Accueil\",\"item\":\"https:\/\/mecatek.eu\/\"},{\"@type\":\"ListItem\",\"position\":2,\"name\":\"Catalogue\",\"item\":\"https:\/\/mecatek.eu\/catalogue\/\"},{\"@type\":\"ListItem\",\"position\":3,\"name\":\"Arrimage et fixation sp\u00e9cial moto et scooter : Options suppl\u00e9mentaires\"}]},{\"@type\":\"WebSite\",\"@id\":\"https:\/\/mecatek.eu\/#website\",\"url\":\"https:\/\/mecatek.eu\/\",\"name\":\"Mecatek (ex-Sawiko France)\",\"description\":\"Fabricant d&#039;attelages pour camping-car et fourgon - Mecatek\",\"publisher\":{\"@id\":\"https:\/\/mecatek.eu\/#organization\"},\"potentialAction\":[{\"@type\":\"SearchAction\",\"target\":{\"@type\":\"EntryPoint\",\"urlTemplate\":\"https:\/\/mecatek.eu\/?s={search_term_string}\"},\"query-input\":{\"@type\":\"PropertyValueSpecification\",\"valueRequired\":true,\"valueName\":\"search_term_string\"}}],\"inLanguage\":\"en-GB\"},{\"@type\":\"Organization\",\"@id\":\"https:\/\/mecatek.eu\/#organization\",\"name\":\"Mecatek (ex-Sawiko France)\",\"url\":\"https:\/\/mecatek.eu\/\",\"logo\":{\"@type\":\"ImageObject\",\"inLanguage\":\"en-GB\",\"@id\":\"https:\/\/mecatek.eu\/#\/schema\/logo\/image\/\",\"url\":\"http:\/\/mecatek.eu\/wp-content\/uploads\/2026\/01\/Logo-Mecatek-Solutions-techniques-2025-300px.png\",\"contentUrl\":\"http:\/\/mecatek.eu\/wp-content\/uploads\/2026\/01\/Logo-Mecatek-Solutions-techniques-2025-300px.png\",\"width\":400,\"height\":94,\"caption\":\"Mecatek (ex-Sawiko France)\"},\"image\":{\"@id\":\"https:\/\/mecatek.eu\/#\/schema\/logo\/image\/\"}}]}<\/script>\n<!-- \/ Yoast SEO plugin. -->","yoast_head_json":{"title":"Lashing and fastening systems for motorbikes and scooters : Additional options - Mecatek (ex-Sawiko France)","description":"Thanks to the additional securing and fastening options available for motorbikes and scooters (wheel chock, anti-theft lock and clamp, etc.), you can travel in complete safety!","robots":{"index":"index","follow":"follow","max-snippet":"max-snippet:-1","max-image-preview":"max-image-preview:large","max-video-preview":"max-video-preview:-1"},"canonical":"https:\/\/mecatek.eu\/en\/product\/securing-and-fastening-special-motorbike-and-scooter-additional-options\/","og_locale":"en_GB","og_type":"article","og_title":"Arrimage et fixation sp\u00e9cial moto et scooter : Options suppl\u00e9mentaires - Mecatek (ex-Sawiko France)","og_description":"Gr\u00e2ce aux options suppl\u00e9mentaires d'arrimage et de fixation sp\u00e9cial moto et scooter (cale de roue, serrure et pince anti-vol, ...) voyagez en toute s\u00e9curit\u00e9 !","og_url":"https:\/\/mecatek.eu\/en\/product\/securing-and-fastening-special-motorbike-and-scooter-additional-options\/","og_site_name":"Mecatek (ex-Sawiko France)","article_modified_time":"2026-01-24T12:54:39+00:00","og_image":[{"width":800,"height":800,"url":"http:\/\/mecatek.eu\/wp-content\/uploads\/2025\/12\/options-supplementaires-1.jpg","type":"image\/jpeg"}],"twitter_card":"summary_large_image","twitter_misc":{"Estimated reading time":"1 minute"},"schema":{"@context":"https:\/\/schema.org","@graph":[{"@type":"WebPage","@id":"https:\/\/mecatek.eu\/produit\/arrimage-et-fixation-special-moto-et-scooter-options-supplementaires\/","url":"https:\/\/mecatek.eu\/produit\/arrimage-et-fixation-special-moto-et-scooter-options-supplementaires\/","name":"Lashing and fastening systems for motorbikes and scooters : Additional options - Mecatek (ex-Sawiko France)","isPartOf":{"@id":"https:\/\/mecatek.eu\/#website"},"primaryImageOfPage":{"@id":"https:\/\/mecatek.eu\/produit\/arrimage-et-fixation-special-moto-et-scooter-options-supplementaires\/#primaryimage"},"image":{"@id":"https:\/\/mecatek.eu\/produit\/arrimage-et-fixation-special-moto-et-scooter-options-supplementaires\/#primaryimage"},"thumbnailUrl":"https:\/\/mecatek.eu\/wp-content\/uploads\/2025\/12\/options-supplementaires-1.jpg","datePublished":"2025-11-27T14:00:59+00:00","dateModified":"2026-01-24T12:54:39+00:00","description":"Thanks to the additional securing and fastening options available for motorbikes and scooters (wheel chock, anti-theft lock and clamp, etc.), you can travel in complete safety!","breadcrumb":{"@id":"https:\/\/mecatek.eu\/produit\/arrimage-et-fixation-special-moto-et-scooter-options-supplementaires\/#breadcrumb"},"inLanguage":"en-GB","potentialAction":[{"@type":"ReadAction","target":["https:\/\/mecatek.eu\/produit\/arrimage-et-fixation-special-moto-et-scooter-options-supplementaires\/"]}]},{"@type":"ImageObject","inLanguage":"en-GB","@id":"https:\/\/mecatek.eu\/produit\/arrimage-et-fixation-special-moto-et-scooter-options-supplementaires\/#primaryimage","url":"https:\/\/mecatek.eu\/wp-content\/uploads\/2025\/12\/options-supplementaires-1.jpg","contentUrl":"https:\/\/mecatek.eu\/wp-content\/uploads\/2025\/12\/options-supplementaires-1.jpg","width":800,"height":800,"caption":"Arrimage et fixation sp\u00e9cial moto et scooter : Options suppl\u00e9mentaires"},{"@type":"BreadcrumbList","@id":"https:\/\/mecatek.eu\/produit\/arrimage-et-fixation-special-moto-et-scooter-options-supplementaires\/#breadcrumb","itemListElement":[{"@type":"ListItem","position":1,"name":"Accueil","item":"https:\/\/mecatek.eu\/"},{"@type":"ListItem","position":2,"name":"Catalogue","item":"https:\/\/mecatek.eu\/catalogue\/"},{"@type":"ListItem","position":3,"name":"Arrimage et fixation sp\u00e9cial moto et scooter : Options suppl\u00e9mentaires"}]},{"@type":"WebSite","@id":"https:\/\/mecatek.eu\/#website","url":"https:\/\/mecatek.eu\/","name":"Mecatek (formerly Sawiko France)","description":"Manufacturer of towbars for motorhomes and vans - Mecatek","publisher":{"@id":"https:\/\/mecatek.eu\/#organization"},"potentialAction":[{"@type":"SearchAction","target":{"@type":"EntryPoint","urlTemplate":"https:\/\/mecatek.eu\/?s={search_term_string}"},"query-input":{"@type":"PropertyValueSpecification","valueRequired":true,"valueName":"search_term_string"}}],"inLanguage":"en-GB"},{"@type":"Organization","@id":"https:\/\/mecatek.eu\/#organization","name":"Mecatek (formerly Sawiko France)","url":"https:\/\/mecatek.eu\/","logo":{"@type":"ImageObject","inLanguage":"en-GB","@id":"https:\/\/mecatek.eu\/#\/schema\/logo\/image\/","url":"http:\/\/mecatek.eu\/wp-content\/uploads\/2026\/01\/Logo-Mecatek-Solutions-techniques-2025-300px.png","contentUrl":"http:\/\/mecatek.eu\/wp-content\/uploads\/2026\/01\/Logo-Mecatek-Solutions-techniques-2025-300px.png","width":400,"height":94,"caption":"Mecatek (ex-Sawiko France)"},"image":{"@id":"https:\/\/mecatek.eu\/#\/schema\/logo\/image\/"}}]}},"_links":{"self":[{"href":"https:\/\/mecatek.eu\/en\/wp-json\/wp\/v2\/product\/1726","targetHints":{"allow":["GET"]}}],"collection":[{"href":"https:\/\/mecatek.eu\/en\/wp-json\/wp\/v2\/product"}],"about":[{"href":"https:\/\/mecatek.eu\/en\/wp-json\/wp\/v2\/types\/product"}],"replies":[{"embeddable":true,"href":"https:\/\/mecatek.eu\/en\/wp-json\/wp\/v2\/comments?post=1726"}],"version-history":[{"count":5,"href":"https:\/\/mecatek.eu\/en\/wp-json\/wp\/v2\/product\/1726\/revisions"}],"predecessor-version":[{"id":1736,"href":"https:\/\/mecatek.eu\/en\/wp-json\/wp\/v2\/product\/1726\/revisions\/1736"}],"wp:featuredmedia":[{"embeddable":true,"href":"https:\/\/mecatek.eu\/en\/wp-json\/wp\/v2\/media\/1727"}],"wp:attachment":[{"href":"https:\/\/mecatek.eu\/en\/wp-json\/wp\/v2\/media?parent=1726"}],"wp:term":[{"taxonomy":"product_brand","embeddable":true,"href":"https:\/\/mecatek.eu\/en\/wp-json\/wp\/v2\/product_brand?post=1726"},{"taxonomy":"product_cat","embeddable":true,"href":"https:\/\/mecatek.eu\/en\/wp-json\/wp\/v2\/product_cat?post=1726"},{"taxonomy":"product_tag","embeddable":true,"href":"https:\/\/mecatek.eu\/en\/wp-json\/wp\/v2\/product_tag?post=1726"}],"curies":[{"name":"wp","href":"https:\/\/api.w.org\/{rel}","templated":true}]}}