{"id":1696,"date":"2025-11-23T17:32:49","date_gmt":"2025-11-23T16:32:49","guid":{"rendered":"https:\/\/mecatek.eu\/?post_type=product&#038;p=1696"},"modified":"2026-01-26T15:02:14","modified_gmt":"2026-01-26T14:02:14","slug":"lighting-strip-with-electrical-wiring-for-e-bike-and-line-range","status":"publish","type":"product","link":"https:\/\/mecatek.eu\/en\/product\/lighting-strip-with-electrical-wiring-for-e-bike-and-line-range\/","title":{"rendered":"Lighting strip with electrical wiring for E-Bike and Line range"},"content":{"rendered":"<div data-elementor-type=\"product-post\" data-elementor-id=\"1696\" class=\"elementor elementor-1696\" data-elementor-post-type=\"product\">\n\t\t\t\t<div class=\"elementor-element elementor-element-19a89b18 e-flex e-con-boxed e-con e-parent\" data-id=\"19a89b18\" data-element_type=\"container\" data-e-type=\"container\">\n\t\t\t\t\t<div class=\"e-con-inner\">\n\t\t<div class=\"elementor-element elementor-element-e6e1af1 e-con-full e-flex e-con e-child\" data-id=\"e6e1af1\" data-element_type=\"container\" data-e-type=\"container\">\n\t\t<div class=\"elementor-element elementor-element-e9528ca e-con-full e-flex e-con e-child\" data-id=\"e9528ca\" data-element_type=\"container\" data-e-type=\"container\">\n\t\t\t\t<div class=\"elementor-element elementor-element-17606e3 elementor-widget elementor-widget-text-editor\" data-id=\"17606e3\" data-element_type=\"widget\" data-e-type=\"widget\" data-widget_type=\"text-editor.default\">\n\t\t\t\t\t\t\t\t\t<h2>Light strip for E-bike and Line range bike carriers<\/h2>\t\t\t\t\t\t\t\t<\/div>\n\t\t\t\t<div class=\"elementor-element elementor-element-c3785e7 elementor-widget elementor-widget-text-editor\" data-id=\"c3785e7\" data-element_type=\"widget\" data-e-type=\"widget\" data-widget_type=\"text-editor.default\">\n\t\t\t\t\t\t\t\t\t<p>Available for the E-bike and Range Line bike carrier:<\/p><ul><li>Rear lighting strip complete with lights<\/li><li>Complete rear lighting strip without lights<\/li><li>Complete right light \/ complete left light<\/li><\/ul>\t\t\t\t\t\t\t\t<\/div>\n\t\t\t\t<\/div>\n\t\t<div class=\"elementor-element elementor-element-3b9885d e-con-full e-flex e-con e-child\" data-id=\"3b9885d\" data-element_type=\"container\" data-e-type=\"container\" data-settings=\"{&quot;background_background&quot;:&quot;classic&quot;}\">\n\t\t\t\t<div class=\"elementor-element elementor-element-04ad1df elementor-widget elementor-widget-image\" data-id=\"04ad1df\" data-element_type=\"widget\" data-e-type=\"widget\" data-widget_type=\"image.default\">\n\t\t\t\t\t\t\t\t\t\t\t\t\t\t\t<img fetchpriority=\"high\" decoding=\"async\" width=\"400\" height=\"200\" src=\"https:\/\/mecatek.eu\/wp-content\/uploads\/2025\/12\/Logo-Marque-Sawiko-de.png\" class=\"attachment-full size-full wp-image-1013 wp-post-image\" alt=\"Sawiko logo\" \/>\t\t\t\t\t\t\t\t\t\t\t\t\t\t\t<\/div>\n\t\t\t\t<div class=\"elementor-element elementor-element-7572ee9 elementor-widget elementor-widget-text-editor\" data-id=\"7572ee9\" data-element_type=\"widget\" data-e-type=\"widget\" data-widget_type=\"text-editor.default\">\n\t\t\t\t\t\t\t\t\t<p><strong>Motorbike carrier com<\/strong><strong>patibles :<br \/><\/strong>- E-Bike<br \/>- Line range<\/p>\t\t\t\t\t\t\t\t<\/div>\n\t\t\t\t<\/div>\n\t\t\t\t<\/div>\n\t\t\t\t\t<\/div>\n\t\t\t\t<\/div>\n\t\t\t\t<\/div>","protected":false},"excerpt":{"rendered":"<p>Bandeau de feux pour porte-v\u00e9los E-bike et Gamme Line Sont disponibles pour le porte-v\u00e9lo E-bike et Gamme Line : Bandeau d&rsquo;\u00e9clairage arri\u00e8re complet avec feux Bandeau d&rsquo;\u00e9clairage arri\u00e8re complet sans feux Feu complet droit \/ feu complet gauche Porte-motos compatibles : &#8211; E-Bike &#8211; Gamme Line<\/p>","protected":false},"featured_media":1698,"comment_status":"closed","ping_status":"closed","template":"","meta":[],"product_brand":[68],"product_cat":[85],"product_tag":[],"class_list":{"0":"post-1696","1":"product","2":"type-product","3":"status-publish","4":"has-post-thumbnail","6":"product_brand-sawiko","7":"product_cat-bandeaux-de-feux-pour-porte-motos","9":"first","10":"instock","11":"shipping-taxable","12":"product-type-simple"},"yoast_head":"<!-- This site is optimized with the Yoast SEO plugin v26.9 - https:\/\/yoast.com\/product\/yoast-seo-wordpress\/ -->\n<title>Bandeau de feux avec c\u00e2blage \u00e9lectrique pour E-Bike et Gamme Line - Mecatek (ex-Sawiko France)<\/title>\n<meta name=\"description\" content=\"Mecatek est fabricant de faisceaux \u00e9lectrique pour bandeau de feux pour porte moto E-bike et gamme Line Sawiko\" \/>\n<meta name=\"robots\" content=\"index, follow, max-snippet:-1, max-image-preview:large, max-video-preview:-1\" \/>\n<link rel=\"canonical\" href=\"https:\/\/mecatek.eu\/en\/product\/lighting-strip-with-electrical-wiring-for-e-bike-and-line-range\/\" \/>\n<meta property=\"og:locale\" content=\"en_GB\" \/>\n<meta property=\"og:type\" content=\"article\" \/>\n<meta property=\"og:title\" content=\"Bandeau de feux avec c\u00e2blage \u00e9lectrique pour E-Bike et Gamme Line - Mecatek (ex-Sawiko France)\" \/>\n<meta property=\"og:description\" content=\"Mecatek est fabricant de faisceaux \u00e9lectrique pour bandeau de feux pour porte moto E-bike et gamme Line Sawiko\" \/>\n<meta property=\"og:url\" content=\"https:\/\/mecatek.eu\/en\/product\/lighting-strip-with-electrical-wiring-for-e-bike-and-line-range\/\" \/>\n<meta property=\"og:site_name\" content=\"Mecatek (ex-Sawiko France)\" \/>\n<meta property=\"article:modified_time\" content=\"2026-01-26T14:02:14+00:00\" \/>\n<meta property=\"og:image\" content=\"http:\/\/mecatek.eu\/wp-content\/uploads\/2025\/12\/1-BANDEAU-complet-a-partir-de-2017-E-bike-et-Charlys.jpeg\" \/>\n\t<meta property=\"og:image:width\" content=\"1200\" \/>\n\t<meta property=\"og:image:height\" content=\"741\" \/>\n\t<meta property=\"og:image:type\" content=\"image\/jpeg\" \/>\n<meta name=\"twitter:card\" content=\"summary_large_image\" \/>\n<meta name=\"twitter:label1\" content=\"Estimated reading time\" \/>\n\t<meta name=\"twitter:data1\" content=\"1 minute\" \/>\n<script type=\"application\/ld+json\" class=\"yoast-schema-graph\">{\"@context\":\"https:\/\/schema.org\",\"@graph\":[{\"@type\":\"WebPage\",\"@id\":\"https:\/\/mecatek.eu\/produit\/bandeau-de-feux-avec-cablage-electrique-pour-e-bike-et-gamme-line\/\",\"url\":\"https:\/\/mecatek.eu\/produit\/bandeau-de-feux-avec-cablage-electrique-pour-e-bike-et-gamme-line\/\",\"name\":\"Bandeau de feux avec c\u00e2blage \u00e9lectrique pour E-Bike et Gamme Line - Mecatek (ex-Sawiko France)\",\"isPartOf\":{\"@id\":\"https:\/\/mecatek.eu\/#website\"},\"primaryImageOfPage\":{\"@id\":\"https:\/\/mecatek.eu\/produit\/bandeau-de-feux-avec-cablage-electrique-pour-e-bike-et-gamme-line\/#primaryimage\"},\"image\":{\"@id\":\"https:\/\/mecatek.eu\/produit\/bandeau-de-feux-avec-cablage-electrique-pour-e-bike-et-gamme-line\/#primaryimage\"},\"thumbnailUrl\":\"https:\/\/mecatek.eu\/wp-content\/uploads\/2025\/12\/1-BANDEAU-complet-a-partir-de-2017-E-bike-et-Charlys.jpeg\",\"datePublished\":\"2025-11-23T16:32:49+00:00\",\"dateModified\":\"2026-01-26T14:02:14+00:00\",\"description\":\"Mecatek est fabricant de faisceaux \u00e9lectrique pour bandeau de feux pour porte moto E-bike et gamme Line Sawiko\",\"breadcrumb\":{\"@id\":\"https:\/\/mecatek.eu\/produit\/bandeau-de-feux-avec-cablage-electrique-pour-e-bike-et-gamme-line\/#breadcrumb\"},\"inLanguage\":\"en-GB\",\"potentialAction\":[{\"@type\":\"ReadAction\",\"target\":[\"https:\/\/mecatek.eu\/produit\/bandeau-de-feux-avec-cablage-electrique-pour-e-bike-et-gamme-line\/\"]}]},{\"@type\":\"ImageObject\",\"inLanguage\":\"en-GB\",\"@id\":\"https:\/\/mecatek.eu\/produit\/bandeau-de-feux-avec-cablage-electrique-pour-e-bike-et-gamme-line\/#primaryimage\",\"url\":\"https:\/\/mecatek.eu\/wp-content\/uploads\/2025\/12\/1-BANDEAU-complet-a-partir-de-2017-E-bike-et-Charlys.jpeg\",\"contentUrl\":\"https:\/\/mecatek.eu\/wp-content\/uploads\/2025\/12\/1-BANDEAU-complet-a-partir-de-2017-E-bike-et-Charlys.jpeg\",\"width\":1200,\"height\":741,\"caption\":\"Bandeau de feux avec c\u00e2blage \u00e9lectrique pour E-Bike et Gamme Line\"},{\"@type\":\"BreadcrumbList\",\"@id\":\"https:\/\/mecatek.eu\/produit\/bandeau-de-feux-avec-cablage-electrique-pour-e-bike-et-gamme-line\/#breadcrumb\",\"itemListElement\":[{\"@type\":\"ListItem\",\"position\":1,\"name\":\"Accueil\",\"item\":\"https:\/\/mecatek.eu\/\"},{\"@type\":\"ListItem\",\"position\":2,\"name\":\"Catalogue\",\"item\":\"https:\/\/mecatek.eu\/catalogue\/\"},{\"@type\":\"ListItem\",\"position\":3,\"name\":\"Bandeau de feux avec c\u00e2blage \u00e9lectrique pour E-Bike et Gamme Line\"}]},{\"@type\":\"WebSite\",\"@id\":\"https:\/\/mecatek.eu\/#website\",\"url\":\"https:\/\/mecatek.eu\/\",\"name\":\"Mecatek (ex-Sawiko France)\",\"description\":\"Fabricant d&#039;attelages pour camping-car et fourgon - Mecatek\",\"publisher\":{\"@id\":\"https:\/\/mecatek.eu\/#organization\"},\"potentialAction\":[{\"@type\":\"SearchAction\",\"target\":{\"@type\":\"EntryPoint\",\"urlTemplate\":\"https:\/\/mecatek.eu\/?s={search_term_string}\"},\"query-input\":{\"@type\":\"PropertyValueSpecification\",\"valueRequired\":true,\"valueName\":\"search_term_string\"}}],\"inLanguage\":\"en-GB\"},{\"@type\":\"Organization\",\"@id\":\"https:\/\/mecatek.eu\/#organization\",\"name\":\"Mecatek (ex-Sawiko France)\",\"url\":\"https:\/\/mecatek.eu\/\",\"logo\":{\"@type\":\"ImageObject\",\"inLanguage\":\"en-GB\",\"@id\":\"https:\/\/mecatek.eu\/#\/schema\/logo\/image\/\",\"url\":\"http:\/\/mecatek.eu\/wp-content\/uploads\/2026\/01\/Logo-Mecatek-Solutions-techniques-2025-300px.png\",\"contentUrl\":\"http:\/\/mecatek.eu\/wp-content\/uploads\/2026\/01\/Logo-Mecatek-Solutions-techniques-2025-300px.png\",\"width\":400,\"height\":94,\"caption\":\"Mecatek (ex-Sawiko France)\"},\"image\":{\"@id\":\"https:\/\/mecatek.eu\/#\/schema\/logo\/image\/\"}}]}<\/script>\n<!-- \/ Yoast SEO plugin. -->","yoast_head_json":{"title":"Lighting strip with electrical wiring for E-Bike and Line range - Mecatek (ex-Sawiko France)","description":"Mecatek is a manufacturer of electrical harnesses for headlights for E-bike carriers and the Sawiko Line range.","robots":{"index":"index","follow":"follow","max-snippet":"max-snippet:-1","max-image-preview":"max-image-preview:large","max-video-preview":"max-video-preview:-1"},"canonical":"https:\/\/mecatek.eu\/en\/product\/lighting-strip-with-electrical-wiring-for-e-bike-and-line-range\/","og_locale":"en_GB","og_type":"article","og_title":"Bandeau de feux avec c\u00e2blage \u00e9lectrique pour E-Bike et Gamme Line - Mecatek (ex-Sawiko France)","og_description":"Mecatek est fabricant de faisceaux \u00e9lectrique pour bandeau de feux pour porte moto E-bike et gamme Line Sawiko","og_url":"https:\/\/mecatek.eu\/en\/product\/lighting-strip-with-electrical-wiring-for-e-bike-and-line-range\/","og_site_name":"Mecatek (ex-Sawiko France)","article_modified_time":"2026-01-26T14:02:14+00:00","og_image":[{"width":1200,"height":741,"url":"http:\/\/mecatek.eu\/wp-content\/uploads\/2025\/12\/1-BANDEAU-complet-a-partir-de-2017-E-bike-et-Charlys.jpeg","type":"image\/jpeg"}],"twitter_card":"summary_large_image","twitter_misc":{"Estimated reading time":"1 minute"},"schema":{"@context":"https:\/\/schema.org","@graph":[{"@type":"WebPage","@id":"https:\/\/mecatek.eu\/produit\/bandeau-de-feux-avec-cablage-electrique-pour-e-bike-et-gamme-line\/","url":"https:\/\/mecatek.eu\/produit\/bandeau-de-feux-avec-cablage-electrique-pour-e-bike-et-gamme-line\/","name":"Lighting strip with electrical wiring for E-Bike and Line range - Mecatek (ex-Sawiko France)","isPartOf":{"@id":"https:\/\/mecatek.eu\/#website"},"primaryImageOfPage":{"@id":"https:\/\/mecatek.eu\/produit\/bandeau-de-feux-avec-cablage-electrique-pour-e-bike-et-gamme-line\/#primaryimage"},"image":{"@id":"https:\/\/mecatek.eu\/produit\/bandeau-de-feux-avec-cablage-electrique-pour-e-bike-et-gamme-line\/#primaryimage"},"thumbnailUrl":"https:\/\/mecatek.eu\/wp-content\/uploads\/2025\/12\/1-BANDEAU-complet-a-partir-de-2017-E-bike-et-Charlys.jpeg","datePublished":"2025-11-23T16:32:49+00:00","dateModified":"2026-01-26T14:02:14+00:00","description":"Mecatek is a manufacturer of electrical harnesses for headlights for E-bike carriers and the Sawiko Line range.","breadcrumb":{"@id":"https:\/\/mecatek.eu\/produit\/bandeau-de-feux-avec-cablage-electrique-pour-e-bike-et-gamme-line\/#breadcrumb"},"inLanguage":"en-GB","potentialAction":[{"@type":"ReadAction","target":["https:\/\/mecatek.eu\/produit\/bandeau-de-feux-avec-cablage-electrique-pour-e-bike-et-gamme-line\/"]}]},{"@type":"ImageObject","inLanguage":"en-GB","@id":"https:\/\/mecatek.eu\/produit\/bandeau-de-feux-avec-cablage-electrique-pour-e-bike-et-gamme-line\/#primaryimage","url":"https:\/\/mecatek.eu\/wp-content\/uploads\/2025\/12\/1-BANDEAU-complet-a-partir-de-2017-E-bike-et-Charlys.jpeg","contentUrl":"https:\/\/mecatek.eu\/wp-content\/uploads\/2025\/12\/1-BANDEAU-complet-a-partir-de-2017-E-bike-et-Charlys.jpeg","width":1200,"height":741,"caption":"Bandeau de feux avec c\u00e2blage \u00e9lectrique pour E-Bike et Gamme Line"},{"@type":"BreadcrumbList","@id":"https:\/\/mecatek.eu\/produit\/bandeau-de-feux-avec-cablage-electrique-pour-e-bike-et-gamme-line\/#breadcrumb","itemListElement":[{"@type":"ListItem","position":1,"name":"Accueil","item":"https:\/\/mecatek.eu\/"},{"@type":"ListItem","position":2,"name":"Catalogue","item":"https:\/\/mecatek.eu\/catalogue\/"},{"@type":"ListItem","position":3,"name":"Bandeau de feux avec c\u00e2blage \u00e9lectrique pour E-Bike et Gamme Line"}]},{"@type":"WebSite","@id":"https:\/\/mecatek.eu\/#website","url":"https:\/\/mecatek.eu\/","name":"Mecatek (formerly Sawiko France)","description":"Manufacturer of towbars for motorhomes and vans - Mecatek","publisher":{"@id":"https:\/\/mecatek.eu\/#organization"},"potentialAction":[{"@type":"SearchAction","target":{"@type":"EntryPoint","urlTemplate":"https:\/\/mecatek.eu\/?s={search_term_string}"},"query-input":{"@type":"PropertyValueSpecification","valueRequired":true,"valueName":"search_term_string"}}],"inLanguage":"en-GB"},{"@type":"Organization","@id":"https:\/\/mecatek.eu\/#organization","name":"Mecatek (formerly Sawiko France)","url":"https:\/\/mecatek.eu\/","logo":{"@type":"ImageObject","inLanguage":"en-GB","@id":"https:\/\/mecatek.eu\/#\/schema\/logo\/image\/","url":"http:\/\/mecatek.eu\/wp-content\/uploads\/2026\/01\/Logo-Mecatek-Solutions-techniques-2025-300px.png","contentUrl":"http:\/\/mecatek.eu\/wp-content\/uploads\/2026\/01\/Logo-Mecatek-Solutions-techniques-2025-300px.png","width":400,"height":94,"caption":"Mecatek (ex-Sawiko France)"},"image":{"@id":"https:\/\/mecatek.eu\/#\/schema\/logo\/image\/"}}]}},"_links":{"self":[{"href":"https:\/\/mecatek.eu\/en\/wp-json\/wp\/v2\/product\/1696","targetHints":{"allow":["GET"]}}],"collection":[{"href":"https:\/\/mecatek.eu\/en\/wp-json\/wp\/v2\/product"}],"about":[{"href":"https:\/\/mecatek.eu\/en\/wp-json\/wp\/v2\/types\/product"}],"replies":[{"embeddable":true,"href":"https:\/\/mecatek.eu\/en\/wp-json\/wp\/v2\/comments?post=1696"}],"version-history":[{"count":5,"href":"https:\/\/mecatek.eu\/en\/wp-json\/wp\/v2\/product\/1696\/revisions"}],"predecessor-version":[{"id":1702,"href":"https:\/\/mecatek.eu\/en\/wp-json\/wp\/v2\/product\/1696\/revisions\/1702"}],"wp:featuredmedia":[{"embeddable":true,"href":"https:\/\/mecatek.eu\/en\/wp-json\/wp\/v2\/media\/1698"}],"wp:attachment":[{"href":"https:\/\/mecatek.eu\/en\/wp-json\/wp\/v2\/media?parent=1696"}],"wp:term":[{"taxonomy":"product_brand","embeddable":true,"href":"https:\/\/mecatek.eu\/en\/wp-json\/wp\/v2\/product_brand?post=1696"},{"taxonomy":"product_cat","embeddable":true,"href":"https:\/\/mecatek.eu\/en\/wp-json\/wp\/v2\/product_cat?post=1696"},{"taxonomy":"product_tag","embeddable":true,"href":"https:\/\/mecatek.eu\/en\/wp-json\/wp\/v2\/product_tag?post=1696"}],"curies":[{"name":"wp","href":"https:\/\/api.w.org\/{rel}","templated":true}]}}