{"id":1661,"date":"2025-11-23T14:21:19","date_gmt":"2025-11-23T13:21:19","guid":{"rendered":"https:\/\/mecatek.eu\/?post_type=product&#038;p=1661"},"modified":"2026-01-24T13:10:59","modified_gmt":"2026-01-24T12:10:59","slug":"electrical-harnesses","status":"publish","type":"product","link":"https:\/\/mecatek.eu\/en\/product\/electrical-harnesses\/","title":{"rendered":"Electrical harnesses"},"content":{"rendered":"<div data-elementor-type=\"product-post\" data-elementor-id=\"1661\" class=\"elementor elementor-1661\" data-elementor-post-type=\"product\">\n\t\t\t\t<div class=\"elementor-element elementor-element-260c192 e-flex e-con-boxed e-con e-parent\" data-id=\"260c192\" data-element_type=\"container\" data-e-type=\"container\">\n\t\t\t\t\t<div class=\"e-con-inner\">\n\t\t<div class=\"elementor-element elementor-element-dba4904 e-con-full e-flex e-con e-child\" data-id=\"dba4904\" data-element_type=\"container\" data-e-type=\"container\">\n\t\t<div class=\"elementor-element elementor-element-2fa105e e-con-full e-flex e-con e-child\" data-id=\"2fa105e\" data-element_type=\"container\" data-e-type=\"container\">\n\t\t\t\t<div class=\"elementor-element elementor-element-6c769b3 elementor-widget elementor-widget-text-editor\" data-id=\"6c769b3\" data-element_type=\"widget\" data-e-type=\"widget\" data-widget_type=\"text-editor.default\">\n\t\t\t\t\t\t\t\t\t<h2>Electrical harnesses for motorhomes and vans<\/h2>\t\t\t\t\t\t\t\t<\/div>\n\t\t\t\t<div class=\"elementor-element elementor-element-9cb71fb elementor-widget elementor-widget-text-editor\" data-id=\"9cb71fb\" data-element_type=\"widget\" data-e-type=\"widget\" data-widget_type=\"text-editor.default\">\n\t\t\t\t\t\t\t\t\t<p>Each vehicle has its own type of harness. To provide you with the best possible service, we need to know the chassis type and year of your vehicle. Extensions, connectors, etc. available on request.<\/p>\t\t\t\t\t\t\t\t<\/div>\n\t\t\t\t<\/div>\n\t\t<div class=\"elementor-element elementor-element-5610b94 e-con-full e-flex e-con e-child\" data-id=\"5610b94\" data-element_type=\"container\" data-e-type=\"container\" data-settings=\"{&quot;background_background&quot;:&quot;classic&quot;}\">\n\t\t\t\t<div class=\"elementor-element elementor-element-a8fddcc elementor-widget elementor-widget-image\" data-id=\"a8fddcc\" data-element_type=\"widget\" data-e-type=\"widget\" data-widget_type=\"image.default\">\n\t\t\t\t\t\t\t\t\t\t\t\t\t\t\t<img fetchpriority=\"high\" decoding=\"async\" width=\"400\" height=\"200\" src=\"https:\/\/mecatek.eu\/wp-content\/uploads\/2025\/11\/Logo-attelage.png\" class=\"attachment-full size-full wp-image-1064\" alt=\"\" \/>\t\t\t\t\t\t\t\t\t\t\t\t\t\t\t<\/div>\n\t\t\t\t<div class=\"elementor-element elementor-element-96134ed elementor-widget elementor-widget-text-editor\" data-id=\"96134ed\" data-element_type=\"widget\" data-e-type=\"widget\" data-widget_type=\"text-editor.default\">\n\t\t\t\t\t\t\t\t\t<p><strong>Com vehicles<\/strong><strong>patibles :<br \/><\/strong>- Fiat\u00a0<br \/>- Peugeot\u00a0<br \/>- Citro\u00ebn\u00a0<br \/>- Mercedes<br \/>- Renault<br \/>- Ford<\/p>\t\t\t\t\t\t\t\t<\/div>\n\t\t\t\t<\/div>\n\t\t\t\t<\/div>\n\t\t\t\t\t<\/div>\n\t\t\t\t<\/div>\n\t\t\t\t<\/div>","protected":false},"excerpt":{"rendered":"<p>Mecatek's wiring harnesses ensure that the lights on your trailer or load carrier (bike carrier, motorbike carrier, accessory carrier, etc.) are powered and operate in perfect synchronisation with those on your motorhome or van, so you can drive safely. Available in 7- or 13-pin versions, depending on the number of connections required, they fit a wide range of chassis (Fiat, Peugeot, Citro\u00ebn, Mercedes, Renault, Ford) for reliable integration on your vehicle.<\/p>","protected":false},"featured_media":1662,"comment_status":"closed","ping_status":"closed","template":"","meta":[],"product_brand":[],"product_cat":[84],"product_tag":[],"class_list":{"0":"post-1661","1":"product","2":"type-product","3":"status-publish","4":"has-post-thumbnail","6":"product_cat-faisceaux-electriques","8":"first","9":"instock","10":"shipping-taxable","11":"product-type-simple"},"yoast_head":"<!-- This site is optimized with the Yoast SEO plugin v26.9 - https:\/\/yoast.com\/product\/yoast-seo-wordpress\/ -->\n<title>Faisceaux \u00e9lectriques - Mecatek (ex-Sawiko France)<\/title>\n<meta name=\"description\" content=\"Faisceaux \u00e9lectriques : D\u00e9couvrez nos faisceaux \u00e9lectriques adapt\u00e9s \u00e0 votre v\u00e9hicule. Mecatek s&#039;adapte \u00e0 tous vos besoins de rallonge et de raccordement.\" \/>\n<meta name=\"robots\" content=\"index, follow, max-snippet:-1, max-image-preview:large, max-video-preview:-1\" \/>\n<link rel=\"canonical\" href=\"https:\/\/mecatek.eu\/en\/product\/electrical-harnesses\/\" \/>\n<meta property=\"og:locale\" content=\"en_GB\" \/>\n<meta property=\"og:type\" content=\"article\" \/>\n<meta property=\"og:title\" content=\"Faisceaux \u00e9lectriques - Mecatek (ex-Sawiko France)\" \/>\n<meta property=\"og:description\" content=\"Faisceaux \u00e9lectriques : D\u00e9couvrez nos faisceaux \u00e9lectriques adapt\u00e9s \u00e0 votre v\u00e9hicule. Mecatek s&#039;adapte \u00e0 tous vos besoins de rallonge et de raccordement.\" \/>\n<meta property=\"og:url\" content=\"https:\/\/mecatek.eu\/en\/product\/electrical-harnesses\/\" \/>\n<meta property=\"og:site_name\" content=\"Mecatek (ex-Sawiko France)\" \/>\n<meta property=\"article:modified_time\" content=\"2026-01-24T12:10:59+00:00\" \/>\n<meta property=\"og:image\" content=\"http:\/\/mecatek.eu\/wp-content\/uploads\/2025\/12\/FAISCEAU-35.400.jpeg\" \/>\n\t<meta property=\"og:image:width\" content=\"1200\" \/>\n\t<meta property=\"og:image:height\" content=\"919\" \/>\n\t<meta property=\"og:image:type\" content=\"image\/jpeg\" \/>\n<meta name=\"twitter:card\" content=\"summary_large_image\" \/>\n<meta name=\"twitter:label1\" content=\"Estimated reading time\" \/>\n\t<meta name=\"twitter:data1\" content=\"1 minute\" \/>\n<script type=\"application\/ld+json\" class=\"yoast-schema-graph\">{\"@context\":\"https:\/\/schema.org\",\"@graph\":[{\"@type\":\"WebPage\",\"@id\":\"https:\/\/mecatek.eu\/produit\/faisceaux-electriques\/\",\"url\":\"https:\/\/mecatek.eu\/produit\/faisceaux-electriques\/\",\"name\":\"Faisceaux \u00e9lectriques - Mecatek (ex-Sawiko France)\",\"isPartOf\":{\"@id\":\"https:\/\/mecatek.eu\/#website\"},\"primaryImageOfPage\":{\"@id\":\"https:\/\/mecatek.eu\/produit\/faisceaux-electriques\/#primaryimage\"},\"image\":{\"@id\":\"https:\/\/mecatek.eu\/produit\/faisceaux-electriques\/#primaryimage\"},\"thumbnailUrl\":\"https:\/\/mecatek.eu\/wp-content\/uploads\/2025\/12\/FAISCEAU-35.400.jpeg\",\"datePublished\":\"2025-11-23T13:21:19+00:00\",\"dateModified\":\"2026-01-24T12:10:59+00:00\",\"description\":\"Faisceaux \u00e9lectriques : D\u00e9couvrez nos faisceaux \u00e9lectriques adapt\u00e9s \u00e0 votre v\u00e9hicule. Mecatek s'adapte \u00e0 tous vos besoins de rallonge et de raccordement.\",\"breadcrumb\":{\"@id\":\"https:\/\/mecatek.eu\/produit\/faisceaux-electriques\/#breadcrumb\"},\"inLanguage\":\"en-GB\",\"potentialAction\":[{\"@type\":\"ReadAction\",\"target\":[\"https:\/\/mecatek.eu\/produit\/faisceaux-electriques\/\"]}]},{\"@type\":\"ImageObject\",\"inLanguage\":\"en-GB\",\"@id\":\"https:\/\/mecatek.eu\/produit\/faisceaux-electriques\/#primaryimage\",\"url\":\"https:\/\/mecatek.eu\/wp-content\/uploads\/2025\/12\/FAISCEAU-35.400.jpeg\",\"contentUrl\":\"https:\/\/mecatek.eu\/wp-content\/uploads\/2025\/12\/FAISCEAU-35.400.jpeg\",\"width\":1200,\"height\":919,\"caption\":\"Faisceaux \u00e9lectriques pour camping-car et fourgon\"},{\"@type\":\"BreadcrumbList\",\"@id\":\"https:\/\/mecatek.eu\/produit\/faisceaux-electriques\/#breadcrumb\",\"itemListElement\":[{\"@type\":\"ListItem\",\"position\":1,\"name\":\"Accueil\",\"item\":\"https:\/\/mecatek.eu\/\"},{\"@type\":\"ListItem\",\"position\":2,\"name\":\"Catalogue\",\"item\":\"https:\/\/mecatek.eu\/catalogue\/\"},{\"@type\":\"ListItem\",\"position\":3,\"name\":\"Faisceaux \u00e9lectriques\"}]},{\"@type\":\"WebSite\",\"@id\":\"https:\/\/mecatek.eu\/#website\",\"url\":\"https:\/\/mecatek.eu\/\",\"name\":\"Mecatek (ex-Sawiko France)\",\"description\":\"Fabricant d&#039;attelages pour camping-car et fourgon - Mecatek\",\"publisher\":{\"@id\":\"https:\/\/mecatek.eu\/#organization\"},\"potentialAction\":[{\"@type\":\"SearchAction\",\"target\":{\"@type\":\"EntryPoint\",\"urlTemplate\":\"https:\/\/mecatek.eu\/?s={search_term_string}\"},\"query-input\":{\"@type\":\"PropertyValueSpecification\",\"valueRequired\":true,\"valueName\":\"search_term_string\"}}],\"inLanguage\":\"en-GB\"},{\"@type\":\"Organization\",\"@id\":\"https:\/\/mecatek.eu\/#organization\",\"name\":\"Mecatek (ex-Sawiko France)\",\"url\":\"https:\/\/mecatek.eu\/\",\"logo\":{\"@type\":\"ImageObject\",\"inLanguage\":\"en-GB\",\"@id\":\"https:\/\/mecatek.eu\/#\/schema\/logo\/image\/\",\"url\":\"http:\/\/mecatek.eu\/wp-content\/uploads\/2026\/01\/Logo-Mecatek-Solutions-techniques-2025-300px.png\",\"contentUrl\":\"http:\/\/mecatek.eu\/wp-content\/uploads\/2026\/01\/Logo-Mecatek-Solutions-techniques-2025-300px.png\",\"width\":400,\"height\":94,\"caption\":\"Mecatek (ex-Sawiko France)\"},\"image\":{\"@id\":\"https:\/\/mecatek.eu\/#\/schema\/logo\/image\/\"}}]}<\/script>\n<!-- \/ Yoast SEO plugin. -->","yoast_head_json":{"title":"Electrical harnesses - Mecatek (ex-Sawiko France)","description":"Electrical harnesses: Discover our electrical harnesses adapted to your vehicle. Mecatek adapts to all your extension and connection needs.","robots":{"index":"index","follow":"follow","max-snippet":"max-snippet:-1","max-image-preview":"max-image-preview:large","max-video-preview":"max-video-preview:-1"},"canonical":"https:\/\/mecatek.eu\/en\/product\/electrical-harnesses\/","og_locale":"en_GB","og_type":"article","og_title":"Faisceaux \u00e9lectriques - Mecatek (ex-Sawiko France)","og_description":"Faisceaux \u00e9lectriques : D\u00e9couvrez nos faisceaux \u00e9lectriques adapt\u00e9s \u00e0 votre v\u00e9hicule. Mecatek s'adapte \u00e0 tous vos besoins de rallonge et de raccordement.","og_url":"https:\/\/mecatek.eu\/en\/product\/electrical-harnesses\/","og_site_name":"Mecatek (ex-Sawiko France)","article_modified_time":"2026-01-24T12:10:59+00:00","og_image":[{"width":1200,"height":919,"url":"http:\/\/mecatek.eu\/wp-content\/uploads\/2025\/12\/FAISCEAU-35.400.jpeg","type":"image\/jpeg"}],"twitter_card":"summary_large_image","twitter_misc":{"Estimated reading time":"1 minute"},"schema":{"@context":"https:\/\/schema.org","@graph":[{"@type":"WebPage","@id":"https:\/\/mecatek.eu\/produit\/faisceaux-electriques\/","url":"https:\/\/mecatek.eu\/produit\/faisceaux-electriques\/","name":"Electrical harnesses - Mecatek (ex-Sawiko France)","isPartOf":{"@id":"https:\/\/mecatek.eu\/#website"},"primaryImageOfPage":{"@id":"https:\/\/mecatek.eu\/produit\/faisceaux-electriques\/#primaryimage"},"image":{"@id":"https:\/\/mecatek.eu\/produit\/faisceaux-electriques\/#primaryimage"},"thumbnailUrl":"https:\/\/mecatek.eu\/wp-content\/uploads\/2025\/12\/FAISCEAU-35.400.jpeg","datePublished":"2025-11-23T13:21:19+00:00","dateModified":"2026-01-24T12:10:59+00:00","description":"Electrical harnesses: Discover our electrical harnesses adapted to your vehicle. Mecatek adapts to all your extension and connection needs.","breadcrumb":{"@id":"https:\/\/mecatek.eu\/produit\/faisceaux-electriques\/#breadcrumb"},"inLanguage":"en-GB","potentialAction":[{"@type":"ReadAction","target":["https:\/\/mecatek.eu\/produit\/faisceaux-electriques\/"]}]},{"@type":"ImageObject","inLanguage":"en-GB","@id":"https:\/\/mecatek.eu\/produit\/faisceaux-electriques\/#primaryimage","url":"https:\/\/mecatek.eu\/wp-content\/uploads\/2025\/12\/FAISCEAU-35.400.jpeg","contentUrl":"https:\/\/mecatek.eu\/wp-content\/uploads\/2025\/12\/FAISCEAU-35.400.jpeg","width":1200,"height":919,"caption":"Faisceaux \u00e9lectriques pour camping-car et fourgon"},{"@type":"BreadcrumbList","@id":"https:\/\/mecatek.eu\/produit\/faisceaux-electriques\/#breadcrumb","itemListElement":[{"@type":"ListItem","position":1,"name":"Accueil","item":"https:\/\/mecatek.eu\/"},{"@type":"ListItem","position":2,"name":"Catalogue","item":"https:\/\/mecatek.eu\/catalogue\/"},{"@type":"ListItem","position":3,"name":"Faisceaux \u00e9lectriques"}]},{"@type":"WebSite","@id":"https:\/\/mecatek.eu\/#website","url":"https:\/\/mecatek.eu\/","name":"Mecatek (formerly Sawiko France)","description":"Manufacturer of towbars for motorhomes and vans - Mecatek","publisher":{"@id":"https:\/\/mecatek.eu\/#organization"},"potentialAction":[{"@type":"SearchAction","target":{"@type":"EntryPoint","urlTemplate":"https:\/\/mecatek.eu\/?s={search_term_string}"},"query-input":{"@type":"PropertyValueSpecification","valueRequired":true,"valueName":"search_term_string"}}],"inLanguage":"en-GB"},{"@type":"Organization","@id":"https:\/\/mecatek.eu\/#organization","name":"Mecatek (formerly Sawiko France)","url":"https:\/\/mecatek.eu\/","logo":{"@type":"ImageObject","inLanguage":"en-GB","@id":"https:\/\/mecatek.eu\/#\/schema\/logo\/image\/","url":"http:\/\/mecatek.eu\/wp-content\/uploads\/2026\/01\/Logo-Mecatek-Solutions-techniques-2025-300px.png","contentUrl":"http:\/\/mecatek.eu\/wp-content\/uploads\/2026\/01\/Logo-Mecatek-Solutions-techniques-2025-300px.png","width":400,"height":94,"caption":"Mecatek (ex-Sawiko France)"},"image":{"@id":"https:\/\/mecatek.eu\/#\/schema\/logo\/image\/"}}]}},"_links":{"self":[{"href":"https:\/\/mecatek.eu\/en\/wp-json\/wp\/v2\/product\/1661","targetHints":{"allow":["GET"]}}],"collection":[{"href":"https:\/\/mecatek.eu\/en\/wp-json\/wp\/v2\/product"}],"about":[{"href":"https:\/\/mecatek.eu\/en\/wp-json\/wp\/v2\/types\/product"}],"replies":[{"embeddable":true,"href":"https:\/\/mecatek.eu\/en\/wp-json\/wp\/v2\/comments?post=1661"}],"version-history":[{"count":5,"href":"https:\/\/mecatek.eu\/en\/wp-json\/wp\/v2\/product\/1661\/revisions"}],"predecessor-version":[{"id":2513,"href":"https:\/\/mecatek.eu\/en\/wp-json\/wp\/v2\/product\/1661\/revisions\/2513"}],"wp:featuredmedia":[{"embeddable":true,"href":"https:\/\/mecatek.eu\/en\/wp-json\/wp\/v2\/media\/1662"}],"wp:attachment":[{"href":"https:\/\/mecatek.eu\/en\/wp-json\/wp\/v2\/media?parent=1661"}],"wp:term":[{"taxonomy":"product_brand","embeddable":true,"href":"https:\/\/mecatek.eu\/en\/wp-json\/wp\/v2\/product_brand?post=1661"},{"taxonomy":"product_cat","embeddable":true,"href":"https:\/\/mecatek.eu\/en\/wp-json\/wp\/v2\/product_cat?post=1661"},{"taxonomy":"product_tag","embeddable":true,"href":"https:\/\/mecatek.eu\/en\/wp-json\/wp\/v2\/product_tag?post=1661"}],"curies":[{"name":"wp","href":"https:\/\/api.w.org\/{rel}","templated":true}]}}