{"id":1646,"date":"2025-12-22T12:07:32","date_gmt":"2025-12-22T11:07:32","guid":{"rendered":"https:\/\/mecatek.eu\/?post_type=product&#038;p=1646"},"modified":"2026-01-27T18:46:49","modified_gmt":"2026-01-27T17:46:49","slug":"mck-air-connect-digitally-controlled-air-suspension-systems","status":"publish","type":"product","link":"https:\/\/mecatek.eu\/en\/product\/mck-air-connect-digitally-controlled-air-suspension-systems\/","title":{"rendered":"MCK AIR-CONNECT digitally controlled air suspension systems"},"content":{"rendered":"<div data-elementor-type=\"product-post\" data-elementor-id=\"1646\" class=\"elementor elementor-1646\" data-elementor-post-type=\"product\">\n\t\t\t\t<div class=\"elementor-element elementor-element-4c9ec37a e-flex e-con-boxed e-con e-parent\" data-id=\"4c9ec37a\" data-element_type=\"container\" data-e-type=\"container\">\n\t\t\t\t\t<div class=\"e-con-inner\">\n\t\t<div class=\"elementor-element elementor-element-c51e052 e-con-full e-flex e-con e-child\" data-id=\"c51e052\" data-element_type=\"container\" data-e-type=\"container\">\n\t\t<div class=\"elementor-element elementor-element-fdce7ca e-con-full e-flex e-con e-child\" data-id=\"fdce7ca\" data-element_type=\"container\" data-e-type=\"container\">\n\t\t\t\t<div class=\"elementor-element elementor-element-901f4b5 elementor-widget elementor-widget-text-editor\" data-id=\"901f4b5\" data-element_type=\"widget\" data-e-type=\"widget\" data-widget_type=\"text-editor.default\">\n\t\t\t\t\t\t\t\t\t<h2>Air suspension for motorhomes and vans <span style=\"color: #0079b3;\">MCK AIR CONNECT<\/span><\/h2>\t\t\t\t\t\t\t\t<\/div>\n\t\t\t\t<div class=\"elementor-element elementor-element-5b17406 elementor-widget elementor-widget-text-editor\" data-id=\"5b17406\" data-element_type=\"widget\" data-e-type=\"widget\" data-widget_type=\"text-editor.default\">\n\t\t\t\t\t\t\t\t\t<p>La <strong>air suspension for motorhomes and vans MCK AIR CONNECT<\/strong>, equipped with a <strong>numerical control unit<\/strong>, offers an optimum combination of comfort, safety, adaptability and durability for the vehicle.<br \/>This system can be adapted to a wide range of chassis.<\/p><p>The integration of the MCK AIR CONNECT digital control unit provides precise, fast and intuitive suspension management. The user can easily adjust the height of the vehicle via a modern interface, simplifying load management and levelling, while ensuring optimum stability, whether in a straight line, on bends or in crosswinds.<\/p><p>This technology also makes it easier to reposition the high beam and to correct the vehicle's attitude on demand, offering immediate adaptability to variations in load or road conditions.<\/p>\t\t\t\t\t\t\t\t<\/div>\n\t\t\t\t<\/div>\n\t\t<div class=\"elementor-element elementor-element-ac8a42c e-con-full e-flex e-con e-child\" data-id=\"ac8a42c\" data-element_type=\"container\" data-e-type=\"container\" data-settings=\"{&quot;background_background&quot;:&quot;classic&quot;}\">\n\t\t\t\t<div class=\"elementor-element elementor-element-04bc4de elementor-widget elementor-widget-image\" data-id=\"04bc4de\" data-element_type=\"widget\" data-e-type=\"widget\" data-widget_type=\"image.default\">\n\t\t\t\t\t\t\t\t\t\t\t\t\t\t\t<img fetchpriority=\"high\" decoding=\"async\" width=\"400\" height=\"200\" src=\"https:\/\/mecatek.eu\/wp-content\/uploads\/2025\/12\/Logo-Marque-MCK-Air-Connect.png\" class=\"attachment-full size-full wp-image-984\" alt=\"MCK Air-Connect logo\" \/>\t\t\t\t\t\t\t\t\t\t\t\t\t\t\t<\/div>\n\t\t\t\t<div class=\"elementor-element elementor-element-e73f069 elementor-widget elementor-widget-text-editor\" data-id=\"e73f069\" data-element_type=\"widget\" data-e-type=\"widget\" data-widget_type=\"text-editor.default\">\n\t\t\t\t\t\t\t\t\t<p><strong>Com vehicles<\/strong><strong>patibles :<br \/><\/strong><\/p><ul><li>Fiat\u00a0<\/li><li>Peugeot\u00a0<\/li><li>Citro\u00ebn\u00a0<\/li><li>Renault<\/li><li>Ford<\/li><li>Iveco<\/li><li>Mercedes<\/li><li>VW<\/li><li>MAN<\/li><li>ALKO\u00a0<\/li><\/ul>\t\t\t\t\t\t\t\t<\/div>\n\t\t\t\t<\/div>\n\t\t\t\t<\/div>\n\t\t\t\t\t<\/div>\n\t\t\t\t<\/div>\n\t\t\t\t<\/div>","protected":false},"excerpt":{"rendered":"<p>MCK AIR CONNECT air suspension for motorhomes and vans, with integrated digital control unit, combines comfort, safety and durability. Compatible with a wide range of chassis, it provides fast, intuitive vehicle height adjustment via a modern interface. It ensures optimum stability and immediate adaptability according to load or road conditions.<\/p>","protected":false},"featured_media":1650,"comment_status":"closed","ping_status":"closed","template":"","meta":[],"product_brand":[63],"product_cat":[34,73],"product_tag":[],"class_list":{"0":"post-1646","1":"product","2":"type-product","3":"status-publish","4":"has-post-thumbnail","6":"product_brand-mck","7":"product_cat-suspensions-pneumatiques-camping-car","8":"product_cat-suspensions-pneumatiques-pour-fourgons-et-vans","10":"first","11":"instock","12":"shipping-taxable","13":"product-type-simple"},"yoast_head":"<!-- This site is optimized with the Yoast SEO plugin v26.9 - https:\/\/yoast.com\/product\/yoast-seo-wordpress\/ -->\n<title>Suspensions pneumatiques \u00e0 commande num\u00e9rique MCK AIR-CONNECT - Mecatek (ex-Sawiko France)<\/title>\n<meta name=\"description\" content=\"D\u00e9couvrez la suspension pneumatique pour camping-car et fourgon MCK AIR CONNECT. Gagnez en confort, stabilit\u00e9 et r\u00e9glage intuitif de la hauteur selon charge\" \/>\n<meta name=\"robots\" content=\"index, follow, max-snippet:-1, max-image-preview:large, max-video-preview:-1\" \/>\n<link rel=\"canonical\" href=\"https:\/\/mecatek.eu\/en\/product\/mck-air-connect-digitally-controlled-air-suspension-systems\/\" \/>\n<meta property=\"og:locale\" content=\"en_GB\" \/>\n<meta property=\"og:type\" content=\"article\" \/>\n<meta property=\"og:title\" content=\"Suspensions pneumatiques \u00e0 commande num\u00e9rique MCK AIR-CONNECT - Mecatek (ex-Sawiko France)\" \/>\n<meta property=\"og:description\" content=\"D\u00e9couvrez la suspension pneumatique pour camping-car et fourgon MCK AIR CONNECT. Gagnez en confort, stabilit\u00e9 et r\u00e9glage intuitif de la hauteur selon charge\" \/>\n<meta property=\"og:url\" content=\"https:\/\/mecatek.eu\/en\/product\/mck-air-connect-digitally-controlled-air-suspension-systems\/\" \/>\n<meta property=\"og:site_name\" content=\"Mecatek (ex-Sawiko France)\" \/>\n<meta property=\"article:modified_time\" content=\"2026-01-27T17:46:49+00:00\" \/>\n<meta property=\"og:image\" content=\"http:\/\/mecatek.eu\/wp-content\/uploads\/2025\/12\/Suspensions-Air-Connect_1.jpeg\" \/>\n\t<meta property=\"og:image:width\" content=\"1200\" \/>\n\t<meta property=\"og:image:height\" content=\"857\" \/>\n\t<meta property=\"og:image:type\" content=\"image\/jpeg\" \/>\n<meta name=\"twitter:card\" content=\"summary_large_image\" \/>\n<meta name=\"twitter:label1\" content=\"Estimated reading time\" \/>\n\t<meta name=\"twitter:data1\" content=\"2 minutes\" \/>\n<script type=\"application\/ld+json\" class=\"yoast-schema-graph\">{\"@context\":\"https:\/\/schema.org\",\"@graph\":[{\"@type\":\"WebPage\",\"@id\":\"https:\/\/mecatek.eu\/produit\/suspensions-pneumatiques-a-commande-numerique-mck-air-connect\/\",\"url\":\"https:\/\/mecatek.eu\/produit\/suspensions-pneumatiques-a-commande-numerique-mck-air-connect\/\",\"name\":\"Suspensions pneumatiques \u00e0 commande num\u00e9rique MCK AIR-CONNECT - Mecatek (ex-Sawiko France)\",\"isPartOf\":{\"@id\":\"https:\/\/mecatek.eu\/#website\"},\"primaryImageOfPage\":{\"@id\":\"https:\/\/mecatek.eu\/produit\/suspensions-pneumatiques-a-commande-numerique-mck-air-connect\/#primaryimage\"},\"image\":{\"@id\":\"https:\/\/mecatek.eu\/produit\/suspensions-pneumatiques-a-commande-numerique-mck-air-connect\/#primaryimage\"},\"thumbnailUrl\":\"https:\/\/mecatek.eu\/wp-content\/uploads\/2025\/12\/Suspensions-Air-Connect_1.jpeg\",\"datePublished\":\"2025-12-22T11:07:32+00:00\",\"dateModified\":\"2026-01-27T17:46:49+00:00\",\"description\":\"D\u00e9couvrez la suspension pneumatique pour camping-car et fourgon MCK AIR CONNECT. Gagnez en confort, stabilit\u00e9 et r\u00e9glage intuitif de la hauteur selon charge\",\"breadcrumb\":{\"@id\":\"https:\/\/mecatek.eu\/produit\/suspensions-pneumatiques-a-commande-numerique-mck-air-connect\/#breadcrumb\"},\"inLanguage\":\"en-GB\",\"potentialAction\":[{\"@type\":\"ReadAction\",\"target\":[\"https:\/\/mecatek.eu\/produit\/suspensions-pneumatiques-a-commande-numerique-mck-air-connect\/\"]}]},{\"@type\":\"ImageObject\",\"inLanguage\":\"en-GB\",\"@id\":\"https:\/\/mecatek.eu\/produit\/suspensions-pneumatiques-a-commande-numerique-mck-air-connect\/#primaryimage\",\"url\":\"https:\/\/mecatek.eu\/wp-content\/uploads\/2025\/12\/Suspensions-Air-Connect_1.jpeg\",\"contentUrl\":\"https:\/\/mecatek.eu\/wp-content\/uploads\/2025\/12\/Suspensions-Air-Connect_1.jpeg\",\"width\":1200,\"height\":857,\"caption\":\"Kit complet de suspensions pneumatiques \u00e0 commande num\u00e9rique MCK AIR-CONNECT\"},{\"@type\":\"BreadcrumbList\",\"@id\":\"https:\/\/mecatek.eu\/produit\/suspensions-pneumatiques-a-commande-numerique-mck-air-connect\/#breadcrumb\",\"itemListElement\":[{\"@type\":\"ListItem\",\"position\":1,\"name\":\"Accueil\",\"item\":\"https:\/\/mecatek.eu\/\"},{\"@type\":\"ListItem\",\"position\":2,\"name\":\"Catalogue\",\"item\":\"https:\/\/mecatek.eu\/catalogue\/\"},{\"@type\":\"ListItem\",\"position\":3,\"name\":\"Suspensions pneumatiques \u00e0 commande num\u00e9rique MCK AIR-CONNECT\"}]},{\"@type\":\"WebSite\",\"@id\":\"https:\/\/mecatek.eu\/#website\",\"url\":\"https:\/\/mecatek.eu\/\",\"name\":\"Mecatek (ex-Sawiko France)\",\"description\":\"Fabricant d&#039;attelages pour camping-car et fourgon - Mecatek\",\"publisher\":{\"@id\":\"https:\/\/mecatek.eu\/#organization\"},\"potentialAction\":[{\"@type\":\"SearchAction\",\"target\":{\"@type\":\"EntryPoint\",\"urlTemplate\":\"https:\/\/mecatek.eu\/?s={search_term_string}\"},\"query-input\":{\"@type\":\"PropertyValueSpecification\",\"valueRequired\":true,\"valueName\":\"search_term_string\"}}],\"inLanguage\":\"en-GB\"},{\"@type\":\"Organization\",\"@id\":\"https:\/\/mecatek.eu\/#organization\",\"name\":\"Mecatek (ex-Sawiko France)\",\"url\":\"https:\/\/mecatek.eu\/\",\"logo\":{\"@type\":\"ImageObject\",\"inLanguage\":\"en-GB\",\"@id\":\"https:\/\/mecatek.eu\/#\/schema\/logo\/image\/\",\"url\":\"http:\/\/mecatek.eu\/wp-content\/uploads\/2026\/01\/Logo-Mecatek-Solutions-techniques-2025-300px.png\",\"contentUrl\":\"http:\/\/mecatek.eu\/wp-content\/uploads\/2026\/01\/Logo-Mecatek-Solutions-techniques-2025-300px.png\",\"width\":400,\"height\":94,\"caption\":\"Mecatek (ex-Sawiko France)\"},\"image\":{\"@id\":\"https:\/\/mecatek.eu\/#\/schema\/logo\/image\/\"}}]}<\/script>\n<!-- \/ Yoast SEO plugin. -->","yoast_head_json":{"title":"MCK AIR-CONNECT CNC air suspension systems - Mecatek (ex-Sawiko France)","description":"Discover MCK AIR CONNECT air suspension for motorhomes and vans. Gain in comfort, stability and intuitive load height adjustment.","robots":{"index":"index","follow":"follow","max-snippet":"max-snippet:-1","max-image-preview":"max-image-preview:large","max-video-preview":"max-video-preview:-1"},"canonical":"https:\/\/mecatek.eu\/en\/product\/mck-air-connect-digitally-controlled-air-suspension-systems\/","og_locale":"en_GB","og_type":"article","og_title":"Suspensions pneumatiques \u00e0 commande num\u00e9rique MCK AIR-CONNECT - Mecatek (ex-Sawiko France)","og_description":"D\u00e9couvrez la suspension pneumatique pour camping-car et fourgon MCK AIR CONNECT. Gagnez en confort, stabilit\u00e9 et r\u00e9glage intuitif de la hauteur selon charge","og_url":"https:\/\/mecatek.eu\/en\/product\/mck-air-connect-digitally-controlled-air-suspension-systems\/","og_site_name":"Mecatek (ex-Sawiko France)","article_modified_time":"2026-01-27T17:46:49+00:00","og_image":[{"width":1200,"height":857,"url":"http:\/\/mecatek.eu\/wp-content\/uploads\/2025\/12\/Suspensions-Air-Connect_1.jpeg","type":"image\/jpeg"}],"twitter_card":"summary_large_image","twitter_misc":{"Estimated reading time":"2 minutes"},"schema":{"@context":"https:\/\/schema.org","@graph":[{"@type":"WebPage","@id":"https:\/\/mecatek.eu\/produit\/suspensions-pneumatiques-a-commande-numerique-mck-air-connect\/","url":"https:\/\/mecatek.eu\/produit\/suspensions-pneumatiques-a-commande-numerique-mck-air-connect\/","name":"MCK AIR-CONNECT CNC air suspension systems - Mecatek (ex-Sawiko France)","isPartOf":{"@id":"https:\/\/mecatek.eu\/#website"},"primaryImageOfPage":{"@id":"https:\/\/mecatek.eu\/produit\/suspensions-pneumatiques-a-commande-numerique-mck-air-connect\/#primaryimage"},"image":{"@id":"https:\/\/mecatek.eu\/produit\/suspensions-pneumatiques-a-commande-numerique-mck-air-connect\/#primaryimage"},"thumbnailUrl":"https:\/\/mecatek.eu\/wp-content\/uploads\/2025\/12\/Suspensions-Air-Connect_1.jpeg","datePublished":"2025-12-22T11:07:32+00:00","dateModified":"2026-01-27T17:46:49+00:00","description":"Discover MCK AIR CONNECT air suspension for motorhomes and vans. Gain in comfort, stability and intuitive load height adjustment.","breadcrumb":{"@id":"https:\/\/mecatek.eu\/produit\/suspensions-pneumatiques-a-commande-numerique-mck-air-connect\/#breadcrumb"},"inLanguage":"en-GB","potentialAction":[{"@type":"ReadAction","target":["https:\/\/mecatek.eu\/produit\/suspensions-pneumatiques-a-commande-numerique-mck-air-connect\/"]}]},{"@type":"ImageObject","inLanguage":"en-GB","@id":"https:\/\/mecatek.eu\/produit\/suspensions-pneumatiques-a-commande-numerique-mck-air-connect\/#primaryimage","url":"https:\/\/mecatek.eu\/wp-content\/uploads\/2025\/12\/Suspensions-Air-Connect_1.jpeg","contentUrl":"https:\/\/mecatek.eu\/wp-content\/uploads\/2025\/12\/Suspensions-Air-Connect_1.jpeg","width":1200,"height":857,"caption":"Kit complet de suspensions pneumatiques \u00e0 commande num\u00e9rique MCK AIR-CONNECT"},{"@type":"BreadcrumbList","@id":"https:\/\/mecatek.eu\/produit\/suspensions-pneumatiques-a-commande-numerique-mck-air-connect\/#breadcrumb","itemListElement":[{"@type":"ListItem","position":1,"name":"Accueil","item":"https:\/\/mecatek.eu\/"},{"@type":"ListItem","position":2,"name":"Catalogue","item":"https:\/\/mecatek.eu\/catalogue\/"},{"@type":"ListItem","position":3,"name":"Suspensions pneumatiques \u00e0 commande num\u00e9rique MCK AIR-CONNECT"}]},{"@type":"WebSite","@id":"https:\/\/mecatek.eu\/#website","url":"https:\/\/mecatek.eu\/","name":"Mecatek (formerly Sawiko France)","description":"Manufacturer of towbars for motorhomes and vans - Mecatek","publisher":{"@id":"https:\/\/mecatek.eu\/#organization"},"potentialAction":[{"@type":"SearchAction","target":{"@type":"EntryPoint","urlTemplate":"https:\/\/mecatek.eu\/?s={search_term_string}"},"query-input":{"@type":"PropertyValueSpecification","valueRequired":true,"valueName":"search_term_string"}}],"inLanguage":"en-GB"},{"@type":"Organization","@id":"https:\/\/mecatek.eu\/#organization","name":"Mecatek (formerly Sawiko France)","url":"https:\/\/mecatek.eu\/","logo":{"@type":"ImageObject","inLanguage":"en-GB","@id":"https:\/\/mecatek.eu\/#\/schema\/logo\/image\/","url":"http:\/\/mecatek.eu\/wp-content\/uploads\/2026\/01\/Logo-Mecatek-Solutions-techniques-2025-300px.png","contentUrl":"http:\/\/mecatek.eu\/wp-content\/uploads\/2026\/01\/Logo-Mecatek-Solutions-techniques-2025-300px.png","width":400,"height":94,"caption":"Mecatek (ex-Sawiko France)"},"image":{"@id":"https:\/\/mecatek.eu\/#\/schema\/logo\/image\/"}}]}},"_links":{"self":[{"href":"https:\/\/mecatek.eu\/en\/wp-json\/wp\/v2\/product\/1646","targetHints":{"allow":["GET"]}}],"collection":[{"href":"https:\/\/mecatek.eu\/en\/wp-json\/wp\/v2\/product"}],"about":[{"href":"https:\/\/mecatek.eu\/en\/wp-json\/wp\/v2\/types\/product"}],"replies":[{"embeddable":true,"href":"https:\/\/mecatek.eu\/en\/wp-json\/wp\/v2\/comments?post=1646"}],"version-history":[{"count":7,"href":"https:\/\/mecatek.eu\/en\/wp-json\/wp\/v2\/product\/1646\/revisions"}],"predecessor-version":[{"id":1660,"href":"https:\/\/mecatek.eu\/en\/wp-json\/wp\/v2\/product\/1646\/revisions\/1660"}],"wp:featuredmedia":[{"embeddable":true,"href":"https:\/\/mecatek.eu\/en\/wp-json\/wp\/v2\/media\/1650"}],"wp:attachment":[{"href":"https:\/\/mecatek.eu\/en\/wp-json\/wp\/v2\/media?parent=1646"}],"wp:term":[{"taxonomy":"product_brand","embeddable":true,"href":"https:\/\/mecatek.eu\/en\/wp-json\/wp\/v2\/product_brand?post=1646"},{"taxonomy":"product_cat","embeddable":true,"href":"https:\/\/mecatek.eu\/en\/wp-json\/wp\/v2\/product_cat?post=1646"},{"taxonomy":"product_tag","embeddable":true,"href":"https:\/\/mecatek.eu\/en\/wp-json\/wp\/v2\/product_tag?post=1646"}],"curies":[{"name":"wp","href":"https:\/\/api.w.org\/{rel}","templated":true}]}}