{"id":1595,"date":"2025-12-02T17:18:18","date_gmt":"2025-12-02T16:18:18","guid":{"rendered":"https:\/\/mecatek.eu\/?post_type=product&#038;p=1595"},"modified":"2026-01-22T18:23:04","modified_gmt":"2026-01-22T17:23:04","slug":"bike-carrier-van-bike-3-for-renault-master","status":"publish","type":"product","link":"https:\/\/mecatek.eu\/en\/product\/bike-carrier-van-bike-3-for-renault-master\/","title":{"rendered":"VAN-BIKE 3 bike carrier for Renault Master"},"content":{"rendered":"<div data-elementor-type=\"product-post\" data-elementor-id=\"1595\" class=\"elementor elementor-1595\" data-elementor-post-type=\"product\">\n\t\t\t\t<div class=\"elementor-element elementor-element-469727da e-flex e-con-boxed e-con e-parent\" data-id=\"469727da\" data-element_type=\"container\" data-e-type=\"container\">\n\t\t\t\t\t<div class=\"e-con-inner\">\n\t\t<div class=\"elementor-element elementor-element-05f6d6f e-con-full e-flex e-con e-child\" data-id=\"05f6d6f\" data-element_type=\"container\" data-e-type=\"container\">\n\t\t<div class=\"elementor-element elementor-element-1097cdc e-con-full e-flex e-con e-child\" data-id=\"1097cdc\" data-element_type=\"container\" data-e-type=\"container\">\n\t\t\t\t<div class=\"elementor-element elementor-element-def8e39 elementor-widget elementor-widget-text-editor\" data-id=\"def8e39\" data-element_type=\"widget\" data-e-type=\"widget\" data-widget_type=\"text-editor.default\">\n\t\t\t\t\t\t\t\t\t<h2>Swivel bicycle rack <span style=\"color: #0079b3;\">VAN-BIKE<\/span> 3 for Renault Master panel vans<\/h2>\t\t\t\t\t\t\t\t<\/div>\n\t\t<div class=\"elementor-element elementor-element-4cb3f8d e-con-full e-flex e-con e-child\" data-id=\"4cb3f8d\" data-element_type=\"container\" data-e-type=\"container\">\n\t\t<div class=\"elementor-element elementor-element-b65f931 e-con-full e-flex e-con e-child\" data-id=\"b65f931\" data-element_type=\"container\" data-e-type=\"container\">\n\t\t\t\t<div class=\"elementor-element elementor-element-a317beb elementor-widget elementor-widget-video\" data-id=\"a317beb\" data-element_type=\"widget\" data-e-type=\"widget\" data-settings=\"{&quot;youtube_url&quot;:&quot;https:\\\/\\\/youtu.be\\\/boa_-jxISgc&quot;,&quot;video_type&quot;:&quot;youtube&quot;,&quot;controls&quot;:&quot;yes&quot;}\" data-widget_type=\"video.default\">\n\t\t\t\t\t\t\t<div class=\"elementor-wrapper elementor-open-inline\">\n\t\t\t<div class=\"elementor-video\"><\/div>\t\t<\/div>\n\t\t\t\t\t\t<\/div>\n\t\t\t\t<\/div>\n\t\t<div class=\"elementor-element elementor-element-56c6237 e-con-full e-flex e-con e-child\" data-id=\"56c6237\" data-element_type=\"container\" data-e-type=\"container\">\n\t\t\t\t<div class=\"elementor-element elementor-element-ff4c4dc elementor-widget elementor-widget-video\" data-id=\"ff4c4dc\" data-element_type=\"widget\" data-e-type=\"widget\" data-settings=\"{&quot;youtube_url&quot;:&quot;https:\\\/\\\/youtu.be\\\/_TskSJRJFyg&quot;,&quot;video_type&quot;:&quot;youtube&quot;,&quot;controls&quot;:&quot;yes&quot;}\" data-widget_type=\"video.default\">\n\t\t\t\t\t\t\t<div class=\"elementor-wrapper elementor-open-inline\">\n\t\t\t<div class=\"elementor-video\"><\/div>\t\t<\/div>\n\t\t\t\t\t\t<\/div>\n\t\t\t\t<\/div>\n\t\t\t\t<\/div>\n\t\t\t\t<div class=\"elementor-element elementor-element-67b9995 elementor-widget elementor-widget-text-editor\" data-id=\"67b9995\" data-element_type=\"widget\" data-e-type=\"widget\" data-widget_type=\"text-editor.default\">\n\t\t\t\t\t\t\t\t\t<p>The VAN-BIKE 3 bike carrier has a number of advantages for owners of converted vans such as the Renault Master 3, Nissan NV 400 and Opel Movano (2014 models to date). Firstly, the system is attached directly to the vehicle's chassis, ensuring optimum support for transporting bicycles. The pivoting system allows the rear doors to open fully, even when loaded, making it easier to access the boot. What's more, it is designed to support a load of 80 kg, making it perfectly suited to both standard and electric bicycles.<\/p>\n<p>As well as pivoting, the VAN-BIKE 3 bike carrier has a fold-down platform to save space when it's not being loaded. Finally, the VAN-BIKE 3 has a key locking system for added security.<\/p>\n<p>The VAN-BIKE 3 bike carrier is a reliable, tried-and-tested product that offers a safe and practical solution for transporting 2 standard or electrically assisted bikes. With its innovative design and clever features, the VAN-BIKE 3 is a wise choice for your Renault Master-based converted vehicle.<\/p>\n<p><b>For versions with 3 or 4 bikes, please contact us to check feasibility.<\/b><\/p>\n<h3>Advantages of the VAN-BIKE 3 bike carrier :<\/h3>\n<ul>\n<li>Robust mounting system fixed to the vehicle chassis<\/li>\n<li>Bike rack swivels more than 90\u00b0 to leave the rear doors fully open<\/li>\n<li>Folding platform<\/li>\n<li>Load capacity: 80 kg<\/li>\n<li>LED light strip<\/li>\n<li>Key locking system<\/li>\n<li>Low loading height<\/li>\n<li>Chocks and support arms<\/li>\n<\/ul>\t\t\t\t\t\t\t\t<\/div>\n\t\t\t\t<\/div>\n\t\t<div class=\"elementor-element elementor-element-a73d283 e-con-full e-flex e-con e-child\" data-id=\"a73d283\" data-element_type=\"container\" data-e-type=\"container\" data-settings=\"{&quot;background_background&quot;:&quot;classic&quot;}\">\n\t\t\t\t<div class=\"elementor-element elementor-element-7c08ab7 elementor-widget elementor-widget-image\" data-id=\"7c08ab7\" data-element_type=\"widget\" data-e-type=\"widget\" data-widget_type=\"image.default\">\n\t\t\t\t\t\t\t\t\t\t\t\t\t\t\t<img fetchpriority=\"high\" decoding=\"async\" width=\"400\" height=\"200\" src=\"https:\/\/mecatek.eu\/wp-content\/uploads\/2025\/12\/Logo-Marque-Van-Bike-3.png\" class=\"attachment-full size-full wp-image-991\" alt=\"Van-Bike 3 logo\" \/>\t\t\t\t\t\t\t\t\t\t\t\t\t\t\t<\/div>\n\t\t\t\t<div class=\"elementor-element elementor-element-10623f9 elementor-widget elementor-widget-text-editor\" data-id=\"10623f9\" data-element_type=\"widget\" data-e-type=\"widget\" data-widget_type=\"text-editor.default\">\n\t\t\t\t\t\t\t\t\t<p><strong>Technical data :<br \/><\/strong><\/p><ul><li>Empty weight: 40 Kg<\/li><li>Payload: 80 kg<\/li><\/ul><p><strong>Compatible carriers :<\/strong><\/p><ul><li>Renault Master 3<\/li><li>Nissan NV 400<\/li><li>Opel Movano (before 2022)<\/li><\/ul><p>For Renault Master III compatible chassis<\/p>\t\t\t\t\t\t\t\t<\/div>\n\t\t\t\t<div class=\"elementor-element elementor-element-b001b9b elementor-widget elementor-widget-gallery\" data-id=\"b001b9b\" data-element_type=\"widget\" data-e-type=\"widget\" data-settings=\"{&quot;columns&quot;:2,&quot;columns_mobile&quot;:2,&quot;gap&quot;:{&quot;unit&quot;:&quot;px&quot;,&quot;size&quot;:5,&quot;sizes&quot;:[]},&quot;image_hover_animation&quot;:&quot;grow&quot;,&quot;lazyload&quot;:&quot;yes&quot;,&quot;gallery_layout&quot;:&quot;grid&quot;,&quot;columns_tablet&quot;:2,&quot;gap_tablet&quot;:{&quot;unit&quot;:&quot;px&quot;,&quot;size&quot;:10,&quot;sizes&quot;:[]},&quot;gap_mobile&quot;:{&quot;unit&quot;:&quot;px&quot;,&quot;size&quot;:10,&quot;sizes&quot;:[]},&quot;aspect_ratio&quot;:&quot;3:2&quot;,&quot;content_hover_animation&quot;:&quot;fade-in&quot;}\" data-widget_type=\"gallery.default\">\n\t\t\t\t\t\t\t<div class=\"elementor-gallery__container\">\n\t\t\t\t\t\t\t<div class=\"e-gallery-item elementor-gallery-item elementor-animated-content\">\n\t\t\t\t\t<div class=\"e-gallery-image elementor-gallery-item__image\" data-thumbnail=\"https:\/\/mecatek.eu\/wp-content\/uploads\/2025\/11\/logo-renault.jpg\" data-width=\"300\" data-height=\"200\" aria-label=\"Renault logo\" role=\"img\" ><\/div>\n\t\t\t\t\t\t\t\t\t\t\t\t\t\t<\/div>\n\t\t\t\t\t\t\t<div class=\"e-gallery-item elementor-gallery-item elementor-animated-content\">\n\t\t\t\t\t<div class=\"e-gallery-image elementor-gallery-item__image\" data-thumbnail=\"https:\/\/mecatek.eu\/wp-content\/uploads\/2025\/11\/logo-nissan.jpg\" data-width=\"300\" data-height=\"200\" aria-label=\"Nissan logo\" role=\"img\" ><\/div>\n\t\t\t\t\t\t\t\t\t\t\t\t\t\t<\/div>\n\t\t\t\t\t\t\t<div class=\"e-gallery-item elementor-gallery-item elementor-animated-content\">\n\t\t\t\t\t<div class=\"e-gallery-image elementor-gallery-item__image\" data-thumbnail=\"https:\/\/mecatek.eu\/wp-content\/uploads\/2025\/11\/logo-opel.jpg\" data-width=\"300\" data-height=\"200\" aria-label=\"Opel logo\" role=\"img\" ><\/div>\n\t\t\t\t\t\t\t\t\t\t\t\t\t\t<\/div>\n\t\t\t\t\t<\/div>\n\t\t\t\t\t<\/div>\n\t\t\t\t<\/div>\n\t\t\t\t<\/div>\n\t\t\t\t\t<\/div>\n\t\t\t\t<\/div>\n\t\t\t\t<\/div>","protected":false},"excerpt":{"rendered":"<p>The VAN-BIKE 3 swivelling bicycle rack, specially designed for Renault Master, Nissan NV400 and Opel Movano vans, offers a robust and practical solution for transporting up to two bicycles, even electric ones, thanks to its 80 kg load capacity. Attached directly to the chassis, it guarantees stability and safety. Its system pivots through more than 90\u00b0, leaving the rear doors completely unobstructed. Compact and foldable, it incorporates a key lock and LED lights for added comfort and safety.<\/p>","protected":false},"featured_media":1596,"comment_status":"closed","ping_status":"closed","template":"","meta":[],"product_brand":[63],"product_cat":[57],"product_tag":[],"class_list":{"0":"post-1595","1":"product","2":"type-product","3":"status-publish","4":"has-post-thumbnail","6":"product_brand-mck","7":"product_cat-porte-velos-fourgon","9":"first","10":"instock","11":"shipping-taxable","12":"product-type-simple"},"yoast_head":"<!-- This site is optimized with the Yoast SEO plugin v26.9 - https:\/\/yoast.com\/product\/yoast-seo-wordpress\/ -->\n<title>Porte-v\u00e9los VAN-BIKE 3 pour Renault Master - Mecatek (ex-Sawiko France)<\/title>\n<meta name=\"description\" content=\"Porte-v\u00e9los VAN-BIKE 3 pour Renault Master : D\u00e9couvrez ce porte v\u00e9lo qui comprend un syst\u00e8me de fixation robuste fix\u00e9 sur le ch\u00e2ssis du v\u00e9hicule !\" \/>\n<meta name=\"robots\" content=\"index, follow, max-snippet:-1, max-image-preview:large, max-video-preview:-1\" \/>\n<link rel=\"canonical\" href=\"https:\/\/mecatek.eu\/en\/product\/bike-carrier-van-bike-3-for-renault-master\/\" \/>\n<meta property=\"og:locale\" content=\"en_GB\" \/>\n<meta property=\"og:type\" content=\"article\" \/>\n<meta property=\"og:title\" content=\"Porte-v\u00e9los VAN-BIKE 3 pour Renault Master - Mecatek (ex-Sawiko France)\" \/>\n<meta property=\"og:description\" content=\"Porte-v\u00e9los VAN-BIKE 3 pour Renault Master : D\u00e9couvrez ce porte v\u00e9lo qui comprend un syst\u00e8me de fixation robuste fix\u00e9 sur le ch\u00e2ssis du v\u00e9hicule !\" \/>\n<meta property=\"og:url\" content=\"https:\/\/mecatek.eu\/en\/product\/bike-carrier-van-bike-3-for-renault-master\/\" \/>\n<meta property=\"og:site_name\" content=\"Mecatek (ex-Sawiko France)\" \/>\n<meta property=\"article:modified_time\" content=\"2026-01-22T17:23:04+00:00\" \/>\n<meta property=\"og:image\" content=\"http:\/\/mecatek.eu\/wp-content\/uploads\/2025\/12\/porte-velos-van-bike-3-pour-renault-master-1.jpg\" \/>\n\t<meta property=\"og:image:width\" content=\"800\" \/>\n\t<meta property=\"og:image:height\" content=\"800\" \/>\n\t<meta property=\"og:image:type\" content=\"image\/jpeg\" \/>\n<meta name=\"twitter:card\" content=\"summary_large_image\" \/>\n<meta name=\"twitter:label1\" content=\"Estimated reading time\" \/>\n\t<meta name=\"twitter:data1\" content=\"2 minutes\" \/>\n<script type=\"application\/ld+json\" class=\"yoast-schema-graph\">{\"@context\":\"https:\/\/schema.org\",\"@graph\":[{\"@type\":\"WebPage\",\"@id\":\"https:\/\/mecatek.eu\/produit\/porte-velos-van-bike-3-pour-renault-master\/\",\"url\":\"https:\/\/mecatek.eu\/produit\/porte-velos-van-bike-3-pour-renault-master\/\",\"name\":\"Porte-v\u00e9los VAN-BIKE 3 pour Renault Master - Mecatek (ex-Sawiko France)\",\"isPartOf\":{\"@id\":\"https:\/\/mecatek.eu\/#website\"},\"primaryImageOfPage\":{\"@id\":\"https:\/\/mecatek.eu\/produit\/porte-velos-van-bike-3-pour-renault-master\/#primaryimage\"},\"image\":{\"@id\":\"https:\/\/mecatek.eu\/produit\/porte-velos-van-bike-3-pour-renault-master\/#primaryimage\"},\"thumbnailUrl\":\"https:\/\/mecatek.eu\/wp-content\/uploads\/2025\/12\/porte-velos-van-bike-3-pour-renault-master-1.jpg\",\"datePublished\":\"2025-12-02T16:18:18+00:00\",\"dateModified\":\"2026-01-22T17:23:04+00:00\",\"description\":\"Porte-v\u00e9los VAN-BIKE 3 pour Renault Master : D\u00e9couvrez ce porte v\u00e9lo qui comprend un syst\u00e8me de fixation robuste fix\u00e9 sur le ch\u00e2ssis du v\u00e9hicule !\",\"breadcrumb\":{\"@id\":\"https:\/\/mecatek.eu\/produit\/porte-velos-van-bike-3-pour-renault-master\/#breadcrumb\"},\"inLanguage\":\"en-GB\",\"potentialAction\":[{\"@type\":\"ReadAction\",\"target\":[\"https:\/\/mecatek.eu\/produit\/porte-velos-van-bike-3-pour-renault-master\/\"]}]},{\"@type\":\"ImageObject\",\"inLanguage\":\"en-GB\",\"@id\":\"https:\/\/mecatek.eu\/produit\/porte-velos-van-bike-3-pour-renault-master\/#primaryimage\",\"url\":\"https:\/\/mecatek.eu\/wp-content\/uploads\/2025\/12\/porte-velos-van-bike-3-pour-renault-master-1.jpg\",\"contentUrl\":\"https:\/\/mecatek.eu\/wp-content\/uploads\/2025\/12\/porte-velos-van-bike-3-pour-renault-master-1.jpg\",\"width\":800,\"height\":800,\"caption\":\"Porte-v\u00e9los VAN-BIKE 3 pour Renault Master\"},{\"@type\":\"BreadcrumbList\",\"@id\":\"https:\/\/mecatek.eu\/produit\/porte-velos-van-bike-3-pour-renault-master\/#breadcrumb\",\"itemListElement\":[{\"@type\":\"ListItem\",\"position\":1,\"name\":\"Accueil\",\"item\":\"https:\/\/mecatek.eu\/\"},{\"@type\":\"ListItem\",\"position\":2,\"name\":\"Catalogue\",\"item\":\"https:\/\/mecatek.eu\/catalogue\/\"},{\"@type\":\"ListItem\",\"position\":3,\"name\":\"Porte-v\u00e9los VAN-BIKE 3 pour Renault Master\"}]},{\"@type\":\"WebSite\",\"@id\":\"https:\/\/mecatek.eu\/#website\",\"url\":\"https:\/\/mecatek.eu\/\",\"name\":\"Mecatek (ex-Sawiko France)\",\"description\":\"Fabricant d&#039;attelages pour camping-car et fourgon - Mecatek\",\"publisher\":{\"@id\":\"https:\/\/mecatek.eu\/#organization\"},\"potentialAction\":[{\"@type\":\"SearchAction\",\"target\":{\"@type\":\"EntryPoint\",\"urlTemplate\":\"https:\/\/mecatek.eu\/?s={search_term_string}\"},\"query-input\":{\"@type\":\"PropertyValueSpecification\",\"valueRequired\":true,\"valueName\":\"search_term_string\"}}],\"inLanguage\":\"en-GB\"},{\"@type\":\"Organization\",\"@id\":\"https:\/\/mecatek.eu\/#organization\",\"name\":\"Mecatek (ex-Sawiko France)\",\"url\":\"https:\/\/mecatek.eu\/\",\"logo\":{\"@type\":\"ImageObject\",\"inLanguage\":\"en-GB\",\"@id\":\"https:\/\/mecatek.eu\/#\/schema\/logo\/image\/\",\"url\":\"http:\/\/mecatek.eu\/wp-content\/uploads\/2026\/01\/Logo-Mecatek-Solutions-techniques-2025-300px.png\",\"contentUrl\":\"http:\/\/mecatek.eu\/wp-content\/uploads\/2026\/01\/Logo-Mecatek-Solutions-techniques-2025-300px.png\",\"width\":400,\"height\":94,\"caption\":\"Mecatek (ex-Sawiko France)\"},\"image\":{\"@id\":\"https:\/\/mecatek.eu\/#\/schema\/logo\/image\/\"}}]}<\/script>\n<!-- \/ Yoast SEO plugin. -->","yoast_head_json":{"title":"VAN-BIKE 3 bike carrier for Renault Master - Mecatek (ex-Sawiko France)","description":"VAN-BIKE 3 bike carrier for Renault Master : Discover this bike carrier, which includes a sturdy fastening system fixed to the vehicle's chassis!","robots":{"index":"index","follow":"follow","max-snippet":"max-snippet:-1","max-image-preview":"max-image-preview:large","max-video-preview":"max-video-preview:-1"},"canonical":"https:\/\/mecatek.eu\/en\/product\/bike-carrier-van-bike-3-for-renault-master\/","og_locale":"en_GB","og_type":"article","og_title":"Porte-v\u00e9los VAN-BIKE 3 pour Renault Master - Mecatek (ex-Sawiko France)","og_description":"Porte-v\u00e9los VAN-BIKE 3 pour Renault Master : D\u00e9couvrez ce porte v\u00e9lo qui comprend un syst\u00e8me de fixation robuste fix\u00e9 sur le ch\u00e2ssis du v\u00e9hicule !","og_url":"https:\/\/mecatek.eu\/en\/product\/bike-carrier-van-bike-3-for-renault-master\/","og_site_name":"Mecatek (ex-Sawiko France)","article_modified_time":"2026-01-22T17:23:04+00:00","og_image":[{"width":800,"height":800,"url":"http:\/\/mecatek.eu\/wp-content\/uploads\/2025\/12\/porte-velos-van-bike-3-pour-renault-master-1.jpg","type":"image\/jpeg"}],"twitter_card":"summary_large_image","twitter_misc":{"Estimated reading time":"2 minutes"},"schema":{"@context":"https:\/\/schema.org","@graph":[{"@type":"WebPage","@id":"https:\/\/mecatek.eu\/produit\/porte-velos-van-bike-3-pour-renault-master\/","url":"https:\/\/mecatek.eu\/produit\/porte-velos-van-bike-3-pour-renault-master\/","name":"VAN-BIKE 3 bike carrier for Renault Master - Mecatek (ex-Sawiko France)","isPartOf":{"@id":"https:\/\/mecatek.eu\/#website"},"primaryImageOfPage":{"@id":"https:\/\/mecatek.eu\/produit\/porte-velos-van-bike-3-pour-renault-master\/#primaryimage"},"image":{"@id":"https:\/\/mecatek.eu\/produit\/porte-velos-van-bike-3-pour-renault-master\/#primaryimage"},"thumbnailUrl":"https:\/\/mecatek.eu\/wp-content\/uploads\/2025\/12\/porte-velos-van-bike-3-pour-renault-master-1.jpg","datePublished":"2025-12-02T16:18:18+00:00","dateModified":"2026-01-22T17:23:04+00:00","description":"VAN-BIKE 3 bike carrier for Renault Master : Discover this bike carrier, which includes a sturdy fastening system fixed to the vehicle's chassis!","breadcrumb":{"@id":"https:\/\/mecatek.eu\/produit\/porte-velos-van-bike-3-pour-renault-master\/#breadcrumb"},"inLanguage":"en-GB","potentialAction":[{"@type":"ReadAction","target":["https:\/\/mecatek.eu\/produit\/porte-velos-van-bike-3-pour-renault-master\/"]}]},{"@type":"ImageObject","inLanguage":"en-GB","@id":"https:\/\/mecatek.eu\/produit\/porte-velos-van-bike-3-pour-renault-master\/#primaryimage","url":"https:\/\/mecatek.eu\/wp-content\/uploads\/2025\/12\/porte-velos-van-bike-3-pour-renault-master-1.jpg","contentUrl":"https:\/\/mecatek.eu\/wp-content\/uploads\/2025\/12\/porte-velos-van-bike-3-pour-renault-master-1.jpg","width":800,"height":800,"caption":"Porte-v\u00e9los VAN-BIKE 3 pour Renault Master"},{"@type":"BreadcrumbList","@id":"https:\/\/mecatek.eu\/produit\/porte-velos-van-bike-3-pour-renault-master\/#breadcrumb","itemListElement":[{"@type":"ListItem","position":1,"name":"Accueil","item":"https:\/\/mecatek.eu\/"},{"@type":"ListItem","position":2,"name":"Catalogue","item":"https:\/\/mecatek.eu\/catalogue\/"},{"@type":"ListItem","position":3,"name":"Porte-v\u00e9los VAN-BIKE 3 pour Renault Master"}]},{"@type":"WebSite","@id":"https:\/\/mecatek.eu\/#website","url":"https:\/\/mecatek.eu\/","name":"Mecatek (formerly Sawiko France)","description":"Manufacturer of towbars for motorhomes and vans - Mecatek","publisher":{"@id":"https:\/\/mecatek.eu\/#organization"},"potentialAction":[{"@type":"SearchAction","target":{"@type":"EntryPoint","urlTemplate":"https:\/\/mecatek.eu\/?s={search_term_string}"},"query-input":{"@type":"PropertyValueSpecification","valueRequired":true,"valueName":"search_term_string"}}],"inLanguage":"en-GB"},{"@type":"Organization","@id":"https:\/\/mecatek.eu\/#organization","name":"Mecatek (formerly Sawiko France)","url":"https:\/\/mecatek.eu\/","logo":{"@type":"ImageObject","inLanguage":"en-GB","@id":"https:\/\/mecatek.eu\/#\/schema\/logo\/image\/","url":"http:\/\/mecatek.eu\/wp-content\/uploads\/2026\/01\/Logo-Mecatek-Solutions-techniques-2025-300px.png","contentUrl":"http:\/\/mecatek.eu\/wp-content\/uploads\/2026\/01\/Logo-Mecatek-Solutions-techniques-2025-300px.png","width":400,"height":94,"caption":"Mecatek (ex-Sawiko France)"},"image":{"@id":"https:\/\/mecatek.eu\/#\/schema\/logo\/image\/"}}]}},"_links":{"self":[{"href":"https:\/\/mecatek.eu\/en\/wp-json\/wp\/v2\/product\/1595","targetHints":{"allow":["GET"]}}],"collection":[{"href":"https:\/\/mecatek.eu\/en\/wp-json\/wp\/v2\/product"}],"about":[{"href":"https:\/\/mecatek.eu\/en\/wp-json\/wp\/v2\/types\/product"}],"replies":[{"embeddable":true,"href":"https:\/\/mecatek.eu\/en\/wp-json\/wp\/v2\/comments?post=1595"}],"version-history":[{"count":9,"href":"https:\/\/mecatek.eu\/en\/wp-json\/wp\/v2\/product\/1595\/revisions"}],"predecessor-version":[{"id":2447,"href":"https:\/\/mecatek.eu\/en\/wp-json\/wp\/v2\/product\/1595\/revisions\/2447"}],"wp:featuredmedia":[{"embeddable":true,"href":"https:\/\/mecatek.eu\/en\/wp-json\/wp\/v2\/media\/1596"}],"wp:attachment":[{"href":"https:\/\/mecatek.eu\/en\/wp-json\/wp\/v2\/media?parent=1595"}],"wp:term":[{"taxonomy":"product_brand","embeddable":true,"href":"https:\/\/mecatek.eu\/en\/wp-json\/wp\/v2\/product_brand?post=1595"},{"taxonomy":"product_cat","embeddable":true,"href":"https:\/\/mecatek.eu\/en\/wp-json\/wp\/v2\/product_cat?post=1595"},{"taxonomy":"product_tag","embeddable":true,"href":"https:\/\/mecatek.eu\/en\/wp-json\/wp\/v2\/product_tag?post=1595"}],"curies":[{"name":"wp","href":"https:\/\/api.w.org\/{rel}","templated":true}]}}