{"id":1581,"date":"2025-12-03T17:00:04","date_gmt":"2025-12-03T16:00:04","guid":{"rendered":"https:\/\/mecatek.eu\/?post_type=product&#038;p=1581"},"modified":"2026-01-22T17:47:16","modified_gmt":"2026-01-22T16:47:16","slug":"bike-carrier-on-ball-hitch-for-renault-trafic-3-vans","status":"publish","type":"product","link":"https:\/\/mecatek.eu\/en\/product\/bike-carrier-on-ball-hitch-for-renault-trafic-3-vans\/","title":{"rendered":"Bicycle carrier on towball for Renault Trafic 3 vans"},"content":{"rendered":"<div data-elementor-type=\"product-post\" data-elementor-id=\"1581\" class=\"elementor elementor-1581\" data-elementor-post-type=\"product\">\n\t\t\t\t<div class=\"elementor-element elementor-element-687eab82 e-flex e-con-boxed e-con e-parent\" data-id=\"687eab82\" data-element_type=\"container\" data-e-type=\"container\">\n\t\t\t\t\t<div class=\"e-con-inner\">\n\t\t<div class=\"elementor-element elementor-element-5eee3b0 e-con-full e-flex e-con e-child\" data-id=\"5eee3b0\" data-element_type=\"container\" data-e-type=\"container\">\n\t\t<div class=\"elementor-element elementor-element-80d8681 e-con-full e-flex e-con e-child\" data-id=\"80d8681\" data-element_type=\"container\" data-e-type=\"container\">\n\t\t\t\t<div class=\"elementor-element elementor-element-e5ecb47 elementor-widget elementor-widget-text-editor\" data-id=\"e5ecb47\" data-element_type=\"widget\" data-e-type=\"widget\" data-widget_type=\"text-editor.default\">\n\t\t\t\t\t\t\t\t\t<h2>Ball hitch bike carrier for vans <span style=\"color: #0079b3;\">Renault Trafic 3<\/span><\/h2>\t\t\t\t\t\t\t\t<\/div>\n\t\t\t\t<div class=\"elementor-element elementor-element-b56fc9a elementor-widget elementor-widget-text-editor\" data-id=\"b56fc9a\" data-element_type=\"widget\" data-e-type=\"widget\" data-widget_type=\"text-editor.default\">\n\t\t\t\t\t\t\t\t\t<p>Efficient and functional, the bike racks in the Mecatek range (formerly SAWIKO FRANCE) have a modern, elegant design.<\/p><p>The detachable bike carrier is quickly fitted to an assembly consisting of a ball with an extension and a hitch securely fixed to the underside of the vehicle chassis. Thanks to a lever, the bike carrier can be tilted, even when loaded, to give free access to your boot. It has suitable straps and bars, an anti-theft system with key and an electrical socket.<\/p><h3>Towball extension\u00a0<\/h3><p>Mecatek always listens to its customers' requests and now offers a towball extension. This device allows the towball and bike carrier assembly to be offset so that the tailgate of your converted van can be fully opened.<\/p><p>Do you own a van and want to fit it with a bike carrier to transport your bikes safely and conveniently? Mecatek offers a bike carrier compatible with Renault Trafic 3, Nissan NV 300, Opel Vivaro and Fiat Talento vans. If you have one of these van models, you can fit the <strong>bike carrier on towball<\/strong>\u00a0that we offer. Here are the main features, to show you all the advantages this equipment has to offer for transporting up to 2 bikes in the best possible conditions.<\/p><h3>Features of our ball hitch bike carrier for vans<\/h3><p>Designed to carry 2 standard or electric bicycles, this\u00a0<strong>bike carrier on towball<\/strong>\u00a0has a payload of 60 kg. That's not too much when you consider that the average weight of an electric bike is between 20 and 30 kg. With the towball, the empty weight of the bike carrier is 55 kg, and the bike carrier alone weighs 15 kg.<\/p><p>It's important to take these weight figures into account if you want to comply with the maximum payload that the chassis of your van, to which the towball is fitted, can support. If you have a Renault Trafic 3, Nissan NV 300, Opel Vivaro or Fiat Talento van, you have nothing to worry about. The towball-mounted bike carrier we offer is compatible with these models.<\/p><p>The big advantage of this bike carrier is that it can be fitted directly to the\u00a0<strong>van towball<\/strong>, This makes installation quick and easy. This fixing system also makes it easier to remove when not in use. The van must already be fitted with a ball and socket extension and a towbar securely fixed to the underside of the chassis.<\/p><p>Even when loaded, the bike carrier can be tilted by means of a lever, giving you free access to your boot without removing your bikes. When it comes to practicality and safety, this bike carrier is equipped with straps and adapted support bars, an anti-theft system with key and an electrical socket.<\/p><p>We also offer\u00a0<strong>a towball extension<\/strong>. This device allows the towball and bike carrier assembly to be moved out of the way, so that the tailgate of your converted van can be fully opened.<\/p><h3>Why choose a ball hitch bike carrier for your journeys?<\/h3><p>Install a\u00a0<strong>bike carrier on towball<\/strong>\u00a0has a number of advantages over other systems. First of all, a towball-mounted bike carrier is very easy to install and remove. You can easily assemble and dismantle it in just a few minutes.<\/p><p>In addition, the positioning of the\u00a0<strong>bicycle rack at the rear of the van<\/strong>\u00a0is advantageous when travelling, as it reduces wind resistance. Installing your bikes on the roof of your vehicle is not a good idea. Wind resistance will be high and you'll use more fuel with your van, as it will have to deliver more power to compensate for the resistance generated by the force of the wind. You can avoid this problem with a ball hitch bike carrier, which you install at the rear of your vehicle.<\/p>\t\t\t\t\t\t\t\t<\/div>\n\t\t\t\t<\/div>\n\t\t<div class=\"elementor-element elementor-element-f2b8ad4 e-con-full e-flex e-con e-child\" data-id=\"f2b8ad4\" data-element_type=\"container\" data-e-type=\"container\" data-settings=\"{&quot;background_background&quot;:&quot;classic&quot;}\">\n\t\t\t\t<div class=\"elementor-element elementor-element-bdcc41f elementor-widget elementor-widget-image\" data-id=\"bdcc41f\" data-element_type=\"widget\" data-e-type=\"widget\" data-widget_type=\"image.default\">\n\t\t\t\t\t\t\t\t\t\t\t\t\t\t\t<img fetchpriority=\"high\" decoding=\"async\" width=\"400\" height=\"200\" src=\"https:\/\/mecatek.eu\/wp-content\/uploads\/2025\/12\/Logo-Marque-MCK-Solutions-Attelage.png\" class=\"attachment-full size-full wp-image-989\" alt=\"MCK Hitch Solutions logo\" \/>\t\t\t\t\t\t\t\t\t\t\t\t\t\t\t<\/div>\n\t\t\t\t<div class=\"elementor-element elementor-element-744c347 elementor-widget elementor-widget-text-editor\" data-id=\"744c347\" data-element_type=\"widget\" data-e-type=\"widget\" data-widget_type=\"text-editor.default\">\n\t\t\t\t\t\t\t\t\t<p><strong>Technical data :<br \/><\/strong><\/p><ul><li>For 2 standard or electric bikes<\/li><li>Payload: 60 kg<\/li><li>Total empty weight: 55 kg<\/li><li>Unladen weight of bike carrier alone: 15 kg<\/li><li>Bike rack dimensions: 58x110x63 cm<\/li><li>Wheel sizes: from 14\u201d to 29\u2019<\/li><li>Max. distance between wheels: 120cm<\/li><li>Approval no. for coupling, extension and towball assembly: E13*55R02\/02*4931*00<\/li><\/ul><p><strong>Compatible carriers :<\/strong><\/p><ul><li>Renault Trafic 3<\/li><li>Nissan NV 300<\/li><li>Opel Vivaro<\/li><li>Fiat Talento<\/li><\/ul>\t\t\t\t\t\t\t\t<\/div>\n\t\t\t\t<div class=\"elementor-element elementor-element-2a07797 elementor-widget elementor-widget-gallery\" data-id=\"2a07797\" data-element_type=\"widget\" data-e-type=\"widget\" data-settings=\"{&quot;columns&quot;:2,&quot;columns_mobile&quot;:2,&quot;gap&quot;:{&quot;unit&quot;:&quot;px&quot;,&quot;size&quot;:5,&quot;sizes&quot;:[]},&quot;image_hover_animation&quot;:&quot;grow&quot;,&quot;lazyload&quot;:&quot;yes&quot;,&quot;gallery_layout&quot;:&quot;grid&quot;,&quot;columns_tablet&quot;:2,&quot;gap_tablet&quot;:{&quot;unit&quot;:&quot;px&quot;,&quot;size&quot;:10,&quot;sizes&quot;:[]},&quot;gap_mobile&quot;:{&quot;unit&quot;:&quot;px&quot;,&quot;size&quot;:10,&quot;sizes&quot;:[]},&quot;aspect_ratio&quot;:&quot;3:2&quot;,&quot;content_hover_animation&quot;:&quot;fade-in&quot;}\" data-widget_type=\"gallery.default\">\n\t\t\t\t\t\t\t<div class=\"elementor-gallery__container\">\n\t\t\t\t\t\t\t<div class=\"e-gallery-item elementor-gallery-item elementor-animated-content\">\n\t\t\t\t\t<div class=\"e-gallery-image elementor-gallery-item__image\" data-thumbnail=\"https:\/\/mecatek.eu\/wp-content\/uploads\/2025\/11\/logo-renault.jpg\" data-width=\"300\" data-height=\"200\" aria-label=\"Renault logo\" role=\"img\" ><\/div>\n\t\t\t\t\t\t\t\t\t\t\t\t\t\t<\/div>\n\t\t\t\t\t\t\t<div class=\"e-gallery-item elementor-gallery-item elementor-animated-content\">\n\t\t\t\t\t<div class=\"e-gallery-image elementor-gallery-item__image\" data-thumbnail=\"https:\/\/mecatek.eu\/wp-content\/uploads\/2025\/11\/logo-nissan.jpg\" data-width=\"300\" data-height=\"200\" aria-label=\"Nissan logo\" role=\"img\" ><\/div>\n\t\t\t\t\t\t\t\t\t\t\t\t\t\t<\/div>\n\t\t\t\t\t\t\t<div class=\"e-gallery-item elementor-gallery-item elementor-animated-content\">\n\t\t\t\t\t<div class=\"e-gallery-image elementor-gallery-item__image\" data-thumbnail=\"https:\/\/mecatek.eu\/wp-content\/uploads\/2025\/11\/logo-opel.jpg\" data-width=\"300\" data-height=\"200\" aria-label=\"Opel logo\" role=\"img\" ><\/div>\n\t\t\t\t\t\t\t\t\t\t\t\t\t\t<\/div>\n\t\t\t\t\t\t\t<div class=\"e-gallery-item elementor-gallery-item elementor-animated-content\">\n\t\t\t\t\t<div class=\"e-gallery-image elementor-gallery-item__image\" data-thumbnail=\"https:\/\/mecatek.eu\/wp-content\/uploads\/2025\/11\/logo-fiat.jpg\" data-width=\"300\" data-height=\"200\" aria-label=\"Fiat logo\" role=\"img\" ><\/div>\n\t\t\t\t\t\t\t\t\t\t\t\t\t\t<\/div>\n\t\t\t\t\t<\/div>\n\t\t\t\t\t<\/div>\n\t\t\t\t<\/div>\n\t\t\t\t<\/div>\n\t\t\t\t\t<\/div>\n\t\t\t\t<\/div>\n\t\t\t\t<\/div>","protected":false},"excerpt":{"rendered":"<p>The towball-mounted bike carrier combines modern design, quick installation, practicality with tilting access to the boot, and options like an anti-theft system and towball extension for full tailgate opening.<\/p>","protected":false},"featured_media":1584,"comment_status":"closed","ping_status":"closed","template":"","meta":[],"product_brand":[63],"product_cat":[57],"product_tag":[],"class_list":{"0":"post-1581","1":"product","2":"type-product","3":"status-publish","4":"has-post-thumbnail","6":"product_brand-mck","7":"product_cat-porte-velos-fourgon","9":"first","10":"instock","11":"shipping-taxable","12":"product-type-simple"},"yoast_head":"<!-- This site is optimized with the Yoast SEO plugin v26.9 - https:\/\/yoast.com\/product\/yoast-seo-wordpress\/ -->\n<title>Porte-v\u00e9lo sur boule d&#039;attelage pour Fourgons Renault Trafic 3 - Mecatek (ex-Sawiko France)<\/title>\n<meta name=\"description\" content=\"Porte v\u00e9lo sur boule attelage : D\u00e9couvrez le porte-v\u00e9lo sur boule d&#039;attelage propos\u00e9 par Mecatek compatible avec les fourgons Renault Trafic 3.\" \/>\n<meta name=\"robots\" content=\"index, follow, max-snippet:-1, max-image-preview:large, max-video-preview:-1\" \/>\n<link rel=\"canonical\" href=\"https:\/\/mecatek.eu\/en\/product\/bike-carrier-on-ball-hitch-for-renault-trafic-3-vans\/\" \/>\n<meta property=\"og:locale\" content=\"en_GB\" \/>\n<meta property=\"og:type\" content=\"article\" \/>\n<meta property=\"og:title\" content=\"Porte-v\u00e9lo sur boule d&#039;attelage pour Fourgons Renault Trafic 3 - Mecatek (ex-Sawiko France)\" \/>\n<meta property=\"og:description\" content=\"Porte v\u00e9lo sur boule attelage : D\u00e9couvrez le porte-v\u00e9lo sur boule d&#039;attelage propos\u00e9 par Mecatek compatible avec les fourgons Renault Trafic 3.\" \/>\n<meta property=\"og:url\" content=\"https:\/\/mecatek.eu\/en\/product\/bike-carrier-on-ball-hitch-for-renault-trafic-3-vans\/\" \/>\n<meta property=\"og:site_name\" content=\"Mecatek (ex-Sawiko France)\" \/>\n<meta property=\"article:modified_time\" content=\"2026-01-22T16:47:16+00:00\" \/>\n<meta property=\"og:image\" content=\"http:\/\/mecatek.eu\/wp-content\/uploads\/2025\/12\/porte-velos-pour-fourgons-renault-trafic-3-3.jpg\" \/>\n\t<meta property=\"og:image:width\" content=\"800\" \/>\n\t<meta property=\"og:image:height\" content=\"800\" \/>\n\t<meta property=\"og:image:type\" content=\"image\/jpeg\" \/>\n<meta name=\"twitter:card\" content=\"summary_large_image\" \/>\n<meta name=\"twitter:label1\" content=\"Estimated reading time\" \/>\n\t<meta name=\"twitter:data1\" content=\"5 minutes\" \/>\n<script type=\"application\/ld+json\" class=\"yoast-schema-graph\">{\"@context\":\"https:\/\/schema.org\",\"@graph\":[{\"@type\":\"WebPage\",\"@id\":\"https:\/\/mecatek.eu\/produit\/porte-velo-sur-boule-dattelage-pour-fourgons-renault-trafic-3\/\",\"url\":\"https:\/\/mecatek.eu\/produit\/porte-velo-sur-boule-dattelage-pour-fourgons-renault-trafic-3\/\",\"name\":\"Porte-v\u00e9lo sur boule d'attelage pour Fourgons Renault Trafic 3 - Mecatek (ex-Sawiko France)\",\"isPartOf\":{\"@id\":\"https:\/\/mecatek.eu\/#website\"},\"primaryImageOfPage\":{\"@id\":\"https:\/\/mecatek.eu\/produit\/porte-velo-sur-boule-dattelage-pour-fourgons-renault-trafic-3\/#primaryimage\"},\"image\":{\"@id\":\"https:\/\/mecatek.eu\/produit\/porte-velo-sur-boule-dattelage-pour-fourgons-renault-trafic-3\/#primaryimage\"},\"thumbnailUrl\":\"https:\/\/mecatek.eu\/wp-content\/uploads\/2025\/12\/porte-velos-pour-fourgons-renault-trafic-3-3.jpg\",\"datePublished\":\"2025-12-03T16:00:04+00:00\",\"dateModified\":\"2026-01-22T16:47:16+00:00\",\"description\":\"Porte v\u00e9lo sur boule attelage : D\u00e9couvrez le porte-v\u00e9lo sur boule d'attelage propos\u00e9 par Mecatek compatible avec les fourgons Renault Trafic 3.\",\"breadcrumb\":{\"@id\":\"https:\/\/mecatek.eu\/produit\/porte-velo-sur-boule-dattelage-pour-fourgons-renault-trafic-3\/#breadcrumb\"},\"inLanguage\":\"en-GB\",\"potentialAction\":[{\"@type\":\"ReadAction\",\"target\":[\"https:\/\/mecatek.eu\/produit\/porte-velo-sur-boule-dattelage-pour-fourgons-renault-trafic-3\/\"]}]},{\"@type\":\"ImageObject\",\"inLanguage\":\"en-GB\",\"@id\":\"https:\/\/mecatek.eu\/produit\/porte-velo-sur-boule-dattelage-pour-fourgons-renault-trafic-3\/#primaryimage\",\"url\":\"https:\/\/mecatek.eu\/wp-content\/uploads\/2025\/12\/porte-velos-pour-fourgons-renault-trafic-3-3.jpg\",\"contentUrl\":\"https:\/\/mecatek.eu\/wp-content\/uploads\/2025\/12\/porte-velos-pour-fourgons-renault-trafic-3-3.jpg\",\"width\":800,\"height\":800,\"caption\":\"Porte-v\u00e9los sur boule d'attelage pour Fourgons Renault Trafic 3 avec un v\u00e9lo \u00e9lectrique charg\u00e9\"},{\"@type\":\"BreadcrumbList\",\"@id\":\"https:\/\/mecatek.eu\/produit\/porte-velo-sur-boule-dattelage-pour-fourgons-renault-trafic-3\/#breadcrumb\",\"itemListElement\":[{\"@type\":\"ListItem\",\"position\":1,\"name\":\"Accueil\",\"item\":\"https:\/\/mecatek.eu\/\"},{\"@type\":\"ListItem\",\"position\":2,\"name\":\"Catalogue\",\"item\":\"https:\/\/mecatek.eu\/catalogue\/\"},{\"@type\":\"ListItem\",\"position\":3,\"name\":\"Porte-v\u00e9lo sur boule d&rsquo;attelage pour Fourgons Renault Trafic 3\"}]},{\"@type\":\"WebSite\",\"@id\":\"https:\/\/mecatek.eu\/#website\",\"url\":\"https:\/\/mecatek.eu\/\",\"name\":\"Mecatek (ex-Sawiko France)\",\"description\":\"Fabricant d&#039;attelages pour camping-car et fourgon - Mecatek\",\"publisher\":{\"@id\":\"https:\/\/mecatek.eu\/#organization\"},\"potentialAction\":[{\"@type\":\"SearchAction\",\"target\":{\"@type\":\"EntryPoint\",\"urlTemplate\":\"https:\/\/mecatek.eu\/?s={search_term_string}\"},\"query-input\":{\"@type\":\"PropertyValueSpecification\",\"valueRequired\":true,\"valueName\":\"search_term_string\"}}],\"inLanguage\":\"en-GB\"},{\"@type\":\"Organization\",\"@id\":\"https:\/\/mecatek.eu\/#organization\",\"name\":\"Mecatek (ex-Sawiko France)\",\"url\":\"https:\/\/mecatek.eu\/\",\"logo\":{\"@type\":\"ImageObject\",\"inLanguage\":\"en-GB\",\"@id\":\"https:\/\/mecatek.eu\/#\/schema\/logo\/image\/\",\"url\":\"http:\/\/mecatek.eu\/wp-content\/uploads\/2026\/01\/Logo-Mecatek-Solutions-techniques-2025-300px.png\",\"contentUrl\":\"http:\/\/mecatek.eu\/wp-content\/uploads\/2026\/01\/Logo-Mecatek-Solutions-techniques-2025-300px.png\",\"width\":400,\"height\":94,\"caption\":\"Mecatek (ex-Sawiko France)\"},\"image\":{\"@id\":\"https:\/\/mecatek.eu\/#\/schema\/logo\/image\/\"}}]}<\/script>\n<!-- \/ Yoast SEO plugin. -->","yoast_head_json":{"title":"Bicycle carrier on towball for Renault Trafic 3 vans - Mecatek (ex-Sawiko France)","description":"Ball hitch bike carrier : Discover Mecatek's ball hitch bike carrier, compatible with Renault Trafic 3 vans.","robots":{"index":"index","follow":"follow","max-snippet":"max-snippet:-1","max-image-preview":"max-image-preview:large","max-video-preview":"max-video-preview:-1"},"canonical":"https:\/\/mecatek.eu\/en\/product\/bike-carrier-on-ball-hitch-for-renault-trafic-3-vans\/","og_locale":"en_GB","og_type":"article","og_title":"Porte-v\u00e9lo sur boule d'attelage pour Fourgons Renault Trafic 3 - Mecatek (ex-Sawiko France)","og_description":"Porte v\u00e9lo sur boule attelage : D\u00e9couvrez le porte-v\u00e9lo sur boule d'attelage propos\u00e9 par Mecatek compatible avec les fourgons Renault Trafic 3.","og_url":"https:\/\/mecatek.eu\/en\/product\/bike-carrier-on-ball-hitch-for-renault-trafic-3-vans\/","og_site_name":"Mecatek (ex-Sawiko France)","article_modified_time":"2026-01-22T16:47:16+00:00","og_image":[{"width":800,"height":800,"url":"http:\/\/mecatek.eu\/wp-content\/uploads\/2025\/12\/porte-velos-pour-fourgons-renault-trafic-3-3.jpg","type":"image\/jpeg"}],"twitter_card":"summary_large_image","twitter_misc":{"Estimated reading time":"5 minutes"},"schema":{"@context":"https:\/\/schema.org","@graph":[{"@type":"WebPage","@id":"https:\/\/mecatek.eu\/produit\/porte-velo-sur-boule-dattelage-pour-fourgons-renault-trafic-3\/","url":"https:\/\/mecatek.eu\/produit\/porte-velo-sur-boule-dattelage-pour-fourgons-renault-trafic-3\/","name":"Bicycle carrier on towball for Renault Trafic 3 vans - Mecatek (ex-Sawiko France)","isPartOf":{"@id":"https:\/\/mecatek.eu\/#website"},"primaryImageOfPage":{"@id":"https:\/\/mecatek.eu\/produit\/porte-velo-sur-boule-dattelage-pour-fourgons-renault-trafic-3\/#primaryimage"},"image":{"@id":"https:\/\/mecatek.eu\/produit\/porte-velo-sur-boule-dattelage-pour-fourgons-renault-trafic-3\/#primaryimage"},"thumbnailUrl":"https:\/\/mecatek.eu\/wp-content\/uploads\/2025\/12\/porte-velos-pour-fourgons-renault-trafic-3-3.jpg","datePublished":"2025-12-03T16:00:04+00:00","dateModified":"2026-01-22T16:47:16+00:00","description":"Ball hitch bike carrier : Discover Mecatek's ball hitch bike carrier, compatible with Renault Trafic 3 vans.","breadcrumb":{"@id":"https:\/\/mecatek.eu\/produit\/porte-velo-sur-boule-dattelage-pour-fourgons-renault-trafic-3\/#breadcrumb"},"inLanguage":"en-GB","potentialAction":[{"@type":"ReadAction","target":["https:\/\/mecatek.eu\/produit\/porte-velo-sur-boule-dattelage-pour-fourgons-renault-trafic-3\/"]}]},{"@type":"ImageObject","inLanguage":"en-GB","@id":"https:\/\/mecatek.eu\/produit\/porte-velo-sur-boule-dattelage-pour-fourgons-renault-trafic-3\/#primaryimage","url":"https:\/\/mecatek.eu\/wp-content\/uploads\/2025\/12\/porte-velos-pour-fourgons-renault-trafic-3-3.jpg","contentUrl":"https:\/\/mecatek.eu\/wp-content\/uploads\/2025\/12\/porte-velos-pour-fourgons-renault-trafic-3-3.jpg","width":800,"height":800,"caption":"Porte-v\u00e9los sur boule d'attelage pour Fourgons Renault Trafic 3 avec un v\u00e9lo \u00e9lectrique charg\u00e9"},{"@type":"BreadcrumbList","@id":"https:\/\/mecatek.eu\/produit\/porte-velo-sur-boule-dattelage-pour-fourgons-renault-trafic-3\/#breadcrumb","itemListElement":[{"@type":"ListItem","position":1,"name":"Accueil","item":"https:\/\/mecatek.eu\/"},{"@type":"ListItem","position":2,"name":"Catalogue","item":"https:\/\/mecatek.eu\/catalogue\/"},{"@type":"ListItem","position":3,"name":"Porte-v\u00e9lo sur boule d&rsquo;attelage pour Fourgons Renault Trafic 3"}]},{"@type":"WebSite","@id":"https:\/\/mecatek.eu\/#website","url":"https:\/\/mecatek.eu\/","name":"Mecatek (formerly Sawiko France)","description":"Manufacturer of towbars for motorhomes and vans - Mecatek","publisher":{"@id":"https:\/\/mecatek.eu\/#organization"},"potentialAction":[{"@type":"SearchAction","target":{"@type":"EntryPoint","urlTemplate":"https:\/\/mecatek.eu\/?s={search_term_string}"},"query-input":{"@type":"PropertyValueSpecification","valueRequired":true,"valueName":"search_term_string"}}],"inLanguage":"en-GB"},{"@type":"Organization","@id":"https:\/\/mecatek.eu\/#organization","name":"Mecatek (formerly Sawiko France)","url":"https:\/\/mecatek.eu\/","logo":{"@type":"ImageObject","inLanguage":"en-GB","@id":"https:\/\/mecatek.eu\/#\/schema\/logo\/image\/","url":"http:\/\/mecatek.eu\/wp-content\/uploads\/2026\/01\/Logo-Mecatek-Solutions-techniques-2025-300px.png","contentUrl":"http:\/\/mecatek.eu\/wp-content\/uploads\/2026\/01\/Logo-Mecatek-Solutions-techniques-2025-300px.png","width":400,"height":94,"caption":"Mecatek (ex-Sawiko France)"},"image":{"@id":"https:\/\/mecatek.eu\/#\/schema\/logo\/image\/"}}]}},"_links":{"self":[{"href":"https:\/\/mecatek.eu\/en\/wp-json\/wp\/v2\/product\/1581","targetHints":{"allow":["GET"]}}],"collection":[{"href":"https:\/\/mecatek.eu\/en\/wp-json\/wp\/v2\/product"}],"about":[{"href":"https:\/\/mecatek.eu\/en\/wp-json\/wp\/v2\/types\/product"}],"replies":[{"embeddable":true,"href":"https:\/\/mecatek.eu\/en\/wp-json\/wp\/v2\/comments?post=1581"}],"version-history":[{"count":8,"href":"https:\/\/mecatek.eu\/en\/wp-json\/wp\/v2\/product\/1581\/revisions"}],"predecessor-version":[{"id":2445,"href":"https:\/\/mecatek.eu\/en\/wp-json\/wp\/v2\/product\/1581\/revisions\/2445"}],"wp:featuredmedia":[{"embeddable":true,"href":"https:\/\/mecatek.eu\/en\/wp-json\/wp\/v2\/media\/1584"}],"wp:attachment":[{"href":"https:\/\/mecatek.eu\/en\/wp-json\/wp\/v2\/media?parent=1581"}],"wp:term":[{"taxonomy":"product_brand","embeddable":true,"href":"https:\/\/mecatek.eu\/en\/wp-json\/wp\/v2\/product_brand?post=1581"},{"taxonomy":"product_cat","embeddable":true,"href":"https:\/\/mecatek.eu\/en\/wp-json\/wp\/v2\/product_cat?post=1581"},{"taxonomy":"product_tag","embeddable":true,"href":"https:\/\/mecatek.eu\/en\/wp-json\/wp\/v2\/product_tag?post=1581"}],"curies":[{"name":"wp","href":"https:\/\/api.w.org\/{rel}","templated":true}]}}