{"id":1556,"date":"2025-12-18T17:58:15","date_gmt":"2025-12-18T16:58:15","guid":{"rendered":"https:\/\/mecatek.eu\/?post_type=product&#038;p=1556"},"modified":"2026-01-23T12:38:08","modified_gmt":"2026-01-23T11:38:08","slug":"adventure-rack-load-carrier","status":"publish","type":"product","link":"https:\/\/mecatek.eu\/en\/product\/adventure-rack-load-carrier\/","title":{"rendered":"Adventure Rack"},"content":{"rendered":"<div data-elementor-type=\"product-post\" data-elementor-id=\"1556\" class=\"elementor elementor-1556\" data-elementor-post-type=\"product\">\n\t\t\t\t<div class=\"elementor-element elementor-element-314d8b5e e-flex e-con-boxed e-con e-parent\" data-id=\"314d8b5e\" data-element_type=\"container\" data-e-type=\"container\">\n\t\t\t\t\t<div class=\"e-con-inner\">\n\t\t<div class=\"elementor-element elementor-element-a5bc4d4 e-con-full e-flex e-con e-child\" data-id=\"a5bc4d4\" data-element_type=\"container\" data-e-type=\"container\">\n\t\t<div class=\"elementor-element elementor-element-5ef5bb3 e-con-full e-flex e-con e-child\" data-id=\"5ef5bb3\" data-element_type=\"container\" data-e-type=\"container\">\n\t\t\t\t<div class=\"elementor-element elementor-element-bc566c8 elementor-widget elementor-widget-text-editor\" data-id=\"bc566c8\" data-element_type=\"widget\" data-e-type=\"widget\" data-widget_type=\"text-editor.default\">\n\t\t\t\t\t\t\t\t\t<h2>Load carriers for vans<span style=\"color: #0079b3;\"> ADVENTURE RACK<\/span><\/h2>\t\t\t\t\t\t\t\t<\/div>\n\t\t\t\t<div class=\"elementor-element elementor-element-73a4752 elementor-widget elementor-widget-text-editor\" data-id=\"73a4752\" data-element_type=\"widget\" data-e-type=\"widget\" data-widget_type=\"text-editor.default\">\n\t\t\t\t\t\t\t\t\t<h3>The ADVENTURE RACK is a variation on the popular VAN-BIKE 2 bike carrier.<\/h3><p>Building on its experience in the design and manufacture of bicycle racks for leisure vehicles, SAWIKO France is expanding its range for vans with the arrival of the ADVENTURE RACK load carrier. This new load carrier follows in the footsteps of the VAN-BIKE-2 with its hinged fixing concept. The ADVENTURE RACK attaches to the 4 hinges on the vehicle's rear doors. It can carry 3 to 4 bikes weighing up to 60 kg.<\/p><h3>The CARGO LINE range of cases for the ADVENTURE RACK<\/h3><p>The arrival on the market of the ADVENTURE RACK load carrier is accompanied by a new range of CARGO LINE aluminium storage boxes combining robustness and practicality. Several box sizes are available to suit a wide range of uses:<\/p><p>- A large boot for transporting 2 electric bikes or any other bulky equipment in complete safety<br \/>- A compact, vertically-positioned boot that frees up space on the load carrier for other equipment, such as a spare wheel.<\/p><p>The robust design of CARGO LINE boxes makes them an ideal, durable solution for your leisure vehicle, including off-road use. With the new ADVENTURE RACK load carriers and the new range of CARGO LINE boxes, SAWIKO France offers a complete and safe solution for transporting your bicycles or sensitive equipment in the back of your van.<\/p><h3>The benefits<\/h3><ul><li>Sturdy mounting on 4 hinges<\/li><li>Available load in the boot: 50 kg<\/li><li>Folding platform<\/li><li>Fully open rear doors or tailgate<\/li><li>Can carry 3 to 4 bikes or a trunk<\/li><\/ul>\t\t\t\t\t\t\t\t<\/div>\n\t\t\t\t<\/div>\n\t\t<div class=\"elementor-element elementor-element-d293163 e-con-full e-flex e-con e-child\" data-id=\"d293163\" data-element_type=\"container\" data-e-type=\"container\" data-settings=\"{&quot;background_background&quot;:&quot;classic&quot;}\">\n\t\t\t\t<div class=\"elementor-element elementor-element-2f51471 elementor-widget elementor-widget-image\" data-id=\"2f51471\" data-element_type=\"widget\" data-e-type=\"widget\" data-widget_type=\"image.default\">\n\t\t\t\t\t\t\t\t\t\t\t\t\t\t\t<img fetchpriority=\"high\" decoding=\"async\" width=\"400\" height=\"200\" src=\"https:\/\/mecatek.eu\/wp-content\/uploads\/2025\/12\/Logo-Marque-Adventure-Rack.png\" class=\"attachment-full size-full wp-image-981\" alt=\"Adventure Rack logo\" \/>\t\t\t\t\t\t\t\t\t\t\t\t\t\t\t<\/div>\n\t\t\t\t<div class=\"elementor-element elementor-element-9fd5e8c elementor-widget elementor-widget-text-editor\" data-id=\"9fd5e8c\" data-element_type=\"widget\" data-e-type=\"widget\" data-widget_type=\"text-editor.default\">\n\t\t\t\t\t\t\t\t\t<p><strong>Technical data :<br \/><\/strong>Up to 4 bikes or 1 box<br \/>Payload: 60 kg<br \/>Load in boot: 50 kg<\/p><p><strong>Com vehicles<\/strong><strong>patibles :<\/strong><\/p><ul><li>Fiat Ducato<\/li><li>Peugeot Boxer<\/li><li>Citro\u00ebn Jumper<\/li><li>Opel Movano (from 2022)<\/li><li>Mercedes Sprinter (from 2006)<\/li><li>VW Crafter (from 2006)<\/li><li>MAN TGE (from 2006)<\/li><\/ul>\t\t\t\t\t\t\t\t<\/div>\n\t\t\t\t<\/div>\n\t\t\t\t<\/div>\n\t\t\t\t\t<\/div>\n\t\t\t\t<\/div>\n\t\t\t\t<\/div>","protected":false},"excerpt":{"rendered":"<p>Discover the ADVENTURE RACK load carrier, an evolution of the VAN-BIKE 2 bike carrier for Fiat Ducato, Peugeot Boxer, Citro\u00ebn Jumper and Opel Movano vans (from 2022). Attached to the 4 rear hinges, it can carry 3 to 4 bikes or a storage box. The new range of aluminium CARGO LINE boxes comes in a range of sizes to suit all needs<\/p>","protected":false},"featured_media":1562,"comment_status":"closed","ping_status":"closed","template":"","meta":[],"product_brand":[63],"product_cat":[57],"product_tag":[],"class_list":{"0":"post-1556","1":"product","2":"type-product","3":"status-publish","4":"has-post-thumbnail","6":"product_brand-mck","7":"product_cat-porte-velos-fourgon","9":"first","10":"instock","11":"shipping-taxable","12":"product-type-simple"},"yoast_head":"<!-- This site is optimized with the Yoast SEO plugin v26.9 - https:\/\/yoast.com\/product\/yoast-seo-wordpress\/ -->\n<title>Porte-charges Adventure Rack - Mecatek (ex-Sawiko France)<\/title>\n<meta name=\"description\" content=\"D\u00e9couvrez le porte-charges ADVENTURE RACK, \u00e9volution du porte-v\u00e9los VAN-BIKE 2 pour fourgons Fiat Ducato, Peugeot Boxer, Citro\u00ebn Jumper et Opel Movano (\u00e0 partir de 2022). Fix\u00e9 sur les 4 charni\u00e8res arri\u00e8re, il permet de transporter de 3 \u00e0 4 v\u00e9los ou un coffre de rangement. La nouvelle gamme de coffres CARGO LINE en aluminium offre diverses tailles pour r\u00e9pondre \u00e0 tous les besoins\" \/>\n<meta name=\"robots\" content=\"index, follow, max-snippet:-1, max-image-preview:large, max-video-preview:-1\" \/>\n<link rel=\"canonical\" href=\"https:\/\/mecatek.eu\/en\/product\/adventure-rack-load-carrier\/\" \/>\n<meta property=\"og:locale\" content=\"en_GB\" \/>\n<meta property=\"og:type\" content=\"article\" \/>\n<meta property=\"og:title\" content=\"Porte-charges Adventure Rack - Mecatek (ex-Sawiko France)\" \/>\n<meta property=\"og:description\" content=\"D\u00e9couvrez le porte-charges ADVENTURE RACK, \u00e9volution du porte-v\u00e9los VAN-BIKE 2 pour fourgons Fiat Ducato, Peugeot Boxer, Citro\u00ebn Jumper et Opel Movano (\u00e0 partir de 2022). Fix\u00e9 sur les 4 charni\u00e8res arri\u00e8re, il permet de transporter de 3 \u00e0 4 v\u00e9los ou un coffre de rangement. La nouvelle gamme de coffres CARGO LINE en aluminium offre diverses tailles pour r\u00e9pondre \u00e0 tous les besoins\" \/>\n<meta property=\"og:url\" content=\"https:\/\/mecatek.eu\/en\/product\/adventure-rack-load-carrier\/\" \/>\n<meta property=\"og:site_name\" content=\"Mecatek (ex-Sawiko France)\" \/>\n<meta property=\"article:modified_time\" content=\"2026-01-23T11:38:08+00:00\" \/>\n<meta property=\"og:image\" content=\"http:\/\/mecatek.eu\/wp-content\/uploads\/2025\/12\/porte-charges-adventure-rack-1.jpg\" \/>\n\t<meta property=\"og:image:width\" content=\"800\" \/>\n\t<meta property=\"og:image:height\" content=\"800\" \/>\n\t<meta property=\"og:image:type\" content=\"image\/jpeg\" \/>\n<meta name=\"twitter:card\" content=\"summary_large_image\" \/>\n<meta name=\"twitter:label1\" content=\"Estimated reading time\" \/>\n\t<meta name=\"twitter:data1\" content=\"3 minutes\" \/>\n<script type=\"application\/ld+json\" class=\"yoast-schema-graph\">{\"@context\":\"https:\/\/schema.org\",\"@graph\":[{\"@type\":\"WebPage\",\"@id\":\"https:\/\/mecatek.eu\/produit\/porte-charges-adventure-rack\/\",\"url\":\"https:\/\/mecatek.eu\/produit\/porte-charges-adventure-rack\/\",\"name\":\"Porte-charges Adventure Rack - Mecatek (ex-Sawiko France)\",\"isPartOf\":{\"@id\":\"https:\/\/mecatek.eu\/#website\"},\"primaryImageOfPage\":{\"@id\":\"https:\/\/mecatek.eu\/produit\/porte-charges-adventure-rack\/#primaryimage\"},\"image\":{\"@id\":\"https:\/\/mecatek.eu\/produit\/porte-charges-adventure-rack\/#primaryimage\"},\"thumbnailUrl\":\"https:\/\/mecatek.eu\/wp-content\/uploads\/2025\/12\/porte-charges-adventure-rack-1.jpg\",\"datePublished\":\"2025-12-18T16:58:15+00:00\",\"dateModified\":\"2026-01-23T11:38:08+00:00\",\"description\":\"D\u00e9couvrez le porte-charges ADVENTURE RACK, \u00e9volution du porte-v\u00e9los VAN-BIKE 2 pour fourgons Fiat Ducato, Peugeot Boxer, Citro\u00ebn Jumper et Opel Movano (\u00e0 partir de 2022). Fix\u00e9 sur les 4 charni\u00e8res arri\u00e8re, il permet de transporter de 3 \u00e0 4 v\u00e9los ou un coffre de rangement. La nouvelle gamme de coffres CARGO LINE en aluminium offre diverses tailles pour r\u00e9pondre \u00e0 tous les besoins\",\"breadcrumb\":{\"@id\":\"https:\/\/mecatek.eu\/produit\/porte-charges-adventure-rack\/#breadcrumb\"},\"inLanguage\":\"en-GB\",\"potentialAction\":[{\"@type\":\"ReadAction\",\"target\":[\"https:\/\/mecatek.eu\/produit\/porte-charges-adventure-rack\/\"]}]},{\"@type\":\"ImageObject\",\"inLanguage\":\"en-GB\",\"@id\":\"https:\/\/mecatek.eu\/produit\/porte-charges-adventure-rack\/#primaryimage\",\"url\":\"https:\/\/mecatek.eu\/wp-content\/uploads\/2025\/12\/porte-charges-adventure-rack-1.jpg\",\"contentUrl\":\"https:\/\/mecatek.eu\/wp-content\/uploads\/2025\/12\/porte-charges-adventure-rack-1.jpg\",\"width\":800,\"height\":800,\"caption\":\"Porte-charges Adventure Rack\"},{\"@type\":\"BreadcrumbList\",\"@id\":\"https:\/\/mecatek.eu\/produit\/porte-charges-adventure-rack\/#breadcrumb\",\"itemListElement\":[{\"@type\":\"ListItem\",\"position\":1,\"name\":\"Accueil\",\"item\":\"https:\/\/mecatek.eu\/\"},{\"@type\":\"ListItem\",\"position\":2,\"name\":\"Catalogue\",\"item\":\"https:\/\/mecatek.eu\/catalogue\/\"},{\"@type\":\"ListItem\",\"position\":3,\"name\":\"Porte-charges Adventure Rack\"}]},{\"@type\":\"WebSite\",\"@id\":\"https:\/\/mecatek.eu\/#website\",\"url\":\"https:\/\/mecatek.eu\/\",\"name\":\"Mecatek (ex-Sawiko France)\",\"description\":\"Fabricant d&#039;attelages pour camping-car et fourgon - Mecatek\",\"publisher\":{\"@id\":\"https:\/\/mecatek.eu\/#organization\"},\"potentialAction\":[{\"@type\":\"SearchAction\",\"target\":{\"@type\":\"EntryPoint\",\"urlTemplate\":\"https:\/\/mecatek.eu\/?s={search_term_string}\"},\"query-input\":{\"@type\":\"PropertyValueSpecification\",\"valueRequired\":true,\"valueName\":\"search_term_string\"}}],\"inLanguage\":\"en-GB\"},{\"@type\":\"Organization\",\"@id\":\"https:\/\/mecatek.eu\/#organization\",\"name\":\"Mecatek (ex-Sawiko France)\",\"url\":\"https:\/\/mecatek.eu\/\",\"logo\":{\"@type\":\"ImageObject\",\"inLanguage\":\"en-GB\",\"@id\":\"https:\/\/mecatek.eu\/#\/schema\/logo\/image\/\",\"url\":\"http:\/\/mecatek.eu\/wp-content\/uploads\/2026\/01\/Logo-Mecatek-Solutions-techniques-2025-300px.png\",\"contentUrl\":\"http:\/\/mecatek.eu\/wp-content\/uploads\/2026\/01\/Logo-Mecatek-Solutions-techniques-2025-300px.png\",\"width\":400,\"height\":94,\"caption\":\"Mecatek (ex-Sawiko France)\"},\"image\":{\"@id\":\"https:\/\/mecatek.eu\/#\/schema\/logo\/image\/\"}}]}<\/script>\n<!-- \/ Yoast SEO plugin. -->","yoast_head_json":{"title":"Adventure Rack - Mecatek (ex-Sawiko France)","description":"Discover the ADVENTURE RACK load carrier, an evolution of the VAN-BIKE 2 bike carrier for Fiat Ducato, Peugeot Boxer, Citro\u00ebn Jumper and Opel Movano vans (from 2022). Attached to the 4 rear hinges, it can carry 3 to 4 bikes or a storage box. The new range of aluminium CARGO LINE boxes comes in a range of sizes to suit all needs","robots":{"index":"index","follow":"follow","max-snippet":"max-snippet:-1","max-image-preview":"max-image-preview:large","max-video-preview":"max-video-preview:-1"},"canonical":"https:\/\/mecatek.eu\/en\/product\/adventure-rack-load-carrier\/","og_locale":"en_GB","og_type":"article","og_title":"Porte-charges Adventure Rack - Mecatek (ex-Sawiko France)","og_description":"D\u00e9couvrez le porte-charges ADVENTURE RACK, \u00e9volution du porte-v\u00e9los VAN-BIKE 2 pour fourgons Fiat Ducato, Peugeot Boxer, Citro\u00ebn Jumper et Opel Movano (\u00e0 partir de 2022). Fix\u00e9 sur les 4 charni\u00e8res arri\u00e8re, il permet de transporter de 3 \u00e0 4 v\u00e9los ou un coffre de rangement. La nouvelle gamme de coffres CARGO LINE en aluminium offre diverses tailles pour r\u00e9pondre \u00e0 tous les besoins","og_url":"https:\/\/mecatek.eu\/en\/product\/adventure-rack-load-carrier\/","og_site_name":"Mecatek (ex-Sawiko France)","article_modified_time":"2026-01-23T11:38:08+00:00","og_image":[{"width":800,"height":800,"url":"http:\/\/mecatek.eu\/wp-content\/uploads\/2025\/12\/porte-charges-adventure-rack-1.jpg","type":"image\/jpeg"}],"twitter_card":"summary_large_image","twitter_misc":{"Estimated reading time":"3 minutes"},"schema":{"@context":"https:\/\/schema.org","@graph":[{"@type":"WebPage","@id":"https:\/\/mecatek.eu\/produit\/porte-charges-adventure-rack\/","url":"https:\/\/mecatek.eu\/produit\/porte-charges-adventure-rack\/","name":"Adventure Rack - Mecatek (ex-Sawiko France)","isPartOf":{"@id":"https:\/\/mecatek.eu\/#website"},"primaryImageOfPage":{"@id":"https:\/\/mecatek.eu\/produit\/porte-charges-adventure-rack\/#primaryimage"},"image":{"@id":"https:\/\/mecatek.eu\/produit\/porte-charges-adventure-rack\/#primaryimage"},"thumbnailUrl":"https:\/\/mecatek.eu\/wp-content\/uploads\/2025\/12\/porte-charges-adventure-rack-1.jpg","datePublished":"2025-12-18T16:58:15+00:00","dateModified":"2026-01-23T11:38:08+00:00","description":"Discover the ADVENTURE RACK load carrier, an evolution of the VAN-BIKE 2 bike carrier for Fiat Ducato, Peugeot Boxer, Citro\u00ebn Jumper and Opel Movano vans (from 2022). Attached to the 4 rear hinges, it can carry 3 to 4 bikes or a storage box. The new range of aluminium CARGO LINE boxes comes in a range of sizes to suit all needs","breadcrumb":{"@id":"https:\/\/mecatek.eu\/produit\/porte-charges-adventure-rack\/#breadcrumb"},"inLanguage":"en-GB","potentialAction":[{"@type":"ReadAction","target":["https:\/\/mecatek.eu\/produit\/porte-charges-adventure-rack\/"]}]},{"@type":"ImageObject","inLanguage":"en-GB","@id":"https:\/\/mecatek.eu\/produit\/porte-charges-adventure-rack\/#primaryimage","url":"https:\/\/mecatek.eu\/wp-content\/uploads\/2025\/12\/porte-charges-adventure-rack-1.jpg","contentUrl":"https:\/\/mecatek.eu\/wp-content\/uploads\/2025\/12\/porte-charges-adventure-rack-1.jpg","width":800,"height":800,"caption":"Porte-charges Adventure Rack"},{"@type":"BreadcrumbList","@id":"https:\/\/mecatek.eu\/produit\/porte-charges-adventure-rack\/#breadcrumb","itemListElement":[{"@type":"ListItem","position":1,"name":"Accueil","item":"https:\/\/mecatek.eu\/"},{"@type":"ListItem","position":2,"name":"Catalogue","item":"https:\/\/mecatek.eu\/catalogue\/"},{"@type":"ListItem","position":3,"name":"Porte-charges Adventure Rack"}]},{"@type":"WebSite","@id":"https:\/\/mecatek.eu\/#website","url":"https:\/\/mecatek.eu\/","name":"Mecatek (formerly Sawiko France)","description":"Manufacturer of towbars for motorhomes and vans - Mecatek","publisher":{"@id":"https:\/\/mecatek.eu\/#organization"},"potentialAction":[{"@type":"SearchAction","target":{"@type":"EntryPoint","urlTemplate":"https:\/\/mecatek.eu\/?s={search_term_string}"},"query-input":{"@type":"PropertyValueSpecification","valueRequired":true,"valueName":"search_term_string"}}],"inLanguage":"en-GB"},{"@type":"Organization","@id":"https:\/\/mecatek.eu\/#organization","name":"Mecatek (formerly Sawiko France)","url":"https:\/\/mecatek.eu\/","logo":{"@type":"ImageObject","inLanguage":"en-GB","@id":"https:\/\/mecatek.eu\/#\/schema\/logo\/image\/","url":"http:\/\/mecatek.eu\/wp-content\/uploads\/2026\/01\/Logo-Mecatek-Solutions-techniques-2025-300px.png","contentUrl":"http:\/\/mecatek.eu\/wp-content\/uploads\/2026\/01\/Logo-Mecatek-Solutions-techniques-2025-300px.png","width":400,"height":94,"caption":"Mecatek (ex-Sawiko France)"},"image":{"@id":"https:\/\/mecatek.eu\/#\/schema\/logo\/image\/"}}]}},"_links":{"self":[{"href":"https:\/\/mecatek.eu\/en\/wp-json\/wp\/v2\/product\/1556","targetHints":{"allow":["GET"]}}],"collection":[{"href":"https:\/\/mecatek.eu\/en\/wp-json\/wp\/v2\/product"}],"about":[{"href":"https:\/\/mecatek.eu\/en\/wp-json\/wp\/v2\/types\/product"}],"replies":[{"embeddable":true,"href":"https:\/\/mecatek.eu\/en\/wp-json\/wp\/v2\/comments?post=1556"}],"version-history":[{"count":5,"href":"https:\/\/mecatek.eu\/en\/wp-json\/wp\/v2\/product\/1556\/revisions"}],"predecessor-version":[{"id":1567,"href":"https:\/\/mecatek.eu\/en\/wp-json\/wp\/v2\/product\/1556\/revisions\/1567"}],"wp:featuredmedia":[{"embeddable":true,"href":"https:\/\/mecatek.eu\/en\/wp-json\/wp\/v2\/media\/1562"}],"wp:attachment":[{"href":"https:\/\/mecatek.eu\/en\/wp-json\/wp\/v2\/media?parent=1556"}],"wp:term":[{"taxonomy":"product_brand","embeddable":true,"href":"https:\/\/mecatek.eu\/en\/wp-json\/wp\/v2\/product_brand?post=1556"},{"taxonomy":"product_cat","embeddable":true,"href":"https:\/\/mecatek.eu\/en\/wp-json\/wp\/v2\/product_cat?post=1556"},{"taxonomy":"product_tag","embeddable":true,"href":"https:\/\/mecatek.eu\/en\/wp-json\/wp\/v2\/product_tag?post=1556"}],"curies":[{"name":"wp","href":"https:\/\/api.w.org\/{rel}","templated":true}]}}