{"id":1402,"date":"2025-11-12T14:22:04","date_gmt":"2025-11-12T13:22:04","guid":{"rendered":"https:\/\/mecatek.eu\/?post_type=product&#038;p=1402"},"modified":"2026-01-22T18:08:24","modified_gmt":"2026-01-22T17:08:24","slug":"kaleo-loading-system","status":"publish","type":"product","link":"https:\/\/mecatek.eu\/en\/product\/kaleo-loading-system\/","title":{"rendered":"Kal\u00e9o loading system"},"content":{"rendered":"<div data-elementor-type=\"product-post\" data-elementor-id=\"1402\" class=\"elementor elementor-1402\" data-elementor-post-type=\"product\">\n\t\t\t\t<div class=\"elementor-element elementor-element-3c16d169 e-flex e-con-boxed e-con e-parent\" data-id=\"3c16d169\" data-element_type=\"container\" data-e-type=\"container\">\n\t\t\t\t\t<div class=\"e-con-inner\">\n\t\t<div class=\"elementor-element elementor-element-ea115e5 e-con-full e-flex e-con e-child\" data-id=\"ea115e5\" data-element_type=\"container\" data-e-type=\"container\">\n\t\t<div class=\"elementor-element elementor-element-4fa3874 e-con-full e-flex e-con e-child\" data-id=\"4fa3874\" data-element_type=\"container\" data-e-type=\"container\">\n\t\t\t\t<div class=\"elementor-element elementor-element-2576070 elementor-widget elementor-widget-text-editor\" data-id=\"2576070\" data-element_type=\"widget\" data-e-type=\"widget\" data-widget_type=\"text-editor.default\">\n\t\t\t\t\t\t\t\t\t<h2>Loading system <span style=\"color: #0079b3;\">Kal\u00e9o<\/span><\/h2>\t\t\t\t\t\t\t\t<\/div>\n\t\t\t\t<div class=\"elementor-element elementor-element-339325f elementor-widget elementor-widget-video\" data-id=\"339325f\" data-element_type=\"widget\" data-e-type=\"widget\" data-settings=\"{&quot;youtube_url&quot;:&quot;https:\\\/\\\/youtu.be\\\/jtIGezlp-64&quot;,&quot;video_type&quot;:&quot;youtube&quot;,&quot;controls&quot;:&quot;yes&quot;}\" data-widget_type=\"video.default\">\n\t\t\t\t\t\t\t<div class=\"elementor-wrapper elementor-open-inline\">\n\t\t\t<div class=\"elementor-video\"><\/div>\t\t<\/div>\n\t\t\t\t\t\t<\/div>\n\t\t\t\t<div class=\"elementor-element elementor-element-75cc503 elementor-widget elementor-widget-text-editor\" data-id=\"75cc503\" data-element_type=\"widget\" data-e-type=\"widget\" data-widget_type=\"text-editor.default\">\n\t\t\t\t\t\t\t\t\t<p>Your motorbike or scooter will be moved simply and efficiently into your luggage compartment, and will be completely secure once loaded. What's more, the electric winch will assist you so you don't have to exert any major effort.<\/p><p>The loading ramp can carry up to 250 kg, so the load limit will be determined by the load capacity of your hold.<\/p><p>This system is not limited to motorhome holds, and can also be installed on vans or trailers, for example.<\/p><p><strong>Available in :<\/strong><\/p><ul><li>1 motorbike<\/li><\/ul><p align=\"justify\"><strong>Composition \/ Supplied with :<\/strong><\/p><ul><li>Electric winch with remote control for effortless loading<\/li><li>Curved handrail, made up of several parts to optimise storage<\/li><li>Universal ramp adaptable to different loading heights<\/li><li>Practical and safe \u00abrocker\u00bb wheel lock trolley for perfect wheel retention<\/li><li>Rear wheel lock<\/li><li>Fixed span rail for hold<\/li><li>Straps<\/li><\/ul><p><span style=\"color: #ff0000;\">Please note that you need to make sure that your vehicle is equipped to accept this system (load compartment dimensions, authorised weight, plug...), and that your motorbike\/scooter meets the product's specifications (max. tyre width 195 mm). We look forward to hearing from you!<\/span><\/p><p><span style=\"color: #ff0000;\">A Kaleo set weighs around 70kg, so be sure to deduct this from the payload of your hold.<\/span><\/p>\t\t\t\t\t\t\t\t<\/div>\n\t\t\t\t<\/div>\n\t\t<div class=\"elementor-element elementor-element-f6a8c34 e-con-full e-flex e-con e-child\" data-id=\"f6a8c34\" data-element_type=\"container\" data-e-type=\"container\" data-settings=\"{&quot;background_background&quot;:&quot;classic&quot;}\">\n\t\t\t\t<div class=\"elementor-element elementor-element-e74f2cc elementor-widget elementor-widget-image\" data-id=\"e74f2cc\" data-element_type=\"widget\" data-e-type=\"widget\" data-widget_type=\"image.default\">\n\t\t\t\t\t\t\t\t\t\t\t\t\t\t\t<img fetchpriority=\"high\" decoding=\"async\" width=\"400\" height=\"200\" src=\"https:\/\/mecatek.eu\/wp-content\/uploads\/2025\/11\/Logo-systeme-chargement.png\" class=\"attachment-full size-full wp-image-1072\" alt=\"\" \/>\t\t\t\t\t\t\t\t\t\t\t\t\t\t\t<\/div>\n\t\t\t\t<div class=\"elementor-element elementor-element-b33e534 elementor-widget elementor-widget-text-editor\" data-id=\"b33e534\" data-element_type=\"widget\" data-e-type=\"widget\" data-widget_type=\"text-editor.default\">\n\t\t\t\t\t\t\t\t\t<p><strong>Technical data :<br \/><\/strong>Empty weight: 70 kg<br \/>Payload: 250 kg<br \/>Maximum tyre width: 195 mm<\/p>\t\t\t\t\t\t\t\t<\/div>\n\t\t\t\t<\/div>\n\t\t\t\t<\/div>\n\t\t\t\t\t<\/div>\n\t\t\t\t<\/div>\n\t\t\t\t<\/div>","protected":false},"excerpt":{"rendered":"<p>The Kal\u00e9o system makes it easy to load and transport your motorbike or scooter safely in the hold of your motorhome, in your van or on a trailer. Thanks to its ramp and electric winch, it moves your 2-wheeler easily and without any major effort on your part, up to 350 kg, within the vehicle's load capacity.<\/p>","protected":false},"featured_media":1404,"comment_status":"closed","ping_status":"closed","template":"","meta":[],"product_brand":[],"product_cat":[33,82],"product_tag":[],"class_list":{"0":"post-1402","1":"product","2":"type-product","3":"status-publish","4":"has-post-thumbnail","6":"product_cat-systemes-pour-soutes","7":"product_cat-systemes-de-chargement-pour-fourgons","9":"first","10":"instock","11":"shipping-taxable","12":"product-type-simple"},"yoast_head":"<!-- This site is optimized with the Yoast SEO plugin v26.9 - https:\/\/yoast.com\/product\/yoast-seo-wordpress\/ -->\n<title>Syst\u00e8me de chargement Kal\u00e9o - Mecatek (ex-Sawiko France)<\/title>\n<meta name=\"description\" content=\"D\u00e9couvrez le kit de chargement Kal\u00e9o avec treuil \u00e9lectrique, la solution id\u00e9ale pour charger une moto ou un scooter dans votre v\u00e9hicule ou sur une remorque\" \/>\n<meta name=\"robots\" content=\"index, follow, max-snippet:-1, max-image-preview:large, max-video-preview:-1\" \/>\n<link rel=\"canonical\" href=\"https:\/\/mecatek.eu\/en\/product\/kaleo-loading-system\/\" \/>\n<meta property=\"og:locale\" content=\"en_GB\" \/>\n<meta property=\"og:type\" content=\"article\" \/>\n<meta property=\"og:title\" content=\"Syst\u00e8me de chargement Kal\u00e9o - Mecatek (ex-Sawiko France)\" \/>\n<meta property=\"og:description\" content=\"D\u00e9couvrez le kit de chargement Kal\u00e9o avec treuil \u00e9lectrique, la solution id\u00e9ale pour charger une moto ou un scooter dans votre v\u00e9hicule ou sur une remorque\" \/>\n<meta property=\"og:url\" content=\"https:\/\/mecatek.eu\/en\/product\/kaleo-loading-system\/\" \/>\n<meta property=\"og:site_name\" content=\"Mecatek (ex-Sawiko France)\" \/>\n<meta property=\"article:modified_time\" content=\"2026-01-22T17:08:24+00:00\" \/>\n<meta property=\"og:image\" content=\"http:\/\/mecatek.eu\/wp-content\/uploads\/2025\/12\/systeme-chargement-camping-car-fourgon-kaleo-002.jpg\" \/>\n\t<meta property=\"og:image:width\" content=\"800\" \/>\n\t<meta property=\"og:image:height\" content=\"800\" \/>\n\t<meta property=\"og:image:type\" content=\"image\/jpeg\" \/>\n<meta name=\"twitter:card\" content=\"summary_large_image\" \/>\n<meta name=\"twitter:label1\" content=\"Estimated reading time\" \/>\n\t<meta name=\"twitter:data1\" content=\"2 minutes\" \/>\n<script type=\"application\/ld+json\" class=\"yoast-schema-graph\">{\"@context\":\"https:\/\/schema.org\",\"@graph\":[{\"@type\":\"WebPage\",\"@id\":\"https:\/\/mecatek.eu\/produit\/systeme-de-chargement-kaleo\/\",\"url\":\"https:\/\/mecatek.eu\/produit\/systeme-de-chargement-kaleo\/\",\"name\":\"Syst\u00e8me de chargement Kal\u00e9o - Mecatek (ex-Sawiko France)\",\"isPartOf\":{\"@id\":\"https:\/\/mecatek.eu\/#website\"},\"primaryImageOfPage\":{\"@id\":\"https:\/\/mecatek.eu\/produit\/systeme-de-chargement-kaleo\/#primaryimage\"},\"image\":{\"@id\":\"https:\/\/mecatek.eu\/produit\/systeme-de-chargement-kaleo\/#primaryimage\"},\"thumbnailUrl\":\"https:\/\/mecatek.eu\/wp-content\/uploads\/2025\/12\/systeme-chargement-camping-car-fourgon-kaleo-002.jpg\",\"datePublished\":\"2025-11-12T13:22:04+00:00\",\"dateModified\":\"2026-01-22T17:08:24+00:00\",\"description\":\"D\u00e9couvrez le kit de chargement Kal\u00e9o avec treuil \u00e9lectrique, la solution id\u00e9ale pour charger une moto ou un scooter dans votre v\u00e9hicule ou sur une remorque\",\"breadcrumb\":{\"@id\":\"https:\/\/mecatek.eu\/produit\/systeme-de-chargement-kaleo\/#breadcrumb\"},\"inLanguage\":\"en-GB\",\"potentialAction\":[{\"@type\":\"ReadAction\",\"target\":[\"https:\/\/mecatek.eu\/produit\/systeme-de-chargement-kaleo\/\"]}]},{\"@type\":\"ImageObject\",\"inLanguage\":\"en-GB\",\"@id\":\"https:\/\/mecatek.eu\/produit\/systeme-de-chargement-kaleo\/#primaryimage\",\"url\":\"https:\/\/mecatek.eu\/wp-content\/uploads\/2025\/12\/systeme-chargement-camping-car-fourgon-kaleo-002.jpg\",\"contentUrl\":\"https:\/\/mecatek.eu\/wp-content\/uploads\/2025\/12\/systeme-chargement-camping-car-fourgon-kaleo-002.jpg\",\"width\":800,\"height\":800,\"caption\":\"Kit complet du syst\u00e8me de chargement Kal\u00e9o\"},{\"@type\":\"BreadcrumbList\",\"@id\":\"https:\/\/mecatek.eu\/produit\/systeme-de-chargement-kaleo\/#breadcrumb\",\"itemListElement\":[{\"@type\":\"ListItem\",\"position\":1,\"name\":\"Accueil\",\"item\":\"https:\/\/mecatek.eu\/\"},{\"@type\":\"ListItem\",\"position\":2,\"name\":\"Catalogue\",\"item\":\"https:\/\/mecatek.eu\/catalogue\/\"},{\"@type\":\"ListItem\",\"position\":3,\"name\":\"Syst\u00e8me de chargement Kal\u00e9o\"}]},{\"@type\":\"WebSite\",\"@id\":\"https:\/\/mecatek.eu\/#website\",\"url\":\"https:\/\/mecatek.eu\/\",\"name\":\"Mecatek (ex-Sawiko France)\",\"description\":\"Fabricant d&#039;attelages pour camping-car et fourgon - Mecatek\",\"publisher\":{\"@id\":\"https:\/\/mecatek.eu\/#organization\"},\"potentialAction\":[{\"@type\":\"SearchAction\",\"target\":{\"@type\":\"EntryPoint\",\"urlTemplate\":\"https:\/\/mecatek.eu\/?s={search_term_string}\"},\"query-input\":{\"@type\":\"PropertyValueSpecification\",\"valueRequired\":true,\"valueName\":\"search_term_string\"}}],\"inLanguage\":\"en-GB\"},{\"@type\":\"Organization\",\"@id\":\"https:\/\/mecatek.eu\/#organization\",\"name\":\"Mecatek (ex-Sawiko France)\",\"url\":\"https:\/\/mecatek.eu\/\",\"logo\":{\"@type\":\"ImageObject\",\"inLanguage\":\"en-GB\",\"@id\":\"https:\/\/mecatek.eu\/#\/schema\/logo\/image\/\",\"url\":\"http:\/\/mecatek.eu\/wp-content\/uploads\/2026\/01\/Logo-Mecatek-Solutions-techniques-2025-300px.png\",\"contentUrl\":\"http:\/\/mecatek.eu\/wp-content\/uploads\/2026\/01\/Logo-Mecatek-Solutions-techniques-2025-300px.png\",\"width\":400,\"height\":94,\"caption\":\"Mecatek (ex-Sawiko France)\"},\"image\":{\"@id\":\"https:\/\/mecatek.eu\/#\/schema\/logo\/image\/\"}}]}<\/script>\n<!-- \/ Yoast SEO plugin. -->","yoast_head_json":{"title":"Kaleo loading system - Mecatek (ex-Sawiko France)","description":"Discover the Kal\u00e9o loading kit with electric winch, the ideal solution for loading a motorbike or scooter into your vehicle or onto a trailer.","robots":{"index":"index","follow":"follow","max-snippet":"max-snippet:-1","max-image-preview":"max-image-preview:large","max-video-preview":"max-video-preview:-1"},"canonical":"https:\/\/mecatek.eu\/en\/product\/kaleo-loading-system\/","og_locale":"en_GB","og_type":"article","og_title":"Syst\u00e8me de chargement Kal\u00e9o - Mecatek (ex-Sawiko France)","og_description":"D\u00e9couvrez le kit de chargement Kal\u00e9o avec treuil \u00e9lectrique, la solution id\u00e9ale pour charger une moto ou un scooter dans votre v\u00e9hicule ou sur une remorque","og_url":"https:\/\/mecatek.eu\/en\/product\/kaleo-loading-system\/","og_site_name":"Mecatek (ex-Sawiko France)","article_modified_time":"2026-01-22T17:08:24+00:00","og_image":[{"width":800,"height":800,"url":"http:\/\/mecatek.eu\/wp-content\/uploads\/2025\/12\/systeme-chargement-camping-car-fourgon-kaleo-002.jpg","type":"image\/jpeg"}],"twitter_card":"summary_large_image","twitter_misc":{"Estimated reading time":"2 minutes"},"schema":{"@context":"https:\/\/schema.org","@graph":[{"@type":"WebPage","@id":"https:\/\/mecatek.eu\/produit\/systeme-de-chargement-kaleo\/","url":"https:\/\/mecatek.eu\/produit\/systeme-de-chargement-kaleo\/","name":"Kaleo loading system - Mecatek (ex-Sawiko France)","isPartOf":{"@id":"https:\/\/mecatek.eu\/#website"},"primaryImageOfPage":{"@id":"https:\/\/mecatek.eu\/produit\/systeme-de-chargement-kaleo\/#primaryimage"},"image":{"@id":"https:\/\/mecatek.eu\/produit\/systeme-de-chargement-kaleo\/#primaryimage"},"thumbnailUrl":"https:\/\/mecatek.eu\/wp-content\/uploads\/2025\/12\/systeme-chargement-camping-car-fourgon-kaleo-002.jpg","datePublished":"2025-11-12T13:22:04+00:00","dateModified":"2026-01-22T17:08:24+00:00","description":"Discover the Kal\u00e9o loading kit with electric winch, the ideal solution for loading a motorbike or scooter into your vehicle or onto a trailer.","breadcrumb":{"@id":"https:\/\/mecatek.eu\/produit\/systeme-de-chargement-kaleo\/#breadcrumb"},"inLanguage":"en-GB","potentialAction":[{"@type":"ReadAction","target":["https:\/\/mecatek.eu\/produit\/systeme-de-chargement-kaleo\/"]}]},{"@type":"ImageObject","inLanguage":"en-GB","@id":"https:\/\/mecatek.eu\/produit\/systeme-de-chargement-kaleo\/#primaryimage","url":"https:\/\/mecatek.eu\/wp-content\/uploads\/2025\/12\/systeme-chargement-camping-car-fourgon-kaleo-002.jpg","contentUrl":"https:\/\/mecatek.eu\/wp-content\/uploads\/2025\/12\/systeme-chargement-camping-car-fourgon-kaleo-002.jpg","width":800,"height":800,"caption":"Kit complet du syst\u00e8me de chargement Kal\u00e9o"},{"@type":"BreadcrumbList","@id":"https:\/\/mecatek.eu\/produit\/systeme-de-chargement-kaleo\/#breadcrumb","itemListElement":[{"@type":"ListItem","position":1,"name":"Accueil","item":"https:\/\/mecatek.eu\/"},{"@type":"ListItem","position":2,"name":"Catalogue","item":"https:\/\/mecatek.eu\/catalogue\/"},{"@type":"ListItem","position":3,"name":"Syst\u00e8me de chargement Kal\u00e9o"}]},{"@type":"WebSite","@id":"https:\/\/mecatek.eu\/#website","url":"https:\/\/mecatek.eu\/","name":"Mecatek (formerly Sawiko France)","description":"Manufacturer of towbars for motorhomes and vans - Mecatek","publisher":{"@id":"https:\/\/mecatek.eu\/#organization"},"potentialAction":[{"@type":"SearchAction","target":{"@type":"EntryPoint","urlTemplate":"https:\/\/mecatek.eu\/?s={search_term_string}"},"query-input":{"@type":"PropertyValueSpecification","valueRequired":true,"valueName":"search_term_string"}}],"inLanguage":"en-GB"},{"@type":"Organization","@id":"https:\/\/mecatek.eu\/#organization","name":"Mecatek (formerly Sawiko France)","url":"https:\/\/mecatek.eu\/","logo":{"@type":"ImageObject","inLanguage":"en-GB","@id":"https:\/\/mecatek.eu\/#\/schema\/logo\/image\/","url":"http:\/\/mecatek.eu\/wp-content\/uploads\/2026\/01\/Logo-Mecatek-Solutions-techniques-2025-300px.png","contentUrl":"http:\/\/mecatek.eu\/wp-content\/uploads\/2026\/01\/Logo-Mecatek-Solutions-techniques-2025-300px.png","width":400,"height":94,"caption":"Mecatek (ex-Sawiko France)"},"image":{"@id":"https:\/\/mecatek.eu\/#\/schema\/logo\/image\/"}}]}},"_links":{"self":[{"href":"https:\/\/mecatek.eu\/en\/wp-json\/wp\/v2\/product\/1402","targetHints":{"allow":["GET"]}}],"collection":[{"href":"https:\/\/mecatek.eu\/en\/wp-json\/wp\/v2\/product"}],"about":[{"href":"https:\/\/mecatek.eu\/en\/wp-json\/wp\/v2\/types\/product"}],"replies":[{"embeddable":true,"href":"https:\/\/mecatek.eu\/en\/wp-json\/wp\/v2\/comments?post=1402"}],"version-history":[{"count":12,"href":"https:\/\/mecatek.eu\/en\/wp-json\/wp\/v2\/product\/1402\/revisions"}],"predecessor-version":[{"id":2446,"href":"https:\/\/mecatek.eu\/en\/wp-json\/wp\/v2\/product\/1402\/revisions\/2446"}],"wp:featuredmedia":[{"embeddable":true,"href":"https:\/\/mecatek.eu\/en\/wp-json\/wp\/v2\/media\/1404"}],"wp:attachment":[{"href":"https:\/\/mecatek.eu\/en\/wp-json\/wp\/v2\/media?parent=1402"}],"wp:term":[{"taxonomy":"product_brand","embeddable":true,"href":"https:\/\/mecatek.eu\/en\/wp-json\/wp\/v2\/product_brand?post=1402"},{"taxonomy":"product_cat","embeddable":true,"href":"https:\/\/mecatek.eu\/en\/wp-json\/wp\/v2\/product_cat?post=1402"},{"taxonomy":"product_tag","embeddable":true,"href":"https:\/\/mecatek.eu\/en\/wp-json\/wp\/v2\/product_tag?post=1402"}],"curies":[{"name":"wp","href":"https:\/\/api.w.org\/{rel}","templated":true}]}}