{"id":1270,"date":"2025-11-11T08:52:06","date_gmt":"2025-11-11T07:52:06","guid":{"rendered":"https:\/\/mecatek.eu\/?post_type=product&#038;p=1270"},"modified":"2026-01-23T16:01:07","modified_gmt":"2026-01-23T15:01:07","slug":"clickfix-mechanical-locks","status":"publish","type":"product","link":"https:\/\/mecatek.eu\/en\/product\/clickfix-mechanical-locks\/","title":{"rendered":"Clickfix mechanical jacks"},"content":{"rendered":"<div data-elementor-type=\"product-post\" data-elementor-id=\"1270\" class=\"elementor elementor-1270\" data-elementor-post-type=\"product\">\n\t\t\t\t<div class=\"elementor-element elementor-element-8a8208a e-flex e-con-boxed e-con e-parent\" data-id=\"8a8208a\" data-element_type=\"container\" data-e-type=\"container\">\n\t\t\t\t\t<div class=\"e-con-inner\">\n\t\t<div class=\"elementor-element elementor-element-a64ed19 e-con-full e-flex e-con e-child\" data-id=\"a64ed19\" data-element_type=\"container\" data-e-type=\"container\">\n\t\t<div class=\"elementor-element elementor-element-72617f1 e-con-full e-flex e-con e-child\" data-id=\"72617f1\" data-element_type=\"container\" data-e-type=\"container\">\n\t\t\t\t<div class=\"elementor-element elementor-element-40f1cf2 elementor-widget elementor-widget-text-editor\" data-id=\"40f1cf2\" data-element_type=\"widget\" data-e-type=\"widget\" data-widget_type=\"text-editor.default\">\n\t\t\t\t\t\t\t\t\t<h2>Mechanical jacks <span style=\"color: #0079b3;\">ClickFix<\/span> for AL-KO chassis<\/h2>\t\t\t\t\t\t\t\t<\/div>\n\t\t\t\t<div class=\"elementor-element elementor-element-3eee6e1 elementor-widget elementor-widget-text-editor\" data-id=\"3eee6e1\" data-element_type=\"widget\" data-e-type=\"widget\" data-widget_type=\"text-editor.default\">\n\t\t\t\t\t\t\t\t\t<p>ClickFix mechanical jacks have been specially designed for vehicles with AL-KO chassis.<br \/>At the stage, the most beautiful places sometimes have sloping or uneven ground. ClickFix stands give you access to those special places. Thanks to their robust structure, they provide great stability on grass, gravel or asphalt.<\/p><p><strong>The advantages of Clicfix crutches :<\/strong><\/p><ul><li>Solid support legs for rock-solid stability<\/li><li>Fast, comfortable operation<\/li><li>Automatic tightening of the kickstand when raised<\/li><li>Safety mechanism in the event of departure with cylinders extended<\/li><\/ul>\t\t\t\t\t\t\t\t<\/div>\n\t\t\t\t<\/div>\n\t\t<div class=\"elementor-element elementor-element-c98cd36 e-con-full e-flex e-con e-child\" data-id=\"c98cd36\" data-element_type=\"container\" data-e-type=\"container\" data-settings=\"{&quot;background_background&quot;:&quot;classic&quot;}\">\n\t\t\t\t<div class=\"elementor-element elementor-element-37072b8 elementor-widget elementor-widget-image\" data-id=\"37072b8\" data-element_type=\"widget\" data-e-type=\"widget\" data-widget_type=\"image.default\">\n\t\t\t\t\t\t\t\t\t\t\t\t\t\t\t<img fetchpriority=\"high\" decoding=\"async\" width=\"400\" height=\"200\" src=\"https:\/\/mecatek.eu\/wp-content\/uploads\/2025\/12\/Logo-Marque-Alko.png\" class=\"attachment-full size-full wp-image-1012 wp-post-image\" alt=\"Alko logo\" srcset=\"https:\/\/mecatek.eu\/wp-content\/uploads\/2025\/12\/Logo-Marque-Alko.png 400w, https:\/\/mecatek.eu\/wp-content\/uploads\/2025\/12\/Logo-Marque-Alko-300x150.png 300w\" sizes=\"(max-width: 400px) 100vw, 400px\" \/>\t\t\t\t\t\t\t\t\t\t\t\t\t\t\t<\/div>\n\t\t\t\t<div class=\"elementor-element elementor-element-7d9a2b0 elementor-widget elementor-widget-text-editor\" data-id=\"7d9a2b0\" data-element_type=\"widget\" data-e-type=\"widget\" data-widget_type=\"text-editor.default\">\n\t\t\t\t\t\t\t\t\t<p><strong>Com vehicles<\/strong><strong>patibles :<br \/><\/strong>Motorhomes and vans with AL-KO chassis<\/p>\t\t\t\t\t\t\t\t<\/div>\n\t\t\t\t<\/div>\n\t\t\t\t<\/div>\n\t\t\t\t\t<\/div>\n\t\t\t\t<\/div>\n\t\t\t\t<\/div>","protected":false},"excerpt":{"rendered":"<p>Clicfix mechanical jacks - also known as support legs - for motorhomes and vans with Alko chassis offer excellent stability, whatever the terrain!<\/p>","protected":false},"featured_media":1271,"comment_status":"closed","ping_status":"closed","template":"","meta":[],"product_brand":[67],"product_cat":[78],"product_tag":[],"class_list":{"0":"post-1270","1":"product","2":"type-product","3":"status-publish","4":"has-post-thumbnail","6":"product_brand-alko","7":"product_cat-verins-mecaniques-pour-chassis-al-ko","9":"first","10":"instock","11":"shipping-taxable","12":"product-type-simple"},"yoast_head":"<!-- This site is optimized with the Yoast SEO plugin v26.9 - https:\/\/yoast.com\/product\/yoast-seo-wordpress\/ -->\n<title>V\u00e9rins m\u00e9caniques Clickfix - Mecatek (ex-Sawiko France)<\/title>\n<meta name=\"description\" content=\"Les v\u00e9rins m\u00e9caniques ClickFix, \u00e9galement appel\u00e9s b\u00e9quilles, offrent une excellente stabilit\u00e9 pour camping-car avec ch\u00e2ssis AL-KO, quel que soit le terrain\" \/>\n<meta name=\"robots\" content=\"index, follow, max-snippet:-1, max-image-preview:large, max-video-preview:-1\" \/>\n<link rel=\"canonical\" href=\"https:\/\/mecatek.eu\/en\/product\/clickfix-mechanical-locks\/\" \/>\n<meta property=\"og:locale\" content=\"en_GB\" \/>\n<meta property=\"og:type\" content=\"article\" \/>\n<meta property=\"og:title\" content=\"V\u00e9rins m\u00e9caniques Clickfix - Mecatek (ex-Sawiko France)\" \/>\n<meta property=\"og:description\" content=\"Les v\u00e9rins m\u00e9caniques ClickFix, \u00e9galement appel\u00e9s b\u00e9quilles, offrent une excellente stabilit\u00e9 pour camping-car avec ch\u00e2ssis AL-KO, quel que soit le terrain\" \/>\n<meta property=\"og:url\" content=\"https:\/\/mecatek.eu\/en\/product\/clickfix-mechanical-locks\/\" \/>\n<meta property=\"og:site_name\" content=\"Mecatek (ex-Sawiko France)\" \/>\n<meta property=\"article:modified_time\" content=\"2026-01-23T15:01:07+00:00\" \/>\n<meta property=\"og:image\" content=\"http:\/\/mecatek.eu\/wp-content\/uploads\/2025\/12\/bequilles-pour-camping-car-fourgon-et-van-Clicfix.jpg\" \/>\n\t<meta property=\"og:image:width\" content=\"800\" \/>\n\t<meta property=\"og:image:height\" content=\"800\" \/>\n\t<meta property=\"og:image:type\" content=\"image\/jpeg\" \/>\n<meta name=\"twitter:card\" content=\"summary_large_image\" \/>\n<meta name=\"twitter:label1\" content=\"Estimated reading time\" \/>\n\t<meta name=\"twitter:data1\" content=\"1 minute\" \/>\n<script type=\"application\/ld+json\" class=\"yoast-schema-graph\">{\"@context\":\"https:\/\/schema.org\",\"@graph\":[{\"@type\":\"WebPage\",\"@id\":\"https:\/\/mecatek.eu\/produit\/verins-mecaniques-clickfix\/\",\"url\":\"https:\/\/mecatek.eu\/produit\/verins-mecaniques-clickfix\/\",\"name\":\"V\u00e9rins m\u00e9caniques Clickfix - Mecatek (ex-Sawiko France)\",\"isPartOf\":{\"@id\":\"https:\/\/mecatek.eu\/#website\"},\"primaryImageOfPage\":{\"@id\":\"https:\/\/mecatek.eu\/produit\/verins-mecaniques-clickfix\/#primaryimage\"},\"image\":{\"@id\":\"https:\/\/mecatek.eu\/produit\/verins-mecaniques-clickfix\/#primaryimage\"},\"thumbnailUrl\":\"https:\/\/mecatek.eu\/wp-content\/uploads\/2025\/12\/bequilles-pour-camping-car-fourgon-et-van-Clicfix.jpg\",\"datePublished\":\"2025-11-11T07:52:06+00:00\",\"dateModified\":\"2026-01-23T15:01:07+00:00\",\"description\":\"Les v\u00e9rins m\u00e9caniques ClickFix, \u00e9galement appel\u00e9s b\u00e9quilles, offrent une excellente stabilit\u00e9 pour camping-car avec ch\u00e2ssis AL-KO, quel que soit le terrain\",\"breadcrumb\":{\"@id\":\"https:\/\/mecatek.eu\/produit\/verins-mecaniques-clickfix\/#breadcrumb\"},\"inLanguage\":\"en-GB\",\"potentialAction\":[{\"@type\":\"ReadAction\",\"target\":[\"https:\/\/mecatek.eu\/produit\/verins-mecaniques-clickfix\/\"]}]},{\"@type\":\"ImageObject\",\"inLanguage\":\"en-GB\",\"@id\":\"https:\/\/mecatek.eu\/produit\/verins-mecaniques-clickfix\/#primaryimage\",\"url\":\"https:\/\/mecatek.eu\/wp-content\/uploads\/2025\/12\/bequilles-pour-camping-car-fourgon-et-van-Clicfix.jpg\",\"contentUrl\":\"https:\/\/mecatek.eu\/wp-content\/uploads\/2025\/12\/bequilles-pour-camping-car-fourgon-et-van-Clicfix.jpg\",\"width\":800,\"height\":800,\"caption\":\"V\u00e9rins m\u00e9caniques Clickfix\"},{\"@type\":\"BreadcrumbList\",\"@id\":\"https:\/\/mecatek.eu\/produit\/verins-mecaniques-clickfix\/#breadcrumb\",\"itemListElement\":[{\"@type\":\"ListItem\",\"position\":1,\"name\":\"Accueil\",\"item\":\"https:\/\/mecatek.eu\/\"},{\"@type\":\"ListItem\",\"position\":2,\"name\":\"Catalogue\",\"item\":\"https:\/\/mecatek.eu\/catalogue\/\"},{\"@type\":\"ListItem\",\"position\":3,\"name\":\"V\u00e9rins m\u00e9caniques Clickfix\"}]},{\"@type\":\"WebSite\",\"@id\":\"https:\/\/mecatek.eu\/#website\",\"url\":\"https:\/\/mecatek.eu\/\",\"name\":\"Mecatek (ex-Sawiko France)\",\"description\":\"Fabricant d&#039;attelages pour camping-car et fourgon - Mecatek\",\"publisher\":{\"@id\":\"https:\/\/mecatek.eu\/#organization\"},\"potentialAction\":[{\"@type\":\"SearchAction\",\"target\":{\"@type\":\"EntryPoint\",\"urlTemplate\":\"https:\/\/mecatek.eu\/?s={search_term_string}\"},\"query-input\":{\"@type\":\"PropertyValueSpecification\",\"valueRequired\":true,\"valueName\":\"search_term_string\"}}],\"inLanguage\":\"en-GB\"},{\"@type\":\"Organization\",\"@id\":\"https:\/\/mecatek.eu\/#organization\",\"name\":\"Mecatek (ex-Sawiko France)\",\"url\":\"https:\/\/mecatek.eu\/\",\"logo\":{\"@type\":\"ImageObject\",\"inLanguage\":\"en-GB\",\"@id\":\"https:\/\/mecatek.eu\/#\/schema\/logo\/image\/\",\"url\":\"http:\/\/mecatek.eu\/wp-content\/uploads\/2026\/01\/Logo-Mecatek-Solutions-techniques-2025-300px.png\",\"contentUrl\":\"http:\/\/mecatek.eu\/wp-content\/uploads\/2026\/01\/Logo-Mecatek-Solutions-techniques-2025-300px.png\",\"width\":400,\"height\":94,\"caption\":\"Mecatek (ex-Sawiko France)\"},\"image\":{\"@id\":\"https:\/\/mecatek.eu\/#\/schema\/logo\/image\/\"}}]}<\/script>\n<!-- \/ Yoast SEO plugin. -->","yoast_head_json":{"title":"Clickfix mechanical cylinders - Mecatek (ex-Sawiko France)","description":"ClickFix mechanical jacks, also known as support legs, provide excellent stability for motorhomes with AL-KO chassis, whatever the terrain.","robots":{"index":"index","follow":"follow","max-snippet":"max-snippet:-1","max-image-preview":"max-image-preview:large","max-video-preview":"max-video-preview:-1"},"canonical":"https:\/\/mecatek.eu\/en\/product\/clickfix-mechanical-locks\/","og_locale":"en_GB","og_type":"article","og_title":"V\u00e9rins m\u00e9caniques Clickfix - Mecatek (ex-Sawiko France)","og_description":"Les v\u00e9rins m\u00e9caniques ClickFix, \u00e9galement appel\u00e9s b\u00e9quilles, offrent une excellente stabilit\u00e9 pour camping-car avec ch\u00e2ssis AL-KO, quel que soit le terrain","og_url":"https:\/\/mecatek.eu\/en\/product\/clickfix-mechanical-locks\/","og_site_name":"Mecatek (ex-Sawiko France)","article_modified_time":"2026-01-23T15:01:07+00:00","og_image":[{"width":800,"height":800,"url":"http:\/\/mecatek.eu\/wp-content\/uploads\/2025\/12\/bequilles-pour-camping-car-fourgon-et-van-Clicfix.jpg","type":"image\/jpeg"}],"twitter_card":"summary_large_image","twitter_misc":{"Estimated reading time":"1 minute"},"schema":{"@context":"https:\/\/schema.org","@graph":[{"@type":"WebPage","@id":"https:\/\/mecatek.eu\/produit\/verins-mecaniques-clickfix\/","url":"https:\/\/mecatek.eu\/produit\/verins-mecaniques-clickfix\/","name":"Clickfix mechanical cylinders - Mecatek (ex-Sawiko France)","isPartOf":{"@id":"https:\/\/mecatek.eu\/#website"},"primaryImageOfPage":{"@id":"https:\/\/mecatek.eu\/produit\/verins-mecaniques-clickfix\/#primaryimage"},"image":{"@id":"https:\/\/mecatek.eu\/produit\/verins-mecaniques-clickfix\/#primaryimage"},"thumbnailUrl":"https:\/\/mecatek.eu\/wp-content\/uploads\/2025\/12\/bequilles-pour-camping-car-fourgon-et-van-Clicfix.jpg","datePublished":"2025-11-11T07:52:06+00:00","dateModified":"2026-01-23T15:01:07+00:00","description":"ClickFix mechanical jacks, also known as support legs, provide excellent stability for motorhomes with AL-KO chassis, whatever the terrain.","breadcrumb":{"@id":"https:\/\/mecatek.eu\/produit\/verins-mecaniques-clickfix\/#breadcrumb"},"inLanguage":"en-GB","potentialAction":[{"@type":"ReadAction","target":["https:\/\/mecatek.eu\/produit\/verins-mecaniques-clickfix\/"]}]},{"@type":"ImageObject","inLanguage":"en-GB","@id":"https:\/\/mecatek.eu\/produit\/verins-mecaniques-clickfix\/#primaryimage","url":"https:\/\/mecatek.eu\/wp-content\/uploads\/2025\/12\/bequilles-pour-camping-car-fourgon-et-van-Clicfix.jpg","contentUrl":"https:\/\/mecatek.eu\/wp-content\/uploads\/2025\/12\/bequilles-pour-camping-car-fourgon-et-van-Clicfix.jpg","width":800,"height":800,"caption":"V\u00e9rins m\u00e9caniques Clickfix"},{"@type":"BreadcrumbList","@id":"https:\/\/mecatek.eu\/produit\/verins-mecaniques-clickfix\/#breadcrumb","itemListElement":[{"@type":"ListItem","position":1,"name":"Accueil","item":"https:\/\/mecatek.eu\/"},{"@type":"ListItem","position":2,"name":"Catalogue","item":"https:\/\/mecatek.eu\/catalogue\/"},{"@type":"ListItem","position":3,"name":"V\u00e9rins m\u00e9caniques Clickfix"}]},{"@type":"WebSite","@id":"https:\/\/mecatek.eu\/#website","url":"https:\/\/mecatek.eu\/","name":"Mecatek (formerly Sawiko France)","description":"Manufacturer of towbars for motorhomes and vans - Mecatek","publisher":{"@id":"https:\/\/mecatek.eu\/#organization"},"potentialAction":[{"@type":"SearchAction","target":{"@type":"EntryPoint","urlTemplate":"https:\/\/mecatek.eu\/?s={search_term_string}"},"query-input":{"@type":"PropertyValueSpecification","valueRequired":true,"valueName":"search_term_string"}}],"inLanguage":"en-GB"},{"@type":"Organization","@id":"https:\/\/mecatek.eu\/#organization","name":"Mecatek (formerly Sawiko France)","url":"https:\/\/mecatek.eu\/","logo":{"@type":"ImageObject","inLanguage":"en-GB","@id":"https:\/\/mecatek.eu\/#\/schema\/logo\/image\/","url":"http:\/\/mecatek.eu\/wp-content\/uploads\/2026\/01\/Logo-Mecatek-Solutions-techniques-2025-300px.png","contentUrl":"http:\/\/mecatek.eu\/wp-content\/uploads\/2026\/01\/Logo-Mecatek-Solutions-techniques-2025-300px.png","width":400,"height":94,"caption":"Mecatek (ex-Sawiko France)"},"image":{"@id":"https:\/\/mecatek.eu\/#\/schema\/logo\/image\/"}}]}},"_links":{"self":[{"href":"https:\/\/mecatek.eu\/en\/wp-json\/wp\/v2\/product\/1270","targetHints":{"allow":["GET"]}}],"collection":[{"href":"https:\/\/mecatek.eu\/en\/wp-json\/wp\/v2\/product"}],"about":[{"href":"https:\/\/mecatek.eu\/en\/wp-json\/wp\/v2\/types\/product"}],"replies":[{"embeddable":true,"href":"https:\/\/mecatek.eu\/en\/wp-json\/wp\/v2\/comments?post=1270"}],"version-history":[{"count":5,"href":"https:\/\/mecatek.eu\/en\/wp-json\/wp\/v2\/product\/1270\/revisions"}],"predecessor-version":[{"id":2490,"href":"https:\/\/mecatek.eu\/en\/wp-json\/wp\/v2\/product\/1270\/revisions\/2490"}],"wp:featuredmedia":[{"embeddable":true,"href":"https:\/\/mecatek.eu\/en\/wp-json\/wp\/v2\/media\/1271"}],"wp:attachment":[{"href":"https:\/\/mecatek.eu\/en\/wp-json\/wp\/v2\/media?parent=1270"}],"wp:term":[{"taxonomy":"product_brand","embeddable":true,"href":"https:\/\/mecatek.eu\/en\/wp-json\/wp\/v2\/product_brand?post=1270"},{"taxonomy":"product_cat","embeddable":true,"href":"https:\/\/mecatek.eu\/en\/wp-json\/wp\/v2\/product_cat?post=1270"},{"taxonomy":"product_tag","embeddable":true,"href":"https:\/\/mecatek.eu\/en\/wp-json\/wp\/v2\/product_tag?post=1270"}],"curies":[{"name":"wp","href":"https:\/\/api.w.org\/{rel}","templated":true}]}}