{"id":1261,"date":"2025-11-11T08:26:10","date_gmt":"2025-11-11T07:26:10","guid":{"rendered":"https:\/\/mecatek.eu\/?post_type=product&#038;p=1261"},"modified":"2026-03-19T15:17:26","modified_gmt":"2026-03-19T14:17:26","slug":"plug-level-hydraulic-cylinders","status":"publish","type":"product","link":"https:\/\/mecatek.eu\/en\/product\/plug-level-hydraulic-cylinders\/","title":{"rendered":"Plug &amp; Level hydraulic cylinders"},"content":{"rendered":"<div data-elementor-type=\"product-post\" data-elementor-id=\"1261\" class=\"elementor elementor-1261\" data-elementor-post-type=\"product\">\n\t\t\t\t<div class=\"elementor-element elementor-element-220a7466 e-flex e-con-boxed e-con e-parent\" data-id=\"220a7466\" data-element_type=\"container\" data-e-type=\"container\">\n\t\t\t\t\t<div class=\"e-con-inner\">\n\t\t<div class=\"elementor-element elementor-element-e6fefa5 e-con-full e-flex e-con e-child\" data-id=\"e6fefa5\" data-element_type=\"container\" data-e-type=\"container\">\n\t\t<div class=\"elementor-element elementor-element-22be47a e-con-full e-flex e-con e-child\" data-id=\"22be47a\" data-element_type=\"container\" data-e-type=\"container\">\n\t\t\t\t<div class=\"elementor-element elementor-element-996a44b elementor-widget elementor-widget-text-editor\" data-id=\"996a44b\" data-element_type=\"widget\" data-e-type=\"widget\" data-widget_type=\"text-editor.default\">\n\t\t\t\t\t\t\t\t\t<h2>Hydraulic jacks <span style=\"color: #0079b3;\">Plug &amp; Level<\/span><\/h2>\t\t\t\t\t\t\t\t<\/div>\n\t\t\t\t<div class=\"elementor-element elementor-element-f98a5c8 elementor-widget elementor-widget-text-editor\" data-id=\"f98a5c8\" data-element_type=\"widget\" data-e-type=\"widget\" data-widget_type=\"text-editor.default\">\n\t\t\t\t\t\t\t\t\t<p>This Plug &amp; Level hydraulic levelling system is designed for vehicles with ALKO chassis from 3.5 T to 7 T. With this new innovative Plug &amp; Level levelling system, you can stabilise your motorhome simply and quickly as you wish in a safe and stable position. Also available on :<\/p><ul><li>FIAT \/ Ducato\/Jumper\/Boxer chassis cab<\/li><li>FIAT \/ Ducato\/Jumper\/Boxer floor cab<\/li><li>FIAT \/ Ducato\/Jumper\/Boxer panel van<\/li><li>MERCEDES 3.5T - 5T<\/li><li>IVECO 30 - 30 - 35 - 50 - 60 -65 -70<\/li><\/ul><p><strong>Advantages:<\/strong><\/p><ul><li>Lightweight system with an overall weight of 55kg<\/li><li>Single control unit with emergency lever for folding the system<\/li><li>Touch-sensitive control panel for viewing the upgrade process<\/li><li>Ultra-fast upgrades<\/li><li>Professional automotive quality<\/li><li>Can be controlled via smartphone<\/li><li>Automatic folding<\/li><li>Freely programmable additional functions<\/li><li>System can be dismantled and reused when changing vehicles with the same chassis<\/li><li>Durable and robust system<\/li><\/ul>\t\t\t\t\t\t\t\t<\/div>\n\t\t\t\t<\/div>\n\t\t<div class=\"elementor-element elementor-element-1d6726f e-con-full e-flex e-con e-child\" data-id=\"1d6726f\" data-element_type=\"container\" data-e-type=\"container\" data-settings=\"{&quot;background_background&quot;:&quot;classic&quot;}\">\n\t\t\t\t<div class=\"elementor-element elementor-element-2e84e39 elementor-widget elementor-widget-image\" data-id=\"2e84e39\" data-element_type=\"widget\" data-e-type=\"widget\" data-widget_type=\"image.default\">\n\t\t\t\t\t\t\t\t\t\t\t\t\t\t\t<img fetchpriority=\"high\" decoding=\"async\" width=\"400\" height=\"200\" src=\"https:\/\/mecatek.eu\/wp-content\/uploads\/2025\/12\/Logo-Marque-MCK-Plug-and-Level.png\" class=\"attachment-full size-full wp-image-988\" alt=\"MCK Plug-and-Level logo\" \/>\t\t\t\t\t\t\t\t\t\t\t\t\t\t\t<\/div>\n\t\t\t\t<div class=\"elementor-element elementor-element-7aa6409 elementor-widget elementor-widget-text-editor\" data-id=\"7aa6409\" data-element_type=\"widget\" data-e-type=\"widget\" data-widget_type=\"text-editor.default\">\n\t\t\t\t\t\t\t\t\t<p><strong>Technical data :<br \/><\/strong>System weight: 55kg<\/p>\t\t\t\t\t\t\t\t<\/div>\n\t\t\t\t<\/div>\n\t\t\t\t<\/div>\n\t\t\t\t<div class=\"elementor-element elementor-element-26b7888 elementor-widget elementor-widget-text-editor\" data-id=\"26b7888\" data-element_type=\"widget\" data-e-type=\"widget\" data-widget_type=\"text-editor.default\">\n\t\t\t\t\t\t\t\t\t<h2>List of approved centres :<\/h2>\t\t\t\t\t\t\t\t<\/div>\n\t\t\t\t\t<\/div>\n\t\t\t\t<\/div>\n\t\t<div class=\"elementor-element elementor-element-dce16b1 e-flex e-con-boxed e-con e-parent\" data-id=\"dce16b1\" data-element_type=\"container\" data-e-type=\"container\">\n\t\t\t\t\t<div class=\"e-con-inner\">\n\t\t<div class=\"elementor-element elementor-element-743e7b1 e-con-full e-flex e-con e-child\" data-id=\"743e7b1\" data-element_type=\"container\" data-e-type=\"container\">\n\t\t\t\t<div class=\"elementor-element elementor-element-61595b5 elementor-widget elementor-widget-text-editor\" data-id=\"61595b5\" data-element_type=\"widget\" data-e-type=\"widget\" data-widget_type=\"text-editor.default\">\n\t\t\t\t\t\t\t\t\t<p><strong>Touraine motorhomes<\/strong><br \/>Idylcar 94 Route de Bl\u00e9r\u00e9,<br \/>37270 V\u00e9retz<br \/>+33 2 47 50 31 70<\/p>\t\t\t\t\t\t\t\t<\/div>\n\t\t\t\t<div class=\"elementor-element elementor-element-b58b566 elementor-widget elementor-widget-text-editor\" data-id=\"b58b566\" data-element_type=\"widget\" data-e-type=\"widget\" data-widget_type=\"text-editor.default\">\n\t\t\t\t\t\t\t\t\t<p><a class=\"button\" href=\"https:\/\/tours.idylcar.fr\/\" target=\"_blank\" rel=\"noreferrer noopener\">tours.idylcar.fr<\/a><\/p>\t\t\t\t\t\t\t\t<\/div>\n\t\t\t\t<\/div>\n\t\t<div class=\"elementor-element elementor-element-0b5af4e e-con-full e-flex e-con e-child\" data-id=\"0b5af4e\" data-element_type=\"container\" data-e-type=\"container\">\n\t\t\t\t<div class=\"elementor-element elementor-element-e9fd575 elementor-widget elementor-widget-text-editor\" data-id=\"e9fd575\" data-element_type=\"widget\" data-e-type=\"widget\" data-widget_type=\"text-editor.default\">\n\t\t\t\t\t\t\t\t\t<p><strong>Cevennes Caravans<\/strong><br \/>401 Route de Montpellier<br \/>30350 Cardet<br \/>+33 4 66 83 00 35<\/p>\t\t\t\t\t\t\t\t<\/div>\n\t\t\t\t<div class=\"elementor-element elementor-element-c89cf4c elementor-widget elementor-widget-text-editor\" data-id=\"c89cf4c\" data-element_type=\"widget\" data-e-type=\"widget\" data-widget_type=\"text-editor.default\">\n\t\t\t\t\t\t\t\t\t<p><a class=\"button\" href=\"http:\/\/www.cevennescaravanes.com\" target=\"_blank\" rel=\"noreferrer noopener\">cevennescaravanes.com<\/a><\/p>\t\t\t\t\t\t\t\t<\/div>\n\t\t\t\t<\/div>\n\t\t<div class=\"elementor-element elementor-element-565e068 e-con-full e-flex e-con e-child\" data-id=\"565e068\" data-element_type=\"container\" data-e-type=\"container\">\n\t\t\t\t<div class=\"elementor-element elementor-element-e2c6139 elementor-widget elementor-widget-text-editor\" data-id=\"e2c6139\" data-element_type=\"widget\" data-e-type=\"widget\" data-widget_type=\"text-editor.default\">\n\t\t\t\t\t\t\t\t\t<p><strong>Liberty Camper \/ Linertek<br \/><\/strong>2 Rue de la Vall\u00e9e<br \/>49800 Andard<br \/>+33 6 22 42 24 66<\/p>\t\t\t\t\t\t\t\t<\/div>\n\t\t\t\t<div class=\"elementor-element elementor-element-0eeac70 elementor-widget elementor-widget-text-editor\" data-id=\"0eeac70\" data-element_type=\"widget\" data-e-type=\"widget\" data-widget_type=\"text-editor.default\">\n\t\t\t\t\t\t\t\t\t<a class=\"button\" href=\"http:\/\/www.cevennescaravanes.com\" target=\"_blank\" rel=\"noreferrer noopener\">liberty-camper.fr<\/a>\t\t\t\t\t\t\t\t<\/div>\n\t\t\t\t<\/div>\n\t\t<div class=\"elementor-element elementor-element-a4db2fd e-con-full e-flex e-con e-child\" data-id=\"a4db2fd\" data-element_type=\"container\" data-e-type=\"container\">\n\t\t\t\t<div class=\"elementor-element elementor-element-9005f0e elementor-widget elementor-widget-text-editor\" data-id=\"9005f0e\" data-element_type=\"widget\" data-e-type=\"widget\" data-widget_type=\"text-editor.default\">\n\t\t\t\t\t\t\t\t\t<p><strong>Merle Loisirs - Idylcar<\/strong><br \/>ZA la Savoureuse, Rue de Brognard<br \/>25600 Vieux-Charmont <br \/>+33 3 81 94 01 45<\/p>\t\t\t\t\t\t\t\t<\/div>\n\t\t\t\t<div class=\"elementor-element elementor-element-50236e0 elementor-widget elementor-widget-text-editor\" data-id=\"50236e0\" data-element_type=\"widget\" data-e-type=\"widget\" data-widget_type=\"text-editor.default\">\n\t\t\t\t\t\t\t\t\t<p><a class=\"button\" href=\"http:\/\/montbeliard.idylcar.fr\" target=\"_blank\" rel=\"noreferrer noopener\">montbeliard.idylcar.fr<\/a><\/p>\t\t\t\t\t\t\t\t<\/div>\n\t\t\t\t<\/div>\n\t\t\t\t\t<\/div>\n\t\t\t\t<\/div>\n\t\t<div class=\"elementor-element elementor-element-160a6b9 e-flex e-con-boxed e-con e-parent\" data-id=\"160a6b9\" data-element_type=\"container\" data-e-type=\"container\">\n\t\t\t\t\t<div class=\"e-con-inner\">\n\t\t<div class=\"elementor-element elementor-element-2b6a4ac e-con-full e-flex e-con e-child\" data-id=\"2b6a4ac\" data-element_type=\"container\" data-e-type=\"container\">\n\t\t\t\t<div class=\"elementor-element elementor-element-da61e48 elementor-widget elementor-widget-text-editor\" data-id=\"da61e48\" data-element_type=\"widget\" data-e-type=\"widget\" data-widget_type=\"text-editor.default\">\n\t\t\t\t\t\t\t\t\t<p><strong>N\u00eemes Espace loisirs - Libertium\u00a0<\/strong><br \/>Zac de La Trajectoire, Av. Ernest Boffa<br \/>30540 Milhaud<br \/>+33 4 66 62 05 00<\/p>\t\t\t\t\t\t\t\t<\/div>\n\t\t\t\t<div class=\"elementor-element elementor-element-f5615b7 elementor-widget elementor-widget-text-editor\" data-id=\"f5615b7\" data-element_type=\"widget\" data-e-type=\"widget\" data-widget_type=\"text-editor.default\">\n\t\t\t\t\t\t\t\t\t<p><a class=\"button\" href=\"https:\/\/www.libertium.fr\/concessions\/nimes?_gl=1*19ultyx*_up*MQ..*_gs*MQ..&amp;gclid=Cj0KCQjwve7NBhC-ARIsALZy9HXfnioAPjf8BR_mNVXjf84Wzxya_OoCNzB-fs6ucB6oSvKf_jdGbioaAguAEALw_wcB&amp;gbraid=0AAAAADnTv6JvjdIkwZIki5O0Zna0bSdMM\" target=\"_blank\" rel=\"noreferrer noopener\">libertium.fr\/concessions\/nimes<\/a><\/p>\t\t\t\t\t\t\t\t<\/div>\n\t\t\t\t<\/div>\n\t\t<div class=\"elementor-element elementor-element-9feb60f e-con-full e-flex e-con e-child\" data-id=\"9feb60f\" data-element_type=\"container\" data-e-type=\"container\">\n\t\t\t\t<div class=\"elementor-element elementor-element-f898416 elementor-widget elementor-widget-text-editor\" data-id=\"f898416\" data-element_type=\"widget\" data-e-type=\"widget\" data-widget_type=\"text-editor.default\">\n\t\t\t\t\t\t\t\t\t<p><strong>Pyrenees Trailers<\/strong><br \/>15 Rue L\u00e9pine<br \/>64140 Lons<br \/>+33 5 59 62 37 38<\/p>\t\t\t\t\t\t\t\t<\/div>\n\t\t\t\t<div class=\"elementor-element elementor-element-364d645 elementor-widget elementor-widget-text-editor\" data-id=\"364d645\" data-element_type=\"widget\" data-e-type=\"widget\" data-widget_type=\"text-editor.default\">\n\t\t\t\t\t\t\t\t\t<a class=\"button\" href=\"https:\/\/pyreneesremorques.fr\/\" target=\"_blank\" rel=\"noreferrer noopener\">pyreneesremorques.fr<\/a>\t\t\t\t\t\t\t\t<\/div>\n\t\t\t\t<\/div>\n\t\t<div class=\"elementor-element elementor-element-61e0e1d e-con-full e-flex e-con e-child\" data-id=\"61e0e1d\" data-element_type=\"container\" data-e-type=\"container\">\n\t\t\t\t<div class=\"elementor-element elementor-element-ead31f2 elementor-widget elementor-widget-text-editor\" data-id=\"ead31f2\" data-element_type=\"widget\" data-e-type=\"widget\" data-widget_type=\"text-editor.default\">\n\t\t\t\t\t\t\t\t\t<p><strong>S.L.C. Sud Loire Caravanes - Libertium\u00a0<\/strong><br \/>Route d'Angers-Cholet<br \/>49 750 BEAULIEU SUR LAYON<br \/>+33 2 41 78 31 66<\/p>\t\t\t\t\t\t\t\t<\/div>\n\t\t\t\t<div class=\"elementor-element elementor-element-fbdd489 elementor-widget elementor-widget-text-editor\" data-id=\"fbdd489\" data-element_type=\"widget\" data-e-type=\"widget\" data-widget_type=\"text-editor.default\">\n\t\t\t\t\t\t\t\t\t<p><a class=\"button\" href=\"https:\/\/www.sud-loire-caravanes.com\/\" target=\"_blank\" rel=\"noreferrer noopener\">sud-loire-caravanes.com<\/a><\/p>\t\t\t\t\t\t\t\t<\/div>\n\t\t\t\t<\/div>\n\t\t<div class=\"elementor-element elementor-element-4ea2e4b e-con-full e-flex e-con e-child\" data-id=\"4ea2e4b\" data-element_type=\"container\" data-e-type=\"container\">\n\t\t\t\t<\/div>\n\t\t\t\t\t<\/div>\n\t\t\t\t<\/div>\n\t\t\t\t<\/div>","protected":false},"excerpt":{"rendered":"<p>The unique hydraulic levelling system for ALKO chassis motorhomes up to 6 tonnes.<\/p>","protected":false},"featured_media":2836,"comment_status":"closed","ping_status":"closed","template":"","meta":[],"product_brand":[67],"product_cat":[36,77,81],"product_tag":[],"class_list":{"0":"post-1261","1":"product","2":"type-product","3":"status-publish","4":"has-post-thumbnail","6":"product_brand-alko","7":"product_cat-verins-hydrauliques-pour-camping-car","8":"product_cat-verins-hydrauliques-pour-chassis-al-ko","9":"product_cat-verins-hydrauliques-vehicules-industriels","11":"first","12":"instock","13":"shipping-taxable","14":"product-type-simple"},"yoast_head":"<!-- This site is optimized with the Yoast SEO plugin v26.9 - https:\/\/yoast.com\/product\/yoast-seo-wordpress\/ -->\n<title>V\u00e9rins hydrauliques Plug &amp; Level - Mecatek (ex-Sawiko France)<\/title>\n<meta name=\"description\" content=\"V\u00e9rin hydraulique pour ch\u00e2ssis ALKO : Mecatek, sp\u00e9cialiste en v\u00e9rins hydrauliques pour camping-car, fourgon et van. Demandez un devis.\" \/>\n<meta name=\"robots\" content=\"index, follow, max-snippet:-1, max-image-preview:large, max-video-preview:-1\" \/>\n<link rel=\"canonical\" href=\"https:\/\/mecatek.eu\/en\/product\/plug-level-hydraulic-cylinders\/\" \/>\n<meta property=\"og:locale\" content=\"en_GB\" \/>\n<meta property=\"og:type\" content=\"article\" \/>\n<meta property=\"og:title\" content=\"V\u00e9rins hydrauliques Plug &amp; Level - Mecatek (ex-Sawiko France)\" \/>\n<meta property=\"og:description\" content=\"V\u00e9rin hydraulique pour ch\u00e2ssis ALKO : Mecatek, sp\u00e9cialiste en v\u00e9rins hydrauliques pour camping-car, fourgon et van. Demandez un devis.\" \/>\n<meta property=\"og:url\" content=\"https:\/\/mecatek.eu\/en\/product\/plug-level-hydraulic-cylinders\/\" \/>\n<meta property=\"og:site_name\" content=\"Mecatek (ex-Sawiko France)\" \/>\n<meta property=\"article:modified_time\" content=\"2026-03-19T14:17:26+00:00\" \/>\n<meta property=\"og:image\" content=\"http:\/\/mecatek.eu\/wp-content\/uploads\/2025\/11\/verins-hydrauliques-fourgon-van-camping-car-chassis-alko-3.jpg\" \/>\n\t<meta property=\"og:image:width\" content=\"800\" \/>\n\t<meta property=\"og:image:height\" content=\"800\" \/>\n\t<meta property=\"og:image:type\" content=\"image\/jpeg\" \/>\n<meta name=\"twitter:card\" content=\"summary_large_image\" \/>\n<script type=\"application\/ld+json\" class=\"yoast-schema-graph\">{\"@context\":\"https:\/\/schema.org\",\"@graph\":[{\"@type\":\"WebPage\",\"@id\":\"https:\/\/mecatek.eu\/produit\/verins-hydrauliques-plug-level\/\",\"url\":\"https:\/\/mecatek.eu\/produit\/verins-hydrauliques-plug-level\/\",\"name\":\"V\u00e9rins hydrauliques Plug & Level - Mecatek (ex-Sawiko France)\",\"isPartOf\":{\"@id\":\"https:\/\/mecatek.eu\/#website\"},\"primaryImageOfPage\":{\"@id\":\"https:\/\/mecatek.eu\/produit\/verins-hydrauliques-plug-level\/#primaryimage\"},\"image\":{\"@id\":\"https:\/\/mecatek.eu\/produit\/verins-hydrauliques-plug-level\/#primaryimage\"},\"thumbnailUrl\":\"https:\/\/mecatek.eu\/wp-content\/uploads\/2025\/11\/verins-hydrauliques-fourgon-van-camping-car-chassis-alko-3.jpg\",\"datePublished\":\"2025-11-11T07:26:10+00:00\",\"dateModified\":\"2026-03-19T14:17:26+00:00\",\"description\":\"V\u00e9rin hydraulique pour ch\u00e2ssis ALKO : Mecatek, sp\u00e9cialiste en v\u00e9rins hydrauliques pour camping-car, fourgon et van. Demandez un devis.\",\"breadcrumb\":{\"@id\":\"https:\/\/mecatek.eu\/produit\/verins-hydrauliques-plug-level\/#breadcrumb\"},\"inLanguage\":\"en-GB\",\"potentialAction\":[{\"@type\":\"ReadAction\",\"target\":[\"https:\/\/mecatek.eu\/produit\/verins-hydrauliques-plug-level\/\"]}]},{\"@type\":\"ImageObject\",\"inLanguage\":\"en-GB\",\"@id\":\"https:\/\/mecatek.eu\/produit\/verins-hydrauliques-plug-level\/#primaryimage\",\"url\":\"https:\/\/mecatek.eu\/wp-content\/uploads\/2025\/11\/verins-hydrauliques-fourgon-van-camping-car-chassis-alko-3.jpg\",\"contentUrl\":\"https:\/\/mecatek.eu\/wp-content\/uploads\/2025\/11\/verins-hydrauliques-fourgon-van-camping-car-chassis-alko-3.jpg\",\"width\":800,\"height\":800,\"caption\":\"V\u00e9rins hydrauliques Plug &amp; Level pour camping-car avec ou sans ch\u00e2ssis AL-KO\"},{\"@type\":\"BreadcrumbList\",\"@id\":\"https:\/\/mecatek.eu\/produit\/verins-hydrauliques-plug-level\/#breadcrumb\",\"itemListElement\":[{\"@type\":\"ListItem\",\"position\":1,\"name\":\"Accueil\",\"item\":\"https:\/\/mecatek.eu\/\"},{\"@type\":\"ListItem\",\"position\":2,\"name\":\"Catalogue\",\"item\":\"https:\/\/mecatek.eu\/catalogue\/\"},{\"@type\":\"ListItem\",\"position\":3,\"name\":\"V\u00e9rins hydrauliques Plug &#038; Level\"}]},{\"@type\":\"WebSite\",\"@id\":\"https:\/\/mecatek.eu\/#website\",\"url\":\"https:\/\/mecatek.eu\/\",\"name\":\"Mecatek (ex-Sawiko France)\",\"description\":\"Fabricant d&#039;attelages pour camping-car et fourgon - Mecatek\",\"publisher\":{\"@id\":\"https:\/\/mecatek.eu\/#organization\"},\"potentialAction\":[{\"@type\":\"SearchAction\",\"target\":{\"@type\":\"EntryPoint\",\"urlTemplate\":\"https:\/\/mecatek.eu\/?s={search_term_string}\"},\"query-input\":{\"@type\":\"PropertyValueSpecification\",\"valueRequired\":true,\"valueName\":\"search_term_string\"}}],\"inLanguage\":\"en-GB\"},{\"@type\":\"Organization\",\"@id\":\"https:\/\/mecatek.eu\/#organization\",\"name\":\"Mecatek (ex-Sawiko France)\",\"url\":\"https:\/\/mecatek.eu\/\",\"logo\":{\"@type\":\"ImageObject\",\"inLanguage\":\"en-GB\",\"@id\":\"https:\/\/mecatek.eu\/#\/schema\/logo\/image\/\",\"url\":\"http:\/\/mecatek.eu\/wp-content\/uploads\/2026\/01\/Logo-Mecatek-Solutions-techniques-2025-300px.png\",\"contentUrl\":\"http:\/\/mecatek.eu\/wp-content\/uploads\/2026\/01\/Logo-Mecatek-Solutions-techniques-2025-300px.png\",\"width\":400,\"height\":94,\"caption\":\"Mecatek (ex-Sawiko France)\"},\"image\":{\"@id\":\"https:\/\/mecatek.eu\/#\/schema\/logo\/image\/\"}}]}<\/script>\n<!-- \/ Yoast SEO plugin. -->","yoast_head_json":{"title":"Plug &amp; Level hydraulic cylinders - Mecatek (ex-Sawiko France)","description":"Hydraulic jack for ALKO chassis: Mecatek, specialist in hydraulic jacks for motorhomes, vans and panel vans. Ask for a quote.","robots":{"index":"index","follow":"follow","max-snippet":"max-snippet:-1","max-image-preview":"max-image-preview:large","max-video-preview":"max-video-preview:-1"},"canonical":"https:\/\/mecatek.eu\/en\/product\/plug-level-hydraulic-cylinders\/","og_locale":"en_GB","og_type":"article","og_title":"V\u00e9rins hydrauliques Plug & Level - Mecatek (ex-Sawiko France)","og_description":"V\u00e9rin hydraulique pour ch\u00e2ssis ALKO : Mecatek, sp\u00e9cialiste en v\u00e9rins hydrauliques pour camping-car, fourgon et van. Demandez un devis.","og_url":"https:\/\/mecatek.eu\/en\/product\/plug-level-hydraulic-cylinders\/","og_site_name":"Mecatek (ex-Sawiko France)","article_modified_time":"2026-03-19T14:17:26+00:00","og_image":[{"width":800,"height":800,"url":"http:\/\/mecatek.eu\/wp-content\/uploads\/2025\/11\/verins-hydrauliques-fourgon-van-camping-car-chassis-alko-3.jpg","type":"image\/jpeg"}],"twitter_card":"summary_large_image","schema":{"@context":"https:\/\/schema.org","@graph":[{"@type":"WebPage","@id":"https:\/\/mecatek.eu\/produit\/verins-hydrauliques-plug-level\/","url":"https:\/\/mecatek.eu\/produit\/verins-hydrauliques-plug-level\/","name":"Plug &amp; Level hydraulic cylinders - Mecatek (ex-Sawiko France)","isPartOf":{"@id":"https:\/\/mecatek.eu\/#website"},"primaryImageOfPage":{"@id":"https:\/\/mecatek.eu\/produit\/verins-hydrauliques-plug-level\/#primaryimage"},"image":{"@id":"https:\/\/mecatek.eu\/produit\/verins-hydrauliques-plug-level\/#primaryimage"},"thumbnailUrl":"https:\/\/mecatek.eu\/wp-content\/uploads\/2025\/11\/verins-hydrauliques-fourgon-van-camping-car-chassis-alko-3.jpg","datePublished":"2025-11-11T07:26:10+00:00","dateModified":"2026-03-19T14:17:26+00:00","description":"Hydraulic jack for ALKO chassis: Mecatek, specialist in hydraulic jacks for motorhomes, vans and panel vans. Ask for a quote.","breadcrumb":{"@id":"https:\/\/mecatek.eu\/produit\/verins-hydrauliques-plug-level\/#breadcrumb"},"inLanguage":"en-GB","potentialAction":[{"@type":"ReadAction","target":["https:\/\/mecatek.eu\/produit\/verins-hydrauliques-plug-level\/"]}]},{"@type":"ImageObject","inLanguage":"en-GB","@id":"https:\/\/mecatek.eu\/produit\/verins-hydrauliques-plug-level\/#primaryimage","url":"https:\/\/mecatek.eu\/wp-content\/uploads\/2025\/11\/verins-hydrauliques-fourgon-van-camping-car-chassis-alko-3.jpg","contentUrl":"https:\/\/mecatek.eu\/wp-content\/uploads\/2025\/11\/verins-hydrauliques-fourgon-van-camping-car-chassis-alko-3.jpg","width":800,"height":800,"caption":"V\u00e9rins hydrauliques Plug &amp; Level pour camping-car avec ou sans ch\u00e2ssis AL-KO"},{"@type":"BreadcrumbList","@id":"https:\/\/mecatek.eu\/produit\/verins-hydrauliques-plug-level\/#breadcrumb","itemListElement":[{"@type":"ListItem","position":1,"name":"Accueil","item":"https:\/\/mecatek.eu\/"},{"@type":"ListItem","position":2,"name":"Catalogue","item":"https:\/\/mecatek.eu\/catalogue\/"},{"@type":"ListItem","position":3,"name":"V\u00e9rins hydrauliques Plug &#038; Level"}]},{"@type":"WebSite","@id":"https:\/\/mecatek.eu\/#website","url":"https:\/\/mecatek.eu\/","name":"Mecatek (formerly Sawiko France)","description":"Manufacturer of towbars for motorhomes and vans - Mecatek","publisher":{"@id":"https:\/\/mecatek.eu\/#organization"},"potentialAction":[{"@type":"SearchAction","target":{"@type":"EntryPoint","urlTemplate":"https:\/\/mecatek.eu\/?s={search_term_string}"},"query-input":{"@type":"PropertyValueSpecification","valueRequired":true,"valueName":"search_term_string"}}],"inLanguage":"en-GB"},{"@type":"Organization","@id":"https:\/\/mecatek.eu\/#organization","name":"Mecatek (formerly Sawiko France)","url":"https:\/\/mecatek.eu\/","logo":{"@type":"ImageObject","inLanguage":"en-GB","@id":"https:\/\/mecatek.eu\/#\/schema\/logo\/image\/","url":"http:\/\/mecatek.eu\/wp-content\/uploads\/2026\/01\/Logo-Mecatek-Solutions-techniques-2025-300px.png","contentUrl":"http:\/\/mecatek.eu\/wp-content\/uploads\/2026\/01\/Logo-Mecatek-Solutions-techniques-2025-300px.png","width":400,"height":94,"caption":"Mecatek (ex-Sawiko France)"},"image":{"@id":"https:\/\/mecatek.eu\/#\/schema\/logo\/image\/"}}]}},"_links":{"self":[{"href":"https:\/\/mecatek.eu\/en\/wp-json\/wp\/v2\/product\/1261","targetHints":{"allow":["GET"]}}],"collection":[{"href":"https:\/\/mecatek.eu\/en\/wp-json\/wp\/v2\/product"}],"about":[{"href":"https:\/\/mecatek.eu\/en\/wp-json\/wp\/v2\/types\/product"}],"replies":[{"embeddable":true,"href":"https:\/\/mecatek.eu\/en\/wp-json\/wp\/v2\/comments?post=1261"}],"version-history":[{"count":31,"href":"https:\/\/mecatek.eu\/en\/wp-json\/wp\/v2\/product\/1261\/revisions"}],"predecessor-version":[{"id":2850,"href":"https:\/\/mecatek.eu\/en\/wp-json\/wp\/v2\/product\/1261\/revisions\/2850"}],"wp:featuredmedia":[{"embeddable":true,"href":"https:\/\/mecatek.eu\/en\/wp-json\/wp\/v2\/media\/2836"}],"wp:attachment":[{"href":"https:\/\/mecatek.eu\/en\/wp-json\/wp\/v2\/media?parent=1261"}],"wp:term":[{"taxonomy":"product_brand","embeddable":true,"href":"https:\/\/mecatek.eu\/en\/wp-json\/wp\/v2\/product_brand?post=1261"},{"taxonomy":"product_cat","embeddable":true,"href":"https:\/\/mecatek.eu\/en\/wp-json\/wp\/v2\/product_cat?post=1261"},{"taxonomy":"product_tag","embeddable":true,"href":"https:\/\/mecatek.eu\/en\/wp-json\/wp\/v2\/product_tag?post=1261"}],"curies":[{"name":"wp","href":"https:\/\/api.w.org\/{rel}","templated":true}]}}