{"id":1257,"date":"2025-11-10T18:19:31","date_gmt":"2025-11-10T17:19:31","guid":{"rendered":"https:\/\/mecatek.eu\/?post_type=product&#038;p=1257"},"modified":"2026-01-28T10:30:51","modified_gmt":"2026-01-28T09:30:51","slug":"bike-and-motorbike-carrier-for-ligero-motorhomes","status":"publish","type":"product","link":"https:\/\/mecatek.eu\/en\/product\/bike-and-motorbike-carrier-for-ligero-motorhomes\/","title":{"rendered":"Ligero bike and motorbike carrier for motorhomes"},"content":{"rendered":"<div data-elementor-type=\"product-post\" data-elementor-id=\"1257\" class=\"elementor elementor-1257\" data-elementor-post-type=\"product\">\n\t\t\t\t<div class=\"elementor-element elementor-element-398a96f2 e-flex e-con-boxed e-con e-parent\" data-id=\"398a96f2\" data-element_type=\"container\" data-e-type=\"container\">\n\t\t\t\t\t<div class=\"e-con-inner\">\n\t\t<div class=\"elementor-element elementor-element-6cec500 e-con-full e-flex e-con e-child\" data-id=\"6cec500\" data-element_type=\"container\" data-e-type=\"container\">\n\t\t<div class=\"elementor-element elementor-element-7bb33a3 e-con-full e-flex e-con e-child\" data-id=\"7bb33a3\" data-element_type=\"container\" data-e-type=\"container\">\n\t\t\t\t<div class=\"elementor-element elementor-element-febec3d elementor-widget elementor-widget-text-editor\" data-id=\"febec3d\" data-element_type=\"widget\" data-e-type=\"widget\" data-widget_type=\"text-editor.default\">\n\t\t\t\t\t\t\t\t\t<h2>Bike, motorbike and scooter carriers <span style=\"color: #0079b3;\">Ligero<\/span><\/h2>\t\t\t\t\t\t\t\t<\/div>\n\t\t\t\t<div class=\"elementor-element elementor-element-b204e46 elementor-widget elementor-widget-text-editor\" data-id=\"b204e46\" data-element_type=\"widget\" data-e-type=\"widget\" data-widget_type=\"text-editor.default\">\n\t\t\t\t\t\t\t\t\t<p>Discover the <strong>LIGERO<\/strong>, the <strong>load carriers<\/strong> a new generation that combines lightness, robustness and unrivalled flexibility. Thanks to its innovative design, it is around 5 kg lighter than the previous version, without compromising on performance. With an exceptional load capacity of up to 150 kg, the <strong>LIGERO bike rack<\/strong> offers remarkable versatility: whether you're carrying standard bikes, fat bikes, scooters or even a tricycle, it can adapt to all your adventurous desires.<\/p><p><strong>FREEDOM, FLEXIBILITY, PERFORMANCE<\/strong><br \/>Its telescopic chassis can be adjusted from 600 to 930 mm, so you can easily modulate the platform to suit your needs. Whether you're going off on your own for a sporting outing or with the family for a weekend in the countryside, the LIGERO adapts in the blink of an eye to ensure optimum comfort of use.<\/p><p>Combining modern design, intelligent functionality and top-of-the-range quality, the LIGERO redefines the concept of tailor-made transport for bikes and scooters. You'll be seduced by its lightness, stability and freedom of installation - features that make it the ideal companion for your outings.<\/p><p><strong>Configurations available:<\/strong><\/p><ul><li>1 scooter<\/li><li>1 scooter + 1 bike<\/li><li>1 scooter + 2 bikes<\/li><li>1 fat bike + 1 bike<\/li><li>2 fat bikes<\/li><li>2 fat bikes + 2 bicycles<\/li><li>2 bicycles<\/li><li>3 bicycles<\/li><li>4 bicycles<\/li><li>1 tricycle<\/li><\/ul>\t\t\t\t\t\t\t\t<\/div>\n\t\t\t\t<\/div>\n\t\t<div class=\"elementor-element elementor-element-d15e133 e-con-full e-flex e-con e-child\" data-id=\"d15e133\" data-element_type=\"container\" data-e-type=\"container\" data-settings=\"{&quot;background_background&quot;:&quot;classic&quot;}\">\n\t\t\t\t<div class=\"elementor-element elementor-element-49373a5 elementor-widget elementor-widget-image\" data-id=\"49373a5\" data-element_type=\"widget\" data-e-type=\"widget\" data-widget_type=\"image.default\">\n\t\t\t\t\t\t\t\t\t\t\t\t\t\t\t<img fetchpriority=\"high\" decoding=\"async\" width=\"400\" height=\"200\" src=\"https:\/\/mecatek.eu\/wp-content\/uploads\/2025\/12\/Logo-Marque-Sawiko-de.png\" class=\"attachment-full size-full wp-image-1013\" alt=\"Sawiko logo\" \/>\t\t\t\t\t\t\t\t\t\t\t\t\t\t\t<\/div>\n\t\t\t\t<div class=\"elementor-element elementor-element-9392be1 elementor-widget elementor-widget-text-editor\" data-id=\"9392be1\" data-element_type=\"widget\" data-e-type=\"widget\" data-widget_type=\"text-editor.default\">\n\t\t\t\t\t\t\t\t\t<p><strong>Technical data :<\/strong><\/p><ul><li>Payload: 150 kg max. <\/li><li>Reduced weight <\/li><li>Telescopic from 600 to 930 mm as standard<\/li><li>Can be dismantled without tools <\/li><li>Standard fasteners included <\/li><li>Available with LED lighting<\/li><\/ul>\t\t\t\t\t\t\t\t<\/div>\n\t\t\t\t<\/div>\n\t\t\t\t<\/div>\n\t\t\t\t\t<\/div>\n\t\t\t\t<\/div>\n\t\t\t\t<\/div>","protected":false},"excerpt":{"rendered":"<p>Le\u00a0<strong>LIGERO<\/strong>\u00a0pushes back the limits of bicycle transport with a lighter design, some 5 kg lighter than its predecessor, while offering an exceptional load capacity of\u00a0<strong>150 kg<\/strong>. Thanks to its\u00a0<strong>adjustable telescopic platform<\/strong> and its many possible configurations, it adapts to every need: standard or electric bikes, fat bikes, scooters or tricycles. A perfect ally combining <strong>modern design, flexibility and premium quality<\/strong>\u00a0for your adventures in total freedom.<\/p>","protected":false},"featured_media":2202,"comment_status":"closed","ping_status":"closed","template":"","meta":[],"product_brand":[68],"product_cat":[70,76],"product_tag":[],"class_list":{"0":"post-1257","1":"product","2":"type-product","3":"status-publish","4":"has-post-thumbnail","6":"product_brand-sawiko","7":"product_cat-porte-velos-sawiko","8":"product_cat-porte-motos-sawiko","10":"first","11":"instock","12":"shipping-taxable","13":"product-type-simple"},"yoast_head":"<!-- This site is optimized with the Yoast SEO plugin v26.9 - https:\/\/yoast.com\/product\/yoast-seo-wordpress\/ -->\n<title>Porte-v\u00e9los et moto pour camping-car Ligero - Mecatek (ex-Sawiko France)<\/title>\n<meta name=\"description\" content=\"Porte v\u00e9lo ou moto Ligero\u202fde la gamme Sawiko : la solution id\u00e9ale pour transporter des v\u00e9los, 1 moto,1 scooter gr\u00e2ce \u00e0 sa plateforme t\u00e9lescopique ajustable, ses nombreuses configurations possibles et sa charge utile de 150kg\" \/>\n<meta name=\"robots\" content=\"index, follow, max-snippet:-1, max-image-preview:large, max-video-preview:-1\" \/>\n<link rel=\"canonical\" href=\"https:\/\/mecatek.eu\/en\/product\/bike-and-motorbike-carrier-for-ligero-motorhomes\/\" \/>\n<meta property=\"og:locale\" content=\"en_GB\" \/>\n<meta property=\"og:type\" content=\"article\" \/>\n<meta property=\"og:title\" content=\"Porte-v\u00e9los et moto pour camping-car Ligero - Mecatek (ex-Sawiko France)\" \/>\n<meta property=\"og:description\" content=\"Porte v\u00e9lo ou moto Ligero\u202fde la gamme Sawiko : la solution id\u00e9ale pour transporter des v\u00e9los, 1 moto,1 scooter gr\u00e2ce \u00e0 sa plateforme t\u00e9lescopique ajustable, ses nombreuses configurations possibles et sa charge utile de 150kg\" \/>\n<meta property=\"og:url\" content=\"https:\/\/mecatek.eu\/en\/product\/bike-and-motorbike-carrier-for-ligero-motorhomes\/\" \/>\n<meta property=\"og:site_name\" content=\"Mecatek (ex-Sawiko France)\" \/>\n<meta property=\"article:modified_time\" content=\"2026-01-28T09:30:51+00:00\" \/>\n<meta property=\"og:image\" content=\"http:\/\/mecatek.eu\/wp-content\/uploads\/2025\/11\/Porte-moto-velos-Ligero-Sawiko_001.png\" \/>\n\t<meta property=\"og:image:width\" content=\"800\" \/>\n\t<meta property=\"og:image:height\" content=\"700\" \/>\n\t<meta property=\"og:image:type\" content=\"image\/png\" \/>\n<meta name=\"twitter:card\" content=\"summary_large_image\" \/>\n<meta name=\"twitter:label1\" content=\"Estimated reading time\" \/>\n\t<meta name=\"twitter:data1\" content=\"2 minutes\" \/>\n<script type=\"application\/ld+json\" class=\"yoast-schema-graph\">{\"@context\":\"https:\/\/schema.org\",\"@graph\":[{\"@type\":\"WebPage\",\"@id\":\"https:\/\/mecatek.eu\/produit\/porte-velos-et-moto-pour-camping-car-ligero\/\",\"url\":\"https:\/\/mecatek.eu\/produit\/porte-velos-et-moto-pour-camping-car-ligero\/\",\"name\":\"Porte-v\u00e9los et moto pour camping-car Ligero - Mecatek (ex-Sawiko France)\",\"isPartOf\":{\"@id\":\"https:\/\/mecatek.eu\/#website\"},\"primaryImageOfPage\":{\"@id\":\"https:\/\/mecatek.eu\/produit\/porte-velos-et-moto-pour-camping-car-ligero\/#primaryimage\"},\"image\":{\"@id\":\"https:\/\/mecatek.eu\/produit\/porte-velos-et-moto-pour-camping-car-ligero\/#primaryimage\"},\"thumbnailUrl\":\"https:\/\/mecatek.eu\/wp-content\/uploads\/2025\/11\/Porte-moto-velos-Ligero-Sawiko_001.png\",\"datePublished\":\"2025-11-10T17:19:31+00:00\",\"dateModified\":\"2026-01-28T09:30:51+00:00\",\"description\":\"Porte v\u00e9lo ou moto Ligero\u202fde la gamme Sawiko : la solution id\u00e9ale pour transporter des v\u00e9los, 1 moto,1 scooter gr\u00e2ce \u00e0 sa plateforme t\u00e9lescopique ajustable, ses nombreuses configurations possibles et sa charge utile de 150kg\",\"breadcrumb\":{\"@id\":\"https:\/\/mecatek.eu\/produit\/porte-velos-et-moto-pour-camping-car-ligero\/#breadcrumb\"},\"inLanguage\":\"en-GB\",\"potentialAction\":[{\"@type\":\"ReadAction\",\"target\":[\"https:\/\/mecatek.eu\/produit\/porte-velos-et-moto-pour-camping-car-ligero\/\"]}]},{\"@type\":\"ImageObject\",\"inLanguage\":\"en-GB\",\"@id\":\"https:\/\/mecatek.eu\/produit\/porte-velos-et-moto-pour-camping-car-ligero\/#primaryimage\",\"url\":\"https:\/\/mecatek.eu\/wp-content\/uploads\/2025\/11\/Porte-moto-velos-Ligero-Sawiko_001.png\",\"contentUrl\":\"https:\/\/mecatek.eu\/wp-content\/uploads\/2025\/11\/Porte-moto-velos-Ligero-Sawiko_001.png\",\"width\":800,\"height\":700,\"caption\":\"Porte-v\u00e9los et moto pour camping-car Ligero avec un scooter install\u00e9\"},{\"@type\":\"BreadcrumbList\",\"@id\":\"https:\/\/mecatek.eu\/produit\/porte-velos-et-moto-pour-camping-car-ligero\/#breadcrumb\",\"itemListElement\":[{\"@type\":\"ListItem\",\"position\":1,\"name\":\"Accueil\",\"item\":\"https:\/\/mecatek.eu\/\"},{\"@type\":\"ListItem\",\"position\":2,\"name\":\"Catalogue\",\"item\":\"https:\/\/mecatek.eu\/catalogue\/\"},{\"@type\":\"ListItem\",\"position\":3,\"name\":\"Porte-v\u00e9los et moto pour camping-car Ligero\"}]},{\"@type\":\"WebSite\",\"@id\":\"https:\/\/mecatek.eu\/#website\",\"url\":\"https:\/\/mecatek.eu\/\",\"name\":\"Mecatek (ex-Sawiko France)\",\"description\":\"Fabricant d&#039;attelages pour camping-car et fourgon - Mecatek\",\"publisher\":{\"@id\":\"https:\/\/mecatek.eu\/#organization\"},\"potentialAction\":[{\"@type\":\"SearchAction\",\"target\":{\"@type\":\"EntryPoint\",\"urlTemplate\":\"https:\/\/mecatek.eu\/?s={search_term_string}\"},\"query-input\":{\"@type\":\"PropertyValueSpecification\",\"valueRequired\":true,\"valueName\":\"search_term_string\"}}],\"inLanguage\":\"en-GB\"},{\"@type\":\"Organization\",\"@id\":\"https:\/\/mecatek.eu\/#organization\",\"name\":\"Mecatek (ex-Sawiko France)\",\"url\":\"https:\/\/mecatek.eu\/\",\"logo\":{\"@type\":\"ImageObject\",\"inLanguage\":\"en-GB\",\"@id\":\"https:\/\/mecatek.eu\/#\/schema\/logo\/image\/\",\"url\":\"http:\/\/mecatek.eu\/wp-content\/uploads\/2026\/01\/Logo-Mecatek-Solutions-techniques-2025-300px.png\",\"contentUrl\":\"http:\/\/mecatek.eu\/wp-content\/uploads\/2026\/01\/Logo-Mecatek-Solutions-techniques-2025-300px.png\",\"width\":400,\"height\":94,\"caption\":\"Mecatek (ex-Sawiko France)\"},\"image\":{\"@id\":\"https:\/\/mecatek.eu\/#\/schema\/logo\/image\/\"}}]}<\/script>\n<!-- \/ Yoast SEO plugin. -->","yoast_head_json":{"title":"Ligero motorhome bike and motorbike carrier - Mecatek (ex-Sawiko France)","description":"Ligero bike or motorbike carrier from the Sawiko range: the ideal solution for transporting bikes, 1 motorbike or 1 scooter thanks to its adjustable telescopic platform, numerous possible configurations and 150kg payload.","robots":{"index":"index","follow":"follow","max-snippet":"max-snippet:-1","max-image-preview":"max-image-preview:large","max-video-preview":"max-video-preview:-1"},"canonical":"https:\/\/mecatek.eu\/en\/product\/bike-and-motorbike-carrier-for-ligero-motorhomes\/","og_locale":"en_GB","og_type":"article","og_title":"Porte-v\u00e9los et moto pour camping-car Ligero - Mecatek (ex-Sawiko France)","og_description":"Porte v\u00e9lo ou moto Ligero\u202fde la gamme Sawiko : la solution id\u00e9ale pour transporter des v\u00e9los, 1 moto,1 scooter gr\u00e2ce \u00e0 sa plateforme t\u00e9lescopique ajustable, ses nombreuses configurations possibles et sa charge utile de 150kg","og_url":"https:\/\/mecatek.eu\/en\/product\/bike-and-motorbike-carrier-for-ligero-motorhomes\/","og_site_name":"Mecatek (ex-Sawiko France)","article_modified_time":"2026-01-28T09:30:51+00:00","og_image":[{"width":800,"height":700,"url":"http:\/\/mecatek.eu\/wp-content\/uploads\/2025\/11\/Porte-moto-velos-Ligero-Sawiko_001.png","type":"image\/png"}],"twitter_card":"summary_large_image","twitter_misc":{"Estimated reading time":"2 minutes"},"schema":{"@context":"https:\/\/schema.org","@graph":[{"@type":"WebPage","@id":"https:\/\/mecatek.eu\/produit\/porte-velos-et-moto-pour-camping-car-ligero\/","url":"https:\/\/mecatek.eu\/produit\/porte-velos-et-moto-pour-camping-car-ligero\/","name":"Ligero motorhome bike and motorbike carrier - Mecatek (ex-Sawiko France)","isPartOf":{"@id":"https:\/\/mecatek.eu\/#website"},"primaryImageOfPage":{"@id":"https:\/\/mecatek.eu\/produit\/porte-velos-et-moto-pour-camping-car-ligero\/#primaryimage"},"image":{"@id":"https:\/\/mecatek.eu\/produit\/porte-velos-et-moto-pour-camping-car-ligero\/#primaryimage"},"thumbnailUrl":"https:\/\/mecatek.eu\/wp-content\/uploads\/2025\/11\/Porte-moto-velos-Ligero-Sawiko_001.png","datePublished":"2025-11-10T17:19:31+00:00","dateModified":"2026-01-28T09:30:51+00:00","description":"Ligero bike or motorbike carrier from the Sawiko range: the ideal solution for transporting bikes, 1 motorbike or 1 scooter thanks to its adjustable telescopic platform, numerous possible configurations and 150kg payload.","breadcrumb":{"@id":"https:\/\/mecatek.eu\/produit\/porte-velos-et-moto-pour-camping-car-ligero\/#breadcrumb"},"inLanguage":"en-GB","potentialAction":[{"@type":"ReadAction","target":["https:\/\/mecatek.eu\/produit\/porte-velos-et-moto-pour-camping-car-ligero\/"]}]},{"@type":"ImageObject","inLanguage":"en-GB","@id":"https:\/\/mecatek.eu\/produit\/porte-velos-et-moto-pour-camping-car-ligero\/#primaryimage","url":"https:\/\/mecatek.eu\/wp-content\/uploads\/2025\/11\/Porte-moto-velos-Ligero-Sawiko_001.png","contentUrl":"https:\/\/mecatek.eu\/wp-content\/uploads\/2025\/11\/Porte-moto-velos-Ligero-Sawiko_001.png","width":800,"height":700,"caption":"Porte-v\u00e9los et moto pour camping-car Ligero avec un scooter install\u00e9"},{"@type":"BreadcrumbList","@id":"https:\/\/mecatek.eu\/produit\/porte-velos-et-moto-pour-camping-car-ligero\/#breadcrumb","itemListElement":[{"@type":"ListItem","position":1,"name":"Accueil","item":"https:\/\/mecatek.eu\/"},{"@type":"ListItem","position":2,"name":"Catalogue","item":"https:\/\/mecatek.eu\/catalogue\/"},{"@type":"ListItem","position":3,"name":"Porte-v\u00e9los et moto pour camping-car Ligero"}]},{"@type":"WebSite","@id":"https:\/\/mecatek.eu\/#website","url":"https:\/\/mecatek.eu\/","name":"Mecatek (formerly Sawiko France)","description":"Manufacturer of towbars for motorhomes and vans - Mecatek","publisher":{"@id":"https:\/\/mecatek.eu\/#organization"},"potentialAction":[{"@type":"SearchAction","target":{"@type":"EntryPoint","urlTemplate":"https:\/\/mecatek.eu\/?s={search_term_string}"},"query-input":{"@type":"PropertyValueSpecification","valueRequired":true,"valueName":"search_term_string"}}],"inLanguage":"en-GB"},{"@type":"Organization","@id":"https:\/\/mecatek.eu\/#organization","name":"Mecatek (formerly Sawiko France)","url":"https:\/\/mecatek.eu\/","logo":{"@type":"ImageObject","inLanguage":"en-GB","@id":"https:\/\/mecatek.eu\/#\/schema\/logo\/image\/","url":"http:\/\/mecatek.eu\/wp-content\/uploads\/2026\/01\/Logo-Mecatek-Solutions-techniques-2025-300px.png","contentUrl":"http:\/\/mecatek.eu\/wp-content\/uploads\/2026\/01\/Logo-Mecatek-Solutions-techniques-2025-300px.png","width":400,"height":94,"caption":"Mecatek (ex-Sawiko France)"},"image":{"@id":"https:\/\/mecatek.eu\/#\/schema\/logo\/image\/"}}]}},"_links":{"self":[{"href":"https:\/\/mecatek.eu\/en\/wp-json\/wp\/v2\/product\/1257","targetHints":{"allow":["GET"]}}],"collection":[{"href":"https:\/\/mecatek.eu\/en\/wp-json\/wp\/v2\/product"}],"about":[{"href":"https:\/\/mecatek.eu\/en\/wp-json\/wp\/v2\/types\/product"}],"replies":[{"embeddable":true,"href":"https:\/\/mecatek.eu\/en\/wp-json\/wp\/v2\/comments?post=1257"}],"version-history":[{"count":6,"href":"https:\/\/mecatek.eu\/en\/wp-json\/wp\/v2\/product\/1257\/revisions"}],"predecessor-version":[{"id":2209,"href":"https:\/\/mecatek.eu\/en\/wp-json\/wp\/v2\/product\/1257\/revisions\/2209"}],"wp:featuredmedia":[{"embeddable":true,"href":"https:\/\/mecatek.eu\/en\/wp-json\/wp\/v2\/media\/2202"}],"wp:attachment":[{"href":"https:\/\/mecatek.eu\/en\/wp-json\/wp\/v2\/media?parent=1257"}],"wp:term":[{"taxonomy":"product_brand","embeddable":true,"href":"https:\/\/mecatek.eu\/en\/wp-json\/wp\/v2\/product_brand?post=1257"},{"taxonomy":"product_cat","embeddable":true,"href":"https:\/\/mecatek.eu\/en\/wp-json\/wp\/v2\/product_cat?post=1257"},{"taxonomy":"product_tag","embeddable":true,"href":"https:\/\/mecatek.eu\/en\/wp-json\/wp\/v2\/product_tag?post=1257"}],"curies":[{"name":"wp","href":"https:\/\/api.w.org\/{rel}","templated":true}]}}