{"id":1180,"date":"2025-11-10T16:51:17","date_gmt":"2025-11-10T15:51:17","guid":{"rendered":"https:\/\/mecatek.eu\/?post_type=product&#038;p=1180"},"modified":"2026-01-24T11:45:38","modified_gmt":"2026-01-24T10:45:38","slug":"extensions-for-al-ko-chassis","status":"publish","type":"product","link":"https:\/\/mecatek.eu\/en\/product\/extensions-for-al-ko-chassis\/","title":{"rendered":"Extensions for AL-KO chassis"},"content":{"rendered":"<div data-elementor-type=\"product-post\" data-elementor-id=\"1180\" class=\"elementor elementor-1180\" data-elementor-post-type=\"product\">\n\t\t\t\t<div class=\"elementor-element elementor-element-bad402e e-flex e-con-boxed e-con e-parent\" data-id=\"bad402e\" data-element_type=\"container\" data-e-type=\"container\">\n\t\t\t\t\t<div class=\"e-con-inner\">\n\t\t<div class=\"elementor-element elementor-element-5851eab e-con-full e-flex e-con e-child\" data-id=\"5851eab\" data-element_type=\"container\" data-e-type=\"container\">\n\t\t<div class=\"elementor-element elementor-element-724dc39 e-con-full e-flex e-con e-child\" data-id=\"724dc39\" data-element_type=\"container\" data-e-type=\"container\">\n\t\t\t\t<div class=\"elementor-element elementor-element-192e546 elementor-widget elementor-widget-text-editor\" data-id=\"192e546\" data-element_type=\"widget\" data-e-type=\"widget\" data-widget_type=\"text-editor.default\">\n\t\t\t\t\t\t\t\t\t<h2>Extension leads for <span style=\"color: #0079b3;\">Alko chassis<\/span><\/h2>\t\t\t\t\t\t\t\t<\/div>\n\t\t\t\t<div class=\"elementor-element elementor-element-89a9c7c elementor-widget elementor-widget-text-editor\" data-id=\"89a9c7c\" data-element_type=\"widget\" data-e-type=\"widget\" data-widget_type=\"text-editor.default\">\n\t\t\t\t\t\t\t\t\t<p>We can provide you with extension leads for AL-KO chassis. We have solutions for the following makes:<\/p>\t\t\t\t\t\t\t\t<\/div>\n\t\t\t\t<div class=\"elementor-element elementor-element-cbd3d93 gallery-spacing-custom elementor-widget elementor-widget-image-gallery\" data-id=\"cbd3d93\" data-element_type=\"widget\" data-e-type=\"widget\" data-widget_type=\"image-gallery.default\">\n\t\t\t\t\t\t\t<div class=\"elementor-image-gallery\">\n\t\t\t<div id='gallery-1' class='gallery galleryid-1180 gallery-columns-6 gallery-size-full'><figure class='gallery-item'>\n\t\t\t<div class='gallery-icon landscape'>\n\t\t\t\t<img fetchpriority=\"high\" decoding=\"async\" width=\"250\" height=\"200\" src=\"https:\/\/mecatek.eu\/wp-content\/uploads\/2025\/12\/Logo-adria.png\" class=\"attachment-full size-full\" alt=\"Adria logo\" \/>\n\t\t\t<\/div><\/figure><figure class='gallery-item'>\n\t\t\t<div class='gallery-icon landscape'>\n\t\t\t\t<img decoding=\"async\" width=\"250\" height=\"200\" src=\"https:\/\/mecatek.eu\/wp-content\/uploads\/2025\/12\/Logo-Autostar.png\" class=\"attachment-full size-full\" alt=\"Autostar logo\" \/>\n\t\t\t<\/div><\/figure><figure class='gallery-item'>\n\t\t\t<div class='gallery-icon landscape'>\n\t\t\t\t<img decoding=\"async\" width=\"250\" height=\"200\" src=\"https:\/\/mecatek.eu\/wp-content\/uploads\/2025\/12\/Logo-Autotrail.png\" class=\"attachment-full size-full\" alt=\"Autotrail logo\" \/>\n\t\t\t<\/div><\/figure><figure class='gallery-item'>\n\t\t\t<div class='gallery-icon landscape'>\n\t\t\t\t<img loading=\"lazy\" decoding=\"async\" width=\"250\" height=\"200\" src=\"https:\/\/mecatek.eu\/wp-content\/uploads\/2025\/12\/Logo-Bailey.png\" class=\"attachment-full size-full\" alt=\"Bailey logo\" \/>\n\t\t\t<\/div><\/figure><figure class='gallery-item'>\n\t\t\t<div class='gallery-icon landscape'>\n\t\t\t\t<img loading=\"lazy\" decoding=\"async\" width=\"250\" height=\"200\" src=\"https:\/\/mecatek.eu\/wp-content\/uploads\/2025\/12\/Logo-Bavaria.png\" class=\"attachment-full size-full\" alt=\"Bavaria logo\" \/>\n\t\t\t<\/div><\/figure><figure class='gallery-item'>\n\t\t\t<div class='gallery-icon landscape'>\n\t\t\t\t<img loading=\"lazy\" decoding=\"async\" width=\"250\" height=\"200\" src=\"https:\/\/mecatek.eu\/wp-content\/uploads\/2025\/12\/Logo-Bessacarr.png\" class=\"attachment-full size-full\" alt=\"Bessacarr logo\" \/>\n\t\t\t<\/div><\/figure><figure class='gallery-item'>\n\t\t\t<div class='gallery-icon landscape'>\n\t\t\t\t<img loading=\"lazy\" decoding=\"async\" width=\"250\" height=\"200\" src=\"https:\/\/mecatek.eu\/wp-content\/uploads\/2025\/12\/Logo-Buerstner.png\" class=\"attachment-full size-full\" alt=\"Buerstner logo\" \/>\n\t\t\t<\/div><\/figure><figure class='gallery-item'>\n\t\t\t<div class='gallery-icon landscape'>\n\t\t\t\t<img loading=\"lazy\" decoding=\"async\" width=\"250\" height=\"200\" src=\"https:\/\/mecatek.eu\/wp-content\/uploads\/2025\/12\/Logo-Carthago.png\" class=\"attachment-full size-full\" alt=\"Carthago logo\" \/>\n\t\t\t<\/div><\/figure><figure class='gallery-item'>\n\t\t\t<div class='gallery-icon landscape'>\n\t\t\t\t<img loading=\"lazy\" decoding=\"async\" width=\"250\" height=\"200\" src=\"https:\/\/mecatek.eu\/wp-content\/uploads\/2025\/12\/Logo-Challenger.png\" class=\"attachment-full size-full\" alt=\"Challenger logo\" \/>\n\t\t\t<\/div><\/figure><figure class='gallery-item'>\n\t\t\t<div class='gallery-icon landscape'>\n\t\t\t\t<img loading=\"lazy\" decoding=\"async\" width=\"250\" height=\"200\" src=\"https:\/\/mecatek.eu\/wp-content\/uploads\/2025\/12\/Logo-Chausson.png\" class=\"attachment-full size-full\" alt=\"Slippers logo\" \/>\n\t\t\t<\/div><\/figure><figure class='gallery-item'>\n\t\t\t<div class='gallery-icon landscape'>\n\t\t\t\t<img loading=\"lazy\" decoding=\"async\" width=\"250\" height=\"200\" src=\"https:\/\/mecatek.eu\/wp-content\/uploads\/2025\/12\/Logo-Esterel_line.png\" class=\"attachment-full size-full\" alt=\"Esterel-line logo\" \/>\n\t\t\t<\/div><\/figure><figure class='gallery-item'>\n\t\t\t<div class='gallery-icon landscape'>\n\t\t\t\t<img loading=\"lazy\" decoding=\"async\" width=\"250\" height=\"200\" src=\"https:\/\/mecatek.eu\/wp-content\/uploads\/2025\/12\/Logo-Euramobil.png\" class=\"attachment-full size-full\" alt=\"Euramobil logo\" \/>\n\t\t\t<\/div><\/figure><figure class='gallery-item'>\n\t\t\t<div class='gallery-icon landscape'>\n\t\t\t\t<img loading=\"lazy\" decoding=\"async\" width=\"250\" height=\"200\" src=\"https:\/\/mecatek.eu\/wp-content\/uploads\/2025\/12\/Logo-Fleurette.png\" class=\"attachment-full size-full\" alt=\"Fleurette logo\" \/>\n\t\t\t<\/div><\/figure><figure class='gallery-item'>\n\t\t\t<div class='gallery-icon landscape'>\n\t\t\t\t<img loading=\"lazy\" decoding=\"async\" width=\"250\" height=\"200\" src=\"https:\/\/mecatek.eu\/wp-content\/uploads\/2025\/12\/Logo-Frankia.png\" class=\"attachment-full size-full\" alt=\"Frankia logo\" \/>\n\t\t\t<\/div><\/figure><figure class='gallery-item'>\n\t\t\t<div class='gallery-icon landscape'>\n\t\t\t\t<img loading=\"lazy\" decoding=\"async\" width=\"250\" height=\"200\" src=\"https:\/\/mecatek.eu\/wp-content\/uploads\/2025\/12\/Logo-Hymer.png\" class=\"attachment-full size-full\" alt=\"Hymer logo\" \/>\n\t\t\t<\/div><\/figure><figure class='gallery-item'>\n\t\t\t<div class='gallery-icon landscape'>\n\t\t\t\t<img loading=\"lazy\" decoding=\"async\" width=\"250\" height=\"200\" src=\"https:\/\/mecatek.eu\/wp-content\/uploads\/2025\/12\/Logo-ITINEO.png\" class=\"attachment-full size-full\" alt=\"ITINEO logo\" \/>\n\t\t\t<\/div><\/figure><figure class='gallery-item'>\n\t\t\t<div class='gallery-icon landscape'>\n\t\t\t\t<img loading=\"lazy\" decoding=\"async\" width=\"250\" height=\"200\" src=\"https:\/\/mecatek.eu\/wp-content\/uploads\/2025\/12\/Logo-Kabe.png\" class=\"attachment-full size-full\" alt=\"Kabe logo\" \/>\n\t\t\t<\/div><\/figure><figure class='gallery-item'>\n\t\t\t<div class='gallery-icon landscape'>\n\t\t\t\t<img loading=\"lazy\" decoding=\"async\" width=\"250\" height=\"200\" src=\"https:\/\/mecatek.eu\/wp-content\/uploads\/2025\/12\/Logo-Knaus.png\" class=\"attachment-full size-full\" alt=\"Knaus logo\" \/>\n\t\t\t<\/div><\/figure><figure class='gallery-item'>\n\t\t\t<div class='gallery-icon landscape'>\n\t\t\t\t<img loading=\"lazy\" decoding=\"async\" width=\"250\" height=\"200\" src=\"https:\/\/mecatek.eu\/wp-content\/uploads\/2025\/12\/Logo-Laika.png\" class=\"attachment-full size-full\" alt=\"Laika logo\" \/>\n\t\t\t<\/div><\/figure><figure class='gallery-item'>\n\t\t\t<div class='gallery-icon landscape'>\n\t\t\t\t<img loading=\"lazy\" decoding=\"async\" width=\"250\" height=\"200\" src=\"https:\/\/mecatek.eu\/wp-content\/uploads\/2025\/12\/Logo-levoyageur.png\" class=\"attachment-full size-full\" alt=\"Le Voyageur logo\" \/>\n\t\t\t<\/div><\/figure><figure class='gallery-item'>\n\t\t\t<div class='gallery-icon landscape'>\n\t\t\t\t<img loading=\"lazy\" decoding=\"async\" width=\"250\" height=\"200\" src=\"https:\/\/mecatek.eu\/wp-content\/uploads\/2025\/12\/Logo-LMC.png\" class=\"attachment-full size-full\" alt=\"LMC logo\" \/>\n\t\t\t<\/div><\/figure><figure class='gallery-item'>\n\t\t\t<div class='gallery-icon landscape'>\n\t\t\t\t<img loading=\"lazy\" decoding=\"async\" width=\"250\" height=\"200\" src=\"https:\/\/mecatek.eu\/wp-content\/uploads\/2025\/12\/Logo-Mobilvetta.png\" class=\"attachment-full size-full\" alt=\"Mobilvetta logo\" \/>\n\t\t\t<\/div><\/figure><figure class='gallery-item'>\n\t\t\t<div class='gallery-icon landscape'>\n\t\t\t\t<img loading=\"lazy\" decoding=\"async\" width=\"250\" height=\"200\" src=\"https:\/\/mecatek.eu\/wp-content\/uploads\/2025\/12\/Logo-morelo.png\" class=\"attachment-full size-full\" alt=\"Morelo logo\" \/>\n\t\t\t<\/div><\/figure><figure class='gallery-item'>\n\t\t\t<div class='gallery-icon landscape'>\n\t\t\t\t<img loading=\"lazy\" decoding=\"async\" width=\"250\" height=\"200\" src=\"https:\/\/mecatek.eu\/wp-content\/uploads\/2025\/12\/Logo-Niesmann-Bischoff.png\" class=\"attachment-full size-full\" alt=\"Niesmann-Bischoff logo\" \/>\n\t\t\t<\/div><\/figure><figure class='gallery-item'>\n\t\t\t<div class='gallery-icon landscape'>\n\t\t\t\t<img loading=\"lazy\" decoding=\"async\" width=\"250\" height=\"200\" src=\"https:\/\/mecatek.eu\/wp-content\/uploads\/2025\/12\/Logo-Nordic.png\" class=\"attachment-full size-full\" alt=\"Nordic logo\" \/>\n\t\t\t<\/div><\/figure><figure class='gallery-item'>\n\t\t\t<div class='gallery-icon landscape'>\n\t\t\t\t<img loading=\"lazy\" decoding=\"async\" width=\"250\" height=\"200\" src=\"https:\/\/mecatek.eu\/wp-content\/uploads\/2025\/12\/Logo-Phoenix.png\" class=\"attachment-full size-full\" alt=\"Phoenix logo\" \/>\n\t\t\t<\/div><\/figure><figure class='gallery-item'>\n\t\t\t<div class='gallery-icon landscape'>\n\t\t\t\t<img loading=\"lazy\" decoding=\"async\" width=\"250\" height=\"200\" src=\"https:\/\/mecatek.eu\/wp-content\/uploads\/2025\/12\/Logo-Pilote.png\" class=\"attachment-full size-full\" alt=\"Pilot logo\" \/>\n\t\t\t<\/div><\/figure><figure class='gallery-item'>\n\t\t\t<div class='gallery-icon landscape'>\n\t\t\t\t<img loading=\"lazy\" decoding=\"async\" width=\"250\" height=\"200\" src=\"https:\/\/mecatek.eu\/wp-content\/uploads\/2025\/12\/Logo-Polar.png\" class=\"attachment-full size-full\" alt=\"Polar logo\" \/>\n\t\t\t<\/div><\/figure><figure class='gallery-item'>\n\t\t\t<div class='gallery-icon landscape'>\n\t\t\t\t<img loading=\"lazy\" decoding=\"async\" width=\"250\" height=\"200\" src=\"https:\/\/mecatek.eu\/wp-content\/uploads\/2025\/12\/Logo-Rapido.png\" class=\"attachment-full size-full\" alt=\"Rapido logo\" \/>\n\t\t\t<\/div><\/figure><figure class='gallery-item'>\n\t\t\t<div class='gallery-icon landscape'>\n\t\t\t\t<img loading=\"lazy\" decoding=\"async\" width=\"250\" height=\"200\" src=\"https:\/\/mecatek.eu\/wp-content\/uploads\/2025\/12\/Logo-Reimo.png\" class=\"attachment-full size-full\" alt=\"Reimo logo\" \/>\n\t\t\t<\/div><\/figure><figure class='gallery-item'>\n\t\t\t<div class='gallery-icon landscape'>\n\t\t\t\t<img loading=\"lazy\" decoding=\"async\" width=\"250\" height=\"200\" src=\"https:\/\/mecatek.eu\/wp-content\/uploads\/2025\/12\/Logo-Swift.png\" class=\"attachment-full size-full\" alt=\"Swift logo\" \/>\n\t\t\t<\/div><\/figure><figure class='gallery-item'>\n\t\t\t<div class='gallery-icon landscape'>\n\t\t\t\t<img loading=\"lazy\" decoding=\"async\" width=\"250\" height=\"200\" src=\"https:\/\/mecatek.eu\/wp-content\/uploads\/2025\/12\/Logo-Wingamm.png\" class=\"attachment-full size-full\" alt=\"Wingamm logo\" \/>\n\t\t\t<\/div><\/figure><figure class='gallery-item'>\n\t\t\t<div class='gallery-icon landscape'>\n\t\t\t\t<img loading=\"lazy\" decoding=\"async\" width=\"250\" height=\"200\" src=\"https:\/\/mecatek.eu\/wp-content\/uploads\/2025\/12\/Logo-Wochner.jpg\" class=\"attachment-full size-full\" alt=\"Wochner logo\" \/>\n\t\t\t<\/div><\/figure>\n\t\t<\/div>\n\t\t<\/div>\n\t\t\t\t\t\t<\/div>\n\t\t\t\t<\/div>\n\t\t<div class=\"elementor-element elementor-element-abf91e7 e-con-full e-flex e-con e-child\" data-id=\"abf91e7\" data-element_type=\"container\" data-e-type=\"container\" data-settings=\"{&quot;background_background&quot;:&quot;classic&quot;}\">\n\t\t\t\t<div class=\"elementor-element elementor-element-b9d1273 elementor-widget elementor-widget-image\" data-id=\"b9d1273\" data-element_type=\"widget\" data-e-type=\"widget\" data-widget_type=\"image.default\">\n\t\t\t\t\t\t\t\t\t\t\t\t\t\t\t<img loading=\"lazy\" decoding=\"async\" width=\"400\" height=\"200\" src=\"https:\/\/mecatek.eu\/wp-content\/uploads\/2025\/12\/Logo-Marque-Alko.png\" class=\"attachment-full size-full wp-image-1012\" alt=\"Alko logo\" srcset=\"https:\/\/mecatek.eu\/wp-content\/uploads\/2025\/12\/Logo-Marque-Alko.png 400w, https:\/\/mecatek.eu\/wp-content\/uploads\/2025\/12\/Logo-Marque-Alko-300x150.png 300w\" sizes=\"(max-width: 400px) 100vw, 400px\" \/>\t\t\t\t\t\t\t\t\t\t\t\t\t\t\t<\/div>\n\t\t\t\t<div class=\"elementor-element elementor-element-37e8604 elementor-widget elementor-widget-text-editor\" data-id=\"37e8604\" data-element_type=\"widget\" data-e-type=\"widget\" data-widget_type=\"text-editor.default\">\n\t\t\t\t\t\t\t\t\t<p><strong>Com vehicles<\/strong><strong>patibles :<br \/><\/strong><\/p><p>Please contact us for the supply of reinforcement parts, offset plates or extensions for AL-KO chassis compatible with your motorhome.<\/p>\t\t\t\t\t\t\t\t<\/div>\n\t\t\t\t<\/div>\n\t\t\t\t<\/div>\n\t\t\t\t\t<\/div>\n\t\t\t\t<\/div>\n\t\t\t\t<\/div>","protected":false},"excerpt":{"rendered":"<p>Don't hesitate to contact us by e-mail for all your requests for AL-KO chassis extensions, or via the contact form. We'll get back to you as soon as possible.<\/p>","protected":false},"featured_media":1182,"comment_status":"closed","ping_status":"closed","template":"","meta":[],"product_brand":[67],"product_cat":[75],"product_tag":[],"class_list":{"0":"post-1180","1":"product","2":"type-product","3":"status-publish","4":"has-post-thumbnail","6":"product_brand-alko","7":"product_cat-rallonges-pour-chassis-alko","9":"first","10":"instock","11":"shipping-taxable","12":"product-type-simple"},"yoast_head":"<!-- This site is optimized with the Yoast SEO plugin v26.9 - https:\/\/yoast.com\/product\/yoast-seo-wordpress\/ -->\n<title>Rallonges pour ch\u00e2ssis AL-KO - Mecatek (ex-Sawiko France)<\/title>\n<meta name=\"description\" content=\"Rallonge de ch\u00e2ssis Alko : installation d&#039;\u00e9quipements, accessoires et ch\u00e2ssis rallong\u00e9. Appelez-nous au 03 90 56 42 12 pour toute information\" \/>\n<meta name=\"robots\" content=\"index, follow, max-snippet:-1, max-image-preview:large, max-video-preview:-1\" \/>\n<link rel=\"canonical\" href=\"https:\/\/mecatek.eu\/en\/product\/extensions-for-al-ko-chassis\/\" \/>\n<meta property=\"og:locale\" content=\"en_GB\" \/>\n<meta property=\"og:type\" content=\"article\" \/>\n<meta property=\"og:title\" content=\"Rallonges pour ch\u00e2ssis AL-KO - Mecatek (ex-Sawiko France)\" \/>\n<meta property=\"og:description\" content=\"Rallonge de ch\u00e2ssis Alko : installation d&#039;\u00e9quipements, accessoires et ch\u00e2ssis rallong\u00e9. Appelez-nous au 03 90 56 42 12 pour toute information\" \/>\n<meta property=\"og:url\" content=\"https:\/\/mecatek.eu\/en\/product\/extensions-for-al-ko-chassis\/\" \/>\n<meta property=\"og:site_name\" content=\"Mecatek (ex-Sawiko France)\" \/>\n<meta property=\"article:modified_time\" content=\"2026-01-24T10:45:38+00:00\" \/>\n<meta property=\"og:image\" content=\"http:\/\/mecatek.eu\/wp-content\/uploads\/2025\/12\/rallonges-alko-2.jpg\" \/>\n\t<meta property=\"og:image:width\" content=\"800\" \/>\n\t<meta property=\"og:image:height\" content=\"800\" \/>\n\t<meta property=\"og:image:type\" content=\"image\/jpeg\" \/>\n<meta name=\"twitter:card\" content=\"summary_large_image\" \/>\n<meta name=\"twitter:label1\" content=\"Estimated reading time\" \/>\n\t<meta name=\"twitter:data1\" content=\"8 minutes\" \/>\n<script type=\"application\/ld+json\" class=\"yoast-schema-graph\">{\"@context\":\"https:\/\/schema.org\",\"@graph\":[{\"@type\":\"WebPage\",\"@id\":\"https:\/\/mecatek.eu\/produit\/rallonges-pour-chassis-al-ko\/\",\"url\":\"https:\/\/mecatek.eu\/produit\/rallonges-pour-chassis-al-ko\/\",\"name\":\"Rallonges pour ch\u00e2ssis AL-KO - Mecatek (ex-Sawiko France)\",\"isPartOf\":{\"@id\":\"https:\/\/mecatek.eu\/#website\"},\"primaryImageOfPage\":{\"@id\":\"https:\/\/mecatek.eu\/produit\/rallonges-pour-chassis-al-ko\/#primaryimage\"},\"image\":{\"@id\":\"https:\/\/mecatek.eu\/produit\/rallonges-pour-chassis-al-ko\/#primaryimage\"},\"thumbnailUrl\":\"https:\/\/mecatek.eu\/wp-content\/uploads\/2025\/12\/rallonges-alko-2.jpg\",\"datePublished\":\"2025-11-10T15:51:17+00:00\",\"dateModified\":\"2026-01-24T10:45:38+00:00\",\"description\":\"Rallonge de ch\u00e2ssis Alko : installation d'\u00e9quipements, accessoires et ch\u00e2ssis rallong\u00e9. Appelez-nous au 03 90 56 42 12 pour toute information\",\"breadcrumb\":{\"@id\":\"https:\/\/mecatek.eu\/produit\/rallonges-pour-chassis-al-ko\/#breadcrumb\"},\"inLanguage\":\"en-GB\",\"potentialAction\":[{\"@type\":\"ReadAction\",\"target\":[\"https:\/\/mecatek.eu\/produit\/rallonges-pour-chassis-al-ko\/\"]}]},{\"@type\":\"ImageObject\",\"inLanguage\":\"en-GB\",\"@id\":\"https:\/\/mecatek.eu\/produit\/rallonges-pour-chassis-al-ko\/#primaryimage\",\"url\":\"https:\/\/mecatek.eu\/wp-content\/uploads\/2025\/12\/rallonges-alko-2.jpg\",\"contentUrl\":\"https:\/\/mecatek.eu\/wp-content\/uploads\/2025\/12\/rallonges-alko-2.jpg\",\"width\":800,\"height\":800,\"caption\":\"Rallonges pour ch\u00e2ssis d'origine AL-KO\"},{\"@type\":\"BreadcrumbList\",\"@id\":\"https:\/\/mecatek.eu\/produit\/rallonges-pour-chassis-al-ko\/#breadcrumb\",\"itemListElement\":[{\"@type\":\"ListItem\",\"position\":1,\"name\":\"Accueil\",\"item\":\"https:\/\/mecatek.eu\/\"},{\"@type\":\"ListItem\",\"position\":2,\"name\":\"Catalogue\",\"item\":\"https:\/\/mecatek.eu\/catalogue\/\"},{\"@type\":\"ListItem\",\"position\":3,\"name\":\"Rallonges pour ch\u00e2ssis AL-KO\"}]},{\"@type\":\"WebSite\",\"@id\":\"https:\/\/mecatek.eu\/#website\",\"url\":\"https:\/\/mecatek.eu\/\",\"name\":\"Mecatek (ex-Sawiko France)\",\"description\":\"Fabricant d&#039;attelages pour camping-car et fourgon - Mecatek\",\"publisher\":{\"@id\":\"https:\/\/mecatek.eu\/#organization\"},\"potentialAction\":[{\"@type\":\"SearchAction\",\"target\":{\"@type\":\"EntryPoint\",\"urlTemplate\":\"https:\/\/mecatek.eu\/?s={search_term_string}\"},\"query-input\":{\"@type\":\"PropertyValueSpecification\",\"valueRequired\":true,\"valueName\":\"search_term_string\"}}],\"inLanguage\":\"en-GB\"},{\"@type\":\"Organization\",\"@id\":\"https:\/\/mecatek.eu\/#organization\",\"name\":\"Mecatek (ex-Sawiko France)\",\"url\":\"https:\/\/mecatek.eu\/\",\"logo\":{\"@type\":\"ImageObject\",\"inLanguage\":\"en-GB\",\"@id\":\"https:\/\/mecatek.eu\/#\/schema\/logo\/image\/\",\"url\":\"http:\/\/mecatek.eu\/wp-content\/uploads\/2026\/01\/Logo-Mecatek-Solutions-techniques-2025-300px.png\",\"contentUrl\":\"http:\/\/mecatek.eu\/wp-content\/uploads\/2026\/01\/Logo-Mecatek-Solutions-techniques-2025-300px.png\",\"width\":400,\"height\":94,\"caption\":\"Mecatek (ex-Sawiko France)\"},\"image\":{\"@id\":\"https:\/\/mecatek.eu\/#\/schema\/logo\/image\/\"}}]}<\/script>\n<!-- \/ Yoast SEO plugin. -->","yoast_head_json":{"title":"Extensions for AL-KO chassis - Mecatek (ex-Sawiko France)","description":"Alko chassis extension: installation of equipment, accessories and extended chassis. Call us on 03 90 56 42 12 for all information","robots":{"index":"index","follow":"follow","max-snippet":"max-snippet:-1","max-image-preview":"max-image-preview:large","max-video-preview":"max-video-preview:-1"},"canonical":"https:\/\/mecatek.eu\/en\/product\/extensions-for-al-ko-chassis\/","og_locale":"en_GB","og_type":"article","og_title":"Rallonges pour ch\u00e2ssis AL-KO - Mecatek (ex-Sawiko France)","og_description":"Rallonge de ch\u00e2ssis Alko : installation d'\u00e9quipements, accessoires et ch\u00e2ssis rallong\u00e9. Appelez-nous au 03 90 56 42 12 pour toute information","og_url":"https:\/\/mecatek.eu\/en\/product\/extensions-for-al-ko-chassis\/","og_site_name":"Mecatek (ex-Sawiko France)","article_modified_time":"2026-01-24T10:45:38+00:00","og_image":[{"width":800,"height":800,"url":"http:\/\/mecatek.eu\/wp-content\/uploads\/2025\/12\/rallonges-alko-2.jpg","type":"image\/jpeg"}],"twitter_card":"summary_large_image","twitter_misc":{"Estimated reading time":"8 minutes"},"schema":{"@context":"https:\/\/schema.org","@graph":[{"@type":"WebPage","@id":"https:\/\/mecatek.eu\/produit\/rallonges-pour-chassis-al-ko\/","url":"https:\/\/mecatek.eu\/produit\/rallonges-pour-chassis-al-ko\/","name":"Extensions for AL-KO chassis - Mecatek (ex-Sawiko France)","isPartOf":{"@id":"https:\/\/mecatek.eu\/#website"},"primaryImageOfPage":{"@id":"https:\/\/mecatek.eu\/produit\/rallonges-pour-chassis-al-ko\/#primaryimage"},"image":{"@id":"https:\/\/mecatek.eu\/produit\/rallonges-pour-chassis-al-ko\/#primaryimage"},"thumbnailUrl":"https:\/\/mecatek.eu\/wp-content\/uploads\/2025\/12\/rallonges-alko-2.jpg","datePublished":"2025-11-10T15:51:17+00:00","dateModified":"2026-01-24T10:45:38+00:00","description":"Alko chassis extension: installation of equipment, accessories and extended chassis. Call us on 03 90 56 42 12 for all information","breadcrumb":{"@id":"https:\/\/mecatek.eu\/produit\/rallonges-pour-chassis-al-ko\/#breadcrumb"},"inLanguage":"en-GB","potentialAction":[{"@type":"ReadAction","target":["https:\/\/mecatek.eu\/produit\/rallonges-pour-chassis-al-ko\/"]}]},{"@type":"ImageObject","inLanguage":"en-GB","@id":"https:\/\/mecatek.eu\/produit\/rallonges-pour-chassis-al-ko\/#primaryimage","url":"https:\/\/mecatek.eu\/wp-content\/uploads\/2025\/12\/rallonges-alko-2.jpg","contentUrl":"https:\/\/mecatek.eu\/wp-content\/uploads\/2025\/12\/rallonges-alko-2.jpg","width":800,"height":800,"caption":"Rallonges pour ch\u00e2ssis d'origine AL-KO"},{"@type":"BreadcrumbList","@id":"https:\/\/mecatek.eu\/produit\/rallonges-pour-chassis-al-ko\/#breadcrumb","itemListElement":[{"@type":"ListItem","position":1,"name":"Accueil","item":"https:\/\/mecatek.eu\/"},{"@type":"ListItem","position":2,"name":"Catalogue","item":"https:\/\/mecatek.eu\/catalogue\/"},{"@type":"ListItem","position":3,"name":"Rallonges pour ch\u00e2ssis AL-KO"}]},{"@type":"WebSite","@id":"https:\/\/mecatek.eu\/#website","url":"https:\/\/mecatek.eu\/","name":"Mecatek (formerly Sawiko France)","description":"Manufacturer of towbars for motorhomes and vans - Mecatek","publisher":{"@id":"https:\/\/mecatek.eu\/#organization"},"potentialAction":[{"@type":"SearchAction","target":{"@type":"EntryPoint","urlTemplate":"https:\/\/mecatek.eu\/?s={search_term_string}"},"query-input":{"@type":"PropertyValueSpecification","valueRequired":true,"valueName":"search_term_string"}}],"inLanguage":"en-GB"},{"@type":"Organization","@id":"https:\/\/mecatek.eu\/#organization","name":"Mecatek (formerly Sawiko France)","url":"https:\/\/mecatek.eu\/","logo":{"@type":"ImageObject","inLanguage":"en-GB","@id":"https:\/\/mecatek.eu\/#\/schema\/logo\/image\/","url":"http:\/\/mecatek.eu\/wp-content\/uploads\/2026\/01\/Logo-Mecatek-Solutions-techniques-2025-300px.png","contentUrl":"http:\/\/mecatek.eu\/wp-content\/uploads\/2026\/01\/Logo-Mecatek-Solutions-techniques-2025-300px.png","width":400,"height":94,"caption":"Mecatek (ex-Sawiko France)"},"image":{"@id":"https:\/\/mecatek.eu\/#\/schema\/logo\/image\/"}}]}},"_links":{"self":[{"href":"https:\/\/mecatek.eu\/en\/wp-json\/wp\/v2\/product\/1180","targetHints":{"allow":["GET"]}}],"collection":[{"href":"https:\/\/mecatek.eu\/en\/wp-json\/wp\/v2\/product"}],"about":[{"href":"https:\/\/mecatek.eu\/en\/wp-json\/wp\/v2\/types\/product"}],"replies":[{"embeddable":true,"href":"https:\/\/mecatek.eu\/en\/wp-json\/wp\/v2\/comments?post=1180"}],"version-history":[{"count":8,"href":"https:\/\/mecatek.eu\/en\/wp-json\/wp\/v2\/product\/1180\/revisions"}],"predecessor-version":[{"id":2290,"href":"https:\/\/mecatek.eu\/en\/wp-json\/wp\/v2\/product\/1180\/revisions\/2290"}],"wp:featuredmedia":[{"embeddable":true,"href":"https:\/\/mecatek.eu\/en\/wp-json\/wp\/v2\/media\/1182"}],"wp:attachment":[{"href":"https:\/\/mecatek.eu\/en\/wp-json\/wp\/v2\/media?parent=1180"}],"wp:term":[{"taxonomy":"product_brand","embeddable":true,"href":"https:\/\/mecatek.eu\/en\/wp-json\/wp\/v2\/product_brand?post=1180"},{"taxonomy":"product_cat","embeddable":true,"href":"https:\/\/mecatek.eu\/en\/wp-json\/wp\/v2\/product_cat?post=1180"},{"taxonomy":"product_tag","embeddable":true,"href":"https:\/\/mecatek.eu\/en\/wp-json\/wp\/v2\/product_tag?post=1180"}],"curies":[{"name":"wp","href":"https:\/\/api.w.org\/{rel}","templated":true}]}}