{"id":1164,"date":"2025-11-10T08:46:11","date_gmt":"2025-11-10T07:46:11","guid":{"rendered":"https:\/\/mecatek.eu\/?post_type=product&#038;p=1164"},"modified":"2026-03-19T15:18:38","modified_gmt":"2026-03-19T14:18:38","slug":"hydraulic-cylinders-for-camper-vans-and-vans","status":"publish","type":"product","link":"https:\/\/mecatek.eu\/en\/product\/hydraulic-cylinders-for-camper-vans-and-vans\/","title":{"rendered":"Hydraulic jacks for motorhomes, vans and box bodies"},"content":{"rendered":"<div data-elementor-type=\"product-post\" data-elementor-id=\"1164\" class=\"elementor elementor-1164\" data-elementor-post-type=\"product\">\n\t\t\t\t<div class=\"elementor-element elementor-element-292513db e-flex e-con-boxed e-con e-parent\" data-id=\"292513db\" data-element_type=\"container\" data-e-type=\"container\">\n\t\t\t\t\t<div class=\"e-con-inner\">\n\t\t<div class=\"elementor-element elementor-element-c94be1e e-con-full e-flex e-con e-child\" data-id=\"c94be1e\" data-element_type=\"container\" data-e-type=\"container\">\n\t\t<div class=\"elementor-element elementor-element-059a06b e-con-full e-flex e-con e-child\" data-id=\"059a06b\" data-element_type=\"container\" data-e-type=\"container\">\n\t\t\t\t<div class=\"elementor-element elementor-element-b57c7cf elementor-widget elementor-widget-text-editor\" data-id=\"b57c7cf\" data-element_type=\"widget\" data-e-type=\"widget\" data-widget_type=\"text-editor.default\">\n\t\t\t\t\t\t\t\t\t<h2>Hydraulic jacks for motorhomes, vans and camper vans<\/h2>\t\t\t\t\t\t\t\t<\/div>\n\t\t\t\t<div class=\"elementor-element elementor-element-9d82510 elementor-widget elementor-widget-video\" data-id=\"9d82510\" data-element_type=\"widget\" data-e-type=\"widget\" data-settings=\"{&quot;youtube_url&quot;:&quot;https:\\\/\\\/youtu.be\\\/cszXNMH7pGQ&quot;,&quot;video_type&quot;:&quot;youtube&quot;,&quot;controls&quot;:&quot;yes&quot;}\" data-widget_type=\"video.default\">\n\t\t\t\t\t\t\t<div class=\"elementor-wrapper elementor-open-inline\">\n\t\t\t<div class=\"elementor-video\"><\/div>\t\t<\/div>\n\t\t\t\t\t\t<\/div>\n\t\t\t\t<div class=\"elementor-element elementor-element-a7a9622 elementor-widget elementor-widget-text-editor\" data-id=\"a7a9622\" data-element_type=\"widget\" data-e-type=\"widget\" data-widget_type=\"text-editor.default\">\n\t\t\t\t\t\t\t\t\t<p>A touch-screen display allows you to follow the various stages of the levelling process. The system consists of four double-acting aluminium cylinders, a lightweight pump with automotive components, and a touch-sensitive control box containing the level sensor.<\/p><p><strong>THE BENEFITS :<\/strong><\/p><ul><li>Speed of upgrade<\/li><li>Lightweight, highly compact system<\/li><li>Excellent value for money<\/li><li>Flexible feet up to 12 degrees<\/li><li>Low maintenance<\/li><li>Aluminium cylinders from 5 kg<\/li><li>Power of a single jack from 3 to 7 tonnes<\/li><li>Straight telescopic cylinders<\/li><li>Black anodised, no paint<\/li><li>Removable feet - up to 12 degrees<\/li><\/ul><p>The touchscreen shows you exactly which steps to take and which need to be done at the time. It has an automatic mode and a manual mode.<\/p><p>We work with 4 types of cylinders of different sizes, enabling us to adapt to each type of vehicle.<br \/>In addition to the three straight jacks, a telescopic jack is also available for vehicles with limited space.<\/p><p>The pump is lightweight and compact. For safety reasons, it has a double-acting manual control. There's no need to worry about getting stuck or being unable to level.<\/p><p><strong>Press coverage:<\/strong><br \/>Read the full report in the magazine<strong> \u00abLe Monde du Camping-Car:\u00a0 <a href=\"http:\/\/mecatek.eu\/wp-content\/uploads\/2026\/01\/SAWIKO-FRANCE-VERINS-LMCC281-2016.pdf\" target=\"_blank\" rel=\"noopener\">HYDRAULIC VESSELS: the right level for any terrain<\/a><\/strong><\/p>\t\t\t\t\t\t\t\t<\/div>\n\t\t\t\t<\/div>\n\t\t<div class=\"elementor-element elementor-element-d5fa618 e-con-full e-flex e-con e-child\" data-id=\"d5fa618\" data-element_type=\"container\" data-e-type=\"container\" data-settings=\"{&quot;background_background&quot;:&quot;classic&quot;}\">\n\t\t\t\t<div class=\"elementor-element elementor-element-a3a9efa elementor-widget elementor-widget-image\" data-id=\"a3a9efa\" data-element_type=\"widget\" data-e-type=\"widget\" data-widget_type=\"image.default\">\n\t\t\t\t\t\t\t\t\t\t\t\t\t\t\t<img fetchpriority=\"high\" decoding=\"async\" width=\"400\" height=\"200\" src=\"https:\/\/mecatek.eu\/wp-content\/uploads\/2025\/11\/Logo-verins.png\" class=\"attachment-full size-full wp-image-1073\" alt=\"\" \/>\t\t\t\t\t\t\t\t\t\t\t\t\t\t\t<\/div>\n\t\t\t\t<div class=\"elementor-element elementor-element-0ec260f elementor-widget elementor-widget-text-editor\" data-id=\"0ec260f\" data-element_type=\"widget\" data-e-type=\"widget\" data-widget_type=\"text-editor.default\">\n\t\t\t\t\t\t\t\t\t<p><strong>Technical data :<\/strong><\/p><ul><li>Flexible feet up to 12<\/li><li>Aluminium cylinders from 5 kg<\/li><li>Power of a single jack from 3 to 7 tonnes<\/li><\/ul>\t\t\t\t\t\t\t\t<\/div>\n\t\t\t\t<\/div>\n\t\t\t\t<\/div>\n\t\t\t\t<div class=\"elementor-element elementor-element-ee77fab elementor-widget elementor-widget-text-editor\" data-id=\"ee77fab\" data-element_type=\"widget\" data-e-type=\"widget\" data-widget_type=\"text-editor.default\">\n\t\t\t\t\t\t\t\t\t<h2>List of approved centres :<\/h2>\t\t\t\t\t\t\t\t<\/div>\n\t\t<div class=\"elementor-element elementor-element-5681219 e-con-full e-flex e-con e-child\" data-id=\"5681219\" data-element_type=\"container\" data-e-type=\"container\">\n\t\t<div class=\"elementor-element elementor-element-77b1eb0 e-con-full e-flex e-con e-child\" data-id=\"77b1eb0\" data-element_type=\"container\" data-e-type=\"container\">\n\t\t\t\t<div class=\"elementor-element elementor-element-65d1317 elementor-widget elementor-widget-text-editor\" data-id=\"65d1317\" data-element_type=\"widget\" data-e-type=\"widget\" data-widget_type=\"text-editor.default\">\n\t\t\t\t\t\t\t\t\t<p><strong>Touraine motorhomes<\/strong><br \/>Idylcar 94 Route de Bl\u00e9r\u00e9,<br \/>37270 V\u00e9retz<br \/>+33 2 47 50 31 70<\/p>\t\t\t\t\t\t\t\t<\/div>\n\t\t\t\t<div class=\"elementor-element elementor-element-ee159a0 elementor-widget elementor-widget-text-editor\" data-id=\"ee159a0\" data-element_type=\"widget\" data-e-type=\"widget\" data-widget_type=\"text-editor.default\">\n\t\t\t\t\t\t\t\t\t<p><a class=\"button\" href=\"https:\/\/tours.idylcar.fr\/\" target=\"_blank\" rel=\"noreferrer noopener\">tours.idylcar.fr<\/a><\/p>\t\t\t\t\t\t\t\t<\/div>\n\t\t\t\t<\/div>\n\t\t<div class=\"elementor-element elementor-element-0d42c10 e-con-full e-flex e-con e-child\" data-id=\"0d42c10\" data-element_type=\"container\" data-e-type=\"container\">\n\t\t\t\t<div class=\"elementor-element elementor-element-65ac498 elementor-widget elementor-widget-text-editor\" data-id=\"65ac498\" data-element_type=\"widget\" data-e-type=\"widget\" data-widget_type=\"text-editor.default\">\n\t\t\t\t\t\t\t\t\t<p><strong>Cevennes Caravans<\/strong><br \/>401 Route de Montpellier<br \/>30350 Cardet<br \/>+33 4 66 83 00 35<\/p>\t\t\t\t\t\t\t\t<\/div>\n\t\t\t\t<div class=\"elementor-element elementor-element-fad9654 elementor-widget elementor-widget-text-editor\" data-id=\"fad9654\" data-element_type=\"widget\" data-e-type=\"widget\" data-widget_type=\"text-editor.default\">\n\t\t\t\t\t\t\t\t\t<p><a class=\"button\" href=\"http:\/\/www.cevennescaravanes.com\" target=\"_blank\" rel=\"noreferrer noopener\">cevennescaravanes.com<\/a><\/p>\t\t\t\t\t\t\t\t<\/div>\n\t\t\t\t<\/div>\n\t\t<div class=\"elementor-element elementor-element-563de78 e-con-full e-flex e-con e-child\" data-id=\"563de78\" data-element_type=\"container\" data-e-type=\"container\">\n\t\t\t\t<div class=\"elementor-element elementor-element-a50a2c9 elementor-widget elementor-widget-text-editor\" data-id=\"a50a2c9\" data-element_type=\"widget\" data-e-type=\"widget\" data-widget_type=\"text-editor.default\">\n\t\t\t\t\t\t\t\t\t<p><strong>Liberty Camper \/ Linertek<br \/><\/strong>2 Rue de la Vall\u00e9e<br \/>49800 Andard<br \/>+33 6 22 42 24 66<\/p>\t\t\t\t\t\t\t\t<\/div>\n\t\t\t\t<div class=\"elementor-element elementor-element-2b7ce5b elementor-widget elementor-widget-text-editor\" data-id=\"2b7ce5b\" data-element_type=\"widget\" data-e-type=\"widget\" data-widget_type=\"text-editor.default\">\n\t\t\t\t\t\t\t\t\t<a class=\"button\" href=\"http:\/\/www.cevennescaravanes.com\" target=\"_blank\" rel=\"noreferrer noopener\">liberty-camper.fr<\/a>\t\t\t\t\t\t\t\t<\/div>\n\t\t\t\t<\/div>\n\t\t<div class=\"elementor-element elementor-element-69a59c2 e-con-full e-flex e-con e-child\" data-id=\"69a59c2\" data-element_type=\"container\" data-e-type=\"container\">\n\t\t\t\t<div class=\"elementor-element elementor-element-8b721b1 elementor-widget elementor-widget-text-editor\" data-id=\"8b721b1\" data-element_type=\"widget\" data-e-type=\"widget\" data-widget_type=\"text-editor.default\">\n\t\t\t\t\t\t\t\t\t<p><strong>Merle Loisirs - Idylcar<\/strong><br \/>ZA la Savoureuse, Rue de Brognard<br \/>25600 Vieux-Charmont <br \/>+33 3 81 94 01 45<\/p>\t\t\t\t\t\t\t\t<\/div>\n\t\t\t\t<div class=\"elementor-element elementor-element-10eb6bd elementor-widget elementor-widget-text-editor\" data-id=\"10eb6bd\" data-element_type=\"widget\" data-e-type=\"widget\" data-widget_type=\"text-editor.default\">\n\t\t\t\t\t\t\t\t\t<p><a class=\"button\" href=\"http:\/\/montbeliard.idylcar.fr\" target=\"_blank\" rel=\"noreferrer noopener\">montbeliard.idylcar.fr<\/a><\/p>\t\t\t\t\t\t\t\t<\/div>\n\t\t\t\t<\/div>\n\t\t\t\t<\/div>\n\t\t<div class=\"elementor-element elementor-element-2fe373a e-con-full e-flex e-con e-child\" data-id=\"2fe373a\" data-element_type=\"container\" data-e-type=\"container\">\n\t\t<div class=\"elementor-element elementor-element-cb7693c e-con-full e-flex e-con e-child\" data-id=\"cb7693c\" data-element_type=\"container\" data-e-type=\"container\">\n\t\t\t\t<div class=\"elementor-element elementor-element-47b080d elementor-widget elementor-widget-text-editor\" data-id=\"47b080d\" data-element_type=\"widget\" data-e-type=\"widget\" data-widget_type=\"text-editor.default\">\n\t\t\t\t\t\t\t\t\t<p><strong>N\u00eemes Espace loisirs - Libertium\u00a0<\/strong><br \/>Zac de La Trajectoire, Av. Ernest Boffa<br \/>30540 Milhaud<br \/>+33 4 66 62 05 00<\/p>\t\t\t\t\t\t\t\t<\/div>\n\t\t\t\t<div class=\"elementor-element elementor-element-6dd47b5 elementor-widget elementor-widget-text-editor\" data-id=\"6dd47b5\" data-element_type=\"widget\" data-e-type=\"widget\" data-widget_type=\"text-editor.default\">\n\t\t\t\t\t\t\t\t\t<p><a class=\"button\" href=\"https:\/\/www.libertium.fr\/concessions\/nimes?_gl=1*19ultyx*_up*MQ..*_gs*MQ..&amp;gclid=Cj0KCQjwve7NBhC-ARIsALZy9HXfnioAPjf8BR_mNVXjf84Wzxya_OoCNzB-fs6ucB6oSvKf_jdGbioaAguAEALw_wcB&amp;gbraid=0AAAAADnTv6JvjdIkwZIki5O0Zna0bSdMM\" target=\"_blank\" rel=\"noreferrer noopener\">libertium.fr\/concessions\/nimes<\/a><\/p>\t\t\t\t\t\t\t\t<\/div>\n\t\t\t\t<\/div>\n\t\t<div class=\"elementor-element elementor-element-cf2adb6 e-con-full e-flex e-con e-child\" data-id=\"cf2adb6\" data-element_type=\"container\" data-e-type=\"container\">\n\t\t\t\t<div class=\"elementor-element elementor-element-24729fb elementor-widget elementor-widget-text-editor\" data-id=\"24729fb\" data-element_type=\"widget\" data-e-type=\"widget\" data-widget_type=\"text-editor.default\">\n\t\t\t\t\t\t\t\t\t<p><strong>Pyrenees Trailers<\/strong><br \/>15 Rue L\u00e9pine<br \/>64140 Lons<br \/>+33 5 59 62 37 38<\/p>\t\t\t\t\t\t\t\t<\/div>\n\t\t\t\t<div class=\"elementor-element elementor-element-13f6dd7 elementor-widget elementor-widget-text-editor\" data-id=\"13f6dd7\" data-element_type=\"widget\" data-e-type=\"widget\" data-widget_type=\"text-editor.default\">\n\t\t\t\t\t\t\t\t\t<a class=\"button\" href=\"https:\/\/pyreneesremorques.fr\/\" target=\"_blank\" rel=\"noreferrer noopener\">pyreneesremorques.fr<\/a>\t\t\t\t\t\t\t\t<\/div>\n\t\t\t\t<\/div>\n\t\t<div class=\"elementor-element elementor-element-ec97dff e-con-full e-flex e-con e-child\" data-id=\"ec97dff\" data-element_type=\"container\" data-e-type=\"container\">\n\t\t\t\t<div class=\"elementor-element elementor-element-6e9a3cd elementor-widget elementor-widget-text-editor\" data-id=\"6e9a3cd\" data-element_type=\"widget\" data-e-type=\"widget\" data-widget_type=\"text-editor.default\">\n\t\t\t\t\t\t\t\t\t<p><strong>S.L.C. Sud Loire Caravanes - Libertium\u00a0<\/strong><br \/>Route d'Angers-Cholet<br \/>49 750 BEAULIEU SUR LAYON<br \/>+33 2 41 78 31 66<\/p>\t\t\t\t\t\t\t\t<\/div>\n\t\t\t\t<div class=\"elementor-element elementor-element-b0d9cd6 elementor-widget elementor-widget-text-editor\" data-id=\"b0d9cd6\" data-element_type=\"widget\" data-e-type=\"widget\" data-widget_type=\"text-editor.default\">\n\t\t\t\t\t\t\t\t\t<p><a class=\"button\" href=\"https:\/\/www.sud-loire-caravanes.com\/\" target=\"_blank\" rel=\"noreferrer noopener\">sud-loire-caravanes.com<\/a><\/p>\t\t\t\t\t\t\t\t<\/div>\n\t\t\t\t<\/div>\n\t\t<div class=\"elementor-element elementor-element-cbb8acf e-con-full e-flex e-con e-child\" data-id=\"cbb8acf\" data-element_type=\"container\" data-e-type=\"container\">\n\t\t\t\t<\/div>\n\t\t\t\t<\/div>\n\t\t\t\t\t<\/div>\n\t\t\t\t<\/div>\n\t\t\t\t<\/div>","protected":false},"excerpt":{"rendered":"<p>Our system of hydraulic jacks for motorhomes allows you to level your vehicle quickly.<\/p>","protected":false},"featured_media":1437,"comment_status":"closed","ping_status":"closed","template":"","meta":[],"product_brand":[],"product_cat":[36],"product_tag":[],"class_list":{"0":"post-1164","1":"product","2":"type-product","3":"status-publish","4":"has-post-thumbnail","6":"product_cat-verins-hydrauliques-pour-camping-car","8":"first","9":"instock","10":"shipping-taxable","11":"product-type-simple"},"yoast_head":"<!-- This site is optimized with the Yoast SEO plugin v26.9 - https:\/\/yoast.com\/product\/yoast-seo-wordpress\/ -->\n<title>V\u00e9rins hydrauliques pour camping-car, fourgon et van - Mecatek (ex-Sawiko France)<\/title>\n<meta name=\"description\" content=\"Mecatek : sp\u00e9cialiste en v\u00e9rins hydrauliques pour camping car, fourgon et van. Appelez-nous au 03 90 56 42 12 pour toute information.\" \/>\n<meta name=\"robots\" content=\"index, follow, max-snippet:-1, max-image-preview:large, max-video-preview:-1\" \/>\n<link rel=\"canonical\" href=\"https:\/\/mecatek.eu\/en\/product\/hydraulic-cylinders-for-camper-vans-and-vans\/\" \/>\n<meta property=\"og:locale\" content=\"en_GB\" \/>\n<meta property=\"og:type\" content=\"article\" \/>\n<meta property=\"og:title\" content=\"V\u00e9rins hydrauliques pour camping-car, fourgon et van - Mecatek (ex-Sawiko France)\" \/>\n<meta property=\"og:description\" content=\"Mecatek : sp\u00e9cialiste en v\u00e9rins hydrauliques pour camping car, fourgon et van. Appelez-nous au 03 90 56 42 12 pour toute information.\" \/>\n<meta property=\"og:url\" content=\"https:\/\/mecatek.eu\/en\/product\/hydraulic-cylinders-for-camper-vans-and-vans\/\" \/>\n<meta property=\"og:site_name\" content=\"Mecatek (ex-Sawiko France)\" \/>\n<meta property=\"article:modified_time\" content=\"2026-03-19T14:18:38+00:00\" \/>\n<meta property=\"og:image\" content=\"http:\/\/mecatek.eu\/wp-content\/uploads\/2025\/11\/verins-hydrauliques.png\" \/>\n\t<meta property=\"og:image:width\" content=\"800\" \/>\n\t<meta property=\"og:image:height\" content=\"800\" \/>\n\t<meta property=\"og:image:type\" content=\"image\/png\" \/>\n<meta name=\"twitter:card\" content=\"summary_large_image\" \/>\n<script type=\"application\/ld+json\" class=\"yoast-schema-graph\">{\"@context\":\"https:\/\/schema.org\",\"@graph\":[{\"@type\":\"WebPage\",\"@id\":\"https:\/\/mecatek.eu\/produit\/verins-hydrauliques-pour-camping-car-fourgon-et-van\/\",\"url\":\"https:\/\/mecatek.eu\/produit\/verins-hydrauliques-pour-camping-car-fourgon-et-van\/\",\"name\":\"V\u00e9rins hydrauliques pour camping-car, fourgon et van - Mecatek (ex-Sawiko France)\",\"isPartOf\":{\"@id\":\"https:\/\/mecatek.eu\/#website\"},\"primaryImageOfPage\":{\"@id\":\"https:\/\/mecatek.eu\/produit\/verins-hydrauliques-pour-camping-car-fourgon-et-van\/#primaryimage\"},\"image\":{\"@id\":\"https:\/\/mecatek.eu\/produit\/verins-hydrauliques-pour-camping-car-fourgon-et-van\/#primaryimage\"},\"thumbnailUrl\":\"https:\/\/mecatek.eu\/wp-content\/uploads\/2025\/11\/verins-hydrauliques.png\",\"datePublished\":\"2025-11-10T07:46:11+00:00\",\"dateModified\":\"2026-03-19T14:18:38+00:00\",\"description\":\"Mecatek : sp\u00e9cialiste en v\u00e9rins hydrauliques pour camping car, fourgon et van. Appelez-nous au 03 90 56 42 12 pour toute information.\",\"breadcrumb\":{\"@id\":\"https:\/\/mecatek.eu\/produit\/verins-hydrauliques-pour-camping-car-fourgon-et-van\/#breadcrumb\"},\"inLanguage\":\"en-GB\",\"potentialAction\":[{\"@type\":\"ReadAction\",\"target\":[\"https:\/\/mecatek.eu\/produit\/verins-hydrauliques-pour-camping-car-fourgon-et-van\/\"]}]},{\"@type\":\"ImageObject\",\"inLanguage\":\"en-GB\",\"@id\":\"https:\/\/mecatek.eu\/produit\/verins-hydrauliques-pour-camping-car-fourgon-et-van\/#primaryimage\",\"url\":\"https:\/\/mecatek.eu\/wp-content\/uploads\/2025\/11\/verins-hydrauliques.png\",\"contentUrl\":\"https:\/\/mecatek.eu\/wp-content\/uploads\/2025\/11\/verins-hydrauliques.png\",\"width\":800,\"height\":800,\"caption\":\"Ensemble complet de v\u00e9rins hydrauliques avec pompe et panneau de commande\"},{\"@type\":\"BreadcrumbList\",\"@id\":\"https:\/\/mecatek.eu\/produit\/verins-hydrauliques-pour-camping-car-fourgon-et-van\/#breadcrumb\",\"itemListElement\":[{\"@type\":\"ListItem\",\"position\":1,\"name\":\"Accueil\",\"item\":\"https:\/\/mecatek.eu\/\"},{\"@type\":\"ListItem\",\"position\":2,\"name\":\"Catalogue\",\"item\":\"https:\/\/mecatek.eu\/catalogue\/\"},{\"@type\":\"ListItem\",\"position\":3,\"name\":\"V\u00e9rins hydrauliques pour camping-car, fourgon et van\"}]},{\"@type\":\"WebSite\",\"@id\":\"https:\/\/mecatek.eu\/#website\",\"url\":\"https:\/\/mecatek.eu\/\",\"name\":\"Mecatek (ex-Sawiko France)\",\"description\":\"Fabricant d&#039;attelages pour camping-car et fourgon - Mecatek\",\"publisher\":{\"@id\":\"https:\/\/mecatek.eu\/#organization\"},\"potentialAction\":[{\"@type\":\"SearchAction\",\"target\":{\"@type\":\"EntryPoint\",\"urlTemplate\":\"https:\/\/mecatek.eu\/?s={search_term_string}\"},\"query-input\":{\"@type\":\"PropertyValueSpecification\",\"valueRequired\":true,\"valueName\":\"search_term_string\"}}],\"inLanguage\":\"en-GB\"},{\"@type\":\"Organization\",\"@id\":\"https:\/\/mecatek.eu\/#organization\",\"name\":\"Mecatek (ex-Sawiko France)\",\"url\":\"https:\/\/mecatek.eu\/\",\"logo\":{\"@type\":\"ImageObject\",\"inLanguage\":\"en-GB\",\"@id\":\"https:\/\/mecatek.eu\/#\/schema\/logo\/image\/\",\"url\":\"http:\/\/mecatek.eu\/wp-content\/uploads\/2026\/01\/Logo-Mecatek-Solutions-techniques-2025-300px.png\",\"contentUrl\":\"http:\/\/mecatek.eu\/wp-content\/uploads\/2026\/01\/Logo-Mecatek-Solutions-techniques-2025-300px.png\",\"width\":400,\"height\":94,\"caption\":\"Mecatek (ex-Sawiko France)\"},\"image\":{\"@id\":\"https:\/\/mecatek.eu\/#\/schema\/logo\/image\/\"}}]}<\/script>\n<!-- \/ Yoast SEO plugin. -->","yoast_head_json":{"title":"Hydraulic cylinders for motorhomes, vans and light commercial vehicles - Mecatek (ex-Sawiko France)","description":"Mecatek: specialist in hydraulic cylinders for motorhomes, vans and light commercial vehicles. Call us on 03 90 56 42 12 for more information.","robots":{"index":"index","follow":"follow","max-snippet":"max-snippet:-1","max-image-preview":"max-image-preview:large","max-video-preview":"max-video-preview:-1"},"canonical":"https:\/\/mecatek.eu\/en\/product\/hydraulic-cylinders-for-camper-vans-and-vans\/","og_locale":"en_GB","og_type":"article","og_title":"V\u00e9rins hydrauliques pour camping-car, fourgon et van - Mecatek (ex-Sawiko France)","og_description":"Mecatek : sp\u00e9cialiste en v\u00e9rins hydrauliques pour camping car, fourgon et van. Appelez-nous au 03 90 56 42 12 pour toute information.","og_url":"https:\/\/mecatek.eu\/en\/product\/hydraulic-cylinders-for-camper-vans-and-vans\/","og_site_name":"Mecatek (ex-Sawiko France)","article_modified_time":"2026-03-19T14:18:38+00:00","og_image":[{"width":800,"height":800,"url":"http:\/\/mecatek.eu\/wp-content\/uploads\/2025\/11\/verins-hydrauliques.png","type":"image\/png"}],"twitter_card":"summary_large_image","schema":{"@context":"https:\/\/schema.org","@graph":[{"@type":"WebPage","@id":"https:\/\/mecatek.eu\/produit\/verins-hydrauliques-pour-camping-car-fourgon-et-van\/","url":"https:\/\/mecatek.eu\/produit\/verins-hydrauliques-pour-camping-car-fourgon-et-van\/","name":"Hydraulic cylinders for motorhomes, vans and light commercial vehicles - Mecatek (ex-Sawiko France)","isPartOf":{"@id":"https:\/\/mecatek.eu\/#website"},"primaryImageOfPage":{"@id":"https:\/\/mecatek.eu\/produit\/verins-hydrauliques-pour-camping-car-fourgon-et-van\/#primaryimage"},"image":{"@id":"https:\/\/mecatek.eu\/produit\/verins-hydrauliques-pour-camping-car-fourgon-et-van\/#primaryimage"},"thumbnailUrl":"https:\/\/mecatek.eu\/wp-content\/uploads\/2025\/11\/verins-hydrauliques.png","datePublished":"2025-11-10T07:46:11+00:00","dateModified":"2026-03-19T14:18:38+00:00","description":"Mecatek: specialist in hydraulic cylinders for motorhomes, vans and light commercial vehicles. Call us on 03 90 56 42 12 for more information.","breadcrumb":{"@id":"https:\/\/mecatek.eu\/produit\/verins-hydrauliques-pour-camping-car-fourgon-et-van\/#breadcrumb"},"inLanguage":"en-GB","potentialAction":[{"@type":"ReadAction","target":["https:\/\/mecatek.eu\/produit\/verins-hydrauliques-pour-camping-car-fourgon-et-van\/"]}]},{"@type":"ImageObject","inLanguage":"en-GB","@id":"https:\/\/mecatek.eu\/produit\/verins-hydrauliques-pour-camping-car-fourgon-et-van\/#primaryimage","url":"https:\/\/mecatek.eu\/wp-content\/uploads\/2025\/11\/verins-hydrauliques.png","contentUrl":"https:\/\/mecatek.eu\/wp-content\/uploads\/2025\/11\/verins-hydrauliques.png","width":800,"height":800,"caption":"Ensemble complet de v\u00e9rins hydrauliques avec pompe et panneau de commande"},{"@type":"BreadcrumbList","@id":"https:\/\/mecatek.eu\/produit\/verins-hydrauliques-pour-camping-car-fourgon-et-van\/#breadcrumb","itemListElement":[{"@type":"ListItem","position":1,"name":"Accueil","item":"https:\/\/mecatek.eu\/"},{"@type":"ListItem","position":2,"name":"Catalogue","item":"https:\/\/mecatek.eu\/catalogue\/"},{"@type":"ListItem","position":3,"name":"V\u00e9rins hydrauliques pour camping-car, fourgon et van"}]},{"@type":"WebSite","@id":"https:\/\/mecatek.eu\/#website","url":"https:\/\/mecatek.eu\/","name":"Mecatek (formerly Sawiko France)","description":"Manufacturer of towbars for motorhomes and vans - Mecatek","publisher":{"@id":"https:\/\/mecatek.eu\/#organization"},"potentialAction":[{"@type":"SearchAction","target":{"@type":"EntryPoint","urlTemplate":"https:\/\/mecatek.eu\/?s={search_term_string}"},"query-input":{"@type":"PropertyValueSpecification","valueRequired":true,"valueName":"search_term_string"}}],"inLanguage":"en-GB"},{"@type":"Organization","@id":"https:\/\/mecatek.eu\/#organization","name":"Mecatek (formerly Sawiko France)","url":"https:\/\/mecatek.eu\/","logo":{"@type":"ImageObject","inLanguage":"en-GB","@id":"https:\/\/mecatek.eu\/#\/schema\/logo\/image\/","url":"http:\/\/mecatek.eu\/wp-content\/uploads\/2026\/01\/Logo-Mecatek-Solutions-techniques-2025-300px.png","contentUrl":"http:\/\/mecatek.eu\/wp-content\/uploads\/2026\/01\/Logo-Mecatek-Solutions-techniques-2025-300px.png","width":400,"height":94,"caption":"Mecatek (ex-Sawiko France)"},"image":{"@id":"https:\/\/mecatek.eu\/#\/schema\/logo\/image\/"}}]}},"_links":{"self":[{"href":"https:\/\/mecatek.eu\/en\/wp-json\/wp\/v2\/product\/1164","targetHints":{"allow":["GET"]}}],"collection":[{"href":"https:\/\/mecatek.eu\/en\/wp-json\/wp\/v2\/product"}],"about":[{"href":"https:\/\/mecatek.eu\/en\/wp-json\/wp\/v2\/types\/product"}],"replies":[{"embeddable":true,"href":"https:\/\/mecatek.eu\/en\/wp-json\/wp\/v2\/comments?post=1164"}],"version-history":[{"count":42,"href":"https:\/\/mecatek.eu\/en\/wp-json\/wp\/v2\/product\/1164\/revisions"}],"predecessor-version":[{"id":2854,"href":"https:\/\/mecatek.eu\/en\/wp-json\/wp\/v2\/product\/1164\/revisions\/2854"}],"wp:featuredmedia":[{"embeddable":true,"href":"https:\/\/mecatek.eu\/en\/wp-json\/wp\/v2\/media\/1437"}],"wp:attachment":[{"href":"https:\/\/mecatek.eu\/en\/wp-json\/wp\/v2\/media?parent=1164"}],"wp:term":[{"taxonomy":"product_brand","embeddable":true,"href":"https:\/\/mecatek.eu\/en\/wp-json\/wp\/v2\/product_brand?post=1164"},{"taxonomy":"product_cat","embeddable":true,"href":"https:\/\/mecatek.eu\/en\/wp-json\/wp\/v2\/product_cat?post=1164"},{"taxonomy":"product_tag","embeddable":true,"href":"https:\/\/mecatek.eu\/en\/wp-json\/wp\/v2\/product_tag?post=1164"}],"curies":[{"name":"wp","href":"https:\/\/api.w.org\/{rel}","templated":true}]}}