{"id":1133,"date":"2025-11-09T17:29:04","date_gmt":"2025-11-09T16:29:04","guid":{"rendered":"https:\/\/mecatek.eu\/?post_type=product&#038;p=1133"},"modified":"2026-01-30T13:24:29","modified_gmt":"2026-01-30T12:24:29","slug":"cargo-box-3xl","status":"publish","type":"product","link":"https:\/\/mecatek.eu\/en\/product\/cargo-box-3xl\/","title":{"rendered":"Cargo Box 3XL"},"content":{"rendered":"<div data-elementor-type=\"product-post\" data-elementor-id=\"1133\" class=\"elementor elementor-1133\" data-elementor-post-type=\"product\">\n\t\t\t\t<div class=\"elementor-element elementor-element-196cdc3c e-flex e-con-boxed e-con e-parent\" data-id=\"196cdc3c\" data-element_type=\"container\" data-e-type=\"container\">\n\t\t\t\t\t<div class=\"e-con-inner\">\n\t\t<div class=\"elementor-element elementor-element-21f7c07 e-con-full e-flex e-con e-child\" data-id=\"21f7c07\" data-element_type=\"container\" data-e-type=\"container\">\n\t\t<div class=\"elementor-element elementor-element-0ee4631 e-con-full e-flex e-con e-child\" data-id=\"0ee4631\" data-element_type=\"container\" data-e-type=\"container\">\n\t\t\t\t<div class=\"elementor-element elementor-element-b363c53 elementor-widget elementor-widget-text-editor\" data-id=\"b363c53\" data-element_type=\"widget\" data-e-type=\"widget\" data-widget_type=\"text-editor.default\">\n\t\t\t\t\t\t\t\t\t<h2>Motorhome box <span style=\"color: #0079b3;\">Cargo Box 3XL<\/span><\/h2>\t\t\t\t\t\t\t\t<\/div>\n\t\t\t\t<div class=\"elementor-element elementor-element-899b566 elementor-widget elementor-widget-text-editor\" data-id=\"899b566\" data-element_type=\"widget\" data-e-type=\"widget\" data-widget_type=\"text-editor.default\">\n\t\t\t\t\t\t\t\t\t<div>The Cargo Box 3XL has been specially developed for customers who want to protect their bikes effectively.\u00a0<\/div><div>\u00a0<\/div><ul><li>Storage for 2 adult standard or electric bicycles<\/li><li>Manufactured in white ABS PMMA\u00a0<\/li><li>Modern, sleek design to blend in perfectly with your vehicle<\/li><li>The safe locks to secure its contents<\/li><li>For all requests for a box with specific fittings,<\/li><\/ul><div>Don't hesitate to contact us, we'll be happy to help.<\/div><h3>Safety and ease of use :<\/h3><p>The Cargo Box 3XL motorhome box lets you transport 2 bikes safely and comfortably. It offers many advantages over a conventional motorhome bike carrier. <br \/>Properly stowed and secured in the boot, your standard or electrically-assisted bicycles are perfectly protected from dust, bad weather and malicious acts. <br \/>Once locked, the safe protects its contents.<\/p><h3>Design of the Cargo Box 3XL :<\/h3><p>MECATEK has taken particular care with the design of the Cargo Box 3XL. The sleek, fluid lines blend harmoniously with all types of motorhome. The box is made of white ABS plastic. The Cargo Box 3XL is designed to last over time.<br \/>The Cargo Box 3XL has 2 bike rails fitted with wheel chocks and a lashing system. Each wheel chock slides independently along the rail to adapt perfectly to the wheelbase of the bike. 2 support bars stabilise the bikes during transport.<\/p><h3>Highly practical:<\/h3><p>Loading and unloading bicycles is extremely easy, thanks to the full-width opening and the gas struts on both sides.<\/p>\t\t\t\t\t\t\t\t<\/div>\n\t\t<div class=\"elementor-element elementor-element-8351f96 e-con-full e-flex e-con e-child\" data-id=\"8351f96\" data-element_type=\"container\" data-e-type=\"container\">\n\t\t<div class=\"elementor-element elementor-element-e2ce599 e-con-full e-flex e-con e-child\" data-id=\"e2ce599\" data-element_type=\"container\" data-e-type=\"container\">\n\t\t\t\t<div class=\"elementor-element elementor-element-ff2d973 elementor-widget elementor-widget-video\" data-id=\"ff2d973\" data-element_type=\"widget\" data-e-type=\"widget\" data-settings=\"{&quot;youtube_url&quot;:&quot;https:\\\/\\\/youtu.be\\\/0Sej-jAVNGA&quot;,&quot;video_type&quot;:&quot;youtube&quot;,&quot;controls&quot;:&quot;yes&quot;}\" data-widget_type=\"video.default\">\n\t\t\t\t\t\t\t<div class=\"elementor-wrapper elementor-open-inline\">\n\t\t\t<div class=\"elementor-video\"><\/div>\t\t<\/div>\n\t\t\t\t\t\t<\/div>\n\t\t\t\t<div class=\"elementor-element elementor-element-e9d231e elementor-widget elementor-widget-text-editor\" data-id=\"e9d231e\" data-element_type=\"widget\" data-e-type=\"widget\" data-widget_type=\"text-editor.default\">\n\t\t\t\t\t\t\t\t\t<p><strong>Cargo Box 3XL can be customised to your requirements<\/strong><\/p>\t\t\t\t\t\t\t\t<\/div>\n\t\t\t\t<\/div>\n\t\t<div class=\"elementor-element elementor-element-8a37793 e-con-full e-flex e-con e-child\" data-id=\"8a37793\" data-element_type=\"container\" data-e-type=\"container\">\n\t\t\t\t<\/div>\n\t\t\t\t<\/div>\n\t\t\t\t<\/div>\n\t\t<div class=\"elementor-element elementor-element-38eef80 e-con-full e-flex e-con e-child\" data-id=\"38eef80\" data-element_type=\"container\" data-e-type=\"container\" data-settings=\"{&quot;background_background&quot;:&quot;classic&quot;}\">\n\t\t\t\t<div class=\"elementor-element elementor-element-17c2874 elementor-widget elementor-widget-image\" data-id=\"17c2874\" data-element_type=\"widget\" data-e-type=\"widget\" data-widget_type=\"image.default\">\n\t\t\t\t\t\t\t\t\t\t\t\t\t\t\t<img fetchpriority=\"high\" decoding=\"async\" width=\"400\" height=\"200\" src=\"https:\/\/mecatek.eu\/wp-content\/uploads\/2025\/12\/Logo-Marque-MCK.png\" class=\"attachment-full size-full wp-image-983\" alt=\"MCK logo\" \/>\t\t\t\t\t\t\t\t\t\t\t\t\t\t\t<\/div>\n\t\t\t\t<div class=\"elementor-element elementor-element-a9d6090 elementor-widget elementor-widget-text-editor\" data-id=\"a9d6090\" data-element_type=\"widget\" data-e-type=\"widget\" data-widget_type=\"text-editor.default\">\n\t\t\t\t\t\t\t\t\t<p><strong>Technical data :<\/strong><\/p><p>Empty weight 48 Kg<\/p><p>Payload in boot: approx. 82 kg (depending on load carrier)<\/p><p>External dimensions (W x D x H): 2,040 mm x 670 mm x 1,210 mm<\/p><p>Interior dimensions (W x D x H): 1,930 mm x 600 mm x 1,200 mm<\/p><p>Door opening (W x H): 1 930 mm x 1 110 mm<\/p><p>* Box only without supports<\/p>\t\t\t\t\t\t\t\t<\/div>\n\t\t\t\t<\/div>\n\t\t\t\t<\/div>\n\t\t\t\t\t<\/div>\n\t\t\t\t<\/div>\n\t\t\t\t<\/div>","protected":false},"excerpt":{"rendered":"<p>The trunk <strong>Cargo Box 3XL<\/strong> offers a safe and elegant solution for transporting up to 2 adult or electric bicycles. Made from white ABS PMMA, it combines strength, lightness and modern design to blend harmoniously with your vehicle. Its key lock guarantees the safety of your bikes, and customised fittings are available on request.<\/p>","protected":false},"featured_media":1139,"comment_status":"closed","ping_status":"closed","template":"","meta":[],"product_brand":[63],"product_cat":[32],"product_tag":[],"class_list":{"0":"post-1133","1":"product","2":"type-product","3":"status-publish","4":"has-post-thumbnail","6":"product_brand-mck","7":"product_cat-coffres-camping-car","9":"first","10":"instock","11":"shipping-taxable","12":"product-type-simple"},"yoast_head":"<!-- This site is optimized with the Yoast SEO plugin v26.9 - https:\/\/yoast.com\/product\/yoast-seo-wordpress\/ -->\n<title>Coffre Cargo Box 3XL - Mecatek (ex-Sawiko France)<\/title>\n<meta name=\"description\" content=\"D\u00e9couvrez le coffre Cargo Box 3XL de Mecatek, coffre pour camping-car et fourgon pour s\u00e9curiser vos v\u00e9los ou accessoires sensibles.\" \/>\n<meta name=\"robots\" content=\"index, follow, max-snippet:-1, max-image-preview:large, max-video-preview:-1\" \/>\n<link rel=\"canonical\" href=\"https:\/\/mecatek.eu\/en\/product\/cargo-box-3xl\/\" \/>\n<meta property=\"og:locale\" content=\"en_GB\" \/>\n<meta property=\"og:type\" content=\"article\" \/>\n<meta property=\"og:title\" content=\"Coffre Cargo Box 3XL - Mecatek (ex-Sawiko France)\" \/>\n<meta property=\"og:description\" content=\"D\u00e9couvrez le coffre Cargo Box 3XL de Mecatek, coffre pour camping-car et fourgon pour s\u00e9curiser vos v\u00e9los ou accessoires sensibles.\" \/>\n<meta property=\"og:url\" content=\"https:\/\/mecatek.eu\/en\/product\/cargo-box-3xl\/\" \/>\n<meta property=\"og:site_name\" content=\"Mecatek (ex-Sawiko France)\" \/>\n<meta property=\"article:modified_time\" content=\"2026-01-30T12:24:29+00:00\" \/>\n<meta property=\"og:image\" content=\"http:\/\/mecatek.eu\/wp-content\/uploads\/2025\/12\/Coffre_MCK_CargoBox-3XL_Mecatek.png\" \/>\n\t<meta property=\"og:image:width\" content=\"800\" \/>\n\t<meta property=\"og:image:height\" content=\"800\" \/>\n\t<meta property=\"og:image:type\" content=\"image\/png\" \/>\n<meta name=\"twitter:card\" content=\"summary_large_image\" \/>\n<meta name=\"twitter:label1\" content=\"Estimated reading time\" \/>\n\t<meta name=\"twitter:data1\" content=\"3 minutes\" \/>\n<script type=\"application\/ld+json\" class=\"yoast-schema-graph\">{\"@context\":\"https:\/\/schema.org\",\"@graph\":[{\"@type\":\"WebPage\",\"@id\":\"https:\/\/mecatek.eu\/produit\/coffre-cargo-box-3xl\/\",\"url\":\"https:\/\/mecatek.eu\/produit\/coffre-cargo-box-3xl\/\",\"name\":\"Coffre Cargo Box 3XL - Mecatek (ex-Sawiko France)\",\"isPartOf\":{\"@id\":\"https:\/\/mecatek.eu\/#website\"},\"primaryImageOfPage\":{\"@id\":\"https:\/\/mecatek.eu\/produit\/coffre-cargo-box-3xl\/#primaryimage\"},\"image\":{\"@id\":\"https:\/\/mecatek.eu\/produit\/coffre-cargo-box-3xl\/#primaryimage\"},\"thumbnailUrl\":\"https:\/\/mecatek.eu\/wp-content\/uploads\/2025\/12\/Coffre_MCK_CargoBox-3XL_Mecatek.png\",\"datePublished\":\"2025-11-09T16:29:04+00:00\",\"dateModified\":\"2026-01-30T12:24:29+00:00\",\"description\":\"D\u00e9couvrez le coffre Cargo Box 3XL de Mecatek, coffre pour camping-car et fourgon pour s\u00e9curiser vos v\u00e9los ou accessoires sensibles.\",\"breadcrumb\":{\"@id\":\"https:\/\/mecatek.eu\/produit\/coffre-cargo-box-3xl\/#breadcrumb\"},\"inLanguage\":\"en-GB\",\"potentialAction\":[{\"@type\":\"ReadAction\",\"target\":[\"https:\/\/mecatek.eu\/produit\/coffre-cargo-box-3xl\/\"]}]},{\"@type\":\"ImageObject\",\"inLanguage\":\"en-GB\",\"@id\":\"https:\/\/mecatek.eu\/produit\/coffre-cargo-box-3xl\/#primaryimage\",\"url\":\"https:\/\/mecatek.eu\/wp-content\/uploads\/2025\/12\/Coffre_MCK_CargoBox-3XL_Mecatek.png\",\"contentUrl\":\"https:\/\/mecatek.eu\/wp-content\/uploads\/2025\/12\/Coffre_MCK_CargoBox-3XL_Mecatek.png\",\"width\":800,\"height\":800,\"caption\":\"Coffre de rangement pour camping-car MCK Cargo-Box 3XL\"},{\"@type\":\"BreadcrumbList\",\"@id\":\"https:\/\/mecatek.eu\/produit\/coffre-cargo-box-3xl\/#breadcrumb\",\"itemListElement\":[{\"@type\":\"ListItem\",\"position\":1,\"name\":\"Accueil\",\"item\":\"https:\/\/mecatek.eu\/\"},{\"@type\":\"ListItem\",\"position\":2,\"name\":\"Catalogue\",\"item\":\"https:\/\/mecatek.eu\/catalogue\/\"},{\"@type\":\"ListItem\",\"position\":3,\"name\":\"Coffre Cargo Box 3XL\"}]},{\"@type\":\"WebSite\",\"@id\":\"https:\/\/mecatek.eu\/#website\",\"url\":\"https:\/\/mecatek.eu\/\",\"name\":\"Mecatek (ex-Sawiko France)\",\"description\":\"Fabricant d&#039;attelages pour camping-car et fourgon - Mecatek\",\"publisher\":{\"@id\":\"https:\/\/mecatek.eu\/#organization\"},\"potentialAction\":[{\"@type\":\"SearchAction\",\"target\":{\"@type\":\"EntryPoint\",\"urlTemplate\":\"https:\/\/mecatek.eu\/?s={search_term_string}\"},\"query-input\":{\"@type\":\"PropertyValueSpecification\",\"valueRequired\":true,\"valueName\":\"search_term_string\"}}],\"inLanguage\":\"en-GB\"},{\"@type\":\"Organization\",\"@id\":\"https:\/\/mecatek.eu\/#organization\",\"name\":\"Mecatek (ex-Sawiko France)\",\"url\":\"https:\/\/mecatek.eu\/\",\"logo\":{\"@type\":\"ImageObject\",\"inLanguage\":\"en-GB\",\"@id\":\"https:\/\/mecatek.eu\/#\/schema\/logo\/image\/\",\"url\":\"http:\/\/mecatek.eu\/wp-content\/uploads\/2026\/01\/Logo-Mecatek-Solutions-techniques-2025-300px.png\",\"contentUrl\":\"http:\/\/mecatek.eu\/wp-content\/uploads\/2026\/01\/Logo-Mecatek-Solutions-techniques-2025-300px.png\",\"width\":400,\"height\":94,\"caption\":\"Mecatek (ex-Sawiko France)\"},\"image\":{\"@id\":\"https:\/\/mecatek.eu\/#\/schema\/logo\/image\/\"}}]}<\/script>\n<!-- \/ Yoast SEO plugin. -->","yoast_head_json":{"title":"Cargo Box 3XL - Mecatek (ex-Sawiko France)","description":"Discover Mecatek's Cargo Box 3XL, a motorhome and van box for securing your bikes or sensitive accessories.","robots":{"index":"index","follow":"follow","max-snippet":"max-snippet:-1","max-image-preview":"max-image-preview:large","max-video-preview":"max-video-preview:-1"},"canonical":"https:\/\/mecatek.eu\/en\/product\/cargo-box-3xl\/","og_locale":"en_GB","og_type":"article","og_title":"Coffre Cargo Box 3XL - Mecatek (ex-Sawiko France)","og_description":"D\u00e9couvrez le coffre Cargo Box 3XL de Mecatek, coffre pour camping-car et fourgon pour s\u00e9curiser vos v\u00e9los ou accessoires sensibles.","og_url":"https:\/\/mecatek.eu\/en\/product\/cargo-box-3xl\/","og_site_name":"Mecatek (ex-Sawiko France)","article_modified_time":"2026-01-30T12:24:29+00:00","og_image":[{"width":800,"height":800,"url":"http:\/\/mecatek.eu\/wp-content\/uploads\/2025\/12\/Coffre_MCK_CargoBox-3XL_Mecatek.png","type":"image\/png"}],"twitter_card":"summary_large_image","twitter_misc":{"Estimated reading time":"3 minutes"},"schema":{"@context":"https:\/\/schema.org","@graph":[{"@type":"WebPage","@id":"https:\/\/mecatek.eu\/produit\/coffre-cargo-box-3xl\/","url":"https:\/\/mecatek.eu\/produit\/coffre-cargo-box-3xl\/","name":"Cargo Box 3XL - Mecatek (ex-Sawiko France)","isPartOf":{"@id":"https:\/\/mecatek.eu\/#website"},"primaryImageOfPage":{"@id":"https:\/\/mecatek.eu\/produit\/coffre-cargo-box-3xl\/#primaryimage"},"image":{"@id":"https:\/\/mecatek.eu\/produit\/coffre-cargo-box-3xl\/#primaryimage"},"thumbnailUrl":"https:\/\/mecatek.eu\/wp-content\/uploads\/2025\/12\/Coffre_MCK_CargoBox-3XL_Mecatek.png","datePublished":"2025-11-09T16:29:04+00:00","dateModified":"2026-01-30T12:24:29+00:00","description":"Discover Mecatek's Cargo Box 3XL, a motorhome and van box for securing your bikes or sensitive accessories.","breadcrumb":{"@id":"https:\/\/mecatek.eu\/produit\/coffre-cargo-box-3xl\/#breadcrumb"},"inLanguage":"en-GB","potentialAction":[{"@type":"ReadAction","target":["https:\/\/mecatek.eu\/produit\/coffre-cargo-box-3xl\/"]}]},{"@type":"ImageObject","inLanguage":"en-GB","@id":"https:\/\/mecatek.eu\/produit\/coffre-cargo-box-3xl\/#primaryimage","url":"https:\/\/mecatek.eu\/wp-content\/uploads\/2025\/12\/Coffre_MCK_CargoBox-3XL_Mecatek.png","contentUrl":"https:\/\/mecatek.eu\/wp-content\/uploads\/2025\/12\/Coffre_MCK_CargoBox-3XL_Mecatek.png","width":800,"height":800,"caption":"Coffre de rangement pour camping-car MCK Cargo-Box 3XL"},{"@type":"BreadcrumbList","@id":"https:\/\/mecatek.eu\/produit\/coffre-cargo-box-3xl\/#breadcrumb","itemListElement":[{"@type":"ListItem","position":1,"name":"Accueil","item":"https:\/\/mecatek.eu\/"},{"@type":"ListItem","position":2,"name":"Catalogue","item":"https:\/\/mecatek.eu\/catalogue\/"},{"@type":"ListItem","position":3,"name":"Coffre Cargo Box 3XL"}]},{"@type":"WebSite","@id":"https:\/\/mecatek.eu\/#website","url":"https:\/\/mecatek.eu\/","name":"Mecatek (formerly Sawiko France)","description":"Manufacturer of towbars for motorhomes and vans - Mecatek","publisher":{"@id":"https:\/\/mecatek.eu\/#organization"},"potentialAction":[{"@type":"SearchAction","target":{"@type":"EntryPoint","urlTemplate":"https:\/\/mecatek.eu\/?s={search_term_string}"},"query-input":{"@type":"PropertyValueSpecification","valueRequired":true,"valueName":"search_term_string"}}],"inLanguage":"en-GB"},{"@type":"Organization","@id":"https:\/\/mecatek.eu\/#organization","name":"Mecatek (formerly Sawiko France)","url":"https:\/\/mecatek.eu\/","logo":{"@type":"ImageObject","inLanguage":"en-GB","@id":"https:\/\/mecatek.eu\/#\/schema\/logo\/image\/","url":"http:\/\/mecatek.eu\/wp-content\/uploads\/2026\/01\/Logo-Mecatek-Solutions-techniques-2025-300px.png","contentUrl":"http:\/\/mecatek.eu\/wp-content\/uploads\/2026\/01\/Logo-Mecatek-Solutions-techniques-2025-300px.png","width":400,"height":94,"caption":"Mecatek (ex-Sawiko France)"},"image":{"@id":"https:\/\/mecatek.eu\/#\/schema\/logo\/image\/"}}]}},"_links":{"self":[{"href":"https:\/\/mecatek.eu\/en\/wp-json\/wp\/v2\/product\/1133","targetHints":{"allow":["GET"]}}],"collection":[{"href":"https:\/\/mecatek.eu\/en\/wp-json\/wp\/v2\/product"}],"about":[{"href":"https:\/\/mecatek.eu\/en\/wp-json\/wp\/v2\/types\/product"}],"replies":[{"embeddable":true,"href":"https:\/\/mecatek.eu\/en\/wp-json\/wp\/v2\/comments?post=1133"}],"version-history":[{"count":8,"href":"https:\/\/mecatek.eu\/en\/wp-json\/wp\/v2\/product\/1133\/revisions"}],"predecessor-version":[{"id":1159,"href":"https:\/\/mecatek.eu\/en\/wp-json\/wp\/v2\/product\/1133\/revisions\/1159"}],"wp:featuredmedia":[{"embeddable":true,"href":"https:\/\/mecatek.eu\/en\/wp-json\/wp\/v2\/media\/1139"}],"wp:attachment":[{"href":"https:\/\/mecatek.eu\/en\/wp-json\/wp\/v2\/media?parent=1133"}],"wp:term":[{"taxonomy":"product_brand","embeddable":true,"href":"https:\/\/mecatek.eu\/en\/wp-json\/wp\/v2\/product_brand?post=1133"},{"taxonomy":"product_cat","embeddable":true,"href":"https:\/\/mecatek.eu\/en\/wp-json\/wp\/v2\/product_cat?post=1133"},{"taxonomy":"product_tag","embeddable":true,"href":"https:\/\/mecatek.eu\/en\/wp-json\/wp\/v2\/product_tag?post=1133"}],"curies":[{"name":"wp","href":"https:\/\/api.w.org\/{rel}","templated":true}]}}