{"id":1124,"date":"2025-11-09T16:48:44","date_gmt":"2025-11-09T15:48:44","guid":{"rendered":"https:\/\/mecatek.eu\/?post_type=product&#038;p=1124"},"modified":"2026-01-23T12:29:00","modified_gmt":"2026-01-23T11:29:00","slug":"motorbike-and-bicycle-carrier-for-motorhomes-l-line","status":"publish","type":"product","link":"https:\/\/mecatek.eu\/en\/product\/motorbike-and-bicycle-carrier-for-motorhomes-l-line\/","title":{"rendered":"L-Line motorhome bike and bicycle carriers"},"content":{"rendered":"<div data-elementor-type=\"product-post\" data-elementor-id=\"1124\" class=\"elementor elementor-1124\" data-elementor-post-type=\"product\">\n\t\t\t\t<div class=\"elementor-element elementor-element-378a9e1e e-flex e-con-boxed e-con e-parent\" data-id=\"378a9e1e\" data-element_type=\"container\" data-e-type=\"container\">\n\t\t\t\t\t<div class=\"e-con-inner\">\n\t\t<div class=\"elementor-element elementor-element-bf3fb83 e-con-full e-flex e-con e-child\" data-id=\"bf3fb83\" data-element_type=\"container\" data-e-type=\"container\">\n\t\t<div class=\"elementor-element elementor-element-f1b4b39 e-con-full e-flex e-con e-child\" data-id=\"f1b4b39\" data-element_type=\"container\" data-e-type=\"container\">\n\t\t\t\t<div class=\"elementor-element elementor-element-c752631 elementor-widget elementor-widget-text-editor\" data-id=\"c752631\" data-element_type=\"widget\" data-e-type=\"widget\" data-widget_type=\"text-editor.default\">\n\t\t\t\t\t\t\t\t\t<h2>Motorbike and bicycle racks <span style=\"color: #0079b3;\">L-Line<\/span><\/h2>\t\t\t\t\t\t\t\t<\/div>\n\t\t\t\t<div class=\"elementor-element elementor-element-be0c111 elementor-widget elementor-widget-text-editor\" data-id=\"be0c111\" data-element_type=\"widget\" data-e-type=\"widget\" data-widget_type=\"text-editor.default\">\n\t\t\t\t\t\t\t\t\t<h3>The advantages of the L-Line bike rack<\/h3><div>Le\u00a0<strong>L-Line bike and motorbike racks<\/strong>\u00a0benefits from a number of advantages:<\/div><ul><li>Elements mainly made of steel<\/li><li>Pre-painted and powder-coated components for corrosion protection<\/li><li>Hot-dip galvanised chassis supports<\/li><li>130 kg load capacity<\/li><li>Low weight<\/li><li>Modern design<\/li><li>Can be dismantled without tools<\/li><\/ul>\t\t\t\t\t\t\t\t<\/div>\n\t\t\t\t<\/div>\n\t\t<div class=\"elementor-element elementor-element-fddcf90 e-con-full e-flex e-con e-child\" data-id=\"fddcf90\" data-element_type=\"container\" data-e-type=\"container\" data-settings=\"{&quot;background_background&quot;:&quot;classic&quot;}\">\n\t\t\t\t<div class=\"elementor-element elementor-element-67b9c84 elementor-widget elementor-widget-image\" data-id=\"67b9c84\" data-element_type=\"widget\" data-e-type=\"widget\" data-widget_type=\"image.default\">\n\t\t\t\t\t\t\t\t\t\t\t\t\t\t\t<img fetchpriority=\"high\" decoding=\"async\" width=\"400\" height=\"200\" src=\"https:\/\/mecatek.eu\/wp-content\/uploads\/2025\/12\/Logo-Marque-MCK.png\" class=\"attachment-full size-full wp-image-983\" alt=\"MCK logo\" \/>\t\t\t\t\t\t\t\t\t\t\t\t\t\t\t<\/div>\n\t\t\t\t<div class=\"elementor-element elementor-element-7d2529c elementor-widget elementor-widget-text-editor\" data-id=\"7d2529c\" data-element_type=\"widget\" data-e-type=\"widget\" data-widget_type=\"text-editor.default\">\n\t\t\t\t\t\t\t\t\t<p><strong>Technical data :<\/strong><br \/>Payload: 130 kg<br \/>Empty weight: 28 Kg<br \/>Length: 2000 mm<br \/>Width: 540 to 630 mm<\/p><p><strong>Available in several versions:<\/strong><\/p><ul><li>1 motorbike<\/li><li>1 motorbike and 1 bicycle<\/li><\/ul>\t\t\t\t\t\t\t\t<\/div>\n\t\t\t\t<\/div>\n\t\t\t\t<\/div>\n\t\t\t\t\t<\/div>\n\t\t\t\t<\/div>\n\t\t\t\t<\/div>","protected":false},"excerpt":{"rendered":"<p>Le <strong>L-Line bike and motorbike racks<\/strong> combines robustness and practicality. Made from steel with pre-lacquered and powder-coated components for optimum protection against corrosion, it offers a high level of comfort. <strong>130 kg load capacity<\/strong> while remaining <strong>lightweight and easy to dismantle without tools<\/strong>. Its modern design and hot-dip galvanised frame supports guarantee durability and style.<\/p>","protected":false},"featured_media":1127,"comment_status":"closed","ping_status":"closed","template":"","meta":[],"product_brand":[63],"product_cat":[30,31],"product_tag":[],"class_list":{"0":"post-1124","1":"product","2":"type-product","3":"status-publish","4":"has-post-thumbnail","6":"product_brand-mck","7":"product_cat-porte-velos-camping-car","8":"product_cat-porte-motos-camping-car","10":"first","11":"instock","12":"shipping-taxable","13":"product-type-simple"},"yoast_head":"<!-- This site is optimized with the Yoast SEO plugin v26.9 - https:\/\/yoast.com\/product\/yoast-seo-wordpress\/ -->\n<title>Porte-moto et v\u00e9los pour camping-car L-Line - Mecatek (ex-Sawiko France)<\/title>\n<meta name=\"description\" content=\"Le porte-moto et v\u00e9los pour camping-car L-Line se distingue par une charge utile de 130 kg tout en restant l\u00e9ger et facile \u00e0 d\u00e9monter sans outils\" \/>\n<meta name=\"robots\" content=\"index, follow, max-snippet:-1, max-image-preview:large, max-video-preview:-1\" \/>\n<link rel=\"canonical\" href=\"https:\/\/mecatek.eu\/en\/product\/motorbike-and-bicycle-carrier-for-motorhomes-l-line\/\" \/>\n<meta property=\"og:locale\" content=\"en_GB\" \/>\n<meta property=\"og:type\" content=\"article\" \/>\n<meta property=\"og:title\" content=\"Porte-moto et v\u00e9los pour camping-car L-Line - Mecatek (ex-Sawiko France)\" \/>\n<meta property=\"og:description\" content=\"Le porte-moto et v\u00e9los pour camping-car L-Line se distingue par une charge utile de 130 kg tout en restant l\u00e9ger et facile \u00e0 d\u00e9monter sans outils\" \/>\n<meta property=\"og:url\" content=\"https:\/\/mecatek.eu\/en\/product\/motorbike-and-bicycle-carrier-for-motorhomes-l-line\/\" \/>\n<meta property=\"og:site_name\" content=\"Mecatek (ex-Sawiko France)\" \/>\n<meta property=\"article:modified_time\" content=\"2026-01-23T11:29:00+00:00\" \/>\n<meta property=\"og:image\" content=\"http:\/\/mecatek.eu\/wp-content\/uploads\/2025\/12\/Porte-velos-moto-L-Line.png\" \/>\n\t<meta property=\"og:image:width\" content=\"800\" \/>\n\t<meta property=\"og:image:height\" content=\"800\" \/>\n\t<meta property=\"og:image:type\" content=\"image\/png\" \/>\n<meta name=\"twitter:card\" content=\"summary_large_image\" \/>\n<meta name=\"twitter:label1\" content=\"Estimated reading time\" \/>\n\t<meta name=\"twitter:data1\" content=\"1 minute\" \/>\n<script type=\"application\/ld+json\" class=\"yoast-schema-graph\">{\"@context\":\"https:\/\/schema.org\",\"@graph\":[{\"@type\":\"WebPage\",\"@id\":\"https:\/\/mecatek.eu\/produit\/porte-moto-et-velos-pour-camping-car-l-line\/\",\"url\":\"https:\/\/mecatek.eu\/produit\/porte-moto-et-velos-pour-camping-car-l-line\/\",\"name\":\"Porte-moto et v\u00e9los pour camping-car L-Line - Mecatek (ex-Sawiko France)\",\"isPartOf\":{\"@id\":\"https:\/\/mecatek.eu\/#website\"},\"primaryImageOfPage\":{\"@id\":\"https:\/\/mecatek.eu\/produit\/porte-moto-et-velos-pour-camping-car-l-line\/#primaryimage\"},\"image\":{\"@id\":\"https:\/\/mecatek.eu\/produit\/porte-moto-et-velos-pour-camping-car-l-line\/#primaryimage\"},\"thumbnailUrl\":\"https:\/\/mecatek.eu\/wp-content\/uploads\/2025\/12\/Porte-velos-moto-L-Line.png\",\"datePublished\":\"2025-11-09T15:48:44+00:00\",\"dateModified\":\"2026-01-23T11:29:00+00:00\",\"description\":\"Le porte-moto et v\u00e9los pour camping-car L-Line se distingue par une charge utile de 130 kg tout en restant l\u00e9ger et facile \u00e0 d\u00e9monter sans outils\",\"breadcrumb\":{\"@id\":\"https:\/\/mecatek.eu\/produit\/porte-moto-et-velos-pour-camping-car-l-line\/#breadcrumb\"},\"inLanguage\":\"en-GB\",\"potentialAction\":[{\"@type\":\"ReadAction\",\"target\":[\"https:\/\/mecatek.eu\/produit\/porte-moto-et-velos-pour-camping-car-l-line\/\"]}]},{\"@type\":\"ImageObject\",\"inLanguage\":\"en-GB\",\"@id\":\"https:\/\/mecatek.eu\/produit\/porte-moto-et-velos-pour-camping-car-l-line\/#primaryimage\",\"url\":\"https:\/\/mecatek.eu\/wp-content\/uploads\/2025\/12\/Porte-velos-moto-L-Line.png\",\"contentUrl\":\"https:\/\/mecatek.eu\/wp-content\/uploads\/2025\/12\/Porte-velos-moto-L-Line.png\",\"width\":800,\"height\":800,\"caption\":\"Porte-v\u00e9los-moto-L-Line\"},{\"@type\":\"BreadcrumbList\",\"@id\":\"https:\/\/mecatek.eu\/produit\/porte-moto-et-velos-pour-camping-car-l-line\/#breadcrumb\",\"itemListElement\":[{\"@type\":\"ListItem\",\"position\":1,\"name\":\"Accueil\",\"item\":\"https:\/\/mecatek.eu\/\"},{\"@type\":\"ListItem\",\"position\":2,\"name\":\"Catalogue\",\"item\":\"https:\/\/mecatek.eu\/catalogue\/\"},{\"@type\":\"ListItem\",\"position\":3,\"name\":\"Porte-moto et v\u00e9los pour camping-car L-Line\"}]},{\"@type\":\"WebSite\",\"@id\":\"https:\/\/mecatek.eu\/#website\",\"url\":\"https:\/\/mecatek.eu\/\",\"name\":\"Mecatek (ex-Sawiko France)\",\"description\":\"Fabricant d&#039;attelages pour camping-car et fourgon - Mecatek\",\"publisher\":{\"@id\":\"https:\/\/mecatek.eu\/#organization\"},\"potentialAction\":[{\"@type\":\"SearchAction\",\"target\":{\"@type\":\"EntryPoint\",\"urlTemplate\":\"https:\/\/mecatek.eu\/?s={search_term_string}\"},\"query-input\":{\"@type\":\"PropertyValueSpecification\",\"valueRequired\":true,\"valueName\":\"search_term_string\"}}],\"inLanguage\":\"en-GB\"},{\"@type\":\"Organization\",\"@id\":\"https:\/\/mecatek.eu\/#organization\",\"name\":\"Mecatek (ex-Sawiko France)\",\"url\":\"https:\/\/mecatek.eu\/\",\"logo\":{\"@type\":\"ImageObject\",\"inLanguage\":\"en-GB\",\"@id\":\"https:\/\/mecatek.eu\/#\/schema\/logo\/image\/\",\"url\":\"http:\/\/mecatek.eu\/wp-content\/uploads\/2026\/01\/Logo-Mecatek-Solutions-techniques-2025-300px.png\",\"contentUrl\":\"http:\/\/mecatek.eu\/wp-content\/uploads\/2026\/01\/Logo-Mecatek-Solutions-techniques-2025-300px.png\",\"width\":400,\"height\":94,\"caption\":\"Mecatek (ex-Sawiko France)\"},\"image\":{\"@id\":\"https:\/\/mecatek.eu\/#\/schema\/logo\/image\/\"}}]}<\/script>\n<!-- \/ Yoast SEO plugin. -->","yoast_head_json":{"title":"L-Line motorbike and bicycle carriers for motorhomes - Mecatek (ex-Sawiko France)","description":"The L-Line motorhome bike and bicycle rack boasts a payload of 130 kg while remaining lightweight and easy to dismantle without tools","robots":{"index":"index","follow":"follow","max-snippet":"max-snippet:-1","max-image-preview":"max-image-preview:large","max-video-preview":"max-video-preview:-1"},"canonical":"https:\/\/mecatek.eu\/en\/product\/motorbike-and-bicycle-carrier-for-motorhomes-l-line\/","og_locale":"en_GB","og_type":"article","og_title":"Porte-moto et v\u00e9los pour camping-car L-Line - Mecatek (ex-Sawiko France)","og_description":"Le porte-moto et v\u00e9los pour camping-car L-Line se distingue par une charge utile de 130 kg tout en restant l\u00e9ger et facile \u00e0 d\u00e9monter sans outils","og_url":"https:\/\/mecatek.eu\/en\/product\/motorbike-and-bicycle-carrier-for-motorhomes-l-line\/","og_site_name":"Mecatek (ex-Sawiko France)","article_modified_time":"2026-01-23T11:29:00+00:00","og_image":[{"width":800,"height":800,"url":"http:\/\/mecatek.eu\/wp-content\/uploads\/2025\/12\/Porte-velos-moto-L-Line.png","type":"image\/png"}],"twitter_card":"summary_large_image","twitter_misc":{"Estimated reading time":"1 minute"},"schema":{"@context":"https:\/\/schema.org","@graph":[{"@type":"WebPage","@id":"https:\/\/mecatek.eu\/produit\/porte-moto-et-velos-pour-camping-car-l-line\/","url":"https:\/\/mecatek.eu\/produit\/porte-moto-et-velos-pour-camping-car-l-line\/","name":"L-Line motorbike and bicycle carriers for motorhomes - Mecatek (ex-Sawiko France)","isPartOf":{"@id":"https:\/\/mecatek.eu\/#website"},"primaryImageOfPage":{"@id":"https:\/\/mecatek.eu\/produit\/porte-moto-et-velos-pour-camping-car-l-line\/#primaryimage"},"image":{"@id":"https:\/\/mecatek.eu\/produit\/porte-moto-et-velos-pour-camping-car-l-line\/#primaryimage"},"thumbnailUrl":"https:\/\/mecatek.eu\/wp-content\/uploads\/2025\/12\/Porte-velos-moto-L-Line.png","datePublished":"2025-11-09T15:48:44+00:00","dateModified":"2026-01-23T11:29:00+00:00","description":"The L-Line motorhome bike and bicycle rack boasts a payload of 130 kg while remaining lightweight and easy to dismantle without tools","breadcrumb":{"@id":"https:\/\/mecatek.eu\/produit\/porte-moto-et-velos-pour-camping-car-l-line\/#breadcrumb"},"inLanguage":"en-GB","potentialAction":[{"@type":"ReadAction","target":["https:\/\/mecatek.eu\/produit\/porte-moto-et-velos-pour-camping-car-l-line\/"]}]},{"@type":"ImageObject","inLanguage":"en-GB","@id":"https:\/\/mecatek.eu\/produit\/porte-moto-et-velos-pour-camping-car-l-line\/#primaryimage","url":"https:\/\/mecatek.eu\/wp-content\/uploads\/2025\/12\/Porte-velos-moto-L-Line.png","contentUrl":"https:\/\/mecatek.eu\/wp-content\/uploads\/2025\/12\/Porte-velos-moto-L-Line.png","width":800,"height":800,"caption":"Porte-v\u00e9los-moto-L-Line"},{"@type":"BreadcrumbList","@id":"https:\/\/mecatek.eu\/produit\/porte-moto-et-velos-pour-camping-car-l-line\/#breadcrumb","itemListElement":[{"@type":"ListItem","position":1,"name":"Accueil","item":"https:\/\/mecatek.eu\/"},{"@type":"ListItem","position":2,"name":"Catalogue","item":"https:\/\/mecatek.eu\/catalogue\/"},{"@type":"ListItem","position":3,"name":"Porte-moto et v\u00e9los pour camping-car L-Line"}]},{"@type":"WebSite","@id":"https:\/\/mecatek.eu\/#website","url":"https:\/\/mecatek.eu\/","name":"Mecatek (formerly Sawiko France)","description":"Manufacturer of towbars for motorhomes and vans - Mecatek","publisher":{"@id":"https:\/\/mecatek.eu\/#organization"},"potentialAction":[{"@type":"SearchAction","target":{"@type":"EntryPoint","urlTemplate":"https:\/\/mecatek.eu\/?s={search_term_string}"},"query-input":{"@type":"PropertyValueSpecification","valueRequired":true,"valueName":"search_term_string"}}],"inLanguage":"en-GB"},{"@type":"Organization","@id":"https:\/\/mecatek.eu\/#organization","name":"Mecatek (formerly Sawiko France)","url":"https:\/\/mecatek.eu\/","logo":{"@type":"ImageObject","inLanguage":"en-GB","@id":"https:\/\/mecatek.eu\/#\/schema\/logo\/image\/","url":"http:\/\/mecatek.eu\/wp-content\/uploads\/2026\/01\/Logo-Mecatek-Solutions-techniques-2025-300px.png","contentUrl":"http:\/\/mecatek.eu\/wp-content\/uploads\/2026\/01\/Logo-Mecatek-Solutions-techniques-2025-300px.png","width":400,"height":94,"caption":"Mecatek (ex-Sawiko France)"},"image":{"@id":"https:\/\/mecatek.eu\/#\/schema\/logo\/image\/"}}]}},"_links":{"self":[{"href":"https:\/\/mecatek.eu\/en\/wp-json\/wp\/v2\/product\/1124","targetHints":{"allow":["GET"]}}],"collection":[{"href":"https:\/\/mecatek.eu\/en\/wp-json\/wp\/v2\/product"}],"about":[{"href":"https:\/\/mecatek.eu\/en\/wp-json\/wp\/v2\/types\/product"}],"replies":[{"embeddable":true,"href":"https:\/\/mecatek.eu\/en\/wp-json\/wp\/v2\/comments?post=1124"}],"version-history":[{"count":5,"href":"https:\/\/mecatek.eu\/en\/wp-json\/wp\/v2\/product\/1124\/revisions"}],"predecessor-version":[{"id":2466,"href":"https:\/\/mecatek.eu\/en\/wp-json\/wp\/v2\/product\/1124\/revisions\/2466"}],"wp:featuredmedia":[{"embeddable":true,"href":"https:\/\/mecatek.eu\/en\/wp-json\/wp\/v2\/media\/1127"}],"wp:attachment":[{"href":"https:\/\/mecatek.eu\/en\/wp-json\/wp\/v2\/media?parent=1124"}],"wp:term":[{"taxonomy":"product_brand","embeddable":true,"href":"https:\/\/mecatek.eu\/en\/wp-json\/wp\/v2\/product_brand?post=1124"},{"taxonomy":"product_cat","embeddable":true,"href":"https:\/\/mecatek.eu\/en\/wp-json\/wp\/v2\/product_cat?post=1124"},{"taxonomy":"product_tag","embeddable":true,"href":"https:\/\/mecatek.eu\/en\/wp-json\/wp\/v2\/product_tag?post=1124"}],"curies":[{"name":"wp","href":"https:\/\/api.w.org\/{rel}","templated":true}]}}