{"id":1046,"date":"2025-11-08T17:37:52","date_gmt":"2025-11-08T16:37:52","guid":{"rendered":"https:\/\/mecatek.eu\/?post_type=product&#038;p=1046"},"modified":"2026-01-22T18:17:36","modified_gmt":"2026-01-22T17:17:36","slug":"compact-line-motorbike-carrier-for-motorhomes","status":"publish","type":"product","link":"https:\/\/mecatek.eu\/en\/product\/compact-line-motorbike-carrier-for-motorhomes\/","title":{"rendered":"Compact-Line motorhome bike and motorbike carrier"},"content":{"rendered":"<div data-elementor-type=\"product-post\" data-elementor-id=\"1046\" class=\"elementor elementor-1046\" data-elementor-post-type=\"product\">\n\t\t\t\t<div class=\"elementor-element elementor-element-19baa3d7 e-flex e-con-boxed e-con e-parent\" data-id=\"19baa3d7\" data-element_type=\"container\" data-e-type=\"container\">\n\t\t\t\t\t<div class=\"e-con-inner\">\n\t\t<div class=\"elementor-element elementor-element-f3877cb e-con-full e-flex e-con e-child\" data-id=\"f3877cb\" data-element_type=\"container\" data-e-type=\"container\">\n\t\t<div class=\"elementor-element elementor-element-6b1c5bc e-con-full e-flex e-con e-child\" data-id=\"6b1c5bc\" data-element_type=\"container\" data-e-type=\"container\">\n\t\t\t\t<div class=\"elementor-element elementor-element-614d9df elementor-widget elementor-widget-text-editor\" data-id=\"614d9df\" data-element_type=\"widget\" data-e-type=\"widget\" data-widget_type=\"text-editor.default\">\n\t\t\t\t\t\t\t\t\t<h2>Motorbike and bicycle racks <span style=\"color: #0079b3;\">Compact-Line<\/span><\/h2>\t\t\t\t\t\t\t\t<\/div>\n\t\t\t\t<div class=\"elementor-element elementor-element-5bf78ea elementor-widget elementor-widget-text-editor\" data-id=\"5bf78ea\" data-element_type=\"widget\" data-e-type=\"widget\" data-widget_type=\"text-editor.default\">\n\t\t\t\t\t\t\t\t\t<h3>The advantages of the Compact-Line bike rack<\/h3><p>The Compact-Line bike and motorbike carrier is the perfect response to market demand, combining a number of major advantages:<\/p><p><strong>Compact :<\/strong> When the product is not being used to transport scooters or bicycles, it folds away to save space. If necessary, it can - like the rest of the range - be dismantled without tools.<\/p><p><strong>Robust :<\/strong> 130kg payload to meet 95% of the market's needs (depending on the motorhome's characteristics)<\/p><p><strong>Lightweight :<\/strong> the Compact-Line weighs just 38 kg empty (excluding brackets)<\/p><p><strong>Practical information :<\/strong> can be folded up and dismantled without tools<\/p>\t\t\t\t\t\t\t\t<\/div>\n\t\t\t\t<\/div>\n\t\t<div class=\"elementor-element elementor-element-7be3cc2 e-con-full e-flex e-con e-child\" data-id=\"7be3cc2\" data-element_type=\"container\" data-e-type=\"container\" data-settings=\"{&quot;background_background&quot;:&quot;classic&quot;}\">\n\t\t\t\t<div class=\"elementor-element elementor-element-cd2a7ed elementor-widget elementor-widget-image\" data-id=\"cd2a7ed\" data-element_type=\"widget\" data-e-type=\"widget\" data-widget_type=\"image.default\">\n\t\t\t\t\t\t\t\t\t\t\t\t\t\t\t<img fetchpriority=\"high\" decoding=\"async\" width=\"400\" height=\"200\" src=\"https:\/\/mecatek.eu\/wp-content\/uploads\/2025\/12\/Logo-Marque-MCK.png\" class=\"attachment-full size-full wp-image-983\" alt=\"MCK logo\" \/>\t\t\t\t\t\t\t\t\t\t\t\t\t\t\t<\/div>\n\t\t\t\t<div class=\"elementor-element elementor-element-62705fa elementor-widget elementor-widget-text-editor\" data-id=\"62705fa\" data-element_type=\"widget\" data-e-type=\"widget\" data-widget_type=\"text-editor.default\">\n\t\t\t\t\t\t\t\t\t<p><strong>Technical data :<\/strong><br \/>Empty weight: 38 Kg<br \/>Payload: 130 kg<br \/>Length: 2000 mm<\/p><p><strong>Available in several versions:<\/strong><\/p><ul><li>1 motorbike<\/li><li>1 motorbike and 1 bicycle<\/li><li>1 motorbike and 2 bicycles<\/li><li>2 bicycles<\/li><li>3 bicycles<\/li><li>4 bicycles<\/li><li>5 bicycles<\/li><\/ul>\t\t\t\t\t\t\t\t<\/div>\n\t\t\t\t<\/div>\n\t\t\t\t<\/div>\n\t\t\t\t\t<\/div>\n\t\t\t\t<\/div>\n\t\t\t\t<\/div>","protected":false},"excerpt":{"rendered":"<p>Mecatek is proud to present the champion of its range of bike and motorbike carriers for motorhomes: The <strong>Compact-Line<\/strong><br \/>\nThis bike\/motorcycle carrier has been specially designed for the leisure vehicle market, with an awareness of the constraints associated with this sector. The Compact-Line can carry up to 130kg and can also be folded to save space.<\/p>","protected":false},"featured_media":1047,"comment_status":"closed","ping_status":"closed","template":"","meta":[],"product_brand":[63],"product_cat":[30,31],"product_tag":[],"class_list":{"0":"post-1046","1":"product","2":"type-product","3":"status-publish","4":"has-post-thumbnail","6":"product_brand-mck","7":"product_cat-porte-velos-camping-car","8":"product_cat-porte-motos-camping-car","10":"first","11":"instock","12":"shipping-taxable","13":"product-type-simple"},"yoast_head":"<!-- This site is optimized with the Yoast SEO plugin v26.9 - https:\/\/yoast.com\/product\/yoast-seo-wordpress\/ -->\n<title>Porte-v\u00e9los et moto pour camping-car Compact-Line - Mecatek (ex-Sawiko France)<\/title>\n<meta name=\"description\" content=\"Compact-Line : Le porte moto pour camping-car Compact-Line de Mecatek permet de transporter une moto et jusqu&#039;\u00e0 5 v\u00e9los \u00e0 l&#039;arri\u00e8re de son v\u00e9hicule.\" \/>\n<meta name=\"robots\" content=\"index, follow, max-snippet:-1, max-image-preview:large, max-video-preview:-1\" \/>\n<link rel=\"canonical\" href=\"https:\/\/mecatek.eu\/en\/product\/compact-line-motorbike-carrier-for-motorhomes\/\" \/>\n<meta property=\"og:locale\" content=\"en_GB\" \/>\n<meta property=\"og:type\" content=\"article\" \/>\n<meta property=\"og:title\" content=\"Porte-v\u00e9los et moto pour camping-car Compact-Line - Mecatek (ex-Sawiko France)\" \/>\n<meta property=\"og:description\" content=\"Compact-Line : Le porte moto pour camping-car Compact-Line de Mecatek permet de transporter une moto et jusqu&#039;\u00e0 5 v\u00e9los \u00e0 l&#039;arri\u00e8re de son v\u00e9hicule.\" \/>\n<meta property=\"og:url\" content=\"https:\/\/mecatek.eu\/en\/product\/compact-line-motorbike-carrier-for-motorhomes\/\" \/>\n<meta property=\"og:site_name\" content=\"Mecatek (ex-Sawiko France)\" \/>\n<meta property=\"article:modified_time\" content=\"2026-01-22T17:17:36+00:00\" \/>\n<meta property=\"og:image\" content=\"http:\/\/mecatek.eu\/wp-content\/uploads\/2025\/12\/Compact-Line-1moto-2-velos.png\" \/>\n\t<meta property=\"og:image:width\" content=\"800\" \/>\n\t<meta property=\"og:image:height\" content=\"800\" \/>\n\t<meta property=\"og:image:type\" content=\"image\/png\" \/>\n<meta name=\"twitter:card\" content=\"summary_large_image\" \/>\n<meta name=\"twitter:label1\" content=\"Estimated reading time\" \/>\n\t<meta name=\"twitter:data1\" content=\"2 minutes\" \/>\n<script type=\"application\/ld+json\" class=\"yoast-schema-graph\">{\"@context\":\"https:\/\/schema.org\",\"@graph\":[{\"@type\":\"WebPage\",\"@id\":\"https:\/\/mecatek.eu\/produit\/porte-velos-moto-pour-camping-car-compact-line\/\",\"url\":\"https:\/\/mecatek.eu\/produit\/porte-velos-moto-pour-camping-car-compact-line\/\",\"name\":\"Porte-v\u00e9los et moto pour camping-car Compact-Line - Mecatek (ex-Sawiko France)\",\"isPartOf\":{\"@id\":\"https:\/\/mecatek.eu\/#website\"},\"primaryImageOfPage\":{\"@id\":\"https:\/\/mecatek.eu\/produit\/porte-velos-moto-pour-camping-car-compact-line\/#primaryimage\"},\"image\":{\"@id\":\"https:\/\/mecatek.eu\/produit\/porte-velos-moto-pour-camping-car-compact-line\/#primaryimage\"},\"thumbnailUrl\":\"https:\/\/mecatek.eu\/wp-content\/uploads\/2025\/12\/Compact-Line-1moto-2-velos.png\",\"datePublished\":\"2025-11-08T16:37:52+00:00\",\"dateModified\":\"2026-01-22T17:17:36+00:00\",\"description\":\"Compact-Line : Le porte moto pour camping-car Compact-Line de Mecatek permet de transporter une moto et jusqu'\u00e0 5 v\u00e9los \u00e0 l'arri\u00e8re de son v\u00e9hicule.\",\"breadcrumb\":{\"@id\":\"https:\/\/mecatek.eu\/produit\/porte-velos-moto-pour-camping-car-compact-line\/#breadcrumb\"},\"inLanguage\":\"en-GB\",\"potentialAction\":[{\"@type\":\"ReadAction\",\"target\":[\"https:\/\/mecatek.eu\/produit\/porte-velos-moto-pour-camping-car-compact-line\/\"]}]},{\"@type\":\"ImageObject\",\"inLanguage\":\"en-GB\",\"@id\":\"https:\/\/mecatek.eu\/produit\/porte-velos-moto-pour-camping-car-compact-line\/#primaryimage\",\"url\":\"https:\/\/mecatek.eu\/wp-content\/uploads\/2025\/12\/Compact-Line-1moto-2-velos.png\",\"contentUrl\":\"https:\/\/mecatek.eu\/wp-content\/uploads\/2025\/12\/Compact-Line-1moto-2-velos.png\",\"width\":800,\"height\":800,\"caption\":\"Porte-moto et v\u00e9los Compact-line\"},{\"@type\":\"BreadcrumbList\",\"@id\":\"https:\/\/mecatek.eu\/produit\/porte-velos-moto-pour-camping-car-compact-line\/#breadcrumb\",\"itemListElement\":[{\"@type\":\"ListItem\",\"position\":1,\"name\":\"Accueil\",\"item\":\"https:\/\/mecatek.eu\/\"},{\"@type\":\"ListItem\",\"position\":2,\"name\":\"Catalogue\",\"item\":\"https:\/\/mecatek.eu\/catalogue\/\"},{\"@type\":\"ListItem\",\"position\":3,\"name\":\"Porte-v\u00e9los et moto pour camping-car Compact-Line\"}]},{\"@type\":\"WebSite\",\"@id\":\"https:\/\/mecatek.eu\/#website\",\"url\":\"https:\/\/mecatek.eu\/\",\"name\":\"Mecatek (ex-Sawiko France)\",\"description\":\"Fabricant d&#039;attelages pour camping-car et fourgon - Mecatek\",\"publisher\":{\"@id\":\"https:\/\/mecatek.eu\/#organization\"},\"potentialAction\":[{\"@type\":\"SearchAction\",\"target\":{\"@type\":\"EntryPoint\",\"urlTemplate\":\"https:\/\/mecatek.eu\/?s={search_term_string}\"},\"query-input\":{\"@type\":\"PropertyValueSpecification\",\"valueRequired\":true,\"valueName\":\"search_term_string\"}}],\"inLanguage\":\"en-GB\"},{\"@type\":\"Organization\",\"@id\":\"https:\/\/mecatek.eu\/#organization\",\"name\":\"Mecatek (ex-Sawiko France)\",\"url\":\"https:\/\/mecatek.eu\/\",\"logo\":{\"@type\":\"ImageObject\",\"inLanguage\":\"en-GB\",\"@id\":\"https:\/\/mecatek.eu\/#\/schema\/logo\/image\/\",\"url\":\"http:\/\/mecatek.eu\/wp-content\/uploads\/2026\/01\/Logo-Mecatek-Solutions-techniques-2025-300px.png\",\"contentUrl\":\"http:\/\/mecatek.eu\/wp-content\/uploads\/2026\/01\/Logo-Mecatek-Solutions-techniques-2025-300px.png\",\"width\":400,\"height\":94,\"caption\":\"Mecatek (ex-Sawiko France)\"},\"image\":{\"@id\":\"https:\/\/mecatek.eu\/#\/schema\/logo\/image\/\"}}]}<\/script>\n<!-- \/ Yoast SEO plugin. -->","yoast_head_json":{"title":"Compact-Line motorhome bike and motorbike carrier - Mecatek (ex-Sawiko France)","description":"Compact-Line: Mecatek's Compact-Line motorbike carrier for motorhomes allows you to transport a motorbike and up to 5 bicycles in the back of your vehicle.","robots":{"index":"index","follow":"follow","max-snippet":"max-snippet:-1","max-image-preview":"max-image-preview:large","max-video-preview":"max-video-preview:-1"},"canonical":"https:\/\/mecatek.eu\/en\/product\/compact-line-motorbike-carrier-for-motorhomes\/","og_locale":"en_GB","og_type":"article","og_title":"Porte-v\u00e9los et moto pour camping-car Compact-Line - Mecatek (ex-Sawiko France)","og_description":"Compact-Line : Le porte moto pour camping-car Compact-Line de Mecatek permet de transporter une moto et jusqu'\u00e0 5 v\u00e9los \u00e0 l'arri\u00e8re de son v\u00e9hicule.","og_url":"https:\/\/mecatek.eu\/en\/product\/compact-line-motorbike-carrier-for-motorhomes\/","og_site_name":"Mecatek (ex-Sawiko France)","article_modified_time":"2026-01-22T17:17:36+00:00","og_image":[{"width":800,"height":800,"url":"http:\/\/mecatek.eu\/wp-content\/uploads\/2025\/12\/Compact-Line-1moto-2-velos.png","type":"image\/png"}],"twitter_card":"summary_large_image","twitter_misc":{"Estimated reading time":"2 minutes"},"schema":{"@context":"https:\/\/schema.org","@graph":[{"@type":"WebPage","@id":"https:\/\/mecatek.eu\/produit\/porte-velos-moto-pour-camping-car-compact-line\/","url":"https:\/\/mecatek.eu\/produit\/porte-velos-moto-pour-camping-car-compact-line\/","name":"Compact-Line motorhome bike and motorbike carrier - Mecatek (ex-Sawiko France)","isPartOf":{"@id":"https:\/\/mecatek.eu\/#website"},"primaryImageOfPage":{"@id":"https:\/\/mecatek.eu\/produit\/porte-velos-moto-pour-camping-car-compact-line\/#primaryimage"},"image":{"@id":"https:\/\/mecatek.eu\/produit\/porte-velos-moto-pour-camping-car-compact-line\/#primaryimage"},"thumbnailUrl":"https:\/\/mecatek.eu\/wp-content\/uploads\/2025\/12\/Compact-Line-1moto-2-velos.png","datePublished":"2025-11-08T16:37:52+00:00","dateModified":"2026-01-22T17:17:36+00:00","description":"Compact-Line: Mecatek's Compact-Line motorbike carrier for motorhomes allows you to transport a motorbike and up to 5 bicycles in the back of your vehicle.","breadcrumb":{"@id":"https:\/\/mecatek.eu\/produit\/porte-velos-moto-pour-camping-car-compact-line\/#breadcrumb"},"inLanguage":"en-GB","potentialAction":[{"@type":"ReadAction","target":["https:\/\/mecatek.eu\/produit\/porte-velos-moto-pour-camping-car-compact-line\/"]}]},{"@type":"ImageObject","inLanguage":"en-GB","@id":"https:\/\/mecatek.eu\/produit\/porte-velos-moto-pour-camping-car-compact-line\/#primaryimage","url":"https:\/\/mecatek.eu\/wp-content\/uploads\/2025\/12\/Compact-Line-1moto-2-velos.png","contentUrl":"https:\/\/mecatek.eu\/wp-content\/uploads\/2025\/12\/Compact-Line-1moto-2-velos.png","width":800,"height":800,"caption":"Porte-moto et v\u00e9los Compact-line"},{"@type":"BreadcrumbList","@id":"https:\/\/mecatek.eu\/produit\/porte-velos-moto-pour-camping-car-compact-line\/#breadcrumb","itemListElement":[{"@type":"ListItem","position":1,"name":"Accueil","item":"https:\/\/mecatek.eu\/"},{"@type":"ListItem","position":2,"name":"Catalogue","item":"https:\/\/mecatek.eu\/catalogue\/"},{"@type":"ListItem","position":3,"name":"Porte-v\u00e9los et moto pour camping-car Compact-Line"}]},{"@type":"WebSite","@id":"https:\/\/mecatek.eu\/#website","url":"https:\/\/mecatek.eu\/","name":"Mecatek (formerly Sawiko France)","description":"Manufacturer of towbars for motorhomes and vans - Mecatek","publisher":{"@id":"https:\/\/mecatek.eu\/#organization"},"potentialAction":[{"@type":"SearchAction","target":{"@type":"EntryPoint","urlTemplate":"https:\/\/mecatek.eu\/?s={search_term_string}"},"query-input":{"@type":"PropertyValueSpecification","valueRequired":true,"valueName":"search_term_string"}}],"inLanguage":"en-GB"},{"@type":"Organization","@id":"https:\/\/mecatek.eu\/#organization","name":"Mecatek (formerly Sawiko France)","url":"https:\/\/mecatek.eu\/","logo":{"@type":"ImageObject","inLanguage":"en-GB","@id":"https:\/\/mecatek.eu\/#\/schema\/logo\/image\/","url":"http:\/\/mecatek.eu\/wp-content\/uploads\/2026\/01\/Logo-Mecatek-Solutions-techniques-2025-300px.png","contentUrl":"http:\/\/mecatek.eu\/wp-content\/uploads\/2026\/01\/Logo-Mecatek-Solutions-techniques-2025-300px.png","width":400,"height":94,"caption":"Mecatek (ex-Sawiko France)"},"image":{"@id":"https:\/\/mecatek.eu\/#\/schema\/logo\/image\/"}}]}},"_links":{"self":[{"href":"https:\/\/mecatek.eu\/en\/wp-json\/wp\/v2\/product\/1046","targetHints":{"allow":["GET"]}}],"collection":[{"href":"https:\/\/mecatek.eu\/en\/wp-json\/wp\/v2\/product"}],"about":[{"href":"https:\/\/mecatek.eu\/en\/wp-json\/wp\/v2\/types\/product"}],"replies":[{"embeddable":true,"href":"https:\/\/mecatek.eu\/en\/wp-json\/wp\/v2\/comments?post=1046"}],"version-history":[{"count":12,"href":"https:\/\/mecatek.eu\/en\/wp-json\/wp\/v2\/product\/1046\/revisions"}],"predecessor-version":[{"id":1091,"href":"https:\/\/mecatek.eu\/en\/wp-json\/wp\/v2\/product\/1046\/revisions\/1091"}],"wp:featuredmedia":[{"embeddable":true,"href":"https:\/\/mecatek.eu\/en\/wp-json\/wp\/v2\/media\/1047"}],"wp:attachment":[{"href":"https:\/\/mecatek.eu\/en\/wp-json\/wp\/v2\/media?parent=1046"}],"wp:term":[{"taxonomy":"product_brand","embeddable":true,"href":"https:\/\/mecatek.eu\/en\/wp-json\/wp\/v2\/product_brand?post=1046"},{"taxonomy":"product_cat","embeddable":true,"href":"https:\/\/mecatek.eu\/en\/wp-json\/wp\/v2\/product_cat?post=1046"},{"taxonomy":"product_tag","embeddable":true,"href":"https:\/\/mecatek.eu\/en\/wp-json\/wp\/v2\/product_tag?post=1046"}],"curies":[{"name":"wp","href":"https:\/\/api.w.org\/{rel}","templated":true}]}}