{"id":3,"date":"2025-10-21T17:19:08","date_gmt":"2025-10-21T15:19:08","guid":{"rendered":"http:\/\/mecatek.eu\/?page_id=3"},"modified":"2026-02-12T15:56:49","modified_gmt":"2026-02-12T14:56:49","slug":"privacy-policy","status":"publish","type":"page","link":"https:\/\/mecatek.eu\/en\/privacy-policy\/","title":{"rendered":"Privacy policy"},"content":{"rendered":"<h1 class=\"wp-block-heading\">Privacy policy<\/h1>\n\n\n\n<h2 class=\"wp-block-heading\">Who are we?<\/h2>\n\n\n\n<p>Our website address is: https:\/\/mecatek.eu\/<\/p>\n\n\n\n<p>This website is managed by :<\/p>\n\n\n\n<p>MECATEK SAS<br>4B rue du commerce,<br>67920 Sundhouse<br>France<br>E-mail: contact@mecatek.eu<br>Telephone: 03 90 56 42 12<\/p>\n\n\n\n<h2 class=\"wp-block-heading\">Use of personal data collected<\/h2>\n\n\n\n<h3 class=\"wp-block-heading\">Contact forms<\/h3>\n\n\n\n<p>The data collected on the contact form on the \u00abRequest a quote\u00bb page is used solely to provide you with information about our products and services. We may contact you via the e-mail address, telephone number or postal address you have provided. We may also send you an electronic newsletter to promote our services and\/or current offers.<\/p>\n\n\n\n<h3 class=\"wp-block-heading\">Quote request forms<\/h3>\n\n\n\n<p>The data collected on the quotation request form on the \u00abRequest a quotation\u00bb page is used solely to prepare a quotation based on the information you have provided. We may contact you via the e-mail address, telephone number or postal address you have provided.<\/p>\n\n\n\n<h3 class=\"wp-block-heading\">Cookies<\/h3>\n\n\n\n<p>When you access our website, you will be asked to agree to a certain number of cookies being stored on your computer. These enable us to provide you with a more comfortable browsing experience and to collect browsing statistics. This data enables us to establish global and non-personal trends in the way visitors use our website (time spent on the site, number of pages visited, source of traffic, etc.). Cookies are kept for 3 months. At the end of this period, the cookie will be automatically deleted and you will be asked to validate or not the creation of a new cookie when you access the mecatek.eu website.<\/p>\n\n\n\n<h3 class=\"wp-block-heading\">Embedded content from other sites<\/h3>\n\n\n\n<p>Articles on this site may include embedded content (e.g. videos, images, articles, etc.). Embedded content from other sites behaves in the same way as if the visitor were visiting that other site.<\/p>\n\n\n\n<p>These websites may collect data about you, use cookies, embed third-party tracking tools and track your interactions with this embedded content if you have an account connected to their website.<\/p>\n\n\n\n<h3 class=\"wp-block-heading\">Storage periods for your data<\/h3>\n\n\n\n<p>For users who register on our site (where possible), we also store the personal data indicated in their profile. All users can view, modify or delete their personal information at any time (with the exception of their user name). Site managers can also view and modify this information.<\/p>\n\n\n\n<h3 class=\"wp-block-heading\">The rights you have over your data<\/h3>\n\n\n\n<p>You may ask to receive a file containing all the personal data we hold about you, including that which you have provided to us. You may also request the deletion of your personal data. This does not include data stored for administrative, legal or security purposes.<\/p>\n\n\n\n<h3 class=\"wp-block-heading\">Transmission of your personal data<\/h3>\n\n\n\n<p>Under no circumstances will personal data be passed on to a third party. However, we may use the services of a subcontractor, in compliance with the RGPD, to process this data on our own behalf.<\/p>\n\n\n\n<h2 class=\"wp-block-heading\">Contact information<\/h2>\n\n\n\n<p>MECATEK SAS<br>4B rue du commerce,<br>67920 Sundhouse<br>France<br>E-mail: contact@mecatek.eu<br>Telephone: 03 90 56 42 12<br>Publication manager: Mr Fran\u00e7ois GABILLAULT<\/p>\n\n\n\n<h2 class=\"wp-block-heading\">Further information<\/h2>\n\n\n\n<h3 class=\"wp-block-heading\">How we protect your data<\/h3>\n\n\n\n<p>Personal data is stored on our internal server and on the external server hosting the website. Access is restricted to authorised users who are in possession of a secure login and password.<\/p>\n\n\n\n<h3 class=\"wp-block-heading\">Third-party services that send us data<\/h3>\n\n\n\n<p>We ensure that the data transmitted by a subcontractor complies with the RGPD.<\/p>","protected":false},"excerpt":{"rendered":"<p>Politique de confidentialit\u00e9 Qui sommes-nous ? L\u2019adresse de notre site Web est : https:\/\/mecatek.eu\/ Ce site Internet est g\u00e9r\u00e9 par : MECATEK SAS4B rue du commerce,67920 SundhouseFranceE-mail :&nbsp;contact@mecatek.euT\u00e9l\u00e9phone :&nbsp;03 90 56 42 12 Utilisation des donn\u00e9es personnelles collect\u00e9es Formulaires de contact Les donn\u00e9es recueillies sur le formulaire de contact \u00e0 votre disposition dans la page [&hellip;]<\/p>","protected":false},"author":1,"featured_media":0,"parent":0,"menu_order":0,"comment_status":"closed","ping_status":"closed","template":"","meta":{"footnotes":""},"class_list":["post-3","page","type-page","status-publish","hentry"],"blocksy_meta":[],"yoast_head":"<!-- This site is optimized with the Yoast SEO plugin v26.9 - https:\/\/yoast.com\/product\/yoast-seo-wordpress\/ -->\n<title>Politique de confidentialit\u00e9 - Mecatek (ex-Sawiko France)<\/title>\n<meta name=\"description\" content=\"D\u00e9couvrez la politique de confidentialit\u00e9 de Mecatek pour la protection de vos donn\u00e9es personnelles et votre droit d&#039;acc\u00e8s et de suppression des informations vous concernant dans la base de donn\u00e9es du site.\" \/>\n<meta name=\"robots\" content=\"index, follow, max-snippet:-1, max-image-preview:large, max-video-preview:-1\" \/>\n<link rel=\"canonical\" href=\"https:\/\/mecatek.eu\/en\/privacy-policy\/\" \/>\n<meta property=\"og:locale\" content=\"en_GB\" \/>\n<meta property=\"og:type\" content=\"article\" \/>\n<meta property=\"og:title\" content=\"Politique de confidentialit\u00e9 - Mecatek (ex-Sawiko France)\" \/>\n<meta property=\"og:description\" content=\"D\u00e9couvrez la politique de confidentialit\u00e9 de Mecatek pour la protection de vos donn\u00e9es personnelles et votre droit d&#039;acc\u00e8s et de suppression des informations vous concernant dans la base de donn\u00e9es du site.\" \/>\n<meta property=\"og:url\" content=\"https:\/\/mecatek.eu\/en\/privacy-policy\/\" \/>\n<meta property=\"og:site_name\" content=\"Mecatek (ex-Sawiko France)\" \/>\n<meta property=\"article:modified_time\" content=\"2026-02-12T14:56:49+00:00\" \/>\n<meta property=\"og:image\" content=\"https:\/\/mecatek.eu\/wp-content\/uploads\/2026\/01\/Logo-Mecatek-Solutions-techniques-2025-300px.png\" \/>\n\t<meta property=\"og:image:width\" content=\"400\" \/>\n\t<meta property=\"og:image:height\" content=\"94\" \/>\n\t<meta property=\"og:image:type\" content=\"image\/png\" \/>\n<meta name=\"twitter:card\" content=\"summary_large_image\" \/>\n<meta name=\"twitter:label1\" content=\"Estimated reading time\" \/>\n\t<meta name=\"twitter:data1\" content=\"4 minutes\" \/>\n<script type=\"application\/ld+json\" class=\"yoast-schema-graph\">{\"@context\":\"https:\/\/schema.org\",\"@graph\":[{\"@type\":\"WebPage\",\"@id\":\"https:\/\/mecatek.eu\/politique-de-confidentialite\/\",\"url\":\"https:\/\/mecatek.eu\/politique-de-confidentialite\/\",\"name\":\"Politique de confidentialit\u00e9 - Mecatek (ex-Sawiko France)\",\"isPartOf\":{\"@id\":\"https:\/\/mecatek.eu\/#website\"},\"datePublished\":\"2025-10-21T15:19:08+00:00\",\"dateModified\":\"2026-02-12T14:56:49+00:00\",\"description\":\"D\u00e9couvrez la politique de confidentialit\u00e9 de Mecatek pour la protection de vos donn\u00e9es personnelles et votre droit d'acc\u00e8s et de suppression des informations vous concernant dans la base de donn\u00e9es du site.\",\"breadcrumb\":{\"@id\":\"https:\/\/mecatek.eu\/politique-de-confidentialite\/#breadcrumb\"},\"inLanguage\":\"en-GB\",\"potentialAction\":[{\"@type\":\"ReadAction\",\"target\":[\"https:\/\/mecatek.eu\/politique-de-confidentialite\/\"]}]},{\"@type\":\"BreadcrumbList\",\"@id\":\"https:\/\/mecatek.eu\/politique-de-confidentialite\/#breadcrumb\",\"itemListElement\":[{\"@type\":\"ListItem\",\"position\":1,\"name\":\"Accueil\",\"item\":\"https:\/\/mecatek.eu\/\"},{\"@type\":\"ListItem\",\"position\":2,\"name\":\"Politique de confidentialit\u00e9\"}]},{\"@type\":\"WebSite\",\"@id\":\"https:\/\/mecatek.eu\/#website\",\"url\":\"https:\/\/mecatek.eu\/\",\"name\":\"Mecatek (ex-Sawiko France)\",\"description\":\"Fabricant d&#039;attelages pour camping-car et fourgon - Mecatek\",\"publisher\":{\"@id\":\"https:\/\/mecatek.eu\/#organization\"},\"potentialAction\":[{\"@type\":\"SearchAction\",\"target\":{\"@type\":\"EntryPoint\",\"urlTemplate\":\"https:\/\/mecatek.eu\/?s={search_term_string}\"},\"query-input\":{\"@type\":\"PropertyValueSpecification\",\"valueRequired\":true,\"valueName\":\"search_term_string\"}}],\"inLanguage\":\"en-GB\"},{\"@type\":\"Organization\",\"@id\":\"https:\/\/mecatek.eu\/#organization\",\"name\":\"Mecatek (ex-Sawiko France)\",\"url\":\"https:\/\/mecatek.eu\/\",\"logo\":{\"@type\":\"ImageObject\",\"inLanguage\":\"en-GB\",\"@id\":\"https:\/\/mecatek.eu\/#\/schema\/logo\/image\/\",\"url\":\"http:\/\/mecatek.eu\/wp-content\/uploads\/2026\/01\/Logo-Mecatek-Solutions-techniques-2025-300px.png\",\"contentUrl\":\"http:\/\/mecatek.eu\/wp-content\/uploads\/2026\/01\/Logo-Mecatek-Solutions-techniques-2025-300px.png\",\"width\":400,\"height\":94,\"caption\":\"Mecatek (ex-Sawiko France)\"},\"image\":{\"@id\":\"https:\/\/mecatek.eu\/#\/schema\/logo\/image\/\"}}]}<\/script>\n<!-- \/ Yoast SEO plugin. -->","yoast_head_json":{"title":"Privacy policy - Mecatek (ex-Sawiko France)","description":"Find out about Mecatek's confidentiality policy for the protection of your personal data and your right to access and delete information concerning you in the site's database.","robots":{"index":"index","follow":"follow","max-snippet":"max-snippet:-1","max-image-preview":"max-image-preview:large","max-video-preview":"max-video-preview:-1"},"canonical":"https:\/\/mecatek.eu\/en\/privacy-policy\/","og_locale":"en_GB","og_type":"article","og_title":"Politique de confidentialit\u00e9 - Mecatek (ex-Sawiko France)","og_description":"D\u00e9couvrez la politique de confidentialit\u00e9 de Mecatek pour la protection de vos donn\u00e9es personnelles et votre droit d'acc\u00e8s et de suppression des informations vous concernant dans la base de donn\u00e9es du site.","og_url":"https:\/\/mecatek.eu\/en\/privacy-policy\/","og_site_name":"Mecatek (ex-Sawiko France)","article_modified_time":"2026-02-12T14:56:49+00:00","og_image":[{"width":400,"height":94,"url":"https:\/\/mecatek.eu\/wp-content\/uploads\/2026\/01\/Logo-Mecatek-Solutions-techniques-2025-300px.png","type":"image\/png"}],"twitter_card":"summary_large_image","twitter_misc":{"Estimated reading time":"4 minutes"},"schema":{"@context":"https:\/\/schema.org","@graph":[{"@type":"WebPage","@id":"https:\/\/mecatek.eu\/politique-de-confidentialite\/","url":"https:\/\/mecatek.eu\/politique-de-confidentialite\/","name":"Privacy policy - Mecatek (ex-Sawiko France)","isPartOf":{"@id":"https:\/\/mecatek.eu\/#website"},"datePublished":"2025-10-21T15:19:08+00:00","dateModified":"2026-02-12T14:56:49+00:00","description":"Find out about Mecatek's confidentiality policy for the protection of your personal data and your right to access and delete information concerning you in the site's database.","breadcrumb":{"@id":"https:\/\/mecatek.eu\/politique-de-confidentialite\/#breadcrumb"},"inLanguage":"en-GB","potentialAction":[{"@type":"ReadAction","target":["https:\/\/mecatek.eu\/politique-de-confidentialite\/"]}]},{"@type":"BreadcrumbList","@id":"https:\/\/mecatek.eu\/politique-de-confidentialite\/#breadcrumb","itemListElement":[{"@type":"ListItem","position":1,"name":"Accueil","item":"https:\/\/mecatek.eu\/"},{"@type":"ListItem","position":2,"name":"Politique de confidentialit\u00e9"}]},{"@type":"WebSite","@id":"https:\/\/mecatek.eu\/#website","url":"https:\/\/mecatek.eu\/","name":"Mecatek (formerly Sawiko France)","description":"Manufacturer of towbars for motorhomes and vans - Mecatek","publisher":{"@id":"https:\/\/mecatek.eu\/#organization"},"potentialAction":[{"@type":"SearchAction","target":{"@type":"EntryPoint","urlTemplate":"https:\/\/mecatek.eu\/?s={search_term_string}"},"query-input":{"@type":"PropertyValueSpecification","valueRequired":true,"valueName":"search_term_string"}}],"inLanguage":"en-GB"},{"@type":"Organization","@id":"https:\/\/mecatek.eu\/#organization","name":"Mecatek (formerly Sawiko France)","url":"https:\/\/mecatek.eu\/","logo":{"@type":"ImageObject","inLanguage":"en-GB","@id":"https:\/\/mecatek.eu\/#\/schema\/logo\/image\/","url":"http:\/\/mecatek.eu\/wp-content\/uploads\/2026\/01\/Logo-Mecatek-Solutions-techniques-2025-300px.png","contentUrl":"http:\/\/mecatek.eu\/wp-content\/uploads\/2026\/01\/Logo-Mecatek-Solutions-techniques-2025-300px.png","width":400,"height":94,"caption":"Mecatek (ex-Sawiko France)"},"image":{"@id":"https:\/\/mecatek.eu\/#\/schema\/logo\/image\/"}}]}},"_links":{"self":[{"href":"https:\/\/mecatek.eu\/en\/wp-json\/wp\/v2\/pages\/3","targetHints":{"allow":["GET"]}}],"collection":[{"href":"https:\/\/mecatek.eu\/en\/wp-json\/wp\/v2\/pages"}],"about":[{"href":"https:\/\/mecatek.eu\/en\/wp-json\/wp\/v2\/types\/page"}],"author":[{"embeddable":true,"href":"https:\/\/mecatek.eu\/en\/wp-json\/wp\/v2\/users\/1"}],"replies":[{"embeddable":true,"href":"https:\/\/mecatek.eu\/en\/wp-json\/wp\/v2\/comments?post=3"}],"version-history":[{"count":3,"href":"https:\/\/mecatek.eu\/en\/wp-json\/wp\/v2\/pages\/3\/revisions"}],"predecessor-version":[{"id":2070,"href":"https:\/\/mecatek.eu\/en\/wp-json\/wp\/v2\/pages\/3\/revisions\/2070"}],"wp:attachment":[{"href":"https:\/\/mecatek.eu\/en\/wp-json\/wp\/v2\/media?parent=3"}],"curies":[{"name":"wp","href":"https:\/\/api.w.org\/{rel}","templated":true}]}}