{"id":24,"date":"2025-10-23T15:21:18","date_gmt":"2025-10-23T13:21:18","guid":{"rendered":"https:\/\/mecatek.eu\/?page_id=24"},"modified":"2026-02-12T15:20:29","modified_gmt":"2026-02-12T14:20:29","slug":"legal-information","status":"publish","type":"page","link":"https:\/\/mecatek.eu\/en\/legal-information\/","title":{"rendered":"Legal information"},"content":{"rendered":"<h1 class=\"wp-block-heading\">Legal information<\/h1>\n\n\n\n<p><strong>Company name :<\/strong>\u00a0MECATEK SAS<\/p>\n\n\n\n<p><strong>Registered office:<\/strong><br>4B rue du commerce,<br>67920 Sundhouse<\/p>\n\n\n\n<p><strong>Director of publication :<\/strong>&nbsp;Mr Fran\u00e7ois GABILLAULT<\/p>\n\n\n\n<p><strong>E-mail :<\/strong>\u00a0contact@mecatek.eu<br><strong>Telephone :<\/strong>\u00a003 90 56 42 12<\/p>\n\n\n\n<p><strong>Simplified joint stock company<\/strong><br><strong>RCS :<\/strong>&nbsp;Colmar B 512 000 738<br><strong>SIRET :<\/strong>&nbsp;51200073800033<br><strong>APE code :<\/strong>&nbsp;4531Z - Wholesale of motor vehicle equipment<br><strong>Intracommunity identification :<\/strong>&nbsp;FR48512000738<br><strong>Share capital :<\/strong>&nbsp;5 000 \u20ac<\/p>\n\n\n\n<h2 class=\"wp-block-heading\">Web design :<\/h2>\n\n\n\n<p><strong>PROGEKA<\/strong><br>14 rue des Roses<br>67410 DRSUENHEIM<\/p>\n\n\n\n<p><strong>E-mail :<\/strong>\u00a0info@progeka.fr<br><strong>Site :<\/strong>\u00a0<a href=\"https:\/\/progeka.fr\" target=\"_blank\" rel=\"noreferrer noopener\">www.progeka.fr<\/a><\/p>\n\n\n\n<h2 class=\"wp-block-heading\">Hosted by :<\/h2>\n\n\n\n<p>OVH<br>2 RUE KELLERMANN<br>59100 ROUBAIX<\/p>\n\n\n\n<h2 class=\"wp-block-heading\">Personal data:<\/h2>\n\n\n\n<p>The information collected at the time of a request for contact or an order is the subject of data processing intended to communicate to you the innovations and promotions. It will only be used by Sawiko France.<\/p>\n\n\n\n<p>In accordance with the French Data Protection Act of 6 January 1978, as amended in 2004, and Article 13 of the EU Data Protection Regulation 2016\/679, you have the right to access and rectify any information held about you. You can exercise this right by contacting us at :<\/p>\n\n\n\n<ul class=\"wp-block-list\">\n<li>At the address of the registered office<\/li>\n\n\n\n<li>By e-mail to contact@mecatek.eu<\/li>\n\n\n\n<li>Via the contact page<\/li>\n<\/ul>\n\n\n\n<p>You may also, for legitimate reasons, object to the processing of your data.<\/p>\n\n\n\n<h2 class=\"wp-block-heading\">Use of cookies<\/h2>\n\n\n\n<p>This site uses cookies. A \u00abcookie\u00bb is a piece of information that a website sends to your browser. It helps the site to remember information about you or your preferences to make it easier for you to navigate the site. Cookies also help us to compile statistics on visits to and use of our site. We do not use the information reported by cookies for purposes unrelated to this site.<\/p>\n\n\n\n<p>However, you may prefer to disable cookies on this and other sites. The most effective way is to disable cookies in your browser. We suggest that you consult the Help section of your browser or visit the&nbsp;<a href=\"https:\/\/www.cnil.fr\/fr\/cookies-les-outils-pour-les-maitriser\" target=\"_blank\" rel=\"noreferrer noopener\">CNIL<\/a>&nbsp;which offers advice for all modern browsers.<\/p>\n\n\n\n<h2 class=\"wp-block-heading\">Online dispute resolution :<\/h2>\n\n\n\n<p>The European Commission allows consumers to resolve disputes online on one of its platforms, in accordance with Article 14(1) of the LRA. The platform (<a href=\"https:\/\/ec.europa.eu\/consumers\/odr\/main\/index.cfm\" target=\"_blank\" rel=\"noreferrer noopener\">Online dispute resolution<\/a>) acts as a site where consumers can try to settle out-of-court disputes arising from the purchase of goods or services online.<\/p>\n\n\n\n<p><\/p>","protected":false},"excerpt":{"rendered":"<p>Mentions l\u00e9gales Raison Sociale :\u00a0MECATEK SAS Si\u00e8ge social :4B rue du commerce,67920 Sundhouse Directeur de la publication :&nbsp;M. Fran\u00e7ois GABILLAULT E-mail :\u00a0contact@mecatek.euT\u00e9l\u00e9phone :\u00a003 90 56 42 12 Soci\u00e9t\u00e9 par actions simplifi\u00e9eRCS :&nbsp;Colmar B 512 000 738SIRET :&nbsp;51200073800033Code APE :&nbsp;4531Z &#8211; Commerce de gros d&rsquo;\u00e9quipements automobilesIdentification intracommunautaire :&nbsp;FR48512000738Capital social :&nbsp;5 000 \u20ac Cr\u00e9ation web : PROGEKA14 [&hellip;]<\/p>","protected":false},"author":1,"featured_media":0,"parent":0,"menu_order":0,"comment_status":"closed","ping_status":"closed","template":"","meta":{"footnotes":""},"class_list":["post-24","page","type-page","status-publish","hentry"],"blocksy_meta":[],"yoast_head":"<!-- This site is optimized with the Yoast SEO plugin v26.9 - https:\/\/yoast.com\/product\/yoast-seo-wordpress\/ -->\n<title>Mentions l\u00e9gales - Mecatek (ex-Sawiko France)<\/title>\n<meta name=\"description\" content=\"Mentions l\u00e9gales de la soci\u00e9t\u00e9 MECATEK SAS implant\u00e9e \u00e0 Sundhouse, en Alsace\" \/>\n<meta name=\"robots\" content=\"index, follow, max-snippet:-1, max-image-preview:large, max-video-preview:-1\" \/>\n<link rel=\"canonical\" href=\"https:\/\/mecatek.eu\/en\/legal-information\/\" \/>\n<meta property=\"og:locale\" content=\"en_GB\" \/>\n<meta property=\"og:type\" content=\"article\" \/>\n<meta property=\"og:title\" content=\"Mentions l\u00e9gales - Mecatek (ex-Sawiko France)\" \/>\n<meta property=\"og:description\" content=\"Mentions l\u00e9gales de la soci\u00e9t\u00e9 MECATEK SAS implant\u00e9e \u00e0 Sundhouse, en Alsace\" \/>\n<meta property=\"og:url\" content=\"https:\/\/mecatek.eu\/en\/legal-information\/\" \/>\n<meta property=\"og:site_name\" content=\"Mecatek (ex-Sawiko France)\" \/>\n<meta property=\"article:modified_time\" content=\"2026-02-12T14:20:29+00:00\" \/>\n<meta property=\"og:image\" content=\"https:\/\/mecatek.eu\/wp-content\/uploads\/2026\/01\/Logo-Mecatek-Solutions-techniques-2025-300px.png\" \/>\n\t<meta property=\"og:image:width\" content=\"400\" \/>\n\t<meta property=\"og:image:height\" content=\"94\" \/>\n\t<meta property=\"og:image:type\" content=\"image\/png\" \/>\n<meta name=\"twitter:card\" content=\"summary_large_image\" \/>\n<meta name=\"twitter:label1\" content=\"Estimated reading time\" \/>\n\t<meta name=\"twitter:data1\" content=\"2 minutes\" \/>\n<script type=\"application\/ld+json\" class=\"yoast-schema-graph\">{\"@context\":\"https:\/\/schema.org\",\"@graph\":[{\"@type\":\"WebPage\",\"@id\":\"https:\/\/mecatek.eu\/mentions-legales\/\",\"url\":\"https:\/\/mecatek.eu\/mentions-legales\/\",\"name\":\"Mentions l\u00e9gales - Mecatek (ex-Sawiko France)\",\"isPartOf\":{\"@id\":\"https:\/\/mecatek.eu\/#website\"},\"datePublished\":\"2025-10-23T13:21:18+00:00\",\"dateModified\":\"2026-02-12T14:20:29+00:00\",\"description\":\"Mentions l\u00e9gales de la soci\u00e9t\u00e9 MECATEK SAS implant\u00e9e \u00e0 Sundhouse, en Alsace\",\"breadcrumb\":{\"@id\":\"https:\/\/mecatek.eu\/mentions-legales\/#breadcrumb\"},\"inLanguage\":\"en-GB\",\"potentialAction\":[{\"@type\":\"ReadAction\",\"target\":[\"https:\/\/mecatek.eu\/mentions-legales\/\"]}]},{\"@type\":\"BreadcrumbList\",\"@id\":\"https:\/\/mecatek.eu\/mentions-legales\/#breadcrumb\",\"itemListElement\":[{\"@type\":\"ListItem\",\"position\":1,\"name\":\"Accueil\",\"item\":\"https:\/\/mecatek.eu\/\"},{\"@type\":\"ListItem\",\"position\":2,\"name\":\"Mentions l\u00e9gales\"}]},{\"@type\":\"WebSite\",\"@id\":\"https:\/\/mecatek.eu\/#website\",\"url\":\"https:\/\/mecatek.eu\/\",\"name\":\"Mecatek (ex-Sawiko France)\",\"description\":\"Fabricant d&#039;attelages pour camping-car et fourgon - Mecatek\",\"publisher\":{\"@id\":\"https:\/\/mecatek.eu\/#organization\"},\"potentialAction\":[{\"@type\":\"SearchAction\",\"target\":{\"@type\":\"EntryPoint\",\"urlTemplate\":\"https:\/\/mecatek.eu\/?s={search_term_string}\"},\"query-input\":{\"@type\":\"PropertyValueSpecification\",\"valueRequired\":true,\"valueName\":\"search_term_string\"}}],\"inLanguage\":\"en-GB\"},{\"@type\":\"Organization\",\"@id\":\"https:\/\/mecatek.eu\/#organization\",\"name\":\"Mecatek (ex-Sawiko France)\",\"url\":\"https:\/\/mecatek.eu\/\",\"logo\":{\"@type\":\"ImageObject\",\"inLanguage\":\"en-GB\",\"@id\":\"https:\/\/mecatek.eu\/#\/schema\/logo\/image\/\",\"url\":\"http:\/\/mecatek.eu\/wp-content\/uploads\/2026\/01\/Logo-Mecatek-Solutions-techniques-2025-300px.png\",\"contentUrl\":\"http:\/\/mecatek.eu\/wp-content\/uploads\/2026\/01\/Logo-Mecatek-Solutions-techniques-2025-300px.png\",\"width\":400,\"height\":94,\"caption\":\"Mecatek (ex-Sawiko France)\"},\"image\":{\"@id\":\"https:\/\/mecatek.eu\/#\/schema\/logo\/image\/\"}}]}<\/script>\n<!-- \/ Yoast SEO plugin. -->","yoast_head_json":{"title":"Legal information - Mecatek (ex-Sawiko France)","description":"Legal information about MECATEK SAS, based in Sundhouse, Alsace","robots":{"index":"index","follow":"follow","max-snippet":"max-snippet:-1","max-image-preview":"max-image-preview:large","max-video-preview":"max-video-preview:-1"},"canonical":"https:\/\/mecatek.eu\/en\/legal-information\/","og_locale":"en_GB","og_type":"article","og_title":"Mentions l\u00e9gales - Mecatek (ex-Sawiko France)","og_description":"Mentions l\u00e9gales de la soci\u00e9t\u00e9 MECATEK SAS implant\u00e9e \u00e0 Sundhouse, en Alsace","og_url":"https:\/\/mecatek.eu\/en\/legal-information\/","og_site_name":"Mecatek (ex-Sawiko France)","article_modified_time":"2026-02-12T14:20:29+00:00","og_image":[{"width":400,"height":94,"url":"https:\/\/mecatek.eu\/wp-content\/uploads\/2026\/01\/Logo-Mecatek-Solutions-techniques-2025-300px.png","type":"image\/png"}],"twitter_card":"summary_large_image","twitter_misc":{"Estimated reading time":"2 minutes"},"schema":{"@context":"https:\/\/schema.org","@graph":[{"@type":"WebPage","@id":"https:\/\/mecatek.eu\/mentions-legales\/","url":"https:\/\/mecatek.eu\/mentions-legales\/","name":"Legal information - Mecatek (ex-Sawiko France)","isPartOf":{"@id":"https:\/\/mecatek.eu\/#website"},"datePublished":"2025-10-23T13:21:18+00:00","dateModified":"2026-02-12T14:20:29+00:00","description":"Legal information about MECATEK SAS, based in Sundhouse, Alsace","breadcrumb":{"@id":"https:\/\/mecatek.eu\/mentions-legales\/#breadcrumb"},"inLanguage":"en-GB","potentialAction":[{"@type":"ReadAction","target":["https:\/\/mecatek.eu\/mentions-legales\/"]}]},{"@type":"BreadcrumbList","@id":"https:\/\/mecatek.eu\/mentions-legales\/#breadcrumb","itemListElement":[{"@type":"ListItem","position":1,"name":"Accueil","item":"https:\/\/mecatek.eu\/"},{"@type":"ListItem","position":2,"name":"Mentions l\u00e9gales"}]},{"@type":"WebSite","@id":"https:\/\/mecatek.eu\/#website","url":"https:\/\/mecatek.eu\/","name":"Mecatek (formerly Sawiko France)","description":"Manufacturer of towbars for motorhomes and vans - Mecatek","publisher":{"@id":"https:\/\/mecatek.eu\/#organization"},"potentialAction":[{"@type":"SearchAction","target":{"@type":"EntryPoint","urlTemplate":"https:\/\/mecatek.eu\/?s={search_term_string}"},"query-input":{"@type":"PropertyValueSpecification","valueRequired":true,"valueName":"search_term_string"}}],"inLanguage":"en-GB"},{"@type":"Organization","@id":"https:\/\/mecatek.eu\/#organization","name":"Mecatek (formerly Sawiko France)","url":"https:\/\/mecatek.eu\/","logo":{"@type":"ImageObject","inLanguage":"en-GB","@id":"https:\/\/mecatek.eu\/#\/schema\/logo\/image\/","url":"http:\/\/mecatek.eu\/wp-content\/uploads\/2026\/01\/Logo-Mecatek-Solutions-techniques-2025-300px.png","contentUrl":"http:\/\/mecatek.eu\/wp-content\/uploads\/2026\/01\/Logo-Mecatek-Solutions-techniques-2025-300px.png","width":400,"height":94,"caption":"Mecatek (ex-Sawiko France)"},"image":{"@id":"https:\/\/mecatek.eu\/#\/schema\/logo\/image\/"}}]}},"_links":{"self":[{"href":"https:\/\/mecatek.eu\/en\/wp-json\/wp\/v2\/pages\/24","targetHints":{"allow":["GET"]}}],"collection":[{"href":"https:\/\/mecatek.eu\/en\/wp-json\/wp\/v2\/pages"}],"about":[{"href":"https:\/\/mecatek.eu\/en\/wp-json\/wp\/v2\/types\/page"}],"author":[{"embeddable":true,"href":"https:\/\/mecatek.eu\/en\/wp-json\/wp\/v2\/users\/1"}],"replies":[{"embeddable":true,"href":"https:\/\/mecatek.eu\/en\/wp-json\/wp\/v2\/comments?post=24"}],"version-history":[{"count":3,"href":"https:\/\/mecatek.eu\/en\/wp-json\/wp\/v2\/pages\/24\/revisions"}],"predecessor-version":[{"id":2065,"href":"https:\/\/mecatek.eu\/en\/wp-json\/wp\/v2\/pages\/24\/revisions\/2065"}],"wp:attachment":[{"href":"https:\/\/mecatek.eu\/en\/wp-json\/wp\/v2\/media?parent=24"}],"curies":[{"name":"wp","href":"https:\/\/api.w.org\/{rel}","templated":true}]}}