{"id":18,"date":"2025-10-23T15:20:19","date_gmt":"2025-10-23T13:20:19","guid":{"rendered":"https:\/\/mecatek.eu\/?page_id=18"},"modified":"2026-03-12T14:45:42","modified_gmt":"2026-03-12T13:45:42","slug":"our-partners","status":"publish","type":"page","link":"https:\/\/mecatek.eu\/en\/our-partners\/","title":{"rendered":"Our partners"},"content":{"rendered":"<div data-elementor-type=\"wp-page\" data-elementor-id=\"18\" class=\"elementor elementor-18\" data-elementor-post-type=\"page\">\n\t\t\t\t<div class=\"elementor-element elementor-element-41ea988 e-flex e-con-boxed e-con e-parent\" data-id=\"41ea988\" data-element_type=\"container\" data-e-type=\"container\" data-settings=\"{&quot;background_background&quot;:&quot;classic&quot;}\">\n\t\t\t\t\t<div class=\"e-con-inner\">\n\t\t\t\t<div class=\"elementor-element elementor-element-6b67585 elementor-widget elementor-widget-text-editor\" data-id=\"6b67585\" data-element_type=\"widget\" data-e-type=\"widget\" data-widget_type=\"text-editor.default\">\n\t\t\t\t\t\t\t\t\t<h1>Find our products at our <span style=\"color: #0079b3;\">reseller partners<\/span><\/h1>\t\t\t\t\t\t\t\t<\/div>\n\t\t<div class=\"elementor-element elementor-element-d8156e5 e-con-full e-flex e-con e-child\" data-id=\"d8156e5\" data-element_type=\"container\" data-e-type=\"container\" data-settings=\"{&quot;background_background&quot;:&quot;classic&quot;,&quot;shape_divider_bottom&quot;:&quot;arrow&quot;,&quot;shape_divider_bottom_negative&quot;:&quot;yes&quot;}\">\n\t\t\t\t<div class=\"elementor-shape elementor-shape-bottom\" aria-hidden=\"true\" data-negative=\"true\">\n\t\t\t<svg xmlns=\"http:\/\/www.w3.org\/2000\/svg\" viewbox=\"0 0 700 10\" preserveaspectratio=\"none\">\n\t<path class=\"elementor-shape-fill\" d=\"M360 0L350 9.9 340 0 0 0 0 10 700 10 700 0\"\/>\n<\/svg>\t\t<\/div>\n\t\t\t\t<div class=\"elementor-element elementor-element-8d535d7 elementor-widget elementor-widget-text-editor\" data-id=\"8d535d7\" data-element_type=\"widget\" data-e-type=\"widget\" data-widget_type=\"text-editor.default\">\n\t\t\t\t\t\t\t\t\t<p>You can now find all our products at our <strong>numerous reseller partners throughout France<\/strong>, Mecatek is also present in many European countries. Whether you live in the city or the country, there is always a sales outlet nearby where you can discover the quality and reliability of Mecatek products.<\/p><p>Our ranges are available from the largest motorhome and van distribution networks, as well as from dozens of enthusiastic and specialised independent dealers, who will be able to advise you and guide you towards the solutions best suited to your needs. Wherever you are, Mecatek excellence has never been so close to you!<\/p>\t\t\t\t\t\t\t\t<\/div>\n\t\t\t\t<\/div>\n\t\t\t\t\t<\/div>\n\t\t\t\t<\/div>\n\t\t<div class=\"elementor-element elementor-element-0b93b0f e-flex e-con-boxed e-con e-parent\" data-id=\"0b93b0f\" data-element_type=\"container\" data-e-type=\"container\">\n\t\t\t\t\t<div class=\"e-con-inner\">\n\t\t\t\t<div class=\"elementor-element elementor-element-951eaa7 elementor-widget elementor-widget-heading\" data-id=\"951eaa7\" data-element_type=\"widget\" data-e-type=\"widget\" data-widget_type=\"heading.default\">\n\t\t\t\t\t<h2 class=\"elementor-heading-title elementor-size-default\">Concession networks<\/h2>\t\t\t\t<\/div>\n\t\t\t\t\t<\/div>\n\t\t\t\t<\/div>\n\t\t<div class=\"elementor-element elementor-element-d0bd294 e-flex e-con-boxed e-con e-parent\" data-id=\"d0bd294\" data-element_type=\"container\" data-e-type=\"container\">\n\t\t\t\t\t<div class=\"e-con-inner\">\n\t\t<div class=\"elementor-element elementor-element-4cf4869 e-con-full e-flex e-con e-child\" data-id=\"4cf4869\" data-element_type=\"container\" data-e-type=\"container\">\n\t\t\t\t<div class=\"elementor-element elementor-element-53cd47b elementor-position-top elementor-widget elementor-widget-image-box\" data-id=\"53cd47b\" data-element_type=\"widget\" data-e-type=\"widget\" data-widget_type=\"image-box.default\">\n\t\t\t\t\t<div class=\"elementor-image-box-wrapper\"><figure class=\"elementor-image-box-img\"><a href=\"https:\/\/dg8campingcar.com\/nos-concessions-dg8-camping-car\/\" target=\"_blank\" tabindex=\"-1\"><img fetchpriority=\"high\" decoding=\"async\" width=\"300\" height=\"200\" src=\"https:\/\/mecatek.eu\/wp-content\/uploads\/2026\/03\/logo-dg8.jpg\" class=\"attachment-full size-full wp-image-2820\" alt=\"DG8 logo\" \/><\/a><\/figure><div class=\"elementor-image-box-content\"><h3 class=\"elementor-image-box-title\"><a href=\"https:\/\/dg8campingcar.com\/nos-concessions-dg8-camping-car\/\" target=\"_blank\">DG8 network<\/a><\/h3><p class=\"elementor-image-box-description\">Find a DG8 shop near you<\/p><\/div><\/div>\t\t\t\t<\/div>\n\t\t\t\t<\/div>\n\t\t<div class=\"elementor-element elementor-element-659b2b3 e-con-full e-flex e-con e-child\" data-id=\"659b2b3\" data-element_type=\"container\" data-e-type=\"container\">\n\t\t\t\t<div class=\"elementor-element elementor-element-d1906b8 elementor-position-top elementor-widget elementor-widget-image-box\" data-id=\"d1906b8\" data-element_type=\"widget\" data-e-type=\"widget\" data-widget_type=\"image-box.default\">\n\t\t\t\t\t<div class=\"elementor-image-box-wrapper\"><figure class=\"elementor-image-box-img\"><a href=\"https:\/\/www.hunyvers.com\/concessions\" target=\"_blank\" tabindex=\"-1\"><img decoding=\"async\" width=\"300\" height=\"200\" src=\"https:\/\/mecatek.eu\/wp-content\/uploads\/2026\/03\/logo-hunyvers.jpg\" class=\"attachment-full size-full wp-image-2821\" alt=\"hunyvers logo\" \/><\/a><\/figure><div class=\"elementor-image-box-content\"><h3 class=\"elementor-image-box-title\"><a href=\"https:\/\/www.hunyvers.com\/concessions\" target=\"_blank\">Hunyvers network<\/a><\/h3><p class=\"elementor-image-box-description\">Find a Hunyvers shop near you<\/p><\/div><\/div>\t\t\t\t<\/div>\n\t\t\t\t<\/div>\n\t\t<div class=\"elementor-element elementor-element-0bd9b8a e-con-full e-flex e-con e-child\" data-id=\"0bd9b8a\" data-element_type=\"container\" data-e-type=\"container\">\n\t\t\t\t<div class=\"elementor-element elementor-element-3b21335 elementor-position-top elementor-widget elementor-widget-image-box\" data-id=\"3b21335\" data-element_type=\"widget\" data-e-type=\"widget\" data-widget_type=\"image-box.default\">\n\t\t\t\t\t<div class=\"elementor-image-box-wrapper\"><figure class=\"elementor-image-box-img\"><a href=\"https:\/\/www.idylcar.fr\/reseau\/\" target=\"_blank\" tabindex=\"-1\"><img decoding=\"async\" width=\"300\" height=\"200\" src=\"https:\/\/mecatek.eu\/wp-content\/uploads\/2025\/11\/logo-idylcar.jpg\" class=\"attachment-full size-full wp-image-522\" alt=\"Idylcar logo\" \/><\/a><\/figure><div class=\"elementor-image-box-content\"><h3 class=\"elementor-image-box-title\"><a href=\"https:\/\/www.idylcar.fr\/reseau\/\" target=\"_blank\">Idylcar network<\/a><\/h3><p class=\"elementor-image-box-description\">Find an Idylcar shop near you<\/p><\/div><\/div>\t\t\t\t<\/div>\n\t\t\t\t<\/div>\n\t\t\t\t\t<\/div>\n\t\t\t\t<\/div>\n\t\t<div class=\"elementor-element elementor-element-ad5e639 e-flex e-con-boxed e-con e-parent\" data-id=\"ad5e639\" data-element_type=\"container\" data-e-type=\"container\">\n\t\t\t\t\t<div class=\"e-con-inner\">\n\t\t<div class=\"elementor-element elementor-element-aa49f22 e-con-full e-flex e-con e-child\" data-id=\"aa49f22\" data-element_type=\"container\" data-e-type=\"container\">\n\t\t\t\t<div class=\"elementor-element elementor-element-2f6bd65 elementor-position-top elementor-widget elementor-widget-image-box\" data-id=\"2f6bd65\" data-element_type=\"widget\" data-e-type=\"widget\" data-widget_type=\"image-box.default\">\n\t\t\t\t\t<div class=\"elementor-image-box-wrapper\"><figure class=\"elementor-image-box-img\"><a href=\"https:\/\/jekipe.com\/qui-sommes-nous\/\" target=\"_blank\" tabindex=\"-1\"><img loading=\"lazy\" decoding=\"async\" width=\"300\" height=\"200\" src=\"https:\/\/mecatek.eu\/wp-content\/uploads\/2026\/03\/logo-jekipe.jpg\" class=\"attachment-full size-full wp-image-2822\" alt=\"J\u00e9kipe logo\" \/><\/a><\/figure><div class=\"elementor-image-box-content\"><h3 class=\"elementor-image-box-title\"><a href=\"https:\/\/jekipe.com\/qui-sommes-nous\/\" target=\"_blank\">J\u00e9kipe network<\/a><\/h3><p class=\"elementor-image-box-description\">Find a J\u00e9kipe shop near you<\/p><\/div><\/div>\t\t\t\t<\/div>\n\t\t\t\t<\/div>\n\t\t<div class=\"elementor-element elementor-element-c990fa9 e-con-full e-flex e-con e-child\" data-id=\"c990fa9\" data-element_type=\"container\" data-e-type=\"container\">\n\t\t\t\t<div class=\"elementor-element elementor-element-9700b48 elementor-position-top elementor-widget elementor-widget-image-box\" data-id=\"9700b48\" data-element_type=\"widget\" data-e-type=\"widget\" data-widget_type=\"image-box.default\">\n\t\t\t\t\t<div class=\"elementor-image-box-wrapper\"><figure class=\"elementor-image-box-img\"><a href=\"https:\/\/www.libertium.fr\/concessions\" target=\"_blank\" tabindex=\"-1\"><img loading=\"lazy\" decoding=\"async\" width=\"300\" height=\"200\" src=\"https:\/\/mecatek.eu\/wp-content\/uploads\/2025\/11\/logo-libertium.jpg\" class=\"attachment-full size-full wp-image-523\" alt=\"Libertium logo\" \/><\/a><\/figure><div class=\"elementor-image-box-content\"><h3 class=\"elementor-image-box-title\"><a href=\"https:\/\/www.libertium.fr\/concessions\" target=\"_blank\">Libertium network<\/a><\/h3><p class=\"elementor-image-box-description\">Find a Libertium shop near you<\/p><\/div><\/div>\t\t\t\t<\/div>\n\t\t\t\t<\/div>\n\t\t<div class=\"elementor-element elementor-element-de14809 e-con-full e-flex e-con e-child\" data-id=\"de14809\" data-element_type=\"container\" data-e-type=\"container\">\n\t\t\t\t<div class=\"elementor-element elementor-element-96b30df elementor-position-top elementor-widget elementor-widget-image-box\" data-id=\"96b30df\" data-element_type=\"widget\" data-e-type=\"widget\" data-widget_type=\"image-box.default\">\n\t\t\t\t\t<div class=\"elementor-image-box-wrapper\"><figure class=\"elementor-image-box-img\"><a href=\"https:\/\/www.masters-france.com\/liste-des-concessionnaires\/\" target=\"_blank\" tabindex=\"-1\"><img loading=\"lazy\" decoding=\"async\" width=\"300\" height=\"200\" src=\"https:\/\/mecatek.eu\/wp-content\/uploads\/2025\/11\/logo-reseau-masters.jpg\" class=\"attachment-full size-full wp-image-525\" alt=\"Masters Network logo\" \/><\/a><\/figure><div class=\"elementor-image-box-content\"><h3 class=\"elementor-image-box-title\"><a href=\"https:\/\/www.masters-france.com\/liste-des-concessionnaires\/\" target=\"_blank\">Masters Network<\/a><\/h3><p class=\"elementor-image-box-description\">Find a Masters shop near you<\/p><\/div><\/div>\t\t\t\t<\/div>\n\t\t\t\t<\/div>\n\t\t\t\t\t<\/div>\n\t\t\t\t<\/div>\n\t\t<div class=\"elementor-element elementor-element-4930db0 e-flex e-con-boxed e-con e-parent\" data-id=\"4930db0\" data-element_type=\"container\" data-e-type=\"container\">\n\t\t\t\t\t<div class=\"e-con-inner\">\n\t\t<div class=\"elementor-element elementor-element-8026029 e-con-full e-flex e-con e-child\" data-id=\"8026029\" data-element_type=\"container\" data-e-type=\"container\">\n\t\t\t\t<div class=\"elementor-element elementor-element-4072e48 elementor-position-top elementor-widget elementor-widget-image-box\" data-id=\"4072e48\" data-element_type=\"widget\" data-e-type=\"widget\" data-widget_type=\"image-box.default\">\n\t\t\t\t\t<div class=\"elementor-image-box-wrapper\"><figure class=\"elementor-image-box-img\"><a href=\"https:\/\/www.narbonneaccessoires.fr\/fr-fr\/magasins\/\" target=\"_blank\" tabindex=\"-1\"><img loading=\"lazy\" decoding=\"async\" width=\"300\" height=\"200\" src=\"https:\/\/mecatek.eu\/wp-content\/uploads\/2025\/11\/logo-narbonne-accessoires.jpg\" class=\"attachment-full size-full wp-image-524\" alt=\"Narbonne Accessories logo\" \/><\/a><\/figure><div class=\"elementor-image-box-content\"><h3 class=\"elementor-image-box-title\"><a href=\"https:\/\/www.narbonneaccessoires.fr\/fr-fr\/magasins\/\" target=\"_blank\">Narbonne Accessories network<\/a><\/h3><p class=\"elementor-image-box-description\">Find a Narbonne Accessoires shop near you<\/p><\/div><\/div>\t\t\t\t<\/div>\n\t\t\t\t<\/div>\n\t\t<div class=\"elementor-element elementor-element-ad118c0 e-con-full e-flex e-con e-child\" data-id=\"ad118c0\" data-element_type=\"container\" data-e-type=\"container\">\n\t\t\t\t<div class=\"elementor-element elementor-element-c020bdf elementor-position-top elementor-widget elementor-widget-image-box\" data-id=\"c020bdf\" data-element_type=\"widget\" data-e-type=\"widget\" data-widget_type=\"image-box.default\">\n\t\t\t\t\t<div class=\"elementor-image-box-wrapper\"><figure class=\"elementor-image-box-img\"><a href=\"https:\/\/www.ypocamp.fr\/achat-de-camping-car-et-caravane-trouver-une-concession-ypo-camp\" target=\"_blank\" tabindex=\"-1\"><img loading=\"lazy\" decoding=\"async\" width=\"300\" height=\"200\" src=\"https:\/\/mecatek.eu\/wp-content\/uploads\/2025\/11\/logo-ypocamp.jpg\" class=\"attachment-full size-full wp-image-526\" alt=\"Ypocamp logo\" \/><\/a><\/figure><div class=\"elementor-image-box-content\"><h3 class=\"elementor-image-box-title\"><a href=\"https:\/\/www.ypocamp.fr\/achat-de-camping-car-et-caravane-trouver-une-concession-ypo-camp\" target=\"_blank\">Ypocamp network<\/a><\/h3><p class=\"elementor-image-box-description\">Find a Ypocamp shop near you<\/p><\/div><\/div>\t\t\t\t<\/div>\n\t\t\t\t<\/div>\n\t\t<div class=\"elementor-element elementor-element-09946d1 e-con-full e-flex e-con e-child\" data-id=\"09946d1\" data-element_type=\"container\" data-e-type=\"container\">\n\t\t\t\t<\/div>\n\t\t\t\t\t<\/div>\n\t\t\t\t<\/div>\n\t\t<div class=\"elementor-element elementor-element-81ab70b e-flex e-con-boxed e-con e-parent\" data-id=\"81ab70b\" data-element_type=\"container\" data-e-type=\"container\">\n\t\t\t\t\t<div class=\"e-con-inner\">\n\t\t\t\t<div class=\"elementor-element elementor-element-e2a11cb elementor-widget elementor-widget-heading\" data-id=\"e2a11cb\" data-element_type=\"widget\" data-e-type=\"widget\" data-widget_type=\"heading.default\">\n\t\t\t\t\t<h2 class=\"elementor-heading-title elementor-size-default\">Independent installation workshops<\/h2>\t\t\t\t<\/div>\n\t\t\t\t\t<\/div>\n\t\t\t\t<\/div>\n\t\t<div class=\"elementor-element elementor-element-69f0ca3 e-flex e-con-boxed e-con e-parent\" data-id=\"69f0ca3\" data-element_type=\"container\" data-e-type=\"container\">\n\t\t\t\t\t<div class=\"e-con-inner\">\n\t\t<div class=\"elementor-element elementor-element-4f5b9db e-con-full e-flex e-con e-child\" data-id=\"4f5b9db\" data-element_type=\"container\" data-e-type=\"container\">\n\t\t\t\t<\/div>\n\t\t<div class=\"elementor-element elementor-element-20a2b35 e-con-full e-flex e-con e-child\" data-id=\"20a2b35\" data-element_type=\"container\" data-e-type=\"container\">\n\t\t\t\t<div class=\"elementor-element elementor-element-6fcbab9 elementor-position-top elementor-widget elementor-widget-image-box\" data-id=\"6fcbab9\" data-element_type=\"widget\" data-e-type=\"widget\" data-widget_type=\"image-box.default\">\n\t\t\t\t\t<div class=\"elementor-image-box-wrapper\"><figure class=\"elementor-image-box-img\"><a href=\"https:\/\/www.liberty-camper.fr\/\" target=\"_blank\" tabindex=\"-1\"><img loading=\"lazy\" decoding=\"async\" width=\"300\" height=\"200\" src=\"https:\/\/mecatek.eu\/wp-content\/uploads\/2026\/03\/logo-liberty-camper-linertek.jpg\" class=\"attachment-full size-full wp-image-2823\" alt=\"\" \/><\/a><\/figure><div class=\"elementor-image-box-content\"><h3 class=\"elementor-image-box-title\"><a href=\"https:\/\/www.liberty-camper.fr\/\" target=\"_blank\">Liberty Camper \/ Linertek<\/a><\/h3><p class=\"elementor-image-box-description\">Installation workshop in Maine-et-Loire (49)<\/p><\/div><\/div>\t\t\t\t<\/div>\n\t\t\t\t<\/div>\n\t\t<div class=\"elementor-element elementor-element-152b507 e-con-full e-flex e-con e-child\" data-id=\"152b507\" data-element_type=\"container\" data-e-type=\"container\">\n\t\t\t\t<\/div>\n\t\t\t\t\t<\/div>\n\t\t\t\t<\/div>\n\t\t\t\t<\/div>","protected":false},"excerpt":{"rendered":"<p>Retrouvez nos produits chez nos partenaires revendeurs Retrouvez d\u00e8s \u00e0 pr\u00e9sent l\u2019ensemble de nos produits chez nos nombreux partenaires revendeurs r\u00e9partis sur tout le territoire fran\u00e7ais, ainsi que dans un grand nombre de pays europ\u00e9ens. Que vous soyez en ville ou \u00e0 la campagne, il existe toujours un point de vente \u00e0 proximit\u00e9 pour d\u00e9couvrir [&hellip;]<\/p>","protected":false},"author":1,"featured_media":0,"parent":0,"menu_order":0,"comment_status":"closed","ping_status":"closed","template":"","meta":{"footnotes":""},"class_list":["post-18","page","type-page","status-publish","hentry"],"blocksy_meta":[],"yoast_head":"<!-- This site is optimized with the Yoast SEO plugin v26.9 - https:\/\/yoast.com\/product\/yoast-seo-wordpress\/ -->\n<title>Nos partenaires - Mecatek (ex-Sawiko France)<\/title>\n<meta name=\"description\" content=\"Retrouvez l\u2019ensemble de nos produits chez nos nombreux partenaires revendeurs des plus grands r\u00e9seaux ou magasins ind\u00e9pendants en France et en Europe\" \/>\n<meta name=\"robots\" content=\"index, follow, max-snippet:-1, max-image-preview:large, max-video-preview:-1\" \/>\n<link rel=\"canonical\" href=\"https:\/\/mecatek.eu\/en\/our-partners\/\" \/>\n<meta property=\"og:locale\" content=\"en_GB\" \/>\n<meta property=\"og:type\" content=\"article\" \/>\n<meta property=\"og:title\" content=\"Nos partenaires - Mecatek (ex-Sawiko France)\" \/>\n<meta property=\"og:description\" content=\"Retrouvez l\u2019ensemble de nos produits chez nos nombreux partenaires revendeurs des plus grands r\u00e9seaux ou magasins ind\u00e9pendants en France et en Europe\" \/>\n<meta property=\"og:url\" content=\"https:\/\/mecatek.eu\/en\/our-partners\/\" \/>\n<meta property=\"og:site_name\" content=\"Mecatek (ex-Sawiko France)\" \/>\n<meta property=\"article:modified_time\" content=\"2026-03-12T13:45:42+00:00\" \/>\n<meta property=\"og:image\" content=\"http:\/\/mecatek.eu\/wp-content\/uploads\/2026\/03\/logo-dg8.jpg\" \/>\n<meta name=\"twitter:card\" content=\"summary_large_image\" \/>\n<meta name=\"twitter:label1\" content=\"Estimated reading time\" \/>\n\t<meta name=\"twitter:data1\" content=\"3 minutes\" \/>\n<script type=\"application\/ld+json\" class=\"yoast-schema-graph\">{\"@context\":\"https:\/\/schema.org\",\"@graph\":[{\"@type\":\"WebPage\",\"@id\":\"https:\/\/mecatek.eu\/nos-partenaires\/\",\"url\":\"https:\/\/mecatek.eu\/nos-partenaires\/\",\"name\":\"Nos partenaires - Mecatek (ex-Sawiko France)\",\"isPartOf\":{\"@id\":\"https:\/\/mecatek.eu\/#website\"},\"primaryImageOfPage\":{\"@id\":\"https:\/\/mecatek.eu\/nos-partenaires\/#primaryimage\"},\"image\":{\"@id\":\"https:\/\/mecatek.eu\/nos-partenaires\/#primaryimage\"},\"thumbnailUrl\":\"http:\/\/mecatek.eu\/wp-content\/uploads\/2026\/03\/logo-dg8.jpg\",\"datePublished\":\"2025-10-23T13:20:19+00:00\",\"dateModified\":\"2026-03-12T13:45:42+00:00\",\"description\":\"Retrouvez l\u2019ensemble de nos produits chez nos nombreux partenaires revendeurs des plus grands r\u00e9seaux ou magasins ind\u00e9pendants en France et en Europe\",\"breadcrumb\":{\"@id\":\"https:\/\/mecatek.eu\/nos-partenaires\/#breadcrumb\"},\"inLanguage\":\"en-GB\",\"potentialAction\":[{\"@type\":\"ReadAction\",\"target\":[\"https:\/\/mecatek.eu\/nos-partenaires\/\"]}]},{\"@type\":\"ImageObject\",\"inLanguage\":\"en-GB\",\"@id\":\"https:\/\/mecatek.eu\/nos-partenaires\/#primaryimage\",\"url\":\"http:\/\/mecatek.eu\/wp-content\/uploads\/2026\/03\/logo-dg8.jpg\",\"contentUrl\":\"http:\/\/mecatek.eu\/wp-content\/uploads\/2026\/03\/logo-dg8.jpg\"},{\"@type\":\"BreadcrumbList\",\"@id\":\"https:\/\/mecatek.eu\/nos-partenaires\/#breadcrumb\",\"itemListElement\":[{\"@type\":\"ListItem\",\"position\":1,\"name\":\"Accueil\",\"item\":\"https:\/\/mecatek.eu\/\"},{\"@type\":\"ListItem\",\"position\":2,\"name\":\"Nos partenaires\"}]},{\"@type\":\"WebSite\",\"@id\":\"https:\/\/mecatek.eu\/#website\",\"url\":\"https:\/\/mecatek.eu\/\",\"name\":\"Mecatek (ex-Sawiko France)\",\"description\":\"Fabricant d&#039;attelages pour camping-car et fourgon - Mecatek\",\"publisher\":{\"@id\":\"https:\/\/mecatek.eu\/#organization\"},\"potentialAction\":[{\"@type\":\"SearchAction\",\"target\":{\"@type\":\"EntryPoint\",\"urlTemplate\":\"https:\/\/mecatek.eu\/?s={search_term_string}\"},\"query-input\":{\"@type\":\"PropertyValueSpecification\",\"valueRequired\":true,\"valueName\":\"search_term_string\"}}],\"inLanguage\":\"en-GB\"},{\"@type\":\"Organization\",\"@id\":\"https:\/\/mecatek.eu\/#organization\",\"name\":\"Mecatek (ex-Sawiko France)\",\"url\":\"https:\/\/mecatek.eu\/\",\"logo\":{\"@type\":\"ImageObject\",\"inLanguage\":\"en-GB\",\"@id\":\"https:\/\/mecatek.eu\/#\/schema\/logo\/image\/\",\"url\":\"http:\/\/mecatek.eu\/wp-content\/uploads\/2026\/01\/Logo-Mecatek-Solutions-techniques-2025-300px.png\",\"contentUrl\":\"http:\/\/mecatek.eu\/wp-content\/uploads\/2026\/01\/Logo-Mecatek-Solutions-techniques-2025-300px.png\",\"width\":400,\"height\":94,\"caption\":\"Mecatek (ex-Sawiko France)\"},\"image\":{\"@id\":\"https:\/\/mecatek.eu\/#\/schema\/logo\/image\/\"}}]}<\/script>\n<!-- \/ Yoast SEO plugin. -->","yoast_head_json":{"title":"Our partners - Mecatek (ex-Sawiko France)","description":"All our products are available from our many retail partners in the largest networks and independent shops in France and Europe.","robots":{"index":"index","follow":"follow","max-snippet":"max-snippet:-1","max-image-preview":"max-image-preview:large","max-video-preview":"max-video-preview:-1"},"canonical":"https:\/\/mecatek.eu\/en\/our-partners\/","og_locale":"en_GB","og_type":"article","og_title":"Nos partenaires - Mecatek (ex-Sawiko France)","og_description":"Retrouvez l\u2019ensemble de nos produits chez nos nombreux partenaires revendeurs des plus grands r\u00e9seaux ou magasins ind\u00e9pendants en France et en Europe","og_url":"https:\/\/mecatek.eu\/en\/our-partners\/","og_site_name":"Mecatek (ex-Sawiko France)","article_modified_time":"2026-03-12T13:45:42+00:00","og_image":[{"url":"http:\/\/mecatek.eu\/wp-content\/uploads\/2026\/03\/logo-dg8.jpg","type":"","width":"","height":""}],"twitter_card":"summary_large_image","twitter_misc":{"Estimated reading time":"3 minutes"},"schema":{"@context":"https:\/\/schema.org","@graph":[{"@type":"WebPage","@id":"https:\/\/mecatek.eu\/nos-partenaires\/","url":"https:\/\/mecatek.eu\/nos-partenaires\/","name":"Our partners - Mecatek (ex-Sawiko France)","isPartOf":{"@id":"https:\/\/mecatek.eu\/#website"},"primaryImageOfPage":{"@id":"https:\/\/mecatek.eu\/nos-partenaires\/#primaryimage"},"image":{"@id":"https:\/\/mecatek.eu\/nos-partenaires\/#primaryimage"},"thumbnailUrl":"http:\/\/mecatek.eu\/wp-content\/uploads\/2026\/03\/logo-dg8.jpg","datePublished":"2025-10-23T13:20:19+00:00","dateModified":"2026-03-12T13:45:42+00:00","description":"All our products are available from our many retail partners in the largest networks and independent shops in France and Europe.","breadcrumb":{"@id":"https:\/\/mecatek.eu\/nos-partenaires\/#breadcrumb"},"inLanguage":"en-GB","potentialAction":[{"@type":"ReadAction","target":["https:\/\/mecatek.eu\/nos-partenaires\/"]}]},{"@type":"ImageObject","inLanguage":"en-GB","@id":"https:\/\/mecatek.eu\/nos-partenaires\/#primaryimage","url":"http:\/\/mecatek.eu\/wp-content\/uploads\/2026\/03\/logo-dg8.jpg","contentUrl":"http:\/\/mecatek.eu\/wp-content\/uploads\/2026\/03\/logo-dg8.jpg"},{"@type":"BreadcrumbList","@id":"https:\/\/mecatek.eu\/nos-partenaires\/#breadcrumb","itemListElement":[{"@type":"ListItem","position":1,"name":"Accueil","item":"https:\/\/mecatek.eu\/"},{"@type":"ListItem","position":2,"name":"Nos partenaires"}]},{"@type":"WebSite","@id":"https:\/\/mecatek.eu\/#website","url":"https:\/\/mecatek.eu\/","name":"Mecatek (formerly Sawiko France)","description":"Manufacturer of towbars for motorhomes and vans - Mecatek","publisher":{"@id":"https:\/\/mecatek.eu\/#organization"},"potentialAction":[{"@type":"SearchAction","target":{"@type":"EntryPoint","urlTemplate":"https:\/\/mecatek.eu\/?s={search_term_string}"},"query-input":{"@type":"PropertyValueSpecification","valueRequired":true,"valueName":"search_term_string"}}],"inLanguage":"en-GB"},{"@type":"Organization","@id":"https:\/\/mecatek.eu\/#organization","name":"Mecatek (formerly Sawiko France)","url":"https:\/\/mecatek.eu\/","logo":{"@type":"ImageObject","inLanguage":"en-GB","@id":"https:\/\/mecatek.eu\/#\/schema\/logo\/image\/","url":"http:\/\/mecatek.eu\/wp-content\/uploads\/2026\/01\/Logo-Mecatek-Solutions-techniques-2025-300px.png","contentUrl":"http:\/\/mecatek.eu\/wp-content\/uploads\/2026\/01\/Logo-Mecatek-Solutions-techniques-2025-300px.png","width":400,"height":94,"caption":"Mecatek (ex-Sawiko France)"},"image":{"@id":"https:\/\/mecatek.eu\/#\/schema\/logo\/image\/"}}]}},"_links":{"self":[{"href":"https:\/\/mecatek.eu\/en\/wp-json\/wp\/v2\/pages\/18","targetHints":{"allow":["GET"]}}],"collection":[{"href":"https:\/\/mecatek.eu\/en\/wp-json\/wp\/v2\/pages"}],"about":[{"href":"https:\/\/mecatek.eu\/en\/wp-json\/wp\/v2\/types\/page"}],"author":[{"embeddable":true,"href":"https:\/\/mecatek.eu\/en\/wp-json\/wp\/v2\/users\/1"}],"replies":[{"embeddable":true,"href":"https:\/\/mecatek.eu\/en\/wp-json\/wp\/v2\/comments?post=18"}],"version-history":[{"count":34,"href":"https:\/\/mecatek.eu\/en\/wp-json\/wp\/v2\/pages\/18\/revisions"}],"predecessor-version":[{"id":2829,"href":"https:\/\/mecatek.eu\/en\/wp-json\/wp\/v2\/pages\/18\/revisions\/2829"}],"wp:attachment":[{"href":"https:\/\/mecatek.eu\/en\/wp-json\/wp\/v2\/media?parent=18"}],"curies":[{"name":"wp","href":"https:\/\/api.w.org\/{rel}","templated":true}]}}