{"id":723,"date":"2025-11-21T17:30:36","date_gmt":"2025-11-21T16:30:36","guid":{"rendered":"https:\/\/mecatek.eu\/?post_type=product&#038;p=723"},"modified":"2026-01-22T18:31:45","modified_gmt":"2026-01-22T17:31:45","slug":"fahrradhulle-adventure-cover-bike","status":"publish","type":"product","link":"https:\/\/mecatek.eu\/de\/produkt\/fahrradhulle-adventure-cover-bike\/","title":{"rendered":"Fahrradh\u00fclle ADVENTURE COVER BIKE"},"content":{"rendered":"<div data-elementor-type=\"product-post\" data-elementor-id=\"723\" class=\"elementor elementor-723\" data-elementor-post-type=\"product\">\n\t\t\t\t<div class=\"elementor-element elementor-element-30278e3c e-flex e-con-boxed e-con e-parent\" data-id=\"30278e3c\" data-element_type=\"container\" data-e-type=\"container\">\n\t\t\t\t\t<div class=\"e-con-inner\">\n\t\t<div class=\"elementor-element elementor-element-7780fbb e-con-full e-flex e-con e-child\" data-id=\"7780fbb\" data-element_type=\"container\" data-e-type=\"container\">\n\t\t<div class=\"elementor-element elementor-element-14f5eac8 e-con-full e-flex e-con e-child\" data-id=\"14f5eac8\" data-element_type=\"container\" data-e-type=\"container\">\n\t\t\t\t<div class=\"elementor-element elementor-element-5183b12c elementor-widget elementor-widget-text-editor\" data-id=\"5183b12c\" data-element_type=\"widget\" data-e-type=\"widget\" data-widget_type=\"text-editor.default\">\n\t\t\t\t\t\t\t\t\t<h2>Fahrradh\u00fclle <span style=\"color: #0079b3;\">Adventure Cover Bike<\/span><\/h2>\t\t\t\t\t\t\t\t<\/div>\n\t\t\t\t<div class=\"elementor-element elementor-element-5d2f897b elementor-widget elementor-widget-text-editor\" data-id=\"5d2f897b\" data-element_type=\"widget\" data-e-type=\"widget\" data-widget_type=\"text-editor.default\">\n\t\t\t\t\t\t\t\t\t<h3>Mit der Fahrradplane Adventure Cover Bike k\u00f6nnen Sie Ihre Fahrr\u00e4der jederzeit ganz einfach sch\u00fctzen und Ihre Reisen unbeschwert genie\u00dfen!<\/h3><p><img fetchpriority=\"high\" decoding=\"async\" class=\"alignnone size-full wp-image-862\" src=\"http:\/\/mecatek.eu\/wp-content\/uploads\/2025\/11\/avantages-housse-velos-adventure-cover-bike.png\" alt=\"\" width=\"1200\" height=\"200\" srcset=\"https:\/\/mecatek.eu\/wp-content\/uploads\/2025\/11\/avantages-housse-velos-adventure-cover-bike.png 1200w, https:\/\/mecatek.eu\/wp-content\/uploads\/2025\/11\/avantages-housse-velos-adventure-cover-bike-500x83.png 500w\" sizes=\"(max-width: 1200px) 100vw, 1200px\" \/><\/p><p>Die Abdeckung l\u00e4sst sich einfach und schnell an 1 Fahrrad oder an 2 Fahrr\u00e4dern gleichzeitig anbringen, die auf dem Fahrradtr\u00e4ger montiert sind. Eine Demontage der Fahrr\u00e4der ist nicht erforderlich!<\/p><p>Ihre wertvollen Fahrr\u00e4der sind vorbereitet, gereinigt, auf dem Fahrradtr\u00e4ger montiert und bereit f\u00fcr eine neue Reise? Es steht eine lange Fahrt mit Wetterumschw\u00fcngen bevor? Kein Problem!<\/p><p>Ob Gewitter, Hitze, Staub, Schlamm oder Steinschlag - mit der Fahrradschutzh\u00fclle ADVENTURE COVER BIKE k\u00f6nnen Sie jede Reise unbeschwert genie\u00dfen. Sie sch\u00fctzt die Elektronik und die teuren Komponenten von Elektrofahrr\u00e4dern und Mountainbikes.<\/p><h3>1. Schutz f\u00fcr den Transport von Fahrr\u00e4dern<\/h3><p>Die ADVENTURE COVER BIKE sch\u00fctzt Fahrr\u00e4der w\u00e4hrend des Transports vor Staub, Schmutz und Steinchen. Reisen Sie unbeschwert.<\/p><h3>2. recycelter Stoff<\/h3><p>Der VICTORY-Stoff besteht zu mehr als 75% aus Nylonabf\u00e4llen. Dadurch werden keine neuen Ressourcen verbraucht. Hergestellt aus alten Fischernetzen, Stoffresten, Teppichen und Industriematerialien.<\/p><p>Die ADVENTURE COVER BIKE Fahrradschutzh\u00fclle aus VICTORY-Gewebe, besteht zu mehr als 75% aus recyceltem Garn. In einem innovativen Regenerationsprozess wird Abfall, der die Umwelt belastet, wiederverwendet und in eine neue Ressource umgewandelt. Fischernetze machen ca. 10% des Meeresm\u00fclls und ca. 46% des \u00abGreat Pacific Garbage Patch\u00bb (M\u00fcllstrudel des Nordpazifiks) aus. Freiwillige Taucher sammeln die sogenannten Geisternetze ein, die sonst zu t\u00f6dlichen Fallen f\u00fcr das Meeresleben werden k\u00f6nnten. Mit den ADVENTURE COVER BIKE Schutzh\u00fcllen sch\u00fctzen Sie die Ozeane!<\/p><p><b><strong>Hergestellt in Europa: Reduzierung der CO2-Emissionen<\/strong><\/b><\/p><p>Wir legen gro\u00dfen Wert auf Qualit\u00e4t, Nachhaltigkeit, faire Arbeitsbedingungen und kurze Transportwege. Deshalb ist es uns wichtig, dass unsere Partner und Produktionsbetriebe, mit denen wir Hand in Hand arbeiten, auf kurzen Wegen erreichbar sind.<\/p><h3>3. dehnbarer Stoff<\/h3><p>Die ADVENTURE COVER BIKE ist dehnbar. So passt sie sich perfekt an Fahrr\u00e4der unterschiedlicher Gr\u00f6\u00dfe an.<\/p><h3>4. Sicherheitsschutz<\/h3><p>Die ADVENTURE COVER BIKE sch\u00fctzt Fahrr\u00e4der vor neugierigen Blicken und ist somit ein wichtiger Schritt in Richtung Diebstahlschutz.<\/p><h3>5. Wasserabweisender Stoff<\/h3><p>Der ADVENTURE COVER BIKE verf\u00fcgt \u00fcber eine wasserabweisende Behandlung und ist daher perfekt f\u00fcr schlechtes Wetter geeignet. Um die Stoffe wasser- und schmutzabweisend zu machen, werden sie in der Regel mit einer umweltsch\u00e4dlichen Fluorcarbon-Beschichtung behandelt. Die ADVENTURE COVER BIKE Schutzh\u00fcllen aus VICTORY-Gewebe, werden ausschlie\u00dflich mit einer innovativen und umweltfreundlichen Textilbeschichtung behandelt.<\/p>\t\t\t\t\t\t\t\t<\/div>\n\t\t\t\t<div class=\"elementor-element elementor-element-fa2dbd7 elementor-widget elementor-widget-text-editor\" data-id=\"fa2dbd7\" data-element_type=\"widget\" data-e-type=\"widget\" data-widget_type=\"text-editor.default\">\n\t\t\t\t\t\t\t\t\t<h2>Die Vorteile der Fahrradtasche ADVENTURE COVER BIKE<\/h2><p><strong>In die H\u00fclle integrierte Aufbewahrungstasche<\/strong><\/p><p>Um die H\u00fclle zu verstauen, packen Sie sie einfach in die integrierte Tasche. Die ADVENTURE COVER BIKE-H\u00fclle wird in einer integrierten Tasche mit Rei\u00dfverschluss und einer Halteschlaufe geliefert.<\/p><p><strong>Kontroll\u00f6ffnung f\u00fcr die Sicherung von Fahrr\u00e4dern :<br \/><\/strong>Die ADVENTURE COVER BIKE verf\u00fcgt \u00fcber eine praktische Kontroll\u00f6ffnung, um montierte Fahrr\u00e4der zu kontrollieren und neu einzustellen. \u00d6ffnen, kontrollieren, schlie\u00dfen, losfahren - so einfach ist das!<\/p><p><strong>Klettstreifen :<br \/><\/strong>Die ADVENTURE COVER BIKE hat zus\u00e4tzliche Klettverschl\u00fcsse auf der Innenseite. Befestige sie einfach an den Fahrr\u00e4dern, um die durch den Wind verursachten Bewegungen zu minimieren.<\/p><p><strong>Starkes elastisches Band :<\/strong><br \/>Die ADVENTURE COVER BIKE ist mit einem extra starken, elastischen Band ausgestattet, das f\u00fcr einen festen Halt auf Fahrr\u00e4dern sorgt.<\/p><p><b>M\u00f6glichkeit, ein Verkehrsschild direkt an der H\u00fclle zu montieren :<br \/><\/b>Ein langer Rei\u00dfverschluss mit 2 \u00d6ffnungen erm\u00f6glicht es, das Warnschild mit einem Gummispanner leicht zu befestigen.<\/p>\t\t\t\t\t\t\t\t<\/div>\n\t\t\t\t<\/div>\n\t\t<div class=\"elementor-element elementor-element-d261429 e-con-full e-flex e-con e-child\" data-id=\"d261429\" data-element_type=\"container\" data-e-type=\"container\" data-settings=\"{&quot;background_background&quot;:&quot;classic&quot;}\">\n\t\t\t\t<div class=\"elementor-element elementor-element-4a731d0c elementor-widget elementor-widget-image\" data-id=\"4a731d0c\" data-element_type=\"widget\" data-e-type=\"widget\" data-widget_type=\"image.default\">\n\t\t\t\t\t\t\t\t\t\t\t\t\t\t\t<img decoding=\"async\" width=\"400\" height=\"200\" src=\"https:\/\/mecatek.eu\/wp-content\/uploads\/2025\/12\/Logo-Marque-Adventure-Cover-Bike.png\" class=\"attachment-full size-full wp-image-980\" alt=\"Logo Adventure Cover Bike\" \/>\t\t\t\t\t\t\t\t\t\t\t\t\t\t\t<\/div>\n\t\t\t\t<div class=\"elementor-element elementor-element-7fc0064f elementor-widget elementor-widget-text-editor\" data-id=\"7fc0064f\" data-element_type=\"widget\" data-e-type=\"widget\" data-widget_type=\"text-editor.default\">\n\t\t\t\t\t\t\t\t\t<p><strong>Technische Daten :<\/strong><\/p><p><span style=\"color: #ff0000;\">Geeignet f\u00fcr alle Marken von Fahrradtr\u00e4gern (elektrisch oder Standard) einschlie\u00dflich Fahrradtr\u00e4gern auf Kugelkupplungen.<\/span><\/p><p><strong>Verwendung :<\/strong><br \/>Schutzh\u00fclle f\u00fcr Elektrofahrr\u00e4der, Mountainbikes oder Standardfahrr\u00e4der, die auf einem Anh\u00e4nger oder Fahrradtr\u00e4ger montiert sind, der auf der Kugel der Anh\u00e4ngerkupplung, an den Scharnieren der Heckt\u00fcren oder am Fahrgestell befestigt ist.<\/p><p><strong>Kapazit\u00e4t der Fahrradtasche :<\/strong><br \/>1 oder 2 Fahrr\u00e4der, die entgegengesetzt montiert sind.<br \/>Fahrradtyp (Rahmen und Lenker) : Erwachsene Standard<\/p><p><strong>Material :<br \/><\/strong>Recycelter Stoff aus \u00fcber 75% Nylonabf\u00e4llen (waschbar bei max. 40\u00b0)<\/p><p><strong>Abmessungen :<\/strong><br \/>L (L\u00c4NGE) :\u00a0<b><strong>180 cm - 210 cm<br \/><\/strong><\/b>H (H\u00d6HE) :\u00a0<b><strong>100 cm - 130 cm<br \/><\/strong><\/b>B (Lenkerbreite) : <b><strong>70 cm - 90 cm<br \/><\/strong><\/b>Abstand zwischen den Schienen ca.\u00a0<b><strong>22cm<\/strong><\/b><\/p>\t\t\t\t\t\t\t\t<\/div>\n\t\t\t\t<div class=\"elementor-element elementor-element-3edbdc7 elementor-widget elementor-widget-image\" data-id=\"3edbdc7\" data-element_type=\"widget\" data-e-type=\"widget\" data-widget_type=\"image.default\">\n\t\t\t\t\t\t\t\t\t\t\t\t\t\t\t\t<a href=\"http:\/\/mecatek.eu\/wp-content\/uploads\/2025\/11\/dimensions-velos-housse-adventure-cover-bike.png\" data-elementor-open-lightbox=\"yes\" data-e-action-hash=\"#elementor-action%3Aaction%3Dlightbox%26settings%3DeyJpZCI6ODYxLCJ1cmwiOiJodHRwczpcL1wvbWVjYXRlay5ldVwvd3AtY29udGVudFwvdXBsb2Fkc1wvMjAyNVwvMTFcL2RpbWVuc2lvbnMtdmVsb3MtaG91c3NlLWFkdmVudHVyZS1jb3Zlci1iaWtlLnBuZyJ9\">\n\t\t\t\t\t\t\t<img decoding=\"async\" width=\"740\" height=\"430\" src=\"https:\/\/mecatek.eu\/wp-content\/uploads\/2025\/11\/dimensions-velos-housse-adventure-cover-bike.png\" class=\"attachment-large size-large wp-image-861\" alt=\"Abmessungen von Fahrr\u00e4dern\" \/>\t\t\t\t\t\t\t\t<\/a>\n\t\t\t\t\t\t\t\t\t\t\t\t\t\t\t<\/div>\n\t\t\t\t<\/div>\n\t\t\t\t<\/div>\n\t\t\t\t\t<\/div>\n\t\t\t\t<\/div>\n\t\t\t\t<\/div>","protected":false},"excerpt":{"rendered":"<p>Die ADVENTURE COVER BIKE ist dehnbar und passt sich optimal an die verschiedenen Fahrradgr\u00f6\u00dfen an. Sie ist f\u00fcr den Schutz von 1 oder 2 Fahrr\u00e4dern erh\u00e4ltlich. Diese Fahrradplane ist umweltfreundlich gestaltet, da sie in Europa aus recyceltem Nylon hergestellt wird. Die ADVENTURE COVER BIKE ist effizient, praktisch und umweltfreundlich und hat viele Pluspunkte.<\/p>","protected":false},"featured_media":850,"comment_status":"closed","ping_status":"closed","template":"","meta":[],"product_brand":[65],"product_cat":[30,57,61],"product_tag":[],"class_list":{"0":"post-723","1":"product","2":"type-product","3":"status-publish","4":"has-post-thumbnail","6":"product_brand-adventure-cover-bike","7":"product_cat-porte-velos-camping-car","8":"product_cat-porte-velos-fourgon","9":"product_cat-housses-pour-velos","11":"first","12":"instock","13":"featured","14":"shipping-taxable","15":"product-type-simple"},"yoast_head":"<!-- This site is optimized with the Yoast SEO plugin v26.9 - https:\/\/yoast.com\/product\/yoast-seo-wordpress\/ -->\n<title>Housse pour v\u00e9los ADVENTURE COVER BIKE - Mecatek (ex-Sawiko France)<\/title>\n<meta name=\"description\" content=\"La housse ADVENTURE COVER BIKE pour 1 ou 2 v\u00e9los est extensible, \u00e9coresponsable et s&#039;adapte parfaitement et simplement aux diff\u00e9rentes tailles de v\u00e9los.\" \/>\n<meta name=\"robots\" content=\"index, follow, max-snippet:-1, max-image-preview:large, max-video-preview:-1\" \/>\n<link rel=\"canonical\" href=\"https:\/\/mecatek.eu\/de\/produkt\/fahrradhulle-adventure-cover-bike\/\" \/>\n<meta property=\"og:locale\" content=\"de_DE\" \/>\n<meta property=\"og:type\" content=\"article\" \/>\n<meta property=\"og:title\" content=\"Housse pour v\u00e9los ADVENTURE COVER BIKE - Mecatek (ex-Sawiko France)\" \/>\n<meta property=\"og:description\" content=\"La housse ADVENTURE COVER BIKE pour 1 ou 2 v\u00e9los est extensible, \u00e9coresponsable et s&#039;adapte parfaitement et simplement aux diff\u00e9rentes tailles de v\u00e9los.\" \/>\n<meta property=\"og:url\" content=\"https:\/\/mecatek.eu\/de\/produkt\/fahrradhulle-adventure-cover-bike\/\" \/>\n<meta property=\"og:site_name\" content=\"Mecatek (ex-Sawiko France)\" \/>\n<meta property=\"article:modified_time\" content=\"2026-01-22T17:31:45+00:00\" \/>\n<meta property=\"og:image\" content=\"http:\/\/mecatek.eu\/wp-content\/uploads\/2025\/11\/Housse-velos-Adventure-Cover-Bike_001.jpg\" \/>\n\t<meta property=\"og:image:width\" content=\"800\" \/>\n\t<meta property=\"og:image:height\" content=\"800\" \/>\n\t<meta property=\"og:image:type\" content=\"image\/jpeg\" \/>\n<meta name=\"twitter:card\" content=\"summary_large_image\" \/>\n<meta name=\"twitter:label1\" content=\"Gesch\u00e4tzte Lesezeit\" \/>\n\t<meta name=\"twitter:data1\" content=\"5\u00a0Minuten\" \/>\n<script type=\"application\/ld+json\" class=\"yoast-schema-graph\">{\"@context\":\"https:\/\/schema.org\",\"@graph\":[{\"@type\":\"WebPage\",\"@id\":\"https:\/\/mecatek.eu\/produit\/housse-pour-velos-adventure-cover-bike\/\",\"url\":\"https:\/\/mecatek.eu\/produit\/housse-pour-velos-adventure-cover-bike\/\",\"name\":\"Housse pour v\u00e9los ADVENTURE COVER BIKE - Mecatek (ex-Sawiko France)\",\"isPartOf\":{\"@id\":\"https:\/\/mecatek.eu\/#website\"},\"primaryImageOfPage\":{\"@id\":\"https:\/\/mecatek.eu\/produit\/housse-pour-velos-adventure-cover-bike\/#primaryimage\"},\"image\":{\"@id\":\"https:\/\/mecatek.eu\/produit\/housse-pour-velos-adventure-cover-bike\/#primaryimage\"},\"thumbnailUrl\":\"https:\/\/mecatek.eu\/wp-content\/uploads\/2025\/11\/Housse-velos-Adventure-Cover-Bike_001.jpg\",\"datePublished\":\"2025-11-21T16:30:36+00:00\",\"dateModified\":\"2026-01-22T17:31:45+00:00\",\"description\":\"La housse ADVENTURE COVER BIKE pour 1 ou 2 v\u00e9los est extensible, \u00e9coresponsable et s'adapte parfaitement et simplement aux diff\u00e9rentes tailles de v\u00e9los.\",\"breadcrumb\":{\"@id\":\"https:\/\/mecatek.eu\/produit\/housse-pour-velos-adventure-cover-bike\/#breadcrumb\"},\"inLanguage\":\"de\",\"potentialAction\":[{\"@type\":\"ReadAction\",\"target\":[\"https:\/\/mecatek.eu\/produit\/housse-pour-velos-adventure-cover-bike\/\"]}]},{\"@type\":\"ImageObject\",\"inLanguage\":\"de\",\"@id\":\"https:\/\/mecatek.eu\/produit\/housse-pour-velos-adventure-cover-bike\/#primaryimage\",\"url\":\"https:\/\/mecatek.eu\/wp-content\/uploads\/2025\/11\/Housse-velos-Adventure-Cover-Bike_001.jpg\",\"contentUrl\":\"https:\/\/mecatek.eu\/wp-content\/uploads\/2025\/11\/Housse-velos-Adventure-Cover-Bike_001.jpg\",\"width\":800,\"height\":800,\"caption\":\"B\u00e2che ADVENTURE COVER BIKE install\u00e9e sur 2 v\u00e9los charg\u00e9s sur un van\"},{\"@type\":\"BreadcrumbList\",\"@id\":\"https:\/\/mecatek.eu\/produit\/housse-pour-velos-adventure-cover-bike\/#breadcrumb\",\"itemListElement\":[{\"@type\":\"ListItem\",\"position\":1,\"name\":\"Accueil\",\"item\":\"https:\/\/mecatek.eu\/\"},{\"@type\":\"ListItem\",\"position\":2,\"name\":\"Catalogue\",\"item\":\"https:\/\/mecatek.eu\/catalogue\/\"},{\"@type\":\"ListItem\",\"position\":3,\"name\":\"Housse pour v\u00e9los ADVENTURE COVER BIKE\"}]},{\"@type\":\"WebSite\",\"@id\":\"https:\/\/mecatek.eu\/#website\",\"url\":\"https:\/\/mecatek.eu\/\",\"name\":\"Mecatek (ex-Sawiko France)\",\"description\":\"Fabricant d&#039;attelages pour camping-car et fourgon - Mecatek\",\"publisher\":{\"@id\":\"https:\/\/mecatek.eu\/#organization\"},\"potentialAction\":[{\"@type\":\"SearchAction\",\"target\":{\"@type\":\"EntryPoint\",\"urlTemplate\":\"https:\/\/mecatek.eu\/?s={search_term_string}\"},\"query-input\":{\"@type\":\"PropertyValueSpecification\",\"valueRequired\":true,\"valueName\":\"search_term_string\"}}],\"inLanguage\":\"de\"},{\"@type\":\"Organization\",\"@id\":\"https:\/\/mecatek.eu\/#organization\",\"name\":\"Mecatek (ex-Sawiko France)\",\"url\":\"https:\/\/mecatek.eu\/\",\"logo\":{\"@type\":\"ImageObject\",\"inLanguage\":\"de\",\"@id\":\"https:\/\/mecatek.eu\/#\/schema\/logo\/image\/\",\"url\":\"http:\/\/mecatek.eu\/wp-content\/uploads\/2026\/01\/Logo-Mecatek-Solutions-techniques-2025-300px.png\",\"contentUrl\":\"http:\/\/mecatek.eu\/wp-content\/uploads\/2026\/01\/Logo-Mecatek-Solutions-techniques-2025-300px.png\",\"width\":400,\"height\":94,\"caption\":\"Mecatek (ex-Sawiko France)\"},\"image\":{\"@id\":\"https:\/\/mecatek.eu\/#\/schema\/logo\/image\/\"}}]}<\/script>\n<!-- \/ Yoast SEO plugin. -->","yoast_head_json":{"title":"ADVENTURE COVER BIKE Fahrradh\u00fclle - Mecatek (ehemals Sawiko Deutschland)","description":"Die ADVENTURE COVER BIKE f\u00fcr 1 oder 2 Fahrr\u00e4der ist dehnbar, umweltfreundlich und passt sich perfekt und einfach an die verschiedenen Fahrradgr\u00f6\u00dfen an.","robots":{"index":"index","follow":"follow","max-snippet":"max-snippet:-1","max-image-preview":"max-image-preview:large","max-video-preview":"max-video-preview:-1"},"canonical":"https:\/\/mecatek.eu\/de\/produkt\/fahrradhulle-adventure-cover-bike\/","og_locale":"de_DE","og_type":"article","og_title":"Housse pour v\u00e9los ADVENTURE COVER BIKE - Mecatek (ex-Sawiko France)","og_description":"La housse ADVENTURE COVER BIKE pour 1 ou 2 v\u00e9los est extensible, \u00e9coresponsable et s'adapte parfaitement et simplement aux diff\u00e9rentes tailles de v\u00e9los.","og_url":"https:\/\/mecatek.eu\/de\/produkt\/fahrradhulle-adventure-cover-bike\/","og_site_name":"Mecatek (ex-Sawiko France)","article_modified_time":"2026-01-22T17:31:45+00:00","og_image":[{"width":800,"height":800,"url":"http:\/\/mecatek.eu\/wp-content\/uploads\/2025\/11\/Housse-velos-Adventure-Cover-Bike_001.jpg","type":"image\/jpeg"}],"twitter_card":"summary_large_image","twitter_misc":{"Gesch\u00e4tzte Lesezeit":"5\u00a0Minuten"},"schema":{"@context":"https:\/\/schema.org","@graph":[{"@type":"WebPage","@id":"https:\/\/mecatek.eu\/produit\/housse-pour-velos-adventure-cover-bike\/","url":"https:\/\/mecatek.eu\/produit\/housse-pour-velos-adventure-cover-bike\/","name":"ADVENTURE COVER BIKE Fahrradh\u00fclle - Mecatek (ehemals Sawiko Deutschland)","isPartOf":{"@id":"https:\/\/mecatek.eu\/#website"},"primaryImageOfPage":{"@id":"https:\/\/mecatek.eu\/produit\/housse-pour-velos-adventure-cover-bike\/#primaryimage"},"image":{"@id":"https:\/\/mecatek.eu\/produit\/housse-pour-velos-adventure-cover-bike\/#primaryimage"},"thumbnailUrl":"https:\/\/mecatek.eu\/wp-content\/uploads\/2025\/11\/Housse-velos-Adventure-Cover-Bike_001.jpg","datePublished":"2025-11-21T16:30:36+00:00","dateModified":"2026-01-22T17:31:45+00:00","description":"Die ADVENTURE COVER BIKE f\u00fcr 1 oder 2 Fahrr\u00e4der ist dehnbar, umweltfreundlich und passt sich perfekt und einfach an die verschiedenen Fahrradgr\u00f6\u00dfen an.","breadcrumb":{"@id":"https:\/\/mecatek.eu\/produit\/housse-pour-velos-adventure-cover-bike\/#breadcrumb"},"inLanguage":"de","potentialAction":[{"@type":"ReadAction","target":["https:\/\/mecatek.eu\/produit\/housse-pour-velos-adventure-cover-bike\/"]}]},{"@type":"ImageObject","inLanguage":"de","@id":"https:\/\/mecatek.eu\/produit\/housse-pour-velos-adventure-cover-bike\/#primaryimage","url":"https:\/\/mecatek.eu\/wp-content\/uploads\/2025\/11\/Housse-velos-Adventure-Cover-Bike_001.jpg","contentUrl":"https:\/\/mecatek.eu\/wp-content\/uploads\/2025\/11\/Housse-velos-Adventure-Cover-Bike_001.jpg","width":800,"height":800,"caption":"B\u00e2che ADVENTURE COVER BIKE install\u00e9e sur 2 v\u00e9los charg\u00e9s sur un van"},{"@type":"BreadcrumbList","@id":"https:\/\/mecatek.eu\/produit\/housse-pour-velos-adventure-cover-bike\/#breadcrumb","itemListElement":[{"@type":"ListItem","position":1,"name":"Accueil","item":"https:\/\/mecatek.eu\/"},{"@type":"ListItem","position":2,"name":"Catalogue","item":"https:\/\/mecatek.eu\/catalogue\/"},{"@type":"ListItem","position":3,"name":"Housse pour v\u00e9los ADVENTURE COVER BIKE"}]},{"@type":"WebSite","@id":"https:\/\/mecatek.eu\/#website","url":"https:\/\/mecatek.eu\/","name":"Mecatek (ehemals Sawiko Frankreich)","description":"Hersteller von Anh\u00e4ngerkupplungen f\u00fcr Wohnmobile und Lieferwagen - Mecatek","publisher":{"@id":"https:\/\/mecatek.eu\/#organization"},"potentialAction":[{"@type":"SearchAction","target":{"@type":"EntryPoint","urlTemplate":"https:\/\/mecatek.eu\/?s={search_term_string}"},"query-input":{"@type":"PropertyValueSpecification","valueRequired":true,"valueName":"search_term_string"}}],"inLanguage":"de"},{"@type":"Organization","@id":"https:\/\/mecatek.eu\/#organization","name":"Mecatek (ehemals Sawiko Frankreich)","url":"https:\/\/mecatek.eu\/","logo":{"@type":"ImageObject","inLanguage":"de","@id":"https:\/\/mecatek.eu\/#\/schema\/logo\/image\/","url":"http:\/\/mecatek.eu\/wp-content\/uploads\/2026\/01\/Logo-Mecatek-Solutions-techniques-2025-300px.png","contentUrl":"http:\/\/mecatek.eu\/wp-content\/uploads\/2026\/01\/Logo-Mecatek-Solutions-techniques-2025-300px.png","width":400,"height":94,"caption":"Mecatek (ex-Sawiko France)"},"image":{"@id":"https:\/\/mecatek.eu\/#\/schema\/logo\/image\/"}}]}},"_links":{"self":[{"href":"https:\/\/mecatek.eu\/de\/wp-json\/wp\/v2\/product\/723","targetHints":{"allow":["GET"]}}],"collection":[{"href":"https:\/\/mecatek.eu\/de\/wp-json\/wp\/v2\/product"}],"about":[{"href":"https:\/\/mecatek.eu\/de\/wp-json\/wp\/v2\/types\/product"}],"replies":[{"embeddable":true,"href":"https:\/\/mecatek.eu\/de\/wp-json\/wp\/v2\/comments?post=723"}],"version-history":[{"count":29,"href":"https:\/\/mecatek.eu\/de\/wp-json\/wp\/v2\/product\/723\/revisions"}],"predecessor-version":[{"id":2448,"href":"https:\/\/mecatek.eu\/de\/wp-json\/wp\/v2\/product\/723\/revisions\/2448"}],"wp:featuredmedia":[{"embeddable":true,"href":"https:\/\/mecatek.eu\/de\/wp-json\/wp\/v2\/media\/850"}],"wp:attachment":[{"href":"https:\/\/mecatek.eu\/de\/wp-json\/wp\/v2\/media?parent=723"}],"wp:term":[{"taxonomy":"product_brand","embeddable":true,"href":"https:\/\/mecatek.eu\/de\/wp-json\/wp\/v2\/product_brand?post=723"},{"taxonomy":"product_cat","embeddable":true,"href":"https:\/\/mecatek.eu\/de\/wp-json\/wp\/v2\/product_cat?post=723"},{"taxonomy":"product_tag","embeddable":true,"href":"https:\/\/mecatek.eu\/de\/wp-json\/wp\/v2\/product_tag?post=723"}],"curies":[{"name":"wp","href":"https:\/\/api.w.org\/{rel}","templated":true}]}}