{"id":716,"date":"2025-11-21T17:19:36","date_gmt":"2025-11-21T16:19:36","guid":{"rendered":"https:\/\/mecatek.eu\/?post_type=product&#038;p=716"},"modified":"2026-01-22T16:23:12","modified_gmt":"2026-01-22T15:23:12","slug":"anhangerkupplung-fur-wohnmobile-2","status":"publish","type":"product","link":"https:\/\/mecatek.eu\/de\/produkt\/anhangerkupplung-fur-wohnmobile-2\/","title":{"rendered":"Anh\u00e4ngerkupplung f\u00fcr Wohnmobile"},"content":{"rendered":"<div data-elementor-type=\"product-post\" data-elementor-id=\"716\" class=\"elementor elementor-716\" data-elementor-post-type=\"product\">\n\t\t\t\t<div class=\"elementor-element elementor-element-5a6e9a2a e-flex e-con-boxed e-con e-parent\" data-id=\"5a6e9a2a\" data-element_type=\"container\" data-e-type=\"container\">\n\t\t\t\t\t<div class=\"e-con-inner\">\n\t\t<div class=\"elementor-element elementor-element-ef3d393 e-con-full e-flex e-con e-child\" data-id=\"ef3d393\" data-element_type=\"container\" data-e-type=\"container\">\n\t\t<div class=\"elementor-element elementor-element-efa2844 e-con-full e-flex e-con e-child\" data-id=\"efa2844\" data-element_type=\"container\" data-e-type=\"container\">\n\t\t\t\t<div class=\"elementor-element elementor-element-62a364c elementor-widget elementor-widget-text-editor\" data-id=\"62a364c\" data-element_type=\"widget\" data-e-type=\"widget\" data-widget_type=\"text-editor.default\">\n\t\t\t\t\t\t\t\t\t<h2>Anh\u00e4ngerkupplung Wohnmobil<\/h2>\t\t\t\t\t\t\t\t<\/div>\n\t\t\t\t<div class=\"elementor-element elementor-element-27e15680 elementor-widget elementor-widget-text-editor\" data-id=\"27e15680\" data-element_type=\"widget\" data-e-type=\"widget\" data-widget_type=\"text-editor.default\">\n\t\t\t\t\t\t\t\t\t<h3>Sein Wohnmobil mit einer Anh\u00e4ngerkupplung ausstatten<\/h3><p>Die Anh\u00e4ngerkupplung ist ein unverzichtbares Ausr\u00fcstungsteil zum Ziehen eines Anh\u00e4ngers, um auch die schwersten und sperrigsten Ger\u00e4te effizient zu transportieren.<\/p><p>Eine Anh\u00e4ngerkupplung f\u00fcr ein Wohnmobil funktioniert genauso wie eine Anh\u00e4ngerkupplung f\u00fcr ein Auto, mit dem Unterschied, dass Sie f\u00fcr den Einbau einer Anh\u00e4ngerkupplung in ein Wohnmobil unbedingt sicherstellen m\u00fcssen, dass die Anh\u00e4ngerkupplung mit dem Fahrgestell Ihres Wohnmobils kompatibel ist, dass sie zugelassen ist und dass der Fahrzeugschein mit einer vom Hersteller ausgestellten Anh\u00e4ngelast mit der Bezeichnung (COC.) kompatibel ist.<\/p><p>Mecatek, ehemals Sawiko France, bietet Ihnen eine breite Palette von Produkten und Dienstleistungen an.\u2019<strong>Anh\u00e4ngerkupplungen f\u00fcr Wohnmobile<\/strong>. Alle unsere Anh\u00e4ngerkupplungen sind nach den geltenden europ\u00e4ischen Normen und deren Aktualisierungen zugelassen und k\u00f6nnen auf die Fahrgestelle von Wohnmobilen aller Marken montiert werden, unabh\u00e4ngig davon, ob es sich um Standardfahrgestelle oder Schwerlastfahrgestelle handelt. Von 3,5 Tonnen bis 5 Tonnen k\u00f6nnen wir alle Marken von Wohnmobilen mit AL-KO-Fahrgestellen, Citro\u00ebn-Fahrgestellen, Peugeot-Fahrgestellen, Fiat-Fahrgestellen, Renault-Fahrgestellen, Ford-Fahrgestellen, Iveco-Fahrgestellen, Mercedes-Fahrgestellen, Volkswagen-Fahrgestellen oder Man-Fahrgestellen ausstatten.<\/p><p>Mecatek bietet Ihnen eine<strong>\u00a0gro\u00dfe Auswahl an Anh\u00e4ngerkupplungen f\u00fcr Wohnmobile<\/strong>. Die Entwicklung und Herstellung von Anh\u00e4ngerkupplungen ist das Herzst\u00fcck unseres Gesch\u00e4fts.<\/p><p>Wir verf\u00fcgen \u00fcber zahlreiche Modelle\u00a0<strong>von Anh\u00e4ngerkupplungen und -anh\u00e4ngern<\/strong>\u00a0die in praktisch jedes Fahrzeug und jedes Fahrgestell eingebaut werden k\u00f6nnen, auch in schwere LKWs, egal ob Wohnmobil oder Kastenwagen.<\/p><p>Da jedes Fahrzeug seine technischen Besonderheiten hat, pr\u00fcfen und bearbeiten wir Ihre Anfragen von Fall zu Fall, um Ihnen die richtige Anh\u00e4ngerkupplung zu liefern. Um Ihnen einen optimalen Service und eine optimale Beratung zu gew\u00e4hrleisten, m\u00fcssen wir daher folgende Informationen \u00fcber Ihr Fahrzeug kennen:<\/p><p>- Marke<br \/>- Modell<br \/>- Art des Fahrgestells<br \/>- Jahr der ersten Inverkehrsetzung<\/p><p>Wir k\u00f6nnen Sie dann pers\u00f6nlich f\u00fcr Ihre Anh\u00e4ngerkupplung beraten und dabei diese technischen Besonderheiten ber\u00fccksichtigen. Z\u00f6gern Sie nicht, uns f\u00fcr alle Ihre Anfragen per E-Mail oder \u00fcber das Kontaktformular zu kontaktieren, wir werden Ihnen umgehend antworten.<\/p><h2>Warum sollte man eine Anh\u00e4ngerkupplung an einem Wohnmobil anbringen?<\/h2><p>Die Installation einer Anh\u00e4ngerkupplung oder eines Anh\u00e4ngers an Ihrem Wohnmobil ist in vielerlei Hinsicht vorteilhaft. Der wichtigste Vorteil ist der Gewinn an Vielseitigkeit, den Ihnen diese Installation auf Ihren Reisen bringt. Fahrradtr\u00e4ger au\u00dfen auf Kugel oder Aufbewahrungsbox au\u00dfen auf kleinem Lastentr\u00e4ger. Wohnmobile bieten zwar einen gewissen Innenraum und verf\u00fcgen \u00fcber zahlreiche Staum\u00f6glichkeiten, stehen aber oft vor einem Problem, sobald zus\u00e4tzliches Volumen oder Gewicht ben\u00f6tigt wird. Dieses Volumen oder Gewicht einiger dieser Ausr\u00fcstungsgegenst\u00e4nde kann dann nur in einen Anh\u00e4nger oder einen Au\u00dfenlasttr\u00e4ger verlagert werden. Wenn Sie eine Anh\u00e4ngerkupplung an Ihrem Wohnmobil anbringen, k\u00f6nnen Sie Ihre sperrigsten Ausr\u00fcstungsgegenst\u00e4nde auf angemessene und sichere Weise transportieren.<\/p><p>Wenn Sie eine zugelassene Anh\u00e4ngerkupplung oder eine Anh\u00e4ngerkupplung an Ihrem Wohnmobil anbringen, k\u00f6nnen Sie Ihre schweren und sperrigen Ausr\u00fcstungsgegenst\u00e4nde sicherer transportieren. Es ist auch wichtig zu wissen, dass alle Gegenst\u00e4nde, die in das Wohnmobil oder den Anh\u00e4nger geladen werden, unbedingt fest gehalten werden m\u00fcssen und unter Ihrer alleinigen Verantwortung stehen, wenn das Fahrzeug in Bewegung ist. Die Sicherung des Inhalts im Wohnmobil ist ebenfalls zwingend erforderlich (Schubladen, T\u00fcren, Vorh\u00e4nge, Jalousien, ...) vor jeder Abreise, um jedes Unfallrisiko zu vermeiden.<\/p><p>Wenn Sie eine Anh\u00e4ngerkupplung an Ihrem Wohnmobil anbringen, haben Sie die M\u00f6glichkeit, verschiedene Arten von Anh\u00e4ngern zu ziehen: Gep\u00e4ckanh\u00e4nger, Autotransporter, Boot, Pferdeanh\u00e4nger oder Queranh\u00e4nger f\u00fcr den Transport Ihres Motorrads, Ihres Rollers und\/oder Ihrer Fahrr\u00e4der.<\/p><p>Ein Wohnmobil mit Anh\u00e4ngerkupplung ist daher die ideale L\u00f6sung, um schnell an Stauraum und verf\u00fcgbarer Ladung zu gewinnen und die Nutzlast des Wohnmobils zu erhalten.<\/p><h2>Wie w\u00e4hlt man eine Anh\u00e4ngerkupplung f\u00fcr Wohnmobile aus?<\/h2><p>Obwohl Mecateks Anh\u00e4ngerkupplungen mit einer Vielzahl von Tr\u00e4gerfahrzeugen aller Marken und Fahrzeugtypen kompatibel sind (Wohnmobil mit Alkoven, Profil, Integrierter, Van oder ausgebauter Kastenwagen), sollten Sie sich immer von einem Fachmann best\u00e4tigen lassen, ob die Installation einer Anh\u00e4ngerkupplung an Ihrem Wohnmobil m\u00f6glich ist. Viele Hersteller statten ihre Modelle n\u00e4mlich mit speziellen Verl\u00e4ngerungen aus.<\/p><p>Bestimmte Einschr\u00e4nkungen, die mit der Konfiguration des Fahrgestells Ihres Wohnmobils zusammenh\u00e4ngen, k\u00f6nnen den Einbau von Verl\u00e4ngerungen oder passenden Halterungen f\u00fcr Anh\u00e4ngerkupplungen erforderlich machen. Mecatek ist seit vielen Jahren ein unabh\u00e4ngiger Hersteller von Anh\u00e4ngerkupplungen f\u00fcr Freizeitfahrzeuge und kann Sie bei der Auswahl dieser Anh\u00e4ngerkupplungen f\u00fcr Ihr Wohnmobil beraten.<\/p><p>Zun\u00e4chst einmal sollten Sie eine Anh\u00e4ngerkupplung beantragen, die mit dem Fahrgestell Ihres Wohnmobils kompatibel ist. \u00dcberpr\u00fcfen Sie dazu das Feld F3 in Ihrem Fahrzeugschein. In diesem Feld ist festgelegt, ob und wie viel Gewicht ein Anh\u00e4nger ziehen darf:<\/p><p>- Standardfahrgestell (&lt; 3,5 T)<br \/>- LKW-Fahrgestell (&gt; 3,5 T)<br \/>Achten Sie auch darauf, dass Sie das zul\u00e4ssige Gesamtgewicht (zGG) des Wohnmobils (einschlie\u00dflich Anh\u00e4ngerkupplung) einhalten.<\/p><p>\u00dcberpr\u00fcfen Sie, ob die Anh\u00e4ngerkupplung Ihres Wohnmobils alle f\u00fcr den Einbau erforderlichen Teile enth\u00e4lt (Verl\u00e4ngerungskabel, Kupplungskugel, Halterungen, Kabelb\u00e4ume).<\/p><p>Abschlie\u00dfend m\u00f6chten wir noch erw\u00e4hnen, dass alle von Mecatek angebotenen Anh\u00e4ngerkupplungen im Labor und auf der Stra\u00dfe unter allen Bedingungen (schlechte Stra\u00dfe, Feldweg, Bodenschwellen usw.) auf ihre Belastbarkeit getestet wurden, um ihre Zuverl\u00e4ssigkeit zu gew\u00e4hrleisten.<\/p>\t\t\t\t\t\t\t\t<\/div>\n\t\t\t\t<\/div>\n\t\t<div class=\"elementor-element elementor-element-069de50 e-con-full e-flex e-con e-child\" data-id=\"069de50\" data-element_type=\"container\" data-e-type=\"container\" data-settings=\"{&quot;background_background&quot;:&quot;classic&quot;}\">\n\t\t\t\t<div class=\"elementor-element elementor-element-8904221 elementor-widget elementor-widget-image\" data-id=\"8904221\" data-element_type=\"widget\" data-e-type=\"widget\" data-widget_type=\"image.default\">\n\t\t\t\t\t\t\t\t\t\t\t\t\t\t\t<img fetchpriority=\"high\" decoding=\"async\" width=\"400\" height=\"200\" src=\"https:\/\/mecatek.eu\/wp-content\/uploads\/2025\/12\/Logo-Marque-MCK-Solutions-Attelage.png\" class=\"attachment-full size-full wp-image-989\" alt=\"Logo MCK Kupplungsl\u00f6sungen\" \/>\t\t\t\t\t\t\t\t\t\t\t\t\t\t\t<\/div>\n\t\t\t\t<div class=\"elementor-element elementor-element-4f0bb98 elementor-widget elementor-widget-text-editor\" data-id=\"4f0bb98\" data-element_type=\"widget\" data-e-type=\"widget\" data-widget_type=\"text-editor.default\">\n\t\t\t\t\t\t\t\t\t<p><strong>Technische Daten :<\/strong><\/p><ul><li>Standardfahrgestell (&lt; 3,5 T)<\/li><li>LKW-Fahrgestell (&gt; 3,5 T)<\/li><\/ul><p><strong>Fahrgestell com<\/strong><strong>geduldig :<br \/><\/strong><\/p><ul><li>AL-KO Fahrgestell, <\/li><li>Citro\u00ebn<\/li><li>Peugeot<\/li><li>Fiat<\/li><li>Renault<\/li><li>Ford<\/li><li>Iveco<\/li><li>Mercedes<\/li><li>Volkswagen<\/li><li>Man<\/li><\/ul>\t\t\t\t\t\t\t\t<\/div>\n\t\t\t\t<div class=\"elementor-element elementor-element-85c071b elementor-widget elementor-widget-gallery\" data-id=\"85c071b\" data-element_type=\"widget\" data-e-type=\"widget\" data-settings=\"{&quot;columns&quot;:2,&quot;columns_mobile&quot;:2,&quot;gap&quot;:{&quot;unit&quot;:&quot;px&quot;,&quot;size&quot;:5,&quot;sizes&quot;:[]},&quot;image_hover_animation&quot;:&quot;grow&quot;,&quot;lazyload&quot;:&quot;yes&quot;,&quot;gallery_layout&quot;:&quot;grid&quot;,&quot;columns_tablet&quot;:2,&quot;gap_tablet&quot;:{&quot;unit&quot;:&quot;px&quot;,&quot;size&quot;:10,&quot;sizes&quot;:[]},&quot;gap_mobile&quot;:{&quot;unit&quot;:&quot;px&quot;,&quot;size&quot;:10,&quot;sizes&quot;:[]},&quot;aspect_ratio&quot;:&quot;3:2&quot;,&quot;content_hover_animation&quot;:&quot;fade-in&quot;}\" data-widget_type=\"gallery.default\">\n\t\t\t\t\t\t\t<div class=\"elementor-gallery__container\">\n\t\t\t\t\t\t\t<div class=\"e-gallery-item elementor-gallery-item elementor-animated-content\">\n\t\t\t\t\t<div class=\"e-gallery-image elementor-gallery-item__image\" data-thumbnail=\"https:\/\/mecatek.eu\/wp-content\/uploads\/2025\/11\/logo-alko.jpg\" data-width=\"300\" data-height=\"200\" aria-label=\"Alko-Logo\" role=\"img\" ><\/div>\n\t\t\t\t\t\t\t\t\t\t\t\t\t\t<\/div>\n\t\t\t\t\t\t\t<div class=\"e-gallery-item elementor-gallery-item elementor-animated-content\">\n\t\t\t\t\t<div class=\"e-gallery-image elementor-gallery-item__image\" data-thumbnail=\"https:\/\/mecatek.eu\/wp-content\/uploads\/2025\/11\/logo-fiat.jpg\" data-width=\"300\" data-height=\"200\" aria-label=\"Fiat-Logo\" role=\"img\" ><\/div>\n\t\t\t\t\t\t\t\t\t\t\t\t\t\t<\/div>\n\t\t\t\t\t\t\t<div class=\"e-gallery-item elementor-gallery-item elementor-animated-content\">\n\t\t\t\t\t<div class=\"e-gallery-image elementor-gallery-item__image\" data-thumbnail=\"https:\/\/mecatek.eu\/wp-content\/uploads\/2025\/11\/logo-peugeot.jpg\" data-width=\"300\" data-height=\"200\" aria-label=\"Peugeot-Logo\" role=\"img\" ><\/div>\n\t\t\t\t\t\t\t\t\t\t\t\t\t\t<\/div>\n\t\t\t\t\t\t\t<div class=\"e-gallery-item elementor-gallery-item elementor-animated-content\">\n\t\t\t\t\t<div class=\"e-gallery-image elementor-gallery-item__image\" data-thumbnail=\"https:\/\/mecatek.eu\/wp-content\/uploads\/2025\/11\/logo-citroen.jpg\" data-width=\"300\" data-height=\"200\" aria-label=\"Citro\u00ebn-Logo\" role=\"img\" ><\/div>\n\t\t\t\t\t\t\t\t\t\t\t\t\t\t<\/div>\n\t\t\t\t\t\t\t<div class=\"e-gallery-item elementor-gallery-item elementor-animated-content\">\n\t\t\t\t\t<div class=\"e-gallery-image elementor-gallery-item__image\" data-thumbnail=\"https:\/\/mecatek.eu\/wp-content\/uploads\/2025\/11\/logo-renault.jpg\" data-width=\"300\" data-height=\"200\" aria-label=\"Renault-Logo\" role=\"img\" ><\/div>\n\t\t\t\t\t\t\t\t\t\t\t\t\t\t<\/div>\n\t\t\t\t\t\t\t<div class=\"e-gallery-item elementor-gallery-item elementor-animated-content\">\n\t\t\t\t\t<div class=\"e-gallery-image elementor-gallery-item__image\" data-thumbnail=\"https:\/\/mecatek.eu\/wp-content\/uploads\/2025\/11\/logo-ford.jpg\" data-width=\"300\" data-height=\"200\" aria-label=\"Ford-Logo\" role=\"img\" ><\/div>\n\t\t\t\t\t\t\t\t\t\t\t\t\t\t<\/div>\n\t\t\t\t\t\t\t<div class=\"e-gallery-item elementor-gallery-item elementor-animated-content\">\n\t\t\t\t\t<div class=\"e-gallery-image elementor-gallery-item__image\" data-thumbnail=\"https:\/\/mecatek.eu\/wp-content\/uploads\/2025\/11\/logo-mercedes.jpg\" data-width=\"300\" data-height=\"200\" aria-label=\"Mercedes-Logo\" role=\"img\" ><\/div>\n\t\t\t\t\t\t\t\t\t\t\t\t\t\t<\/div>\n\t\t\t\t\t\t\t<div class=\"e-gallery-item elementor-gallery-item elementor-animated-content\">\n\t\t\t\t\t<div class=\"e-gallery-image elementor-gallery-item__image\" data-thumbnail=\"https:\/\/mecatek.eu\/wp-content\/uploads\/2025\/11\/logo-man.jpg\" data-width=\"300\" data-height=\"200\" aria-label=\"MAN-Logo\" role=\"img\" ><\/div>\n\t\t\t\t\t\t\t\t\t\t\t\t\t\t<\/div>\n\t\t\t\t\t\t\t<div class=\"e-gallery-item elementor-gallery-item elementor-animated-content\">\n\t\t\t\t\t<div class=\"e-gallery-image elementor-gallery-item__image\" data-thumbnail=\"https:\/\/mecatek.eu\/wp-content\/uploads\/2025\/11\/logo-vw.jpg\" data-width=\"300\" data-height=\"200\" aria-label=\"VW-Logo\" role=\"img\" ><\/div>\n\t\t\t\t\t\t\t\t\t\t\t\t\t\t<\/div>\n\t\t\t\t\t\t\t<div class=\"e-gallery-item elementor-gallery-item elementor-animated-content\">\n\t\t\t\t\t<div class=\"e-gallery-image elementor-gallery-item__image\" data-thumbnail=\"https:\/\/mecatek.eu\/wp-content\/uploads\/2025\/11\/logo-iveco.jpg\" data-width=\"300\" data-height=\"200\" aria-label=\"IVECO-Logo\" role=\"img\" ><\/div>\n\t\t\t\t\t\t\t\t\t\t\t\t\t\t<\/div>\n\t\t\t\t\t<\/div>\n\t\t\t\t\t<\/div>\n\t\t\t\t<\/div>\n\t\t\t\t<\/div>\n\t\t\t\t\t<\/div>\n\t\t\t\t<\/div>\n\t\t\t\t<\/div>","protected":false},"excerpt":{"rendered":"<p>Die Mecatek-Anh\u00e4ngerkupplung f\u00fcr Wohnmobile wurde entwickelt, um Ihre schwerste Ausr\u00fcstung sicher zu ziehen. Sie ist nach den europ\u00e4ischen Normen zugelassen und passt auf alle Fahrgestelle von Wohnmobilen: AL-KO, Fiat, Peugeot, Citro\u00ebn, Renault, Ford, Iveco, Mercedes oder Volkswagen. Jede Kupplung, die von 3,5 bis 5 Tonnen erh\u00e4ltlich ist, wurde so entwickelt, dass sie den technischen Besonderheiten Ihres Fahrzeugs entspricht. Entscheiden Sie sich f\u00fcr eine langlebige, zuverl\u00e4ssige Anh\u00e4ngerkupplung, die perfekt mit Ihrem Wohnmobil kompatibel ist.<\/p>","protected":false},"featured_media":772,"comment_status":"closed","ping_status":"closed","template":"","meta":[],"product_brand":[63],"product_cat":[29],"product_tag":[],"class_list":{"0":"post-716","1":"product","2":"type-product","3":"status-publish","4":"has-post-thumbnail","6":"product_brand-mck","7":"product_cat-attache-remorques-camping-car","9":"first","10":"instock","11":"shipping-taxable","12":"product-type-simple"},"yoast_head":"<!-- This site is optimized with the Yoast SEO plugin v26.9 - https:\/\/yoast.com\/product\/yoast-seo-wordpress\/ -->\n<title>Attache-remorques pour camping-car - Mecatek (ex-Sawiko France)<\/title>\n<meta name=\"description\" content=\"Fabricant et vente d&#039;attelage pour camping car, fourgon et van am\u00e9nag\u00e9 : Mecatek vous propose une large gamme d&#039;attache-remorques.\" \/>\n<meta name=\"robots\" content=\"index, follow, max-snippet:-1, max-image-preview:large, max-video-preview:-1\" \/>\n<link rel=\"canonical\" href=\"https:\/\/mecatek.eu\/de\/produkt\/anhangerkupplung-fur-wohnmobile-2\/\" \/>\n<meta property=\"og:locale\" content=\"de_DE\" \/>\n<meta property=\"og:type\" content=\"article\" \/>\n<meta property=\"og:title\" content=\"Attache-remorques pour camping-car - Mecatek (ex-Sawiko France)\" \/>\n<meta property=\"og:description\" content=\"Fabricant et vente d&#039;attelage pour camping car, fourgon et van am\u00e9nag\u00e9 : Mecatek vous propose une large gamme d&#039;attache-remorques.\" \/>\n<meta property=\"og:url\" content=\"https:\/\/mecatek.eu\/de\/produkt\/anhangerkupplung-fur-wohnmobile-2\/\" \/>\n<meta property=\"og:site_name\" content=\"Mecatek (ex-Sawiko France)\" \/>\n<meta property=\"article:modified_time\" content=\"2026-01-22T15:23:12+00:00\" \/>\n<meta property=\"og:image\" content=\"http:\/\/mecatek.eu\/wp-content\/uploads\/2025\/11\/1-1_Attache-remorques-camping-car_001.jpg\" \/>\n\t<meta property=\"og:image:width\" content=\"800\" \/>\n\t<meta property=\"og:image:height\" content=\"800\" \/>\n\t<meta property=\"og:image:type\" content=\"image\/jpeg\" \/>\n<meta name=\"twitter:card\" content=\"summary_large_image\" \/>\n<meta name=\"twitter:label1\" content=\"Gesch\u00e4tzte Lesezeit\" \/>\n\t<meta name=\"twitter:data1\" content=\"5\u00a0Minuten\" \/>\n<script type=\"application\/ld+json\" class=\"yoast-schema-graph\">{\"@context\":\"https:\/\/schema.org\",\"@graph\":[{\"@type\":\"WebPage\",\"@id\":\"https:\/\/mecatek.eu\/produit\/attache-remorques-pour-camping-car\/\",\"url\":\"https:\/\/mecatek.eu\/produit\/attache-remorques-pour-camping-car\/\",\"name\":\"Attache-remorques pour camping-car - Mecatek (ex-Sawiko France)\",\"isPartOf\":{\"@id\":\"https:\/\/mecatek.eu\/#website\"},\"primaryImageOfPage\":{\"@id\":\"https:\/\/mecatek.eu\/produit\/attache-remorques-pour-camping-car\/#primaryimage\"},\"image\":{\"@id\":\"https:\/\/mecatek.eu\/produit\/attache-remorques-pour-camping-car\/#primaryimage\"},\"thumbnailUrl\":\"https:\/\/mecatek.eu\/wp-content\/uploads\/2025\/11\/1-1_Attache-remorques-camping-car_001.jpg\",\"datePublished\":\"2025-11-21T16:19:36+00:00\",\"dateModified\":\"2026-01-22T15:23:12+00:00\",\"description\":\"Fabricant et vente d'attelage pour camping car, fourgon et van am\u00e9nag\u00e9 : Mecatek vous propose une large gamme d'attache-remorques.\",\"breadcrumb\":{\"@id\":\"https:\/\/mecatek.eu\/produit\/attache-remorques-pour-camping-car\/#breadcrumb\"},\"inLanguage\":\"de\",\"potentialAction\":[{\"@type\":\"ReadAction\",\"target\":[\"https:\/\/mecatek.eu\/produit\/attache-remorques-pour-camping-car\/\"]}]},{\"@type\":\"ImageObject\",\"inLanguage\":\"de\",\"@id\":\"https:\/\/mecatek.eu\/produit\/attache-remorques-pour-camping-car\/#primaryimage\",\"url\":\"https:\/\/mecatek.eu\/wp-content\/uploads\/2025\/11\/1-1_Attache-remorques-camping-car_001.jpg\",\"contentUrl\":\"https:\/\/mecatek.eu\/wp-content\/uploads\/2025\/11\/1-1_Attache-remorques-camping-car_001.jpg\",\"width\":800,\"height\":800,\"caption\":\"Attache-remorques pour camping-car\"},{\"@type\":\"BreadcrumbList\",\"@id\":\"https:\/\/mecatek.eu\/produit\/attache-remorques-pour-camping-car\/#breadcrumb\",\"itemListElement\":[{\"@type\":\"ListItem\",\"position\":1,\"name\":\"Accueil\",\"item\":\"https:\/\/mecatek.eu\/\"},{\"@type\":\"ListItem\",\"position\":2,\"name\":\"Catalogue\",\"item\":\"https:\/\/mecatek.eu\/catalogue\/\"},{\"@type\":\"ListItem\",\"position\":3,\"name\":\"Attache-remorques pour camping-car\"}]},{\"@type\":\"WebSite\",\"@id\":\"https:\/\/mecatek.eu\/#website\",\"url\":\"https:\/\/mecatek.eu\/\",\"name\":\"Mecatek (ex-Sawiko France)\",\"description\":\"Fabricant d&#039;attelages pour camping-car et fourgon - Mecatek\",\"publisher\":{\"@id\":\"https:\/\/mecatek.eu\/#organization\"},\"potentialAction\":[{\"@type\":\"SearchAction\",\"target\":{\"@type\":\"EntryPoint\",\"urlTemplate\":\"https:\/\/mecatek.eu\/?s={search_term_string}\"},\"query-input\":{\"@type\":\"PropertyValueSpecification\",\"valueRequired\":true,\"valueName\":\"search_term_string\"}}],\"inLanguage\":\"de\"},{\"@type\":\"Organization\",\"@id\":\"https:\/\/mecatek.eu\/#organization\",\"name\":\"Mecatek (ex-Sawiko France)\",\"url\":\"https:\/\/mecatek.eu\/\",\"logo\":{\"@type\":\"ImageObject\",\"inLanguage\":\"de\",\"@id\":\"https:\/\/mecatek.eu\/#\/schema\/logo\/image\/\",\"url\":\"http:\/\/mecatek.eu\/wp-content\/uploads\/2026\/01\/Logo-Mecatek-Solutions-techniques-2025-300px.png\",\"contentUrl\":\"http:\/\/mecatek.eu\/wp-content\/uploads\/2026\/01\/Logo-Mecatek-Solutions-techniques-2025-300px.png\",\"width\":400,\"height\":94,\"caption\":\"Mecatek (ex-Sawiko France)\"},\"image\":{\"@id\":\"https:\/\/mecatek.eu\/#\/schema\/logo\/image\/\"}}]}<\/script>\n<!-- \/ Yoast SEO plugin. -->","yoast_head_json":{"title":"Anh\u00e4ngerkupplung f\u00fcr Wohnmobile - Mecatek (ehemals Sawiko Deutschland)","description":"Hersteller und Verkauf von Anh\u00e4ngerkupplungen f\u00fcr Wohnmobile, Kastenwagen und ausgebaute Transporter: Mecatek bietet Ihnen eine gro\u00dfe Auswahl an Anh\u00e4ngerkupplungen.","robots":{"index":"index","follow":"follow","max-snippet":"max-snippet:-1","max-image-preview":"max-image-preview:large","max-video-preview":"max-video-preview:-1"},"canonical":"https:\/\/mecatek.eu\/de\/produkt\/anhangerkupplung-fur-wohnmobile-2\/","og_locale":"de_DE","og_type":"article","og_title":"Attache-remorques pour camping-car - Mecatek (ex-Sawiko France)","og_description":"Fabricant et vente d'attelage pour camping car, fourgon et van am\u00e9nag\u00e9 : Mecatek vous propose une large gamme d'attache-remorques.","og_url":"https:\/\/mecatek.eu\/de\/produkt\/anhangerkupplung-fur-wohnmobile-2\/","og_site_name":"Mecatek (ex-Sawiko France)","article_modified_time":"2026-01-22T15:23:12+00:00","og_image":[{"width":800,"height":800,"url":"http:\/\/mecatek.eu\/wp-content\/uploads\/2025\/11\/1-1_Attache-remorques-camping-car_001.jpg","type":"image\/jpeg"}],"twitter_card":"summary_large_image","twitter_misc":{"Gesch\u00e4tzte Lesezeit":"5\u00a0Minuten"},"schema":{"@context":"https:\/\/schema.org","@graph":[{"@type":"WebPage","@id":"https:\/\/mecatek.eu\/produit\/attache-remorques-pour-camping-car\/","url":"https:\/\/mecatek.eu\/produit\/attache-remorques-pour-camping-car\/","name":"Anh\u00e4ngerkupplung f\u00fcr Wohnmobile - Mecatek (ehemals Sawiko Deutschland)","isPartOf":{"@id":"https:\/\/mecatek.eu\/#website"},"primaryImageOfPage":{"@id":"https:\/\/mecatek.eu\/produit\/attache-remorques-pour-camping-car\/#primaryimage"},"image":{"@id":"https:\/\/mecatek.eu\/produit\/attache-remorques-pour-camping-car\/#primaryimage"},"thumbnailUrl":"https:\/\/mecatek.eu\/wp-content\/uploads\/2025\/11\/1-1_Attache-remorques-camping-car_001.jpg","datePublished":"2025-11-21T16:19:36+00:00","dateModified":"2026-01-22T15:23:12+00:00","description":"Hersteller und Verkauf von Anh\u00e4ngerkupplungen f\u00fcr Wohnmobile, Kastenwagen und ausgebaute Transporter: Mecatek bietet Ihnen eine gro\u00dfe Auswahl an Anh\u00e4ngerkupplungen.","breadcrumb":{"@id":"https:\/\/mecatek.eu\/produit\/attache-remorques-pour-camping-car\/#breadcrumb"},"inLanguage":"de","potentialAction":[{"@type":"ReadAction","target":["https:\/\/mecatek.eu\/produit\/attache-remorques-pour-camping-car\/"]}]},{"@type":"ImageObject","inLanguage":"de","@id":"https:\/\/mecatek.eu\/produit\/attache-remorques-pour-camping-car\/#primaryimage","url":"https:\/\/mecatek.eu\/wp-content\/uploads\/2025\/11\/1-1_Attache-remorques-camping-car_001.jpg","contentUrl":"https:\/\/mecatek.eu\/wp-content\/uploads\/2025\/11\/1-1_Attache-remorques-camping-car_001.jpg","width":800,"height":800,"caption":"Attache-remorques pour camping-car"},{"@type":"BreadcrumbList","@id":"https:\/\/mecatek.eu\/produit\/attache-remorques-pour-camping-car\/#breadcrumb","itemListElement":[{"@type":"ListItem","position":1,"name":"Accueil","item":"https:\/\/mecatek.eu\/"},{"@type":"ListItem","position":2,"name":"Catalogue","item":"https:\/\/mecatek.eu\/catalogue\/"},{"@type":"ListItem","position":3,"name":"Attache-remorques pour camping-car"}]},{"@type":"WebSite","@id":"https:\/\/mecatek.eu\/#website","url":"https:\/\/mecatek.eu\/","name":"Mecatek (ehemals Sawiko Frankreich)","description":"Hersteller von Anh\u00e4ngerkupplungen f\u00fcr Wohnmobile und Lieferwagen - Mecatek","publisher":{"@id":"https:\/\/mecatek.eu\/#organization"},"potentialAction":[{"@type":"SearchAction","target":{"@type":"EntryPoint","urlTemplate":"https:\/\/mecatek.eu\/?s={search_term_string}"},"query-input":{"@type":"PropertyValueSpecification","valueRequired":true,"valueName":"search_term_string"}}],"inLanguage":"de"},{"@type":"Organization","@id":"https:\/\/mecatek.eu\/#organization","name":"Mecatek (ehemals Sawiko Frankreich)","url":"https:\/\/mecatek.eu\/","logo":{"@type":"ImageObject","inLanguage":"de","@id":"https:\/\/mecatek.eu\/#\/schema\/logo\/image\/","url":"http:\/\/mecatek.eu\/wp-content\/uploads\/2026\/01\/Logo-Mecatek-Solutions-techniques-2025-300px.png","contentUrl":"http:\/\/mecatek.eu\/wp-content\/uploads\/2026\/01\/Logo-Mecatek-Solutions-techniques-2025-300px.png","width":400,"height":94,"caption":"Mecatek (ex-Sawiko France)"},"image":{"@id":"https:\/\/mecatek.eu\/#\/schema\/logo\/image\/"}}]}},"_links":{"self":[{"href":"https:\/\/mecatek.eu\/de\/wp-json\/wp\/v2\/product\/716","targetHints":{"allow":["GET"]}}],"collection":[{"href":"https:\/\/mecatek.eu\/de\/wp-json\/wp\/v2\/product"}],"about":[{"href":"https:\/\/mecatek.eu\/de\/wp-json\/wp\/v2\/types\/product"}],"replies":[{"embeddable":true,"href":"https:\/\/mecatek.eu\/de\/wp-json\/wp\/v2\/comments?post=716"}],"version-history":[{"count":20,"href":"https:\/\/mecatek.eu\/de\/wp-json\/wp\/v2\/product\/716\/revisions"}],"predecessor-version":[{"id":2438,"href":"https:\/\/mecatek.eu\/de\/wp-json\/wp\/v2\/product\/716\/revisions\/2438"}],"wp:featuredmedia":[{"embeddable":true,"href":"https:\/\/mecatek.eu\/de\/wp-json\/wp\/v2\/media\/772"}],"wp:attachment":[{"href":"https:\/\/mecatek.eu\/de\/wp-json\/wp\/v2\/media?parent=716"}],"wp:term":[{"taxonomy":"product_brand","embeddable":true,"href":"https:\/\/mecatek.eu\/de\/wp-json\/wp\/v2\/product_brand?post=716"},{"taxonomy":"product_cat","embeddable":true,"href":"https:\/\/mecatek.eu\/de\/wp-json\/wp\/v2\/product_cat?post=716"},{"taxonomy":"product_tag","embeddable":true,"href":"https:\/\/mecatek.eu\/de\/wp-json\/wp\/v2\/product_tag?post=716"}],"curies":[{"name":"wp","href":"https:\/\/api.w.org\/{rel}","templated":true}]}}