{"id":1841,"date":"2025-11-30T15:13:28","date_gmt":"2025-11-30T14:13:28","guid":{"rendered":"https:\/\/mecatek.eu\/?post_type=product&#038;p=1841"},"modified":"2026-01-28T10:00:46","modified_gmt":"2026-01-28T09:00:46","slug":"anhangerkupplung-fur-nutzfahrzeuge","status":"publish","type":"product","link":"https:\/\/mecatek.eu\/de\/produkt\/anhangerkupplung-fur-nutzfahrzeuge\/","title":{"rendered":"Anh\u00e4ngerkupplung f\u00fcr Nutzfahrzeuge"},"content":{"rendered":"<div data-elementor-type=\"product-post\" data-elementor-id=\"1841\" class=\"elementor elementor-1841\" data-elementor-post-type=\"product\">\n\t\t\t\t<div class=\"elementor-element elementor-element-599cf7cd e-flex e-con-boxed e-con e-parent\" data-id=\"599cf7cd\" data-element_type=\"container\" data-e-type=\"container\">\n\t\t\t\t\t<div class=\"e-con-inner\">\n\t\t<div class=\"elementor-element elementor-element-ea51c49 e-con-full e-flex e-con e-child\" data-id=\"ea51c49\" data-element_type=\"container\" data-e-type=\"container\">\n\t\t<div class=\"elementor-element elementor-element-6381e05 e-con-full e-flex e-con e-child\" data-id=\"6381e05\" data-element_type=\"container\" data-e-type=\"container\">\n\t\t\t\t<div class=\"elementor-element elementor-element-c08e1a9 elementor-widget elementor-widget-text-editor\" data-id=\"c08e1a9\" data-element_type=\"widget\" data-e-type=\"widget\" data-widget_type=\"text-editor.default\">\n\t\t\t\t\t\t\t\t\t<h2>Anh\u00e4ngerkupplung Nutzfahrzeugtransporter<\/h2>\t\t\t\t\t\t\t\t<\/div>\n\t\t\t\t<div class=\"elementor-element elementor-element-0ff0df5 elementor-widget elementor-widget-text-editor\" data-id=\"0ff0df5\" data-element_type=\"widget\" data-e-type=\"widget\" data-widget_type=\"text-editor.default\">\n\t\t\t\t\t\t\t\t\t<p>Mecatek bietet viele verschiedene Modelle von Anh\u00e4ngerkupplungen an, die auf fast alle Fahrgestelle von Lieferwagen der folgenden Marken montiert werden k\u00f6nnen\u00a0<\/p><ul><li>Fiat<\/li><li>Peugeot<\/li><li>Citro\u00ebn<\/li><li>Renault<\/li><li>Mercedes<\/li><li>VW<\/li><li>Ford<\/li><li>Iveco<\/li><\/ul><p>Mecatek hat auch Rahmenverl\u00e4ngerungen und Verst\u00e4rkungen, die f\u00fcr viele Anwendungen geeignet sind.<\/p>\t\t\t\t\t\t\t\t<\/div>\n\t\t\t\t<\/div>\n\t\t<div class=\"elementor-element elementor-element-b9542ae e-con-full e-flex e-con e-child\" data-id=\"b9542ae\" data-element_type=\"container\" data-e-type=\"container\" data-settings=\"{&quot;background_background&quot;:&quot;classic&quot;}\">\n\t\t\t\t<div class=\"elementor-element elementor-element-16d5254 elementor-widget elementor-widget-image\" data-id=\"16d5254\" data-element_type=\"widget\" data-e-type=\"widget\" data-widget_type=\"image.default\">\n\t\t\t\t\t\t\t\t\t\t\t\t\t\t\t<img fetchpriority=\"high\" decoding=\"async\" width=\"400\" height=\"200\" src=\"https:\/\/mecatek.eu\/wp-content\/uploads\/2025\/12\/Logo-Marque-MCK-Solutions-Attelage.png\" class=\"attachment-full size-full wp-image-989 wp-post-image\" alt=\"Logo MCK Kupplungsl\u00f6sungen\" \/>\t\t\t\t\t\t\t\t\t\t\t\t\t\t\t<\/div>\n\t\t\t\t<div class=\"elementor-element elementor-element-73cfe5b elementor-widget elementor-widget-text-editor\" data-id=\"73cfe5b\" data-element_type=\"widget\" data-e-type=\"widget\" data-widget_type=\"text-editor.default\">\n\t\t\t\t\t\t\t\t\t<p><strong>Fahrzeuge com<\/strong><strong>geduldig :<\/strong><\/p><ul><li>Fahrgestell 3,5 bis 5 Tonnen<\/li><\/ul>\t\t\t\t\t\t\t\t<\/div>\n\t\t\t\t<div class=\"elementor-element elementor-element-c3b2951 elementor-widget elementor-widget-gallery\" data-id=\"c3b2951\" data-element_type=\"widget\" data-e-type=\"widget\" data-settings=\"{&quot;columns&quot;:2,&quot;columns_mobile&quot;:2,&quot;gap&quot;:{&quot;unit&quot;:&quot;px&quot;,&quot;size&quot;:5,&quot;sizes&quot;:[]},&quot;image_hover_animation&quot;:&quot;grow&quot;,&quot;lazyload&quot;:&quot;yes&quot;,&quot;gallery_layout&quot;:&quot;grid&quot;,&quot;columns_tablet&quot;:2,&quot;gap_tablet&quot;:{&quot;unit&quot;:&quot;px&quot;,&quot;size&quot;:10,&quot;sizes&quot;:[]},&quot;gap_mobile&quot;:{&quot;unit&quot;:&quot;px&quot;,&quot;size&quot;:10,&quot;sizes&quot;:[]},&quot;aspect_ratio&quot;:&quot;3:2&quot;,&quot;content_hover_animation&quot;:&quot;fade-in&quot;}\" data-widget_type=\"gallery.default\">\n\t\t\t\t\t\t\t<div class=\"elementor-gallery__container\">\n\t\t\t\t\t\t\t<div class=\"e-gallery-item elementor-gallery-item elementor-animated-content\">\n\t\t\t\t\t<div class=\"e-gallery-image elementor-gallery-item__image\" data-thumbnail=\"https:\/\/mecatek.eu\/wp-content\/uploads\/2025\/11\/logo-fiat.jpg\" data-width=\"300\" data-height=\"200\" aria-label=\"Fiat-Logo\" role=\"img\" ><\/div>\n\t\t\t\t\t\t\t\t\t\t\t\t\t\t<\/div>\n\t\t\t\t\t\t\t<div class=\"e-gallery-item elementor-gallery-item elementor-animated-content\">\n\t\t\t\t\t<div class=\"e-gallery-image elementor-gallery-item__image\" data-thumbnail=\"https:\/\/mecatek.eu\/wp-content\/uploads\/2025\/11\/logo-peugeot.jpg\" data-width=\"300\" data-height=\"200\" aria-label=\"Peugeot-Logo\" role=\"img\" ><\/div>\n\t\t\t\t\t\t\t\t\t\t\t\t\t\t<\/div>\n\t\t\t\t\t\t\t<div class=\"e-gallery-item elementor-gallery-item elementor-animated-content\">\n\t\t\t\t\t<div class=\"e-gallery-image elementor-gallery-item__image\" data-thumbnail=\"https:\/\/mecatek.eu\/wp-content\/uploads\/2025\/11\/logo-citroen.jpg\" data-width=\"300\" data-height=\"200\" aria-label=\"Citro\u00ebn-Logo\" role=\"img\" ><\/div>\n\t\t\t\t\t\t\t\t\t\t\t\t\t\t<\/div>\n\t\t\t\t\t\t\t<div class=\"e-gallery-item elementor-gallery-item elementor-animated-content\">\n\t\t\t\t\t<div class=\"e-gallery-image elementor-gallery-item__image\" data-thumbnail=\"https:\/\/mecatek.eu\/wp-content\/uploads\/2025\/11\/logo-renault.jpg\" data-width=\"300\" data-height=\"200\" aria-label=\"Renault-Logo\" role=\"img\" ><\/div>\n\t\t\t\t\t\t\t\t\t\t\t\t\t\t<\/div>\n\t\t\t\t\t\t\t<div class=\"e-gallery-item elementor-gallery-item elementor-animated-content\">\n\t\t\t\t\t<div class=\"e-gallery-image elementor-gallery-item__image\" data-thumbnail=\"https:\/\/mecatek.eu\/wp-content\/uploads\/2025\/11\/logo-mercedes.jpg\" data-width=\"300\" data-height=\"200\" aria-label=\"Mercedes-Logo\" role=\"img\" ><\/div>\n\t\t\t\t\t\t\t\t\t\t\t\t\t\t<\/div>\n\t\t\t\t\t\t\t<div class=\"e-gallery-item elementor-gallery-item elementor-animated-content\">\n\t\t\t\t\t<div class=\"e-gallery-image elementor-gallery-item__image\" data-thumbnail=\"https:\/\/mecatek.eu\/wp-content\/uploads\/2025\/11\/logo-vw.jpg\" data-width=\"300\" data-height=\"200\" aria-label=\"VW-Logo\" role=\"img\" ><\/div>\n\t\t\t\t\t\t\t\t\t\t\t\t\t\t<\/div>\n\t\t\t\t\t\t\t<div class=\"e-gallery-item elementor-gallery-item elementor-animated-content\">\n\t\t\t\t\t<div class=\"e-gallery-image elementor-gallery-item__image\" data-thumbnail=\"https:\/\/mecatek.eu\/wp-content\/uploads\/2025\/11\/logo-ford.jpg\" data-width=\"300\" data-height=\"200\" aria-label=\"Ford-Logo\" role=\"img\" ><\/div>\n\t\t\t\t\t\t\t\t\t\t\t\t\t\t<\/div>\n\t\t\t\t\t\t\t<div class=\"e-gallery-item elementor-gallery-item elementor-animated-content\">\n\t\t\t\t\t<div class=\"e-gallery-image elementor-gallery-item__image\" data-thumbnail=\"https:\/\/mecatek.eu\/wp-content\/uploads\/2025\/11\/logo-iveco.jpg\" data-width=\"300\" data-height=\"200\" aria-label=\"IVECO-Logo\" role=\"img\" ><\/div>\n\t\t\t\t\t\t\t\t\t\t\t\t\t\t<\/div>\n\t\t\t\t\t<\/div>\n\t\t\t\t\t<\/div>\n\t\t\t\t<\/div>\n\t\t\t\t<\/div>\n\t\t\t\t\t<\/div>\n\t\t\t\t<\/div>\n\t\t\t\t<\/div>","protected":false},"excerpt":{"rendered":"<p>Mecatek, ehemals Sawiko France, bietet eine breite Palette an Anh\u00e4ngerkupplungen f\u00fcr Lieferwagen vom Typ Kleintransporter an.<\/p>","protected":false},"featured_media":776,"comment_status":"closed","ping_status":"closed","template":"","meta":[],"product_brand":[63],"product_cat":[83],"product_tag":[],"class_list":{"0":"post-1841","1":"product","2":"type-product","3":"status-publish","4":"has-post-thumbnail","6":"product_brand-mck","7":"product_cat-attache-remorques-pour-vehicules-industriels","9":"first","10":"instock","11":"shipping-taxable","12":"product-type-simple"},"yoast_head":"<!-- This site is optimized with the Yoast SEO plugin v26.9 - https:\/\/yoast.com\/product\/yoast-seo-wordpress\/ -->\n<title>Attache-remorques pour v\u00e9hicules utilitaires - Mecatek (ex-Sawiko France)<\/title>\n<meta name=\"description\" content=\"Fabricant et vente d&#039;attelage pour v\u00e9hicule industriel et v\u00e9hicule utilitaire : Mecatek vous propose une large gamme d&#039;attache-remorques.\" \/>\n<meta name=\"robots\" content=\"index, follow, max-snippet:-1, max-image-preview:large, max-video-preview:-1\" \/>\n<link rel=\"canonical\" href=\"https:\/\/mecatek.eu\/de\/produkt\/anhangerkupplung-fur-nutzfahrzeuge\/\" \/>\n<meta property=\"og:locale\" content=\"de_DE\" \/>\n<meta property=\"og:type\" content=\"article\" \/>\n<meta property=\"og:title\" content=\"Attache-remorques pour v\u00e9hicules utilitaires - Mecatek (ex-Sawiko France)\" \/>\n<meta property=\"og:description\" content=\"Fabricant et vente d&#039;attelage pour v\u00e9hicule industriel et v\u00e9hicule utilitaire : Mecatek vous propose une large gamme d&#039;attache-remorques.\" \/>\n<meta property=\"og:url\" content=\"https:\/\/mecatek.eu\/de\/produkt\/anhangerkupplung-fur-nutzfahrzeuge\/\" \/>\n<meta property=\"og:site_name\" content=\"Mecatek (ex-Sawiko France)\" \/>\n<meta property=\"article:modified_time\" content=\"2026-01-28T09:00:46+00:00\" \/>\n<meta property=\"og:image\" content=\"http:\/\/mecatek.eu\/wp-content\/uploads\/2025\/11\/1-1_Attache-remorques-camping-car_005.jpg\" \/>\n\t<meta property=\"og:image:width\" content=\"800\" \/>\n\t<meta property=\"og:image:height\" content=\"800\" \/>\n\t<meta property=\"og:image:type\" content=\"image\/jpeg\" \/>\n<meta name=\"twitter:card\" content=\"summary_large_image\" \/>\n<meta name=\"twitter:label1\" content=\"Gesch\u00e4tzte Lesezeit\" \/>\n\t<meta name=\"twitter:data1\" content=\"1\u00a0Minute\" \/>\n<script type=\"application\/ld+json\" class=\"yoast-schema-graph\">{\"@context\":\"https:\/\/schema.org\",\"@graph\":[{\"@type\":\"WebPage\",\"@id\":\"https:\/\/mecatek.eu\/produit\/attache-remorques-pour-vehicules-utilitaires\/\",\"url\":\"https:\/\/mecatek.eu\/produit\/attache-remorques-pour-vehicules-utilitaires\/\",\"name\":\"Attache-remorques pour v\u00e9hicules utilitaires - Mecatek (ex-Sawiko France)\",\"isPartOf\":{\"@id\":\"https:\/\/mecatek.eu\/#website\"},\"primaryImageOfPage\":{\"@id\":\"https:\/\/mecatek.eu\/produit\/attache-remorques-pour-vehicules-utilitaires\/#primaryimage\"},\"image\":{\"@id\":\"https:\/\/mecatek.eu\/produit\/attache-remorques-pour-vehicules-utilitaires\/#primaryimage\"},\"thumbnailUrl\":\"https:\/\/mecatek.eu\/wp-content\/uploads\/2025\/11\/1-1_Attache-remorques-camping-car_005.jpg\",\"datePublished\":\"2025-11-30T14:13:28+00:00\",\"dateModified\":\"2026-01-28T09:00:46+00:00\",\"description\":\"Fabricant et vente d'attelage pour v\u00e9hicule industriel et v\u00e9hicule utilitaire : Mecatek vous propose une large gamme d'attache-remorques.\",\"breadcrumb\":{\"@id\":\"https:\/\/mecatek.eu\/produit\/attache-remorques-pour-vehicules-utilitaires\/#breadcrumb\"},\"inLanguage\":\"de\",\"potentialAction\":[{\"@type\":\"ReadAction\",\"target\":[\"https:\/\/mecatek.eu\/produit\/attache-remorques-pour-vehicules-utilitaires\/\"]}]},{\"@type\":\"ImageObject\",\"inLanguage\":\"de\",\"@id\":\"https:\/\/mecatek.eu\/produit\/attache-remorques-pour-vehicules-utilitaires\/#primaryimage\",\"url\":\"https:\/\/mecatek.eu\/wp-content\/uploads\/2025\/11\/1-1_Attache-remorques-camping-car_005.jpg\",\"contentUrl\":\"https:\/\/mecatek.eu\/wp-content\/uploads\/2025\/11\/1-1_Attache-remorques-camping-car_005.jpg\",\"width\":800,\"height\":800,\"caption\":\"Attache-remorques pour camping-car Renault\"},{\"@type\":\"BreadcrumbList\",\"@id\":\"https:\/\/mecatek.eu\/produit\/attache-remorques-pour-vehicules-utilitaires\/#breadcrumb\",\"itemListElement\":[{\"@type\":\"ListItem\",\"position\":1,\"name\":\"Accueil\",\"item\":\"https:\/\/mecatek.eu\/\"},{\"@type\":\"ListItem\",\"position\":2,\"name\":\"Catalogue\",\"item\":\"https:\/\/mecatek.eu\/catalogue\/\"},{\"@type\":\"ListItem\",\"position\":3,\"name\":\"Attache-remorques pour v\u00e9hicules utilitaires\"}]},{\"@type\":\"WebSite\",\"@id\":\"https:\/\/mecatek.eu\/#website\",\"url\":\"https:\/\/mecatek.eu\/\",\"name\":\"Mecatek (ex-Sawiko France)\",\"description\":\"Fabricant d&#039;attelages pour camping-car et fourgon - Mecatek\",\"publisher\":{\"@id\":\"https:\/\/mecatek.eu\/#organization\"},\"potentialAction\":[{\"@type\":\"SearchAction\",\"target\":{\"@type\":\"EntryPoint\",\"urlTemplate\":\"https:\/\/mecatek.eu\/?s={search_term_string}\"},\"query-input\":{\"@type\":\"PropertyValueSpecification\",\"valueRequired\":true,\"valueName\":\"search_term_string\"}}],\"inLanguage\":\"de\"},{\"@type\":\"Organization\",\"@id\":\"https:\/\/mecatek.eu\/#organization\",\"name\":\"Mecatek (ex-Sawiko France)\",\"url\":\"https:\/\/mecatek.eu\/\",\"logo\":{\"@type\":\"ImageObject\",\"inLanguage\":\"de\",\"@id\":\"https:\/\/mecatek.eu\/#\/schema\/logo\/image\/\",\"url\":\"http:\/\/mecatek.eu\/wp-content\/uploads\/2026\/01\/Logo-Mecatek-Solutions-techniques-2025-300px.png\",\"contentUrl\":\"http:\/\/mecatek.eu\/wp-content\/uploads\/2026\/01\/Logo-Mecatek-Solutions-techniques-2025-300px.png\",\"width\":400,\"height\":94,\"caption\":\"Mecatek (ex-Sawiko France)\"},\"image\":{\"@id\":\"https:\/\/mecatek.eu\/#\/schema\/logo\/image\/\"}}]}<\/script>\n<!-- \/ Yoast SEO plugin. -->","yoast_head_json":{"title":"Anh\u00e4ngerkupplung f\u00fcr Nutzfahrzeuge - Mecatek (ehemals Sawiko Deutschland)","description":"Hersteller und Verkauf von Anh\u00e4ngerkupplungen f\u00fcr Industriefahrzeuge und Nutzfahrzeuge: Mecatek bietet Ihnen eine gro\u00dfe Auswahl an Anh\u00e4ngerkupplungen.","robots":{"index":"index","follow":"follow","max-snippet":"max-snippet:-1","max-image-preview":"max-image-preview:large","max-video-preview":"max-video-preview:-1"},"canonical":"https:\/\/mecatek.eu\/de\/produkt\/anhangerkupplung-fur-nutzfahrzeuge\/","og_locale":"de_DE","og_type":"article","og_title":"Attache-remorques pour v\u00e9hicules utilitaires - Mecatek (ex-Sawiko France)","og_description":"Fabricant et vente d'attelage pour v\u00e9hicule industriel et v\u00e9hicule utilitaire : Mecatek vous propose une large gamme d'attache-remorques.","og_url":"https:\/\/mecatek.eu\/de\/produkt\/anhangerkupplung-fur-nutzfahrzeuge\/","og_site_name":"Mecatek (ex-Sawiko France)","article_modified_time":"2026-01-28T09:00:46+00:00","og_image":[{"width":800,"height":800,"url":"http:\/\/mecatek.eu\/wp-content\/uploads\/2025\/11\/1-1_Attache-remorques-camping-car_005.jpg","type":"image\/jpeg"}],"twitter_card":"summary_large_image","twitter_misc":{"Gesch\u00e4tzte Lesezeit":"1\u00a0Minute"},"schema":{"@context":"https:\/\/schema.org","@graph":[{"@type":"WebPage","@id":"https:\/\/mecatek.eu\/produit\/attache-remorques-pour-vehicules-utilitaires\/","url":"https:\/\/mecatek.eu\/produit\/attache-remorques-pour-vehicules-utilitaires\/","name":"Anh\u00e4ngerkupplung f\u00fcr Nutzfahrzeuge - Mecatek (ehemals Sawiko Deutschland)","isPartOf":{"@id":"https:\/\/mecatek.eu\/#website"},"primaryImageOfPage":{"@id":"https:\/\/mecatek.eu\/produit\/attache-remorques-pour-vehicules-utilitaires\/#primaryimage"},"image":{"@id":"https:\/\/mecatek.eu\/produit\/attache-remorques-pour-vehicules-utilitaires\/#primaryimage"},"thumbnailUrl":"https:\/\/mecatek.eu\/wp-content\/uploads\/2025\/11\/1-1_Attache-remorques-camping-car_005.jpg","datePublished":"2025-11-30T14:13:28+00:00","dateModified":"2026-01-28T09:00:46+00:00","description":"Hersteller und Verkauf von Anh\u00e4ngerkupplungen f\u00fcr Industriefahrzeuge und Nutzfahrzeuge: Mecatek bietet Ihnen eine gro\u00dfe Auswahl an Anh\u00e4ngerkupplungen.","breadcrumb":{"@id":"https:\/\/mecatek.eu\/produit\/attache-remorques-pour-vehicules-utilitaires\/#breadcrumb"},"inLanguage":"de","potentialAction":[{"@type":"ReadAction","target":["https:\/\/mecatek.eu\/produit\/attache-remorques-pour-vehicules-utilitaires\/"]}]},{"@type":"ImageObject","inLanguage":"de","@id":"https:\/\/mecatek.eu\/produit\/attache-remorques-pour-vehicules-utilitaires\/#primaryimage","url":"https:\/\/mecatek.eu\/wp-content\/uploads\/2025\/11\/1-1_Attache-remorques-camping-car_005.jpg","contentUrl":"https:\/\/mecatek.eu\/wp-content\/uploads\/2025\/11\/1-1_Attache-remorques-camping-car_005.jpg","width":800,"height":800,"caption":"Attache-remorques pour camping-car Renault"},{"@type":"BreadcrumbList","@id":"https:\/\/mecatek.eu\/produit\/attache-remorques-pour-vehicules-utilitaires\/#breadcrumb","itemListElement":[{"@type":"ListItem","position":1,"name":"Accueil","item":"https:\/\/mecatek.eu\/"},{"@type":"ListItem","position":2,"name":"Catalogue","item":"https:\/\/mecatek.eu\/catalogue\/"},{"@type":"ListItem","position":3,"name":"Attache-remorques pour v\u00e9hicules utilitaires"}]},{"@type":"WebSite","@id":"https:\/\/mecatek.eu\/#website","url":"https:\/\/mecatek.eu\/","name":"Mecatek (ehemals Sawiko Frankreich)","description":"Hersteller von Anh\u00e4ngerkupplungen f\u00fcr Wohnmobile und Lieferwagen - Mecatek","publisher":{"@id":"https:\/\/mecatek.eu\/#organization"},"potentialAction":[{"@type":"SearchAction","target":{"@type":"EntryPoint","urlTemplate":"https:\/\/mecatek.eu\/?s={search_term_string}"},"query-input":{"@type":"PropertyValueSpecification","valueRequired":true,"valueName":"search_term_string"}}],"inLanguage":"de"},{"@type":"Organization","@id":"https:\/\/mecatek.eu\/#organization","name":"Mecatek (ehemals Sawiko Frankreich)","url":"https:\/\/mecatek.eu\/","logo":{"@type":"ImageObject","inLanguage":"de","@id":"https:\/\/mecatek.eu\/#\/schema\/logo\/image\/","url":"http:\/\/mecatek.eu\/wp-content\/uploads\/2026\/01\/Logo-Mecatek-Solutions-techniques-2025-300px.png","contentUrl":"http:\/\/mecatek.eu\/wp-content\/uploads\/2026\/01\/Logo-Mecatek-Solutions-techniques-2025-300px.png","width":400,"height":94,"caption":"Mecatek (ex-Sawiko France)"},"image":{"@id":"https:\/\/mecatek.eu\/#\/schema\/logo\/image\/"}}]}},"_links":{"self":[{"href":"https:\/\/mecatek.eu\/de\/wp-json\/wp\/v2\/product\/1841","targetHints":{"allow":["GET"]}}],"collection":[{"href":"https:\/\/mecatek.eu\/de\/wp-json\/wp\/v2\/product"}],"about":[{"href":"https:\/\/mecatek.eu\/de\/wp-json\/wp\/v2\/types\/product"}],"replies":[{"embeddable":true,"href":"https:\/\/mecatek.eu\/de\/wp-json\/wp\/v2\/comments?post=1841"}],"version-history":[{"count":7,"href":"https:\/\/mecatek.eu\/de\/wp-json\/wp\/v2\/product\/1841\/revisions"}],"predecessor-version":[{"id":1848,"href":"https:\/\/mecatek.eu\/de\/wp-json\/wp\/v2\/product\/1841\/revisions\/1848"}],"wp:featuredmedia":[{"embeddable":true,"href":"https:\/\/mecatek.eu\/de\/wp-json\/wp\/v2\/media\/776"}],"wp:attachment":[{"href":"https:\/\/mecatek.eu\/de\/wp-json\/wp\/v2\/media?parent=1841"}],"wp:term":[{"taxonomy":"product_brand","embeddable":true,"href":"https:\/\/mecatek.eu\/de\/wp-json\/wp\/v2\/product_brand?post=1841"},{"taxonomy":"product_cat","embeddable":true,"href":"https:\/\/mecatek.eu\/de\/wp-json\/wp\/v2\/product_cat?post=1841"},{"taxonomy":"product_tag","embeddable":true,"href":"https:\/\/mecatek.eu\/de\/wp-json\/wp\/v2\/product_tag?post=1841"}],"curies":[{"name":"wp","href":"https:\/\/api.w.org\/{rel}","templated":true}]}}