{"id":1835,"date":"2025-11-30T14:58:35","date_gmt":"2025-11-30T13:58:35","guid":{"rendered":"https:\/\/mecatek.eu\/?post_type=product&#038;p=1835"},"modified":"2026-01-23T12:02:43","modified_gmt":"2026-01-23T11:02:43","slug":"halterungen-fur-motorrader","status":"publish","type":"product","link":"https:\/\/mecatek.eu\/de\/produkt\/halterungen-fur-motorrader\/","title":{"rendered":"Halterungen f\u00fcr Motorradst\u00e4nder"},"content":{"rendered":"<div data-elementor-type=\"product-post\" data-elementor-id=\"1835\" class=\"elementor elementor-1835\" data-elementor-post-type=\"product\">\n\t\t\t\t<div class=\"elementor-element elementor-element-56b218ea e-flex e-con-boxed e-con e-parent\" data-id=\"56b218ea\" data-element_type=\"container\" data-e-type=\"container\">\n\t\t\t\t\t<div class=\"e-con-inner\">\n\t\t<div class=\"elementor-element elementor-element-631bb31 e-con-full e-flex e-con e-child\" data-id=\"631bb31\" data-element_type=\"container\" data-e-type=\"container\">\n\t\t<div class=\"elementor-element elementor-element-3924401 e-con-full e-flex e-con e-child\" data-id=\"3924401\" data-element_type=\"container\" data-e-type=\"container\">\n\t\t\t\t<div class=\"elementor-element elementor-element-7d25364 elementor-widget elementor-widget-text-editor\" data-id=\"7d25364\" data-element_type=\"widget\" data-e-type=\"widget\" data-widget_type=\"text-editor.default\">\n\t\t\t\t\t\t\t\t\t<h2>Rahmenhalterungen f\u00fcr Motorradst\u00e4nder<\/h2>\t\t\t\t\t\t\t\t<\/div>\n\t\t\t\t<div class=\"elementor-element elementor-element-5a6c523 elementor-widget elementor-widget-text-editor\" data-id=\"5a6c523\" data-element_type=\"widget\" data-e-type=\"widget\" data-widget_type=\"text-editor.default\">\n\t\t\t\t\t\t\t\t\t<p>Bei einem Fahrzeugwechsel k\u00f6nnen Sie Ihren Motorradtr\u00e4ger beibehalten, indem Sie nur die Rahmenhalterungen austauschen.<br \/>Bei einem Fahrzeugwechsel sollten Sie jedoch pr\u00fcfen, ob das Gesamtgewicht des alten Motorradtr\u00e4gers auf Ihre neue Anschaffung passt.<\/p><p>Erh\u00e4ltlich f\u00fcr alle Fahrgestelle. Bitte wenden Sie sich an uns, wenn Sie Fragen zur Anpassung haben.<\/p><p>Existiert in den Versionen :<\/p><ul><li>f\u00fcr Gestelle mit \u00dcberhang L\u00e4nge 1100 mm<\/li><li>f\u00fcr Fahrgestelle mit einem \u00dcberhang von mehr als 1100 mm- f\u00fcr AL-KO-Fahrgestelle<\/li><li>obligatorische Halterungen + Verst\u00e4rkungen f\u00fcr X250-Fahrgestelle au\u00dfer AL-KO<\/li><\/ul>\t\t\t\t\t\t\t\t<\/div>\n\t\t\t\t<\/div>\n\t\t<div class=\"elementor-element elementor-element-edf9a39 e-con-full e-flex e-con e-child\" data-id=\"edf9a39\" data-element_type=\"container\" data-e-type=\"container\" data-settings=\"{&quot;background_background&quot;:&quot;classic&quot;}\">\n\t\t\t\t<div class=\"elementor-element elementor-element-b477da0 elementor-widget elementor-widget-image\" data-id=\"b477da0\" data-element_type=\"widget\" data-e-type=\"widget\" data-widget_type=\"image.default\">\n\t\t\t\t\t\t\t\t\t\t\t\t\t\t\t<img fetchpriority=\"high\" decoding=\"async\" width=\"400\" height=\"200\" src=\"https:\/\/mecatek.eu\/wp-content\/uploads\/2025\/11\/Logo-porte-moto.png\" class=\"attachment-full size-full wp-image-1067\" alt=\"\" \/>\t\t\t\t\t\t\t\t\t\t\t\t\t\t\t<\/div>\n\t\t\t\t<div class=\"elementor-element elementor-element-52c6141 elementor-widget elementor-widget-text-editor\" data-id=\"52c6141\" data-element_type=\"widget\" data-e-type=\"widget\" data-widget_type=\"text-editor.default\">\n\t\t\t\t\t\t\t\t\t<p><strong>Informationen :<br \/><\/strong>Bitte fragen Sie uns nach spezifischen Anforderungen.<\/p>\t\t\t\t\t\t\t\t<\/div>\n\t\t\t\t<\/div>\n\t\t\t\t<\/div>\n\t\t\t\t\t<\/div>\n\t\t\t\t<\/div>\n\t\t\t\t<\/div>","protected":false},"excerpt":{"rendered":"<p>Supports ch\u00e2ssis pour porte-motos En cas de changement de v\u00e9hicule, il est possible de conserver votre porte-moto en ne changeant que les supports ch\u00e2ssis. Il est cependant n\u00e9cessaire, lors d\u2019un changement de v\u00e9hicule, de v\u00e9rifier si le poids global de l\u2019ancien porte-moto est adaptable sur votre nouvelle acquisition. Disponible pour tous les ch\u00e2ssis. Nous consulter [&hellip;]<\/p>","protected":false},"featured_media":1833,"comment_status":"closed","ping_status":"closed","template":"","meta":[],"product_brand":[],"product_cat":[90],"product_tag":[],"class_list":{"0":"post-1835","1":"product","2":"type-product","3":"status-publish","4":"has-post-thumbnail","6":"product_cat-supports-et-rallonges","8":"first","9":"instock","10":"shipping-taxable","11":"product-type-simple"},"yoast_head":"<!-- This site is optimized with the Yoast SEO plugin v26.9 - https:\/\/yoast.com\/product\/yoast-seo-wordpress\/ -->\n<title>Supports porte-motos - Mecatek (ex-Sawiko France)<\/title>\n<meta name=\"description\" content=\"Supports porte-moto \u00e0 fixer sur le ch\u00e2ssis de votre camping-car\/fourgon pour le transport s\u00e9curis\u00e9 d&#039;une moto. Adaptables sur de nombreux mod\u00e8les.\" \/>\n<meta name=\"robots\" content=\"index, follow, max-snippet:-1, max-image-preview:large, max-video-preview:-1\" \/>\n<link rel=\"canonical\" href=\"https:\/\/mecatek.eu\/de\/produkt\/halterungen-fur-motorrader\/\" \/>\n<meta property=\"og:locale\" content=\"de_DE\" \/>\n<meta property=\"og:type\" content=\"article\" \/>\n<meta property=\"og:title\" content=\"Supports porte-motos - Mecatek (ex-Sawiko France)\" \/>\n<meta property=\"og:description\" content=\"Supports porte-moto \u00e0 fixer sur le ch\u00e2ssis de votre camping-car\/fourgon pour le transport s\u00e9curis\u00e9 d&#039;une moto. Adaptables sur de nombreux mod\u00e8les.\" \/>\n<meta property=\"og:url\" content=\"https:\/\/mecatek.eu\/de\/produkt\/halterungen-fur-motorrader\/\" \/>\n<meta property=\"og:site_name\" content=\"Mecatek (ex-Sawiko France)\" \/>\n<meta property=\"article:modified_time\" content=\"2026-01-23T11:02:43+00:00\" \/>\n<meta property=\"og:image\" content=\"http:\/\/mecatek.eu\/wp-content\/uploads\/2025\/12\/supports-porte-motos-1.jpg\" \/>\n\t<meta property=\"og:image:width\" content=\"800\" \/>\n\t<meta property=\"og:image:height\" content=\"800\" \/>\n\t<meta property=\"og:image:type\" content=\"image\/jpeg\" \/>\n<meta name=\"twitter:card\" content=\"summary_large_image\" \/>\n<meta name=\"twitter:label1\" content=\"Gesch\u00e4tzte Lesezeit\" \/>\n\t<meta name=\"twitter:data1\" content=\"1\u00a0Minute\" \/>\n<script type=\"application\/ld+json\" class=\"yoast-schema-graph\">{\"@context\":\"https:\/\/schema.org\",\"@graph\":[{\"@type\":\"WebPage\",\"@id\":\"https:\/\/mecatek.eu\/produit\/supports-porte-motos\/\",\"url\":\"https:\/\/mecatek.eu\/produit\/supports-porte-motos\/\",\"name\":\"Supports porte-motos - Mecatek (ex-Sawiko France)\",\"isPartOf\":{\"@id\":\"https:\/\/mecatek.eu\/#website\"},\"primaryImageOfPage\":{\"@id\":\"https:\/\/mecatek.eu\/produit\/supports-porte-motos\/#primaryimage\"},\"image\":{\"@id\":\"https:\/\/mecatek.eu\/produit\/supports-porte-motos\/#primaryimage\"},\"thumbnailUrl\":\"https:\/\/mecatek.eu\/wp-content\/uploads\/2025\/12\/supports-porte-motos-1.jpg\",\"datePublished\":\"2025-11-30T13:58:35+00:00\",\"dateModified\":\"2026-01-23T11:02:43+00:00\",\"description\":\"Supports porte-moto \u00e0 fixer sur le ch\u00e2ssis de votre camping-car\/fourgon pour le transport s\u00e9curis\u00e9 d'une moto. Adaptables sur de nombreux mod\u00e8les.\",\"breadcrumb\":{\"@id\":\"https:\/\/mecatek.eu\/produit\/supports-porte-motos\/#breadcrumb\"},\"inLanguage\":\"de\",\"potentialAction\":[{\"@type\":\"ReadAction\",\"target\":[\"https:\/\/mecatek.eu\/produit\/supports-porte-motos\/\"]}]},{\"@type\":\"ImageObject\",\"inLanguage\":\"de\",\"@id\":\"https:\/\/mecatek.eu\/produit\/supports-porte-motos\/#primaryimage\",\"url\":\"https:\/\/mecatek.eu\/wp-content\/uploads\/2025\/12\/supports-porte-motos-1.jpg\",\"contentUrl\":\"https:\/\/mecatek.eu\/wp-content\/uploads\/2025\/12\/supports-porte-motos-1.jpg\",\"width\":800,\"height\":800,\"caption\":\"Supports porte-moto\"},{\"@type\":\"BreadcrumbList\",\"@id\":\"https:\/\/mecatek.eu\/produit\/supports-porte-motos\/#breadcrumb\",\"itemListElement\":[{\"@type\":\"ListItem\",\"position\":1,\"name\":\"Accueil\",\"item\":\"https:\/\/mecatek.eu\/\"},{\"@type\":\"ListItem\",\"position\":2,\"name\":\"Catalogue\",\"item\":\"https:\/\/mecatek.eu\/catalogue\/\"},{\"@type\":\"ListItem\",\"position\":3,\"name\":\"Supports porte-motos\"}]},{\"@type\":\"WebSite\",\"@id\":\"https:\/\/mecatek.eu\/#website\",\"url\":\"https:\/\/mecatek.eu\/\",\"name\":\"Mecatek (ex-Sawiko France)\",\"description\":\"Fabricant d&#039;attelages pour camping-car et fourgon - Mecatek\",\"publisher\":{\"@id\":\"https:\/\/mecatek.eu\/#organization\"},\"potentialAction\":[{\"@type\":\"SearchAction\",\"target\":{\"@type\":\"EntryPoint\",\"urlTemplate\":\"https:\/\/mecatek.eu\/?s={search_term_string}\"},\"query-input\":{\"@type\":\"PropertyValueSpecification\",\"valueRequired\":true,\"valueName\":\"search_term_string\"}}],\"inLanguage\":\"de\"},{\"@type\":\"Organization\",\"@id\":\"https:\/\/mecatek.eu\/#organization\",\"name\":\"Mecatek (ex-Sawiko France)\",\"url\":\"https:\/\/mecatek.eu\/\",\"logo\":{\"@type\":\"ImageObject\",\"inLanguage\":\"de\",\"@id\":\"https:\/\/mecatek.eu\/#\/schema\/logo\/image\/\",\"url\":\"http:\/\/mecatek.eu\/wp-content\/uploads\/2026\/01\/Logo-Mecatek-Solutions-techniques-2025-300px.png\",\"contentUrl\":\"http:\/\/mecatek.eu\/wp-content\/uploads\/2026\/01\/Logo-Mecatek-Solutions-techniques-2025-300px.png\",\"width\":400,\"height\":94,\"caption\":\"Mecatek (ex-Sawiko France)\"},\"image\":{\"@id\":\"https:\/\/mecatek.eu\/#\/schema\/logo\/image\/\"}}]}<\/script>\n<!-- \/ Yoast SEO plugin. -->","yoast_head_json":{"title":"Motorradhalterungen - Mecatek (ehemals Sawiko Deutschland)","description":"Motorradhalterungen zur Befestigung am Rahmen Ihres Wohnmobils\/Vans f\u00fcr den sicheren Transport eines Motorrads. An zahlreiche Modelle anpassbar.","robots":{"index":"index","follow":"follow","max-snippet":"max-snippet:-1","max-image-preview":"max-image-preview:large","max-video-preview":"max-video-preview:-1"},"canonical":"https:\/\/mecatek.eu\/de\/produkt\/halterungen-fur-motorrader\/","og_locale":"de_DE","og_type":"article","og_title":"Supports porte-motos - Mecatek (ex-Sawiko France)","og_description":"Supports porte-moto \u00e0 fixer sur le ch\u00e2ssis de votre camping-car\/fourgon pour le transport s\u00e9curis\u00e9 d'une moto. Adaptables sur de nombreux mod\u00e8les.","og_url":"https:\/\/mecatek.eu\/de\/produkt\/halterungen-fur-motorrader\/","og_site_name":"Mecatek (ex-Sawiko France)","article_modified_time":"2026-01-23T11:02:43+00:00","og_image":[{"width":800,"height":800,"url":"http:\/\/mecatek.eu\/wp-content\/uploads\/2025\/12\/supports-porte-motos-1.jpg","type":"image\/jpeg"}],"twitter_card":"summary_large_image","twitter_misc":{"Gesch\u00e4tzte Lesezeit":"1\u00a0Minute"},"schema":{"@context":"https:\/\/schema.org","@graph":[{"@type":"WebPage","@id":"https:\/\/mecatek.eu\/produit\/supports-porte-motos\/","url":"https:\/\/mecatek.eu\/produit\/supports-porte-motos\/","name":"Motorradhalterungen - Mecatek (ehemals Sawiko Deutschland)","isPartOf":{"@id":"https:\/\/mecatek.eu\/#website"},"primaryImageOfPage":{"@id":"https:\/\/mecatek.eu\/produit\/supports-porte-motos\/#primaryimage"},"image":{"@id":"https:\/\/mecatek.eu\/produit\/supports-porte-motos\/#primaryimage"},"thumbnailUrl":"https:\/\/mecatek.eu\/wp-content\/uploads\/2025\/12\/supports-porte-motos-1.jpg","datePublished":"2025-11-30T13:58:35+00:00","dateModified":"2026-01-23T11:02:43+00:00","description":"Motorradhalterungen zur Befestigung am Rahmen Ihres Wohnmobils\/Vans f\u00fcr den sicheren Transport eines Motorrads. An zahlreiche Modelle anpassbar.","breadcrumb":{"@id":"https:\/\/mecatek.eu\/produit\/supports-porte-motos\/#breadcrumb"},"inLanguage":"de","potentialAction":[{"@type":"ReadAction","target":["https:\/\/mecatek.eu\/produit\/supports-porte-motos\/"]}]},{"@type":"ImageObject","inLanguage":"de","@id":"https:\/\/mecatek.eu\/produit\/supports-porte-motos\/#primaryimage","url":"https:\/\/mecatek.eu\/wp-content\/uploads\/2025\/12\/supports-porte-motos-1.jpg","contentUrl":"https:\/\/mecatek.eu\/wp-content\/uploads\/2025\/12\/supports-porte-motos-1.jpg","width":800,"height":800,"caption":"Supports porte-moto"},{"@type":"BreadcrumbList","@id":"https:\/\/mecatek.eu\/produit\/supports-porte-motos\/#breadcrumb","itemListElement":[{"@type":"ListItem","position":1,"name":"Accueil","item":"https:\/\/mecatek.eu\/"},{"@type":"ListItem","position":2,"name":"Catalogue","item":"https:\/\/mecatek.eu\/catalogue\/"},{"@type":"ListItem","position":3,"name":"Supports porte-motos"}]},{"@type":"WebSite","@id":"https:\/\/mecatek.eu\/#website","url":"https:\/\/mecatek.eu\/","name":"Mecatek (ehemals Sawiko Frankreich)","description":"Hersteller von Anh\u00e4ngerkupplungen f\u00fcr Wohnmobile und Lieferwagen - Mecatek","publisher":{"@id":"https:\/\/mecatek.eu\/#organization"},"potentialAction":[{"@type":"SearchAction","target":{"@type":"EntryPoint","urlTemplate":"https:\/\/mecatek.eu\/?s={search_term_string}"},"query-input":{"@type":"PropertyValueSpecification","valueRequired":true,"valueName":"search_term_string"}}],"inLanguage":"de"},{"@type":"Organization","@id":"https:\/\/mecatek.eu\/#organization","name":"Mecatek (ehemals Sawiko Frankreich)","url":"https:\/\/mecatek.eu\/","logo":{"@type":"ImageObject","inLanguage":"de","@id":"https:\/\/mecatek.eu\/#\/schema\/logo\/image\/","url":"http:\/\/mecatek.eu\/wp-content\/uploads\/2026\/01\/Logo-Mecatek-Solutions-techniques-2025-300px.png","contentUrl":"http:\/\/mecatek.eu\/wp-content\/uploads\/2026\/01\/Logo-Mecatek-Solutions-techniques-2025-300px.png","width":400,"height":94,"caption":"Mecatek (ex-Sawiko France)"},"image":{"@id":"https:\/\/mecatek.eu\/#\/schema\/logo\/image\/"}}]}},"_links":{"self":[{"href":"https:\/\/mecatek.eu\/de\/wp-json\/wp\/v2\/product\/1835","targetHints":{"allow":["GET"]}}],"collection":[{"href":"https:\/\/mecatek.eu\/de\/wp-json\/wp\/v2\/product"}],"about":[{"href":"https:\/\/mecatek.eu\/de\/wp-json\/wp\/v2\/types\/product"}],"replies":[{"embeddable":true,"href":"https:\/\/mecatek.eu\/de\/wp-json\/wp\/v2\/comments?post=1835"}],"version-history":[{"count":5,"href":"https:\/\/mecatek.eu\/de\/wp-json\/wp\/v2\/product\/1835\/revisions"}],"predecessor-version":[{"id":2465,"href":"https:\/\/mecatek.eu\/de\/wp-json\/wp\/v2\/product\/1835\/revisions\/2465"}],"wp:featuredmedia":[{"embeddable":true,"href":"https:\/\/mecatek.eu\/de\/wp-json\/wp\/v2\/media\/1833"}],"wp:attachment":[{"href":"https:\/\/mecatek.eu\/de\/wp-json\/wp\/v2\/media?parent=1835"}],"wp:term":[{"taxonomy":"product_brand","embeddable":true,"href":"https:\/\/mecatek.eu\/de\/wp-json\/wp\/v2\/product_brand?post=1835"},{"taxonomy":"product_cat","embeddable":true,"href":"https:\/\/mecatek.eu\/de\/wp-json\/wp\/v2\/product_cat?post=1835"},{"taxonomy":"product_tag","embeddable":true,"href":"https:\/\/mecatek.eu\/de\/wp-json\/wp\/v2\/product_tag?post=1835"}],"curies":[{"name":"wp","href":"https:\/\/api.w.org\/{rel}","templated":true}]}}