{"id":1758,"date":"2025-11-30T11:18:32","date_gmt":"2025-11-30T10:18:32","guid":{"rendered":"https:\/\/mecatek.eu\/?post_type=product&#038;p=1758"},"modified":"2026-01-24T13:13:51","modified_gmt":"2026-01-24T12:13:51","slug":"verzurren-und-befestigen-von-ausrustungen-fur-kastenwagen-wohnmobile-und-van-ausstattungen","status":"publish","type":"product","link":"https:\/\/mecatek.eu\/de\/produkt\/verzurren-und-befestigen-von-ausrustungen-fur-kastenwagen-wohnmobile-und-van-ausstattungen\/","title":{"rendered":"Verzurren und Befestigen: Ausr\u00fcstung f\u00fcr Kastenwagen, Wohnmobile und Transporterausbau"},"content":{"rendered":"<div data-elementor-type=\"product-post\" data-elementor-id=\"1758\" class=\"elementor elementor-1758\" data-elementor-post-type=\"product\">\n\t\t\t\t<div class=\"elementor-element elementor-element-5df39654 e-flex e-con-boxed e-con e-parent\" data-id=\"5df39654\" data-element_type=\"container\" data-e-type=\"container\">\n\t\t\t\t\t<div class=\"e-con-inner\">\n\t\t<div class=\"elementor-element elementor-element-e1c845a e-con-full e-flex e-con e-child\" data-id=\"e1c845a\" data-element_type=\"container\" data-e-type=\"container\">\n\t\t<div class=\"elementor-element elementor-element-d7fcf50 e-con-full e-flex e-con e-child\" data-id=\"d7fcf50\" data-element_type=\"container\" data-e-type=\"container\">\n\t\t\t\t<div class=\"elementor-element elementor-element-348d440 elementor-widget elementor-widget-text-editor\" data-id=\"348d440\" data-element_type=\"widget\" data-e-type=\"widget\" data-widget_type=\"text-editor.default\">\n\t\t\t\t\t\t\t\t\t<h2>Befestigungszubeh\u00f6r f\u00fcr Wohnmobile, Kastenwagen und ausgebaute Transporter<\/h2>\t\t\t\t\t\t\t\t<\/div>\n\t\t\t\t<div class=\"elementor-element elementor-element-a3f1d88 elementor-widget elementor-widget-text-editor\" data-id=\"a3f1d88\" data-element_type=\"widget\" data-e-type=\"widget\" data-widget_type=\"text-editor.default\">\n\t\t\t\t\t\t\t\t\t<p>Befestigungssatz, Haltestangen, Gurte ... wir verf\u00fcgen \u00fcber eine breite Palette an Produkten, die an unsere Motorradtr\u00e4ger angepasst werden k\u00f6nnen.<\/p><p>Bitte fragen Sie uns<\/p>\t\t\t\t\t\t\t\t<\/div>\n\t\t\t\t<\/div>\n\t\t<div class=\"elementor-element elementor-element-16d75f0 e-con-full e-flex e-con e-child\" data-id=\"16d75f0\" data-element_type=\"container\" data-e-type=\"container\" data-settings=\"{&quot;background_background&quot;:&quot;classic&quot;}\">\n\t\t\t\t<div class=\"elementor-element elementor-element-4b6da3f elementor-widget elementor-widget-image\" data-id=\"4b6da3f\" data-element_type=\"widget\" data-e-type=\"widget\" data-widget_type=\"image.default\">\n\t\t\t\t\t\t\t\t\t\t\t\t\t\t\t<img fetchpriority=\"high\" decoding=\"async\" width=\"400\" height=\"200\" src=\"https:\/\/mecatek.eu\/wp-content\/uploads\/2025\/11\/Logo-arrimage-fixation.png\" class=\"attachment-full size-full wp-image-1063 wp-post-image\" alt=\"\" \/>\t\t\t\t\t\t\t\t\t\t\t\t\t\t\t<\/div>\n\t\t\t\t<div class=\"elementor-element elementor-element-08ed1ca elementor-widget elementor-widget-text-editor\" data-id=\"08ed1ca\" data-element_type=\"widget\" data-e-type=\"widget\" data-widget_type=\"text-editor.default\">\n\t\t\t\t\t\t\t\t\t<p><strong>Information :<br \/><\/strong>Bitte fragen Sie uns nach spezifischen Anforderungen.<\/p>\t\t\t\t\t\t\t\t<\/div>\n\t\t\t\t<\/div>\n\t\t\t\t<\/div>\n\t\t\t\t\t<\/div>\n\t\t\t\t<\/div>\n\t\t\t\t<\/div>","protected":false},"excerpt":{"rendered":"<p>Accessoires de fixation pour camping-car, fourgon et van am\u00e9nag\u00e9 Kit de fixation, barres de maintien, sangles &#8230; nous disposons d&rsquo;une large gamme de produits adaptables \u00e0 nos porte-motos. Nous consulter Information : Nous consulter pour toute demande sp\u00e9cifique.<\/p>","protected":false},"featured_media":2282,"comment_status":"closed","ping_status":"closed","template":"","meta":[],"product_brand":[68],"product_cat":[88],"product_tag":[],"class_list":{"0":"post-1758","1":"product","2":"type-product","3":"status-publish","4":"has-post-thumbnail","6":"product_brand-sawiko","7":"product_cat-arrimage-et-fixation-special-velos","9":"first","10":"instock","11":"shipping-taxable","12":"product-type-simple"},"yoast_head":"<!-- This site is optimized with the Yoast SEO plugin v26.9 - https:\/\/yoast.com\/product\/yoast-seo-wordpress\/ -->\n<title>Arrimage et fixation : \u00e9quipement pour fourgon am\u00e9nag\u00e9, camping car et am\u00e9nagement de van - Mecatek (ex-Sawiko France)<\/title>\n<meta name=\"description\" content=\"Arrimage et fixation : D\u00e9couvrez nos \u00e9quipements pour fourgon am\u00e9nag\u00e9, camping-car et am\u00e9nagement de van (kit de fixation, barres de maintien, sangles).\" \/>\n<meta name=\"robots\" content=\"index, follow, max-snippet:-1, max-image-preview:large, max-video-preview:-1\" \/>\n<link rel=\"canonical\" href=\"https:\/\/mecatek.eu\/de\/produkt\/verzurren-und-befestigen-von-ausrustungen-fur-kastenwagen-wohnmobile-und-van-ausstattungen\/\" \/>\n<meta property=\"og:locale\" content=\"de_DE\" \/>\n<meta property=\"og:type\" content=\"article\" \/>\n<meta property=\"og:title\" content=\"Arrimage et fixation : \u00e9quipement pour fourgon am\u00e9nag\u00e9, camping car et am\u00e9nagement de van - Mecatek (ex-Sawiko France)\" \/>\n<meta property=\"og:description\" content=\"Arrimage et fixation : D\u00e9couvrez nos \u00e9quipements pour fourgon am\u00e9nag\u00e9, camping-car et am\u00e9nagement de van (kit de fixation, barres de maintien, sangles).\" \/>\n<meta property=\"og:url\" content=\"https:\/\/mecatek.eu\/de\/produkt\/verzurren-und-befestigen-von-ausrustungen-fur-kastenwagen-wohnmobile-und-van-ausstattungen\/\" \/>\n<meta property=\"og:site_name\" content=\"Mecatek (ex-Sawiko France)\" \/>\n<meta property=\"article:modified_time\" content=\"2026-01-24T12:13:51+00:00\" \/>\n<meta property=\"og:image\" content=\"http:\/\/mecatek.eu\/wp-content\/uploads\/2025\/11\/Kit-arrimage-moto-scooter_800x800px.png\" \/>\n\t<meta property=\"og:image:width\" content=\"800\" \/>\n\t<meta property=\"og:image:height\" content=\"800\" \/>\n\t<meta property=\"og:image:type\" content=\"image\/png\" \/>\n<meta name=\"twitter:card\" content=\"summary_large_image\" \/>\n<meta name=\"twitter:label1\" content=\"Gesch\u00e4tzte Lesezeit\" \/>\n\t<meta name=\"twitter:data1\" content=\"1\u00a0Minute\" \/>\n<script type=\"application\/ld+json\" class=\"yoast-schema-graph\">{\"@context\":\"https:\/\/schema.org\",\"@graph\":[{\"@type\":\"WebPage\",\"@id\":\"https:\/\/mecatek.eu\/produit\/arrimage-et-fixation-equipement-pour-fourgon-amenage-camping-car-et-amenagement-de-van\/\",\"url\":\"https:\/\/mecatek.eu\/produit\/arrimage-et-fixation-equipement-pour-fourgon-amenage-camping-car-et-amenagement-de-van\/\",\"name\":\"Arrimage et fixation : \u00e9quipement pour fourgon am\u00e9nag\u00e9, camping car et am\u00e9nagement de van - Mecatek (ex-Sawiko France)\",\"isPartOf\":{\"@id\":\"https:\/\/mecatek.eu\/#website\"},\"primaryImageOfPage\":{\"@id\":\"https:\/\/mecatek.eu\/produit\/arrimage-et-fixation-equipement-pour-fourgon-amenage-camping-car-et-amenagement-de-van\/#primaryimage\"},\"image\":{\"@id\":\"https:\/\/mecatek.eu\/produit\/arrimage-et-fixation-equipement-pour-fourgon-amenage-camping-car-et-amenagement-de-van\/#primaryimage\"},\"thumbnailUrl\":\"https:\/\/mecatek.eu\/wp-content\/uploads\/2025\/11\/Kit-arrimage-moto-scooter_800x800px.png\",\"datePublished\":\"2025-11-30T10:18:32+00:00\",\"dateModified\":\"2026-01-24T12:13:51+00:00\",\"description\":\"Arrimage et fixation : D\u00e9couvrez nos \u00e9quipements pour fourgon am\u00e9nag\u00e9, camping-car et am\u00e9nagement de van (kit de fixation, barres de maintien, sangles).\",\"breadcrumb\":{\"@id\":\"https:\/\/mecatek.eu\/produit\/arrimage-et-fixation-equipement-pour-fourgon-amenage-camping-car-et-amenagement-de-van\/#breadcrumb\"},\"inLanguage\":\"de\",\"potentialAction\":[{\"@type\":\"ReadAction\",\"target\":[\"https:\/\/mecatek.eu\/produit\/arrimage-et-fixation-equipement-pour-fourgon-amenage-camping-car-et-amenagement-de-van\/\"]}]},{\"@type\":\"ImageObject\",\"inLanguage\":\"de\",\"@id\":\"https:\/\/mecatek.eu\/produit\/arrimage-et-fixation-equipement-pour-fourgon-amenage-camping-car-et-amenagement-de-van\/#primaryimage\",\"url\":\"https:\/\/mecatek.eu\/wp-content\/uploads\/2025\/11\/Kit-arrimage-moto-scooter_800x800px.png\",\"contentUrl\":\"https:\/\/mecatek.eu\/wp-content\/uploads\/2025\/11\/Kit-arrimage-moto-scooter_800x800px.png\",\"width\":800,\"height\":800,\"caption\":\"Kit d'arrimage pour moto et scooter\"},{\"@type\":\"BreadcrumbList\",\"@id\":\"https:\/\/mecatek.eu\/produit\/arrimage-et-fixation-equipement-pour-fourgon-amenage-camping-car-et-amenagement-de-van\/#breadcrumb\",\"itemListElement\":[{\"@type\":\"ListItem\",\"position\":1,\"name\":\"Accueil\",\"item\":\"https:\/\/mecatek.eu\/\"},{\"@type\":\"ListItem\",\"position\":2,\"name\":\"Catalogue\",\"item\":\"https:\/\/mecatek.eu\/catalogue\/\"},{\"@type\":\"ListItem\",\"position\":3,\"name\":\"Arrimage et fixation : \u00e9quipement pour fourgon am\u00e9nag\u00e9, camping car et am\u00e9nagement de van\"}]},{\"@type\":\"WebSite\",\"@id\":\"https:\/\/mecatek.eu\/#website\",\"url\":\"https:\/\/mecatek.eu\/\",\"name\":\"Mecatek (ex-Sawiko France)\",\"description\":\"Fabricant d&#039;attelages pour camping-car et fourgon - Mecatek\",\"publisher\":{\"@id\":\"https:\/\/mecatek.eu\/#organization\"},\"potentialAction\":[{\"@type\":\"SearchAction\",\"target\":{\"@type\":\"EntryPoint\",\"urlTemplate\":\"https:\/\/mecatek.eu\/?s={search_term_string}\"},\"query-input\":{\"@type\":\"PropertyValueSpecification\",\"valueRequired\":true,\"valueName\":\"search_term_string\"}}],\"inLanguage\":\"de\"},{\"@type\":\"Organization\",\"@id\":\"https:\/\/mecatek.eu\/#organization\",\"name\":\"Mecatek (ex-Sawiko France)\",\"url\":\"https:\/\/mecatek.eu\/\",\"logo\":{\"@type\":\"ImageObject\",\"inLanguage\":\"de\",\"@id\":\"https:\/\/mecatek.eu\/#\/schema\/logo\/image\/\",\"url\":\"http:\/\/mecatek.eu\/wp-content\/uploads\/2026\/01\/Logo-Mecatek-Solutions-techniques-2025-300px.png\",\"contentUrl\":\"http:\/\/mecatek.eu\/wp-content\/uploads\/2026\/01\/Logo-Mecatek-Solutions-techniques-2025-300px.png\",\"width\":400,\"height\":94,\"caption\":\"Mecatek (ex-Sawiko France)\"},\"image\":{\"@id\":\"https:\/\/mecatek.eu\/#\/schema\/logo\/image\/\"}}]}<\/script>\n<!-- \/ Yoast SEO plugin. -->","yoast_head_json":{"title":"Verzurren und Befestigen: Ausr\u00fcstung f\u00fcr Kastenwagen, Wohnmobile und Van-Ausstattung - Mecatek (ehemals Sawiko France)","description":"Verzurren und Befestigen: Entdecken Sie unsere Ausr\u00fcstungen f\u00fcr Kastenwagen, Wohnmobile und Transporterausstattungen (Befestigungssatz, Haltestangen, Gurte).","robots":{"index":"index","follow":"follow","max-snippet":"max-snippet:-1","max-image-preview":"max-image-preview:large","max-video-preview":"max-video-preview:-1"},"canonical":"https:\/\/mecatek.eu\/de\/produkt\/verzurren-und-befestigen-von-ausrustungen-fur-kastenwagen-wohnmobile-und-van-ausstattungen\/","og_locale":"de_DE","og_type":"article","og_title":"Arrimage et fixation : \u00e9quipement pour fourgon am\u00e9nag\u00e9, camping car et am\u00e9nagement de van - Mecatek (ex-Sawiko France)","og_description":"Arrimage et fixation : D\u00e9couvrez nos \u00e9quipements pour fourgon am\u00e9nag\u00e9, camping-car et am\u00e9nagement de van (kit de fixation, barres de maintien, sangles).","og_url":"https:\/\/mecatek.eu\/de\/produkt\/verzurren-und-befestigen-von-ausrustungen-fur-kastenwagen-wohnmobile-und-van-ausstattungen\/","og_site_name":"Mecatek (ex-Sawiko France)","article_modified_time":"2026-01-24T12:13:51+00:00","og_image":[{"width":800,"height":800,"url":"http:\/\/mecatek.eu\/wp-content\/uploads\/2025\/11\/Kit-arrimage-moto-scooter_800x800px.png","type":"image\/png"}],"twitter_card":"summary_large_image","twitter_misc":{"Gesch\u00e4tzte Lesezeit":"1\u00a0Minute"},"schema":{"@context":"https:\/\/schema.org","@graph":[{"@type":"WebPage","@id":"https:\/\/mecatek.eu\/produit\/arrimage-et-fixation-equipement-pour-fourgon-amenage-camping-car-et-amenagement-de-van\/","url":"https:\/\/mecatek.eu\/produit\/arrimage-et-fixation-equipement-pour-fourgon-amenage-camping-car-et-amenagement-de-van\/","name":"Verzurren und Befestigen: Ausr\u00fcstung f\u00fcr Kastenwagen, Wohnmobile und Van-Ausstattung - Mecatek (ehemals Sawiko France)","isPartOf":{"@id":"https:\/\/mecatek.eu\/#website"},"primaryImageOfPage":{"@id":"https:\/\/mecatek.eu\/produit\/arrimage-et-fixation-equipement-pour-fourgon-amenage-camping-car-et-amenagement-de-van\/#primaryimage"},"image":{"@id":"https:\/\/mecatek.eu\/produit\/arrimage-et-fixation-equipement-pour-fourgon-amenage-camping-car-et-amenagement-de-van\/#primaryimage"},"thumbnailUrl":"https:\/\/mecatek.eu\/wp-content\/uploads\/2025\/11\/Kit-arrimage-moto-scooter_800x800px.png","datePublished":"2025-11-30T10:18:32+00:00","dateModified":"2026-01-24T12:13:51+00:00","description":"Verzurren und Befestigen: Entdecken Sie unsere Ausr\u00fcstungen f\u00fcr Kastenwagen, Wohnmobile und Transporterausstattungen (Befestigungssatz, Haltestangen, Gurte).","breadcrumb":{"@id":"https:\/\/mecatek.eu\/produit\/arrimage-et-fixation-equipement-pour-fourgon-amenage-camping-car-et-amenagement-de-van\/#breadcrumb"},"inLanguage":"de","potentialAction":[{"@type":"ReadAction","target":["https:\/\/mecatek.eu\/produit\/arrimage-et-fixation-equipement-pour-fourgon-amenage-camping-car-et-amenagement-de-van\/"]}]},{"@type":"ImageObject","inLanguage":"de","@id":"https:\/\/mecatek.eu\/produit\/arrimage-et-fixation-equipement-pour-fourgon-amenage-camping-car-et-amenagement-de-van\/#primaryimage","url":"https:\/\/mecatek.eu\/wp-content\/uploads\/2025\/11\/Kit-arrimage-moto-scooter_800x800px.png","contentUrl":"https:\/\/mecatek.eu\/wp-content\/uploads\/2025\/11\/Kit-arrimage-moto-scooter_800x800px.png","width":800,"height":800,"caption":"Kit d'arrimage pour moto et scooter"},{"@type":"BreadcrumbList","@id":"https:\/\/mecatek.eu\/produit\/arrimage-et-fixation-equipement-pour-fourgon-amenage-camping-car-et-amenagement-de-van\/#breadcrumb","itemListElement":[{"@type":"ListItem","position":1,"name":"Accueil","item":"https:\/\/mecatek.eu\/"},{"@type":"ListItem","position":2,"name":"Catalogue","item":"https:\/\/mecatek.eu\/catalogue\/"},{"@type":"ListItem","position":3,"name":"Arrimage et fixation : \u00e9quipement pour fourgon am\u00e9nag\u00e9, camping car et am\u00e9nagement de van"}]},{"@type":"WebSite","@id":"https:\/\/mecatek.eu\/#website","url":"https:\/\/mecatek.eu\/","name":"Mecatek (ehemals Sawiko Frankreich)","description":"Hersteller von Anh\u00e4ngerkupplungen f\u00fcr Wohnmobile und Lieferwagen - Mecatek","publisher":{"@id":"https:\/\/mecatek.eu\/#organization"},"potentialAction":[{"@type":"SearchAction","target":{"@type":"EntryPoint","urlTemplate":"https:\/\/mecatek.eu\/?s={search_term_string}"},"query-input":{"@type":"PropertyValueSpecification","valueRequired":true,"valueName":"search_term_string"}}],"inLanguage":"de"},{"@type":"Organization","@id":"https:\/\/mecatek.eu\/#organization","name":"Mecatek (ehemals Sawiko Frankreich)","url":"https:\/\/mecatek.eu\/","logo":{"@type":"ImageObject","inLanguage":"de","@id":"https:\/\/mecatek.eu\/#\/schema\/logo\/image\/","url":"http:\/\/mecatek.eu\/wp-content\/uploads\/2026\/01\/Logo-Mecatek-Solutions-techniques-2025-300px.png","contentUrl":"http:\/\/mecatek.eu\/wp-content\/uploads\/2026\/01\/Logo-Mecatek-Solutions-techniques-2025-300px.png","width":400,"height":94,"caption":"Mecatek (ex-Sawiko France)"},"image":{"@id":"https:\/\/mecatek.eu\/#\/schema\/logo\/image\/"}}]}},"_links":{"self":[{"href":"https:\/\/mecatek.eu\/de\/wp-json\/wp\/v2\/product\/1758","targetHints":{"allow":["GET"]}}],"collection":[{"href":"https:\/\/mecatek.eu\/de\/wp-json\/wp\/v2\/product"}],"about":[{"href":"https:\/\/mecatek.eu\/de\/wp-json\/wp\/v2\/types\/product"}],"replies":[{"embeddable":true,"href":"https:\/\/mecatek.eu\/de\/wp-json\/wp\/v2\/comments?post=1758"}],"version-history":[{"count":5,"href":"https:\/\/mecatek.eu\/de\/wp-json\/wp\/v2\/product\/1758\/revisions"}],"predecessor-version":[{"id":2281,"href":"https:\/\/mecatek.eu\/de\/wp-json\/wp\/v2\/product\/1758\/revisions\/2281"}],"wp:featuredmedia":[{"embeddable":true,"href":"https:\/\/mecatek.eu\/de\/wp-json\/wp\/v2\/media\/2282"}],"wp:attachment":[{"href":"https:\/\/mecatek.eu\/de\/wp-json\/wp\/v2\/media?parent=1758"}],"wp:term":[{"taxonomy":"product_brand","embeddable":true,"href":"https:\/\/mecatek.eu\/de\/wp-json\/wp\/v2\/product_brand?post=1758"},{"taxonomy":"product_cat","embeddable":true,"href":"https:\/\/mecatek.eu\/de\/wp-json\/wp\/v2\/product_cat?post=1758"},{"taxonomy":"product_tag","embeddable":true,"href":"https:\/\/mecatek.eu\/de\/wp-json\/wp\/v2\/product_tag?post=1758"}],"curies":[{"name":"wp","href":"https:\/\/api.w.org\/{rel}","templated":true}]}}