{"id":1743,"date":"2025-11-27T16:17:37","date_gmt":"2025-11-27T15:17:37","guid":{"rendered":"https:\/\/mecatek.eu\/?post_type=product&#038;p=1743"},"modified":"2026-01-23T14:32:51","modified_gmt":"2026-01-23T13:32:51","slug":"zusatzliche-haltestangen","status":"publish","type":"product","link":"https:\/\/mecatek.eu\/de\/produkt\/zusatzliche-haltestangen\/","title":{"rendered":"Zus\u00e4tzliche Haltestangen"},"content":{"rendered":"<div data-elementor-type=\"product-post\" data-elementor-id=\"1743\" class=\"elementor elementor-1743\" data-elementor-post-type=\"product\">\n\t\t\t\t<div class=\"elementor-element elementor-element-3d61f3b5 e-flex e-con-boxed e-con e-parent\" data-id=\"3d61f3b5\" data-element_type=\"container\" data-e-type=\"container\">\n\t\t\t\t\t<div class=\"e-con-inner\">\n\t\t<div class=\"elementor-element elementor-element-75361f5 e-con-full e-flex e-con e-child\" data-id=\"75361f5\" data-element_type=\"container\" data-e-type=\"container\">\n\t\t<div class=\"elementor-element elementor-element-1ccc32b e-con-full e-flex e-con e-child\" data-id=\"1ccc32b\" data-element_type=\"container\" data-e-type=\"container\">\n\t\t\t\t<div class=\"elementor-element elementor-element-1a7494e elementor-widget elementor-widget-text-editor\" data-id=\"1a7494e\" data-element_type=\"widget\" data-e-type=\"widget\" data-widget_type=\"text-editor.default\">\n\t\t\t\t\t\t\t\t\t<h2 class=\"product_title entry-title\">Zus\u00e4tzliche Haltestangen<\/h2>\t\t\t\t\t\t\t\t<\/div>\n\t\t\t\t<div class=\"elementor-element elementor-element-401a6a8 elementor-widget elementor-widget-text-editor\" data-id=\"401a6a8\" data-element_type=\"widget\" data-e-type=\"widget\" data-widget_type=\"text-editor.default\">\n\t\t\t\t\t\t\t\t\t<p><strong>Zus\u00e4tzliche Haltestangen und ihre Optionen. Verf\u00fcgbar sind :<\/strong><\/p><p>(1) Befestigungsstange L\u00e4nge 400 mm ohne Klemme : 15.310<br \/>(2) Fixierstange L\u00e4nge 600 mm ohne Klemme: 15.320<br \/>(3) Befestigungsstange L\u00e4nge 800 mm ohne Klemme: 15.330<br \/>(4) Adapter f\u00fcr seitliche Haltestangen f\u00fcr Motorradtr\u00e4ger: 15.370<br \/>(5) Befestigungsklammer: 15.350<br \/>(6) Doppelte Befestigungsklemme f\u00fcr Fahrr\u00e4der: 15.340<\/p>\t\t\t\t\t\t\t\t<\/div>\n\t\t\t\t<\/div>\n\t\t<div class=\"elementor-element elementor-element-cde88f2 e-con-full e-flex e-con e-child\" data-id=\"cde88f2\" data-element_type=\"container\" data-e-type=\"container\" data-settings=\"{&quot;background_background&quot;:&quot;classic&quot;}\">\n\t\t\t\t<div class=\"elementor-element elementor-element-30c9fb7 elementor-widget elementor-widget-image\" data-id=\"30c9fb7\" data-element_type=\"widget\" data-e-type=\"widget\" data-widget_type=\"image.default\">\n\t\t\t\t\t\t\t\t\t\t\t\t\t\t\t<img fetchpriority=\"high\" decoding=\"async\" width=\"400\" height=\"200\" src=\"https:\/\/mecatek.eu\/wp-content\/uploads\/2025\/12\/Logo-Marque-Sawiko-de.png\" class=\"attachment-full size-full wp-image-1013\" alt=\"Sawiko Logo\" \/>\t\t\t\t\t\t\t\t\t\t\t\t\t\t\t<\/div>\n\t\t\t\t<div class=\"elementor-element elementor-element-2fd503a elementor-widget elementor-widget-text-editor\" data-id=\"2fd503a\" data-element_type=\"widget\" data-e-type=\"widget\" data-widget_type=\"text-editor.default\">\n\t\t\t\t\t\t\t\t\t<p><strong>Technische Daten :<br \/><\/strong>F\u00fcr Motorr\u00e4der und Roller<\/p>\t\t\t\t\t\t\t\t<\/div>\n\t\t\t\t<\/div>\n\t\t\t\t<\/div>\n\t\t\t\t\t<\/div>\n\t\t\t\t<\/div>\n\t\t\t\t<\/div>","protected":false},"excerpt":{"rendered":"<p>Barres de maintien suppl\u00e9mentaires Barres de maintien suppl\u00e9mentaires et leurs options. Sont disponibles : (1) Barre de fixation longueur 400 mm sans pince : 15.310 (2) Barre de fixation longueur 600 mm sans pince : 15.320 (3) Barre de fixation longueur 800 mm sans pince : 15.330 (4) Adaptateur pour barres lat\u00e9rales de maintien pour [&hellip;]<\/p>","protected":false},"featured_media":1745,"comment_status":"closed","ping_status":"closed","template":"","meta":[],"product_brand":[68],"product_cat":[87,88],"product_tag":[],"class_list":{"0":"post-1743","1":"product","2":"type-product","3":"status-publish","4":"has-post-thumbnail","6":"product_brand-sawiko","7":"product_cat-arrimage-et-fixation-special-moto-et-scooter","8":"product_cat-arrimage-et-fixation-special-velos","10":"first","11":"instock","12":"shipping-taxable","13":"product-type-simple"},"yoast_head":"<!-- This site is optimized with the Yoast SEO plugin v26.9 - https:\/\/yoast.com\/product\/yoast-seo-wordpress\/ -->\n<title>Barres de maintien suppl\u00e9mentaires - Mecatek (ex-Sawiko France)<\/title>\n<meta name=\"description\" content=\"Arrimer solidement votre moto \/ scooter dans un camping-car, un fourgon, sur une remorque ou un porte-charges gr\u00e2ce aux barres de maintien suppl\u00e9mentaires\" \/>\n<meta name=\"robots\" content=\"index, follow, max-snippet:-1, max-image-preview:large, max-video-preview:-1\" \/>\n<link rel=\"canonical\" href=\"https:\/\/mecatek.eu\/de\/produkt\/zusatzliche-haltestangen\/\" \/>\n<meta property=\"og:locale\" content=\"de_DE\" \/>\n<meta property=\"og:type\" content=\"article\" \/>\n<meta property=\"og:title\" content=\"Barres de maintien suppl\u00e9mentaires - Mecatek (ex-Sawiko France)\" \/>\n<meta property=\"og:description\" content=\"Arrimer solidement votre moto \/ scooter dans un camping-car, un fourgon, sur une remorque ou un porte-charges gr\u00e2ce aux barres de maintien suppl\u00e9mentaires\" \/>\n<meta property=\"og:url\" content=\"https:\/\/mecatek.eu\/de\/produkt\/zusatzliche-haltestangen\/\" \/>\n<meta property=\"og:site_name\" content=\"Mecatek (ex-Sawiko France)\" \/>\n<meta property=\"article:modified_time\" content=\"2026-01-23T13:32:51+00:00\" \/>\n<meta property=\"og:image\" content=\"http:\/\/mecatek.eu\/wp-content\/uploads\/2025\/12\/1-double_pince.jpeg\" \/>\n\t<meta property=\"og:image:width\" content=\"677\" \/>\n\t<meta property=\"og:image:height\" content=\"435\" \/>\n\t<meta property=\"og:image:type\" content=\"image\/jpeg\" \/>\n<meta name=\"twitter:card\" content=\"summary_large_image\" \/>\n<meta name=\"twitter:label1\" content=\"Gesch\u00e4tzte Lesezeit\" \/>\n\t<meta name=\"twitter:data1\" content=\"1\u00a0Minute\" \/>\n<script type=\"application\/ld+json\" class=\"yoast-schema-graph\">{\"@context\":\"https:\/\/schema.org\",\"@graph\":[{\"@type\":\"WebPage\",\"@id\":\"https:\/\/mecatek.eu\/produit\/barres-de-maintien-supplementaires\/\",\"url\":\"https:\/\/mecatek.eu\/produit\/barres-de-maintien-supplementaires\/\",\"name\":\"Barres de maintien suppl\u00e9mentaires - Mecatek (ex-Sawiko France)\",\"isPartOf\":{\"@id\":\"https:\/\/mecatek.eu\/#website\"},\"primaryImageOfPage\":{\"@id\":\"https:\/\/mecatek.eu\/produit\/barres-de-maintien-supplementaires\/#primaryimage\"},\"image\":{\"@id\":\"https:\/\/mecatek.eu\/produit\/barres-de-maintien-supplementaires\/#primaryimage\"},\"thumbnailUrl\":\"https:\/\/mecatek.eu\/wp-content\/uploads\/2025\/12\/1-double_pince.jpeg\",\"datePublished\":\"2025-11-27T15:17:37+00:00\",\"dateModified\":\"2026-01-23T13:32:51+00:00\",\"description\":\"Arrimer solidement votre moto \/ scooter dans un camping-car, un fourgon, sur une remorque ou un porte-charges gr\u00e2ce aux barres de maintien suppl\u00e9mentaires\",\"breadcrumb\":{\"@id\":\"https:\/\/mecatek.eu\/produit\/barres-de-maintien-supplementaires\/#breadcrumb\"},\"inLanguage\":\"de\",\"potentialAction\":[{\"@type\":\"ReadAction\",\"target\":[\"https:\/\/mecatek.eu\/produit\/barres-de-maintien-supplementaires\/\"]}]},{\"@type\":\"ImageObject\",\"inLanguage\":\"de\",\"@id\":\"https:\/\/mecatek.eu\/produit\/barres-de-maintien-supplementaires\/#primaryimage\",\"url\":\"https:\/\/mecatek.eu\/wp-content\/uploads\/2025\/12\/1-double_pince.jpeg\",\"contentUrl\":\"https:\/\/mecatek.eu\/wp-content\/uploads\/2025\/12\/1-double_pince.jpeg\",\"width\":677,\"height\":435,\"caption\":\"Barres de maintien suppl\u00e9mentaires et leurs options\"},{\"@type\":\"BreadcrumbList\",\"@id\":\"https:\/\/mecatek.eu\/produit\/barres-de-maintien-supplementaires\/#breadcrumb\",\"itemListElement\":[{\"@type\":\"ListItem\",\"position\":1,\"name\":\"Accueil\",\"item\":\"https:\/\/mecatek.eu\/\"},{\"@type\":\"ListItem\",\"position\":2,\"name\":\"Catalogue\",\"item\":\"https:\/\/mecatek.eu\/catalogue\/\"},{\"@type\":\"ListItem\",\"position\":3,\"name\":\"Barres de maintien suppl\u00e9mentaires\"}]},{\"@type\":\"WebSite\",\"@id\":\"https:\/\/mecatek.eu\/#website\",\"url\":\"https:\/\/mecatek.eu\/\",\"name\":\"Mecatek (ex-Sawiko France)\",\"description\":\"Fabricant d&#039;attelages pour camping-car et fourgon - Mecatek\",\"publisher\":{\"@id\":\"https:\/\/mecatek.eu\/#organization\"},\"potentialAction\":[{\"@type\":\"SearchAction\",\"target\":{\"@type\":\"EntryPoint\",\"urlTemplate\":\"https:\/\/mecatek.eu\/?s={search_term_string}\"},\"query-input\":{\"@type\":\"PropertyValueSpecification\",\"valueRequired\":true,\"valueName\":\"search_term_string\"}}],\"inLanguage\":\"de\"},{\"@type\":\"Organization\",\"@id\":\"https:\/\/mecatek.eu\/#organization\",\"name\":\"Mecatek (ex-Sawiko France)\",\"url\":\"https:\/\/mecatek.eu\/\",\"logo\":{\"@type\":\"ImageObject\",\"inLanguage\":\"de\",\"@id\":\"https:\/\/mecatek.eu\/#\/schema\/logo\/image\/\",\"url\":\"http:\/\/mecatek.eu\/wp-content\/uploads\/2026\/01\/Logo-Mecatek-Solutions-techniques-2025-300px.png\",\"contentUrl\":\"http:\/\/mecatek.eu\/wp-content\/uploads\/2026\/01\/Logo-Mecatek-Solutions-techniques-2025-300px.png\",\"width\":400,\"height\":94,\"caption\":\"Mecatek (ex-Sawiko France)\"},\"image\":{\"@id\":\"https:\/\/mecatek.eu\/#\/schema\/logo\/image\/\"}}]}<\/script>\n<!-- \/ Yoast SEO plugin. -->","yoast_head_json":{"title":"Zus\u00e4tzliche Haltestangen - Mecatek (ehemals Sawiko Deutschland)","description":"Sichern Sie Ihr Motorrad \/ Ihren Roller in einem Wohnmobil, einem Kastenwagen, auf einem Anh\u00e4nger oder einem Lastentr\u00e4ger mit zus\u00e4tzlichen Haltestangen.","robots":{"index":"index","follow":"follow","max-snippet":"max-snippet:-1","max-image-preview":"max-image-preview:large","max-video-preview":"max-video-preview:-1"},"canonical":"https:\/\/mecatek.eu\/de\/produkt\/zusatzliche-haltestangen\/","og_locale":"de_DE","og_type":"article","og_title":"Barres de maintien suppl\u00e9mentaires - Mecatek (ex-Sawiko France)","og_description":"Arrimer solidement votre moto \/ scooter dans un camping-car, un fourgon, sur une remorque ou un porte-charges gr\u00e2ce aux barres de maintien suppl\u00e9mentaires","og_url":"https:\/\/mecatek.eu\/de\/produkt\/zusatzliche-haltestangen\/","og_site_name":"Mecatek (ex-Sawiko France)","article_modified_time":"2026-01-23T13:32:51+00:00","og_image":[{"width":677,"height":435,"url":"http:\/\/mecatek.eu\/wp-content\/uploads\/2025\/12\/1-double_pince.jpeg","type":"image\/jpeg"}],"twitter_card":"summary_large_image","twitter_misc":{"Gesch\u00e4tzte Lesezeit":"1\u00a0Minute"},"schema":{"@context":"https:\/\/schema.org","@graph":[{"@type":"WebPage","@id":"https:\/\/mecatek.eu\/produit\/barres-de-maintien-supplementaires\/","url":"https:\/\/mecatek.eu\/produit\/barres-de-maintien-supplementaires\/","name":"Zus\u00e4tzliche Haltestangen - Mecatek (ehemals Sawiko Deutschland)","isPartOf":{"@id":"https:\/\/mecatek.eu\/#website"},"primaryImageOfPage":{"@id":"https:\/\/mecatek.eu\/produit\/barres-de-maintien-supplementaires\/#primaryimage"},"image":{"@id":"https:\/\/mecatek.eu\/produit\/barres-de-maintien-supplementaires\/#primaryimage"},"thumbnailUrl":"https:\/\/mecatek.eu\/wp-content\/uploads\/2025\/12\/1-double_pince.jpeg","datePublished":"2025-11-27T15:17:37+00:00","dateModified":"2026-01-23T13:32:51+00:00","description":"Sichern Sie Ihr Motorrad \/ Ihren Roller in einem Wohnmobil, einem Kastenwagen, auf einem Anh\u00e4nger oder einem Lastentr\u00e4ger mit zus\u00e4tzlichen Haltestangen.","breadcrumb":{"@id":"https:\/\/mecatek.eu\/produit\/barres-de-maintien-supplementaires\/#breadcrumb"},"inLanguage":"de","potentialAction":[{"@type":"ReadAction","target":["https:\/\/mecatek.eu\/produit\/barres-de-maintien-supplementaires\/"]}]},{"@type":"ImageObject","inLanguage":"de","@id":"https:\/\/mecatek.eu\/produit\/barres-de-maintien-supplementaires\/#primaryimage","url":"https:\/\/mecatek.eu\/wp-content\/uploads\/2025\/12\/1-double_pince.jpeg","contentUrl":"https:\/\/mecatek.eu\/wp-content\/uploads\/2025\/12\/1-double_pince.jpeg","width":677,"height":435,"caption":"Barres de maintien suppl\u00e9mentaires et leurs options"},{"@type":"BreadcrumbList","@id":"https:\/\/mecatek.eu\/produit\/barres-de-maintien-supplementaires\/#breadcrumb","itemListElement":[{"@type":"ListItem","position":1,"name":"Accueil","item":"https:\/\/mecatek.eu\/"},{"@type":"ListItem","position":2,"name":"Catalogue","item":"https:\/\/mecatek.eu\/catalogue\/"},{"@type":"ListItem","position":3,"name":"Barres de maintien suppl\u00e9mentaires"}]},{"@type":"WebSite","@id":"https:\/\/mecatek.eu\/#website","url":"https:\/\/mecatek.eu\/","name":"Mecatek (ehemals Sawiko Frankreich)","description":"Hersteller von Anh\u00e4ngerkupplungen f\u00fcr Wohnmobile und Lieferwagen - Mecatek","publisher":{"@id":"https:\/\/mecatek.eu\/#organization"},"potentialAction":[{"@type":"SearchAction","target":{"@type":"EntryPoint","urlTemplate":"https:\/\/mecatek.eu\/?s={search_term_string}"},"query-input":{"@type":"PropertyValueSpecification","valueRequired":true,"valueName":"search_term_string"}}],"inLanguage":"de"},{"@type":"Organization","@id":"https:\/\/mecatek.eu\/#organization","name":"Mecatek (ehemals Sawiko Frankreich)","url":"https:\/\/mecatek.eu\/","logo":{"@type":"ImageObject","inLanguage":"de","@id":"https:\/\/mecatek.eu\/#\/schema\/logo\/image\/","url":"http:\/\/mecatek.eu\/wp-content\/uploads\/2026\/01\/Logo-Mecatek-Solutions-techniques-2025-300px.png","contentUrl":"http:\/\/mecatek.eu\/wp-content\/uploads\/2026\/01\/Logo-Mecatek-Solutions-techniques-2025-300px.png","width":400,"height":94,"caption":"Mecatek (ex-Sawiko France)"},"image":{"@id":"https:\/\/mecatek.eu\/#\/schema\/logo\/image\/"}}]}},"_links":{"self":[{"href":"https:\/\/mecatek.eu\/de\/wp-json\/wp\/v2\/product\/1743","targetHints":{"allow":["GET"]}}],"collection":[{"href":"https:\/\/mecatek.eu\/de\/wp-json\/wp\/v2\/product"}],"about":[{"href":"https:\/\/mecatek.eu\/de\/wp-json\/wp\/v2\/types\/product"}],"replies":[{"embeddable":true,"href":"https:\/\/mecatek.eu\/de\/wp-json\/wp\/v2\/comments?post=1743"}],"version-history":[{"count":9,"href":"https:\/\/mecatek.eu\/de\/wp-json\/wp\/v2\/product\/1743\/revisions"}],"predecessor-version":[{"id":2468,"href":"https:\/\/mecatek.eu\/de\/wp-json\/wp\/v2\/product\/1743\/revisions\/2468"}],"wp:featuredmedia":[{"embeddable":true,"href":"https:\/\/mecatek.eu\/de\/wp-json\/wp\/v2\/media\/1745"}],"wp:attachment":[{"href":"https:\/\/mecatek.eu\/de\/wp-json\/wp\/v2\/media?parent=1743"}],"wp:term":[{"taxonomy":"product_brand","embeddable":true,"href":"https:\/\/mecatek.eu\/de\/wp-json\/wp\/v2\/product_brand?post=1743"},{"taxonomy":"product_cat","embeddable":true,"href":"https:\/\/mecatek.eu\/de\/wp-json\/wp\/v2\/product_cat?post=1743"},{"taxonomy":"product_tag","embeddable":true,"href":"https:\/\/mecatek.eu\/de\/wp-json\/wp\/v2\/product_tag?post=1743"}],"curies":[{"name":"wp","href":"https:\/\/api.w.org\/{rel}","templated":true}]}}