{"id":1737,"date":"2025-11-27T15:44:41","date_gmt":"2025-11-27T14:44:41","guid":{"rendered":"https:\/\/mecatek.eu\/?post_type=product&#038;p=1737"},"modified":"2026-01-23T15:50:02","modified_gmt":"2026-01-23T14:50:02","slug":"befestigungs-und-verankerungsset-fur-motorradtrager","status":"publish","type":"product","link":"https:\/\/mecatek.eu\/de\/produkt\/befestigungs-und-verankerungsset-fur-motorradtrager\/","title":{"rendered":"Befestigungs- und Verzurrset f\u00fcr Motorradtr\u00e4ger"},"content":{"rendered":"<div data-elementor-type=\"product-post\" data-elementor-id=\"1737\" class=\"elementor elementor-1737\" data-elementor-post-type=\"product\">\n\t\t\t\t<div class=\"elementor-element elementor-element-3b62839a e-flex e-con-boxed e-con e-parent\" data-id=\"3b62839a\" data-element_type=\"container\" data-e-type=\"container\">\n\t\t\t\t\t<div class=\"e-con-inner\">\n\t\t<div class=\"elementor-element elementor-element-aa29107 e-con-full e-flex e-con e-child\" data-id=\"aa29107\" data-element_type=\"container\" data-e-type=\"container\">\n\t\t<div class=\"elementor-element elementor-element-5703a24 e-con-full e-flex e-con e-child\" data-id=\"5703a24\" data-element_type=\"container\" data-e-type=\"container\">\n\t\t\t\t<div class=\"elementor-element elementor-element-30ace79 elementor-widget elementor-widget-text-editor\" data-id=\"30ace79\" data-element_type=\"widget\" data-e-type=\"widget\" data-widget_type=\"text-editor.default\">\n\t\t\t\t\t\t\t\t\t<h2 class=\"product_title entry-title\">Befestigungs- und Verzurrset f\u00fcr Motorradtr\u00e4ger<\/h2>\t\t\t\t\t\t\t\t<\/div>\n\t\t\t\t<div class=\"elementor-element elementor-element-e257a50 elementor-widget elementor-widget-text-editor\" data-id=\"e257a50\" data-element_type=\"widget\" data-e-type=\"widget\" data-widget_type=\"text-editor.default\">\n\t\t\t\t\t\t\t\t\t<p><strong>Befestigungs- und Verzurrset f\u00fcr Motorradtr\u00e4ger bestehend aus :<\/strong><\/p><ul><li>zwei Keile- eine Haltestange mit Befestigungsklammern<\/li><li>Schaumstoffschutz<\/li><li>Befestigungsgurte<\/li><\/ul>\t\t\t\t\t\t\t\t<\/div>\n\t\t\t\t<\/div>\n\t\t<div class=\"elementor-element elementor-element-c0ba522 e-con-full e-flex e-con e-child\" data-id=\"c0ba522\" data-element_type=\"container\" data-e-type=\"container\" data-settings=\"{&quot;background_background&quot;:&quot;classic&quot;}\">\n\t\t\t\t<div class=\"elementor-element elementor-element-7c3fdcb elementor-widget elementor-widget-image\" data-id=\"7c3fdcb\" data-element_type=\"widget\" data-e-type=\"widget\" data-widget_type=\"image.default\">\n\t\t\t\t\t\t\t\t\t\t\t\t\t\t\t<img fetchpriority=\"high\" decoding=\"async\" width=\"400\" height=\"200\" src=\"https:\/\/mecatek.eu\/wp-content\/uploads\/2025\/12\/Logo-Marque-Sawiko-de.png\" class=\"attachment-full size-full wp-image-1013 wp-post-image\" alt=\"Sawiko Logo\" \/>\t\t\t\t\t\t\t\t\t\t\t\t\t\t\t<\/div>\n\t\t\t\t<div class=\"elementor-element elementor-element-1fa7994 elementor-widget elementor-widget-text-editor\" data-id=\"1fa7994\" data-element_type=\"widget\" data-e-type=\"widget\" data-widget_type=\"text-editor.default\">\n\t\t\t\t\t\t\t\t\t<p><strong>Technische Daten :<br \/><\/strong>F\u00fcr Motorr\u00e4der und Roller<\/p>\t\t\t\t\t\t\t\t<\/div>\n\t\t\t\t<\/div>\n\t\t\t\t<\/div>\n\t\t\t\t\t<\/div>\n\t\t\t\t<\/div>\n\t\t\t\t<\/div>","protected":false},"excerpt":{"rendered":"<p>Kit de fixation et d\u2019arrimage pour porte-moto Kit de fixation et d&rsquo;arrimage pour porte-moto compos\u00e9 de : deux cales- une barre de maintien avec pinces de fixation protections en mousse sangles de fixations Donn\u00e9es techniques : Pour motos et scooters<\/p>","protected":false},"featured_media":2282,"comment_status":"closed","ping_status":"closed","template":"","meta":[],"product_brand":[68],"product_cat":[87],"product_tag":[],"class_list":{"0":"post-1737","1":"product","2":"type-product","3":"status-publish","4":"has-post-thumbnail","6":"product_brand-sawiko","7":"product_cat-arrimage-et-fixation-special-moto-et-scooter","9":"first","10":"instock","11":"shipping-taxable","12":"product-type-simple"},"yoast_head":"<!-- This site is optimized with the Yoast SEO plugin v26.9 - https:\/\/yoast.com\/product\/yoast-seo-wordpress\/ -->\n<title>Kit de fixation et d&#039;arrimage pour porte-moto - Mecatek (ex-Sawiko France)<\/title>\n<meta name=\"description\" content=\"Disposez d&#039;un kit de fixation et d&#039;arrimage complet pour votre porte moto avec cales-roues, barres de maintien, protections en mousse et sangles de fixation\" \/>\n<meta name=\"robots\" content=\"index, follow, max-snippet:-1, max-image-preview:large, max-video-preview:-1\" \/>\n<link rel=\"canonical\" href=\"https:\/\/mecatek.eu\/de\/produkt\/befestigungs-und-verankerungsset-fur-motorradtrager\/\" \/>\n<meta property=\"og:locale\" content=\"de_DE\" \/>\n<meta property=\"og:type\" content=\"article\" \/>\n<meta property=\"og:title\" content=\"Kit de fixation et d&#039;arrimage pour porte-moto - Mecatek (ex-Sawiko France)\" \/>\n<meta property=\"og:description\" content=\"Disposez d&#039;un kit de fixation et d&#039;arrimage complet pour votre porte moto avec cales-roues, barres de maintien, protections en mousse et sangles de fixation\" \/>\n<meta property=\"og:url\" content=\"https:\/\/mecatek.eu\/de\/produkt\/befestigungs-und-verankerungsset-fur-motorradtrager\/\" \/>\n<meta property=\"og:site_name\" content=\"Mecatek (ex-Sawiko France)\" \/>\n<meta property=\"article:modified_time\" content=\"2026-01-23T14:50:02+00:00\" \/>\n<meta property=\"og:image\" content=\"http:\/\/mecatek.eu\/wp-content\/uploads\/2025\/11\/Kit-arrimage-moto-scooter_800x800px.png\" \/>\n\t<meta property=\"og:image:width\" content=\"800\" \/>\n\t<meta property=\"og:image:height\" content=\"800\" \/>\n\t<meta property=\"og:image:type\" content=\"image\/png\" \/>\n<meta name=\"twitter:card\" content=\"summary_large_image\" \/>\n<meta name=\"twitter:label1\" content=\"Gesch\u00e4tzte Lesezeit\" \/>\n\t<meta name=\"twitter:data1\" content=\"1\u00a0Minute\" \/>\n<script type=\"application\/ld+json\" class=\"yoast-schema-graph\">{\"@context\":\"https:\/\/schema.org\",\"@graph\":[{\"@type\":\"WebPage\",\"@id\":\"https:\/\/mecatek.eu\/produit\/kit-de-fixation-et-darrimage-pour-porte-moto\/\",\"url\":\"https:\/\/mecatek.eu\/produit\/kit-de-fixation-et-darrimage-pour-porte-moto\/\",\"name\":\"Kit de fixation et d'arrimage pour porte-moto - Mecatek (ex-Sawiko France)\",\"isPartOf\":{\"@id\":\"https:\/\/mecatek.eu\/#website\"},\"primaryImageOfPage\":{\"@id\":\"https:\/\/mecatek.eu\/produit\/kit-de-fixation-et-darrimage-pour-porte-moto\/#primaryimage\"},\"image\":{\"@id\":\"https:\/\/mecatek.eu\/produit\/kit-de-fixation-et-darrimage-pour-porte-moto\/#primaryimage\"},\"thumbnailUrl\":\"https:\/\/mecatek.eu\/wp-content\/uploads\/2025\/11\/Kit-arrimage-moto-scooter_800x800px.png\",\"datePublished\":\"2025-11-27T14:44:41+00:00\",\"dateModified\":\"2026-01-23T14:50:02+00:00\",\"description\":\"Disposez d'un kit de fixation et d'arrimage complet pour votre porte moto avec cales-roues, barres de maintien, protections en mousse et sangles de fixation\",\"breadcrumb\":{\"@id\":\"https:\/\/mecatek.eu\/produit\/kit-de-fixation-et-darrimage-pour-porte-moto\/#breadcrumb\"},\"inLanguage\":\"de\",\"potentialAction\":[{\"@type\":\"ReadAction\",\"target\":[\"https:\/\/mecatek.eu\/produit\/kit-de-fixation-et-darrimage-pour-porte-moto\/\"]}]},{\"@type\":\"ImageObject\",\"inLanguage\":\"de\",\"@id\":\"https:\/\/mecatek.eu\/produit\/kit-de-fixation-et-darrimage-pour-porte-moto\/#primaryimage\",\"url\":\"https:\/\/mecatek.eu\/wp-content\/uploads\/2025\/11\/Kit-arrimage-moto-scooter_800x800px.png\",\"contentUrl\":\"https:\/\/mecatek.eu\/wp-content\/uploads\/2025\/11\/Kit-arrimage-moto-scooter_800x800px.png\",\"width\":800,\"height\":800,\"caption\":\"Kit d'arrimage pour moto et scooter\"},{\"@type\":\"BreadcrumbList\",\"@id\":\"https:\/\/mecatek.eu\/produit\/kit-de-fixation-et-darrimage-pour-porte-moto\/#breadcrumb\",\"itemListElement\":[{\"@type\":\"ListItem\",\"position\":1,\"name\":\"Accueil\",\"item\":\"https:\/\/mecatek.eu\/\"},{\"@type\":\"ListItem\",\"position\":2,\"name\":\"Catalogue\",\"item\":\"https:\/\/mecatek.eu\/catalogue\/\"},{\"@type\":\"ListItem\",\"position\":3,\"name\":\"Kit de fixation et d&rsquo;arrimage pour porte-moto\"}]},{\"@type\":\"WebSite\",\"@id\":\"https:\/\/mecatek.eu\/#website\",\"url\":\"https:\/\/mecatek.eu\/\",\"name\":\"Mecatek (ex-Sawiko France)\",\"description\":\"Fabricant d&#039;attelages pour camping-car et fourgon - Mecatek\",\"publisher\":{\"@id\":\"https:\/\/mecatek.eu\/#organization\"},\"potentialAction\":[{\"@type\":\"SearchAction\",\"target\":{\"@type\":\"EntryPoint\",\"urlTemplate\":\"https:\/\/mecatek.eu\/?s={search_term_string}\"},\"query-input\":{\"@type\":\"PropertyValueSpecification\",\"valueRequired\":true,\"valueName\":\"search_term_string\"}}],\"inLanguage\":\"de\"},{\"@type\":\"Organization\",\"@id\":\"https:\/\/mecatek.eu\/#organization\",\"name\":\"Mecatek (ex-Sawiko France)\",\"url\":\"https:\/\/mecatek.eu\/\",\"logo\":{\"@type\":\"ImageObject\",\"inLanguage\":\"de\",\"@id\":\"https:\/\/mecatek.eu\/#\/schema\/logo\/image\/\",\"url\":\"http:\/\/mecatek.eu\/wp-content\/uploads\/2026\/01\/Logo-Mecatek-Solutions-techniques-2025-300px.png\",\"contentUrl\":\"http:\/\/mecatek.eu\/wp-content\/uploads\/2026\/01\/Logo-Mecatek-Solutions-techniques-2025-300px.png\",\"width\":400,\"height\":94,\"caption\":\"Mecatek (ex-Sawiko France)\"},\"image\":{\"@id\":\"https:\/\/mecatek.eu\/#\/schema\/logo\/image\/\"}}]}<\/script>\n<!-- \/ Yoast SEO plugin. -->","yoast_head_json":{"title":"Befestigungs- und Verzurrset f\u00fcr Motorradtr\u00e4ger - Mecatek (ehemals Sawiko Deutschland)","description":"Verf\u00fcgen Sie \u00fcber ein komplettes Befestigungs- und Verankerungsset f\u00fcr Ihren Motorradtr\u00e4ger mit Radkeilen, Haltestangen, Schaumstoffschonern und Befestigungsgurten.","robots":{"index":"index","follow":"follow","max-snippet":"max-snippet:-1","max-image-preview":"max-image-preview:large","max-video-preview":"max-video-preview:-1"},"canonical":"https:\/\/mecatek.eu\/de\/produkt\/befestigungs-und-verankerungsset-fur-motorradtrager\/","og_locale":"de_DE","og_type":"article","og_title":"Kit de fixation et d'arrimage pour porte-moto - Mecatek (ex-Sawiko France)","og_description":"Disposez d'un kit de fixation et d'arrimage complet pour votre porte moto avec cales-roues, barres de maintien, protections en mousse et sangles de fixation","og_url":"https:\/\/mecatek.eu\/de\/produkt\/befestigungs-und-verankerungsset-fur-motorradtrager\/","og_site_name":"Mecatek (ex-Sawiko France)","article_modified_time":"2026-01-23T14:50:02+00:00","og_image":[{"width":800,"height":800,"url":"http:\/\/mecatek.eu\/wp-content\/uploads\/2025\/11\/Kit-arrimage-moto-scooter_800x800px.png","type":"image\/png"}],"twitter_card":"summary_large_image","twitter_misc":{"Gesch\u00e4tzte Lesezeit":"1\u00a0Minute"},"schema":{"@context":"https:\/\/schema.org","@graph":[{"@type":"WebPage","@id":"https:\/\/mecatek.eu\/produit\/kit-de-fixation-et-darrimage-pour-porte-moto\/","url":"https:\/\/mecatek.eu\/produit\/kit-de-fixation-et-darrimage-pour-porte-moto\/","name":"Befestigungs- und Verzurrset f\u00fcr Motorradtr\u00e4ger - Mecatek (ehemals Sawiko Deutschland)","isPartOf":{"@id":"https:\/\/mecatek.eu\/#website"},"primaryImageOfPage":{"@id":"https:\/\/mecatek.eu\/produit\/kit-de-fixation-et-darrimage-pour-porte-moto\/#primaryimage"},"image":{"@id":"https:\/\/mecatek.eu\/produit\/kit-de-fixation-et-darrimage-pour-porte-moto\/#primaryimage"},"thumbnailUrl":"https:\/\/mecatek.eu\/wp-content\/uploads\/2025\/11\/Kit-arrimage-moto-scooter_800x800px.png","datePublished":"2025-11-27T14:44:41+00:00","dateModified":"2026-01-23T14:50:02+00:00","description":"Verf\u00fcgen Sie \u00fcber ein komplettes Befestigungs- und Verankerungsset f\u00fcr Ihren Motorradtr\u00e4ger mit Radkeilen, Haltestangen, Schaumstoffschonern und Befestigungsgurten.","breadcrumb":{"@id":"https:\/\/mecatek.eu\/produit\/kit-de-fixation-et-darrimage-pour-porte-moto\/#breadcrumb"},"inLanguage":"de","potentialAction":[{"@type":"ReadAction","target":["https:\/\/mecatek.eu\/produit\/kit-de-fixation-et-darrimage-pour-porte-moto\/"]}]},{"@type":"ImageObject","inLanguage":"de","@id":"https:\/\/mecatek.eu\/produit\/kit-de-fixation-et-darrimage-pour-porte-moto\/#primaryimage","url":"https:\/\/mecatek.eu\/wp-content\/uploads\/2025\/11\/Kit-arrimage-moto-scooter_800x800px.png","contentUrl":"https:\/\/mecatek.eu\/wp-content\/uploads\/2025\/11\/Kit-arrimage-moto-scooter_800x800px.png","width":800,"height":800,"caption":"Kit d'arrimage pour moto et scooter"},{"@type":"BreadcrumbList","@id":"https:\/\/mecatek.eu\/produit\/kit-de-fixation-et-darrimage-pour-porte-moto\/#breadcrumb","itemListElement":[{"@type":"ListItem","position":1,"name":"Accueil","item":"https:\/\/mecatek.eu\/"},{"@type":"ListItem","position":2,"name":"Catalogue","item":"https:\/\/mecatek.eu\/catalogue\/"},{"@type":"ListItem","position":3,"name":"Kit de fixation et d&rsquo;arrimage pour porte-moto"}]},{"@type":"WebSite","@id":"https:\/\/mecatek.eu\/#website","url":"https:\/\/mecatek.eu\/","name":"Mecatek (ehemals Sawiko Frankreich)","description":"Hersteller von Anh\u00e4ngerkupplungen f\u00fcr Wohnmobile und Lieferwagen - Mecatek","publisher":{"@id":"https:\/\/mecatek.eu\/#organization"},"potentialAction":[{"@type":"SearchAction","target":{"@type":"EntryPoint","urlTemplate":"https:\/\/mecatek.eu\/?s={search_term_string}"},"query-input":{"@type":"PropertyValueSpecification","valueRequired":true,"valueName":"search_term_string"}}],"inLanguage":"de"},{"@type":"Organization","@id":"https:\/\/mecatek.eu\/#organization","name":"Mecatek (ehemals Sawiko Frankreich)","url":"https:\/\/mecatek.eu\/","logo":{"@type":"ImageObject","inLanguage":"de","@id":"https:\/\/mecatek.eu\/#\/schema\/logo\/image\/","url":"http:\/\/mecatek.eu\/wp-content\/uploads\/2026\/01\/Logo-Mecatek-Solutions-techniques-2025-300px.png","contentUrl":"http:\/\/mecatek.eu\/wp-content\/uploads\/2026\/01\/Logo-Mecatek-Solutions-techniques-2025-300px.png","width":400,"height":94,"caption":"Mecatek (ex-Sawiko France)"},"image":{"@id":"https:\/\/mecatek.eu\/#\/schema\/logo\/image\/"}}]}},"_links":{"self":[{"href":"https:\/\/mecatek.eu\/de\/wp-json\/wp\/v2\/product\/1737","targetHints":{"allow":["GET"]}}],"collection":[{"href":"https:\/\/mecatek.eu\/de\/wp-json\/wp\/v2\/product"}],"about":[{"href":"https:\/\/mecatek.eu\/de\/wp-json\/wp\/v2\/types\/product"}],"replies":[{"embeddable":true,"href":"https:\/\/mecatek.eu\/de\/wp-json\/wp\/v2\/comments?post=1737"}],"version-history":[{"count":5,"href":"https:\/\/mecatek.eu\/de\/wp-json\/wp\/v2\/product\/1737\/revisions"}],"predecessor-version":[{"id":2286,"href":"https:\/\/mecatek.eu\/de\/wp-json\/wp\/v2\/product\/1737\/revisions\/2286"}],"wp:featuredmedia":[{"embeddable":true,"href":"https:\/\/mecatek.eu\/de\/wp-json\/wp\/v2\/media\/2282"}],"wp:attachment":[{"href":"https:\/\/mecatek.eu\/de\/wp-json\/wp\/v2\/media?parent=1737"}],"wp:term":[{"taxonomy":"product_brand","embeddable":true,"href":"https:\/\/mecatek.eu\/de\/wp-json\/wp\/v2\/product_brand?post=1737"},{"taxonomy":"product_cat","embeddable":true,"href":"https:\/\/mecatek.eu\/de\/wp-json\/wp\/v2\/product_cat?post=1737"},{"taxonomy":"product_tag","embeddable":true,"href":"https:\/\/mecatek.eu\/de\/wp-json\/wp\/v2\/product_tag?post=1737"}],"curies":[{"name":"wp","href":"https:\/\/api.w.org\/{rel}","templated":true}]}}