{"id":1682,"date":"2025-11-23T15:54:10","date_gmt":"2025-11-23T14:54:10","guid":{"rendered":"https:\/\/mecatek.eu\/?post_type=product&#038;p=1682"},"modified":"2026-01-26T18:04:35","modified_gmt":"2026-01-26T17:04:35","slug":"begrenzungsleuchten","status":"publish","type":"product","link":"https:\/\/mecatek.eu\/de\/produkt\/begrenzungsleuchten\/","title":{"rendered":"Begrenzungsleuchten"},"content":{"rendered":"<div data-elementor-type=\"product-post\" data-elementor-id=\"1682\" class=\"elementor elementor-1682\" data-elementor-post-type=\"product\">\n\t\t\t\t<div class=\"elementor-element elementor-element-19a89b18 e-flex e-con-boxed e-con e-parent\" data-id=\"19a89b18\" data-element_type=\"container\" data-e-type=\"container\">\n\t\t\t\t\t<div class=\"e-con-inner\">\n\t\t<div class=\"elementor-element elementor-element-e6e1af1 e-con-full e-flex e-con e-child\" data-id=\"e6e1af1\" data-element_type=\"container\" data-e-type=\"container\">\n\t\t<div class=\"elementor-element elementor-element-e9528ca e-con-full e-flex e-con e-child\" data-id=\"e9528ca\" data-element_type=\"container\" data-e-type=\"container\">\n\t\t\t\t<div class=\"elementor-element elementor-element-17606e3 elementor-widget elementor-widget-text-editor\" data-id=\"17606e3\" data-element_type=\"widget\" data-e-type=\"widget\" data-widget_type=\"text-editor.default\">\n\t\t\t\t\t\t\t\t\t<h2>Begrenzungsleuchten<\/h2>\t\t\t\t\t\t\t\t<\/div>\n\t\t\t\t<div class=\"elementor-element elementor-element-c3785e7 elementor-widget elementor-widget-text-editor\" data-id=\"c3785e7\" data-element_type=\"widget\" data-e-type=\"widget\" data-widget_type=\"text-editor.default\">\n\t\t\t\t\t\t\t\t\t<p>Begrenzungsleuchten und elektrische Verkabelung sind erh\u00e4ltlich, damit Sie mit Ihrem Wohnmobil oder ausgebauten Kastenwagen sicher auf der Stra\u00dfe unterwegs sind.<\/p>\t\t\t\t\t\t\t\t<\/div>\n\t\t\t\t<\/div>\n\t\t<div class=\"elementor-element elementor-element-3b9885d e-con-full e-flex e-con e-child\" data-id=\"3b9885d\" data-element_type=\"container\" data-e-type=\"container\" data-settings=\"{&quot;background_background&quot;:&quot;classic&quot;}\">\n\t\t\t\t<div class=\"elementor-element elementor-element-04ad1df elementor-widget elementor-widget-image\" data-id=\"04ad1df\" data-element_type=\"widget\" data-e-type=\"widget\" data-widget_type=\"image.default\">\n\t\t\t\t\t\t\t\t\t\t\t\t\t\t\t<img fetchpriority=\"high\" decoding=\"async\" width=\"400\" height=\"200\" src=\"https:\/\/mecatek.eu\/wp-content\/uploads\/2025\/12\/Logo-Marque-MCK.png\" class=\"attachment-full size-full wp-image-983 wp-post-image\" alt=\"MCK-Logo\" \/>\t\t\t\t\t\t\t\t\t\t\t\t\t\t\t<\/div>\n\t\t\t\t<div class=\"elementor-element elementor-element-7572ee9 elementor-widget elementor-widget-text-editor\" data-id=\"7572ee9\" data-element_type=\"widget\" data-e-type=\"widget\" data-widget_type=\"text-editor.default\">\n\t\t\t\t\t\t\t\t\t<p><b>Begrenzungsleuchten f\u00fcr Wohnmobile und ausgebaute Kastenwagen<\/b><\/p>\t\t\t\t\t\t\t\t<\/div>\n\t\t\t\t<\/div>\n\t\t\t\t<\/div>\n\t\t\t\t\t<\/div>\n\t\t\t\t<\/div>\n\t\t\t\t<\/div>","protected":false},"excerpt":{"rendered":"<figure><figcaption class=\"image-caption\">\n<div id=\"product-description-short\">\n<p>Mecatek ist Hersteller von<strong>\u00a0Elektrokabelb\u00e4ume<\/strong>\u00a0f\u00fcr Ihr\u00a0<strong>Wohnmobil<\/strong>\u00a0und\u00a0<strong>eingerichteter Kastenwagen.<\/strong><\/p>\n<p>Begrenzungsleuchten 130 und 180 mm<\/p>\n<\/div>\n<\/figcaption><\/figure>","protected":false},"featured_media":1683,"comment_status":"closed","ping_status":"closed","template":"","meta":[],"product_brand":[63],"product_cat":[85],"product_tag":[],"class_list":{"0":"post-1682","1":"product","2":"type-product","3":"status-publish","4":"has-post-thumbnail","6":"product_brand-mck","7":"product_cat-bandeaux-de-feux-pour-porte-motos","9":"first","10":"instock","11":"shipping-taxable","12":"product-type-simple"},"yoast_head":"<!-- This site is optimized with the Yoast SEO plugin v26.9 - https:\/\/yoast.com\/product\/yoast-seo-wordpress\/ -->\n<title>Feux de gabarit - Mecatek (ex-Sawiko France)<\/title>\n<meta name=\"description\" content=\"Mecatek vous propose des feux de gabarit 130 et 180 mm pour un porte-moto install\u00e9 sur votre camping car ou fourgon am\u00e9nag\u00e9\" \/>\n<meta name=\"robots\" content=\"index, follow, max-snippet:-1, max-image-preview:large, max-video-preview:-1\" \/>\n<link rel=\"canonical\" href=\"https:\/\/mecatek.eu\/de\/produkt\/begrenzungsleuchten\/\" \/>\n<meta property=\"og:locale\" content=\"de_DE\" \/>\n<meta property=\"og:type\" content=\"article\" \/>\n<meta property=\"og:title\" content=\"Feux de gabarit - Mecatek (ex-Sawiko France)\" \/>\n<meta property=\"og:description\" content=\"Mecatek vous propose des feux de gabarit 130 et 180 mm pour un porte-moto install\u00e9 sur votre camping car ou fourgon am\u00e9nag\u00e9\" \/>\n<meta property=\"og:url\" content=\"https:\/\/mecatek.eu\/de\/produkt\/begrenzungsleuchten\/\" \/>\n<meta property=\"og:site_name\" content=\"Mecatek (ex-Sawiko France)\" \/>\n<meta property=\"article:modified_time\" content=\"2026-01-26T17:04:35+00:00\" \/>\n<meta property=\"og:image\" content=\"http:\/\/mecatek.eu\/wp-content\/uploads\/2025\/12\/feux-de-gabarit.jpg\" \/>\n\t<meta property=\"og:image:width\" content=\"800\" \/>\n\t<meta property=\"og:image:height\" content=\"800\" \/>\n\t<meta property=\"og:image:type\" content=\"image\/jpeg\" \/>\n<meta name=\"twitter:card\" content=\"summary_large_image\" \/>\n<meta name=\"twitter:label1\" content=\"Gesch\u00e4tzte Lesezeit\" \/>\n\t<meta name=\"twitter:data1\" content=\"1\u00a0Minute\" \/>\n<script type=\"application\/ld+json\" class=\"yoast-schema-graph\">{\"@context\":\"https:\/\/schema.org\",\"@graph\":[{\"@type\":\"WebPage\",\"@id\":\"https:\/\/mecatek.eu\/produit\/feux-de-gabarit\/\",\"url\":\"https:\/\/mecatek.eu\/produit\/feux-de-gabarit\/\",\"name\":\"Feux de gabarit - Mecatek (ex-Sawiko France)\",\"isPartOf\":{\"@id\":\"https:\/\/mecatek.eu\/#website\"},\"primaryImageOfPage\":{\"@id\":\"https:\/\/mecatek.eu\/produit\/feux-de-gabarit\/#primaryimage\"},\"image\":{\"@id\":\"https:\/\/mecatek.eu\/produit\/feux-de-gabarit\/#primaryimage\"},\"thumbnailUrl\":\"https:\/\/mecatek.eu\/wp-content\/uploads\/2025\/12\/feux-de-gabarit.jpg\",\"datePublished\":\"2025-11-23T14:54:10+00:00\",\"dateModified\":\"2026-01-26T17:04:35+00:00\",\"description\":\"Mecatek vous propose des feux de gabarit 130 et 180 mm pour un porte-moto install\u00e9 sur votre camping car ou fourgon am\u00e9nag\u00e9\",\"breadcrumb\":{\"@id\":\"https:\/\/mecatek.eu\/produit\/feux-de-gabarit\/#breadcrumb\"},\"inLanguage\":\"de\",\"potentialAction\":[{\"@type\":\"ReadAction\",\"target\":[\"https:\/\/mecatek.eu\/produit\/feux-de-gabarit\/\"]}]},{\"@type\":\"ImageObject\",\"inLanguage\":\"de\",\"@id\":\"https:\/\/mecatek.eu\/produit\/feux-de-gabarit\/#primaryimage\",\"url\":\"https:\/\/mecatek.eu\/wp-content\/uploads\/2025\/12\/feux-de-gabarit.jpg\",\"contentUrl\":\"https:\/\/mecatek.eu\/wp-content\/uploads\/2025\/12\/feux-de-gabarit.jpg\",\"width\":800,\"height\":800,\"caption\":\"Feux de gabarit\"},{\"@type\":\"BreadcrumbList\",\"@id\":\"https:\/\/mecatek.eu\/produit\/feux-de-gabarit\/#breadcrumb\",\"itemListElement\":[{\"@type\":\"ListItem\",\"position\":1,\"name\":\"Accueil\",\"item\":\"https:\/\/mecatek.eu\/\"},{\"@type\":\"ListItem\",\"position\":2,\"name\":\"Catalogue\",\"item\":\"https:\/\/mecatek.eu\/catalogue\/\"},{\"@type\":\"ListItem\",\"position\":3,\"name\":\"Feux de gabarit\"}]},{\"@type\":\"WebSite\",\"@id\":\"https:\/\/mecatek.eu\/#website\",\"url\":\"https:\/\/mecatek.eu\/\",\"name\":\"Mecatek (ex-Sawiko France)\",\"description\":\"Fabricant d&#039;attelages pour camping-car et fourgon - Mecatek\",\"publisher\":{\"@id\":\"https:\/\/mecatek.eu\/#organization\"},\"potentialAction\":[{\"@type\":\"SearchAction\",\"target\":{\"@type\":\"EntryPoint\",\"urlTemplate\":\"https:\/\/mecatek.eu\/?s={search_term_string}\"},\"query-input\":{\"@type\":\"PropertyValueSpecification\",\"valueRequired\":true,\"valueName\":\"search_term_string\"}}],\"inLanguage\":\"de\"},{\"@type\":\"Organization\",\"@id\":\"https:\/\/mecatek.eu\/#organization\",\"name\":\"Mecatek (ex-Sawiko France)\",\"url\":\"https:\/\/mecatek.eu\/\",\"logo\":{\"@type\":\"ImageObject\",\"inLanguage\":\"de\",\"@id\":\"https:\/\/mecatek.eu\/#\/schema\/logo\/image\/\",\"url\":\"http:\/\/mecatek.eu\/wp-content\/uploads\/2026\/01\/Logo-Mecatek-Solutions-techniques-2025-300px.png\",\"contentUrl\":\"http:\/\/mecatek.eu\/wp-content\/uploads\/2026\/01\/Logo-Mecatek-Solutions-techniques-2025-300px.png\",\"width\":400,\"height\":94,\"caption\":\"Mecatek (ex-Sawiko France)\"},\"image\":{\"@id\":\"https:\/\/mecatek.eu\/#\/schema\/logo\/image\/\"}}]}<\/script>\n<!-- \/ Yoast SEO plugin. -->","yoast_head_json":{"title":"Begrenzungsleuchten - Mecatek (ehemals Sawiko Frankreich)","description":"Mecatek bietet Ihnen Leuchten in den Gr\u00f6\u00dfen 130 und 180 mm f\u00fcr einen Motorradtr\u00e4ger, der an Ihrem Wohnmobil oder ausgebauten Kastenwagen angebracht ist.","robots":{"index":"index","follow":"follow","max-snippet":"max-snippet:-1","max-image-preview":"max-image-preview:large","max-video-preview":"max-video-preview:-1"},"canonical":"https:\/\/mecatek.eu\/de\/produkt\/begrenzungsleuchten\/","og_locale":"de_DE","og_type":"article","og_title":"Feux de gabarit - Mecatek (ex-Sawiko France)","og_description":"Mecatek vous propose des feux de gabarit 130 et 180 mm pour un porte-moto install\u00e9 sur votre camping car ou fourgon am\u00e9nag\u00e9","og_url":"https:\/\/mecatek.eu\/de\/produkt\/begrenzungsleuchten\/","og_site_name":"Mecatek (ex-Sawiko France)","article_modified_time":"2026-01-26T17:04:35+00:00","og_image":[{"width":800,"height":800,"url":"http:\/\/mecatek.eu\/wp-content\/uploads\/2025\/12\/feux-de-gabarit.jpg","type":"image\/jpeg"}],"twitter_card":"summary_large_image","twitter_misc":{"Gesch\u00e4tzte Lesezeit":"1\u00a0Minute"},"schema":{"@context":"https:\/\/schema.org","@graph":[{"@type":"WebPage","@id":"https:\/\/mecatek.eu\/produit\/feux-de-gabarit\/","url":"https:\/\/mecatek.eu\/produit\/feux-de-gabarit\/","name":"Begrenzungsleuchten - Mecatek (ehemals Sawiko Frankreich)","isPartOf":{"@id":"https:\/\/mecatek.eu\/#website"},"primaryImageOfPage":{"@id":"https:\/\/mecatek.eu\/produit\/feux-de-gabarit\/#primaryimage"},"image":{"@id":"https:\/\/mecatek.eu\/produit\/feux-de-gabarit\/#primaryimage"},"thumbnailUrl":"https:\/\/mecatek.eu\/wp-content\/uploads\/2025\/12\/feux-de-gabarit.jpg","datePublished":"2025-11-23T14:54:10+00:00","dateModified":"2026-01-26T17:04:35+00:00","description":"Mecatek bietet Ihnen Leuchten in den Gr\u00f6\u00dfen 130 und 180 mm f\u00fcr einen Motorradtr\u00e4ger, der an Ihrem Wohnmobil oder ausgebauten Kastenwagen angebracht ist.","breadcrumb":{"@id":"https:\/\/mecatek.eu\/produit\/feux-de-gabarit\/#breadcrumb"},"inLanguage":"de","potentialAction":[{"@type":"ReadAction","target":["https:\/\/mecatek.eu\/produit\/feux-de-gabarit\/"]}]},{"@type":"ImageObject","inLanguage":"de","@id":"https:\/\/mecatek.eu\/produit\/feux-de-gabarit\/#primaryimage","url":"https:\/\/mecatek.eu\/wp-content\/uploads\/2025\/12\/feux-de-gabarit.jpg","contentUrl":"https:\/\/mecatek.eu\/wp-content\/uploads\/2025\/12\/feux-de-gabarit.jpg","width":800,"height":800,"caption":"Feux de gabarit"},{"@type":"BreadcrumbList","@id":"https:\/\/mecatek.eu\/produit\/feux-de-gabarit\/#breadcrumb","itemListElement":[{"@type":"ListItem","position":1,"name":"Accueil","item":"https:\/\/mecatek.eu\/"},{"@type":"ListItem","position":2,"name":"Catalogue","item":"https:\/\/mecatek.eu\/catalogue\/"},{"@type":"ListItem","position":3,"name":"Feux de gabarit"}]},{"@type":"WebSite","@id":"https:\/\/mecatek.eu\/#website","url":"https:\/\/mecatek.eu\/","name":"Mecatek (ehemals Sawiko Frankreich)","description":"Hersteller von Anh\u00e4ngerkupplungen f\u00fcr Wohnmobile und Lieferwagen - Mecatek","publisher":{"@id":"https:\/\/mecatek.eu\/#organization"},"potentialAction":[{"@type":"SearchAction","target":{"@type":"EntryPoint","urlTemplate":"https:\/\/mecatek.eu\/?s={search_term_string}"},"query-input":{"@type":"PropertyValueSpecification","valueRequired":true,"valueName":"search_term_string"}}],"inLanguage":"de"},{"@type":"Organization","@id":"https:\/\/mecatek.eu\/#organization","name":"Mecatek (ehemals Sawiko Frankreich)","url":"https:\/\/mecatek.eu\/","logo":{"@type":"ImageObject","inLanguage":"de","@id":"https:\/\/mecatek.eu\/#\/schema\/logo\/image\/","url":"http:\/\/mecatek.eu\/wp-content\/uploads\/2026\/01\/Logo-Mecatek-Solutions-techniques-2025-300px.png","contentUrl":"http:\/\/mecatek.eu\/wp-content\/uploads\/2026\/01\/Logo-Mecatek-Solutions-techniques-2025-300px.png","width":400,"height":94,"caption":"Mecatek (ex-Sawiko France)"},"image":{"@id":"https:\/\/mecatek.eu\/#\/schema\/logo\/image\/"}}]}},"_links":{"self":[{"href":"https:\/\/mecatek.eu\/de\/wp-json\/wp\/v2\/product\/1682","targetHints":{"allow":["GET"]}}],"collection":[{"href":"https:\/\/mecatek.eu\/de\/wp-json\/wp\/v2\/product"}],"about":[{"href":"https:\/\/mecatek.eu\/de\/wp-json\/wp\/v2\/types\/product"}],"replies":[{"embeddable":true,"href":"https:\/\/mecatek.eu\/de\/wp-json\/wp\/v2\/comments?post=1682"}],"version-history":[{"count":5,"href":"https:\/\/mecatek.eu\/de\/wp-json\/wp\/v2\/product\/1682\/revisions"}],"predecessor-version":[{"id":1689,"href":"https:\/\/mecatek.eu\/de\/wp-json\/wp\/v2\/product\/1682\/revisions\/1689"}],"wp:featuredmedia":[{"embeddable":true,"href":"https:\/\/mecatek.eu\/de\/wp-json\/wp\/v2\/media\/1683"}],"wp:attachment":[{"href":"https:\/\/mecatek.eu\/de\/wp-json\/wp\/v2\/media?parent=1682"}],"wp:term":[{"taxonomy":"product_brand","embeddable":true,"href":"https:\/\/mecatek.eu\/de\/wp-json\/wp\/v2\/product_brand?post=1682"},{"taxonomy":"product_cat","embeddable":true,"href":"https:\/\/mecatek.eu\/de\/wp-json\/wp\/v2\/product_cat?post=1682"},{"taxonomy":"product_tag","embeddable":true,"href":"https:\/\/mecatek.eu\/de\/wp-json\/wp\/v2\/product_tag?post=1682"}],"curies":[{"name":"wp","href":"https:\/\/api.w.org\/{rel}","templated":true}]}}