{"id":1646,"date":"2025-12-22T12:07:32","date_gmt":"2025-12-22T11:07:32","guid":{"rendered":"https:\/\/mecatek.eu\/?post_type=product&#038;p=1646"},"modified":"2026-01-27T18:46:49","modified_gmt":"2026-01-27T17:46:49","slug":"numerisch-gesteuerte-luftfederung-mck-air-connect","status":"publish","type":"product","link":"https:\/\/mecatek.eu\/de\/produkt\/numerisch-gesteuerte-luftfederung-mck-air-connect\/","title":{"rendered":"Digital gesteuerte Luftfederung MCK AIR-CONNECT"},"content":{"rendered":"<div data-elementor-type=\"product-post\" data-elementor-id=\"1646\" class=\"elementor elementor-1646\" data-elementor-post-type=\"product\">\n\t\t\t\t<div class=\"elementor-element elementor-element-4c9ec37a e-flex e-con-boxed e-con e-parent\" data-id=\"4c9ec37a\" data-element_type=\"container\" data-e-type=\"container\">\n\t\t\t\t\t<div class=\"e-con-inner\">\n\t\t<div class=\"elementor-element elementor-element-c51e052 e-con-full e-flex e-con e-child\" data-id=\"c51e052\" data-element_type=\"container\" data-e-type=\"container\">\n\t\t<div class=\"elementor-element elementor-element-fdce7ca e-con-full e-flex e-con e-child\" data-id=\"fdce7ca\" data-element_type=\"container\" data-e-type=\"container\">\n\t\t\t\t<div class=\"elementor-element elementor-element-901f4b5 elementor-widget elementor-widget-text-editor\" data-id=\"901f4b5\" data-element_type=\"widget\" data-e-type=\"widget\" data-widget_type=\"text-editor.default\">\n\t\t\t\t\t\t\t\t\t<h2>Luftfederung f\u00fcr Wohnmobile und Vans <span style=\"color: #0079b3;\">MCK AIR CONNECT<\/span><\/h2>\t\t\t\t\t\t\t\t<\/div>\n\t\t\t\t<div class=\"elementor-element elementor-element-5b17406 elementor-widget elementor-widget-text-editor\" data-id=\"5b17406\" data-element_type=\"widget\" data-e-type=\"widget\" data-widget_type=\"text-editor.default\">\n\t\t\t\t\t\t\t\t\t<p>Die <strong>Luftfederung f\u00fcr Wohnmobile und Vans MCK AIR CONNECT<\/strong>, mit einer <strong>digitale Steuereinheit<\/strong>, Das System bietet eine optimale Kombination aus Komfort, Sicherheit, Anpassungsf\u00e4higkeit und Haltbarkeit des Fahrzeugs.<br \/>Dieses System kann an viele verschiedene Fahrgestelle angepasst werden.<\/p><p>Die Integration der digitalen Steuereinheit MCK AIR CONNECT erm\u00f6glicht eine pr\u00e4zise, schnelle und intuitive Steuerung der Federung. Der Benutzer kann die H\u00f6he des Fahrzeugs \u00fcber eine moderne Schnittstelle einfach anpassen, was das Lastmanagement und die Niveauregulierung vereinfacht und gleichzeitig f\u00fcr optimale Stabilit\u00e4t sorgt, egal ob bei Geradeausfahrt, in Kurven oder bei Seitenwind.<\/p><p>Diese Technologie erleichtert auch die Neupositionierung des Fernlichts und erm\u00f6glicht es, die Fahrtrichtung des Fahrzeugs auf Wunsch zu korrigieren, was eine sofortige Anpassungsf\u00e4higkeit an Ver\u00e4nderungen der Beladung oder der Stra\u00dfenverh\u00e4ltnisse bietet.<\/p>\t\t\t\t\t\t\t\t<\/div>\n\t\t\t\t<\/div>\n\t\t<div class=\"elementor-element elementor-element-ac8a42c e-con-full e-flex e-con e-child\" data-id=\"ac8a42c\" data-element_type=\"container\" data-e-type=\"container\" data-settings=\"{&quot;background_background&quot;:&quot;classic&quot;}\">\n\t\t\t\t<div class=\"elementor-element elementor-element-04bc4de elementor-widget elementor-widget-image\" data-id=\"04bc4de\" data-element_type=\"widget\" data-e-type=\"widget\" data-widget_type=\"image.default\">\n\t\t\t\t\t\t\t\t\t\t\t\t\t\t\t<img fetchpriority=\"high\" decoding=\"async\" width=\"400\" height=\"200\" src=\"https:\/\/mecatek.eu\/wp-content\/uploads\/2025\/12\/Logo-Marque-MCK-Air-Connect.png\" class=\"attachment-full size-full wp-image-984\" alt=\"Logo MCK Air-Connect\" \/>\t\t\t\t\t\t\t\t\t\t\t\t\t\t\t<\/div>\n\t\t\t\t<div class=\"elementor-element elementor-element-e73f069 elementor-widget elementor-widget-text-editor\" data-id=\"e73f069\" data-element_type=\"widget\" data-e-type=\"widget\" data-widget_type=\"text-editor.default\">\n\t\t\t\t\t\t\t\t\t<p><strong>Fahrzeuge com<\/strong><strong>geduldig :<br \/><\/strong><\/p><ul><li>Fiat\u00a0<\/li><li>Peugeot\u00a0<\/li><li>Citro\u00ebn\u00a0<\/li><li>Renault<\/li><li>Ford<\/li><li>Iveco<\/li><li>Mercedes<\/li><li>VW<\/li><li>MAN<\/li><li>ALKO\u00a0<\/li><\/ul>\t\t\t\t\t\t\t\t<\/div>\n\t\t\t\t<\/div>\n\t\t\t\t<\/div>\n\t\t\t\t\t<\/div>\n\t\t\t\t<\/div>\n\t\t\t\t<\/div>","protected":false},"excerpt":{"rendered":"<p>Die Luftfederung f\u00fcr Wohnmobile und Vans MCK AIR CONNECT mit integrierter digitaler Steuereinheit vereint Komfort, Sicherheit und Langlebigkeit. Sie ist mit zahlreichen Fahrgestellen kompatibel und erm\u00f6glicht eine schnelle und intuitive Einstellung der Fahrzeugh\u00f6he \u00fcber eine moderne Schnittstelle. Sie sorgt f\u00fcr optimale Stabilit\u00e4t und sofortige Anpassungsf\u00e4higkeit an die jeweilige Last oder die Stra\u00dfenverh\u00e4ltnisse.<\/p>","protected":false},"featured_media":1650,"comment_status":"closed","ping_status":"closed","template":"","meta":[],"product_brand":[63],"product_cat":[34,73],"product_tag":[],"class_list":{"0":"post-1646","1":"product","2":"type-product","3":"status-publish","4":"has-post-thumbnail","6":"product_brand-mck","7":"product_cat-suspensions-pneumatiques-camping-car","8":"product_cat-suspensions-pneumatiques-pour-fourgons-et-vans","10":"first","11":"instock","12":"shipping-taxable","13":"product-type-simple"},"yoast_head":"<!-- This site is optimized with the Yoast SEO plugin v26.9 - https:\/\/yoast.com\/product\/yoast-seo-wordpress\/ -->\n<title>Suspensions pneumatiques \u00e0 commande num\u00e9rique MCK AIR-CONNECT - Mecatek (ex-Sawiko France)<\/title>\n<meta name=\"description\" content=\"D\u00e9couvrez la suspension pneumatique pour camping-car et fourgon MCK AIR CONNECT. Gagnez en confort, stabilit\u00e9 et r\u00e9glage intuitif de la hauteur selon charge\" \/>\n<meta name=\"robots\" content=\"index, follow, max-snippet:-1, max-image-preview:large, max-video-preview:-1\" \/>\n<link rel=\"canonical\" href=\"https:\/\/mecatek.eu\/de\/produkt\/numerisch-gesteuerte-luftfederung-mck-air-connect\/\" \/>\n<meta property=\"og:locale\" content=\"de_DE\" \/>\n<meta property=\"og:type\" content=\"article\" \/>\n<meta property=\"og:title\" content=\"Suspensions pneumatiques \u00e0 commande num\u00e9rique MCK AIR-CONNECT - Mecatek (ex-Sawiko France)\" \/>\n<meta property=\"og:description\" content=\"D\u00e9couvrez la suspension pneumatique pour camping-car et fourgon MCK AIR CONNECT. Gagnez en confort, stabilit\u00e9 et r\u00e9glage intuitif de la hauteur selon charge\" \/>\n<meta property=\"og:url\" content=\"https:\/\/mecatek.eu\/de\/produkt\/numerisch-gesteuerte-luftfederung-mck-air-connect\/\" \/>\n<meta property=\"og:site_name\" content=\"Mecatek (ex-Sawiko France)\" \/>\n<meta property=\"article:modified_time\" content=\"2026-01-27T17:46:49+00:00\" \/>\n<meta property=\"og:image\" content=\"http:\/\/mecatek.eu\/wp-content\/uploads\/2025\/12\/Suspensions-Air-Connect_1.jpeg\" \/>\n\t<meta property=\"og:image:width\" content=\"1200\" \/>\n\t<meta property=\"og:image:height\" content=\"857\" \/>\n\t<meta property=\"og:image:type\" content=\"image\/jpeg\" \/>\n<meta name=\"twitter:card\" content=\"summary_large_image\" \/>\n<meta name=\"twitter:label1\" content=\"Gesch\u00e4tzte Lesezeit\" \/>\n\t<meta name=\"twitter:data1\" content=\"2\u00a0Minuten\" \/>\n<script type=\"application\/ld+json\" class=\"yoast-schema-graph\">{\"@context\":\"https:\/\/schema.org\",\"@graph\":[{\"@type\":\"WebPage\",\"@id\":\"https:\/\/mecatek.eu\/produit\/suspensions-pneumatiques-a-commande-numerique-mck-air-connect\/\",\"url\":\"https:\/\/mecatek.eu\/produit\/suspensions-pneumatiques-a-commande-numerique-mck-air-connect\/\",\"name\":\"Suspensions pneumatiques \u00e0 commande num\u00e9rique MCK AIR-CONNECT - Mecatek (ex-Sawiko France)\",\"isPartOf\":{\"@id\":\"https:\/\/mecatek.eu\/#website\"},\"primaryImageOfPage\":{\"@id\":\"https:\/\/mecatek.eu\/produit\/suspensions-pneumatiques-a-commande-numerique-mck-air-connect\/#primaryimage\"},\"image\":{\"@id\":\"https:\/\/mecatek.eu\/produit\/suspensions-pneumatiques-a-commande-numerique-mck-air-connect\/#primaryimage\"},\"thumbnailUrl\":\"https:\/\/mecatek.eu\/wp-content\/uploads\/2025\/12\/Suspensions-Air-Connect_1.jpeg\",\"datePublished\":\"2025-12-22T11:07:32+00:00\",\"dateModified\":\"2026-01-27T17:46:49+00:00\",\"description\":\"D\u00e9couvrez la suspension pneumatique pour camping-car et fourgon MCK AIR CONNECT. Gagnez en confort, stabilit\u00e9 et r\u00e9glage intuitif de la hauteur selon charge\",\"breadcrumb\":{\"@id\":\"https:\/\/mecatek.eu\/produit\/suspensions-pneumatiques-a-commande-numerique-mck-air-connect\/#breadcrumb\"},\"inLanguage\":\"de\",\"potentialAction\":[{\"@type\":\"ReadAction\",\"target\":[\"https:\/\/mecatek.eu\/produit\/suspensions-pneumatiques-a-commande-numerique-mck-air-connect\/\"]}]},{\"@type\":\"ImageObject\",\"inLanguage\":\"de\",\"@id\":\"https:\/\/mecatek.eu\/produit\/suspensions-pneumatiques-a-commande-numerique-mck-air-connect\/#primaryimage\",\"url\":\"https:\/\/mecatek.eu\/wp-content\/uploads\/2025\/12\/Suspensions-Air-Connect_1.jpeg\",\"contentUrl\":\"https:\/\/mecatek.eu\/wp-content\/uploads\/2025\/12\/Suspensions-Air-Connect_1.jpeg\",\"width\":1200,\"height\":857,\"caption\":\"Kit complet de suspensions pneumatiques \u00e0 commande num\u00e9rique MCK AIR-CONNECT\"},{\"@type\":\"BreadcrumbList\",\"@id\":\"https:\/\/mecatek.eu\/produit\/suspensions-pneumatiques-a-commande-numerique-mck-air-connect\/#breadcrumb\",\"itemListElement\":[{\"@type\":\"ListItem\",\"position\":1,\"name\":\"Accueil\",\"item\":\"https:\/\/mecatek.eu\/\"},{\"@type\":\"ListItem\",\"position\":2,\"name\":\"Catalogue\",\"item\":\"https:\/\/mecatek.eu\/catalogue\/\"},{\"@type\":\"ListItem\",\"position\":3,\"name\":\"Suspensions pneumatiques \u00e0 commande num\u00e9rique MCK AIR-CONNECT\"}]},{\"@type\":\"WebSite\",\"@id\":\"https:\/\/mecatek.eu\/#website\",\"url\":\"https:\/\/mecatek.eu\/\",\"name\":\"Mecatek (ex-Sawiko France)\",\"description\":\"Fabricant d&#039;attelages pour camping-car et fourgon - Mecatek\",\"publisher\":{\"@id\":\"https:\/\/mecatek.eu\/#organization\"},\"potentialAction\":[{\"@type\":\"SearchAction\",\"target\":{\"@type\":\"EntryPoint\",\"urlTemplate\":\"https:\/\/mecatek.eu\/?s={search_term_string}\"},\"query-input\":{\"@type\":\"PropertyValueSpecification\",\"valueRequired\":true,\"valueName\":\"search_term_string\"}}],\"inLanguage\":\"de\"},{\"@type\":\"Organization\",\"@id\":\"https:\/\/mecatek.eu\/#organization\",\"name\":\"Mecatek (ex-Sawiko France)\",\"url\":\"https:\/\/mecatek.eu\/\",\"logo\":{\"@type\":\"ImageObject\",\"inLanguage\":\"de\",\"@id\":\"https:\/\/mecatek.eu\/#\/schema\/logo\/image\/\",\"url\":\"http:\/\/mecatek.eu\/wp-content\/uploads\/2026\/01\/Logo-Mecatek-Solutions-techniques-2025-300px.png\",\"contentUrl\":\"http:\/\/mecatek.eu\/wp-content\/uploads\/2026\/01\/Logo-Mecatek-Solutions-techniques-2025-300px.png\",\"width\":400,\"height\":94,\"caption\":\"Mecatek (ex-Sawiko France)\"},\"image\":{\"@id\":\"https:\/\/mecatek.eu\/#\/schema\/logo\/image\/\"}}]}<\/script>\n<!-- \/ Yoast SEO plugin. -->","yoast_head_json":{"title":"Numerisch gesteuerte Luftfederung MCK AIR-CONNECT - Mecatek (ehemals Sawiko Deutschland)","description":"Entdecken Sie die Luftfederung f\u00fcr Wohnmobile und Kastenwagen MCK AIR CONNECT. Gewinnen Sie an Komfort, Stabilit\u00e4t und intuitiver H\u00f6heneinstellung je nach Last.","robots":{"index":"index","follow":"follow","max-snippet":"max-snippet:-1","max-image-preview":"max-image-preview:large","max-video-preview":"max-video-preview:-1"},"canonical":"https:\/\/mecatek.eu\/de\/produkt\/numerisch-gesteuerte-luftfederung-mck-air-connect\/","og_locale":"de_DE","og_type":"article","og_title":"Suspensions pneumatiques \u00e0 commande num\u00e9rique MCK AIR-CONNECT - Mecatek (ex-Sawiko France)","og_description":"D\u00e9couvrez la suspension pneumatique pour camping-car et fourgon MCK AIR CONNECT. Gagnez en confort, stabilit\u00e9 et r\u00e9glage intuitif de la hauteur selon charge","og_url":"https:\/\/mecatek.eu\/de\/produkt\/numerisch-gesteuerte-luftfederung-mck-air-connect\/","og_site_name":"Mecatek (ex-Sawiko France)","article_modified_time":"2026-01-27T17:46:49+00:00","og_image":[{"width":1200,"height":857,"url":"http:\/\/mecatek.eu\/wp-content\/uploads\/2025\/12\/Suspensions-Air-Connect_1.jpeg","type":"image\/jpeg"}],"twitter_card":"summary_large_image","twitter_misc":{"Gesch\u00e4tzte Lesezeit":"2\u00a0Minuten"},"schema":{"@context":"https:\/\/schema.org","@graph":[{"@type":"WebPage","@id":"https:\/\/mecatek.eu\/produit\/suspensions-pneumatiques-a-commande-numerique-mck-air-connect\/","url":"https:\/\/mecatek.eu\/produit\/suspensions-pneumatiques-a-commande-numerique-mck-air-connect\/","name":"Numerisch gesteuerte Luftfederung MCK AIR-CONNECT - Mecatek (ehemals Sawiko Deutschland)","isPartOf":{"@id":"https:\/\/mecatek.eu\/#website"},"primaryImageOfPage":{"@id":"https:\/\/mecatek.eu\/produit\/suspensions-pneumatiques-a-commande-numerique-mck-air-connect\/#primaryimage"},"image":{"@id":"https:\/\/mecatek.eu\/produit\/suspensions-pneumatiques-a-commande-numerique-mck-air-connect\/#primaryimage"},"thumbnailUrl":"https:\/\/mecatek.eu\/wp-content\/uploads\/2025\/12\/Suspensions-Air-Connect_1.jpeg","datePublished":"2025-12-22T11:07:32+00:00","dateModified":"2026-01-27T17:46:49+00:00","description":"Entdecken Sie die Luftfederung f\u00fcr Wohnmobile und Kastenwagen MCK AIR CONNECT. Gewinnen Sie an Komfort, Stabilit\u00e4t und intuitiver H\u00f6heneinstellung je nach Last.","breadcrumb":{"@id":"https:\/\/mecatek.eu\/produit\/suspensions-pneumatiques-a-commande-numerique-mck-air-connect\/#breadcrumb"},"inLanguage":"de","potentialAction":[{"@type":"ReadAction","target":["https:\/\/mecatek.eu\/produit\/suspensions-pneumatiques-a-commande-numerique-mck-air-connect\/"]}]},{"@type":"ImageObject","inLanguage":"de","@id":"https:\/\/mecatek.eu\/produit\/suspensions-pneumatiques-a-commande-numerique-mck-air-connect\/#primaryimage","url":"https:\/\/mecatek.eu\/wp-content\/uploads\/2025\/12\/Suspensions-Air-Connect_1.jpeg","contentUrl":"https:\/\/mecatek.eu\/wp-content\/uploads\/2025\/12\/Suspensions-Air-Connect_1.jpeg","width":1200,"height":857,"caption":"Kit complet de suspensions pneumatiques \u00e0 commande num\u00e9rique MCK AIR-CONNECT"},{"@type":"BreadcrumbList","@id":"https:\/\/mecatek.eu\/produit\/suspensions-pneumatiques-a-commande-numerique-mck-air-connect\/#breadcrumb","itemListElement":[{"@type":"ListItem","position":1,"name":"Accueil","item":"https:\/\/mecatek.eu\/"},{"@type":"ListItem","position":2,"name":"Catalogue","item":"https:\/\/mecatek.eu\/catalogue\/"},{"@type":"ListItem","position":3,"name":"Suspensions pneumatiques \u00e0 commande num\u00e9rique MCK AIR-CONNECT"}]},{"@type":"WebSite","@id":"https:\/\/mecatek.eu\/#website","url":"https:\/\/mecatek.eu\/","name":"Mecatek (ehemals Sawiko Frankreich)","description":"Hersteller von Anh\u00e4ngerkupplungen f\u00fcr Wohnmobile und Lieferwagen - Mecatek","publisher":{"@id":"https:\/\/mecatek.eu\/#organization"},"potentialAction":[{"@type":"SearchAction","target":{"@type":"EntryPoint","urlTemplate":"https:\/\/mecatek.eu\/?s={search_term_string}"},"query-input":{"@type":"PropertyValueSpecification","valueRequired":true,"valueName":"search_term_string"}}],"inLanguage":"de"},{"@type":"Organization","@id":"https:\/\/mecatek.eu\/#organization","name":"Mecatek (ehemals Sawiko Frankreich)","url":"https:\/\/mecatek.eu\/","logo":{"@type":"ImageObject","inLanguage":"de","@id":"https:\/\/mecatek.eu\/#\/schema\/logo\/image\/","url":"http:\/\/mecatek.eu\/wp-content\/uploads\/2026\/01\/Logo-Mecatek-Solutions-techniques-2025-300px.png","contentUrl":"http:\/\/mecatek.eu\/wp-content\/uploads\/2026\/01\/Logo-Mecatek-Solutions-techniques-2025-300px.png","width":400,"height":94,"caption":"Mecatek (ex-Sawiko France)"},"image":{"@id":"https:\/\/mecatek.eu\/#\/schema\/logo\/image\/"}}]}},"_links":{"self":[{"href":"https:\/\/mecatek.eu\/de\/wp-json\/wp\/v2\/product\/1646","targetHints":{"allow":["GET"]}}],"collection":[{"href":"https:\/\/mecatek.eu\/de\/wp-json\/wp\/v2\/product"}],"about":[{"href":"https:\/\/mecatek.eu\/de\/wp-json\/wp\/v2\/types\/product"}],"replies":[{"embeddable":true,"href":"https:\/\/mecatek.eu\/de\/wp-json\/wp\/v2\/comments?post=1646"}],"version-history":[{"count":7,"href":"https:\/\/mecatek.eu\/de\/wp-json\/wp\/v2\/product\/1646\/revisions"}],"predecessor-version":[{"id":1660,"href":"https:\/\/mecatek.eu\/de\/wp-json\/wp\/v2\/product\/1646\/revisions\/1660"}],"wp:featuredmedia":[{"embeddable":true,"href":"https:\/\/mecatek.eu\/de\/wp-json\/wp\/v2\/media\/1650"}],"wp:attachment":[{"href":"https:\/\/mecatek.eu\/de\/wp-json\/wp\/v2\/media?parent=1646"}],"wp:term":[{"taxonomy":"product_brand","embeddable":true,"href":"https:\/\/mecatek.eu\/de\/wp-json\/wp\/v2\/product_brand?post=1646"},{"taxonomy":"product_cat","embeddable":true,"href":"https:\/\/mecatek.eu\/de\/wp-json\/wp\/v2\/product_cat?post=1646"},{"taxonomy":"product_tag","embeddable":true,"href":"https:\/\/mecatek.eu\/de\/wp-json\/wp\/v2\/product_tag?post=1646"}],"curies":[{"name":"wp","href":"https:\/\/api.w.org\/{rel}","templated":true}]}}