{"id":1581,"date":"2025-12-03T17:00:04","date_gmt":"2025-12-03T16:00:04","guid":{"rendered":"https:\/\/mecatek.eu\/?post_type=product&#038;p=1581"},"modified":"2026-01-22T17:47:16","modified_gmt":"2026-01-22T16:47:16","slug":"fahrradtrager-auf-kugel-dattelage-fur-kastenwagen-renault-trafic-3","status":"publish","type":"product","link":"https:\/\/mecatek.eu\/de\/produkt\/fahrradtrager-auf-kugel-dattelage-fur-kastenwagen-renault-trafic-3\/","title":{"rendered":"Fahrradtr\u00e4ger auf Kugelkopfkupplung f\u00fcr Kastenwagen Renault Trafic 3"},"content":{"rendered":"<div data-elementor-type=\"product-post\" data-elementor-id=\"1581\" class=\"elementor elementor-1581\" data-elementor-post-type=\"product\">\n\t\t\t\t<div class=\"elementor-element elementor-element-687eab82 e-flex e-con-boxed e-con e-parent\" data-id=\"687eab82\" data-element_type=\"container\" data-e-type=\"container\">\n\t\t\t\t\t<div class=\"e-con-inner\">\n\t\t<div class=\"elementor-element elementor-element-5eee3b0 e-con-full e-flex e-con e-child\" data-id=\"5eee3b0\" data-element_type=\"container\" data-e-type=\"container\">\n\t\t<div class=\"elementor-element elementor-element-80d8681 e-con-full e-flex e-con e-child\" data-id=\"80d8681\" data-element_type=\"container\" data-e-type=\"container\">\n\t\t\t\t<div class=\"elementor-element elementor-element-e5ecb47 elementor-widget elementor-widget-text-editor\" data-id=\"e5ecb47\" data-element_type=\"widget\" data-e-type=\"widget\" data-widget_type=\"text-editor.default\">\n\t\t\t\t\t\t\t\t\t<h2>Fahrradtr\u00e4ger auf Kugelkopfkupplung f\u00fcr Vans <span style=\"color: #0079b3;\">Renault Trafic 3<\/span><\/h2>\t\t\t\t\t\t\t\t<\/div>\n\t\t\t\t<div class=\"elementor-element elementor-element-b56fc9a elementor-widget elementor-widget-text-editor\" data-id=\"b56fc9a\" data-element_type=\"widget\" data-e-type=\"widget\" data-widget_type=\"text-editor.default\">\n\t\t\t\t\t\t\t\t\t<p>Die Fahrradtr\u00e4ger der Produktreihe Mecatek, ehemals SAWIKO FRANCE, sind effizient und funktional und verf\u00fcgen \u00fcber ein modernes und elegantes Design.<\/p><p>Der abnehmbare Fahrradtr\u00e4ger l\u00e4sst sich schnell an einer Einheit aus Kugel mit Verl\u00e4ngerung und einer Anh\u00e4ngerkupplung anbringen, die fest unter dem Fahrzeugrahmen befestigt ist. Mithilfe eines Hebels kann der Fahrradtr\u00e4ger auch bei voller Beladung gekippt werden, sodass Sie freien Zugang zu Ihrem Kofferraum haben. Er verf\u00fcgt \u00fcber geeignete Gurte und Haltestangen, ein Diebstahlsicherungssystem mit Schl\u00fcssel und eine Steckdose.<\/p><h3>Verl\u00e4ngerung der Kupplungskugel\u00a0<\/h3><p>Mecatek hat immer ein offenes Ohr f\u00fcr die W\u00fcnsche seiner Kunden und bietet eine Verl\u00e4ngerung der Anh\u00e4ngerkupplung an. Diese Vorrichtung erm\u00f6glicht es, die Kombination aus Kupplungskugel und Fahrradtr\u00e4ger zu versetzen, damit die Heckklappe Ihres ausgestatteten Vans vollst\u00e4ndig ge\u00f6ffnet werden kann.<\/p><p>Sie besitzen einen Lieferwagen und m\u00f6chten ihn mit einem passenden Fahrradtr\u00e4ger ausstatten, um Ihre Fahrr\u00e4der bequem und sicher zu transportieren? Mecatek bietet Ihnen einen Fahrradtr\u00e4ger, der mit den Lieferwagen Renault Trafic 3, Nissan NV 300, Opel Vivaro und Fiat Talento kompatibel ist. Wenn Sie eines dieser Transportermodelle besitzen, k\u00f6nnen Sie den <strong>Fahrradtr\u00e4ger auf der Kugelkopfkupplung<\/strong>\u00a0die wir Ihnen anbieten. Wir stellen Ihnen die wichtigsten Merkmale vor, um Ihnen alle Vorteile aufzuzeigen, die Ihnen dieses Ger\u00e4t bieten kann, um bis zu zwei Fahrr\u00e4der unter optimalen Bedingungen zu transportieren.<\/p><h3>Die Eigenschaften unseres Fahrradtr\u00e4gers auf Kugelkopfkupplung f\u00fcr Lieferwagen<\/h3><p>Entwickelt, um 2 Standard- oder Elektrofahrr\u00e4der zu transportieren, ist dieser\u00a0<strong>Fahrradtr\u00e4ger auf der Kugelkopfkupplung<\/strong>\u00a0besitzt eine Nutzlast von 60 kg. Diese Nutzlast ist nicht zu viel, wenn man bedenkt, dass das durchschnittliche Gewicht eines Elektrofahrrads zwischen 20 und 30 kg liegt. Mit der Kugelkopfkupplung betr\u00e4gt das Leergewicht des Fahrradtr\u00e4gers 55 kg und der Fahrradtr\u00e4ger allein wiegt 15 kg.<\/p><p>Es ist wichtig, diese Gewichtsangaben zu ber\u00fccksichtigen, um die maximale Nutzlast einzuhalten, die das Fahrgestell Ihres Lieferwagens tragen kann, an dem die Kupplungskugel befestigt wird. Wenn Sie einen Kastenwagen Renault Trafic 3, Nissan NV 300, Opel Vivaro oder Fiat Talento besitzen, brauchen Sie sich keine Sorgen zu machen. Der von uns angebotene Fahrradtr\u00e4ger auf Kugelkopfkupplung ist mit diesen Modellen kompatibel.<\/p><p>Dieser Fahrradtr\u00e4ger hat den gro\u00dfen Vorteil, dass er direkt an der\u00a0<strong>Kugel der Anh\u00e4ngerkupplung des Lieferwagens<\/strong>, Dadurch wird eine schnelle und einfache Installation gew\u00e4hrleistet. Durch dieses Befestigungssystem kann er auch leichter entfernt werden, wenn er nicht gebraucht wird. Der Transporter muss bereits mit einer Kugel mit Verl\u00e4ngerung und einer Anh\u00e4ngerkupplung ausgestattet sein, die sicher unter dem Fahrgestell befestigt ist.<\/p><p>Selbst wenn er beladen ist, kann der Fahrradtr\u00e4ger mit einem Hebel gekippt werden, sodass Sie ungehinderten Zugang zu Ihrem Kofferraum haben, ohne Ihre Fahrr\u00e4der entfernen zu m\u00fcssen. Der Fahrradtr\u00e4ger ist praktisch und sicher, da er \u00fcber passende Gurte und Haltestangen, ein Diebstahlsicherungssystem mit Schl\u00fcssel und eine Steckdose verf\u00fcgt.<\/p><p>Wir bieten Ihnen au\u00dferdem\u00a0<strong>eine Verl\u00e4ngerung der Kupplungskugel<\/strong>. Diese Vorrichtung erm\u00f6glicht es, die Kombination aus Kugelkopfkupplung und Fahrradtr\u00e4ger zu versetzen, um sicherzustellen, dass die Heckklappe Ihres Kastenwagens vollst\u00e4ndig ge\u00f6ffnet werden kann.<\/p><h3>Warum sollten Sie einen Fahrradtr\u00e4ger auf einer Kugelkopfkupplung f\u00fcr Ihre Fahrten w\u00e4hlen?<\/h3><p>Installieren Sie einen\u00a0<strong>Fahrradtr\u00e4ger auf der Kugelkopfkupplung<\/strong>\u00a0hat im Vergleich zu anderen Systemen mehrere Vorteile. Ein Fahrradtr\u00e4ger auf einer Kugelkopfkupplung bietet zun\u00e4chst einmal eine sehr einfache Montage und Demontage. Sie k\u00f6nnen ihn in nur wenigen Minuten leicht montieren und demontieren.<\/p><p>Dar\u00fcber hinaus ist die Positionierung des\u00a0<strong>Fahrradtr\u00e4ger am Heck des Vans<\/strong>\u00a0ist auf Reisen von Vorteil, da der Windwiderstand verringert wird. Es ist daher keine gute Idee, Fahrr\u00e4der auf dem Dach des Fahrzeugs zu montieren. Der Windwiderstand ist gro\u00df und Sie verbrauchen mehr Kraftstoff, da Ihr Transporter mehr Leistung erbringen muss, um den durch die Windst\u00e4rke erzeugten Widerstand auszugleichen. Mit einem Fahrradtr\u00e4ger auf einer Kugelkopfkupplung, den Sie also am Heck Ihres Fahrzeugs anbringen, vermeiden Sie dieses Problem.<\/p>\t\t\t\t\t\t\t\t<\/div>\n\t\t\t\t<\/div>\n\t\t<div class=\"elementor-element elementor-element-f2b8ad4 e-con-full e-flex e-con e-child\" data-id=\"f2b8ad4\" data-element_type=\"container\" data-e-type=\"container\" data-settings=\"{&quot;background_background&quot;:&quot;classic&quot;}\">\n\t\t\t\t<div class=\"elementor-element elementor-element-bdcc41f elementor-widget elementor-widget-image\" data-id=\"bdcc41f\" data-element_type=\"widget\" data-e-type=\"widget\" data-widget_type=\"image.default\">\n\t\t\t\t\t\t\t\t\t\t\t\t\t\t\t<img fetchpriority=\"high\" decoding=\"async\" width=\"400\" height=\"200\" src=\"https:\/\/mecatek.eu\/wp-content\/uploads\/2025\/12\/Logo-Marque-MCK-Solutions-Attelage.png\" class=\"attachment-full size-full wp-image-989\" alt=\"Logo MCK Kupplungsl\u00f6sungen\" \/>\t\t\t\t\t\t\t\t\t\t\t\t\t\t\t<\/div>\n\t\t\t\t<div class=\"elementor-element elementor-element-744c347 elementor-widget elementor-widget-text-editor\" data-id=\"744c347\" data-element_type=\"widget\" data-e-type=\"widget\" data-widget_type=\"text-editor.default\">\n\t\t\t\t\t\t\t\t\t<p><strong>Technische Daten :<br \/><\/strong><\/p><ul><li>F\u00fcr 2 Standard- oder Elektrofahrr\u00e4der<\/li><li>Nutzlast: 60 kg<\/li><li>Gesamtleergewicht: 55 kg<\/li><li>Leergewicht des Fahrradtr\u00e4gers allein: 15 kg<\/li><li>Abmessungen des Fahrradtr\u00e4gers: 58x110x63 cm<\/li><li>Radgr\u00f6\u00dfen: von 14\u201d bis 29\u2019\u2019<\/li><li>Max. Abstand zwischen den R\u00e4dern: 120cm<\/li><li>Genehmigungsnummer der Baugruppe aus Kupplung, Verl\u00e4ngerung und Kupplungskugel: E13*55R02\/02*4931*00<\/li><\/ul><p><strong>Kompatible Tr\u00e4ger :<\/strong><\/p><ul><li>Renault Trafic 3<\/li><li>Nissan NV 300<\/li><li>Opel Vivaro<\/li><li>Fiat Talento<\/li><\/ul>\t\t\t\t\t\t\t\t<\/div>\n\t\t\t\t<div class=\"elementor-element elementor-element-2a07797 elementor-widget elementor-widget-gallery\" data-id=\"2a07797\" data-element_type=\"widget\" data-e-type=\"widget\" data-settings=\"{&quot;columns&quot;:2,&quot;columns_mobile&quot;:2,&quot;gap&quot;:{&quot;unit&quot;:&quot;px&quot;,&quot;size&quot;:5,&quot;sizes&quot;:[]},&quot;image_hover_animation&quot;:&quot;grow&quot;,&quot;lazyload&quot;:&quot;yes&quot;,&quot;gallery_layout&quot;:&quot;grid&quot;,&quot;columns_tablet&quot;:2,&quot;gap_tablet&quot;:{&quot;unit&quot;:&quot;px&quot;,&quot;size&quot;:10,&quot;sizes&quot;:[]},&quot;gap_mobile&quot;:{&quot;unit&quot;:&quot;px&quot;,&quot;size&quot;:10,&quot;sizes&quot;:[]},&quot;aspect_ratio&quot;:&quot;3:2&quot;,&quot;content_hover_animation&quot;:&quot;fade-in&quot;}\" data-widget_type=\"gallery.default\">\n\t\t\t\t\t\t\t<div class=\"elementor-gallery__container\">\n\t\t\t\t\t\t\t<div class=\"e-gallery-item elementor-gallery-item elementor-animated-content\">\n\t\t\t\t\t<div class=\"e-gallery-image elementor-gallery-item__image\" data-thumbnail=\"https:\/\/mecatek.eu\/wp-content\/uploads\/2025\/11\/logo-renault.jpg\" data-width=\"300\" data-height=\"200\" aria-label=\"Renault-Logo\" role=\"img\" ><\/div>\n\t\t\t\t\t\t\t\t\t\t\t\t\t\t<\/div>\n\t\t\t\t\t\t\t<div class=\"e-gallery-item elementor-gallery-item elementor-animated-content\">\n\t\t\t\t\t<div class=\"e-gallery-image elementor-gallery-item__image\" data-thumbnail=\"https:\/\/mecatek.eu\/wp-content\/uploads\/2025\/11\/logo-nissan.jpg\" data-width=\"300\" data-height=\"200\" aria-label=\"Nissan-Logo\" role=\"img\" ><\/div>\n\t\t\t\t\t\t\t\t\t\t\t\t\t\t<\/div>\n\t\t\t\t\t\t\t<div class=\"e-gallery-item elementor-gallery-item elementor-animated-content\">\n\t\t\t\t\t<div class=\"e-gallery-image elementor-gallery-item__image\" data-thumbnail=\"https:\/\/mecatek.eu\/wp-content\/uploads\/2025\/11\/logo-opel.jpg\" data-width=\"300\" data-height=\"200\" aria-label=\"Opel-Logo\" role=\"img\" ><\/div>\n\t\t\t\t\t\t\t\t\t\t\t\t\t\t<\/div>\n\t\t\t\t\t\t\t<div class=\"e-gallery-item elementor-gallery-item elementor-animated-content\">\n\t\t\t\t\t<div class=\"e-gallery-image elementor-gallery-item__image\" data-thumbnail=\"https:\/\/mecatek.eu\/wp-content\/uploads\/2025\/11\/logo-fiat.jpg\" data-width=\"300\" data-height=\"200\" aria-label=\"Fiat-Logo\" role=\"img\" ><\/div>\n\t\t\t\t\t\t\t\t\t\t\t\t\t\t<\/div>\n\t\t\t\t\t<\/div>\n\t\t\t\t\t<\/div>\n\t\t\t\t<\/div>\n\t\t\t\t<\/div>\n\t\t\t\t\t<\/div>\n\t\t\t\t<\/div>\n\t\t\t\t<\/div>","protected":false},"excerpt":{"rendered":"<p>Der Fahrradtr\u00e4ger auf der Kugelkopfkupplung vereint modernes Design, schnelle Montage, Praktikabilit\u00e4t mit Kippfunktion f\u00fcr den Zugang zum Kofferraum und Optionen wie Diebstahlsicherung und Anh\u00e4ngerkupplungsverl\u00e4ngerung f\u00fcr eine vollst\u00e4ndige \u00d6ffnung der Heckklappe.<\/p>","protected":false},"featured_media":1584,"comment_status":"closed","ping_status":"closed","template":"","meta":[],"product_brand":[63],"product_cat":[57],"product_tag":[],"class_list":{"0":"post-1581","1":"product","2":"type-product","3":"status-publish","4":"has-post-thumbnail","6":"product_brand-mck","7":"product_cat-porte-velos-fourgon","9":"first","10":"instock","11":"shipping-taxable","12":"product-type-simple"},"yoast_head":"<!-- This site is optimized with the Yoast SEO plugin v26.9 - https:\/\/yoast.com\/product\/yoast-seo-wordpress\/ -->\n<title>Porte-v\u00e9lo sur boule d&#039;attelage pour Fourgons Renault Trafic 3 - Mecatek (ex-Sawiko France)<\/title>\n<meta name=\"description\" content=\"Porte v\u00e9lo sur boule attelage : D\u00e9couvrez le porte-v\u00e9lo sur boule d&#039;attelage propos\u00e9 par Mecatek compatible avec les fourgons Renault Trafic 3.\" \/>\n<meta name=\"robots\" content=\"index, follow, max-snippet:-1, max-image-preview:large, max-video-preview:-1\" \/>\n<link rel=\"canonical\" href=\"https:\/\/mecatek.eu\/de\/produkt\/fahrradtrager-auf-kugel-dattelage-fur-kastenwagen-renault-trafic-3\/\" \/>\n<meta property=\"og:locale\" content=\"de_DE\" \/>\n<meta property=\"og:type\" content=\"article\" \/>\n<meta property=\"og:title\" content=\"Porte-v\u00e9lo sur boule d&#039;attelage pour Fourgons Renault Trafic 3 - Mecatek (ex-Sawiko France)\" \/>\n<meta property=\"og:description\" content=\"Porte v\u00e9lo sur boule attelage : D\u00e9couvrez le porte-v\u00e9lo sur boule d&#039;attelage propos\u00e9 par Mecatek compatible avec les fourgons Renault Trafic 3.\" \/>\n<meta property=\"og:url\" content=\"https:\/\/mecatek.eu\/de\/produkt\/fahrradtrager-auf-kugel-dattelage-fur-kastenwagen-renault-trafic-3\/\" \/>\n<meta property=\"og:site_name\" content=\"Mecatek (ex-Sawiko France)\" \/>\n<meta property=\"article:modified_time\" content=\"2026-01-22T16:47:16+00:00\" \/>\n<meta property=\"og:image\" content=\"http:\/\/mecatek.eu\/wp-content\/uploads\/2025\/12\/porte-velos-pour-fourgons-renault-trafic-3-3.jpg\" \/>\n\t<meta property=\"og:image:width\" content=\"800\" \/>\n\t<meta property=\"og:image:height\" content=\"800\" \/>\n\t<meta property=\"og:image:type\" content=\"image\/jpeg\" \/>\n<meta name=\"twitter:card\" content=\"summary_large_image\" \/>\n<meta name=\"twitter:label1\" content=\"Gesch\u00e4tzte Lesezeit\" \/>\n\t<meta name=\"twitter:data1\" content=\"5\u00a0Minuten\" \/>\n<script type=\"application\/ld+json\" class=\"yoast-schema-graph\">{\"@context\":\"https:\/\/schema.org\",\"@graph\":[{\"@type\":\"WebPage\",\"@id\":\"https:\/\/mecatek.eu\/produit\/porte-velo-sur-boule-dattelage-pour-fourgons-renault-trafic-3\/\",\"url\":\"https:\/\/mecatek.eu\/produit\/porte-velo-sur-boule-dattelage-pour-fourgons-renault-trafic-3\/\",\"name\":\"Porte-v\u00e9lo sur boule d'attelage pour Fourgons Renault Trafic 3 - Mecatek (ex-Sawiko France)\",\"isPartOf\":{\"@id\":\"https:\/\/mecatek.eu\/#website\"},\"primaryImageOfPage\":{\"@id\":\"https:\/\/mecatek.eu\/produit\/porte-velo-sur-boule-dattelage-pour-fourgons-renault-trafic-3\/#primaryimage\"},\"image\":{\"@id\":\"https:\/\/mecatek.eu\/produit\/porte-velo-sur-boule-dattelage-pour-fourgons-renault-trafic-3\/#primaryimage\"},\"thumbnailUrl\":\"https:\/\/mecatek.eu\/wp-content\/uploads\/2025\/12\/porte-velos-pour-fourgons-renault-trafic-3-3.jpg\",\"datePublished\":\"2025-12-03T16:00:04+00:00\",\"dateModified\":\"2026-01-22T16:47:16+00:00\",\"description\":\"Porte v\u00e9lo sur boule attelage : D\u00e9couvrez le porte-v\u00e9lo sur boule d'attelage propos\u00e9 par Mecatek compatible avec les fourgons Renault Trafic 3.\",\"breadcrumb\":{\"@id\":\"https:\/\/mecatek.eu\/produit\/porte-velo-sur-boule-dattelage-pour-fourgons-renault-trafic-3\/#breadcrumb\"},\"inLanguage\":\"de\",\"potentialAction\":[{\"@type\":\"ReadAction\",\"target\":[\"https:\/\/mecatek.eu\/produit\/porte-velo-sur-boule-dattelage-pour-fourgons-renault-trafic-3\/\"]}]},{\"@type\":\"ImageObject\",\"inLanguage\":\"de\",\"@id\":\"https:\/\/mecatek.eu\/produit\/porte-velo-sur-boule-dattelage-pour-fourgons-renault-trafic-3\/#primaryimage\",\"url\":\"https:\/\/mecatek.eu\/wp-content\/uploads\/2025\/12\/porte-velos-pour-fourgons-renault-trafic-3-3.jpg\",\"contentUrl\":\"https:\/\/mecatek.eu\/wp-content\/uploads\/2025\/12\/porte-velos-pour-fourgons-renault-trafic-3-3.jpg\",\"width\":800,\"height\":800,\"caption\":\"Porte-v\u00e9los sur boule d'attelage pour Fourgons Renault Trafic 3 avec un v\u00e9lo \u00e9lectrique charg\u00e9\"},{\"@type\":\"BreadcrumbList\",\"@id\":\"https:\/\/mecatek.eu\/produit\/porte-velo-sur-boule-dattelage-pour-fourgons-renault-trafic-3\/#breadcrumb\",\"itemListElement\":[{\"@type\":\"ListItem\",\"position\":1,\"name\":\"Accueil\",\"item\":\"https:\/\/mecatek.eu\/\"},{\"@type\":\"ListItem\",\"position\":2,\"name\":\"Catalogue\",\"item\":\"https:\/\/mecatek.eu\/catalogue\/\"},{\"@type\":\"ListItem\",\"position\":3,\"name\":\"Porte-v\u00e9lo sur boule d&rsquo;attelage pour Fourgons Renault Trafic 3\"}]},{\"@type\":\"WebSite\",\"@id\":\"https:\/\/mecatek.eu\/#website\",\"url\":\"https:\/\/mecatek.eu\/\",\"name\":\"Mecatek (ex-Sawiko France)\",\"description\":\"Fabricant d&#039;attelages pour camping-car et fourgon - Mecatek\",\"publisher\":{\"@id\":\"https:\/\/mecatek.eu\/#organization\"},\"potentialAction\":[{\"@type\":\"SearchAction\",\"target\":{\"@type\":\"EntryPoint\",\"urlTemplate\":\"https:\/\/mecatek.eu\/?s={search_term_string}\"},\"query-input\":{\"@type\":\"PropertyValueSpecification\",\"valueRequired\":true,\"valueName\":\"search_term_string\"}}],\"inLanguage\":\"de\"},{\"@type\":\"Organization\",\"@id\":\"https:\/\/mecatek.eu\/#organization\",\"name\":\"Mecatek (ex-Sawiko France)\",\"url\":\"https:\/\/mecatek.eu\/\",\"logo\":{\"@type\":\"ImageObject\",\"inLanguage\":\"de\",\"@id\":\"https:\/\/mecatek.eu\/#\/schema\/logo\/image\/\",\"url\":\"http:\/\/mecatek.eu\/wp-content\/uploads\/2026\/01\/Logo-Mecatek-Solutions-techniques-2025-300px.png\",\"contentUrl\":\"http:\/\/mecatek.eu\/wp-content\/uploads\/2026\/01\/Logo-Mecatek-Solutions-techniques-2025-300px.png\",\"width\":400,\"height\":94,\"caption\":\"Mecatek (ex-Sawiko France)\"},\"image\":{\"@id\":\"https:\/\/mecatek.eu\/#\/schema\/logo\/image\/\"}}]}<\/script>\n<!-- \/ Yoast SEO plugin. -->","yoast_head_json":{"title":"Fahrradtr\u00e4ger auf Kugelkopfkupplung f\u00fcr Kastenwagen Renault Trafic 3 - Mecatek (ex-Sawiko France)","description":"Fahrradtr\u00e4ger auf Kugelkopfkupplung: Entdecken Sie den von Mecatek angebotenen Fahrradtr\u00e4ger auf Kugelkopfkupplung, der mit den Transportern Renault Trafic 3 kompatibel ist.","robots":{"index":"index","follow":"follow","max-snippet":"max-snippet:-1","max-image-preview":"max-image-preview:large","max-video-preview":"max-video-preview:-1"},"canonical":"https:\/\/mecatek.eu\/de\/produkt\/fahrradtrager-auf-kugel-dattelage-fur-kastenwagen-renault-trafic-3\/","og_locale":"de_DE","og_type":"article","og_title":"Porte-v\u00e9lo sur boule d'attelage pour Fourgons Renault Trafic 3 - Mecatek (ex-Sawiko France)","og_description":"Porte v\u00e9lo sur boule attelage : D\u00e9couvrez le porte-v\u00e9lo sur boule d'attelage propos\u00e9 par Mecatek compatible avec les fourgons Renault Trafic 3.","og_url":"https:\/\/mecatek.eu\/de\/produkt\/fahrradtrager-auf-kugel-dattelage-fur-kastenwagen-renault-trafic-3\/","og_site_name":"Mecatek (ex-Sawiko France)","article_modified_time":"2026-01-22T16:47:16+00:00","og_image":[{"width":800,"height":800,"url":"http:\/\/mecatek.eu\/wp-content\/uploads\/2025\/12\/porte-velos-pour-fourgons-renault-trafic-3-3.jpg","type":"image\/jpeg"}],"twitter_card":"summary_large_image","twitter_misc":{"Gesch\u00e4tzte Lesezeit":"5\u00a0Minuten"},"schema":{"@context":"https:\/\/schema.org","@graph":[{"@type":"WebPage","@id":"https:\/\/mecatek.eu\/produit\/porte-velo-sur-boule-dattelage-pour-fourgons-renault-trafic-3\/","url":"https:\/\/mecatek.eu\/produit\/porte-velo-sur-boule-dattelage-pour-fourgons-renault-trafic-3\/","name":"Fahrradtr\u00e4ger auf Kugelkopfkupplung f\u00fcr Kastenwagen Renault Trafic 3 - Mecatek (ex-Sawiko France)","isPartOf":{"@id":"https:\/\/mecatek.eu\/#website"},"primaryImageOfPage":{"@id":"https:\/\/mecatek.eu\/produit\/porte-velo-sur-boule-dattelage-pour-fourgons-renault-trafic-3\/#primaryimage"},"image":{"@id":"https:\/\/mecatek.eu\/produit\/porte-velo-sur-boule-dattelage-pour-fourgons-renault-trafic-3\/#primaryimage"},"thumbnailUrl":"https:\/\/mecatek.eu\/wp-content\/uploads\/2025\/12\/porte-velos-pour-fourgons-renault-trafic-3-3.jpg","datePublished":"2025-12-03T16:00:04+00:00","dateModified":"2026-01-22T16:47:16+00:00","description":"Fahrradtr\u00e4ger auf Kugelkopfkupplung: Entdecken Sie den von Mecatek angebotenen Fahrradtr\u00e4ger auf Kugelkopfkupplung, der mit den Transportern Renault Trafic 3 kompatibel ist.","breadcrumb":{"@id":"https:\/\/mecatek.eu\/produit\/porte-velo-sur-boule-dattelage-pour-fourgons-renault-trafic-3\/#breadcrumb"},"inLanguage":"de","potentialAction":[{"@type":"ReadAction","target":["https:\/\/mecatek.eu\/produit\/porte-velo-sur-boule-dattelage-pour-fourgons-renault-trafic-3\/"]}]},{"@type":"ImageObject","inLanguage":"de","@id":"https:\/\/mecatek.eu\/produit\/porte-velo-sur-boule-dattelage-pour-fourgons-renault-trafic-3\/#primaryimage","url":"https:\/\/mecatek.eu\/wp-content\/uploads\/2025\/12\/porte-velos-pour-fourgons-renault-trafic-3-3.jpg","contentUrl":"https:\/\/mecatek.eu\/wp-content\/uploads\/2025\/12\/porte-velos-pour-fourgons-renault-trafic-3-3.jpg","width":800,"height":800,"caption":"Porte-v\u00e9los sur boule d'attelage pour Fourgons Renault Trafic 3 avec un v\u00e9lo \u00e9lectrique charg\u00e9"},{"@type":"BreadcrumbList","@id":"https:\/\/mecatek.eu\/produit\/porte-velo-sur-boule-dattelage-pour-fourgons-renault-trafic-3\/#breadcrumb","itemListElement":[{"@type":"ListItem","position":1,"name":"Accueil","item":"https:\/\/mecatek.eu\/"},{"@type":"ListItem","position":2,"name":"Catalogue","item":"https:\/\/mecatek.eu\/catalogue\/"},{"@type":"ListItem","position":3,"name":"Porte-v\u00e9lo sur boule d&rsquo;attelage pour Fourgons Renault Trafic 3"}]},{"@type":"WebSite","@id":"https:\/\/mecatek.eu\/#website","url":"https:\/\/mecatek.eu\/","name":"Mecatek (ehemals Sawiko Frankreich)","description":"Hersteller von Anh\u00e4ngerkupplungen f\u00fcr Wohnmobile und Lieferwagen - Mecatek","publisher":{"@id":"https:\/\/mecatek.eu\/#organization"},"potentialAction":[{"@type":"SearchAction","target":{"@type":"EntryPoint","urlTemplate":"https:\/\/mecatek.eu\/?s={search_term_string}"},"query-input":{"@type":"PropertyValueSpecification","valueRequired":true,"valueName":"search_term_string"}}],"inLanguage":"de"},{"@type":"Organization","@id":"https:\/\/mecatek.eu\/#organization","name":"Mecatek (ehemals Sawiko Frankreich)","url":"https:\/\/mecatek.eu\/","logo":{"@type":"ImageObject","inLanguage":"de","@id":"https:\/\/mecatek.eu\/#\/schema\/logo\/image\/","url":"http:\/\/mecatek.eu\/wp-content\/uploads\/2026\/01\/Logo-Mecatek-Solutions-techniques-2025-300px.png","contentUrl":"http:\/\/mecatek.eu\/wp-content\/uploads\/2026\/01\/Logo-Mecatek-Solutions-techniques-2025-300px.png","width":400,"height":94,"caption":"Mecatek (ex-Sawiko France)"},"image":{"@id":"https:\/\/mecatek.eu\/#\/schema\/logo\/image\/"}}]}},"_links":{"self":[{"href":"https:\/\/mecatek.eu\/de\/wp-json\/wp\/v2\/product\/1581","targetHints":{"allow":["GET"]}}],"collection":[{"href":"https:\/\/mecatek.eu\/de\/wp-json\/wp\/v2\/product"}],"about":[{"href":"https:\/\/mecatek.eu\/de\/wp-json\/wp\/v2\/types\/product"}],"replies":[{"embeddable":true,"href":"https:\/\/mecatek.eu\/de\/wp-json\/wp\/v2\/comments?post=1581"}],"version-history":[{"count":8,"href":"https:\/\/mecatek.eu\/de\/wp-json\/wp\/v2\/product\/1581\/revisions"}],"predecessor-version":[{"id":2445,"href":"https:\/\/mecatek.eu\/de\/wp-json\/wp\/v2\/product\/1581\/revisions\/2445"}],"wp:featuredmedia":[{"embeddable":true,"href":"https:\/\/mecatek.eu\/de\/wp-json\/wp\/v2\/media\/1584"}],"wp:attachment":[{"href":"https:\/\/mecatek.eu\/de\/wp-json\/wp\/v2\/media?parent=1581"}],"wp:term":[{"taxonomy":"product_brand","embeddable":true,"href":"https:\/\/mecatek.eu\/de\/wp-json\/wp\/v2\/product_brand?post=1581"},{"taxonomy":"product_cat","embeddable":true,"href":"https:\/\/mecatek.eu\/de\/wp-json\/wp\/v2\/product_cat?post=1581"},{"taxonomy":"product_tag","embeddable":true,"href":"https:\/\/mecatek.eu\/de\/wp-json\/wp\/v2\/product_tag?post=1581"}],"curies":[{"name":"wp","href":"https:\/\/api.w.org\/{rel}","templated":true}]}}