{"id":1570,"date":"2025-12-20T16:38:22","date_gmt":"2025-12-20T15:38:22","guid":{"rendered":"https:\/\/mecatek.eu\/?post_type=product&#038;p=1570"},"modified":"2026-03-10T16:59:46","modified_gmt":"2026-03-10T15:59:46","slug":"schwenkarm-fur-fahrradtrager-auf-datenkugel-swing-flex","status":"publish","type":"product","link":"https:\/\/mecatek.eu\/de\/produkt\/schwenkarm-fur-fahrradtrager-auf-datenkugel-swing-flex\/","title":{"rendered":"Schwenkarm f\u00fcr Fahrradtr\u00e4ger auf Swing-Flex-Kugelkupplung"},"content":{"rendered":"<div data-elementor-type=\"product-post\" data-elementor-id=\"1570\" class=\"elementor elementor-1570\" data-elementor-post-type=\"product\">\n\t\t\t\t<div class=\"elementor-element elementor-element-79b4574a e-flex e-con-boxed e-con e-parent\" data-id=\"79b4574a\" data-element_type=\"container\" data-e-type=\"container\">\n\t\t\t\t\t<div class=\"e-con-inner\">\n\t\t<div class=\"elementor-element elementor-element-26a4ac2 e-con-full e-flex e-con e-child\" data-id=\"26a4ac2\" data-element_type=\"container\" data-e-type=\"container\">\n\t\t<div class=\"elementor-element elementor-element-b57bf23 e-con-full e-flex e-con e-child\" data-id=\"b57bf23\" data-element_type=\"container\" data-e-type=\"container\">\n\t\t\t\t<div class=\"elementor-element elementor-element-b8d9ee5 elementor-widget elementor-widget-text-editor\" data-id=\"b8d9ee5\" data-element_type=\"widget\" data-e-type=\"widget\" data-widget_type=\"text-editor.default\">\n\t\t\t\t\t\t\t\t\t<h2>Fahrradtr\u00e4ger auf der Kugelkopfkupplung f\u00fcr Lieferwagen <span style=\"color: #0079b3;\">Swing-Flex<\/span><\/h2>\t\t\t\t\t\t\t\t<\/div>\n\t\t\t\t<div class=\"elementor-element elementor-element-80f9991 elementor-widget elementor-widget-text-editor\" data-id=\"80f9991\" data-element_type=\"widget\" data-e-type=\"widget\" data-widget_type=\"text-editor.default\">\n\t\t\t\t\t\t\t\t\t<div><ul><li>Sicherer und stabiler Fahrradtr\u00e4ger f\u00fcr 2 Fahrr\u00e4der<\/li><li>Zusammenklappbarer Fahrradtr\u00e4ger, der ohne Werkzeug zerlegt werden kann<\/li><li>Ausgestattet mit einer verschlie\u00dfbaren Schnellkupplung<\/li><li>Neigbarer Fahrradtr\u00e4ger<\/li><li>Abschlie\u00dfbare Rahmenklemmen mit Spanngurten<\/li><li>Zugelassenes System<\/li><\/ul><\/div><div>\u00a0<\/div><div>Das SWING FLEX System besteht aus einer Anh\u00e4ngerkupplung, einem Schwenkarm, einer Kugel und einem abnehmbaren Fahrradtr\u00e4ger.<\/div><div>\u00a0<\/div><div><strong>Er profitiert von zahlreichen Vorteilen:<\/strong><\/div><div>\u00a0<\/div><ul><li>Fahrradtr\u00e4ger, der um mehr als 90\u00b0 gedreht werden kann, um die \u00d6ffnung der Heckklappe oder der hinteren T\u00fcren vollst\u00e4ndig freizugeben<\/li><li>Platzsparend, kann leicht gelagert werden, wenn es nicht gebraucht wird<\/li><li>Einfacher Auf- und Abbau<\/li><li>Robustes System, das 2 Elektrofahrr\u00e4der sicher tragen kann<\/li><li>Tragf\u00e4higkeit von 60 kg<\/li><\/ul>\t\t\t\t\t\t\t\t<\/div>\n\t\t\t\t<\/div>\n\t\t<div class=\"elementor-element elementor-element-86877d7 e-con-full e-flex e-con e-child\" data-id=\"86877d7\" data-element_type=\"container\" data-e-type=\"container\" data-settings=\"{&quot;background_background&quot;:&quot;classic&quot;}\">\n\t\t\t\t<div class=\"elementor-element elementor-element-8e5d831 elementor-widget elementor-widget-image\" data-id=\"8e5d831\" data-element_type=\"widget\" data-e-type=\"widget\" data-widget_type=\"image.default\">\n\t\t\t\t\t\t\t\t\t\t\t\t\t\t\t<img fetchpriority=\"high\" decoding=\"async\" width=\"400\" height=\"200\" src=\"https:\/\/mecatek.eu\/wp-content\/uploads\/2025\/12\/Logo-Marque-MCK-Solutions-Attelage.png\" class=\"attachment-full size-full wp-image-989\" alt=\"Logo MCK Kupplungsl\u00f6sungen\" \/>\t\t\t\t\t\t\t\t\t\t\t\t\t\t\t<\/div>\n\t\t\t\t<div class=\"elementor-element elementor-element-603430d elementor-widget elementor-widget-text-editor\" data-id=\"603430d\" data-element_type=\"widget\" data-e-type=\"widget\" data-widget_type=\"text-editor.default\">\n\t\t\t\t\t\t\t\t\t<p><strong>Technische Daten :<br \/><\/strong>F\u00fcr 2 Standard- oder Elektrofahrr\u00e4der <br \/>Nutzlast: 60 kg<br \/>Leergewicht: 30 kg<br \/>Fahrradtr\u00e4ger auf Schwenkarm<\/p>\t\t\t\t\t\t\t\t<\/div>\n\t\t\t\t<\/div>\n\t\t\t\t<\/div>\n\t\t\t\t\t<\/div>\n\t\t\t\t<\/div>\n\t\t\t\t<\/div>","protected":false},"excerpt":{"rendered":"<p>Der Swing-Flex-Fahrradtr\u00e4ger auf der Anh\u00e4ngerkupplung f\u00fcr Lieferwagen ist ein sicheres, robustes und zugelassenes System, das dank einer maximalen Traglast von 60 kg bis zu zwei Fahrr\u00e4der - auch Elektrofahrr\u00e4der - transportieren kann. Da es ohne Werkzeug zusammenklappbar, neigbar und zerlegbar ist, bietet es eine einfache Montage und einen geringen Platzbedarf. Sein um mehr als 90\u00b0 schwenkbarer Arm erm\u00f6glicht einen vollst\u00e4ndigen Zugang zur Heckklappe oder den hinteren T\u00fcren. Mit seinen verriegelbaren Klemmen und der sicheren Schnellkupplung ist er praktisch und zuverl\u00e4ssig.<\/p>","protected":false},"featured_media":1573,"comment_status":"closed","ping_status":"closed","template":"","meta":[],"product_brand":[63],"product_cat":[57],"product_tag":[],"class_list":{"0":"post-1570","1":"product","2":"type-product","3":"status-publish","4":"has-post-thumbnail","6":"product_brand-mck","7":"product_cat-porte-velos-fourgon","9":"first","10":"instock","11":"featured","12":"shipping-taxable","13":"product-type-simple"},"yoast_head":"<!-- This site is optimized with the Yoast SEO plugin v26.9 - https:\/\/yoast.com\/product\/yoast-seo-wordpress\/ -->\n<title>Bras pivotant pour porte-v\u00e9los sur boule d\u2019attelage Swing-Flex - Mecatek (ex-Sawiko France)<\/title>\n<meta name=\"description\" content=\"Installez sur votre fourgon, le bras pivotant pour porte-v\u00e9los Swing-Flex et transportez 2 v\u00e9los \u00e9lectriques avec une charge utile de 60 kg. Ces avantages : pliable, inclinable, lib\u00e8re l&#039;acc\u00e8s au hayon, montage sans outils !\" \/>\n<meta name=\"robots\" content=\"index, follow, max-snippet:-1, max-image-preview:large, max-video-preview:-1\" \/>\n<link rel=\"canonical\" href=\"https:\/\/mecatek.eu\/de\/produkt\/schwenkarm-fur-fahrradtrager-auf-datenkugel-swing-flex\/\" \/>\n<meta property=\"og:locale\" content=\"de_DE\" \/>\n<meta property=\"og:type\" content=\"article\" \/>\n<meta property=\"og:title\" content=\"Bras pivotant pour porte-v\u00e9los sur boule d\u2019attelage Swing-Flex - Mecatek (ex-Sawiko France)\" \/>\n<meta property=\"og:description\" content=\"Installez sur votre fourgon, le bras pivotant pour porte-v\u00e9los Swing-Flex et transportez 2 v\u00e9los \u00e9lectriques avec une charge utile de 60 kg. Ces avantages : pliable, inclinable, lib\u00e8re l&#039;acc\u00e8s au hayon, montage sans outils !\" \/>\n<meta property=\"og:url\" content=\"https:\/\/mecatek.eu\/de\/produkt\/schwenkarm-fur-fahrradtrager-auf-datenkugel-swing-flex\/\" \/>\n<meta property=\"og:site_name\" content=\"Mecatek (ex-Sawiko France)\" \/>\n<meta property=\"article:modified_time\" content=\"2026-03-10T15:59:46+00:00\" \/>\n<meta property=\"og:image\" content=\"http:\/\/mecatek.eu\/wp-content\/uploads\/2025\/12\/Swing-Flex-sur-Ford-Custom-hayon-ouvert.jpeg\" \/>\n\t<meta property=\"og:image:width\" content=\"1200\" \/>\n\t<meta property=\"og:image:height\" content=\"795\" \/>\n\t<meta property=\"og:image:type\" content=\"image\/jpeg\" \/>\n<meta name=\"twitter:card\" content=\"summary_large_image\" \/>\n<meta name=\"twitter:label1\" content=\"Gesch\u00e4tzte Lesezeit\" \/>\n\t<meta name=\"twitter:data1\" content=\"2\u00a0Minuten\" \/>\n<script type=\"application\/ld+json\" class=\"yoast-schema-graph\">{\"@context\":\"https:\/\/schema.org\",\"@graph\":[{\"@type\":\"WebPage\",\"@id\":\"https:\/\/mecatek.eu\/produit\/bras-pivotant-pour-porte-velos-sur-boule-dattelage-swing-flex\/\",\"url\":\"https:\/\/mecatek.eu\/produit\/bras-pivotant-pour-porte-velos-sur-boule-dattelage-swing-flex\/\",\"name\":\"Bras pivotant pour porte-v\u00e9los sur boule d\u2019attelage Swing-Flex - Mecatek (ex-Sawiko France)\",\"isPartOf\":{\"@id\":\"https:\/\/mecatek.eu\/#website\"},\"primaryImageOfPage\":{\"@id\":\"https:\/\/mecatek.eu\/produit\/bras-pivotant-pour-porte-velos-sur-boule-dattelage-swing-flex\/#primaryimage\"},\"image\":{\"@id\":\"https:\/\/mecatek.eu\/produit\/bras-pivotant-pour-porte-velos-sur-boule-dattelage-swing-flex\/#primaryimage\"},\"thumbnailUrl\":\"https:\/\/mecatek.eu\/wp-content\/uploads\/2025\/12\/Swing-Flex-sur-Ford-Custom-hayon-ouvert.jpeg\",\"datePublished\":\"2025-12-20T15:38:22+00:00\",\"dateModified\":\"2026-03-10T15:59:46+00:00\",\"description\":\"Installez sur votre fourgon, le bras pivotant pour porte-v\u00e9los Swing-Flex et transportez 2 v\u00e9los \u00e9lectriques avec une charge utile de 60 kg. Ces avantages : pliable, inclinable, lib\u00e8re l'acc\u00e8s au hayon, montage sans outils !\",\"breadcrumb\":{\"@id\":\"https:\/\/mecatek.eu\/produit\/bras-pivotant-pour-porte-velos-sur-boule-dattelage-swing-flex\/#breadcrumb\"},\"inLanguage\":\"de\",\"potentialAction\":[{\"@type\":\"ReadAction\",\"target\":[\"https:\/\/mecatek.eu\/produit\/bras-pivotant-pour-porte-velos-sur-boule-dattelage-swing-flex\/\"]}]},{\"@type\":\"ImageObject\",\"inLanguage\":\"de\",\"@id\":\"https:\/\/mecatek.eu\/produit\/bras-pivotant-pour-porte-velos-sur-boule-dattelage-swing-flex\/#primaryimage\",\"url\":\"https:\/\/mecatek.eu\/wp-content\/uploads\/2025\/12\/Swing-Flex-sur-Ford-Custom-hayon-ouvert.jpeg\",\"contentUrl\":\"https:\/\/mecatek.eu\/wp-content\/uploads\/2025\/12\/Swing-Flex-sur-Ford-Custom-hayon-ouvert.jpeg\",\"width\":1200,\"height\":795,\"caption\":\"Bras pivotant pour porte-v\u00e9los sur boule d\u2019attelage Swing-Flex install\u00e9 sur un van Ford Custom\"},{\"@type\":\"BreadcrumbList\",\"@id\":\"https:\/\/mecatek.eu\/produit\/bras-pivotant-pour-porte-velos-sur-boule-dattelage-swing-flex\/#breadcrumb\",\"itemListElement\":[{\"@type\":\"ListItem\",\"position\":1,\"name\":\"Accueil\",\"item\":\"https:\/\/mecatek.eu\/\"},{\"@type\":\"ListItem\",\"position\":2,\"name\":\"Catalogue\",\"item\":\"https:\/\/mecatek.eu\/catalogue\/\"},{\"@type\":\"ListItem\",\"position\":3,\"name\":\"Bras pivotant pour porte-v\u00e9los sur boule d\u2019attelage Swing-Flex\"}]},{\"@type\":\"WebSite\",\"@id\":\"https:\/\/mecatek.eu\/#website\",\"url\":\"https:\/\/mecatek.eu\/\",\"name\":\"Mecatek (ex-Sawiko France)\",\"description\":\"Fabricant d&#039;attelages pour camping-car et fourgon - Mecatek\",\"publisher\":{\"@id\":\"https:\/\/mecatek.eu\/#organization\"},\"potentialAction\":[{\"@type\":\"SearchAction\",\"target\":{\"@type\":\"EntryPoint\",\"urlTemplate\":\"https:\/\/mecatek.eu\/?s={search_term_string}\"},\"query-input\":{\"@type\":\"PropertyValueSpecification\",\"valueRequired\":true,\"valueName\":\"search_term_string\"}}],\"inLanguage\":\"de\"},{\"@type\":\"Organization\",\"@id\":\"https:\/\/mecatek.eu\/#organization\",\"name\":\"Mecatek (ex-Sawiko France)\",\"url\":\"https:\/\/mecatek.eu\/\",\"logo\":{\"@type\":\"ImageObject\",\"inLanguage\":\"de\",\"@id\":\"https:\/\/mecatek.eu\/#\/schema\/logo\/image\/\",\"url\":\"http:\/\/mecatek.eu\/wp-content\/uploads\/2026\/01\/Logo-Mecatek-Solutions-techniques-2025-300px.png\",\"contentUrl\":\"http:\/\/mecatek.eu\/wp-content\/uploads\/2026\/01\/Logo-Mecatek-Solutions-techniques-2025-300px.png\",\"width\":400,\"height\":94,\"caption\":\"Mecatek (ex-Sawiko France)\"},\"image\":{\"@id\":\"https:\/\/mecatek.eu\/#\/schema\/logo\/image\/\"}}]}<\/script>\n<!-- \/ Yoast SEO plugin. -->","yoast_head_json":{"title":"Schwenkarm f\u00fcr Fahrradtr\u00e4ger auf Swing-Flex-Anh\u00e4ngekupplungen - Mecatek (ehemals Sawiko Deutschland)","description":"Montieren Sie den Swing-Flex-Schwenkarm f\u00fcr Fahrradtr\u00e4ger an Ihrem Lieferwagen und transportieren Sie 2 Elektrofahrr\u00e4der mit einer Nutzlast von 60 kg. Diese Vorteile: faltbar, neigbar, gibt den Zugang zur Heckklappe frei, werkzeuglose Montage!","robots":{"index":"index","follow":"follow","max-snippet":"max-snippet:-1","max-image-preview":"max-image-preview:large","max-video-preview":"max-video-preview:-1"},"canonical":"https:\/\/mecatek.eu\/de\/produkt\/schwenkarm-fur-fahrradtrager-auf-datenkugel-swing-flex\/","og_locale":"de_DE","og_type":"article","og_title":"Bras pivotant pour porte-v\u00e9los sur boule d\u2019attelage Swing-Flex - Mecatek (ex-Sawiko France)","og_description":"Installez sur votre fourgon, le bras pivotant pour porte-v\u00e9los Swing-Flex et transportez 2 v\u00e9los \u00e9lectriques avec une charge utile de 60 kg. Ces avantages : pliable, inclinable, lib\u00e8re l'acc\u00e8s au hayon, montage sans outils !","og_url":"https:\/\/mecatek.eu\/de\/produkt\/schwenkarm-fur-fahrradtrager-auf-datenkugel-swing-flex\/","og_site_name":"Mecatek (ex-Sawiko France)","article_modified_time":"2026-03-10T15:59:46+00:00","og_image":[{"width":1200,"height":795,"url":"http:\/\/mecatek.eu\/wp-content\/uploads\/2025\/12\/Swing-Flex-sur-Ford-Custom-hayon-ouvert.jpeg","type":"image\/jpeg"}],"twitter_card":"summary_large_image","twitter_misc":{"Gesch\u00e4tzte Lesezeit":"2\u00a0Minuten"},"schema":{"@context":"https:\/\/schema.org","@graph":[{"@type":"WebPage","@id":"https:\/\/mecatek.eu\/produit\/bras-pivotant-pour-porte-velos-sur-boule-dattelage-swing-flex\/","url":"https:\/\/mecatek.eu\/produit\/bras-pivotant-pour-porte-velos-sur-boule-dattelage-swing-flex\/","name":"Schwenkarm f\u00fcr Fahrradtr\u00e4ger auf Swing-Flex-Anh\u00e4ngekupplungen - Mecatek (ehemals Sawiko Deutschland)","isPartOf":{"@id":"https:\/\/mecatek.eu\/#website"},"primaryImageOfPage":{"@id":"https:\/\/mecatek.eu\/produit\/bras-pivotant-pour-porte-velos-sur-boule-dattelage-swing-flex\/#primaryimage"},"image":{"@id":"https:\/\/mecatek.eu\/produit\/bras-pivotant-pour-porte-velos-sur-boule-dattelage-swing-flex\/#primaryimage"},"thumbnailUrl":"https:\/\/mecatek.eu\/wp-content\/uploads\/2025\/12\/Swing-Flex-sur-Ford-Custom-hayon-ouvert.jpeg","datePublished":"2025-12-20T15:38:22+00:00","dateModified":"2026-03-10T15:59:46+00:00","description":"Montieren Sie den Swing-Flex-Schwenkarm f\u00fcr Fahrradtr\u00e4ger an Ihrem Lieferwagen und transportieren Sie 2 Elektrofahrr\u00e4der mit einer Nutzlast von 60 kg. Diese Vorteile: faltbar, neigbar, gibt den Zugang zur Heckklappe frei, werkzeuglose Montage!","breadcrumb":{"@id":"https:\/\/mecatek.eu\/produit\/bras-pivotant-pour-porte-velos-sur-boule-dattelage-swing-flex\/#breadcrumb"},"inLanguage":"de","potentialAction":[{"@type":"ReadAction","target":["https:\/\/mecatek.eu\/produit\/bras-pivotant-pour-porte-velos-sur-boule-dattelage-swing-flex\/"]}]},{"@type":"ImageObject","inLanguage":"de","@id":"https:\/\/mecatek.eu\/produit\/bras-pivotant-pour-porte-velos-sur-boule-dattelage-swing-flex\/#primaryimage","url":"https:\/\/mecatek.eu\/wp-content\/uploads\/2025\/12\/Swing-Flex-sur-Ford-Custom-hayon-ouvert.jpeg","contentUrl":"https:\/\/mecatek.eu\/wp-content\/uploads\/2025\/12\/Swing-Flex-sur-Ford-Custom-hayon-ouvert.jpeg","width":1200,"height":795,"caption":"Bras pivotant pour porte-v\u00e9los sur boule d\u2019attelage Swing-Flex install\u00e9 sur un van Ford Custom"},{"@type":"BreadcrumbList","@id":"https:\/\/mecatek.eu\/produit\/bras-pivotant-pour-porte-velos-sur-boule-dattelage-swing-flex\/#breadcrumb","itemListElement":[{"@type":"ListItem","position":1,"name":"Accueil","item":"https:\/\/mecatek.eu\/"},{"@type":"ListItem","position":2,"name":"Catalogue","item":"https:\/\/mecatek.eu\/catalogue\/"},{"@type":"ListItem","position":3,"name":"Bras pivotant pour porte-v\u00e9los sur boule d\u2019attelage Swing-Flex"}]},{"@type":"WebSite","@id":"https:\/\/mecatek.eu\/#website","url":"https:\/\/mecatek.eu\/","name":"Mecatek (ehemals Sawiko Frankreich)","description":"Hersteller von Anh\u00e4ngerkupplungen f\u00fcr Wohnmobile und Lieferwagen - Mecatek","publisher":{"@id":"https:\/\/mecatek.eu\/#organization"},"potentialAction":[{"@type":"SearchAction","target":{"@type":"EntryPoint","urlTemplate":"https:\/\/mecatek.eu\/?s={search_term_string}"},"query-input":{"@type":"PropertyValueSpecification","valueRequired":true,"valueName":"search_term_string"}}],"inLanguage":"de"},{"@type":"Organization","@id":"https:\/\/mecatek.eu\/#organization","name":"Mecatek (ehemals Sawiko Frankreich)","url":"https:\/\/mecatek.eu\/","logo":{"@type":"ImageObject","inLanguage":"de","@id":"https:\/\/mecatek.eu\/#\/schema\/logo\/image\/","url":"http:\/\/mecatek.eu\/wp-content\/uploads\/2026\/01\/Logo-Mecatek-Solutions-techniques-2025-300px.png","contentUrl":"http:\/\/mecatek.eu\/wp-content\/uploads\/2026\/01\/Logo-Mecatek-Solutions-techniques-2025-300px.png","width":400,"height":94,"caption":"Mecatek (ex-Sawiko France)"},"image":{"@id":"https:\/\/mecatek.eu\/#\/schema\/logo\/image\/"}}]}},"_links":{"self":[{"href":"https:\/\/mecatek.eu\/de\/wp-json\/wp\/v2\/product\/1570","targetHints":{"allow":["GET"]}}],"collection":[{"href":"https:\/\/mecatek.eu\/de\/wp-json\/wp\/v2\/product"}],"about":[{"href":"https:\/\/mecatek.eu\/de\/wp-json\/wp\/v2\/types\/product"}],"replies":[{"embeddable":true,"href":"https:\/\/mecatek.eu\/de\/wp-json\/wp\/v2\/comments?post=1570"}],"version-history":[{"count":5,"href":"https:\/\/mecatek.eu\/de\/wp-json\/wp\/v2\/product\/1570\/revisions"}],"predecessor-version":[{"id":2812,"href":"https:\/\/mecatek.eu\/de\/wp-json\/wp\/v2\/product\/1570\/revisions\/2812"}],"wp:featuredmedia":[{"embeddable":true,"href":"https:\/\/mecatek.eu\/de\/wp-json\/wp\/v2\/media\/1573"}],"wp:attachment":[{"href":"https:\/\/mecatek.eu\/de\/wp-json\/wp\/v2\/media?parent=1570"}],"wp:term":[{"taxonomy":"product_brand","embeddable":true,"href":"https:\/\/mecatek.eu\/de\/wp-json\/wp\/v2\/product_brand?post=1570"},{"taxonomy":"product_cat","embeddable":true,"href":"https:\/\/mecatek.eu\/de\/wp-json\/wp\/v2\/product_cat?post=1570"},{"taxonomy":"product_tag","embeddable":true,"href":"https:\/\/mecatek.eu\/de\/wp-json\/wp\/v2\/product_tag?post=1570"}],"curies":[{"name":"wp","href":"https:\/\/api.w.org\/{rel}","templated":true}]}}