{"id":1556,"date":"2025-12-18T17:58:15","date_gmt":"2025-12-18T16:58:15","guid":{"rendered":"https:\/\/mecatek.eu\/?post_type=product&#038;p=1556"},"modified":"2026-01-23T12:38:08","modified_gmt":"2026-01-23T11:38:08","slug":"lastentrager-adventure-rack","status":"publish","type":"product","link":"https:\/\/mecatek.eu\/de\/produkt\/lastentrager-adventure-rack\/","title":{"rendered":"Lastentr\u00e4ger Adventure Rack"},"content":{"rendered":"<div data-elementor-type=\"product-post\" data-elementor-id=\"1556\" class=\"elementor elementor-1556\" data-elementor-post-type=\"product\">\n\t\t\t\t<div class=\"elementor-element elementor-element-314d8b5e e-flex e-con-boxed e-con e-parent\" data-id=\"314d8b5e\" data-element_type=\"container\" data-e-type=\"container\">\n\t\t\t\t\t<div class=\"e-con-inner\">\n\t\t<div class=\"elementor-element elementor-element-a5bc4d4 e-con-full e-flex e-con e-child\" data-id=\"a5bc4d4\" data-element_type=\"container\" data-e-type=\"container\">\n\t\t<div class=\"elementor-element elementor-element-5ef5bb3 e-con-full e-flex e-con e-child\" data-id=\"5ef5bb3\" data-element_type=\"container\" data-e-type=\"container\">\n\t\t\t\t<div class=\"elementor-element elementor-element-bc566c8 elementor-widget elementor-widget-text-editor\" data-id=\"bc566c8\" data-element_type=\"widget\" data-e-type=\"widget\" data-widget_type=\"text-editor.default\">\n\t\t\t\t\t\t\t\t\t<h2>Lastentr\u00e4ger f\u00fcr Lieferwagen<span style=\"color: #0079b3;\"> ADVENTURE RACK<\/span><\/h2>\t\t\t\t\t\t\t\t<\/div>\n\t\t\t\t<div class=\"elementor-element elementor-element-73a4752 elementor-widget elementor-widget-text-editor\" data-id=\"73a4752\" data-element_type=\"widget\" data-e-type=\"widget\" data-widget_type=\"text-editor.default\">\n\t\t\t\t\t\t\t\t\t<h3>Der ADVENTURE RACK Lastentr\u00e4ger variiert das beliebte Rezept des VAN-BIKE 2 Fahrradtr\u00e4gers.<\/h3><p>SAWIKO France hat seine Erfahrung in der Entwicklung und Herstellung von Fahrradtr\u00e4gern f\u00fcr Freizeitfahrzeuge genutzt und erweitert seine Produktpalette f\u00fcr Lieferwagen mit der Einf\u00fchrung des ADVENTURE RACK-Ladungstr\u00e4gers. Dieser neue Tr\u00e4ger ist eine Weiterentwicklung des VAN-BIKE-2-Fahrradtr\u00e4gers mit seinem Konzept der Scharnierbefestigung. Der ADVENTURE RACK zeichnet sich dadurch aus, dass er an den 4 Scharnieren der hinteren T\u00fcren des Fahrzeugs befestigt wird. Diese Entwicklung erm\u00f6glicht die Beladung von 3 bis 4 Fahrr\u00e4dern mit einem H\u00f6chstgewicht von 60 kg.<\/p><h3>Die CARGO LINE Kofferraumreihe f\u00fcr den ADVENTURE RACK<\/h3><p>Mit der Markteinf\u00fchrung des Lastentr\u00e4gers ADVENTURE RACK kommt auch eine neue Produktreihe von Aluminium-Aufbewahrungsboxen CARGO LINE auf den Markt, die Robustheit und Zweckm\u00e4\u00dfigkeit vereint. Die Boxen sind in verschiedenen Gr\u00f6\u00dfen erh\u00e4ltlich, um m\u00f6glichst vielen Verwendungszwecken gerecht zu werden:<\/p><p>- Ein gro\u00dfer Kofferraum, in dem 2 Elektrofahrr\u00e4der oder andere sperrige Ausr\u00fcstung sicher transportiert werden k\u00f6nnen.<br \/>- Ein kompakter, vertikal angeordneter Kofferraum, der auf dem Lastentr\u00e4ger Platz f\u00fcr andere Ausr\u00fcstungsgegenst\u00e4nde wie z. B. ein Reserverad bietet.<\/p><p>Das robuste Design der CARGO LINE Boxen macht sie zu einer idealen und langlebigen L\u00f6sung f\u00fcr Ihr Freizeitfahrzeug, auch im Gel\u00e4nde. Mit den neuen ADVENTURE RACK Lastentr\u00e4gern und der neuen Reihe von CARGO LINE Boxen bietet SAWIKO France eine komplette und sichere L\u00f6sung f\u00fcr den Transport von Fahrr\u00e4dern oder empfindlichen Ausr\u00fcstungsgegenst\u00e4nden auf der R\u00fcckseite Ihres Lieferwagens.<\/p><h3>Die Vorteile<\/h3><ul><li>Robuste Befestigung an allen 4 Scharnieren<\/li><li>Verf\u00fcgbare Last im Kofferraum: 50 kg<\/li><li>Klappbare Plattform<\/li><li>Vollst\u00e4ndige \u00d6ffnung der hinteren T\u00fcren oder der Heckklappe<\/li><li>Kann 3 bis 4 Fahrr\u00e4der oder einen Kofferraum transportieren<\/li><\/ul>\t\t\t\t\t\t\t\t<\/div>\n\t\t\t\t<\/div>\n\t\t<div class=\"elementor-element elementor-element-d293163 e-con-full e-flex e-con e-child\" data-id=\"d293163\" data-element_type=\"container\" data-e-type=\"container\" data-settings=\"{&quot;background_background&quot;:&quot;classic&quot;}\">\n\t\t\t\t<div class=\"elementor-element elementor-element-2f51471 elementor-widget elementor-widget-image\" data-id=\"2f51471\" data-element_type=\"widget\" data-e-type=\"widget\" data-widget_type=\"image.default\">\n\t\t\t\t\t\t\t\t\t\t\t\t\t\t\t<img fetchpriority=\"high\" decoding=\"async\" width=\"400\" height=\"200\" src=\"https:\/\/mecatek.eu\/wp-content\/uploads\/2025\/12\/Logo-Marque-Adventure-Rack.png\" class=\"attachment-full size-full wp-image-981\" alt=\"Logo Adventure Rack\" \/>\t\t\t\t\t\t\t\t\t\t\t\t\t\t\t<\/div>\n\t\t\t\t<div class=\"elementor-element elementor-element-9fd5e8c elementor-widget elementor-widget-text-editor\" data-id=\"9fd5e8c\" data-element_type=\"widget\" data-e-type=\"widget\" data-widget_type=\"text-editor.default\">\n\t\t\t\t\t\t\t\t\t<p><strong>Technische Daten :<br \/><\/strong>Bis zu 4 Fahrr\u00e4der oder 1 Kofferraum<br \/>Nutzlast: 60 kg<br \/>Last im Kofferraum: 50 kg<\/p><p><strong>Fahrzeuge com<\/strong><strong>geduldig :<\/strong><\/p><ul><li>Fiat Ducato<\/li><li>Peugeot Boxer<\/li><li>Citro\u00ebn Jumper<\/li><li>Opel Movano (ab 2022)<\/li><li>Mercedes Sprinter (ab 2006)<\/li><li>VW Crafter (ab 2006)<\/li><li>MAN TGE (ab 2006)<\/li><\/ul>\t\t\t\t\t\t\t\t<\/div>\n\t\t\t\t<\/div>\n\t\t\t\t<\/div>\n\t\t\t\t\t<\/div>\n\t\t\t\t<\/div>\n\t\t\t\t<\/div>","protected":false},"excerpt":{"rendered":"<p>Entdecken Sie den Lastentr\u00e4ger ADVENTURE RACK, eine Weiterentwicklung des Fahrradtr\u00e4gers VAN-BIKE 2 f\u00fcr Lieferwagen Fiat Ducato, Peugeot Boxer, Citro\u00ebn Jumper und Opel Movano (ab 2022). An den 4 hinteren Scharnieren befestigt, k\u00f6nnen 3 bis 4 Fahrr\u00e4der oder eine Aufbewahrungsbox transportiert werden. Die neue CARGO LINE Aluminiumboxenreihe bietet verschiedene Gr\u00f6\u00dfen, um allen Bed\u00fcrfnissen gerecht zu werden<\/p>","protected":false},"featured_media":1562,"comment_status":"closed","ping_status":"closed","template":"","meta":[],"product_brand":[63],"product_cat":[57],"product_tag":[],"class_list":{"0":"post-1556","1":"product","2":"type-product","3":"status-publish","4":"has-post-thumbnail","6":"product_brand-mck","7":"product_cat-porte-velos-fourgon","9":"first","10":"instock","11":"shipping-taxable","12":"product-type-simple"},"yoast_head":"<!-- This site is optimized with the Yoast SEO plugin v26.9 - https:\/\/yoast.com\/product\/yoast-seo-wordpress\/ -->\n<title>Porte-charges Adventure Rack - Mecatek (ex-Sawiko France)<\/title>\n<meta name=\"description\" content=\"D\u00e9couvrez le porte-charges ADVENTURE RACK, \u00e9volution du porte-v\u00e9los VAN-BIKE 2 pour fourgons Fiat Ducato, Peugeot Boxer, Citro\u00ebn Jumper et Opel Movano (\u00e0 partir de 2022). Fix\u00e9 sur les 4 charni\u00e8res arri\u00e8re, il permet de transporter de 3 \u00e0 4 v\u00e9los ou un coffre de rangement. La nouvelle gamme de coffres CARGO LINE en aluminium offre diverses tailles pour r\u00e9pondre \u00e0 tous les besoins\" \/>\n<meta name=\"robots\" content=\"index, follow, max-snippet:-1, max-image-preview:large, max-video-preview:-1\" \/>\n<link rel=\"canonical\" href=\"https:\/\/mecatek.eu\/de\/produkt\/lastentrager-adventure-rack\/\" \/>\n<meta property=\"og:locale\" content=\"de_DE\" \/>\n<meta property=\"og:type\" content=\"article\" \/>\n<meta property=\"og:title\" content=\"Porte-charges Adventure Rack - Mecatek (ex-Sawiko France)\" \/>\n<meta property=\"og:description\" content=\"D\u00e9couvrez le porte-charges ADVENTURE RACK, \u00e9volution du porte-v\u00e9los VAN-BIKE 2 pour fourgons Fiat Ducato, Peugeot Boxer, Citro\u00ebn Jumper et Opel Movano (\u00e0 partir de 2022). Fix\u00e9 sur les 4 charni\u00e8res arri\u00e8re, il permet de transporter de 3 \u00e0 4 v\u00e9los ou un coffre de rangement. La nouvelle gamme de coffres CARGO LINE en aluminium offre diverses tailles pour r\u00e9pondre \u00e0 tous les besoins\" \/>\n<meta property=\"og:url\" content=\"https:\/\/mecatek.eu\/de\/produkt\/lastentrager-adventure-rack\/\" \/>\n<meta property=\"og:site_name\" content=\"Mecatek (ex-Sawiko France)\" \/>\n<meta property=\"article:modified_time\" content=\"2026-01-23T11:38:08+00:00\" \/>\n<meta property=\"og:image\" content=\"http:\/\/mecatek.eu\/wp-content\/uploads\/2025\/12\/porte-charges-adventure-rack-1.jpg\" \/>\n\t<meta property=\"og:image:width\" content=\"800\" \/>\n\t<meta property=\"og:image:height\" content=\"800\" \/>\n\t<meta property=\"og:image:type\" content=\"image\/jpeg\" \/>\n<meta name=\"twitter:card\" content=\"summary_large_image\" \/>\n<meta name=\"twitter:label1\" content=\"Gesch\u00e4tzte Lesezeit\" \/>\n\t<meta name=\"twitter:data1\" content=\"3\u00a0Minuten\" \/>\n<script type=\"application\/ld+json\" class=\"yoast-schema-graph\">{\"@context\":\"https:\/\/schema.org\",\"@graph\":[{\"@type\":\"WebPage\",\"@id\":\"https:\/\/mecatek.eu\/produit\/porte-charges-adventure-rack\/\",\"url\":\"https:\/\/mecatek.eu\/produit\/porte-charges-adventure-rack\/\",\"name\":\"Porte-charges Adventure Rack - Mecatek (ex-Sawiko France)\",\"isPartOf\":{\"@id\":\"https:\/\/mecatek.eu\/#website\"},\"primaryImageOfPage\":{\"@id\":\"https:\/\/mecatek.eu\/produit\/porte-charges-adventure-rack\/#primaryimage\"},\"image\":{\"@id\":\"https:\/\/mecatek.eu\/produit\/porte-charges-adventure-rack\/#primaryimage\"},\"thumbnailUrl\":\"https:\/\/mecatek.eu\/wp-content\/uploads\/2025\/12\/porte-charges-adventure-rack-1.jpg\",\"datePublished\":\"2025-12-18T16:58:15+00:00\",\"dateModified\":\"2026-01-23T11:38:08+00:00\",\"description\":\"D\u00e9couvrez le porte-charges ADVENTURE RACK, \u00e9volution du porte-v\u00e9los VAN-BIKE 2 pour fourgons Fiat Ducato, Peugeot Boxer, Citro\u00ebn Jumper et Opel Movano (\u00e0 partir de 2022). Fix\u00e9 sur les 4 charni\u00e8res arri\u00e8re, il permet de transporter de 3 \u00e0 4 v\u00e9los ou un coffre de rangement. La nouvelle gamme de coffres CARGO LINE en aluminium offre diverses tailles pour r\u00e9pondre \u00e0 tous les besoins\",\"breadcrumb\":{\"@id\":\"https:\/\/mecatek.eu\/produit\/porte-charges-adventure-rack\/#breadcrumb\"},\"inLanguage\":\"de\",\"potentialAction\":[{\"@type\":\"ReadAction\",\"target\":[\"https:\/\/mecatek.eu\/produit\/porte-charges-adventure-rack\/\"]}]},{\"@type\":\"ImageObject\",\"inLanguage\":\"de\",\"@id\":\"https:\/\/mecatek.eu\/produit\/porte-charges-adventure-rack\/#primaryimage\",\"url\":\"https:\/\/mecatek.eu\/wp-content\/uploads\/2025\/12\/porte-charges-adventure-rack-1.jpg\",\"contentUrl\":\"https:\/\/mecatek.eu\/wp-content\/uploads\/2025\/12\/porte-charges-adventure-rack-1.jpg\",\"width\":800,\"height\":800,\"caption\":\"Porte-charges Adventure Rack\"},{\"@type\":\"BreadcrumbList\",\"@id\":\"https:\/\/mecatek.eu\/produit\/porte-charges-adventure-rack\/#breadcrumb\",\"itemListElement\":[{\"@type\":\"ListItem\",\"position\":1,\"name\":\"Accueil\",\"item\":\"https:\/\/mecatek.eu\/\"},{\"@type\":\"ListItem\",\"position\":2,\"name\":\"Catalogue\",\"item\":\"https:\/\/mecatek.eu\/catalogue\/\"},{\"@type\":\"ListItem\",\"position\":3,\"name\":\"Porte-charges Adventure Rack\"}]},{\"@type\":\"WebSite\",\"@id\":\"https:\/\/mecatek.eu\/#website\",\"url\":\"https:\/\/mecatek.eu\/\",\"name\":\"Mecatek (ex-Sawiko France)\",\"description\":\"Fabricant d&#039;attelages pour camping-car et fourgon - Mecatek\",\"publisher\":{\"@id\":\"https:\/\/mecatek.eu\/#organization\"},\"potentialAction\":[{\"@type\":\"SearchAction\",\"target\":{\"@type\":\"EntryPoint\",\"urlTemplate\":\"https:\/\/mecatek.eu\/?s={search_term_string}\"},\"query-input\":{\"@type\":\"PropertyValueSpecification\",\"valueRequired\":true,\"valueName\":\"search_term_string\"}}],\"inLanguage\":\"de\"},{\"@type\":\"Organization\",\"@id\":\"https:\/\/mecatek.eu\/#organization\",\"name\":\"Mecatek (ex-Sawiko France)\",\"url\":\"https:\/\/mecatek.eu\/\",\"logo\":{\"@type\":\"ImageObject\",\"inLanguage\":\"de\",\"@id\":\"https:\/\/mecatek.eu\/#\/schema\/logo\/image\/\",\"url\":\"http:\/\/mecatek.eu\/wp-content\/uploads\/2026\/01\/Logo-Mecatek-Solutions-techniques-2025-300px.png\",\"contentUrl\":\"http:\/\/mecatek.eu\/wp-content\/uploads\/2026\/01\/Logo-Mecatek-Solutions-techniques-2025-300px.png\",\"width\":400,\"height\":94,\"caption\":\"Mecatek (ex-Sawiko France)\"},\"image\":{\"@id\":\"https:\/\/mecatek.eu\/#\/schema\/logo\/image\/\"}}]}<\/script>\n<!-- \/ Yoast SEO plugin. -->","yoast_head_json":{"title":"Adventure Rack Lastentr\u00e4ger - Mecatek (ehemals Sawiko Deutschland)","description":"Entdecken Sie den Lastentr\u00e4ger ADVENTURE RACK, eine Weiterentwicklung des Fahrradtr\u00e4gers VAN-BIKE 2 f\u00fcr Lieferwagen Fiat Ducato, Peugeot Boxer, Citro\u00ebn Jumper und Opel Movano (ab 2022). An den 4 hinteren Scharnieren befestigt, k\u00f6nnen 3 bis 4 Fahrr\u00e4der oder eine Aufbewahrungsbox transportiert werden. Die neue CARGO LINE Aluminiumboxenreihe bietet verschiedene Gr\u00f6\u00dfen, um allen Bed\u00fcrfnissen gerecht zu werden","robots":{"index":"index","follow":"follow","max-snippet":"max-snippet:-1","max-image-preview":"max-image-preview:large","max-video-preview":"max-video-preview:-1"},"canonical":"https:\/\/mecatek.eu\/de\/produkt\/lastentrager-adventure-rack\/","og_locale":"de_DE","og_type":"article","og_title":"Porte-charges Adventure Rack - Mecatek (ex-Sawiko France)","og_description":"D\u00e9couvrez le porte-charges ADVENTURE RACK, \u00e9volution du porte-v\u00e9los VAN-BIKE 2 pour fourgons Fiat Ducato, Peugeot Boxer, Citro\u00ebn Jumper et Opel Movano (\u00e0 partir de 2022). Fix\u00e9 sur les 4 charni\u00e8res arri\u00e8re, il permet de transporter de 3 \u00e0 4 v\u00e9los ou un coffre de rangement. La nouvelle gamme de coffres CARGO LINE en aluminium offre diverses tailles pour r\u00e9pondre \u00e0 tous les besoins","og_url":"https:\/\/mecatek.eu\/de\/produkt\/lastentrager-adventure-rack\/","og_site_name":"Mecatek (ex-Sawiko France)","article_modified_time":"2026-01-23T11:38:08+00:00","og_image":[{"width":800,"height":800,"url":"http:\/\/mecatek.eu\/wp-content\/uploads\/2025\/12\/porte-charges-adventure-rack-1.jpg","type":"image\/jpeg"}],"twitter_card":"summary_large_image","twitter_misc":{"Gesch\u00e4tzte Lesezeit":"3\u00a0Minuten"},"schema":{"@context":"https:\/\/schema.org","@graph":[{"@type":"WebPage","@id":"https:\/\/mecatek.eu\/produit\/porte-charges-adventure-rack\/","url":"https:\/\/mecatek.eu\/produit\/porte-charges-adventure-rack\/","name":"Adventure Rack Lastentr\u00e4ger - Mecatek (ehemals Sawiko Deutschland)","isPartOf":{"@id":"https:\/\/mecatek.eu\/#website"},"primaryImageOfPage":{"@id":"https:\/\/mecatek.eu\/produit\/porte-charges-adventure-rack\/#primaryimage"},"image":{"@id":"https:\/\/mecatek.eu\/produit\/porte-charges-adventure-rack\/#primaryimage"},"thumbnailUrl":"https:\/\/mecatek.eu\/wp-content\/uploads\/2025\/12\/porte-charges-adventure-rack-1.jpg","datePublished":"2025-12-18T16:58:15+00:00","dateModified":"2026-01-23T11:38:08+00:00","description":"Entdecken Sie den Lastentr\u00e4ger ADVENTURE RACK, eine Weiterentwicklung des Fahrradtr\u00e4gers VAN-BIKE 2 f\u00fcr Lieferwagen Fiat Ducato, Peugeot Boxer, Citro\u00ebn Jumper und Opel Movano (ab 2022). An den 4 hinteren Scharnieren befestigt, k\u00f6nnen 3 bis 4 Fahrr\u00e4der oder eine Aufbewahrungsbox transportiert werden. Die neue CARGO LINE Aluminiumboxenreihe bietet verschiedene Gr\u00f6\u00dfen, um allen Bed\u00fcrfnissen gerecht zu werden","breadcrumb":{"@id":"https:\/\/mecatek.eu\/produit\/porte-charges-adventure-rack\/#breadcrumb"},"inLanguage":"de","potentialAction":[{"@type":"ReadAction","target":["https:\/\/mecatek.eu\/produit\/porte-charges-adventure-rack\/"]}]},{"@type":"ImageObject","inLanguage":"de","@id":"https:\/\/mecatek.eu\/produit\/porte-charges-adventure-rack\/#primaryimage","url":"https:\/\/mecatek.eu\/wp-content\/uploads\/2025\/12\/porte-charges-adventure-rack-1.jpg","contentUrl":"https:\/\/mecatek.eu\/wp-content\/uploads\/2025\/12\/porte-charges-adventure-rack-1.jpg","width":800,"height":800,"caption":"Porte-charges Adventure Rack"},{"@type":"BreadcrumbList","@id":"https:\/\/mecatek.eu\/produit\/porte-charges-adventure-rack\/#breadcrumb","itemListElement":[{"@type":"ListItem","position":1,"name":"Accueil","item":"https:\/\/mecatek.eu\/"},{"@type":"ListItem","position":2,"name":"Catalogue","item":"https:\/\/mecatek.eu\/catalogue\/"},{"@type":"ListItem","position":3,"name":"Porte-charges Adventure Rack"}]},{"@type":"WebSite","@id":"https:\/\/mecatek.eu\/#website","url":"https:\/\/mecatek.eu\/","name":"Mecatek (ehemals Sawiko Frankreich)","description":"Hersteller von Anh\u00e4ngerkupplungen f\u00fcr Wohnmobile und Lieferwagen - Mecatek","publisher":{"@id":"https:\/\/mecatek.eu\/#organization"},"potentialAction":[{"@type":"SearchAction","target":{"@type":"EntryPoint","urlTemplate":"https:\/\/mecatek.eu\/?s={search_term_string}"},"query-input":{"@type":"PropertyValueSpecification","valueRequired":true,"valueName":"search_term_string"}}],"inLanguage":"de"},{"@type":"Organization","@id":"https:\/\/mecatek.eu\/#organization","name":"Mecatek (ehemals Sawiko Frankreich)","url":"https:\/\/mecatek.eu\/","logo":{"@type":"ImageObject","inLanguage":"de","@id":"https:\/\/mecatek.eu\/#\/schema\/logo\/image\/","url":"http:\/\/mecatek.eu\/wp-content\/uploads\/2026\/01\/Logo-Mecatek-Solutions-techniques-2025-300px.png","contentUrl":"http:\/\/mecatek.eu\/wp-content\/uploads\/2026\/01\/Logo-Mecatek-Solutions-techniques-2025-300px.png","width":400,"height":94,"caption":"Mecatek (ex-Sawiko France)"},"image":{"@id":"https:\/\/mecatek.eu\/#\/schema\/logo\/image\/"}}]}},"_links":{"self":[{"href":"https:\/\/mecatek.eu\/de\/wp-json\/wp\/v2\/product\/1556","targetHints":{"allow":["GET"]}}],"collection":[{"href":"https:\/\/mecatek.eu\/de\/wp-json\/wp\/v2\/product"}],"about":[{"href":"https:\/\/mecatek.eu\/de\/wp-json\/wp\/v2\/types\/product"}],"replies":[{"embeddable":true,"href":"https:\/\/mecatek.eu\/de\/wp-json\/wp\/v2\/comments?post=1556"}],"version-history":[{"count":5,"href":"https:\/\/mecatek.eu\/de\/wp-json\/wp\/v2\/product\/1556\/revisions"}],"predecessor-version":[{"id":1567,"href":"https:\/\/mecatek.eu\/de\/wp-json\/wp\/v2\/product\/1556\/revisions\/1567"}],"wp:featuredmedia":[{"embeddable":true,"href":"https:\/\/mecatek.eu\/de\/wp-json\/wp\/v2\/media\/1562"}],"wp:attachment":[{"href":"https:\/\/mecatek.eu\/de\/wp-json\/wp\/v2\/media?parent=1556"}],"wp:term":[{"taxonomy":"product_brand","embeddable":true,"href":"https:\/\/mecatek.eu\/de\/wp-json\/wp\/v2\/product_brand?post=1556"},{"taxonomy":"product_cat","embeddable":true,"href":"https:\/\/mecatek.eu\/de\/wp-json\/wp\/v2\/product_cat?post=1556"},{"taxonomy":"product_tag","embeddable":true,"href":"https:\/\/mecatek.eu\/de\/wp-json\/wp\/v2\/product_tag?post=1556"}],"curies":[{"name":"wp","href":"https:\/\/api.w.org\/{rel}","templated":true}]}}