{"id":1540,"date":"2026-03-19T15:00:09","date_gmt":"2026-03-19T14:00:09","guid":{"rendered":"https:\/\/mecatek.eu\/?post_type=product&#038;p=1540"},"modified":"2026-03-19T15:41:28","modified_gmt":"2026-03-19T14:41:28","slug":"schwenkarm-fur-fahrradtrager-auf-datierungskugel-spacemaker","status":"publish","type":"product","link":"https:\/\/mecatek.eu\/de\/produkt\/schwenkarm-fur-fahrradtrager-auf-datierungskugel-spacemaker\/","title":{"rendered":"Schwenkarm f\u00fcr Fahrradtr\u00e4ger auf SpaceMaker-Kugelkupplung"},"content":{"rendered":"<div data-elementor-type=\"product-post\" data-elementor-id=\"1540\" class=\"elementor elementor-1540\" data-elementor-post-type=\"product\">\n\t\t\t\t<div class=\"elementor-element elementor-element-6df7c19a e-flex e-con-boxed e-con e-parent\" data-id=\"6df7c19a\" data-element_type=\"container\" data-e-type=\"container\">\n\t\t\t\t\t<div class=\"e-con-inner\">\n\t\t<div class=\"elementor-element elementor-element-6e971fb e-con-full e-flex e-con e-child\" data-id=\"6e971fb\" data-element_type=\"container\" data-e-type=\"container\">\n\t\t<div class=\"elementor-element elementor-element-018d61e e-con-full e-flex e-con e-child\" data-id=\"018d61e\" data-element_type=\"container\" data-e-type=\"container\">\n\t\t\t\t<div class=\"elementor-element elementor-element-e4f0e51 elementor-widget elementor-widget-text-editor\" data-id=\"e4f0e51\" data-element_type=\"widget\" data-e-type=\"widget\" data-widget_type=\"text-editor.default\">\n\t\t\t\t\t\t\t\t\t<h2>Schwenkarm <span style=\"color: #0079b3;\">SpaceMaker<\/span><\/h2>\t\t\t\t\t\t\t\t<\/div>\n\t\t\t\t<div class=\"elementor-element elementor-element-5df915d elementor-widget elementor-widget-text-editor\" data-id=\"5df915d\" data-element_type=\"widget\" data-e-type=\"widget\" data-widget_type=\"text-editor.default\">\n\t\t\t\t\t\t\t\t\tVideo des neuen Schwenkarms f\u00fcr Fahrradtr\u00e4ger auf SpaceMaker-Kugelkupplungen :\t\t\t\t\t\t\t\t<\/div>\n\t\t\t\t<div class=\"elementor-element elementor-element-8a1f3b5 elementor-widget elementor-widget-video\" data-id=\"8a1f3b5\" data-element_type=\"widget\" data-e-type=\"widget\" data-settings=\"{&quot;youtube_url&quot;:&quot;https:\\\/\\\/youtu.be\\\/EcLmBjRtZ0Q&quot;,&quot;video_type&quot;:&quot;youtube&quot;,&quot;controls&quot;:&quot;yes&quot;}\" data-widget_type=\"video.default\">\n\t\t\t\t\t\t\t<div class=\"elementor-wrapper elementor-open-inline\">\n\t\t\t<div class=\"elementor-video\"><\/div>\t\t<\/div>\n\t\t\t\t\t\t<\/div>\n\t\t\t\t<div class=\"elementor-element elementor-element-c5d7e84 elementor-widget elementor-widget-text-editor\" data-id=\"c5d7e84\" data-element_type=\"widget\" data-e-type=\"widget\" data-widget_type=\"text-editor.default\">\n\t\t\t\t\t\t\t\t\t<p>Die\u00a0<strong>SpaceMaker-System<\/strong>\u00a0besteht aus einem\u00a0<strong>Schwenkarm, auf dem eine versetzte Kupplungskugel ruht, die die Aufnahme des abnehmbaren Fahrradtr\u00e4gers erm\u00f6glicht<\/strong>.<\/p><p><strong>Er profitiert von zahlreichen Vorteilen:<\/strong><\/p><p>- Um mehr als 90\u00b0 - 95\u00b0 schwenkbare Arme, um die \u00d6ffnung der Heckklappe oder der hinteren T\u00fcren vollst\u00e4ndig freizugeben<\/p><p>- Leicht und platzsparend, kann sehr einfach gelagert werden, wenn es nicht gebraucht wird.<\/p><p>- Einfacher Auf- und Abbau<\/p><p>- Robustes System, das einen mit 2 Elektrofahrr\u00e4dern beladenen Fahrradtr\u00e4ger tragen kann<\/p><p>- Tragf\u00e4higkeit des Schwenkarms 65 kg<\/p><p>- Komplettes Set (Schwenkarm + abnehmbarer Fahrradtr\u00e4ger) ultraleicht unter 29 kg<\/p><p>Dieses System vereinfacht den Zugang zum Fahrzeug, auch wenn die Fahrr\u00e4der beladen sind, und gew\u00e4hrleistet Sicherheit und Vielseitigkeit bei allen Arten von Lieferwagen, Vans oder Wohnmobilen, die mit einer zugelassenen Kugelkopfkupplung ausgestattet sind.<\/p>\t\t\t\t\t\t\t\t<\/div>\n\t\t\t\t<\/div>\n\t\t<div class=\"elementor-element elementor-element-ae20ef1 e-con-full e-flex e-con e-child\" data-id=\"ae20ef1\" data-element_type=\"container\" data-e-type=\"container\" data-settings=\"{&quot;background_background&quot;:&quot;classic&quot;}\">\n\t\t\t\t<div class=\"elementor-element elementor-element-5988606 elementor-widget elementor-widget-image\" data-id=\"5988606\" data-element_type=\"widget\" data-e-type=\"widget\" data-widget_type=\"image.default\">\n\t\t\t\t\t\t\t\t\t\t\t\t\t\t\t<img fetchpriority=\"high\" decoding=\"async\" width=\"400\" height=\"200\" src=\"https:\/\/mecatek.eu\/wp-content\/uploads\/2025\/11\/Logo-porte-velos.png\" class=\"attachment-full size-full wp-image-1068\" alt=\"\" \/>\t\t\t\t\t\t\t\t\t\t\t\t\t\t\t<\/div>\n\t\t\t\t<div class=\"elementor-element elementor-element-b053f68 elementor-widget elementor-widget-text-editor\" data-id=\"b053f68\" data-element_type=\"widget\" data-e-type=\"widget\" data-widget_type=\"text-editor.default\">\n\t\t\t\t\t\t\t\t\t<p><strong>Technische Daten :<\/strong><\/p><ul><li>F\u00fcr Fahrradtr\u00e4ger mit 2 Standard- oder Elektrofahrr\u00e4dern<\/li><li>Nutzlast: 65 kg<\/li><li>Leergewicht: 13.6 kg<\/li><li>Material: Verzinkter, pulverbeschichteter Stahl<\/li><li>Verf\u00fcgbare Farben: Schwarz<\/li><li>Wird mit Kabelverl\u00e4ngerung zwischen Anh\u00e4ngerkupplung und Fahrradtr\u00e4ger geliefert<\/li><li>Armabmessung von der Mitte der Kugel bis zum Drehpunkt: 790 mm<\/li><li>Zwingender Abstand zwischen der Unterseite der T\u00fcren oder der Heckklappe und der Oberseite der Kugel: 50 mm<\/li><li>Halterung nur f\u00fcr Stahlkugelkupplung<\/li><li>System nicht kompatibel mit Fahrzeugen mit einer Anh\u00e4ngelast von weniger als 2000 kg<\/li><li>System nicht kompatibel mit abnehmbarer Kugel<\/li><\/ul><p><strong>Abnehmbarer Fahrradtr\u00e4ger inklusive<\/strong><\/p><p><strong>Preis inkl. MwSt.: 1.670\u20ac.<\/strong><\/p>\t\t\t\t\t\t\t\t<\/div>\n\t\t\t\t<\/div>\n\t\t\t\t<\/div>\n\t\t\t\t\t<\/div>\n\t\t\t\t<\/div>\n\t\t\t\t<\/div>","protected":false},"excerpt":{"rendered":"<p><span style=\"color: #ff0000;\">Neues SpaceMaker-Paket, <strong>das Ultra-Light der Schwenkarme!<\/strong><\/span><\/p>\n<p><strong>DIE ultraleichte L\u00f6sung f\u00fcr den Transport Ihrer Elektrofahrr\u00e4der!<\/strong><\/p>\n<ul>\n<li>Ultraleichtes Komplettpaket in <strong>weniger als 29kg<\/strong><\/li>\n<li>Montage in <strong>weniger als 3 Minuten<\/strong><\/li>\n<li>Abnehmbarer Fahrradtr\u00e4ger <strong>enthalten<\/strong><\/li>\n<\/ul>\n<p>Das leichte und gleichzeitig robuste SpaceMaker-System wird auf der Kugel der Anh\u00e4ngerkupplung befestigt und erm\u00f6glicht die einfache Montage von zwei Standard- oder Elektrofahrr\u00e4dern auf dem abnehmbaren Fahrradtr\u00e4ger. Er bietet einen breiten \u00d6ffnungswinkel, sodass Sie auch mit zwei beladenen Fahrr\u00e4dern bequem ins Fahrzeug gelangen k\u00f6nnen.<\/p>","protected":false},"featured_media":1544,"comment_status":"closed","ping_status":"closed","template":"","meta":[],"product_brand":[],"product_cat":[57],"product_tag":[],"class_list":{"0":"post-1540","1":"product","2":"type-product","3":"status-publish","4":"has-post-thumbnail","6":"product_cat-porte-velos-fourgon","8":"first","9":"instock","10":"shipping-taxable","11":"product-type-simple"},"yoast_head":"<!-- This site is optimized with the Yoast SEO plugin v26.9 - https:\/\/yoast.com\/product\/yoast-seo-wordpress\/ -->\n<title>Bras pivotant pour porte-v\u00e9los sur boule d\u2019attelage SpaceMaker - Mecatek (ex-Sawiko France)<\/title>\n<meta name=\"description\" content=\"Le syst\u00e8me SpaceMaker, \u00e0 la fois l\u00e9ger et solide, se fixe sur la boule d\u2019attelage et permet d\u2019installer facilement un porte-v\u00e9los amovible. Il supporte jusqu\u2019\u00e0 65 kg et offre un large angle d\u2019ouverture pour un acc\u00e8s ais\u00e9 au v\u00e9hicule, m\u00eame avec deux v\u00e9los charg\u00e9s.\" \/>\n<meta name=\"robots\" content=\"index, follow, max-snippet:-1, max-image-preview:large, max-video-preview:-1\" \/>\n<link rel=\"canonical\" href=\"https:\/\/mecatek.eu\/de\/produkt\/schwenkarm-fur-fahrradtrager-auf-datierungskugel-spacemaker\/\" \/>\n<meta property=\"og:locale\" content=\"de_DE\" \/>\n<meta property=\"og:type\" content=\"article\" \/>\n<meta property=\"og:title\" content=\"Bras pivotant pour porte-v\u00e9los sur boule d\u2019attelage SpaceMaker - Mecatek (ex-Sawiko France)\" \/>\n<meta property=\"og:description\" content=\"Le syst\u00e8me SpaceMaker, \u00e0 la fois l\u00e9ger et solide, se fixe sur la boule d\u2019attelage et permet d\u2019installer facilement un porte-v\u00e9los amovible. Il supporte jusqu\u2019\u00e0 65 kg et offre un large angle d\u2019ouverture pour un acc\u00e8s ais\u00e9 au v\u00e9hicule, m\u00eame avec deux v\u00e9los charg\u00e9s.\" \/>\n<meta property=\"og:url\" content=\"https:\/\/mecatek.eu\/de\/produkt\/schwenkarm-fur-fahrradtrager-auf-datierungskugel-spacemaker\/\" \/>\n<meta property=\"og:site_name\" content=\"Mecatek (ex-Sawiko France)\" \/>\n<meta property=\"article:modified_time\" content=\"2026-03-19T14:41:28+00:00\" \/>\n<meta property=\"og:image\" content=\"http:\/\/mecatek.eu\/wp-content\/uploads\/2025\/12\/SpaceMaker-bras-pivotant.png\" \/>\n\t<meta property=\"og:image:width\" content=\"800\" \/>\n\t<meta property=\"og:image:height\" content=\"800\" \/>\n\t<meta property=\"og:image:type\" content=\"image\/png\" \/>\n<meta name=\"twitter:card\" content=\"summary_large_image\" \/>\n<script type=\"application\/ld+json\" class=\"yoast-schema-graph\">{\"@context\":\"https:\/\/schema.org\",\"@graph\":[{\"@type\":\"WebPage\",\"@id\":\"https:\/\/mecatek.eu\/produit\/bras-pivotant-pour-porte-velos-sur-boule-dattelage-spacemaker\/\",\"url\":\"https:\/\/mecatek.eu\/produit\/bras-pivotant-pour-porte-velos-sur-boule-dattelage-spacemaker\/\",\"name\":\"Bras pivotant pour porte-v\u00e9los sur boule d\u2019attelage SpaceMaker - Mecatek (ex-Sawiko France)\",\"isPartOf\":{\"@id\":\"https:\/\/mecatek.eu\/#website\"},\"primaryImageOfPage\":{\"@id\":\"https:\/\/mecatek.eu\/produit\/bras-pivotant-pour-porte-velos-sur-boule-dattelage-spacemaker\/#primaryimage\"},\"image\":{\"@id\":\"https:\/\/mecatek.eu\/produit\/bras-pivotant-pour-porte-velos-sur-boule-dattelage-spacemaker\/#primaryimage\"},\"thumbnailUrl\":\"https:\/\/mecatek.eu\/wp-content\/uploads\/2025\/12\/SpaceMaker-bras-pivotant.png\",\"datePublished\":\"2026-03-19T14:00:09+00:00\",\"dateModified\":\"2026-03-19T14:41:28+00:00\",\"description\":\"Le syst\u00e8me SpaceMaker, \u00e0 la fois l\u00e9ger et solide, se fixe sur la boule d\u2019attelage et permet d\u2019installer facilement un porte-v\u00e9los amovible. Il supporte jusqu\u2019\u00e0 65 kg et offre un large angle d\u2019ouverture pour un acc\u00e8s ais\u00e9 au v\u00e9hicule, m\u00eame avec deux v\u00e9los charg\u00e9s.\",\"breadcrumb\":{\"@id\":\"https:\/\/mecatek.eu\/produit\/bras-pivotant-pour-porte-velos-sur-boule-dattelage-spacemaker\/#breadcrumb\"},\"inLanguage\":\"de\",\"potentialAction\":[{\"@type\":\"ReadAction\",\"target\":[\"https:\/\/mecatek.eu\/produit\/bras-pivotant-pour-porte-velos-sur-boule-dattelage-spacemaker\/\"]}]},{\"@type\":\"ImageObject\",\"inLanguage\":\"de\",\"@id\":\"https:\/\/mecatek.eu\/produit\/bras-pivotant-pour-porte-velos-sur-boule-dattelage-spacemaker\/#primaryimage\",\"url\":\"https:\/\/mecatek.eu\/wp-content\/uploads\/2025\/12\/SpaceMaker-bras-pivotant.png\",\"contentUrl\":\"https:\/\/mecatek.eu\/wp-content\/uploads\/2025\/12\/SpaceMaker-bras-pivotant.png\",\"width\":800,\"height\":800,\"caption\":\"Bras pivotant pour porte-v\u00e9los sur boule d\u2019attelage SpaceMaker\"},{\"@type\":\"BreadcrumbList\",\"@id\":\"https:\/\/mecatek.eu\/produit\/bras-pivotant-pour-porte-velos-sur-boule-dattelage-spacemaker\/#breadcrumb\",\"itemListElement\":[{\"@type\":\"ListItem\",\"position\":1,\"name\":\"Accueil\",\"item\":\"https:\/\/mecatek.eu\/\"},{\"@type\":\"ListItem\",\"position\":2,\"name\":\"Catalogue\",\"item\":\"https:\/\/mecatek.eu\/catalogue\/\"},{\"@type\":\"ListItem\",\"position\":3,\"name\":\"Bras pivotant pour porte-v\u00e9los sur boule d\u2019attelage SpaceMaker\"}]},{\"@type\":\"WebSite\",\"@id\":\"https:\/\/mecatek.eu\/#website\",\"url\":\"https:\/\/mecatek.eu\/\",\"name\":\"Mecatek (ex-Sawiko France)\",\"description\":\"Fabricant d&#039;attelages pour camping-car et fourgon - Mecatek\",\"publisher\":{\"@id\":\"https:\/\/mecatek.eu\/#organization\"},\"potentialAction\":[{\"@type\":\"SearchAction\",\"target\":{\"@type\":\"EntryPoint\",\"urlTemplate\":\"https:\/\/mecatek.eu\/?s={search_term_string}\"},\"query-input\":{\"@type\":\"PropertyValueSpecification\",\"valueRequired\":true,\"valueName\":\"search_term_string\"}}],\"inLanguage\":\"de\"},{\"@type\":\"Organization\",\"@id\":\"https:\/\/mecatek.eu\/#organization\",\"name\":\"Mecatek (ex-Sawiko France)\",\"url\":\"https:\/\/mecatek.eu\/\",\"logo\":{\"@type\":\"ImageObject\",\"inLanguage\":\"de\",\"@id\":\"https:\/\/mecatek.eu\/#\/schema\/logo\/image\/\",\"url\":\"http:\/\/mecatek.eu\/wp-content\/uploads\/2026\/01\/Logo-Mecatek-Solutions-techniques-2025-300px.png\",\"contentUrl\":\"http:\/\/mecatek.eu\/wp-content\/uploads\/2026\/01\/Logo-Mecatek-Solutions-techniques-2025-300px.png\",\"width\":400,\"height\":94,\"caption\":\"Mecatek (ex-Sawiko France)\"},\"image\":{\"@id\":\"https:\/\/mecatek.eu\/#\/schema\/logo\/image\/\"}}]}<\/script>\n<!-- \/ Yoast SEO plugin. -->","yoast_head_json":{"title":"Schwenkarm f\u00fcr Fahrradtr\u00e4ger auf der SpaceMaker-Kugelkupplung - Mecatek (ehemals Sawiko Deutschland)","description":"Das leichte und gleichzeitig stabile SpaceMaker-System wird an der Kugel der Anh\u00e4ngerkupplung befestigt und erm\u00f6glicht die einfache Montage eines abnehmbaren Fahrradtr\u00e4gers. Er tr\u00e4gt bis zu 65 kg und bietet einen gro\u00dfen \u00d6ffnungswinkel f\u00fcr einen bequemen Zugang zum Fahrzeug, selbst mit zwei beladenen Fahrr\u00e4dern.","robots":{"index":"index","follow":"follow","max-snippet":"max-snippet:-1","max-image-preview":"max-image-preview:large","max-video-preview":"max-video-preview:-1"},"canonical":"https:\/\/mecatek.eu\/de\/produkt\/schwenkarm-fur-fahrradtrager-auf-datierungskugel-spacemaker\/","og_locale":"de_DE","og_type":"article","og_title":"Bras pivotant pour porte-v\u00e9los sur boule d\u2019attelage SpaceMaker - Mecatek (ex-Sawiko France)","og_description":"Le syst\u00e8me SpaceMaker, \u00e0 la fois l\u00e9ger et solide, se fixe sur la boule d\u2019attelage et permet d\u2019installer facilement un porte-v\u00e9los amovible. Il supporte jusqu\u2019\u00e0 65 kg et offre un large angle d\u2019ouverture pour un acc\u00e8s ais\u00e9 au v\u00e9hicule, m\u00eame avec deux v\u00e9los charg\u00e9s.","og_url":"https:\/\/mecatek.eu\/de\/produkt\/schwenkarm-fur-fahrradtrager-auf-datierungskugel-spacemaker\/","og_site_name":"Mecatek (ex-Sawiko France)","article_modified_time":"2026-03-19T14:41:28+00:00","og_image":[{"width":800,"height":800,"url":"http:\/\/mecatek.eu\/wp-content\/uploads\/2025\/12\/SpaceMaker-bras-pivotant.png","type":"image\/png"}],"twitter_card":"summary_large_image","schema":{"@context":"https:\/\/schema.org","@graph":[{"@type":"WebPage","@id":"https:\/\/mecatek.eu\/produit\/bras-pivotant-pour-porte-velos-sur-boule-dattelage-spacemaker\/","url":"https:\/\/mecatek.eu\/produit\/bras-pivotant-pour-porte-velos-sur-boule-dattelage-spacemaker\/","name":"Schwenkarm f\u00fcr Fahrradtr\u00e4ger auf der SpaceMaker-Kugelkupplung - Mecatek (ehemals Sawiko Deutschland)","isPartOf":{"@id":"https:\/\/mecatek.eu\/#website"},"primaryImageOfPage":{"@id":"https:\/\/mecatek.eu\/produit\/bras-pivotant-pour-porte-velos-sur-boule-dattelage-spacemaker\/#primaryimage"},"image":{"@id":"https:\/\/mecatek.eu\/produit\/bras-pivotant-pour-porte-velos-sur-boule-dattelage-spacemaker\/#primaryimage"},"thumbnailUrl":"https:\/\/mecatek.eu\/wp-content\/uploads\/2025\/12\/SpaceMaker-bras-pivotant.png","datePublished":"2026-03-19T14:00:09+00:00","dateModified":"2026-03-19T14:41:28+00:00","description":"Das leichte und gleichzeitig stabile SpaceMaker-System wird an der Kugel der Anh\u00e4ngerkupplung befestigt und erm\u00f6glicht die einfache Montage eines abnehmbaren Fahrradtr\u00e4gers. Er tr\u00e4gt bis zu 65 kg und bietet einen gro\u00dfen \u00d6ffnungswinkel f\u00fcr einen bequemen Zugang zum Fahrzeug, selbst mit zwei beladenen Fahrr\u00e4dern.","breadcrumb":{"@id":"https:\/\/mecatek.eu\/produit\/bras-pivotant-pour-porte-velos-sur-boule-dattelage-spacemaker\/#breadcrumb"},"inLanguage":"de","potentialAction":[{"@type":"ReadAction","target":["https:\/\/mecatek.eu\/produit\/bras-pivotant-pour-porte-velos-sur-boule-dattelage-spacemaker\/"]}]},{"@type":"ImageObject","inLanguage":"de","@id":"https:\/\/mecatek.eu\/produit\/bras-pivotant-pour-porte-velos-sur-boule-dattelage-spacemaker\/#primaryimage","url":"https:\/\/mecatek.eu\/wp-content\/uploads\/2025\/12\/SpaceMaker-bras-pivotant.png","contentUrl":"https:\/\/mecatek.eu\/wp-content\/uploads\/2025\/12\/SpaceMaker-bras-pivotant.png","width":800,"height":800,"caption":"Bras pivotant pour porte-v\u00e9los sur boule d\u2019attelage SpaceMaker"},{"@type":"BreadcrumbList","@id":"https:\/\/mecatek.eu\/produit\/bras-pivotant-pour-porte-velos-sur-boule-dattelage-spacemaker\/#breadcrumb","itemListElement":[{"@type":"ListItem","position":1,"name":"Accueil","item":"https:\/\/mecatek.eu\/"},{"@type":"ListItem","position":2,"name":"Catalogue","item":"https:\/\/mecatek.eu\/catalogue\/"},{"@type":"ListItem","position":3,"name":"Bras pivotant pour porte-v\u00e9los sur boule d\u2019attelage SpaceMaker"}]},{"@type":"WebSite","@id":"https:\/\/mecatek.eu\/#website","url":"https:\/\/mecatek.eu\/","name":"Mecatek (ehemals Sawiko Frankreich)","description":"Hersteller von Anh\u00e4ngerkupplungen f\u00fcr Wohnmobile und Lieferwagen - Mecatek","publisher":{"@id":"https:\/\/mecatek.eu\/#organization"},"potentialAction":[{"@type":"SearchAction","target":{"@type":"EntryPoint","urlTemplate":"https:\/\/mecatek.eu\/?s={search_term_string}"},"query-input":{"@type":"PropertyValueSpecification","valueRequired":true,"valueName":"search_term_string"}}],"inLanguage":"de"},{"@type":"Organization","@id":"https:\/\/mecatek.eu\/#organization","name":"Mecatek (ehemals Sawiko Frankreich)","url":"https:\/\/mecatek.eu\/","logo":{"@type":"ImageObject","inLanguage":"de","@id":"https:\/\/mecatek.eu\/#\/schema\/logo\/image\/","url":"http:\/\/mecatek.eu\/wp-content\/uploads\/2026\/01\/Logo-Mecatek-Solutions-techniques-2025-300px.png","contentUrl":"http:\/\/mecatek.eu\/wp-content\/uploads\/2026\/01\/Logo-Mecatek-Solutions-techniques-2025-300px.png","width":400,"height":94,"caption":"Mecatek (ex-Sawiko France)"},"image":{"@id":"https:\/\/mecatek.eu\/#\/schema\/logo\/image\/"}}]}},"_links":{"self":[{"href":"https:\/\/mecatek.eu\/de\/wp-json\/wp\/v2\/product\/1540","targetHints":{"allow":["GET"]}}],"collection":[{"href":"https:\/\/mecatek.eu\/de\/wp-json\/wp\/v2\/product"}],"about":[{"href":"https:\/\/mecatek.eu\/de\/wp-json\/wp\/v2\/types\/product"}],"replies":[{"embeddable":true,"href":"https:\/\/mecatek.eu\/de\/wp-json\/wp\/v2\/comments?post=1540"}],"version-history":[{"count":16,"href":"https:\/\/mecatek.eu\/de\/wp-json\/wp\/v2\/product\/1540\/revisions"}],"predecessor-version":[{"id":2859,"href":"https:\/\/mecatek.eu\/de\/wp-json\/wp\/v2\/product\/1540\/revisions\/2859"}],"wp:featuredmedia":[{"embeddable":true,"href":"https:\/\/mecatek.eu\/de\/wp-json\/wp\/v2\/media\/1544"}],"wp:attachment":[{"href":"https:\/\/mecatek.eu\/de\/wp-json\/wp\/v2\/media?parent=1540"}],"wp:term":[{"taxonomy":"product_brand","embeddable":true,"href":"https:\/\/mecatek.eu\/de\/wp-json\/wp\/v2\/product_brand?post=1540"},{"taxonomy":"product_cat","embeddable":true,"href":"https:\/\/mecatek.eu\/de\/wp-json\/wp\/v2\/product_cat?post=1540"},{"taxonomy":"product_tag","embeddable":true,"href":"https:\/\/mecatek.eu\/de\/wp-json\/wp\/v2\/product_tag?post=1540"}],"curies":[{"name":"wp","href":"https:\/\/api.w.org\/{rel}","templated":true}]}}