{"id":1513,"date":"2025-12-15T14:14:17","date_gmt":"2025-12-15T13:14:17","guid":{"rendered":"https:\/\/mecatek.eu\/?post_type=product&#038;p=1513"},"modified":"2026-01-30T14:01:25","modified_gmt":"2026-01-30T13:01:25","slug":"anhangerkupplung-fur-kastenwagen-mit-kabinenboden","status":"publish","type":"product","link":"https:\/\/mecatek.eu\/de\/produkt\/anhangerkupplung-fur-kastenwagen-mit-kabinenboden\/","title":{"rendered":"Anh\u00e4ngerkupplung f\u00fcr Kastenwagen Version Kabinenboden"},"content":{"rendered":"<div data-elementor-type=\"product-post\" data-elementor-id=\"1513\" class=\"elementor elementor-1513\" data-elementor-post-type=\"product\">\n\t\t\t\t<div class=\"elementor-element elementor-element-599cf7cd e-flex e-con-boxed e-con e-parent\" data-id=\"599cf7cd\" data-element_type=\"container\" data-e-type=\"container\">\n\t\t\t\t\t<div class=\"e-con-inner\">\n\t\t<div class=\"elementor-element elementor-element-ea51c49 e-con-full e-flex e-con e-child\" data-id=\"ea51c49\" data-element_type=\"container\" data-e-type=\"container\">\n\t\t<div class=\"elementor-element elementor-element-6381e05 e-con-full e-flex e-con e-child\" data-id=\"6381e05\" data-element_type=\"container\" data-e-type=\"container\">\n\t\t\t\t<div class=\"elementor-element elementor-element-c08e1a9 elementor-widget elementor-widget-text-editor\" data-id=\"c08e1a9\" data-element_type=\"widget\" data-e-type=\"widget\" data-widget_type=\"text-editor.default\">\n\t\t\t\t\t\t\t\t\t<h2>Anh\u00e4ngerkupplung f\u00fcr<span style=\"color: #0079b3;\"> Renault Master 4 XDD \/ Nissan Interstar III <\/span>in der Version mit Kabinenboden<\/h2>\t\t\t\t\t\t\t\t<\/div>\n\t\t\t\t<div class=\"elementor-element elementor-element-0ff0df5 elementor-widget elementor-widget-text-editor\" data-id=\"0ff0df5\" data-element_type=\"widget\" data-e-type=\"widget\" data-widget_type=\"text-editor.default\">\n\t\t\t\t\t\t\t\t\t<h3>Die Vorteile eines modularen Systems :<\/h3><ul><li>\u00a0Modulares Design: Die Anh\u00e4ngerkupplung ist so konzipiert, dass sie in verschiedenen L\u00e4ngen angepasst oder konfiguriert werden kann, um den spezifischen Anforderungen bei der Herstellung eines Fahrzeugs gerecht zu werden.<\/li><li>\u00a0Zugelassene Anh\u00e4ngerkupplung<\/li><li>\u00a0M\u00f6glichkeit, eine Pommier- oder Traxion-Mixed-Gabelkopfkugel oder eine abnehmbare Rockinger-Kugelschnittstelle zu montieren<\/li><li>\u00a0Montage einer in der Genehmigung vorgesehenen Trittstufe mit einer 10 mm dicken Platte hinter der Kupplungskugel<\/li><\/ul><h3>Mehrere m\u00f6gliche Konfigurationen :<\/h3><p><strong>Minimale und maximale L\u00e4ngen in der oberen Position :<\/strong><\/p><p><img fetchpriority=\"high\" decoding=\"async\" class=\"alignnone wp-image-1520 size-full\" src=\"http:\/\/mecatek.eu\/wp-content\/uploads\/2025\/12\/longueurs-mini-maxi-position-haute_600x138px.jpg\" alt=\"Verl\u00e4ngerungen f\u00fcr Anh\u00e4ngerkupplung Renault Master 4 XDD in hoher Position\" width=\"600\" height=\"138\" srcset=\"https:\/\/mecatek.eu\/wp-content\/uploads\/2025\/12\/longueurs-mini-maxi-position-haute_600x138px.jpg 600w, https:\/\/mecatek.eu\/wp-content\/uploads\/2025\/12\/longueurs-mini-maxi-position-haute_600x138px-500x115.jpg 500w, https:\/\/mecatek.eu\/wp-content\/uploads\/2025\/12\/longueurs-mini-maxi-position-haute_600x138px-300x69.jpg 300w\" sizes=\"(max-width: 600px) 100vw, 600px\" \/><\/p><p><strong>Minimale und maximale L\u00e4ngen in der unteren Position :<\/strong><\/p><p><img decoding=\"async\" class=\"alignnone wp-image-1519 size-full\" src=\"http:\/\/mecatek.eu\/wp-content\/uploads\/2025\/12\/longueurs-mini-maxi-position-basse_600x138px.jpg\" alt=\"Verl\u00e4ngerungen f\u00fcr Anh\u00e4ngerkupplung Renault Master 4 XDD in niedriger Position\" width=\"600\" height=\"138\" srcset=\"https:\/\/mecatek.eu\/wp-content\/uploads\/2025\/12\/longueurs-mini-maxi-position-basse_600x138px.jpg 600w, https:\/\/mecatek.eu\/wp-content\/uploads\/2025\/12\/longueurs-mini-maxi-position-basse_600x138px-500x115.jpg 500w, https:\/\/mecatek.eu\/wp-content\/uploads\/2025\/12\/longueurs-mini-maxi-position-basse_600x138px-300x69.jpg 300w\" sizes=\"(max-width: 600px) 100vw, 600px\" \/><\/p>\t\t\t\t\t\t\t\t<\/div>\n\t\t\t\t<\/div>\n\t\t<div class=\"elementor-element elementor-element-b9542ae e-con-full e-flex e-con e-child\" data-id=\"b9542ae\" data-element_type=\"container\" data-e-type=\"container\" data-settings=\"{&quot;background_background&quot;:&quot;classic&quot;}\">\n\t\t\t\t<div class=\"elementor-element elementor-element-16d5254 elementor-widget elementor-widget-image\" data-id=\"16d5254\" data-element_type=\"widget\" data-e-type=\"widget\" data-widget_type=\"image.default\">\n\t\t\t\t\t\t\t\t\t\t\t\t\t\t\t<img decoding=\"async\" width=\"400\" height=\"200\" src=\"https:\/\/mecatek.eu\/wp-content\/uploads\/2025\/12\/Logo-Marque-MCK-Solutions-Attelage.png\" class=\"attachment-full size-full wp-image-989\" alt=\"Logo MCK Kupplungsl\u00f6sungen\" \/>\t\t\t\t\t\t\t\t\t\t\t\t\t\t\t<\/div>\n\t\t\t\t<div class=\"elementor-element elementor-element-73cfe5b elementor-widget elementor-widget-text-editor\" data-id=\"73cfe5b\" data-element_type=\"widget\" data-e-type=\"widget\" data-widget_type=\"text-editor.default\">\n\t\t\t\t\t\t\t\t\t<p><strong>Fahrzeuge com<\/strong><strong>geduldig :<\/strong><\/p><ul><li>Renault Master 4 XDD<\/li><li>Nissan Interstar III<\/li><\/ul><p>Andere Chassis :<\/p><ul><li>Fiat Ducato<\/li><li>Mercedes Sprinter (demn\u00e4chst)<\/li><li>VW Crafter (kommt noch)<\/li><li>MAN TGE (kommt noch)<\/li><\/ul><p>Nur Version mit Kabinenboden<\/p>\t\t\t\t\t\t\t\t<\/div>\n\t\t\t\t<div class=\"elementor-element elementor-element-c3b2951 elementor-widget elementor-widget-gallery\" data-id=\"c3b2951\" data-element_type=\"widget\" data-e-type=\"widget\" data-settings=\"{&quot;columns&quot;:2,&quot;columns_mobile&quot;:2,&quot;gap&quot;:{&quot;unit&quot;:&quot;px&quot;,&quot;size&quot;:5,&quot;sizes&quot;:[]},&quot;image_hover_animation&quot;:&quot;grow&quot;,&quot;lazyload&quot;:&quot;yes&quot;,&quot;gallery_layout&quot;:&quot;grid&quot;,&quot;columns_tablet&quot;:2,&quot;gap_tablet&quot;:{&quot;unit&quot;:&quot;px&quot;,&quot;size&quot;:10,&quot;sizes&quot;:[]},&quot;gap_mobile&quot;:{&quot;unit&quot;:&quot;px&quot;,&quot;size&quot;:10,&quot;sizes&quot;:[]},&quot;aspect_ratio&quot;:&quot;3:2&quot;,&quot;content_hover_animation&quot;:&quot;fade-in&quot;}\" data-widget_type=\"gallery.default\">\n\t\t\t\t\t\t\t<div class=\"elementor-gallery__container\">\n\t\t\t\t\t\t\t<div class=\"e-gallery-item elementor-gallery-item elementor-animated-content\">\n\t\t\t\t\t<div class=\"e-gallery-image elementor-gallery-item__image\" data-thumbnail=\"https:\/\/mecatek.eu\/wp-content\/uploads\/2025\/11\/logo-renault.jpg\" data-width=\"300\" data-height=\"200\" aria-label=\"Renault-Logo\" role=\"img\" ><\/div>\n\t\t\t\t\t\t\t\t\t\t\t\t\t\t<\/div>\n\t\t\t\t\t\t\t<div class=\"e-gallery-item elementor-gallery-item elementor-animated-content\">\n\t\t\t\t\t<div class=\"e-gallery-image elementor-gallery-item__image\" data-thumbnail=\"https:\/\/mecatek.eu\/wp-content\/uploads\/2025\/11\/logo-nissan.jpg\" data-width=\"300\" data-height=\"200\" aria-label=\"Nissan-Logo\" role=\"img\" ><\/div>\n\t\t\t\t\t\t\t\t\t\t\t\t\t\t<\/div>\n\t\t\t\t\t\t\t<div class=\"e-gallery-item elementor-gallery-item elementor-animated-content\">\n\t\t\t\t\t<div class=\"e-gallery-image elementor-gallery-item__image\" data-thumbnail=\"https:\/\/mecatek.eu\/wp-content\/uploads\/2025\/11\/logo-fiat.jpg\" data-width=\"300\" data-height=\"200\" aria-label=\"Fiat-Logo\" role=\"img\" ><\/div>\n\t\t\t\t\t\t\t\t\t\t\t\t\t\t<\/div>\n\t\t\t\t\t\t\t<div class=\"e-gallery-item elementor-gallery-item elementor-animated-content\">\n\t\t\t\t\t<div class=\"e-gallery-image elementor-gallery-item__image\" data-thumbnail=\"https:\/\/mecatek.eu\/wp-content\/uploads\/2025\/11\/logo-mercedes.jpg\" data-width=\"300\" data-height=\"200\" aria-label=\"Mercedes-Logo\" role=\"img\" ><\/div>\n\t\t\t\t\t\t\t\t\t\t\t\t\t\t<\/div>\n\t\t\t\t\t\t\t<div class=\"e-gallery-item elementor-gallery-item elementor-animated-content\">\n\t\t\t\t\t<div class=\"e-gallery-image elementor-gallery-item__image\" data-thumbnail=\"https:\/\/mecatek.eu\/wp-content\/uploads\/2025\/11\/logo-man.jpg\" data-width=\"300\" data-height=\"200\" aria-label=\"MAN-Logo\" role=\"img\" ><\/div>\n\t\t\t\t\t\t\t\t\t\t\t\t\t\t<\/div>\n\t\t\t\t\t\t\t<div class=\"e-gallery-item elementor-gallery-item elementor-animated-content\">\n\t\t\t\t\t<div class=\"e-gallery-image elementor-gallery-item__image\" data-thumbnail=\"https:\/\/mecatek.eu\/wp-content\/uploads\/2025\/11\/logo-vw.jpg\" data-width=\"300\" data-height=\"200\" aria-label=\"VW-Logo\" role=\"img\" ><\/div>\n\t\t\t\t\t\t\t\t\t\t\t\t\t\t<\/div>\n\t\t\t\t\t<\/div>\n\t\t\t\t\t<\/div>\n\t\t\t\t<\/div>\n\t\t\t\t<\/div>\n\t\t\t\t\t<\/div>\n\t\t\t\t<\/div>\n\t\t\t\t<\/div>","protected":false},"excerpt":{"rendered":"<p>Mecatek, ehemals Sawiko France, bringt auf dem Markt f\u00fcr Freizeitfahrzeuge eine neue Anh\u00e4ngerkupplung f\u00fcr Renault Master 4 XDD Kastenwagen in der Version mit Kabinenboden auf den Markt, deren L\u00e4nge und Position an den \u00dcberhang des Fahrzeugs angepasst werden kann.<\/p>\n<p>Versionen f\u00fcr andere Fahrgestelle von Lieferwagen sind erh\u00e4ltlich.<\/p>","protected":false},"featured_media":1514,"comment_status":"closed","ping_status":"closed","template":"","meta":[],"product_brand":[63],"product_cat":[83,71],"product_tag":[],"class_list":{"0":"post-1513","1":"product","2":"type-product","3":"status-publish","4":"has-post-thumbnail","6":"product_brand-mck","7":"product_cat-attache-remorques-pour-vehicules-industriels","8":"product_cat-attache-remorques-fourgon","10":"first","11":"instock","12":"shipping-taxable","13":"product-type-simple"},"yoast_head":"<!-- This site is optimized with the Yoast SEO plugin v26.9 - https:\/\/yoast.com\/product\/yoast-seo-wordpress\/ -->\n<title>Attache-remorque pour fourgon version plancher cabine - Mecatek (ex-Sawiko France)<\/title>\n<meta name=\"description\" content=\"D\u00e9couvrez l&#039;attache-remorque Mecatek, Anciennement Sawiko France, pour Renault Master 4 XDD : ajustable en longueur et en hauteur selon le porte-\u00e0-faux du fourgon. Autres ch\u00e2ssis disponibles !\" \/>\n<meta name=\"robots\" content=\"index, follow, max-snippet:-1, max-image-preview:large, max-video-preview:-1\" \/>\n<link rel=\"canonical\" href=\"https:\/\/mecatek.eu\/de\/produkt\/anhangerkupplung-fur-kastenwagen-mit-kabinenboden\/\" \/>\n<meta property=\"og:locale\" content=\"de_DE\" \/>\n<meta property=\"og:type\" content=\"article\" \/>\n<meta property=\"og:title\" content=\"Attache-remorque pour fourgon version plancher cabine - Mecatek (ex-Sawiko France)\" \/>\n<meta property=\"og:description\" content=\"D\u00e9couvrez l&#039;attache-remorque Mecatek, Anciennement Sawiko France, pour Renault Master 4 XDD : ajustable en longueur et en hauteur selon le porte-\u00e0-faux du fourgon. Autres ch\u00e2ssis disponibles !\" \/>\n<meta property=\"og:url\" content=\"https:\/\/mecatek.eu\/de\/produkt\/anhangerkupplung-fur-kastenwagen-mit-kabinenboden\/\" \/>\n<meta property=\"og:site_name\" content=\"Mecatek (ex-Sawiko France)\" \/>\n<meta property=\"article:modified_time\" content=\"2026-01-30T13:01:25+00:00\" \/>\n<meta property=\"og:image\" content=\"http:\/\/mecatek.eu\/wp-content\/uploads\/2025\/12\/Attache-remorque_AR-2873_Boule-attelage_ST50-500.png\" \/>\n\t<meta property=\"og:image:width\" content=\"800\" \/>\n\t<meta property=\"og:image:height\" content=\"800\" \/>\n\t<meta property=\"og:image:type\" content=\"image\/png\" \/>\n<meta name=\"twitter:card\" content=\"summary_large_image\" \/>\n<script type=\"application\/ld+json\" class=\"yoast-schema-graph\">{\"@context\":\"https:\/\/schema.org\",\"@graph\":[{\"@type\":\"WebPage\",\"@id\":\"https:\/\/mecatek.eu\/produit\/attache-remorque-pour-fourgon-version-plancher-cabine\/\",\"url\":\"https:\/\/mecatek.eu\/produit\/attache-remorque-pour-fourgon-version-plancher-cabine\/\",\"name\":\"Attache-remorque pour fourgon version plancher cabine - Mecatek (ex-Sawiko France)\",\"isPartOf\":{\"@id\":\"https:\/\/mecatek.eu\/#website\"},\"primaryImageOfPage\":{\"@id\":\"https:\/\/mecatek.eu\/produit\/attache-remorque-pour-fourgon-version-plancher-cabine\/#primaryimage\"},\"image\":{\"@id\":\"https:\/\/mecatek.eu\/produit\/attache-remorque-pour-fourgon-version-plancher-cabine\/#primaryimage\"},\"thumbnailUrl\":\"https:\/\/mecatek.eu\/wp-content\/uploads\/2025\/12\/Attache-remorque_AR-2873_Boule-attelage_ST50-500.png\",\"datePublished\":\"2025-12-15T13:14:17+00:00\",\"dateModified\":\"2026-01-30T13:01:25+00:00\",\"description\":\"D\u00e9couvrez l'attache-remorque Mecatek, Anciennement Sawiko France, pour Renault Master 4 XDD : ajustable en longueur et en hauteur selon le porte-\u00e0-faux du fourgon. Autres ch\u00e2ssis disponibles !\",\"breadcrumb\":{\"@id\":\"https:\/\/mecatek.eu\/produit\/attache-remorque-pour-fourgon-version-plancher-cabine\/#breadcrumb\"},\"inLanguage\":\"de\",\"potentialAction\":[{\"@type\":\"ReadAction\",\"target\":[\"https:\/\/mecatek.eu\/produit\/attache-remorque-pour-fourgon-version-plancher-cabine\/\"]}]},{\"@type\":\"ImageObject\",\"inLanguage\":\"de\",\"@id\":\"https:\/\/mecatek.eu\/produit\/attache-remorque-pour-fourgon-version-plancher-cabine\/#primaryimage\",\"url\":\"https:\/\/mecatek.eu\/wp-content\/uploads\/2025\/12\/Attache-remorque_AR-2873_Boule-attelage_ST50-500.png\",\"contentUrl\":\"https:\/\/mecatek.eu\/wp-content\/uploads\/2025\/12\/Attache-remorque_AR-2873_Boule-attelage_ST50-500.png\",\"width\":800,\"height\":800,\"caption\":\"Attache-remorque avec boule d'attelage ST50-500\"},{\"@type\":\"BreadcrumbList\",\"@id\":\"https:\/\/mecatek.eu\/produit\/attache-remorque-pour-fourgon-version-plancher-cabine\/#breadcrumb\",\"itemListElement\":[{\"@type\":\"ListItem\",\"position\":1,\"name\":\"Accueil\",\"item\":\"https:\/\/mecatek.eu\/\"},{\"@type\":\"ListItem\",\"position\":2,\"name\":\"Catalogue\",\"item\":\"https:\/\/mecatek.eu\/catalogue\/\"},{\"@type\":\"ListItem\",\"position\":3,\"name\":\"Attache-remorque pour fourgon version plancher cabine\"}]},{\"@type\":\"WebSite\",\"@id\":\"https:\/\/mecatek.eu\/#website\",\"url\":\"https:\/\/mecatek.eu\/\",\"name\":\"Mecatek (ex-Sawiko France)\",\"description\":\"Fabricant d&#039;attelages pour camping-car et fourgon - Mecatek\",\"publisher\":{\"@id\":\"https:\/\/mecatek.eu\/#organization\"},\"potentialAction\":[{\"@type\":\"SearchAction\",\"target\":{\"@type\":\"EntryPoint\",\"urlTemplate\":\"https:\/\/mecatek.eu\/?s={search_term_string}\"},\"query-input\":{\"@type\":\"PropertyValueSpecification\",\"valueRequired\":true,\"valueName\":\"search_term_string\"}}],\"inLanguage\":\"de\"},{\"@type\":\"Organization\",\"@id\":\"https:\/\/mecatek.eu\/#organization\",\"name\":\"Mecatek (ex-Sawiko France)\",\"url\":\"https:\/\/mecatek.eu\/\",\"logo\":{\"@type\":\"ImageObject\",\"inLanguage\":\"de\",\"@id\":\"https:\/\/mecatek.eu\/#\/schema\/logo\/image\/\",\"url\":\"http:\/\/mecatek.eu\/wp-content\/uploads\/2026\/01\/Logo-Mecatek-Solutions-techniques-2025-300px.png\",\"contentUrl\":\"http:\/\/mecatek.eu\/wp-content\/uploads\/2026\/01\/Logo-Mecatek-Solutions-techniques-2025-300px.png\",\"width\":400,\"height\":94,\"caption\":\"Mecatek (ex-Sawiko France)\"},\"image\":{\"@id\":\"https:\/\/mecatek.eu\/#\/schema\/logo\/image\/\"}}]}<\/script>\n<!-- \/ Yoast SEO plugin. -->","yoast_head_json":{"title":"Anh\u00e4ngerkupplung f\u00fcr Kastenwagen mit Kabinenboden - Mecatek (ehemals Sawiko Deutschland)","description":"Entdecken Sie die Anh\u00e4ngerkupplung von Mecatek, ehemals Sawiko France, f\u00fcr den Renault Master 4 XDD: In L\u00e4nge und H\u00f6he verstellbar, je nach \u00dcberhang des Lieferwagens. Andere Fahrgestelle verf\u00fcgbar!","robots":{"index":"index","follow":"follow","max-snippet":"max-snippet:-1","max-image-preview":"max-image-preview:large","max-video-preview":"max-video-preview:-1"},"canonical":"https:\/\/mecatek.eu\/de\/produkt\/anhangerkupplung-fur-kastenwagen-mit-kabinenboden\/","og_locale":"de_DE","og_type":"article","og_title":"Attache-remorque pour fourgon version plancher cabine - Mecatek (ex-Sawiko France)","og_description":"D\u00e9couvrez l'attache-remorque Mecatek, Anciennement Sawiko France, pour Renault Master 4 XDD : ajustable en longueur et en hauteur selon le porte-\u00e0-faux du fourgon. Autres ch\u00e2ssis disponibles !","og_url":"https:\/\/mecatek.eu\/de\/produkt\/anhangerkupplung-fur-kastenwagen-mit-kabinenboden\/","og_site_name":"Mecatek (ex-Sawiko France)","article_modified_time":"2026-01-30T13:01:25+00:00","og_image":[{"width":800,"height":800,"url":"http:\/\/mecatek.eu\/wp-content\/uploads\/2025\/12\/Attache-remorque_AR-2873_Boule-attelage_ST50-500.png","type":"image\/png"}],"twitter_card":"summary_large_image","schema":{"@context":"https:\/\/schema.org","@graph":[{"@type":"WebPage","@id":"https:\/\/mecatek.eu\/produit\/attache-remorque-pour-fourgon-version-plancher-cabine\/","url":"https:\/\/mecatek.eu\/produit\/attache-remorque-pour-fourgon-version-plancher-cabine\/","name":"Anh\u00e4ngerkupplung f\u00fcr Kastenwagen mit Kabinenboden - Mecatek (ehemals Sawiko Deutschland)","isPartOf":{"@id":"https:\/\/mecatek.eu\/#website"},"primaryImageOfPage":{"@id":"https:\/\/mecatek.eu\/produit\/attache-remorque-pour-fourgon-version-plancher-cabine\/#primaryimage"},"image":{"@id":"https:\/\/mecatek.eu\/produit\/attache-remorque-pour-fourgon-version-plancher-cabine\/#primaryimage"},"thumbnailUrl":"https:\/\/mecatek.eu\/wp-content\/uploads\/2025\/12\/Attache-remorque_AR-2873_Boule-attelage_ST50-500.png","datePublished":"2025-12-15T13:14:17+00:00","dateModified":"2026-01-30T13:01:25+00:00","description":"Entdecken Sie die Anh\u00e4ngerkupplung von Mecatek, ehemals Sawiko France, f\u00fcr den Renault Master 4 XDD: In L\u00e4nge und H\u00f6he verstellbar, je nach \u00dcberhang des Lieferwagens. Andere Fahrgestelle verf\u00fcgbar!","breadcrumb":{"@id":"https:\/\/mecatek.eu\/produit\/attache-remorque-pour-fourgon-version-plancher-cabine\/#breadcrumb"},"inLanguage":"de","potentialAction":[{"@type":"ReadAction","target":["https:\/\/mecatek.eu\/produit\/attache-remorque-pour-fourgon-version-plancher-cabine\/"]}]},{"@type":"ImageObject","inLanguage":"de","@id":"https:\/\/mecatek.eu\/produit\/attache-remorque-pour-fourgon-version-plancher-cabine\/#primaryimage","url":"https:\/\/mecatek.eu\/wp-content\/uploads\/2025\/12\/Attache-remorque_AR-2873_Boule-attelage_ST50-500.png","contentUrl":"https:\/\/mecatek.eu\/wp-content\/uploads\/2025\/12\/Attache-remorque_AR-2873_Boule-attelage_ST50-500.png","width":800,"height":800,"caption":"Attache-remorque avec boule d'attelage ST50-500"},{"@type":"BreadcrumbList","@id":"https:\/\/mecatek.eu\/produit\/attache-remorque-pour-fourgon-version-plancher-cabine\/#breadcrumb","itemListElement":[{"@type":"ListItem","position":1,"name":"Accueil","item":"https:\/\/mecatek.eu\/"},{"@type":"ListItem","position":2,"name":"Catalogue","item":"https:\/\/mecatek.eu\/catalogue\/"},{"@type":"ListItem","position":3,"name":"Attache-remorque pour fourgon version plancher cabine"}]},{"@type":"WebSite","@id":"https:\/\/mecatek.eu\/#website","url":"https:\/\/mecatek.eu\/","name":"Mecatek (ehemals Sawiko Frankreich)","description":"Hersteller von Anh\u00e4ngerkupplungen f\u00fcr Wohnmobile und Lieferwagen - Mecatek","publisher":{"@id":"https:\/\/mecatek.eu\/#organization"},"potentialAction":[{"@type":"SearchAction","target":{"@type":"EntryPoint","urlTemplate":"https:\/\/mecatek.eu\/?s={search_term_string}"},"query-input":{"@type":"PropertyValueSpecification","valueRequired":true,"valueName":"search_term_string"}}],"inLanguage":"de"},{"@type":"Organization","@id":"https:\/\/mecatek.eu\/#organization","name":"Mecatek (ehemals Sawiko Frankreich)","url":"https:\/\/mecatek.eu\/","logo":{"@type":"ImageObject","inLanguage":"de","@id":"https:\/\/mecatek.eu\/#\/schema\/logo\/image\/","url":"http:\/\/mecatek.eu\/wp-content\/uploads\/2026\/01\/Logo-Mecatek-Solutions-techniques-2025-300px.png","contentUrl":"http:\/\/mecatek.eu\/wp-content\/uploads\/2026\/01\/Logo-Mecatek-Solutions-techniques-2025-300px.png","width":400,"height":94,"caption":"Mecatek (ex-Sawiko France)"},"image":{"@id":"https:\/\/mecatek.eu\/#\/schema\/logo\/image\/"}}]}},"_links":{"self":[{"href":"https:\/\/mecatek.eu\/de\/wp-json\/wp\/v2\/product\/1513","targetHints":{"allow":["GET"]}}],"collection":[{"href":"https:\/\/mecatek.eu\/de\/wp-json\/wp\/v2\/product"}],"about":[{"href":"https:\/\/mecatek.eu\/de\/wp-json\/wp\/v2\/types\/product"}],"replies":[{"embeddable":true,"href":"https:\/\/mecatek.eu\/de\/wp-json\/wp\/v2\/comments?post=1513"}],"version-history":[{"count":7,"href":"https:\/\/mecatek.eu\/de\/wp-json\/wp\/v2\/product\/1513\/revisions"}],"predecessor-version":[{"id":2743,"href":"https:\/\/mecatek.eu\/de\/wp-json\/wp\/v2\/product\/1513\/revisions\/2743"}],"wp:featuredmedia":[{"embeddable":true,"href":"https:\/\/mecatek.eu\/de\/wp-json\/wp\/v2\/media\/1514"}],"wp:attachment":[{"href":"https:\/\/mecatek.eu\/de\/wp-json\/wp\/v2\/media?parent=1513"}],"wp:term":[{"taxonomy":"product_brand","embeddable":true,"href":"https:\/\/mecatek.eu\/de\/wp-json\/wp\/v2\/product_brand?post=1513"},{"taxonomy":"product_cat","embeddable":true,"href":"https:\/\/mecatek.eu\/de\/wp-json\/wp\/v2\/product_cat?post=1513"},{"taxonomy":"product_tag","embeddable":true,"href":"https:\/\/mecatek.eu\/de\/wp-json\/wp\/v2\/product_tag?post=1513"}],"curies":[{"name":"wp","href":"https:\/\/api.w.org\/{rel}","templated":true}]}}