{"id":1402,"date":"2025-11-12T14:22:04","date_gmt":"2025-11-12T13:22:04","guid":{"rendered":"https:\/\/mecatek.eu\/?post_type=product&#038;p=1402"},"modified":"2026-01-22T18:08:24","modified_gmt":"2026-01-22T17:08:24","slug":"kaleo-ladesystem","status":"publish","type":"product","link":"https:\/\/mecatek.eu\/de\/produkt\/kaleo-ladesystem\/","title":{"rendered":"Kaleo-Ladesystem"},"content":{"rendered":"<div data-elementor-type=\"product-post\" data-elementor-id=\"1402\" class=\"elementor elementor-1402\" data-elementor-post-type=\"product\">\n\t\t\t\t<div class=\"elementor-element elementor-element-3c16d169 e-flex e-con-boxed e-con e-parent\" data-id=\"3c16d169\" data-element_type=\"container\" data-e-type=\"container\">\n\t\t\t\t\t<div class=\"e-con-inner\">\n\t\t<div class=\"elementor-element elementor-element-ea115e5 e-con-full e-flex e-con e-child\" data-id=\"ea115e5\" data-element_type=\"container\" data-e-type=\"container\">\n\t\t<div class=\"elementor-element elementor-element-4fa3874 e-con-full e-flex e-con e-child\" data-id=\"4fa3874\" data-element_type=\"container\" data-e-type=\"container\">\n\t\t\t\t<div class=\"elementor-element elementor-element-2576070 elementor-widget elementor-widget-text-editor\" data-id=\"2576070\" data-element_type=\"widget\" data-e-type=\"widget\" data-widget_type=\"text-editor.default\">\n\t\t\t\t\t\t\t\t\t<h2>Ladesystem <span style=\"color: #0079b3;\">Kaleo<\/span><\/h2>\t\t\t\t\t\t\t\t<\/div>\n\t\t\t\t<div class=\"elementor-element elementor-element-339325f elementor-widget elementor-widget-video\" data-id=\"339325f\" data-element_type=\"widget\" data-e-type=\"widget\" data-settings=\"{&quot;youtube_url&quot;:&quot;https:\\\/\\\/youtu.be\\\/jtIGezlp-64&quot;,&quot;video_type&quot;:&quot;youtube&quot;,&quot;controls&quot;:&quot;yes&quot;}\" data-widget_type=\"video.default\">\n\t\t\t\t\t\t\t<div class=\"elementor-wrapper elementor-open-inline\">\n\t\t\t<div class=\"elementor-video\"><\/div>\t\t<\/div>\n\t\t\t\t\t\t<\/div>\n\t\t\t\t<div class=\"elementor-element elementor-element-75cc503 elementor-widget elementor-widget-text-editor\" data-id=\"75cc503\" data-element_type=\"widget\" data-e-type=\"widget\" data-widget_type=\"text-editor.default\">\n\t\t\t\t\t\t\t\t\t<p>Ihr Motorrad oder Roller wird einfach und effizient in das Innere Ihres Laderaums geschoben und ist nach dem Beladen absolut sicher. Au\u00dferdem wird die elektrische Winde Sie unterst\u00fctzen, sodass Sie keine gro\u00dfen Anstrengungen unternehmen m\u00fcssen.<\/p><p>Die Laderampe kann bis zu 250 kg tragen, die Belastungsgrenze wird also von den Ladekapazit\u00e4ten Ihres Frachtraums bestimmt.<\/p><p>Die Verwendung dieses Systems ist nicht auf den Laderaum von Wohnmobilen beschr\u00e4nkt, es kann z. B. auch in Kleintransportern oder Anh\u00e4ngern installiert werden.<\/p><p><strong>Existiert in :<\/strong><\/p><ul><li>1 Motorrad<\/li><\/ul><p align=\"justify\"><strong>Zusammensetzung \/ Geliefert mit :<\/strong><\/p><ul><li>Elektrische Seilwinde mit Fernbedienung f\u00fcr einfaches, m\u00fcheloses Beladen<\/li><li>Gebogene Rampe, die aus mehreren Teilen besteht, um ihre Aufbewahrung zu optimieren<\/li><li>Universalrampe, die an verschiedene Ladeh\u00f6hen angepasst werden kann<\/li><li>Praktischer und sicherer \u00abWipp\u00bb-Radblockierwagen, der das Rad perfekt festh\u00e4lt<\/li><li>Hinterradblocker<\/li><li>Feste Reichweitenschiene f\u00fcr den Frachtraum<\/li><li>Gurte<\/li><\/ul><p><span style=\"color: #ff0000;\">Achtung, Sie m\u00fcssen sich vergewissern, dass Ihr Fahrzeug f\u00fcr die Aufnahme dieses Systems ausger\u00fcstet ist (Abmessungen des Laderaums, zul\u00e4ssiges Gewicht, Stecker...), aber auch, dass Ihr Motorrad\/Scooter den Eigenschaften des Produkts entspricht (Reifenbreite max. 195 mm). Beraten Sie sich mit uns!<\/span><\/p><p><span style=\"color: #ff0000;\">Das Gewicht eines Kaleo-Sets betr\u00e4gt etwa 70 kg. Achten Sie darauf, dass Sie dieses Gewicht von der Nutzlast Ihres Frachtraums abziehen.<\/span><\/p>\t\t\t\t\t\t\t\t<\/div>\n\t\t\t\t<\/div>\n\t\t<div class=\"elementor-element elementor-element-f6a8c34 e-con-full e-flex e-con e-child\" data-id=\"f6a8c34\" data-element_type=\"container\" data-e-type=\"container\" data-settings=\"{&quot;background_background&quot;:&quot;classic&quot;}\">\n\t\t\t\t<div class=\"elementor-element elementor-element-e74f2cc elementor-widget elementor-widget-image\" data-id=\"e74f2cc\" data-element_type=\"widget\" data-e-type=\"widget\" data-widget_type=\"image.default\">\n\t\t\t\t\t\t\t\t\t\t\t\t\t\t\t<img fetchpriority=\"high\" decoding=\"async\" width=\"400\" height=\"200\" src=\"https:\/\/mecatek.eu\/wp-content\/uploads\/2025\/11\/Logo-systeme-chargement.png\" class=\"attachment-full size-full wp-image-1072\" alt=\"\" \/>\t\t\t\t\t\t\t\t\t\t\t\t\t\t\t<\/div>\n\t\t\t\t<div class=\"elementor-element elementor-element-b33e534 elementor-widget elementor-widget-text-editor\" data-id=\"b33e534\" data-element_type=\"widget\" data-e-type=\"widget\" data-widget_type=\"text-editor.default\">\n\t\t\t\t\t\t\t\t\t<p><strong>Technische Daten :<br \/><\/strong>Leergewicht: 70 kg<br \/>Nutzlast: 250 kg<br \/>Max. Breite der Reifen: 195 mm<\/p>\t\t\t\t\t\t\t\t<\/div>\n\t\t\t\t<\/div>\n\t\t\t\t<\/div>\n\t\t\t\t\t<\/div>\n\t\t\t\t<\/div>\n\t\t\t\t<\/div>","protected":false},"excerpt":{"rendered":"<p>Das Kaleo-System erleichtert das Verladen und den sicheren Transport Ihres Motorrads oder Rollers in den Laderaum Ihres Wohnmobils, in Ihren Kastenwagen oder in einen Anh\u00e4nger. Dank seiner Rampe und seiner elektrischen Winde bewegt es Ihr Zweirad leicht und ohne gro\u00dfen Kraftaufwand Ihrerseits, bis zu 350 kg, innerhalb der Grenzen der Tragf\u00e4higkeit des Fahrzeugs.<\/p>","protected":false},"featured_media":1404,"comment_status":"closed","ping_status":"closed","template":"","meta":[],"product_brand":[],"product_cat":[33,82],"product_tag":[],"class_list":{"0":"post-1402","1":"product","2":"type-product","3":"status-publish","4":"has-post-thumbnail","6":"product_cat-systemes-pour-soutes","7":"product_cat-systemes-de-chargement-pour-fourgons","9":"first","10":"instock","11":"shipping-taxable","12":"product-type-simple"},"yoast_head":"<!-- This site is optimized with the Yoast SEO plugin v26.9 - https:\/\/yoast.com\/product\/yoast-seo-wordpress\/ -->\n<title>Syst\u00e8me de chargement Kal\u00e9o - Mecatek (ex-Sawiko France)<\/title>\n<meta name=\"description\" content=\"D\u00e9couvrez le kit de chargement Kal\u00e9o avec treuil \u00e9lectrique, la solution id\u00e9ale pour charger une moto ou un scooter dans votre v\u00e9hicule ou sur une remorque\" \/>\n<meta name=\"robots\" content=\"index, follow, max-snippet:-1, max-image-preview:large, max-video-preview:-1\" \/>\n<link rel=\"canonical\" href=\"https:\/\/mecatek.eu\/de\/produkt\/kaleo-ladesystem\/\" \/>\n<meta property=\"og:locale\" content=\"de_DE\" \/>\n<meta property=\"og:type\" content=\"article\" \/>\n<meta property=\"og:title\" content=\"Syst\u00e8me de chargement Kal\u00e9o - Mecatek (ex-Sawiko France)\" \/>\n<meta property=\"og:description\" content=\"D\u00e9couvrez le kit de chargement Kal\u00e9o avec treuil \u00e9lectrique, la solution id\u00e9ale pour charger une moto ou un scooter dans votre v\u00e9hicule ou sur une remorque\" \/>\n<meta property=\"og:url\" content=\"https:\/\/mecatek.eu\/de\/produkt\/kaleo-ladesystem\/\" \/>\n<meta property=\"og:site_name\" content=\"Mecatek (ex-Sawiko France)\" \/>\n<meta property=\"article:modified_time\" content=\"2026-01-22T17:08:24+00:00\" \/>\n<meta property=\"og:image\" content=\"http:\/\/mecatek.eu\/wp-content\/uploads\/2025\/12\/systeme-chargement-camping-car-fourgon-kaleo-002.jpg\" \/>\n\t<meta property=\"og:image:width\" content=\"800\" \/>\n\t<meta property=\"og:image:height\" content=\"800\" \/>\n\t<meta property=\"og:image:type\" content=\"image\/jpeg\" \/>\n<meta name=\"twitter:card\" content=\"summary_large_image\" \/>\n<meta name=\"twitter:label1\" content=\"Gesch\u00e4tzte Lesezeit\" \/>\n\t<meta name=\"twitter:data1\" content=\"2\u00a0Minuten\" \/>\n<script type=\"application\/ld+json\" class=\"yoast-schema-graph\">{\"@context\":\"https:\/\/schema.org\",\"@graph\":[{\"@type\":\"WebPage\",\"@id\":\"https:\/\/mecatek.eu\/produit\/systeme-de-chargement-kaleo\/\",\"url\":\"https:\/\/mecatek.eu\/produit\/systeme-de-chargement-kaleo\/\",\"name\":\"Syst\u00e8me de chargement Kal\u00e9o - Mecatek (ex-Sawiko France)\",\"isPartOf\":{\"@id\":\"https:\/\/mecatek.eu\/#website\"},\"primaryImageOfPage\":{\"@id\":\"https:\/\/mecatek.eu\/produit\/systeme-de-chargement-kaleo\/#primaryimage\"},\"image\":{\"@id\":\"https:\/\/mecatek.eu\/produit\/systeme-de-chargement-kaleo\/#primaryimage\"},\"thumbnailUrl\":\"https:\/\/mecatek.eu\/wp-content\/uploads\/2025\/12\/systeme-chargement-camping-car-fourgon-kaleo-002.jpg\",\"datePublished\":\"2025-11-12T13:22:04+00:00\",\"dateModified\":\"2026-01-22T17:08:24+00:00\",\"description\":\"D\u00e9couvrez le kit de chargement Kal\u00e9o avec treuil \u00e9lectrique, la solution id\u00e9ale pour charger une moto ou un scooter dans votre v\u00e9hicule ou sur une remorque\",\"breadcrumb\":{\"@id\":\"https:\/\/mecatek.eu\/produit\/systeme-de-chargement-kaleo\/#breadcrumb\"},\"inLanguage\":\"de\",\"potentialAction\":[{\"@type\":\"ReadAction\",\"target\":[\"https:\/\/mecatek.eu\/produit\/systeme-de-chargement-kaleo\/\"]}]},{\"@type\":\"ImageObject\",\"inLanguage\":\"de\",\"@id\":\"https:\/\/mecatek.eu\/produit\/systeme-de-chargement-kaleo\/#primaryimage\",\"url\":\"https:\/\/mecatek.eu\/wp-content\/uploads\/2025\/12\/systeme-chargement-camping-car-fourgon-kaleo-002.jpg\",\"contentUrl\":\"https:\/\/mecatek.eu\/wp-content\/uploads\/2025\/12\/systeme-chargement-camping-car-fourgon-kaleo-002.jpg\",\"width\":800,\"height\":800,\"caption\":\"Kit complet du syst\u00e8me de chargement Kal\u00e9o\"},{\"@type\":\"BreadcrumbList\",\"@id\":\"https:\/\/mecatek.eu\/produit\/systeme-de-chargement-kaleo\/#breadcrumb\",\"itemListElement\":[{\"@type\":\"ListItem\",\"position\":1,\"name\":\"Accueil\",\"item\":\"https:\/\/mecatek.eu\/\"},{\"@type\":\"ListItem\",\"position\":2,\"name\":\"Catalogue\",\"item\":\"https:\/\/mecatek.eu\/catalogue\/\"},{\"@type\":\"ListItem\",\"position\":3,\"name\":\"Syst\u00e8me de chargement Kal\u00e9o\"}]},{\"@type\":\"WebSite\",\"@id\":\"https:\/\/mecatek.eu\/#website\",\"url\":\"https:\/\/mecatek.eu\/\",\"name\":\"Mecatek (ex-Sawiko France)\",\"description\":\"Fabricant d&#039;attelages pour camping-car et fourgon - Mecatek\",\"publisher\":{\"@id\":\"https:\/\/mecatek.eu\/#organization\"},\"potentialAction\":[{\"@type\":\"SearchAction\",\"target\":{\"@type\":\"EntryPoint\",\"urlTemplate\":\"https:\/\/mecatek.eu\/?s={search_term_string}\"},\"query-input\":{\"@type\":\"PropertyValueSpecification\",\"valueRequired\":true,\"valueName\":\"search_term_string\"}}],\"inLanguage\":\"de\"},{\"@type\":\"Organization\",\"@id\":\"https:\/\/mecatek.eu\/#organization\",\"name\":\"Mecatek (ex-Sawiko France)\",\"url\":\"https:\/\/mecatek.eu\/\",\"logo\":{\"@type\":\"ImageObject\",\"inLanguage\":\"de\",\"@id\":\"https:\/\/mecatek.eu\/#\/schema\/logo\/image\/\",\"url\":\"http:\/\/mecatek.eu\/wp-content\/uploads\/2026\/01\/Logo-Mecatek-Solutions-techniques-2025-300px.png\",\"contentUrl\":\"http:\/\/mecatek.eu\/wp-content\/uploads\/2026\/01\/Logo-Mecatek-Solutions-techniques-2025-300px.png\",\"width\":400,\"height\":94,\"caption\":\"Mecatek (ex-Sawiko France)\"},\"image\":{\"@id\":\"https:\/\/mecatek.eu\/#\/schema\/logo\/image\/\"}}]}<\/script>\n<!-- \/ Yoast SEO plugin. -->","yoast_head_json":{"title":"Kaleo Ladesystem - Mecatek (ehemals Sawiko Deutschland)","description":"Entdecken Sie das Kaleo-Ladekit mit elektrischer Winde, die ideale L\u00f6sung, um ein Motorrad oder einen Roller in Ihr Fahrzeug oder auf einen Anh\u00e4nger zu laden.","robots":{"index":"index","follow":"follow","max-snippet":"max-snippet:-1","max-image-preview":"max-image-preview:large","max-video-preview":"max-video-preview:-1"},"canonical":"https:\/\/mecatek.eu\/de\/produkt\/kaleo-ladesystem\/","og_locale":"de_DE","og_type":"article","og_title":"Syst\u00e8me de chargement Kal\u00e9o - Mecatek (ex-Sawiko France)","og_description":"D\u00e9couvrez le kit de chargement Kal\u00e9o avec treuil \u00e9lectrique, la solution id\u00e9ale pour charger une moto ou un scooter dans votre v\u00e9hicule ou sur une remorque","og_url":"https:\/\/mecatek.eu\/de\/produkt\/kaleo-ladesystem\/","og_site_name":"Mecatek (ex-Sawiko France)","article_modified_time":"2026-01-22T17:08:24+00:00","og_image":[{"width":800,"height":800,"url":"http:\/\/mecatek.eu\/wp-content\/uploads\/2025\/12\/systeme-chargement-camping-car-fourgon-kaleo-002.jpg","type":"image\/jpeg"}],"twitter_card":"summary_large_image","twitter_misc":{"Gesch\u00e4tzte Lesezeit":"2\u00a0Minuten"},"schema":{"@context":"https:\/\/schema.org","@graph":[{"@type":"WebPage","@id":"https:\/\/mecatek.eu\/produit\/systeme-de-chargement-kaleo\/","url":"https:\/\/mecatek.eu\/produit\/systeme-de-chargement-kaleo\/","name":"Kaleo Ladesystem - Mecatek (ehemals Sawiko Deutschland)","isPartOf":{"@id":"https:\/\/mecatek.eu\/#website"},"primaryImageOfPage":{"@id":"https:\/\/mecatek.eu\/produit\/systeme-de-chargement-kaleo\/#primaryimage"},"image":{"@id":"https:\/\/mecatek.eu\/produit\/systeme-de-chargement-kaleo\/#primaryimage"},"thumbnailUrl":"https:\/\/mecatek.eu\/wp-content\/uploads\/2025\/12\/systeme-chargement-camping-car-fourgon-kaleo-002.jpg","datePublished":"2025-11-12T13:22:04+00:00","dateModified":"2026-01-22T17:08:24+00:00","description":"Entdecken Sie das Kaleo-Ladekit mit elektrischer Winde, die ideale L\u00f6sung, um ein Motorrad oder einen Roller in Ihr Fahrzeug oder auf einen Anh\u00e4nger zu laden.","breadcrumb":{"@id":"https:\/\/mecatek.eu\/produit\/systeme-de-chargement-kaleo\/#breadcrumb"},"inLanguage":"de","potentialAction":[{"@type":"ReadAction","target":["https:\/\/mecatek.eu\/produit\/systeme-de-chargement-kaleo\/"]}]},{"@type":"ImageObject","inLanguage":"de","@id":"https:\/\/mecatek.eu\/produit\/systeme-de-chargement-kaleo\/#primaryimage","url":"https:\/\/mecatek.eu\/wp-content\/uploads\/2025\/12\/systeme-chargement-camping-car-fourgon-kaleo-002.jpg","contentUrl":"https:\/\/mecatek.eu\/wp-content\/uploads\/2025\/12\/systeme-chargement-camping-car-fourgon-kaleo-002.jpg","width":800,"height":800,"caption":"Kit complet du syst\u00e8me de chargement Kal\u00e9o"},{"@type":"BreadcrumbList","@id":"https:\/\/mecatek.eu\/produit\/systeme-de-chargement-kaleo\/#breadcrumb","itemListElement":[{"@type":"ListItem","position":1,"name":"Accueil","item":"https:\/\/mecatek.eu\/"},{"@type":"ListItem","position":2,"name":"Catalogue","item":"https:\/\/mecatek.eu\/catalogue\/"},{"@type":"ListItem","position":3,"name":"Syst\u00e8me de chargement Kal\u00e9o"}]},{"@type":"WebSite","@id":"https:\/\/mecatek.eu\/#website","url":"https:\/\/mecatek.eu\/","name":"Mecatek (ehemals Sawiko Frankreich)","description":"Hersteller von Anh\u00e4ngerkupplungen f\u00fcr Wohnmobile und Lieferwagen - Mecatek","publisher":{"@id":"https:\/\/mecatek.eu\/#organization"},"potentialAction":[{"@type":"SearchAction","target":{"@type":"EntryPoint","urlTemplate":"https:\/\/mecatek.eu\/?s={search_term_string}"},"query-input":{"@type":"PropertyValueSpecification","valueRequired":true,"valueName":"search_term_string"}}],"inLanguage":"de"},{"@type":"Organization","@id":"https:\/\/mecatek.eu\/#organization","name":"Mecatek (ehemals Sawiko Frankreich)","url":"https:\/\/mecatek.eu\/","logo":{"@type":"ImageObject","inLanguage":"de","@id":"https:\/\/mecatek.eu\/#\/schema\/logo\/image\/","url":"http:\/\/mecatek.eu\/wp-content\/uploads\/2026\/01\/Logo-Mecatek-Solutions-techniques-2025-300px.png","contentUrl":"http:\/\/mecatek.eu\/wp-content\/uploads\/2026\/01\/Logo-Mecatek-Solutions-techniques-2025-300px.png","width":400,"height":94,"caption":"Mecatek (ex-Sawiko France)"},"image":{"@id":"https:\/\/mecatek.eu\/#\/schema\/logo\/image\/"}}]}},"_links":{"self":[{"href":"https:\/\/mecatek.eu\/de\/wp-json\/wp\/v2\/product\/1402","targetHints":{"allow":["GET"]}}],"collection":[{"href":"https:\/\/mecatek.eu\/de\/wp-json\/wp\/v2\/product"}],"about":[{"href":"https:\/\/mecatek.eu\/de\/wp-json\/wp\/v2\/types\/product"}],"replies":[{"embeddable":true,"href":"https:\/\/mecatek.eu\/de\/wp-json\/wp\/v2\/comments?post=1402"}],"version-history":[{"count":12,"href":"https:\/\/mecatek.eu\/de\/wp-json\/wp\/v2\/product\/1402\/revisions"}],"predecessor-version":[{"id":2446,"href":"https:\/\/mecatek.eu\/de\/wp-json\/wp\/v2\/product\/1402\/revisions\/2446"}],"wp:featuredmedia":[{"embeddable":true,"href":"https:\/\/mecatek.eu\/de\/wp-json\/wp\/v2\/media\/1404"}],"wp:attachment":[{"href":"https:\/\/mecatek.eu\/de\/wp-json\/wp\/v2\/media?parent=1402"}],"wp:term":[{"taxonomy":"product_brand","embeddable":true,"href":"https:\/\/mecatek.eu\/de\/wp-json\/wp\/v2\/product_brand?post=1402"},{"taxonomy":"product_cat","embeddable":true,"href":"https:\/\/mecatek.eu\/de\/wp-json\/wp\/v2\/product_cat?post=1402"},{"taxonomy":"product_tag","embeddable":true,"href":"https:\/\/mecatek.eu\/de\/wp-json\/wp\/v2\/product_tag?post=1402"}],"curies":[{"name":"wp","href":"https:\/\/api.w.org\/{rel}","templated":true}]}}