{"id":1270,"date":"2025-11-11T08:52:06","date_gmt":"2025-11-11T07:52:06","guid":{"rendered":"https:\/\/mecatek.eu\/?post_type=product&#038;p=1270"},"modified":"2026-01-23T16:01:07","modified_gmt":"2026-01-23T15:01:07","slug":"mechanische-clickfix-verschlusse","status":"publish","type":"product","link":"https:\/\/mecatek.eu\/de\/produkt\/mechanische-clickfix-verschlusse\/","title":{"rendered":"Mechanische Clickfix-Zylinder"},"content":{"rendered":"<div data-elementor-type=\"product-post\" data-elementor-id=\"1270\" class=\"elementor elementor-1270\" data-elementor-post-type=\"product\">\n\t\t\t\t<div class=\"elementor-element elementor-element-8a8208a e-flex e-con-boxed e-con e-parent\" data-id=\"8a8208a\" data-element_type=\"container\" data-e-type=\"container\">\n\t\t\t\t\t<div class=\"e-con-inner\">\n\t\t<div class=\"elementor-element elementor-element-a64ed19 e-con-full e-flex e-con e-child\" data-id=\"a64ed19\" data-element_type=\"container\" data-e-type=\"container\">\n\t\t<div class=\"elementor-element elementor-element-72617f1 e-con-full e-flex e-con e-child\" data-id=\"72617f1\" data-element_type=\"container\" data-e-type=\"container\">\n\t\t\t\t<div class=\"elementor-element elementor-element-40f1cf2 elementor-widget elementor-widget-text-editor\" data-id=\"40f1cf2\" data-element_type=\"widget\" data-e-type=\"widget\" data-widget_type=\"text-editor.default\">\n\t\t\t\t\t\t\t\t\t<h2>Mechanische Zylinder <span style=\"color: #0079b3;\">ClickFix<\/span> f\u00fcr AL-KO Fahrgestelle<\/h2>\t\t\t\t\t\t\t\t<\/div>\n\t\t\t\t<div class=\"elementor-element elementor-element-3eee6e1 elementor-widget elementor-widget-text-editor\" data-id=\"3eee6e1\" data-element_type=\"widget\" data-e-type=\"widget\" data-widget_type=\"text-editor.default\">\n\t\t\t\t\t\t\t\t\t<p>Die mechanischen ClickFix-St\u00fctzen wurden speziell f\u00fcr Fahrzeuge mit AL-KO-Chassis entwickelt.<br \/>In der Etappe haben die sch\u00f6nsten Pl\u00e4tze manchmal einen schr\u00e4gen oder unebenen Boden. Mit den ClickFix St\u00fctzen k\u00f6nnen Sie diese besonderen Stellen erreichen. Dank ihrer robusten Konstruktion sorgen sie f\u00fcr Stabilit\u00e4t auf Gras, Schotter oder Asphalt.<\/p><p><strong>Die Vorteile der Clicfix Kr\u00fccken :<\/strong><\/p><ul><li>Stabile St\u00fctzen f\u00fcr sicheren Stand<\/li><li>Schnelle und komfortable Bedienung<\/li><li>Automatisches Festziehen der St\u00fctze beim Hochklappen<\/li><li>Sicherheitsmechanismus bei Abfahrt mit ausgefahrenen Zylindern<\/li><\/ul>\t\t\t\t\t\t\t\t<\/div>\n\t\t\t\t<\/div>\n\t\t<div class=\"elementor-element elementor-element-c98cd36 e-con-full e-flex e-con e-child\" data-id=\"c98cd36\" data-element_type=\"container\" data-e-type=\"container\" data-settings=\"{&quot;background_background&quot;:&quot;classic&quot;}\">\n\t\t\t\t<div class=\"elementor-element elementor-element-37072b8 elementor-widget elementor-widget-image\" data-id=\"37072b8\" data-element_type=\"widget\" data-e-type=\"widget\" data-widget_type=\"image.default\">\n\t\t\t\t\t\t\t\t\t\t\t\t\t\t\t<img fetchpriority=\"high\" decoding=\"async\" width=\"400\" height=\"200\" src=\"https:\/\/mecatek.eu\/wp-content\/uploads\/2025\/12\/Logo-Marque-Alko.png\" class=\"attachment-full size-full wp-image-1012 wp-post-image\" alt=\"Alko-Logo\" srcset=\"https:\/\/mecatek.eu\/wp-content\/uploads\/2025\/12\/Logo-Marque-Alko.png 400w, https:\/\/mecatek.eu\/wp-content\/uploads\/2025\/12\/Logo-Marque-Alko-300x150.png 300w\" sizes=\"(max-width: 400px) 100vw, 400px\" \/>\t\t\t\t\t\t\t\t\t\t\t\t\t\t\t<\/div>\n\t\t\t\t<div class=\"elementor-element elementor-element-7d9a2b0 elementor-widget elementor-widget-text-editor\" data-id=\"7d9a2b0\" data-element_type=\"widget\" data-e-type=\"widget\" data-widget_type=\"text-editor.default\">\n\t\t\t\t\t\t\t\t\t<p><strong>Fahrzeuge com<\/strong><strong>geduldig :<br \/><\/strong>Wohnmobile und Kastenwagen mit AL-KO Fahrgestell<\/p>\t\t\t\t\t\t\t\t<\/div>\n\t\t\t\t<\/div>\n\t\t\t\t<\/div>\n\t\t\t\t\t<\/div>\n\t\t\t\t<\/div>\n\t\t\t\t<\/div>","protected":false},"excerpt":{"rendered":"<p>Die mechanischen Clicfix-St\u00fctzen - auch St\u00fctzen genannt - f\u00fcr Wohnmobile und Vans mit Alko-Chassis bieten hervorragende Stabilit\u00e4t in jedem Gel\u00e4nde!<\/p>","protected":false},"featured_media":1271,"comment_status":"closed","ping_status":"closed","template":"","meta":[],"product_brand":[67],"product_cat":[78],"product_tag":[],"class_list":{"0":"post-1270","1":"product","2":"type-product","3":"status-publish","4":"has-post-thumbnail","6":"product_brand-alko","7":"product_cat-verins-mecaniques-pour-chassis-al-ko","9":"first","10":"instock","11":"shipping-taxable","12":"product-type-simple"},"yoast_head":"<!-- This site is optimized with the Yoast SEO plugin v26.9 - https:\/\/yoast.com\/product\/yoast-seo-wordpress\/ -->\n<title>V\u00e9rins m\u00e9caniques Clickfix - Mecatek (ex-Sawiko France)<\/title>\n<meta name=\"description\" content=\"Les v\u00e9rins m\u00e9caniques ClickFix, \u00e9galement appel\u00e9s b\u00e9quilles, offrent une excellente stabilit\u00e9 pour camping-car avec ch\u00e2ssis AL-KO, quel que soit le terrain\" \/>\n<meta name=\"robots\" content=\"index, follow, max-snippet:-1, max-image-preview:large, max-video-preview:-1\" \/>\n<link rel=\"canonical\" href=\"https:\/\/mecatek.eu\/de\/produkt\/mechanische-clickfix-verschlusse\/\" \/>\n<meta property=\"og:locale\" content=\"de_DE\" \/>\n<meta property=\"og:type\" content=\"article\" \/>\n<meta property=\"og:title\" content=\"V\u00e9rins m\u00e9caniques Clickfix - Mecatek (ex-Sawiko France)\" \/>\n<meta property=\"og:description\" content=\"Les v\u00e9rins m\u00e9caniques ClickFix, \u00e9galement appel\u00e9s b\u00e9quilles, offrent une excellente stabilit\u00e9 pour camping-car avec ch\u00e2ssis AL-KO, quel que soit le terrain\" \/>\n<meta property=\"og:url\" content=\"https:\/\/mecatek.eu\/de\/produkt\/mechanische-clickfix-verschlusse\/\" \/>\n<meta property=\"og:site_name\" content=\"Mecatek (ex-Sawiko France)\" \/>\n<meta property=\"article:modified_time\" content=\"2026-01-23T15:01:07+00:00\" \/>\n<meta property=\"og:image\" content=\"http:\/\/mecatek.eu\/wp-content\/uploads\/2025\/12\/bequilles-pour-camping-car-fourgon-et-van-Clicfix.jpg\" \/>\n\t<meta property=\"og:image:width\" content=\"800\" \/>\n\t<meta property=\"og:image:height\" content=\"800\" \/>\n\t<meta property=\"og:image:type\" content=\"image\/jpeg\" \/>\n<meta name=\"twitter:card\" content=\"summary_large_image\" \/>\n<meta name=\"twitter:label1\" content=\"Gesch\u00e4tzte Lesezeit\" \/>\n\t<meta name=\"twitter:data1\" content=\"1\u00a0Minute\" \/>\n<script type=\"application\/ld+json\" class=\"yoast-schema-graph\">{\"@context\":\"https:\/\/schema.org\",\"@graph\":[{\"@type\":\"WebPage\",\"@id\":\"https:\/\/mecatek.eu\/produit\/verins-mecaniques-clickfix\/\",\"url\":\"https:\/\/mecatek.eu\/produit\/verins-mecaniques-clickfix\/\",\"name\":\"V\u00e9rins m\u00e9caniques Clickfix - Mecatek (ex-Sawiko France)\",\"isPartOf\":{\"@id\":\"https:\/\/mecatek.eu\/#website\"},\"primaryImageOfPage\":{\"@id\":\"https:\/\/mecatek.eu\/produit\/verins-mecaniques-clickfix\/#primaryimage\"},\"image\":{\"@id\":\"https:\/\/mecatek.eu\/produit\/verins-mecaniques-clickfix\/#primaryimage\"},\"thumbnailUrl\":\"https:\/\/mecatek.eu\/wp-content\/uploads\/2025\/12\/bequilles-pour-camping-car-fourgon-et-van-Clicfix.jpg\",\"datePublished\":\"2025-11-11T07:52:06+00:00\",\"dateModified\":\"2026-01-23T15:01:07+00:00\",\"description\":\"Les v\u00e9rins m\u00e9caniques ClickFix, \u00e9galement appel\u00e9s b\u00e9quilles, offrent une excellente stabilit\u00e9 pour camping-car avec ch\u00e2ssis AL-KO, quel que soit le terrain\",\"breadcrumb\":{\"@id\":\"https:\/\/mecatek.eu\/produit\/verins-mecaniques-clickfix\/#breadcrumb\"},\"inLanguage\":\"de\",\"potentialAction\":[{\"@type\":\"ReadAction\",\"target\":[\"https:\/\/mecatek.eu\/produit\/verins-mecaniques-clickfix\/\"]}]},{\"@type\":\"ImageObject\",\"inLanguage\":\"de\",\"@id\":\"https:\/\/mecatek.eu\/produit\/verins-mecaniques-clickfix\/#primaryimage\",\"url\":\"https:\/\/mecatek.eu\/wp-content\/uploads\/2025\/12\/bequilles-pour-camping-car-fourgon-et-van-Clicfix.jpg\",\"contentUrl\":\"https:\/\/mecatek.eu\/wp-content\/uploads\/2025\/12\/bequilles-pour-camping-car-fourgon-et-van-Clicfix.jpg\",\"width\":800,\"height\":800,\"caption\":\"V\u00e9rins m\u00e9caniques Clickfix\"},{\"@type\":\"BreadcrumbList\",\"@id\":\"https:\/\/mecatek.eu\/produit\/verins-mecaniques-clickfix\/#breadcrumb\",\"itemListElement\":[{\"@type\":\"ListItem\",\"position\":1,\"name\":\"Accueil\",\"item\":\"https:\/\/mecatek.eu\/\"},{\"@type\":\"ListItem\",\"position\":2,\"name\":\"Catalogue\",\"item\":\"https:\/\/mecatek.eu\/catalogue\/\"},{\"@type\":\"ListItem\",\"position\":3,\"name\":\"V\u00e9rins m\u00e9caniques Clickfix\"}]},{\"@type\":\"WebSite\",\"@id\":\"https:\/\/mecatek.eu\/#website\",\"url\":\"https:\/\/mecatek.eu\/\",\"name\":\"Mecatek (ex-Sawiko France)\",\"description\":\"Fabricant d&#039;attelages pour camping-car et fourgon - Mecatek\",\"publisher\":{\"@id\":\"https:\/\/mecatek.eu\/#organization\"},\"potentialAction\":[{\"@type\":\"SearchAction\",\"target\":{\"@type\":\"EntryPoint\",\"urlTemplate\":\"https:\/\/mecatek.eu\/?s={search_term_string}\"},\"query-input\":{\"@type\":\"PropertyValueSpecification\",\"valueRequired\":true,\"valueName\":\"search_term_string\"}}],\"inLanguage\":\"de\"},{\"@type\":\"Organization\",\"@id\":\"https:\/\/mecatek.eu\/#organization\",\"name\":\"Mecatek (ex-Sawiko France)\",\"url\":\"https:\/\/mecatek.eu\/\",\"logo\":{\"@type\":\"ImageObject\",\"inLanguage\":\"de\",\"@id\":\"https:\/\/mecatek.eu\/#\/schema\/logo\/image\/\",\"url\":\"http:\/\/mecatek.eu\/wp-content\/uploads\/2026\/01\/Logo-Mecatek-Solutions-techniques-2025-300px.png\",\"contentUrl\":\"http:\/\/mecatek.eu\/wp-content\/uploads\/2026\/01\/Logo-Mecatek-Solutions-techniques-2025-300px.png\",\"width\":400,\"height\":94,\"caption\":\"Mecatek (ex-Sawiko France)\"},\"image\":{\"@id\":\"https:\/\/mecatek.eu\/#\/schema\/logo\/image\/\"}}]}<\/script>\n<!-- \/ Yoast SEO plugin. -->","yoast_head_json":{"title":"Clickfix Mechanische Zylinder - Mecatek (ehemals Sawiko Deutschland)","description":"Die mechanischen ClickFix-St\u00fctzen, auch St\u00fctzen genannt, bieten eine hervorragende Stabilit\u00e4t f\u00fcr Wohnmobile mit AL-KO-Chassis, egal in welchem Gel\u00e4nde","robots":{"index":"index","follow":"follow","max-snippet":"max-snippet:-1","max-image-preview":"max-image-preview:large","max-video-preview":"max-video-preview:-1"},"canonical":"https:\/\/mecatek.eu\/de\/produkt\/mechanische-clickfix-verschlusse\/","og_locale":"de_DE","og_type":"article","og_title":"V\u00e9rins m\u00e9caniques Clickfix - Mecatek (ex-Sawiko France)","og_description":"Les v\u00e9rins m\u00e9caniques ClickFix, \u00e9galement appel\u00e9s b\u00e9quilles, offrent une excellente stabilit\u00e9 pour camping-car avec ch\u00e2ssis AL-KO, quel que soit le terrain","og_url":"https:\/\/mecatek.eu\/de\/produkt\/mechanische-clickfix-verschlusse\/","og_site_name":"Mecatek (ex-Sawiko France)","article_modified_time":"2026-01-23T15:01:07+00:00","og_image":[{"width":800,"height":800,"url":"http:\/\/mecatek.eu\/wp-content\/uploads\/2025\/12\/bequilles-pour-camping-car-fourgon-et-van-Clicfix.jpg","type":"image\/jpeg"}],"twitter_card":"summary_large_image","twitter_misc":{"Gesch\u00e4tzte Lesezeit":"1\u00a0Minute"},"schema":{"@context":"https:\/\/schema.org","@graph":[{"@type":"WebPage","@id":"https:\/\/mecatek.eu\/produit\/verins-mecaniques-clickfix\/","url":"https:\/\/mecatek.eu\/produit\/verins-mecaniques-clickfix\/","name":"Clickfix Mechanische Zylinder - Mecatek (ehemals Sawiko Deutschland)","isPartOf":{"@id":"https:\/\/mecatek.eu\/#website"},"primaryImageOfPage":{"@id":"https:\/\/mecatek.eu\/produit\/verins-mecaniques-clickfix\/#primaryimage"},"image":{"@id":"https:\/\/mecatek.eu\/produit\/verins-mecaniques-clickfix\/#primaryimage"},"thumbnailUrl":"https:\/\/mecatek.eu\/wp-content\/uploads\/2025\/12\/bequilles-pour-camping-car-fourgon-et-van-Clicfix.jpg","datePublished":"2025-11-11T07:52:06+00:00","dateModified":"2026-01-23T15:01:07+00:00","description":"Die mechanischen ClickFix-St\u00fctzen, auch St\u00fctzen genannt, bieten eine hervorragende Stabilit\u00e4t f\u00fcr Wohnmobile mit AL-KO-Chassis, egal in welchem Gel\u00e4nde","breadcrumb":{"@id":"https:\/\/mecatek.eu\/produit\/verins-mecaniques-clickfix\/#breadcrumb"},"inLanguage":"de","potentialAction":[{"@type":"ReadAction","target":["https:\/\/mecatek.eu\/produit\/verins-mecaniques-clickfix\/"]}]},{"@type":"ImageObject","inLanguage":"de","@id":"https:\/\/mecatek.eu\/produit\/verins-mecaniques-clickfix\/#primaryimage","url":"https:\/\/mecatek.eu\/wp-content\/uploads\/2025\/12\/bequilles-pour-camping-car-fourgon-et-van-Clicfix.jpg","contentUrl":"https:\/\/mecatek.eu\/wp-content\/uploads\/2025\/12\/bequilles-pour-camping-car-fourgon-et-van-Clicfix.jpg","width":800,"height":800,"caption":"V\u00e9rins m\u00e9caniques Clickfix"},{"@type":"BreadcrumbList","@id":"https:\/\/mecatek.eu\/produit\/verins-mecaniques-clickfix\/#breadcrumb","itemListElement":[{"@type":"ListItem","position":1,"name":"Accueil","item":"https:\/\/mecatek.eu\/"},{"@type":"ListItem","position":2,"name":"Catalogue","item":"https:\/\/mecatek.eu\/catalogue\/"},{"@type":"ListItem","position":3,"name":"V\u00e9rins m\u00e9caniques Clickfix"}]},{"@type":"WebSite","@id":"https:\/\/mecatek.eu\/#website","url":"https:\/\/mecatek.eu\/","name":"Mecatek (ehemals Sawiko Frankreich)","description":"Hersteller von Anh\u00e4ngerkupplungen f\u00fcr Wohnmobile und Lieferwagen - Mecatek","publisher":{"@id":"https:\/\/mecatek.eu\/#organization"},"potentialAction":[{"@type":"SearchAction","target":{"@type":"EntryPoint","urlTemplate":"https:\/\/mecatek.eu\/?s={search_term_string}"},"query-input":{"@type":"PropertyValueSpecification","valueRequired":true,"valueName":"search_term_string"}}],"inLanguage":"de"},{"@type":"Organization","@id":"https:\/\/mecatek.eu\/#organization","name":"Mecatek (ehemals Sawiko Frankreich)","url":"https:\/\/mecatek.eu\/","logo":{"@type":"ImageObject","inLanguage":"de","@id":"https:\/\/mecatek.eu\/#\/schema\/logo\/image\/","url":"http:\/\/mecatek.eu\/wp-content\/uploads\/2026\/01\/Logo-Mecatek-Solutions-techniques-2025-300px.png","contentUrl":"http:\/\/mecatek.eu\/wp-content\/uploads\/2026\/01\/Logo-Mecatek-Solutions-techniques-2025-300px.png","width":400,"height":94,"caption":"Mecatek (ex-Sawiko France)"},"image":{"@id":"https:\/\/mecatek.eu\/#\/schema\/logo\/image\/"}}]}},"_links":{"self":[{"href":"https:\/\/mecatek.eu\/de\/wp-json\/wp\/v2\/product\/1270","targetHints":{"allow":["GET"]}}],"collection":[{"href":"https:\/\/mecatek.eu\/de\/wp-json\/wp\/v2\/product"}],"about":[{"href":"https:\/\/mecatek.eu\/de\/wp-json\/wp\/v2\/types\/product"}],"replies":[{"embeddable":true,"href":"https:\/\/mecatek.eu\/de\/wp-json\/wp\/v2\/comments?post=1270"}],"version-history":[{"count":5,"href":"https:\/\/mecatek.eu\/de\/wp-json\/wp\/v2\/product\/1270\/revisions"}],"predecessor-version":[{"id":2490,"href":"https:\/\/mecatek.eu\/de\/wp-json\/wp\/v2\/product\/1270\/revisions\/2490"}],"wp:featuredmedia":[{"embeddable":true,"href":"https:\/\/mecatek.eu\/de\/wp-json\/wp\/v2\/media\/1271"}],"wp:attachment":[{"href":"https:\/\/mecatek.eu\/de\/wp-json\/wp\/v2\/media?parent=1270"}],"wp:term":[{"taxonomy":"product_brand","embeddable":true,"href":"https:\/\/mecatek.eu\/de\/wp-json\/wp\/v2\/product_brand?post=1270"},{"taxonomy":"product_cat","embeddable":true,"href":"https:\/\/mecatek.eu\/de\/wp-json\/wp\/v2\/product_cat?post=1270"},{"taxonomy":"product_tag","embeddable":true,"href":"https:\/\/mecatek.eu\/de\/wp-json\/wp\/v2\/product_tag?post=1270"}],"curies":[{"name":"wp","href":"https:\/\/api.w.org\/{rel}","templated":true}]}}