{"id":1253,"date":"2025-11-10T18:17:55","date_gmt":"2025-11-10T17:17:55","guid":{"rendered":"https:\/\/mecatek.eu\/?post_type=product&#038;p=1253"},"modified":"2026-01-28T10:21:27","modified_gmt":"2026-01-28T09:21:27","slug":"fahrrad-und-motorradtrager-fur-wohnmobile-basic","status":"publish","type":"product","link":"https:\/\/mecatek.eu\/de\/produkt\/fahrrad-und-motorradtrager-fur-wohnmobile-basic\/","title":{"rendered":"Fahrrad- und Motorradtr\u00e4ger f\u00fcr Wohnmobile Basic"},"content":{"rendered":"<div data-elementor-type=\"product-post\" data-elementor-id=\"1253\" class=\"elementor elementor-1253\" data-elementor-post-type=\"product\">\n\t\t\t\t<div class=\"elementor-element elementor-element-1c7815f8 e-flex e-con-boxed e-con e-parent\" data-id=\"1c7815f8\" data-element_type=\"container\" data-e-type=\"container\">\n\t\t\t\t\t<div class=\"e-con-inner\">\n\t\t<div class=\"elementor-element elementor-element-b1e2d24 e-con-full e-flex e-con e-child\" data-id=\"b1e2d24\" data-element_type=\"container\" data-e-type=\"container\">\n\t\t<div class=\"elementor-element elementor-element-a6c6c06 e-con-full e-flex e-con e-child\" data-id=\"a6c6c06\" data-element_type=\"container\" data-e-type=\"container\">\n\t\t\t\t<div class=\"elementor-element elementor-element-2d21ce1 elementor-widget elementor-widget-text-editor\" data-id=\"2d21ce1\" data-element_type=\"widget\" data-e-type=\"widget\" data-widget_type=\"text-editor.default\">\n\t\t\t\t\t\t\t\t\t<h2>Fahrrad-, Motorrad- und Rollerhalter Sawiko <span style=\"color: #0079b3;\">Basic<\/span><\/h2>\t\t\t\t\t\t\t\t<\/div>\n\t\t\t\t<div class=\"elementor-element elementor-element-da7dc9e elementor-widget elementor-widget-text-editor\" data-id=\"da7dc9e\" data-element_type=\"widget\" data-e-type=\"widget\" data-widget_type=\"text-editor.default\">\n\t\t\t\t\t\t\t\t\t<p><strong>Einfach, effizient und robust - BASIC konzentriert sich auf das Wesentliche.<\/strong><br \/>Als praktische Alternative zu Systemen, die an der R\u00fcckwand befestigt sind, wird der BASIC mithilfe spezieller Befestigungselemente direkt am Fahrzeugrahmen montiert - ganz ohne Bohren. Seine niedrige Ladeh\u00f6he erleichtert das Einstellen von Fahrr\u00e4dern erheblich, und seine Tragf\u00e4higkeit von bis zu 120 kg erm\u00f6glicht den Transport von vier Fahrr\u00e4dern oder einem leichten Roller.<\/p><p>Mit dem optionalen Erweiterungssatz kann die Ladetiefe von 510 mm auf 820 mm erh\u00f6ht werden, um noch mehr Material unterzubringen. Der <a href=\"https:\/\/mecatek.eu\/de\/produkt\/fahrradtrager-fur-wohnmobile-bikey\/\">weicher Kofferraum BIKEY<\/a>, ist eine clevere und flexible Aufbewahrungsl\u00f6sung.<\/p><p><strong>M\u00f6gliche Konfigurationen :<\/strong><\/p><ul><li>1 Roller<\/li><li>1 Roller + 1 Fahrrad (Erweiterungsset)<\/li><li>2 Fahrr\u00e4der<\/li><li>3 Fahrr\u00e4der (Erweiterungsset)<\/li><li>4 Fahrr\u00e4der (Erweiterungsset)<\/li><\/ul>\t\t\t\t\t\t\t\t<\/div>\n\t\t\t\t<\/div>\n\t\t<div class=\"elementor-element elementor-element-3976ff0 e-con-full e-flex e-con e-child\" data-id=\"3976ff0\" data-element_type=\"container\" data-e-type=\"container\" data-settings=\"{&quot;background_background&quot;:&quot;classic&quot;}\">\n\t\t\t\t<div class=\"elementor-element elementor-element-5e397bf elementor-widget elementor-widget-image\" data-id=\"5e397bf\" data-element_type=\"widget\" data-e-type=\"widget\" data-widget_type=\"image.default\">\n\t\t\t\t\t\t\t\t\t\t\t\t\t\t\t<img fetchpriority=\"high\" decoding=\"async\" width=\"400\" height=\"200\" src=\"https:\/\/mecatek.eu\/wp-content\/uploads\/2025\/12\/Logo-Marque-Sawiko-de.png\" class=\"attachment-full size-full wp-image-1013\" alt=\"Sawiko Logo\" \/>\t\t\t\t\t\t\t\t\t\t\t\t\t\t\t<\/div>\n\t\t\t\t<div class=\"elementor-element elementor-element-00a21cc elementor-widget elementor-widget-text-editor\" data-id=\"00a21cc\" data-element_type=\"widget\" data-e-type=\"widget\" data-widget_type=\"text-editor.default\">\n\t\t\t\t\t\t\t\t\t<p><strong>Technische Daten :<\/strong><\/p><ul><li><p>Nutzlast bis zu 120 kg<\/p><\/li><li><p>EG-Zulassung (EG type approval)<\/p><\/li><li><p>Geeignet f\u00fcr bis zu 4 Fahrr\u00e4der oder 1 Roller + 1 Fahrrad<\/p><\/li><li><p>Variable Ladetiefe (mit Erweiterung)<\/p><\/li><li><p>Gemischte Struktur aus Aluminium und Stahl<\/p><\/li><li><p>Auf- und Abbau ohne Werkzeug<\/p><\/li><li><p>Standard-Befestigungselemente enthalten<\/p><p>\u00a0<\/p><p>\u00a0<\/p><\/li><\/ul>\t\t\t\t\t\t\t\t<\/div>\n\t\t\t\t<\/div>\n\t\t\t\t<\/div>\n\t\t\t\t\t<\/div>\n\t\t\t\t<\/div>\n\t\t\t\t<\/div>","protected":false},"excerpt":{"rendered":"<p>Der Fahrrad- oder Motorradtr\u00e4ger BASIC ist eine einfache und robuste L\u00f6sung f\u00fcr den Transport Ihrer Fahrr\u00e4der oder eines Motorrollers, ohne die R\u00fcckwand des Wohnmobils zu durchbohren. Er wird direkt am Chassis befestigt und bietet eine hohe Stabilit\u00e4t und eine niedrige Ladeh\u00f6he f\u00fcr eine einfache Handhabung. Mit einer Tragf\u00e4higkeit von 120 kg und einer bis auf 820 mm ausziehbaren Tiefe passt er sich Ihren Bed\u00fcrfnissen an. Kompatibel mit dem <a href=\"https:\/\/mecatek.eu\/de\/produkt\/fahrradtrager-fur-wohnmobile-bikey\/\">Lastentr\u00e4ger mit Plane BIKEY<\/a>, Der Fahrradst\u00e4nder BASIC von Sawiko ist praktisch, zuverl\u00e4ssig und flexibel.<\/p>","protected":false},"featured_media":2266,"comment_status":"closed","ping_status":"closed","template":"","meta":[],"product_brand":[68],"product_cat":[70,76],"product_tag":[],"class_list":{"0":"post-1253","1":"product","2":"type-product","3":"status-publish","4":"has-post-thumbnail","6":"product_brand-sawiko","7":"product_cat-porte-velos-sawiko","8":"product_cat-porte-motos-sawiko","10":"first","11":"instock","12":"shipping-taxable","13":"product-type-simple"},"yoast_head":"<!-- This site is optimized with the Yoast SEO plugin v26.9 - https:\/\/yoast.com\/product\/yoast-seo-wordpress\/ -->\n<title>Porte-v\u00e9los et moto pour camping-car Basic - Mecatek (ex-Sawiko France)<\/title>\n<meta name=\"description\" content=\"Porte v\u00e9lo ou moto BASIC\u202fde la gamme Sawiko : une solution robuste et modulable offrant un chargement facile pour transporter 1 scooter, 1 petite moto ou jusqu\u2019\u00e0 4 v\u00e9los avec une charge utile de 120\u202fkg\" \/>\n<meta name=\"robots\" content=\"index, follow, max-snippet:-1, max-image-preview:large, max-video-preview:-1\" \/>\n<link rel=\"canonical\" href=\"https:\/\/mecatek.eu\/de\/produkt\/fahrrad-und-motorradtrager-fur-wohnmobile-basic\/\" \/>\n<meta property=\"og:locale\" content=\"de_DE\" \/>\n<meta property=\"og:type\" content=\"article\" \/>\n<meta property=\"og:title\" content=\"Porte-v\u00e9los et moto pour camping-car Basic - Mecatek (ex-Sawiko France)\" \/>\n<meta property=\"og:description\" content=\"Porte v\u00e9lo ou moto BASIC\u202fde la gamme Sawiko : une solution robuste et modulable offrant un chargement facile pour transporter 1 scooter, 1 petite moto ou jusqu\u2019\u00e0 4 v\u00e9los avec une charge utile de 120\u202fkg\" \/>\n<meta property=\"og:url\" content=\"https:\/\/mecatek.eu\/de\/produkt\/fahrrad-und-motorradtrager-fur-wohnmobile-basic\/\" \/>\n<meta property=\"og:site_name\" content=\"Mecatek (ex-Sawiko France)\" \/>\n<meta property=\"article:modified_time\" content=\"2026-01-28T09:21:27+00:00\" \/>\n<meta property=\"og:image\" content=\"http:\/\/mecatek.eu\/wp-content\/uploads\/2025\/11\/Porte-moto-velos-moto-Basic-Sawiko_001.jpg\" \/>\n\t<meta property=\"og:image:width\" content=\"942\" \/>\n\t<meta property=\"og:image:height\" content=\"626\" \/>\n\t<meta property=\"og:image:type\" content=\"image\/jpeg\" \/>\n<meta name=\"twitter:card\" content=\"summary_large_image\" \/>\n<meta name=\"twitter:label1\" content=\"Gesch\u00e4tzte Lesezeit\" \/>\n\t<meta name=\"twitter:data1\" content=\"2\u00a0Minuten\" \/>\n<script type=\"application\/ld+json\" class=\"yoast-schema-graph\">{\"@context\":\"https:\/\/schema.org\",\"@graph\":[{\"@type\":\"WebPage\",\"@id\":\"https:\/\/mecatek.eu\/produit\/porte-velos-et-moto-pour-camping-car-basic\/\",\"url\":\"https:\/\/mecatek.eu\/produit\/porte-velos-et-moto-pour-camping-car-basic\/\",\"name\":\"Porte-v\u00e9los et moto pour camping-car Basic - Mecatek (ex-Sawiko France)\",\"isPartOf\":{\"@id\":\"https:\/\/mecatek.eu\/#website\"},\"primaryImageOfPage\":{\"@id\":\"https:\/\/mecatek.eu\/produit\/porte-velos-et-moto-pour-camping-car-basic\/#primaryimage\"},\"image\":{\"@id\":\"https:\/\/mecatek.eu\/produit\/porte-velos-et-moto-pour-camping-car-basic\/#primaryimage\"},\"thumbnailUrl\":\"https:\/\/mecatek.eu\/wp-content\/uploads\/2025\/11\/Porte-moto-velos-moto-Basic-Sawiko_001.jpg\",\"datePublished\":\"2025-11-10T17:17:55+00:00\",\"dateModified\":\"2026-01-28T09:21:27+00:00\",\"description\":\"Porte v\u00e9lo ou moto BASIC\u202fde la gamme Sawiko : une solution robuste et modulable offrant un chargement facile pour transporter 1 scooter, 1 petite moto ou jusqu\u2019\u00e0 4 v\u00e9los avec une charge utile de 120\u202fkg\",\"breadcrumb\":{\"@id\":\"https:\/\/mecatek.eu\/produit\/porte-velos-et-moto-pour-camping-car-basic\/#breadcrumb\"},\"inLanguage\":\"de\",\"potentialAction\":[{\"@type\":\"ReadAction\",\"target\":[\"https:\/\/mecatek.eu\/produit\/porte-velos-et-moto-pour-camping-car-basic\/\"]}]},{\"@type\":\"ImageObject\",\"inLanguage\":\"de\",\"@id\":\"https:\/\/mecatek.eu\/produit\/porte-velos-et-moto-pour-camping-car-basic\/#primaryimage\",\"url\":\"https:\/\/mecatek.eu\/wp-content\/uploads\/2025\/11\/Porte-moto-velos-moto-Basic-Sawiko_001.jpg\",\"contentUrl\":\"https:\/\/mecatek.eu\/wp-content\/uploads\/2025\/11\/Porte-moto-velos-moto-Basic-Sawiko_001.jpg\",\"width\":942,\"height\":626,\"caption\":\"Porte-v\u00e9los pour camping-car Basic - Sawiko\"},{\"@type\":\"BreadcrumbList\",\"@id\":\"https:\/\/mecatek.eu\/produit\/porte-velos-et-moto-pour-camping-car-basic\/#breadcrumb\",\"itemListElement\":[{\"@type\":\"ListItem\",\"position\":1,\"name\":\"Accueil\",\"item\":\"https:\/\/mecatek.eu\/\"},{\"@type\":\"ListItem\",\"position\":2,\"name\":\"Catalogue\",\"item\":\"https:\/\/mecatek.eu\/catalogue\/\"},{\"@type\":\"ListItem\",\"position\":3,\"name\":\"Porte-v\u00e9los et moto pour camping-car Basic\"}]},{\"@type\":\"WebSite\",\"@id\":\"https:\/\/mecatek.eu\/#website\",\"url\":\"https:\/\/mecatek.eu\/\",\"name\":\"Mecatek (ex-Sawiko France)\",\"description\":\"Fabricant d&#039;attelages pour camping-car et fourgon - Mecatek\",\"publisher\":{\"@id\":\"https:\/\/mecatek.eu\/#organization\"},\"potentialAction\":[{\"@type\":\"SearchAction\",\"target\":{\"@type\":\"EntryPoint\",\"urlTemplate\":\"https:\/\/mecatek.eu\/?s={search_term_string}\"},\"query-input\":{\"@type\":\"PropertyValueSpecification\",\"valueRequired\":true,\"valueName\":\"search_term_string\"}}],\"inLanguage\":\"de\"},{\"@type\":\"Organization\",\"@id\":\"https:\/\/mecatek.eu\/#organization\",\"name\":\"Mecatek (ex-Sawiko France)\",\"url\":\"https:\/\/mecatek.eu\/\",\"logo\":{\"@type\":\"ImageObject\",\"inLanguage\":\"de\",\"@id\":\"https:\/\/mecatek.eu\/#\/schema\/logo\/image\/\",\"url\":\"http:\/\/mecatek.eu\/wp-content\/uploads\/2026\/01\/Logo-Mecatek-Solutions-techniques-2025-300px.png\",\"contentUrl\":\"http:\/\/mecatek.eu\/wp-content\/uploads\/2026\/01\/Logo-Mecatek-Solutions-techniques-2025-300px.png\",\"width\":400,\"height\":94,\"caption\":\"Mecatek (ex-Sawiko France)\"},\"image\":{\"@id\":\"https:\/\/mecatek.eu\/#\/schema\/logo\/image\/\"}}]}<\/script>\n<!-- \/ Yoast SEO plugin. -->","yoast_head_json":{"title":"Fahrrad- und Motorradtr\u00e4ger f\u00fcr Wohnmobile Basic - Mecatek (ehemals Sawiko Deutschland)","description":"Fahrrad- oder Motorradtr\u00e4ger BASIC aus dem Sawiko Sortiment: eine robuste und modulare L\u00f6sung mit einfacher Beladung f\u00fcr den Transport von 1 Roller, 1 kleinen Motorrad oder bis zu 4 Fahrr\u00e4dern mit einer Nutzlast von 120 kg.","robots":{"index":"index","follow":"follow","max-snippet":"max-snippet:-1","max-image-preview":"max-image-preview:large","max-video-preview":"max-video-preview:-1"},"canonical":"https:\/\/mecatek.eu\/de\/produkt\/fahrrad-und-motorradtrager-fur-wohnmobile-basic\/","og_locale":"de_DE","og_type":"article","og_title":"Porte-v\u00e9los et moto pour camping-car Basic - Mecatek (ex-Sawiko France)","og_description":"Porte v\u00e9lo ou moto BASIC\u202fde la gamme Sawiko : une solution robuste et modulable offrant un chargement facile pour transporter 1 scooter, 1 petite moto ou jusqu\u2019\u00e0 4 v\u00e9los avec une charge utile de 120\u202fkg","og_url":"https:\/\/mecatek.eu\/de\/produkt\/fahrrad-und-motorradtrager-fur-wohnmobile-basic\/","og_site_name":"Mecatek (ex-Sawiko France)","article_modified_time":"2026-01-28T09:21:27+00:00","og_image":[{"width":942,"height":626,"url":"http:\/\/mecatek.eu\/wp-content\/uploads\/2025\/11\/Porte-moto-velos-moto-Basic-Sawiko_001.jpg","type":"image\/jpeg"}],"twitter_card":"summary_large_image","twitter_misc":{"Gesch\u00e4tzte Lesezeit":"2\u00a0Minuten"},"schema":{"@context":"https:\/\/schema.org","@graph":[{"@type":"WebPage","@id":"https:\/\/mecatek.eu\/produit\/porte-velos-et-moto-pour-camping-car-basic\/","url":"https:\/\/mecatek.eu\/produit\/porte-velos-et-moto-pour-camping-car-basic\/","name":"Fahrrad- und Motorradtr\u00e4ger f\u00fcr Wohnmobile Basic - Mecatek (ehemals Sawiko Deutschland)","isPartOf":{"@id":"https:\/\/mecatek.eu\/#website"},"primaryImageOfPage":{"@id":"https:\/\/mecatek.eu\/produit\/porte-velos-et-moto-pour-camping-car-basic\/#primaryimage"},"image":{"@id":"https:\/\/mecatek.eu\/produit\/porte-velos-et-moto-pour-camping-car-basic\/#primaryimage"},"thumbnailUrl":"https:\/\/mecatek.eu\/wp-content\/uploads\/2025\/11\/Porte-moto-velos-moto-Basic-Sawiko_001.jpg","datePublished":"2025-11-10T17:17:55+00:00","dateModified":"2026-01-28T09:21:27+00:00","description":"Fahrrad- oder Motorradtr\u00e4ger BASIC aus dem Sawiko Sortiment: eine robuste und modulare L\u00f6sung mit einfacher Beladung f\u00fcr den Transport von 1 Roller, 1 kleinen Motorrad oder bis zu 4 Fahrr\u00e4dern mit einer Nutzlast von 120 kg.","breadcrumb":{"@id":"https:\/\/mecatek.eu\/produit\/porte-velos-et-moto-pour-camping-car-basic\/#breadcrumb"},"inLanguage":"de","potentialAction":[{"@type":"ReadAction","target":["https:\/\/mecatek.eu\/produit\/porte-velos-et-moto-pour-camping-car-basic\/"]}]},{"@type":"ImageObject","inLanguage":"de","@id":"https:\/\/mecatek.eu\/produit\/porte-velos-et-moto-pour-camping-car-basic\/#primaryimage","url":"https:\/\/mecatek.eu\/wp-content\/uploads\/2025\/11\/Porte-moto-velos-moto-Basic-Sawiko_001.jpg","contentUrl":"https:\/\/mecatek.eu\/wp-content\/uploads\/2025\/11\/Porte-moto-velos-moto-Basic-Sawiko_001.jpg","width":942,"height":626,"caption":"Porte-v\u00e9los pour camping-car Basic - Sawiko"},{"@type":"BreadcrumbList","@id":"https:\/\/mecatek.eu\/produit\/porte-velos-et-moto-pour-camping-car-basic\/#breadcrumb","itemListElement":[{"@type":"ListItem","position":1,"name":"Accueil","item":"https:\/\/mecatek.eu\/"},{"@type":"ListItem","position":2,"name":"Catalogue","item":"https:\/\/mecatek.eu\/catalogue\/"},{"@type":"ListItem","position":3,"name":"Porte-v\u00e9los et moto pour camping-car Basic"}]},{"@type":"WebSite","@id":"https:\/\/mecatek.eu\/#website","url":"https:\/\/mecatek.eu\/","name":"Mecatek (ehemals Sawiko Frankreich)","description":"Hersteller von Anh\u00e4ngerkupplungen f\u00fcr Wohnmobile und Lieferwagen - Mecatek","publisher":{"@id":"https:\/\/mecatek.eu\/#organization"},"potentialAction":[{"@type":"SearchAction","target":{"@type":"EntryPoint","urlTemplate":"https:\/\/mecatek.eu\/?s={search_term_string}"},"query-input":{"@type":"PropertyValueSpecification","valueRequired":true,"valueName":"search_term_string"}}],"inLanguage":"de"},{"@type":"Organization","@id":"https:\/\/mecatek.eu\/#organization","name":"Mecatek (ehemals Sawiko Frankreich)","url":"https:\/\/mecatek.eu\/","logo":{"@type":"ImageObject","inLanguage":"de","@id":"https:\/\/mecatek.eu\/#\/schema\/logo\/image\/","url":"http:\/\/mecatek.eu\/wp-content\/uploads\/2026\/01\/Logo-Mecatek-Solutions-techniques-2025-300px.png","contentUrl":"http:\/\/mecatek.eu\/wp-content\/uploads\/2026\/01\/Logo-Mecatek-Solutions-techniques-2025-300px.png","width":400,"height":94,"caption":"Mecatek (ex-Sawiko France)"},"image":{"@id":"https:\/\/mecatek.eu\/#\/schema\/logo\/image\/"}}]}},"_links":{"self":[{"href":"https:\/\/mecatek.eu\/de\/wp-json\/wp\/v2\/product\/1253","targetHints":{"allow":["GET"]}}],"collection":[{"href":"https:\/\/mecatek.eu\/de\/wp-json\/wp\/v2\/product"}],"about":[{"href":"https:\/\/mecatek.eu\/de\/wp-json\/wp\/v2\/types\/product"}],"replies":[{"embeddable":true,"href":"https:\/\/mecatek.eu\/de\/wp-json\/wp\/v2\/comments?post=1253"}],"version-history":[{"count":7,"href":"https:\/\/mecatek.eu\/de\/wp-json\/wp\/v2\/product\/1253\/revisions"}],"predecessor-version":[{"id":2592,"href":"https:\/\/mecatek.eu\/de\/wp-json\/wp\/v2\/product\/1253\/revisions\/2592"}],"wp:featuredmedia":[{"embeddable":true,"href":"https:\/\/mecatek.eu\/de\/wp-json\/wp\/v2\/media\/2266"}],"wp:attachment":[{"href":"https:\/\/mecatek.eu\/de\/wp-json\/wp\/v2\/media?parent=1253"}],"wp:term":[{"taxonomy":"product_brand","embeddable":true,"href":"https:\/\/mecatek.eu\/de\/wp-json\/wp\/v2\/product_brand?post=1253"},{"taxonomy":"product_cat","embeddable":true,"href":"https:\/\/mecatek.eu\/de\/wp-json\/wp\/v2\/product_cat?post=1253"},{"taxonomy":"product_tag","embeddable":true,"href":"https:\/\/mecatek.eu\/de\/wp-json\/wp\/v2\/product_tag?post=1253"}],"curies":[{"name":"wp","href":"https:\/\/api.w.org\/{rel}","templated":true}]}}