{"id":1236,"date":"2025-11-10T17:38:02","date_gmt":"2025-11-10T16:38:02","guid":{"rendered":"https:\/\/mecatek.eu\/?post_type=product&#038;p=1236"},"modified":"2026-01-23T11:55:16","modified_gmt":"2026-01-23T10:55:16","slug":"anhanger-ladeset","status":"publish","type":"product","link":"https:\/\/mecatek.eu\/de\/produkt\/anhanger-ladeset\/","title":{"rendered":"Anh\u00e4nger-Ladekit"},"content":{"rendered":"<div data-elementor-type=\"product-post\" data-elementor-id=\"1236\" class=\"elementor elementor-1236\" data-elementor-post-type=\"product\">\n\t\t\t\t<div class=\"elementor-element elementor-element-63c8427d e-flex e-con-boxed e-con e-parent\" data-id=\"63c8427d\" data-element_type=\"container\" data-e-type=\"container\">\n\t\t\t\t\t<div class=\"e-con-inner\">\n\t\t<div class=\"elementor-element elementor-element-6747f75 e-con-full e-flex e-con e-child\" data-id=\"6747f75\" data-element_type=\"container\" data-e-type=\"container\">\n\t\t<div class=\"elementor-element elementor-element-66bba42 e-con-full e-flex e-con e-child\" data-id=\"66bba42\" data-element_type=\"container\" data-e-type=\"container\">\n\t\t\t\t<div class=\"elementor-element elementor-element-1ca6623 elementor-widget elementor-widget-text-editor\" data-id=\"1ca6623\" data-element_type=\"widget\" data-e-type=\"widget\" data-widget_type=\"text-editor.default\">\n\t\t\t\t\t\t\t\t\t<h2>Anh\u00e4nger-Ladekit<\/h2>\t\t\t\t\t\t\t\t<\/div>\n\t\t\t\t<div class=\"elementor-element elementor-element-0dcab8e elementor-widget elementor-widget-text-editor\" data-id=\"0dcab8e\" data-element_type=\"widget\" data-e-type=\"widget\" data-widget_type=\"text-editor.default\">\n\t\t\t\t\t\t\t\t\t<p>Ideal zum Beladen von schweren Motorr\u00e4dern oder Rollern ist unser Anh\u00e4nger-Ladekit mit abnehmbarer Handwinde. Es ist an alle unsere Anh\u00e4nger anpassbar und kann bis zu 370 kg tragen.<\/p><p>(Maximale Reifenbreite Ihres Motorrads: 195 mm, andere, bitte fragen Sie uns)<\/p><p>Dank des \u00abkippbaren\u00bb Vorderradhaltersystems wird Ihr Motorrad nach dem Blockieren des Vorderrads perfekt gehalten und kann sicher auf Ihrem Anh\u00e4nger montiert werden.<\/p><p>Zusammensetzung \/ Geliefert mit :<\/p><ul><li>Abnehmbare Handwinde<\/li><li>Gebogene Rampe, die aus mehreren Teilen besteht, um ihre Aufbewahrung zu optimieren<\/li><li>Praktischer und sicherer \u00abWipp\u00bb-Radblockierwagen, der das Rad perfekt festh\u00e4lt<\/li><li>Hinterradblocker<\/li><li>Feste Reichweitenschiene f\u00fcr die Ladefl\u00e4che des Anh\u00e4ngers<\/li><li>Gurte<\/li><\/ul>\t\t\t\t\t\t\t\t<\/div>\n\t\t\t\t<\/div>\n\t\t<div class=\"elementor-element elementor-element-827caf2 e-con-full e-flex e-con e-child\" data-id=\"827caf2\" data-element_type=\"container\" data-e-type=\"container\" data-settings=\"{&quot;background_background&quot;:&quot;classic&quot;}\">\n\t\t\t\t<div class=\"elementor-element elementor-element-79bcb7e elementor-widget elementor-widget-image\" data-id=\"79bcb7e\" data-element_type=\"widget\" data-e-type=\"widget\" data-widget_type=\"image.default\">\n\t\t\t\t\t\t\t\t\t\t\t\t\t\t\t<img fetchpriority=\"high\" decoding=\"async\" width=\"400\" height=\"200\" src=\"https:\/\/mecatek.eu\/wp-content\/uploads\/2025\/12\/Logo-Marque-Sawiko-de.png\" class=\"attachment-full size-full wp-image-1013\" alt=\"Sawiko Logo\" \/>\t\t\t\t\t\t\t\t\t\t\t\t\t\t\t<\/div>\n\t\t\t\t<div class=\"elementor-element elementor-element-de23a44 elementor-widget elementor-widget-text-editor\" data-id=\"de23a44\" data-element_type=\"widget\" data-e-type=\"widget\" data-widget_type=\"text-editor.default\">\n\t\t\t\t\t\t\t\t\t<p><strong>Technische Daten :<\/strong><\/p><p>Nutzlast: 370 Kg<\/p>\t\t\t\t\t\t\t\t<\/div>\n\t\t\t\t<\/div>\n\t\t\t\t<\/div>\n\t\t\t\t\t<\/div>\n\t\t\t\t<\/div>\n\t\t\t\t<\/div>","protected":false},"excerpt":{"rendered":"<p>Das Anh\u00e4nger-Ladekit mit abnehmbarer Handwinde ist ideal, um schwere Motorr\u00e4der und Roller bis zu 370 kg einfach zu beladen. Es ist mit allen unseren Anh\u00e4ngern kompatibel und umfasst eine abnehmbare, gebogene Rampe, einen kippbaren Radblockierwagen, eine Hinterradblockierung, eine feste Tragschiene und Spanngurte. Dank des sicheren Haltesystems wird das Verladen Ihres Motorrads einfach und sicher.<\/p>","protected":false},"featured_media":1237,"comment_status":"closed","ping_status":"closed","template":"","meta":[],"product_brand":[68],"product_cat":[21],"product_tag":[],"class_list":{"0":"post-1236","1":"product","2":"type-product","3":"status-publish","4":"has-post-thumbnail","6":"product_brand-sawiko","7":"product_cat-remorques-transversales-pour-moto","9":"first","10":"instock","11":"shipping-taxable","12":"product-type-simple"},"yoast_head":"<!-- This site is optimized with the Yoast SEO plugin v26.9 - https:\/\/yoast.com\/product\/yoast-seo-wordpress\/ -->\n<title>Kit de chargement pour remorque - Mecatek (ex-Sawiko France)<\/title>\n<meta name=\"description\" content=\"D\u00e9couvrez le kit de chargement pour remorques avec son treuil manuel, sa rampe avec 370kg de charge utile, le choix id\u00e9al pour charger 1 moto ou 1 scooter !\" \/>\n<meta name=\"robots\" content=\"index, follow, max-snippet:-1, max-image-preview:large, max-video-preview:-1\" \/>\n<link rel=\"canonical\" href=\"https:\/\/mecatek.eu\/de\/produkt\/anhanger-ladeset\/\" \/>\n<meta property=\"og:locale\" content=\"de_DE\" \/>\n<meta property=\"og:type\" content=\"article\" \/>\n<meta property=\"og:title\" content=\"Kit de chargement pour remorque - Mecatek (ex-Sawiko France)\" \/>\n<meta property=\"og:description\" content=\"D\u00e9couvrez le kit de chargement pour remorques avec son treuil manuel, sa rampe avec 370kg de charge utile, le choix id\u00e9al pour charger 1 moto ou 1 scooter !\" \/>\n<meta property=\"og:url\" content=\"https:\/\/mecatek.eu\/de\/produkt\/anhanger-ladeset\/\" \/>\n<meta property=\"og:site_name\" content=\"Mecatek (ex-Sawiko France)\" \/>\n<meta property=\"article:modified_time\" content=\"2026-01-23T10:55:16+00:00\" \/>\n<meta property=\"og:image\" content=\"http:\/\/mecatek.eu\/wp-content\/uploads\/2025\/12\/kit-de-chargement-pour-remorque-1.jpg\" \/>\n\t<meta property=\"og:image:width\" content=\"800\" \/>\n\t<meta property=\"og:image:height\" content=\"800\" \/>\n\t<meta property=\"og:image:type\" content=\"image\/jpeg\" \/>\n<meta name=\"twitter:card\" content=\"summary_large_image\" \/>\n<meta name=\"twitter:label1\" content=\"Gesch\u00e4tzte Lesezeit\" \/>\n\t<meta name=\"twitter:data1\" content=\"2\u00a0Minuten\" \/>\n<script type=\"application\/ld+json\" class=\"yoast-schema-graph\">{\"@context\":\"https:\/\/schema.org\",\"@graph\":[{\"@type\":\"WebPage\",\"@id\":\"https:\/\/mecatek.eu\/produit\/kit-de-chargement-pour-remorque\/\",\"url\":\"https:\/\/mecatek.eu\/produit\/kit-de-chargement-pour-remorque\/\",\"name\":\"Kit de chargement pour remorque - Mecatek (ex-Sawiko France)\",\"isPartOf\":{\"@id\":\"https:\/\/mecatek.eu\/#website\"},\"primaryImageOfPage\":{\"@id\":\"https:\/\/mecatek.eu\/produit\/kit-de-chargement-pour-remorque\/#primaryimage\"},\"image\":{\"@id\":\"https:\/\/mecatek.eu\/produit\/kit-de-chargement-pour-remorque\/#primaryimage\"},\"thumbnailUrl\":\"https:\/\/mecatek.eu\/wp-content\/uploads\/2025\/12\/kit-de-chargement-pour-remorque-1.jpg\",\"datePublished\":\"2025-11-10T16:38:02+00:00\",\"dateModified\":\"2026-01-23T10:55:16+00:00\",\"description\":\"D\u00e9couvrez le kit de chargement pour remorques avec son treuil manuel, sa rampe avec 370kg de charge utile, le choix id\u00e9al pour charger 1 moto ou 1 scooter !\",\"breadcrumb\":{\"@id\":\"https:\/\/mecatek.eu\/produit\/kit-de-chargement-pour-remorque\/#breadcrumb\"},\"inLanguage\":\"de\",\"potentialAction\":[{\"@type\":\"ReadAction\",\"target\":[\"https:\/\/mecatek.eu\/produit\/kit-de-chargement-pour-remorque\/\"]}]},{\"@type\":\"ImageObject\",\"inLanguage\":\"de\",\"@id\":\"https:\/\/mecatek.eu\/produit\/kit-de-chargement-pour-remorque\/#primaryimage\",\"url\":\"https:\/\/mecatek.eu\/wp-content\/uploads\/2025\/12\/kit-de-chargement-pour-remorque-1.jpg\",\"contentUrl\":\"https:\/\/mecatek.eu\/wp-content\/uploads\/2025\/12\/kit-de-chargement-pour-remorque-1.jpg\",\"width\":800,\"height\":800,\"caption\":\"Kit de chargement pour remorque\"},{\"@type\":\"BreadcrumbList\",\"@id\":\"https:\/\/mecatek.eu\/produit\/kit-de-chargement-pour-remorque\/#breadcrumb\",\"itemListElement\":[{\"@type\":\"ListItem\",\"position\":1,\"name\":\"Accueil\",\"item\":\"https:\/\/mecatek.eu\/\"},{\"@type\":\"ListItem\",\"position\":2,\"name\":\"Catalogue\",\"item\":\"https:\/\/mecatek.eu\/catalogue\/\"},{\"@type\":\"ListItem\",\"position\":3,\"name\":\"Kit de chargement pour remorque\"}]},{\"@type\":\"WebSite\",\"@id\":\"https:\/\/mecatek.eu\/#website\",\"url\":\"https:\/\/mecatek.eu\/\",\"name\":\"Mecatek (ex-Sawiko France)\",\"description\":\"Fabricant d&#039;attelages pour camping-car et fourgon - Mecatek\",\"publisher\":{\"@id\":\"https:\/\/mecatek.eu\/#organization\"},\"potentialAction\":[{\"@type\":\"SearchAction\",\"target\":{\"@type\":\"EntryPoint\",\"urlTemplate\":\"https:\/\/mecatek.eu\/?s={search_term_string}\"},\"query-input\":{\"@type\":\"PropertyValueSpecification\",\"valueRequired\":true,\"valueName\":\"search_term_string\"}}],\"inLanguage\":\"de\"},{\"@type\":\"Organization\",\"@id\":\"https:\/\/mecatek.eu\/#organization\",\"name\":\"Mecatek (ex-Sawiko France)\",\"url\":\"https:\/\/mecatek.eu\/\",\"logo\":{\"@type\":\"ImageObject\",\"inLanguage\":\"de\",\"@id\":\"https:\/\/mecatek.eu\/#\/schema\/logo\/image\/\",\"url\":\"http:\/\/mecatek.eu\/wp-content\/uploads\/2026\/01\/Logo-Mecatek-Solutions-techniques-2025-300px.png\",\"contentUrl\":\"http:\/\/mecatek.eu\/wp-content\/uploads\/2026\/01\/Logo-Mecatek-Solutions-techniques-2025-300px.png\",\"width\":400,\"height\":94,\"caption\":\"Mecatek (ex-Sawiko France)\"},\"image\":{\"@id\":\"https:\/\/mecatek.eu\/#\/schema\/logo\/image\/\"}}]}<\/script>\n<!-- \/ Yoast SEO plugin. -->","yoast_head_json":{"title":"Anh\u00e4nger-Ladekit - Mecatek (ehemals Sawiko Deutschland)","description":"Entdecken Sie das Ladekit f\u00fcr Anh\u00e4nger mit seiner manuellen Winde, seiner Rampe mit 370 kg Nutzlast - die ideale Wahl, um 1 Motorrad oder 1 Roller zu laden!","robots":{"index":"index","follow":"follow","max-snippet":"max-snippet:-1","max-image-preview":"max-image-preview:large","max-video-preview":"max-video-preview:-1"},"canonical":"https:\/\/mecatek.eu\/de\/produkt\/anhanger-ladeset\/","og_locale":"de_DE","og_type":"article","og_title":"Kit de chargement pour remorque - Mecatek (ex-Sawiko France)","og_description":"D\u00e9couvrez le kit de chargement pour remorques avec son treuil manuel, sa rampe avec 370kg de charge utile, le choix id\u00e9al pour charger 1 moto ou 1 scooter !","og_url":"https:\/\/mecatek.eu\/de\/produkt\/anhanger-ladeset\/","og_site_name":"Mecatek (ex-Sawiko France)","article_modified_time":"2026-01-23T10:55:16+00:00","og_image":[{"width":800,"height":800,"url":"http:\/\/mecatek.eu\/wp-content\/uploads\/2025\/12\/kit-de-chargement-pour-remorque-1.jpg","type":"image\/jpeg"}],"twitter_card":"summary_large_image","twitter_misc":{"Gesch\u00e4tzte Lesezeit":"2\u00a0Minuten"},"schema":{"@context":"https:\/\/schema.org","@graph":[{"@type":"WebPage","@id":"https:\/\/mecatek.eu\/produit\/kit-de-chargement-pour-remorque\/","url":"https:\/\/mecatek.eu\/produit\/kit-de-chargement-pour-remorque\/","name":"Anh\u00e4nger-Ladekit - Mecatek (ehemals Sawiko Deutschland)","isPartOf":{"@id":"https:\/\/mecatek.eu\/#website"},"primaryImageOfPage":{"@id":"https:\/\/mecatek.eu\/produit\/kit-de-chargement-pour-remorque\/#primaryimage"},"image":{"@id":"https:\/\/mecatek.eu\/produit\/kit-de-chargement-pour-remorque\/#primaryimage"},"thumbnailUrl":"https:\/\/mecatek.eu\/wp-content\/uploads\/2025\/12\/kit-de-chargement-pour-remorque-1.jpg","datePublished":"2025-11-10T16:38:02+00:00","dateModified":"2026-01-23T10:55:16+00:00","description":"Entdecken Sie das Ladekit f\u00fcr Anh\u00e4nger mit seiner manuellen Winde, seiner Rampe mit 370 kg Nutzlast - die ideale Wahl, um 1 Motorrad oder 1 Roller zu laden!","breadcrumb":{"@id":"https:\/\/mecatek.eu\/produit\/kit-de-chargement-pour-remorque\/#breadcrumb"},"inLanguage":"de","potentialAction":[{"@type":"ReadAction","target":["https:\/\/mecatek.eu\/produit\/kit-de-chargement-pour-remorque\/"]}]},{"@type":"ImageObject","inLanguage":"de","@id":"https:\/\/mecatek.eu\/produit\/kit-de-chargement-pour-remorque\/#primaryimage","url":"https:\/\/mecatek.eu\/wp-content\/uploads\/2025\/12\/kit-de-chargement-pour-remorque-1.jpg","contentUrl":"https:\/\/mecatek.eu\/wp-content\/uploads\/2025\/12\/kit-de-chargement-pour-remorque-1.jpg","width":800,"height":800,"caption":"Kit de chargement pour remorque"},{"@type":"BreadcrumbList","@id":"https:\/\/mecatek.eu\/produit\/kit-de-chargement-pour-remorque\/#breadcrumb","itemListElement":[{"@type":"ListItem","position":1,"name":"Accueil","item":"https:\/\/mecatek.eu\/"},{"@type":"ListItem","position":2,"name":"Catalogue","item":"https:\/\/mecatek.eu\/catalogue\/"},{"@type":"ListItem","position":3,"name":"Kit de chargement pour remorque"}]},{"@type":"WebSite","@id":"https:\/\/mecatek.eu\/#website","url":"https:\/\/mecatek.eu\/","name":"Mecatek (ehemals Sawiko Frankreich)","description":"Hersteller von Anh\u00e4ngerkupplungen f\u00fcr Wohnmobile und Lieferwagen - Mecatek","publisher":{"@id":"https:\/\/mecatek.eu\/#organization"},"potentialAction":[{"@type":"SearchAction","target":{"@type":"EntryPoint","urlTemplate":"https:\/\/mecatek.eu\/?s={search_term_string}"},"query-input":{"@type":"PropertyValueSpecification","valueRequired":true,"valueName":"search_term_string"}}],"inLanguage":"de"},{"@type":"Organization","@id":"https:\/\/mecatek.eu\/#organization","name":"Mecatek (ehemals Sawiko Frankreich)","url":"https:\/\/mecatek.eu\/","logo":{"@type":"ImageObject","inLanguage":"de","@id":"https:\/\/mecatek.eu\/#\/schema\/logo\/image\/","url":"http:\/\/mecatek.eu\/wp-content\/uploads\/2026\/01\/Logo-Mecatek-Solutions-techniques-2025-300px.png","contentUrl":"http:\/\/mecatek.eu\/wp-content\/uploads\/2026\/01\/Logo-Mecatek-Solutions-techniques-2025-300px.png","width":400,"height":94,"caption":"Mecatek (ex-Sawiko France)"},"image":{"@id":"https:\/\/mecatek.eu\/#\/schema\/logo\/image\/"}}]}},"_links":{"self":[{"href":"https:\/\/mecatek.eu\/de\/wp-json\/wp\/v2\/product\/1236","targetHints":{"allow":["GET"]}}],"collection":[{"href":"https:\/\/mecatek.eu\/de\/wp-json\/wp\/v2\/product"}],"about":[{"href":"https:\/\/mecatek.eu\/de\/wp-json\/wp\/v2\/types\/product"}],"replies":[{"embeddable":true,"href":"https:\/\/mecatek.eu\/de\/wp-json\/wp\/v2\/comments?post=1236"}],"version-history":[{"count":5,"href":"https:\/\/mecatek.eu\/de\/wp-json\/wp\/v2\/product\/1236\/revisions"}],"predecessor-version":[{"id":2464,"href":"https:\/\/mecatek.eu\/de\/wp-json\/wp\/v2\/product\/1236\/revisions\/2464"}],"wp:featuredmedia":[{"embeddable":true,"href":"https:\/\/mecatek.eu\/de\/wp-json\/wp\/v2\/media\/1237"}],"wp:attachment":[{"href":"https:\/\/mecatek.eu\/de\/wp-json\/wp\/v2\/media?parent=1236"}],"wp:term":[{"taxonomy":"product_brand","embeddable":true,"href":"https:\/\/mecatek.eu\/de\/wp-json\/wp\/v2\/product_brand?post=1236"},{"taxonomy":"product_cat","embeddable":true,"href":"https:\/\/mecatek.eu\/de\/wp-json\/wp\/v2\/product_cat?post=1236"},{"taxonomy":"product_tag","embeddable":true,"href":"https:\/\/mecatek.eu\/de\/wp-json\/wp\/v2\/product_tag?post=1236"}],"curies":[{"name":"wp","href":"https:\/\/api.w.org\/{rel}","templated":true}]}}