{"id":1174,"date":"2025-11-10T09:19:04","date_gmt":"2025-11-10T08:19:04","guid":{"rendered":"https:\/\/mecatek.eu\/?post_type=product&#038;p=1174"},"modified":"2026-01-23T15:54:04","modified_gmt":"2026-01-23T14:54:04","slug":"motorradtrager-fur-kastenwagen-agito-1","status":"publish","type":"product","link":"https:\/\/mecatek.eu\/de\/produkt\/motorradtrager-fur-kastenwagen-agito-1\/","title":{"rendered":"Motorradtr\u00e4ger f\u00fcr Kleintransporter Agito 1"},"content":{"rendered":"<div data-elementor-type=\"product-post\" data-elementor-id=\"1174\" class=\"elementor elementor-1174\" data-elementor-post-type=\"product\">\n\t\t\t\t<div class=\"elementor-element elementor-element-43bc3d4d e-flex e-con-boxed e-con e-parent\" data-id=\"43bc3d4d\" data-element_type=\"container\" data-e-type=\"container\">\n\t\t\t\t\t<div class=\"e-con-inner\">\n\t\t<div class=\"elementor-element elementor-element-92f4d96 e-con-full e-flex e-con e-child\" data-id=\"92f4d96\" data-element_type=\"container\" data-e-type=\"container\">\n\t\t<div class=\"elementor-element elementor-element-ec97843 e-con-full e-flex e-con e-child\" data-id=\"ec97843\" data-element_type=\"container\" data-e-type=\"container\">\n\t\t\t\t<div class=\"elementor-element elementor-element-d9fdef4 elementor-widget elementor-widget-text-editor\" data-id=\"d9fdef4\" data-element_type=\"widget\" data-e-type=\"widget\" data-widget_type=\"text-editor.default\">\n\t\t\t\t\t\t\t\t\t<h2>Motorradtr\u00e4ger f\u00fcr Lieferwagen <span style=\"color: #0079b3;\">Agito 1<\/span><\/h2>\t\t\t\t\t\t\t\t<\/div>\n\t\t\t\t<div class=\"elementor-element elementor-element-b041c50 elementor-widget elementor-widget-text-editor\" data-id=\"b041c50\" data-element_type=\"widget\" data-e-type=\"widget\" data-widget_type=\"text-editor.default\">\n\t\t\t\t\t\t\t\t\t<p><span style=\"color: #ff0000;\">Produkt vor\u00fcbergehend nicht verf\u00fcgbar<\/span><\/p><p>Das Agito 1-System wurde f\u00fcr eine breite Palette von Lieferwagen entwickelt. Dank eines Systems auf R\u00e4dern erm\u00f6glicht es das Bewegen der Last und erleichtert gleichzeitig den Zugang zu den Hintert\u00fcren. Hergestellt aus Aluminium, vereint es nur Vorteile: Gewicht, Benutzerfreundlichkeit und Zuverl\u00e4ssigkeit. Tragf\u00e4higkeit 120 kg.<\/p><p><strong>Existiert in den Versionen :<\/strong><\/p><ul><li>1 Motorrad<\/li><li>2 Fahrr\u00e4der<\/li><li>4 Fahrr\u00e4der<\/li><li>1 Motorrad und 1 Fahrrad<\/li><li>mit Kofferraum<\/li><\/ul>\t\t\t\t\t\t\t\t<\/div>\n\t\t\t\t<\/div>\n\t\t<div class=\"elementor-element elementor-element-7b8f322 e-con-full e-flex e-con e-child\" data-id=\"7b8f322\" data-element_type=\"container\" data-e-type=\"container\" data-settings=\"{&quot;background_background&quot;:&quot;classic&quot;}\">\n\t\t\t\t<div class=\"elementor-element elementor-element-45abd91 elementor-widget elementor-widget-image\" data-id=\"45abd91\" data-element_type=\"widget\" data-e-type=\"widget\" data-widget_type=\"image.default\">\n\t\t\t\t\t\t\t\t\t\t\t\t\t\t\t<img fetchpriority=\"high\" decoding=\"async\" width=\"852\" height=\"357\" src=\"https:\/\/mecatek.eu\/wp-content\/uploads\/2025\/10\/Logo-VAN-Bike-2_broderie-dos.jpeg\" class=\"attachment-full size-full wp-image-919\" alt=\"Van-Bike-Logo 2\" srcset=\"https:\/\/mecatek.eu\/wp-content\/uploads\/2025\/10\/Logo-VAN-Bike-2_broderie-dos.jpeg 852w, https:\/\/mecatek.eu\/wp-content\/uploads\/2025\/10\/Logo-VAN-Bike-2_broderie-dos-500x210.jpeg 500w\" sizes=\"(max-width: 852px) 100vw, 852px\" \/>\t\t\t\t\t\t\t\t\t\t\t\t\t\t\t<\/div>\n\t\t\t\t<div class=\"elementor-element elementor-element-6993e6a elementor-widget elementor-widget-text-editor\" data-id=\"6993e6a\" data-element_type=\"widget\" data-e-type=\"widget\" data-widget_type=\"text-editor.default\">\n\t\t\t\t\t\t\t\t\t<p><strong>Technische Daten :<\/strong><\/p><ul><li>Breite: 600 mm<\/li><li>L\u00e4nge: 2000 mm<\/li><li>Leergewicht: 45 Kg<\/li><li>Nutzlast: 120 Kg<\/li><li>Material: Aluminium<\/li><\/ul><p>Demontage ohne Werkzeug<\/p>\t\t\t\t\t\t\t\t<\/div>\n\t\t\t\t<div class=\"elementor-element elementor-element-8977214 elementor-widget elementor-widget-gallery\" data-id=\"8977214\" data-element_type=\"widget\" data-e-type=\"widget\" data-settings=\"{&quot;columns&quot;:2,&quot;columns_mobile&quot;:2,&quot;gap&quot;:{&quot;unit&quot;:&quot;px&quot;,&quot;size&quot;:5,&quot;sizes&quot;:[]},&quot;image_hover_animation&quot;:&quot;grow&quot;,&quot;lazyload&quot;:&quot;yes&quot;,&quot;gallery_layout&quot;:&quot;grid&quot;,&quot;columns_tablet&quot;:2,&quot;gap_tablet&quot;:{&quot;unit&quot;:&quot;px&quot;,&quot;size&quot;:10,&quot;sizes&quot;:[]},&quot;gap_mobile&quot;:{&quot;unit&quot;:&quot;px&quot;,&quot;size&quot;:10,&quot;sizes&quot;:[]},&quot;aspect_ratio&quot;:&quot;3:2&quot;,&quot;content_hover_animation&quot;:&quot;fade-in&quot;}\" data-widget_type=\"gallery.default\">\n\t\t\t\t\t\t\t<div class=\"elementor-gallery__container\">\n\t\t\t\t\t\t\t<div class=\"e-gallery-item elementor-gallery-item elementor-animated-content\">\n\t\t\t\t\t<div class=\"e-gallery-image elementor-gallery-item__image\" data-thumbnail=\"https:\/\/mecatek.eu\/wp-content\/uploads\/2025\/11\/logo-fiat.jpg\" data-width=\"300\" data-height=\"200\" aria-label=\"Fiat-Logo\" role=\"img\" ><\/div>\n\t\t\t\t\t\t\t\t\t\t\t\t\t\t<\/div>\n\t\t\t\t\t\t\t<div class=\"e-gallery-item elementor-gallery-item elementor-animated-content\">\n\t\t\t\t\t<div class=\"e-gallery-image elementor-gallery-item__image\" data-thumbnail=\"https:\/\/mecatek.eu\/wp-content\/uploads\/2025\/11\/logo-peugeot.jpg\" data-width=\"300\" data-height=\"200\" aria-label=\"Peugeot-Logo\" role=\"img\" ><\/div>\n\t\t\t\t\t\t\t\t\t\t\t\t\t\t<\/div>\n\t\t\t\t\t\t\t<div class=\"e-gallery-item elementor-gallery-item elementor-animated-content\">\n\t\t\t\t\t<div class=\"e-gallery-image elementor-gallery-item__image\" data-thumbnail=\"https:\/\/mecatek.eu\/wp-content\/uploads\/2025\/11\/logo-citroen.jpg\" data-width=\"300\" data-height=\"200\" aria-label=\"Citro\u00ebn-Logo\" role=\"img\" ><\/div>\n\t\t\t\t\t\t\t\t\t\t\t\t\t\t<\/div>\n\t\t\t\t\t\t\t<div class=\"e-gallery-item elementor-gallery-item elementor-animated-content\">\n\t\t\t\t\t<div class=\"e-gallery-image elementor-gallery-item__image\" data-thumbnail=\"https:\/\/mecatek.eu\/wp-content\/uploads\/2025\/11\/logo-renault.jpg\" data-width=\"300\" data-height=\"200\" aria-label=\"Renault-Logo\" role=\"img\" ><\/div>\n\t\t\t\t\t\t\t\t\t\t\t\t\t\t<\/div>\n\t\t\t\t\t\t\t<div class=\"e-gallery-item elementor-gallery-item elementor-animated-content\">\n\t\t\t\t\t<div class=\"e-gallery-image elementor-gallery-item__image\" data-thumbnail=\"https:\/\/mecatek.eu\/wp-content\/uploads\/2025\/11\/logo-ford.jpg\" data-width=\"300\" data-height=\"200\" aria-label=\"Ford-Logo\" role=\"img\" ><\/div>\n\t\t\t\t\t\t\t\t\t\t\t\t\t\t<\/div>\n\t\t\t\t\t\t\t<div class=\"e-gallery-item elementor-gallery-item elementor-animated-content\">\n\t\t\t\t\t<div class=\"e-gallery-image elementor-gallery-item__image\" data-thumbnail=\"https:\/\/mecatek.eu\/wp-content\/uploads\/2025\/11\/logo-mercedes.jpg\" data-width=\"300\" data-height=\"200\" aria-label=\"Mercedes-Logo\" role=\"img\" ><\/div>\n\t\t\t\t\t\t\t\t\t\t\t\t\t\t<\/div>\n\t\t\t\t\t\t\t<div class=\"e-gallery-item elementor-gallery-item elementor-animated-content\">\n\t\t\t\t\t<div class=\"e-gallery-image elementor-gallery-item__image\" data-thumbnail=\"https:\/\/mecatek.eu\/wp-content\/uploads\/2025\/11\/logo-man.jpg\" data-width=\"300\" data-height=\"200\" aria-label=\"MAN-Logo\" role=\"img\" ><\/div>\n\t\t\t\t\t\t\t\t\t\t\t\t\t\t<\/div>\n\t\t\t\t\t\t\t<div class=\"e-gallery-item elementor-gallery-item elementor-animated-content\">\n\t\t\t\t\t<div class=\"e-gallery-image elementor-gallery-item__image\" data-thumbnail=\"https:\/\/mecatek.eu\/wp-content\/uploads\/2025\/11\/logo-vw.jpg\" data-width=\"300\" data-height=\"200\" aria-label=\"VW-Logo\" role=\"img\" ><\/div>\n\t\t\t\t\t\t\t\t\t\t\t\t\t\t<\/div>\n\t\t\t\t\t\t\t<div class=\"e-gallery-item elementor-gallery-item elementor-animated-content\">\n\t\t\t\t\t<div class=\"e-gallery-image elementor-gallery-item__image\" data-thumbnail=\"https:\/\/mecatek.eu\/wp-content\/uploads\/2025\/11\/logo-iveco.jpg\" data-width=\"300\" data-height=\"200\" aria-label=\"IVECO-Logo\" role=\"img\" ><\/div>\n\t\t\t\t\t\t\t\t\t\t\t\t\t\t<\/div>\n\t\t\t\t\t<\/div>\n\t\t\t\t\t<\/div>\n\t\t\t\t<\/div>\n\t\t\t\t<\/div>\n\t\t\t\t\t<\/div>\n\t\t\t\t<\/div>\n\t\t\t\t<\/div>","protected":false},"excerpt":{"rendered":"<p>Das Agito 1-System wurde f\u00fcr eine breite Palette von Lieferwagen entwickelt. Sein System auf R\u00e4dern erm\u00f6glicht ein einfaches Bewegen der Last und erleichtert gleichzeitig den Zugang zu den hinteren T\u00fcren. Hergestellt aus leichtem Aluminium, bietet es geringes Gewicht, hohe Benutzerfreundlichkeit und optimale Zuverl\u00e4ssigkeit. Maximale Tragf\u00e4higkeit: 120 kg. Ideal f\u00fcr den sicheren Transport von Fahrr\u00e4dern oder Motorr\u00e4dern. In verschiedenen Ausf\u00fchrungen erh\u00e4ltlich.<\/p>","protected":false},"featured_media":1527,"comment_status":"closed","ping_status":"closed","template":"","meta":[],"product_brand":[68],"product_cat":[72],"product_tag":[],"class_list":{"0":"post-1174","1":"product","2":"type-product","3":"status-publish","4":"has-post-thumbnail","6":"product_brand-sawiko","7":"product_cat-porte-motos-fourgon","9":"first","10":"instock","11":"shipping-taxable","12":"product-type-simple"},"yoast_head":"<!-- This site is optimized with the Yoast SEO plugin v26.9 - https:\/\/yoast.com\/product\/yoast-seo-wordpress\/ -->\n<title>Porte-moto pour fourgon Agito 1 - Mecatek (ex-Sawiko France)<\/title>\n<meta name=\"description\" content=\"D\u00e9couvrez le porte moto pour fourgon Agito 1 et sa charge utile 120 kg, id\u00e9al pour le transport de votre moto ou d&#039;un scooter\" \/>\n<meta name=\"robots\" content=\"index, follow, max-snippet:-1, max-image-preview:large, max-video-preview:-1\" \/>\n<link rel=\"canonical\" href=\"https:\/\/mecatek.eu\/de\/produkt\/motorradtrager-fur-kastenwagen-agito-1\/\" \/>\n<meta property=\"og:locale\" content=\"de_DE\" \/>\n<meta property=\"og:type\" content=\"article\" \/>\n<meta property=\"og:title\" content=\"Porte-moto pour fourgon Agito 1 - Mecatek (ex-Sawiko France)\" \/>\n<meta property=\"og:description\" content=\"D\u00e9couvrez le porte moto pour fourgon Agito 1 et sa charge utile 120 kg, id\u00e9al pour le transport de votre moto ou d&#039;un scooter\" \/>\n<meta property=\"og:url\" content=\"https:\/\/mecatek.eu\/de\/produkt\/motorradtrager-fur-kastenwagen-agito-1\/\" \/>\n<meta property=\"og:site_name\" content=\"Mecatek (ex-Sawiko France)\" \/>\n<meta property=\"article:modified_time\" content=\"2026-01-23T14:54:04+00:00\" \/>\n<meta property=\"og:image\" content=\"http:\/\/mecatek.eu\/wp-content\/uploads\/2025\/11\/porte-velos-porte-moto-agito-1-1.jpg\" \/>\n\t<meta property=\"og:image:width\" content=\"800\" \/>\n\t<meta property=\"og:image:height\" content=\"800\" \/>\n\t<meta property=\"og:image:type\" content=\"image\/jpeg\" \/>\n<meta name=\"twitter:card\" content=\"summary_large_image\" \/>\n<meta name=\"twitter:label1\" content=\"Gesch\u00e4tzte Lesezeit\" \/>\n\t<meta name=\"twitter:data1\" content=\"1\u00a0Minute\" \/>\n<script type=\"application\/ld+json\" class=\"yoast-schema-graph\">{\"@context\":\"https:\/\/schema.org\",\"@graph\":[{\"@type\":\"WebPage\",\"@id\":\"https:\/\/mecatek.eu\/produit\/porte-moto-pour-fourgon-agito-1\/\",\"url\":\"https:\/\/mecatek.eu\/produit\/porte-moto-pour-fourgon-agito-1\/\",\"name\":\"Porte-moto pour fourgon Agito 1 - Mecatek (ex-Sawiko France)\",\"isPartOf\":{\"@id\":\"https:\/\/mecatek.eu\/#website\"},\"primaryImageOfPage\":{\"@id\":\"https:\/\/mecatek.eu\/produit\/porte-moto-pour-fourgon-agito-1\/#primaryimage\"},\"image\":{\"@id\":\"https:\/\/mecatek.eu\/produit\/porte-moto-pour-fourgon-agito-1\/#primaryimage\"},\"thumbnailUrl\":\"https:\/\/mecatek.eu\/wp-content\/uploads\/2025\/11\/porte-velos-porte-moto-agito-1-1.jpg\",\"datePublished\":\"2025-11-10T08:19:04+00:00\",\"dateModified\":\"2026-01-23T14:54:04+00:00\",\"description\":\"D\u00e9couvrez le porte moto pour fourgon Agito 1 et sa charge utile 120 kg, id\u00e9al pour le transport de votre moto ou d'un scooter\",\"breadcrumb\":{\"@id\":\"https:\/\/mecatek.eu\/produit\/porte-moto-pour-fourgon-agito-1\/#breadcrumb\"},\"inLanguage\":\"de\",\"potentialAction\":[{\"@type\":\"ReadAction\",\"target\":[\"https:\/\/mecatek.eu\/produit\/porte-moto-pour-fourgon-agito-1\/\"]}]},{\"@type\":\"ImageObject\",\"inLanguage\":\"de\",\"@id\":\"https:\/\/mecatek.eu\/produit\/porte-moto-pour-fourgon-agito-1\/#primaryimage\",\"url\":\"https:\/\/mecatek.eu\/wp-content\/uploads\/2025\/11\/porte-velos-porte-moto-agito-1-1.jpg\",\"contentUrl\":\"https:\/\/mecatek.eu\/wp-content\/uploads\/2025\/11\/porte-velos-porte-moto-agito-1-1.jpg\",\"width\":800,\"height\":800,\"caption\":\"Porte-motos pour fourgons Agito 1 nu\"},{\"@type\":\"BreadcrumbList\",\"@id\":\"https:\/\/mecatek.eu\/produit\/porte-moto-pour-fourgon-agito-1\/#breadcrumb\",\"itemListElement\":[{\"@type\":\"ListItem\",\"position\":1,\"name\":\"Accueil\",\"item\":\"https:\/\/mecatek.eu\/\"},{\"@type\":\"ListItem\",\"position\":2,\"name\":\"Catalogue\",\"item\":\"https:\/\/mecatek.eu\/catalogue\/\"},{\"@type\":\"ListItem\",\"position\":3,\"name\":\"Porte-moto pour fourgon Agito 1\"}]},{\"@type\":\"WebSite\",\"@id\":\"https:\/\/mecatek.eu\/#website\",\"url\":\"https:\/\/mecatek.eu\/\",\"name\":\"Mecatek (ex-Sawiko France)\",\"description\":\"Fabricant d&#039;attelages pour camping-car et fourgon - Mecatek\",\"publisher\":{\"@id\":\"https:\/\/mecatek.eu\/#organization\"},\"potentialAction\":[{\"@type\":\"SearchAction\",\"target\":{\"@type\":\"EntryPoint\",\"urlTemplate\":\"https:\/\/mecatek.eu\/?s={search_term_string}\"},\"query-input\":{\"@type\":\"PropertyValueSpecification\",\"valueRequired\":true,\"valueName\":\"search_term_string\"}}],\"inLanguage\":\"de\"},{\"@type\":\"Organization\",\"@id\":\"https:\/\/mecatek.eu\/#organization\",\"name\":\"Mecatek (ex-Sawiko France)\",\"url\":\"https:\/\/mecatek.eu\/\",\"logo\":{\"@type\":\"ImageObject\",\"inLanguage\":\"de\",\"@id\":\"https:\/\/mecatek.eu\/#\/schema\/logo\/image\/\",\"url\":\"http:\/\/mecatek.eu\/wp-content\/uploads\/2026\/01\/Logo-Mecatek-Solutions-techniques-2025-300px.png\",\"contentUrl\":\"http:\/\/mecatek.eu\/wp-content\/uploads\/2026\/01\/Logo-Mecatek-Solutions-techniques-2025-300px.png\",\"width\":400,\"height\":94,\"caption\":\"Mecatek (ex-Sawiko France)\"},\"image\":{\"@id\":\"https:\/\/mecatek.eu\/#\/schema\/logo\/image\/\"}}]}<\/script>\n<!-- \/ Yoast SEO plugin. -->","yoast_head_json":{"title":"Motorradtr\u00e4ger f\u00fcr Kleintransporter Agito 1 - Mecatek (ehemals Sawiko Deutschland)","description":"Entdecken Sie den Motorradtr\u00e4ger f\u00fcr Kleintransporter Agito 1 und seine Nutzlast von 120 kg, ideal f\u00fcr den Transport Ihres Motorrads oder Rollers.","robots":{"index":"index","follow":"follow","max-snippet":"max-snippet:-1","max-image-preview":"max-image-preview:large","max-video-preview":"max-video-preview:-1"},"canonical":"https:\/\/mecatek.eu\/de\/produkt\/motorradtrager-fur-kastenwagen-agito-1\/","og_locale":"de_DE","og_type":"article","og_title":"Porte-moto pour fourgon Agito 1 - Mecatek (ex-Sawiko France)","og_description":"D\u00e9couvrez le porte moto pour fourgon Agito 1 et sa charge utile 120 kg, id\u00e9al pour le transport de votre moto ou d'un scooter","og_url":"https:\/\/mecatek.eu\/de\/produkt\/motorradtrager-fur-kastenwagen-agito-1\/","og_site_name":"Mecatek (ex-Sawiko France)","article_modified_time":"2026-01-23T14:54:04+00:00","og_image":[{"width":800,"height":800,"url":"http:\/\/mecatek.eu\/wp-content\/uploads\/2025\/11\/porte-velos-porte-moto-agito-1-1.jpg","type":"image\/jpeg"}],"twitter_card":"summary_large_image","twitter_misc":{"Gesch\u00e4tzte Lesezeit":"1\u00a0Minute"},"schema":{"@context":"https:\/\/schema.org","@graph":[{"@type":"WebPage","@id":"https:\/\/mecatek.eu\/produit\/porte-moto-pour-fourgon-agito-1\/","url":"https:\/\/mecatek.eu\/produit\/porte-moto-pour-fourgon-agito-1\/","name":"Motorradtr\u00e4ger f\u00fcr Kleintransporter Agito 1 - Mecatek (ehemals Sawiko Deutschland)","isPartOf":{"@id":"https:\/\/mecatek.eu\/#website"},"primaryImageOfPage":{"@id":"https:\/\/mecatek.eu\/produit\/porte-moto-pour-fourgon-agito-1\/#primaryimage"},"image":{"@id":"https:\/\/mecatek.eu\/produit\/porte-moto-pour-fourgon-agito-1\/#primaryimage"},"thumbnailUrl":"https:\/\/mecatek.eu\/wp-content\/uploads\/2025\/11\/porte-velos-porte-moto-agito-1-1.jpg","datePublished":"2025-11-10T08:19:04+00:00","dateModified":"2026-01-23T14:54:04+00:00","description":"Entdecken Sie den Motorradtr\u00e4ger f\u00fcr Kleintransporter Agito 1 und seine Nutzlast von 120 kg, ideal f\u00fcr den Transport Ihres Motorrads oder Rollers.","breadcrumb":{"@id":"https:\/\/mecatek.eu\/produit\/porte-moto-pour-fourgon-agito-1\/#breadcrumb"},"inLanguage":"de","potentialAction":[{"@type":"ReadAction","target":["https:\/\/mecatek.eu\/produit\/porte-moto-pour-fourgon-agito-1\/"]}]},{"@type":"ImageObject","inLanguage":"de","@id":"https:\/\/mecatek.eu\/produit\/porte-moto-pour-fourgon-agito-1\/#primaryimage","url":"https:\/\/mecatek.eu\/wp-content\/uploads\/2025\/11\/porte-velos-porte-moto-agito-1-1.jpg","contentUrl":"https:\/\/mecatek.eu\/wp-content\/uploads\/2025\/11\/porte-velos-porte-moto-agito-1-1.jpg","width":800,"height":800,"caption":"Porte-motos pour fourgons Agito 1 nu"},{"@type":"BreadcrumbList","@id":"https:\/\/mecatek.eu\/produit\/porte-moto-pour-fourgon-agito-1\/#breadcrumb","itemListElement":[{"@type":"ListItem","position":1,"name":"Accueil","item":"https:\/\/mecatek.eu\/"},{"@type":"ListItem","position":2,"name":"Catalogue","item":"https:\/\/mecatek.eu\/catalogue\/"},{"@type":"ListItem","position":3,"name":"Porte-moto pour fourgon Agito 1"}]},{"@type":"WebSite","@id":"https:\/\/mecatek.eu\/#website","url":"https:\/\/mecatek.eu\/","name":"Mecatek (ehemals Sawiko Frankreich)","description":"Hersteller von Anh\u00e4ngerkupplungen f\u00fcr Wohnmobile und Lieferwagen - Mecatek","publisher":{"@id":"https:\/\/mecatek.eu\/#organization"},"potentialAction":[{"@type":"SearchAction","target":{"@type":"EntryPoint","urlTemplate":"https:\/\/mecatek.eu\/?s={search_term_string}"},"query-input":{"@type":"PropertyValueSpecification","valueRequired":true,"valueName":"search_term_string"}}],"inLanguage":"de"},{"@type":"Organization","@id":"https:\/\/mecatek.eu\/#organization","name":"Mecatek (ehemals Sawiko Frankreich)","url":"https:\/\/mecatek.eu\/","logo":{"@type":"ImageObject","inLanguage":"de","@id":"https:\/\/mecatek.eu\/#\/schema\/logo\/image\/","url":"http:\/\/mecatek.eu\/wp-content\/uploads\/2026\/01\/Logo-Mecatek-Solutions-techniques-2025-300px.png","contentUrl":"http:\/\/mecatek.eu\/wp-content\/uploads\/2026\/01\/Logo-Mecatek-Solutions-techniques-2025-300px.png","width":400,"height":94,"caption":"Mecatek (ex-Sawiko France)"},"image":{"@id":"https:\/\/mecatek.eu\/#\/schema\/logo\/image\/"}}]}},"_links":{"self":[{"href":"https:\/\/mecatek.eu\/de\/wp-json\/wp\/v2\/product\/1174","targetHints":{"allow":["GET"]}}],"collection":[{"href":"https:\/\/mecatek.eu\/de\/wp-json\/wp\/v2\/product"}],"about":[{"href":"https:\/\/mecatek.eu\/de\/wp-json\/wp\/v2\/types\/product"}],"replies":[{"embeddable":true,"href":"https:\/\/mecatek.eu\/de\/wp-json\/wp\/v2\/comments?post=1174"}],"version-history":[{"count":9,"href":"https:\/\/mecatek.eu\/de\/wp-json\/wp\/v2\/product\/1174\/revisions"}],"predecessor-version":[{"id":2489,"href":"https:\/\/mecatek.eu\/de\/wp-json\/wp\/v2\/product\/1174\/revisions\/2489"}],"wp:featuredmedia":[{"embeddable":true,"href":"https:\/\/mecatek.eu\/de\/wp-json\/wp\/v2\/media\/1527"}],"wp:attachment":[{"href":"https:\/\/mecatek.eu\/de\/wp-json\/wp\/v2\/media?parent=1174"}],"wp:term":[{"taxonomy":"product_brand","embeddable":true,"href":"https:\/\/mecatek.eu\/de\/wp-json\/wp\/v2\/product_brand?post=1174"},{"taxonomy":"product_cat","embeddable":true,"href":"https:\/\/mecatek.eu\/de\/wp-json\/wp\/v2\/product_cat?post=1174"},{"taxonomy":"product_tag","embeddable":true,"href":"https:\/\/mecatek.eu\/de\/wp-json\/wp\/v2\/product_tag?post=1174"}],"curies":[{"name":"wp","href":"https:\/\/api.w.org\/{rel}","templated":true}]}}