{"id":1170,"date":"2025-11-10T09:04:44","date_gmt":"2025-11-10T08:04:44","guid":{"rendered":"https:\/\/mecatek.eu\/?post_type=product&#038;p=1170"},"modified":"2026-01-26T13:47:45","modified_gmt":"2026-01-26T12:47:45","slug":"anhangerkupplungen-fur-lieferwagen-und-vans","status":"publish","type":"product","link":"https:\/\/mecatek.eu\/de\/produkt\/anhangerkupplungen-fur-lieferwagen-und-vans\/","title":{"rendered":"Anh\u00e4ngerkupplungen f\u00fcr Lieferwagen und Vans"},"content":{"rendered":"<div data-elementor-type=\"product-post\" data-elementor-id=\"1170\" class=\"elementor elementor-1170\" data-elementor-post-type=\"product\">\n\t\t\t\t<div class=\"elementor-element elementor-element-7c70b030 e-flex e-con-boxed e-con e-parent\" data-id=\"7c70b030\" data-element_type=\"container\" data-e-type=\"container\">\n\t\t\t\t\t<div class=\"e-con-inner\">\n\t\t<div class=\"elementor-element elementor-element-13861f8 e-con-full e-flex e-con e-child\" data-id=\"13861f8\" data-element_type=\"container\" data-e-type=\"container\">\n\t\t<div class=\"elementor-element elementor-element-2d19041 e-con-full e-flex e-con e-child\" data-id=\"2d19041\" data-element_type=\"container\" data-e-type=\"container\">\n\t\t\t\t<div class=\"elementor-element elementor-element-c3035ff elementor-widget elementor-widget-text-editor\" data-id=\"c3035ff\" data-element_type=\"widget\" data-e-type=\"widget\" data-widget_type=\"text-editor.default\">\n\t\t\t\t\t\t\t\t\t<h2>Anh\u00e4ngerkupplung f\u00fcr Kastenwagen und umgebaute Vans<\/h2>\t\t\t\t\t\t\t\t<\/div>\n\t\t\t\t<div class=\"elementor-element elementor-element-de13ce6 elementor-widget elementor-widget-text-editor\" data-id=\"de13ce6\" data-element_type=\"widget\" data-e-type=\"widget\" data-widget_type=\"text-editor.default\">\n\t\t\t\t\t\t\t\t\t<p>Wir r\u00fcsten aus in <strong>Gespanne<\/strong> die meisten <strong>Lieferwagen und Vans<\/strong>.<br \/>Wir bieten auch ein demontierbares Kugelsystem an, das der technischen Machbarkeit entspricht.<\/p><p>Da jedes Fahrzeug seine technischen Besonderheiten hat, pr\u00fcfen und bearbeiten wir Ihre Anfragen von Fall zu Fall, um Ihnen die richtige Anh\u00e4ngerkupplung zu liefern.<br \/>Um Ihnen einen optimalen Service und eine optimale Beratung bieten zu k\u00f6nnen, m\u00fcssen wir daher die folgenden Informationen \u00fcber Ihr Fahrzeug kennen:<\/p><p>- Marke<br \/>- Modell<br \/>- Art des Fahrgestells<br \/>- Jahr der ersten Inverkehrsetzung<\/p><p>Wir k\u00f6nnen Sie dann beraten, wie Sie eine Anh\u00e4ngerkupplung f\u00fcr Kastenwagen unter Ber\u00fccksichtigung dieser technischen Besonderheiten definieren k\u00f6nnen.<\/p><p>Z\u00f6gern Sie nicht, uns f\u00fcr alle Ihre Anfragen per E-Mail oder \u00fcber das Kontaktformular zu kontaktieren, wir werden Ihnen umgehend antworten.<\/p><p>Wir r\u00fcsten eine Vielzahl von Marken von Kleintransportern aus.<\/p>\t\t\t\t\t\t\t\t<\/div>\n\t\t\t\t<\/div>\n\t\t<div class=\"elementor-element elementor-element-39e3164 e-con-full e-flex e-con e-child\" data-id=\"39e3164\" data-element_type=\"container\" data-e-type=\"container\" data-settings=\"{&quot;background_background&quot;:&quot;classic&quot;}\">\n\t\t\t\t<div class=\"elementor-element elementor-element-7fdb953 elementor-widget elementor-widget-image\" data-id=\"7fdb953\" data-element_type=\"widget\" data-e-type=\"widget\" data-widget_type=\"image.default\">\n\t\t\t\t\t\t\t\t\t\t\t\t\t\t\t<img fetchpriority=\"high\" decoding=\"async\" width=\"400\" height=\"200\" src=\"https:\/\/mecatek.eu\/wp-content\/uploads\/2025\/11\/Logo-attelage.png\" class=\"attachment-full size-full wp-image-1064\" alt=\"\" \/>\t\t\t\t\t\t\t\t\t\t\t\t\t\t\t<\/div>\n\t\t\t\t<div class=\"elementor-element elementor-element-ab84bbd elementor-widget elementor-widget-text-editor\" data-id=\"ab84bbd\" data-element_type=\"widget\" data-e-type=\"widget\" data-widget_type=\"text-editor.default\">\n\t\t\t\t\t\t\t\t\t<p><strong>Fahrzeuge com<\/strong><strong>geduldig :<br \/><\/strong><\/p><ul><li>Citro\u00ebn<\/li><li>Peugeot<\/li><li>Fiat<\/li><li>Renault<\/li><li>Ford<\/li><li>Mercedes<\/li><li>Volkswagen<\/li><li>Man<\/li><\/ul>\t\t\t\t\t\t\t\t<\/div>\n\t\t\t\t<div class=\"elementor-element elementor-element-65a04de elementor-widget elementor-widget-gallery\" data-id=\"65a04de\" data-element_type=\"widget\" data-e-type=\"widget\" data-settings=\"{&quot;columns&quot;:2,&quot;columns_mobile&quot;:2,&quot;gap&quot;:{&quot;unit&quot;:&quot;px&quot;,&quot;size&quot;:5,&quot;sizes&quot;:[]},&quot;image_hover_animation&quot;:&quot;grow&quot;,&quot;lazyload&quot;:&quot;yes&quot;,&quot;gallery_layout&quot;:&quot;grid&quot;,&quot;columns_tablet&quot;:2,&quot;gap_tablet&quot;:{&quot;unit&quot;:&quot;px&quot;,&quot;size&quot;:10,&quot;sizes&quot;:[]},&quot;gap_mobile&quot;:{&quot;unit&quot;:&quot;px&quot;,&quot;size&quot;:10,&quot;sizes&quot;:[]},&quot;aspect_ratio&quot;:&quot;3:2&quot;,&quot;content_hover_animation&quot;:&quot;fade-in&quot;}\" data-widget_type=\"gallery.default\">\n\t\t\t\t\t\t\t<div class=\"elementor-gallery__container\">\n\t\t\t\t\t\t\t<div class=\"e-gallery-item elementor-gallery-item elementor-animated-content\">\n\t\t\t\t\t<div class=\"e-gallery-image elementor-gallery-item__image\" data-thumbnail=\"https:\/\/mecatek.eu\/wp-content\/uploads\/2025\/11\/logo-fiat.jpg\" data-width=\"300\" data-height=\"200\" aria-label=\"Fiat-Logo\" role=\"img\" ><\/div>\n\t\t\t\t\t\t\t\t\t\t\t\t\t\t<\/div>\n\t\t\t\t\t\t\t<div class=\"e-gallery-item elementor-gallery-item elementor-animated-content\">\n\t\t\t\t\t<div class=\"e-gallery-image elementor-gallery-item__image\" data-thumbnail=\"https:\/\/mecatek.eu\/wp-content\/uploads\/2025\/11\/logo-peugeot.jpg\" data-width=\"300\" data-height=\"200\" aria-label=\"Peugeot-Logo\" role=\"img\" ><\/div>\n\t\t\t\t\t\t\t\t\t\t\t\t\t\t<\/div>\n\t\t\t\t\t\t\t<div class=\"e-gallery-item elementor-gallery-item elementor-animated-content\">\n\t\t\t\t\t<div class=\"e-gallery-image elementor-gallery-item__image\" data-thumbnail=\"https:\/\/mecatek.eu\/wp-content\/uploads\/2025\/11\/logo-citroen.jpg\" data-width=\"300\" data-height=\"200\" aria-label=\"Citro\u00ebn-Logo\" role=\"img\" ><\/div>\n\t\t\t\t\t\t\t\t\t\t\t\t\t\t<\/div>\n\t\t\t\t\t\t\t<div class=\"e-gallery-item elementor-gallery-item elementor-animated-content\">\n\t\t\t\t\t<div class=\"e-gallery-image elementor-gallery-item__image\" data-thumbnail=\"https:\/\/mecatek.eu\/wp-content\/uploads\/2025\/11\/logo-renault.jpg\" data-width=\"300\" data-height=\"200\" aria-label=\"Renault-Logo\" role=\"img\" ><\/div>\n\t\t\t\t\t\t\t\t\t\t\t\t\t\t<\/div>\n\t\t\t\t\t\t\t<div class=\"e-gallery-item elementor-gallery-item elementor-animated-content\">\n\t\t\t\t\t<div class=\"e-gallery-image elementor-gallery-item__image\" data-thumbnail=\"https:\/\/mecatek.eu\/wp-content\/uploads\/2025\/11\/logo-ford.jpg\" data-width=\"300\" data-height=\"200\" aria-label=\"Ford-Logo\" role=\"img\" ><\/div>\n\t\t\t\t\t\t\t\t\t\t\t\t\t\t<\/div>\n\t\t\t\t\t\t\t<div class=\"e-gallery-item elementor-gallery-item elementor-animated-content\">\n\t\t\t\t\t<div class=\"e-gallery-image elementor-gallery-item__image\" data-thumbnail=\"https:\/\/mecatek.eu\/wp-content\/uploads\/2025\/11\/logo-mercedes.jpg\" data-width=\"300\" data-height=\"200\" aria-label=\"Mercedes-Logo\" role=\"img\" ><\/div>\n\t\t\t\t\t\t\t\t\t\t\t\t\t\t<\/div>\n\t\t\t\t\t\t\t<div class=\"e-gallery-item elementor-gallery-item elementor-animated-content\">\n\t\t\t\t\t<div class=\"e-gallery-image elementor-gallery-item__image\" data-thumbnail=\"https:\/\/mecatek.eu\/wp-content\/uploads\/2025\/11\/logo-man.jpg\" data-width=\"300\" data-height=\"200\" aria-label=\"MAN-Logo\" role=\"img\" ><\/div>\n\t\t\t\t\t\t\t\t\t\t\t\t\t\t<\/div>\n\t\t\t\t\t\t\t<div class=\"e-gallery-item elementor-gallery-item elementor-animated-content\">\n\t\t\t\t\t<div class=\"e-gallery-image elementor-gallery-item__image\" data-thumbnail=\"https:\/\/mecatek.eu\/wp-content\/uploads\/2025\/11\/logo-vw.jpg\" data-width=\"300\" data-height=\"200\" aria-label=\"VW-Logo\" role=\"img\" ><\/div>\n\t\t\t\t\t\t\t\t\t\t\t\t\t\t<\/div>\n\t\t\t\t\t<\/div>\n\t\t\t\t\t<\/div>\n\t\t\t\t<\/div>\n\t\t\t\t<\/div>\n\t\t\t\t\t<\/div>\n\t\t\t\t<\/div>\n\t\t\t\t<\/div>","protected":false},"excerpt":{"rendered":"<p>Als Hersteller ist die\u2019<strong>Anh\u00e4ngerkupplung f\u00fcr Lieferwagen<\/strong> und Vans ist das Herzst\u00fcck unseres Gesch\u00e4fts.<\/p>","protected":false},"featured_media":1498,"comment_status":"closed","ping_status":"closed","template":"","meta":[],"product_brand":[],"product_cat":[71],"product_tag":[],"class_list":{"0":"post-1170","1":"product","2":"type-product","3":"status-publish","4":"has-post-thumbnail","6":"product_cat-attache-remorques-fourgon","8":"first","9":"instock","10":"shipping-taxable","11":"product-type-simple"},"yoast_head":"<!-- This site is optimized with the Yoast SEO plugin v26.9 - https:\/\/yoast.com\/product\/yoast-seo-wordpress\/ -->\n<title>Attelages pour fourgons et vans - Mecatek (ex-Sawiko France)<\/title>\n<meta name=\"description\" content=\"Attelage fourgon et van : Nous \u00e9quipons en attaches remorque la plupart des fourgons et vans avec la possibilit\u00e9 d&#039;ajouter un syst\u00e8me de boule d\u00e9montable.\" \/>\n<meta name=\"robots\" content=\"index, follow, max-snippet:-1, max-image-preview:large, max-video-preview:-1\" \/>\n<link rel=\"canonical\" href=\"https:\/\/mecatek.eu\/de\/produkt\/anhangerkupplungen-fur-lieferwagen-und-vans\/\" \/>\n<meta property=\"og:locale\" content=\"de_DE\" \/>\n<meta property=\"og:type\" content=\"article\" \/>\n<meta property=\"og:title\" content=\"Attelages pour fourgons et vans - Mecatek (ex-Sawiko France)\" \/>\n<meta property=\"og:description\" content=\"Attelage fourgon et van : Nous \u00e9quipons en attaches remorque la plupart des fourgons et vans avec la possibilit\u00e9 d&#039;ajouter un syst\u00e8me de boule d\u00e9montable.\" \/>\n<meta property=\"og:url\" content=\"https:\/\/mecatek.eu\/de\/produkt\/anhangerkupplungen-fur-lieferwagen-und-vans\/\" \/>\n<meta property=\"og:site_name\" content=\"Mecatek (ex-Sawiko France)\" \/>\n<meta property=\"article:modified_time\" content=\"2026-01-26T12:47:45+00:00\" \/>\n<meta property=\"og:image\" content=\"http:\/\/mecatek.eu\/wp-content\/uploads\/2025\/11\/ATTELAGE-FOURGON.png\" \/>\n\t<meta property=\"og:image:width\" content=\"800\" \/>\n\t<meta property=\"og:image:height\" content=\"800\" \/>\n\t<meta property=\"og:image:type\" content=\"image\/png\" \/>\n<meta name=\"twitter:card\" content=\"summary_large_image\" \/>\n<meta name=\"twitter:label1\" content=\"Gesch\u00e4tzte Lesezeit\" \/>\n\t<meta name=\"twitter:data1\" content=\"2\u00a0Minuten\" \/>\n<script type=\"application\/ld+json\" class=\"yoast-schema-graph\">{\"@context\":\"https:\/\/schema.org\",\"@graph\":[{\"@type\":\"WebPage\",\"@id\":\"https:\/\/mecatek.eu\/produit\/attelages-pour-fourgons-et-vans\/\",\"url\":\"https:\/\/mecatek.eu\/produit\/attelages-pour-fourgons-et-vans\/\",\"name\":\"Attelages pour fourgons et vans - Mecatek (ex-Sawiko France)\",\"isPartOf\":{\"@id\":\"https:\/\/mecatek.eu\/#website\"},\"primaryImageOfPage\":{\"@id\":\"https:\/\/mecatek.eu\/produit\/attelages-pour-fourgons-et-vans\/#primaryimage\"},\"image\":{\"@id\":\"https:\/\/mecatek.eu\/produit\/attelages-pour-fourgons-et-vans\/#primaryimage\"},\"thumbnailUrl\":\"https:\/\/mecatek.eu\/wp-content\/uploads\/2025\/11\/ATTELAGE-FOURGON.png\",\"datePublished\":\"2025-11-10T08:04:44+00:00\",\"dateModified\":\"2026-01-26T12:47:45+00:00\",\"description\":\"Attelage fourgon et van : Nous \u00e9quipons en attaches remorque la plupart des fourgons et vans avec la possibilit\u00e9 d'ajouter un syst\u00e8me de boule d\u00e9montable.\",\"breadcrumb\":{\"@id\":\"https:\/\/mecatek.eu\/produit\/attelages-pour-fourgons-et-vans\/#breadcrumb\"},\"inLanguage\":\"de\",\"potentialAction\":[{\"@type\":\"ReadAction\",\"target\":[\"https:\/\/mecatek.eu\/produit\/attelages-pour-fourgons-et-vans\/\"]}]},{\"@type\":\"ImageObject\",\"inLanguage\":\"de\",\"@id\":\"https:\/\/mecatek.eu\/produit\/attelages-pour-fourgons-et-vans\/#primaryimage\",\"url\":\"https:\/\/mecatek.eu\/wp-content\/uploads\/2025\/11\/ATTELAGE-FOURGON.png\",\"contentUrl\":\"https:\/\/mecatek.eu\/wp-content\/uploads\/2025\/11\/ATTELAGE-FOURGON.png\",\"width\":800,\"height\":800,\"caption\":\"Attelage pour fourgon avec boule fixe\"},{\"@type\":\"BreadcrumbList\",\"@id\":\"https:\/\/mecatek.eu\/produit\/attelages-pour-fourgons-et-vans\/#breadcrumb\",\"itemListElement\":[{\"@type\":\"ListItem\",\"position\":1,\"name\":\"Accueil\",\"item\":\"https:\/\/mecatek.eu\/\"},{\"@type\":\"ListItem\",\"position\":2,\"name\":\"Catalogue\",\"item\":\"https:\/\/mecatek.eu\/catalogue\/\"},{\"@type\":\"ListItem\",\"position\":3,\"name\":\"Attelages pour fourgons et vans\"}]},{\"@type\":\"WebSite\",\"@id\":\"https:\/\/mecatek.eu\/#website\",\"url\":\"https:\/\/mecatek.eu\/\",\"name\":\"Mecatek (ex-Sawiko France)\",\"description\":\"Fabricant d&#039;attelages pour camping-car et fourgon - Mecatek\",\"publisher\":{\"@id\":\"https:\/\/mecatek.eu\/#organization\"},\"potentialAction\":[{\"@type\":\"SearchAction\",\"target\":{\"@type\":\"EntryPoint\",\"urlTemplate\":\"https:\/\/mecatek.eu\/?s={search_term_string}\"},\"query-input\":{\"@type\":\"PropertyValueSpecification\",\"valueRequired\":true,\"valueName\":\"search_term_string\"}}],\"inLanguage\":\"de\"},{\"@type\":\"Organization\",\"@id\":\"https:\/\/mecatek.eu\/#organization\",\"name\":\"Mecatek (ex-Sawiko France)\",\"url\":\"https:\/\/mecatek.eu\/\",\"logo\":{\"@type\":\"ImageObject\",\"inLanguage\":\"de\",\"@id\":\"https:\/\/mecatek.eu\/#\/schema\/logo\/image\/\",\"url\":\"http:\/\/mecatek.eu\/wp-content\/uploads\/2026\/01\/Logo-Mecatek-Solutions-techniques-2025-300px.png\",\"contentUrl\":\"http:\/\/mecatek.eu\/wp-content\/uploads\/2026\/01\/Logo-Mecatek-Solutions-techniques-2025-300px.png\",\"width\":400,\"height\":94,\"caption\":\"Mecatek (ex-Sawiko France)\"},\"image\":{\"@id\":\"https:\/\/mecatek.eu\/#\/schema\/logo\/image\/\"}}]}<\/script>\n<!-- \/ Yoast SEO plugin. -->","yoast_head_json":{"title":"Anh\u00e4ngerkupplungen f\u00fcr Lieferwagen und Vans - Mecatek (ehemals Sawiko Frankreich)","description":"Anh\u00e4ngerkupplungen f\u00fcr Kleintransporter und Lieferwagen: Wir r\u00fcsten die meisten Kleintransporter und Lieferwagen mit Anh\u00e4ngerkupplungen aus, wobei die M\u00f6glichkeit besteht, ein abnehmbares Kugelsystem hinzuzuf\u00fcgen.","robots":{"index":"index","follow":"follow","max-snippet":"max-snippet:-1","max-image-preview":"max-image-preview:large","max-video-preview":"max-video-preview:-1"},"canonical":"https:\/\/mecatek.eu\/de\/produkt\/anhangerkupplungen-fur-lieferwagen-und-vans\/","og_locale":"de_DE","og_type":"article","og_title":"Attelages pour fourgons et vans - Mecatek (ex-Sawiko France)","og_description":"Attelage fourgon et van : Nous \u00e9quipons en attaches remorque la plupart des fourgons et vans avec la possibilit\u00e9 d'ajouter un syst\u00e8me de boule d\u00e9montable.","og_url":"https:\/\/mecatek.eu\/de\/produkt\/anhangerkupplungen-fur-lieferwagen-und-vans\/","og_site_name":"Mecatek (ex-Sawiko France)","article_modified_time":"2026-01-26T12:47:45+00:00","og_image":[{"width":800,"height":800,"url":"http:\/\/mecatek.eu\/wp-content\/uploads\/2025\/11\/ATTELAGE-FOURGON.png","type":"image\/png"}],"twitter_card":"summary_large_image","twitter_misc":{"Gesch\u00e4tzte Lesezeit":"2\u00a0Minuten"},"schema":{"@context":"https:\/\/schema.org","@graph":[{"@type":"WebPage","@id":"https:\/\/mecatek.eu\/produit\/attelages-pour-fourgons-et-vans\/","url":"https:\/\/mecatek.eu\/produit\/attelages-pour-fourgons-et-vans\/","name":"Anh\u00e4ngerkupplungen f\u00fcr Lieferwagen und Vans - Mecatek (ehemals Sawiko Frankreich)","isPartOf":{"@id":"https:\/\/mecatek.eu\/#website"},"primaryImageOfPage":{"@id":"https:\/\/mecatek.eu\/produit\/attelages-pour-fourgons-et-vans\/#primaryimage"},"image":{"@id":"https:\/\/mecatek.eu\/produit\/attelages-pour-fourgons-et-vans\/#primaryimage"},"thumbnailUrl":"https:\/\/mecatek.eu\/wp-content\/uploads\/2025\/11\/ATTELAGE-FOURGON.png","datePublished":"2025-11-10T08:04:44+00:00","dateModified":"2026-01-26T12:47:45+00:00","description":"Anh\u00e4ngerkupplungen f\u00fcr Kleintransporter und Lieferwagen: Wir r\u00fcsten die meisten Kleintransporter und Lieferwagen mit Anh\u00e4ngerkupplungen aus, wobei die M\u00f6glichkeit besteht, ein abnehmbares Kugelsystem hinzuzuf\u00fcgen.","breadcrumb":{"@id":"https:\/\/mecatek.eu\/produit\/attelages-pour-fourgons-et-vans\/#breadcrumb"},"inLanguage":"de","potentialAction":[{"@type":"ReadAction","target":["https:\/\/mecatek.eu\/produit\/attelages-pour-fourgons-et-vans\/"]}]},{"@type":"ImageObject","inLanguage":"de","@id":"https:\/\/mecatek.eu\/produit\/attelages-pour-fourgons-et-vans\/#primaryimage","url":"https:\/\/mecatek.eu\/wp-content\/uploads\/2025\/11\/ATTELAGE-FOURGON.png","contentUrl":"https:\/\/mecatek.eu\/wp-content\/uploads\/2025\/11\/ATTELAGE-FOURGON.png","width":800,"height":800,"caption":"Attelage pour fourgon avec boule fixe"},{"@type":"BreadcrumbList","@id":"https:\/\/mecatek.eu\/produit\/attelages-pour-fourgons-et-vans\/#breadcrumb","itemListElement":[{"@type":"ListItem","position":1,"name":"Accueil","item":"https:\/\/mecatek.eu\/"},{"@type":"ListItem","position":2,"name":"Catalogue","item":"https:\/\/mecatek.eu\/catalogue\/"},{"@type":"ListItem","position":3,"name":"Attelages pour fourgons et vans"}]},{"@type":"WebSite","@id":"https:\/\/mecatek.eu\/#website","url":"https:\/\/mecatek.eu\/","name":"Mecatek (ehemals Sawiko Frankreich)","description":"Hersteller von Anh\u00e4ngerkupplungen f\u00fcr Wohnmobile und Lieferwagen - Mecatek","publisher":{"@id":"https:\/\/mecatek.eu\/#organization"},"potentialAction":[{"@type":"SearchAction","target":{"@type":"EntryPoint","urlTemplate":"https:\/\/mecatek.eu\/?s={search_term_string}"},"query-input":{"@type":"PropertyValueSpecification","valueRequired":true,"valueName":"search_term_string"}}],"inLanguage":"de"},{"@type":"Organization","@id":"https:\/\/mecatek.eu\/#organization","name":"Mecatek (ehemals Sawiko Frankreich)","url":"https:\/\/mecatek.eu\/","logo":{"@type":"ImageObject","inLanguage":"de","@id":"https:\/\/mecatek.eu\/#\/schema\/logo\/image\/","url":"http:\/\/mecatek.eu\/wp-content\/uploads\/2026\/01\/Logo-Mecatek-Solutions-techniques-2025-300px.png","contentUrl":"http:\/\/mecatek.eu\/wp-content\/uploads\/2026\/01\/Logo-Mecatek-Solutions-techniques-2025-300px.png","width":400,"height":94,"caption":"Mecatek (ex-Sawiko France)"},"image":{"@id":"https:\/\/mecatek.eu\/#\/schema\/logo\/image\/"}}]}},"_links":{"self":[{"href":"https:\/\/mecatek.eu\/de\/wp-json\/wp\/v2\/product\/1170","targetHints":{"allow":["GET"]}}],"collection":[{"href":"https:\/\/mecatek.eu\/de\/wp-json\/wp\/v2\/product"}],"about":[{"href":"https:\/\/mecatek.eu\/de\/wp-json\/wp\/v2\/types\/product"}],"replies":[{"embeddable":true,"href":"https:\/\/mecatek.eu\/de\/wp-json\/wp\/v2\/comments?post=1170"}],"version-history":[{"count":5,"href":"https:\/\/mecatek.eu\/de\/wp-json\/wp\/v2\/product\/1170\/revisions"}],"predecessor-version":[{"id":1504,"href":"https:\/\/mecatek.eu\/de\/wp-json\/wp\/v2\/product\/1170\/revisions\/1504"}],"wp:featuredmedia":[{"embeddable":true,"href":"https:\/\/mecatek.eu\/de\/wp-json\/wp\/v2\/media\/1498"}],"wp:attachment":[{"href":"https:\/\/mecatek.eu\/de\/wp-json\/wp\/v2\/media?parent=1170"}],"wp:term":[{"taxonomy":"product_brand","embeddable":true,"href":"https:\/\/mecatek.eu\/de\/wp-json\/wp\/v2\/product_brand?post=1170"},{"taxonomy":"product_cat","embeddable":true,"href":"https:\/\/mecatek.eu\/de\/wp-json\/wp\/v2\/product_cat?post=1170"},{"taxonomy":"product_tag","embeddable":true,"href":"https:\/\/mecatek.eu\/de\/wp-json\/wp\/v2\/product_tag?post=1170"}],"curies":[{"name":"wp","href":"https:\/\/api.w.org\/{rel}","templated":true}]}}