{"id":1160,"date":"2025-11-10T08:30:26","date_gmt":"2025-11-10T07:30:26","guid":{"rendered":"https:\/\/mecatek.eu\/?post_type=product&#038;p=1160"},"modified":"2026-01-28T12:55:29","modified_gmt":"2026-01-28T11:55:29","slug":"zusatzliche-luftfederung-mck-air-drive-passend-fur-al-ko-chassis","status":"publish","type":"product","link":"https:\/\/mecatek.eu\/de\/produkt\/zusatzliche-luftfederung-mck-air-drive-passend-fur-al-ko-chassis\/","title":{"rendered":"MCK AIR DRIVE Zusatzluftfederungen passend f\u00fcr AL-KO Fahrgestelle"},"content":{"rendered":"<div data-elementor-type=\"product-post\" data-elementor-id=\"1160\" class=\"elementor elementor-1160\" data-elementor-post-type=\"product\">\n\t\t\t\t<div class=\"elementor-element elementor-element-f31c80f e-flex e-con-boxed e-con e-parent\" data-id=\"f31c80f\" data-element_type=\"container\" data-e-type=\"container\">\n\t\t\t\t\t<div class=\"e-con-inner\">\n\t\t<div class=\"elementor-element elementor-element-fe57a8b e-con-full e-flex e-con e-child\" data-id=\"fe57a8b\" data-element_type=\"container\" data-e-type=\"container\">\n\t\t<div class=\"elementor-element elementor-element-ef4cdad e-con-full e-flex e-con e-child\" data-id=\"ef4cdad\" data-element_type=\"container\" data-e-type=\"container\">\n\t\t\t\t<div class=\"elementor-element elementor-element-467d0ca elementor-widget elementor-widget-text-editor\" data-id=\"467d0ca\" data-element_type=\"widget\" data-e-type=\"widget\" data-widget_type=\"text-editor.default\">\n\t\t\t\t\t\t\t\t\t<h2>Zus\u00e4tzliche Luftfederung <span style=\"color: #0079b3;\">MCK AIR DRIVE<\/span> passend f\u00fcr AL-KO Fahrgestelle<\/h2>\t\t\t\t\t\t\t\t<\/div>\n\t\t\t\t<div class=\"elementor-element elementor-element-1273137 elementor-widget elementor-widget-text-editor\" data-id=\"1273137\" data-element_type=\"widget\" data-e-type=\"widget\" data-widget_type=\"text-editor.default\">\n\t\t\t\t\t\t\t\t\t<p>Mecatek, ehemals Sawiko France, erweitert sein Angebot an MCK AIR DRIVE Zusatzluftfederungen, die an das AL-KO X250 Chassis angepasst werden k\u00f6nnen.<\/p><h3>Einbau einer neuen MCK AIR-DRIVE Zusatzfederung an einem AL-KO Chassis-Profil<\/h3>\t\t\t\t\t\t\t\t<\/div>\n\t\t\t\t<div class=\"elementor-element elementor-element-0ade46b elementor-widget elementor-widget-video\" data-id=\"0ade46b\" data-element_type=\"widget\" data-e-type=\"widget\" data-settings=\"{&quot;youtube_url&quot;:&quot;https:\\\/\\\/youtu.be\\\/1QPF6tp0YFE&quot;,&quot;video_type&quot;:&quot;youtube&quot;,&quot;controls&quot;:&quot;yes&quot;}\" data-widget_type=\"video.default\">\n\t\t\t\t\t\t\t<div class=\"elementor-wrapper elementor-open-inline\">\n\t\t\t<div class=\"elementor-video\"><\/div>\t\t<\/div>\n\t\t\t\t\t\t<\/div>\n\t\t\t\t<div class=\"elementor-element elementor-element-2a05946 elementor-widget elementor-widget-text-editor\" data-id=\"2a05946\" data-element_type=\"widget\" data-e-type=\"widget\" data-widget_type=\"text-editor.default\">\n\t\t\t\t\t\t\t\t\t<p><strong>M\u00f6glichkeit, das MCK AIR-DRIVE-System mit den Schraubenfedern des Mille pistes-Kits zu kombinieren<\/strong><\/p><p>Das Produkt basiert auf dem\u00a0<a href=\"https:\/\/mecatek.eu\/de\/produkt\/plugdrive-luftfederung\/\">Suspensions-Set MCK Plug&amp;Drive<\/a>\u00a0Dazu kommen noch die Teile, die f\u00fcr das AL-KO-Fahrgestell ben\u00f6tigt werden, d. h. Sto\u00dfd\u00e4mpfer und spezielle Befestigungselemente.<\/p><p><strong>Da jedes Wohnmobil seine eigenen Besonderheiten hat, sollten Sie sich bei jeder Anfrage an uns wenden, um die Anforderungen an das Fahrzeug zu definieren.<\/strong><\/p><p>Zusammen mit den Sto\u00dfd\u00e4mpfern sind Federungen wichtig, um St\u00f6\u00dfe und Vibrationen, die durch Unebenheiten auf der Stra\u00dfe entstehen, zu absorbieren. Bei Wohnmobilen sind sie besonders wichtig. Aufgrund ihres hohen Gewichts haben diese Fahrzeuge besondere Probleme und Einschr\u00e4nkungen in Bezug auf den Komfort, sowohl w\u00e4hrend der Fahrt als auch bei Zwischenstopps.<\/p><p>Um Ihren Komfort an Bord Ihres Wohnmobils zu verbessern, bietet Ihnen Mecatek sein Sortiment an\u00a0<strong>MCK Air-Drive-Zusatzluftfederung<\/strong>, Diese sind f\u00fcr Fahrzeuge mit einem AL-KO-Fahrgestell konzipiert.<\/p><h3>Was sind die Vorteile der MCK Air-Drive-Zusatzluftfederung?<\/h3><p>Eine Zusatzluftfederung ist ein System aus Luftkissen, das \u00fcber einen 12-Volt-Kompressor mit Druckluft versorgt wird. Dieses System wird \u00fcber ein in das Armaturenbrett des Wohnmobils integriertes Bedienfeld gesteuert und erg\u00e4nzt die Originalfederung des Fahrzeugs, die h\u00e4ufig aus Blattfedern besteht.<\/p><p>Die Zusatzluftfederung tr\u00e4gt dazu bei, den gef\u00fchlten Komfort an Bord des Wohnmobils zu verbessern, insbesondere wenn es beladen ist, sei es auf der Stra\u00dfe oder im Stand.<\/p><p>Gewidmet f\u00fcr Wohnmobile mit einem\u00a0<strong>AL-KO Fahrgestell<\/strong>, Die MCK Air-Drive Luftfederungsserie ist das innovativste und am besten geeignete Federungssystem, das derzeit in einem Reisemobil installiert werden kann. Hier sind alle Vorteile :<\/p><h4>Die Korrektur der Bemessungsgrundlage f\u00fcr Wohnmobile<\/h4><p>Die Luftfederung der MCK Air-Drive-Reihe erm\u00f6glicht es, die Neigung des Wohnmobils, d. h. die Neigung gegen\u00fcber dem Boden, durch eine einfache Ver\u00e4nderung des Drucks in den Luftkissen zu korrigieren. Durch die \u00c4nderung des Drucks in den Luftkissen kann das Wohnmobil wieder in seine urspr\u00fcngliche Lage gebracht werden. Dadurch wird es nicht nur auf der Stra\u00dfe, sondern auch auf der Etappe stabiler.<\/p><p>Au\u00dferdem optimieren sie nicht nur die Stabilit\u00e4t des Wohnmobils, sondern auch die\u00a0<strong>Hilfsluftfederung<\/strong>\u00a0erleichtern die Neupositionierung des Fernlichts.<\/p><h4>Die Verbesserung der Stabilit\u00e4t auf gerader Strecke<\/h4><p>Mit der MCK Air-Drive-Zusatzluftfederung k\u00f6nnen Sie die Stabilit\u00e4t Ihres Wohnmobils bei Geradeausfahrt in vielen Situationen verbessern:<\/p><ul><li>Wenn Sie schneller fahren<\/li><li>Wenn Sie seitlichen Windb\u00f6en ausgesetzt sind<\/li><li>Wenn Sie an gro\u00dfen Fahrzeugen vorbeifahren oder sie \u00fcberholen<\/li><\/ul><h4>Die Reduzierung des Rollens<\/h4><p>Der Vorteil einer Zusatzluftfederung besteht auch darin, dass sie das Wanken des Wohnmobils in Kurven und Kreisverkehren reduziert. Denn aufgrund ihres hohen Gewichts k\u00f6nnen Wohnmobile beim Abbiegen stark ins Schlingern geraten. Die\u00a0<strong>Luftfederung MCK Air-Drive<\/strong>\u00a0sind ideal, um diese Tr\u00e4gheit auszugleichen.<\/p><h4>Die Optimierung der Drehstabarbeit<\/h4><p>Torsionsst\u00e4be sind ein integraler Bestandteil des\u00a0<strong>Federungssystem von Wohnmobilen<\/strong>\u00a0die mit einem Fahrgestell mit AL-KO-Achsen ausgestattet sind. Sie dienen haupts\u00e4chlich dazu, St\u00f6\u00dfe und Vibrationen auf der Stra\u00dfe zu absorbieren, aber auch dazu, die Stabilit\u00e4t des Wohnmobils aufrechtzuerhalten, um den Komfort der Passagiere an Bord zu gew\u00e4hrleisten.<\/p><p>Die MCK Air-Drive-Zusatzfederung wurde entwickelt, um die Originalfederung von Reisemobilen mit AL-KO-Fahrgestell zu unterst\u00fctzen. Sie erleichtern die Arbeit der Drehst\u00e4be, mit denen diese Fahrzeuge ausgestattet sind.<\/p><h4>Ein Gewinn an Fahrkomfort<\/h4><p>Die MCK Air-Drive-Luftfederung besteht aus Luftkissen, die dabei helfen, St\u00f6\u00dfe und Vibrationen w\u00e4hrend der Fahrt zu absorbieren. Dadurch wird der Fahrkomfort auf Stra\u00dfen mit unebener Oberfl\u00e4che erheblich verbessert.<\/p><p>Schlie\u00dflich\u00a0<strong>Luftfederungen<\/strong>\u00a0erm\u00f6glichen es, den Fahrkomfort von Wohnmobilen auf unebenen Stra\u00dfen durch die hervorragende Sto\u00dfd\u00e4mpfung der Luftkissen erheblich zu verbessern.<\/p><h4>Die Erh\u00f6hung des Hecks des Wohnmobils<\/h4><p>Die <strong>Luftfederung MCK Air-Drive<\/strong> Sie k\u00f6nnen das Wohnmobil auf Wunsch vor\u00fcbergehend anheben, um Schwellen zu \u00fcberwinden, auf B\u00fcrgersteige zu fahren oder auf F\u00e4hren zu gelangen.<\/p>\t\t\t\t\t\t\t\t<\/div>\n\t\t\t\t<\/div>\n\t\t<div class=\"elementor-element elementor-element-856ea14 e-con-full e-flex e-con e-child\" data-id=\"856ea14\" data-element_type=\"container\" data-e-type=\"container\" data-settings=\"{&quot;background_background&quot;:&quot;classic&quot;}\">\n\t\t\t\t<div class=\"elementor-element elementor-element-bbca762 elementor-widget elementor-widget-image\" data-id=\"bbca762\" data-element_type=\"widget\" data-e-type=\"widget\" data-widget_type=\"image.default\">\n\t\t\t\t\t\t\t\t\t\t\t\t\t\t\t<img fetchpriority=\"high\" decoding=\"async\" width=\"400\" height=\"200\" src=\"https:\/\/mecatek.eu\/wp-content\/uploads\/2025\/12\/Logo-Marque-MCK-Air-Drive.png\" class=\"attachment-full size-full wp-image-985\" alt=\"MCK Air-Drive-Logo\" \/>\t\t\t\t\t\t\t\t\t\t\t\t\t\t\t<\/div>\n\t\t\t\t<div class=\"elementor-element elementor-element-3714761 elementor-widget elementor-widget-text-editor\" data-id=\"3714761\" data-element_type=\"widget\" data-e-type=\"widget\" data-widget_type=\"text-editor.default\">\n\t\t\t\t\t\t\t\t\t<p><strong>Technische Daten :<br \/><\/strong>Set bestehend aus :<br \/>- Bedienfeld<br \/>- 12V-Kompressor<br \/>- Luftkissen<br \/>- Luftschl\u00e4uche<br \/>- Sto\u00dfd\u00e4mpfer<\/p><p><strong>Fahrzeuge com<\/strong><strong>geduldig :<br \/><\/strong>Wohnmobile und Vans mit X-250 AL-KO Fahrgestell<\/p>\t\t\t\t\t\t\t\t<\/div>\n\t\t\t\t<div class=\"elementor-element elementor-element-9600343 elementor-widget elementor-widget-image\" data-id=\"9600343\" data-element_type=\"widget\" data-e-type=\"widget\" data-widget_type=\"image.default\">\n\t\t\t\t\t\t\t\t\t\t\t\t\t\t\t<img decoding=\"async\" width=\"1024\" height=\"222\" src=\"https:\/\/mecatek.eu\/wp-content\/uploads\/2025\/12\/suspensions-auxiliaires-mck-air-drive.png\" class=\"attachment-large size-large wp-image-1277\" alt=\"\" srcset=\"https:\/\/mecatek.eu\/wp-content\/uploads\/2025\/12\/suspensions-auxiliaires-mck-air-drive.png 1087w, https:\/\/mecatek.eu\/wp-content\/uploads\/2025\/12\/suspensions-auxiliaires-mck-air-drive-500x109.png 500w\" sizes=\"(max-width: 1024px) 100vw, 1024px\" \/>\t\t\t\t\t\t\t\t\t\t\t\t\t\t\t<\/div>\n\t\t\t\t<\/div>\n\t\t\t\t<\/div>\n\t\t\t\t\t<\/div>\n\t\t\t\t<\/div>\n\t\t\t\t<\/div>","protected":false},"excerpt":{"rendered":"<p>MCK Air Drive Zusatzluftfederung, die speziell f\u00fcr Wohnmobile auf AL-KO-Fahrgestellen entwickelt wurde. Sie ist ideal zur Korrektur des Fahrwerks, zur Verbesserung der Stabilit\u00e4t und des Fahrkomforts.<br \/>\nMit seinen Luftkissen, die \u00fcber das Armaturenbrett gesteuert werden, reduziert er das Wanken, entlastet die Drehst\u00e4be und erm\u00f6glicht es, das Heck des Fahrzeugs vor\u00fcbergehend anzuheben, um \u00fcber Bodenschwellen, Bordsteinkanten oder F\u00e4hrrampen zu fahren.<\/p>","protected":false},"featured_media":1278,"comment_status":"closed","ping_status":"closed","template":"","meta":[],"product_brand":[63],"product_cat":[34,73,79],"product_tag":[],"class_list":{"0":"post-1160","1":"product","2":"type-product","3":"status-publish","4":"has-post-thumbnail","6":"product_brand-mck","7":"product_cat-suspensions-pneumatiques-camping-car","8":"product_cat-suspensions-pneumatiques-pour-fourgons-et-vans","9":"product_cat-suspensions-pneumatiques-pour-chassis-al-ko","11":"first","12":"instock","13":"shipping-taxable","14":"product-type-simple"},"yoast_head":"<!-- This site is optimized with the Yoast SEO plugin v26.9 - https:\/\/yoast.com\/product\/yoast-seo-wordpress\/ -->\n<title>Suspensions pneumatiques auxiliaires MCK AIR DRIVE adaptables pour ch\u00e2ssis AL-KO - Mecatek (ex-Sawiko France)<\/title>\n<meta name=\"description\" content=\"D\u00e9couvrez les suspensions pneumatiques auxiliaires MCK AIR DRIVE adaptables pour camping-cars et fourgons avec ch\u00e2ssis AL-KO\" \/>\n<meta name=\"robots\" content=\"index, follow, max-snippet:-1, max-image-preview:large, max-video-preview:-1\" \/>\n<link rel=\"canonical\" href=\"https:\/\/mecatek.eu\/de\/produkt\/zusatzliche-luftfederung-mck-air-drive-passend-fur-al-ko-chassis\/\" \/>\n<meta property=\"og:locale\" content=\"de_DE\" \/>\n<meta property=\"og:type\" content=\"article\" \/>\n<meta property=\"og:title\" content=\"Suspensions pneumatiques auxiliaires MCK AIR DRIVE adaptables pour ch\u00e2ssis AL-KO - Mecatek (ex-Sawiko France)\" \/>\n<meta property=\"og:description\" content=\"D\u00e9couvrez les suspensions pneumatiques auxiliaires MCK AIR DRIVE adaptables pour camping-cars et fourgons avec ch\u00e2ssis AL-KO\" \/>\n<meta property=\"og:url\" content=\"https:\/\/mecatek.eu\/de\/produkt\/zusatzliche-luftfederung-mck-air-drive-passend-fur-al-ko-chassis\/\" \/>\n<meta property=\"og:site_name\" content=\"Mecatek (ex-Sawiko France)\" \/>\n<meta property=\"article:modified_time\" content=\"2026-01-28T11:55:29+00:00\" \/>\n<meta property=\"og:image\" content=\"http:\/\/mecatek.eu\/wp-content\/uploads\/2025\/12\/suspensions-pneumatiques-mck-air-drive-pour-chassis-al-ko-1.jpg\" \/>\n\t<meta property=\"og:image:width\" content=\"800\" \/>\n\t<meta property=\"og:image:height\" content=\"800\" \/>\n\t<meta property=\"og:image:type\" content=\"image\/jpeg\" \/>\n<meta name=\"twitter:card\" content=\"summary_large_image\" \/>\n<script type=\"application\/ld+json\" class=\"yoast-schema-graph\">{\"@context\":\"https:\/\/schema.org\",\"@graph\":[{\"@type\":\"WebPage\",\"@id\":\"https:\/\/mecatek.eu\/produit\/suspensions-pneumatiques-auxiliaires-mck-air-drive-adaptables-pour-chassis-al-ko\/\",\"url\":\"https:\/\/mecatek.eu\/produit\/suspensions-pneumatiques-auxiliaires-mck-air-drive-adaptables-pour-chassis-al-ko\/\",\"name\":\"Suspensions pneumatiques auxiliaires MCK AIR DRIVE adaptables pour ch\u00e2ssis AL-KO - Mecatek (ex-Sawiko France)\",\"isPartOf\":{\"@id\":\"https:\/\/mecatek.eu\/#website\"},\"primaryImageOfPage\":{\"@id\":\"https:\/\/mecatek.eu\/produit\/suspensions-pneumatiques-auxiliaires-mck-air-drive-adaptables-pour-chassis-al-ko\/#primaryimage\"},\"image\":{\"@id\":\"https:\/\/mecatek.eu\/produit\/suspensions-pneumatiques-auxiliaires-mck-air-drive-adaptables-pour-chassis-al-ko\/#primaryimage\"},\"thumbnailUrl\":\"https:\/\/mecatek.eu\/wp-content\/uploads\/2025\/12\/suspensions-pneumatiques-mck-air-drive-pour-chassis-al-ko-1.jpg\",\"datePublished\":\"2025-11-10T07:30:26+00:00\",\"dateModified\":\"2026-01-28T11:55:29+00:00\",\"description\":\"D\u00e9couvrez les suspensions pneumatiques auxiliaires MCK AIR DRIVE adaptables pour camping-cars et fourgons avec ch\u00e2ssis AL-KO\",\"breadcrumb\":{\"@id\":\"https:\/\/mecatek.eu\/produit\/suspensions-pneumatiques-auxiliaires-mck-air-drive-adaptables-pour-chassis-al-ko\/#breadcrumb\"},\"inLanguage\":\"de\",\"potentialAction\":[{\"@type\":\"ReadAction\",\"target\":[\"https:\/\/mecatek.eu\/produit\/suspensions-pneumatiques-auxiliaires-mck-air-drive-adaptables-pour-chassis-al-ko\/\"]}]},{\"@type\":\"ImageObject\",\"inLanguage\":\"de\",\"@id\":\"https:\/\/mecatek.eu\/produit\/suspensions-pneumatiques-auxiliaires-mck-air-drive-adaptables-pour-chassis-al-ko\/#primaryimage\",\"url\":\"https:\/\/mecatek.eu\/wp-content\/uploads\/2025\/12\/suspensions-pneumatiques-mck-air-drive-pour-chassis-al-ko-1.jpg\",\"contentUrl\":\"https:\/\/mecatek.eu\/wp-content\/uploads\/2025\/12\/suspensions-pneumatiques-mck-air-drive-pour-chassis-al-ko-1.jpg\",\"width\":800,\"height\":800,\"caption\":\"Suspensions pneumatiques auxiliaires MCK AIR DRIVE adaptables pour ch\u00e2ssis AL-KO\"},{\"@type\":\"BreadcrumbList\",\"@id\":\"https:\/\/mecatek.eu\/produit\/suspensions-pneumatiques-auxiliaires-mck-air-drive-adaptables-pour-chassis-al-ko\/#breadcrumb\",\"itemListElement\":[{\"@type\":\"ListItem\",\"position\":1,\"name\":\"Accueil\",\"item\":\"https:\/\/mecatek.eu\/\"},{\"@type\":\"ListItem\",\"position\":2,\"name\":\"Catalogue\",\"item\":\"https:\/\/mecatek.eu\/catalogue\/\"},{\"@type\":\"ListItem\",\"position\":3,\"name\":\"Suspensions pneumatiques auxiliaires MCK AIR DRIVE adaptables pour ch\u00e2ssis AL-KO\"}]},{\"@type\":\"WebSite\",\"@id\":\"https:\/\/mecatek.eu\/#website\",\"url\":\"https:\/\/mecatek.eu\/\",\"name\":\"Mecatek (ex-Sawiko France)\",\"description\":\"Fabricant d&#039;attelages pour camping-car et fourgon - Mecatek\",\"publisher\":{\"@id\":\"https:\/\/mecatek.eu\/#organization\"},\"potentialAction\":[{\"@type\":\"SearchAction\",\"target\":{\"@type\":\"EntryPoint\",\"urlTemplate\":\"https:\/\/mecatek.eu\/?s={search_term_string}\"},\"query-input\":{\"@type\":\"PropertyValueSpecification\",\"valueRequired\":true,\"valueName\":\"search_term_string\"}}],\"inLanguage\":\"de\"},{\"@type\":\"Organization\",\"@id\":\"https:\/\/mecatek.eu\/#organization\",\"name\":\"Mecatek (ex-Sawiko France)\",\"url\":\"https:\/\/mecatek.eu\/\",\"logo\":{\"@type\":\"ImageObject\",\"inLanguage\":\"de\",\"@id\":\"https:\/\/mecatek.eu\/#\/schema\/logo\/image\/\",\"url\":\"http:\/\/mecatek.eu\/wp-content\/uploads\/2026\/01\/Logo-Mecatek-Solutions-techniques-2025-300px.png\",\"contentUrl\":\"http:\/\/mecatek.eu\/wp-content\/uploads\/2026\/01\/Logo-Mecatek-Solutions-techniques-2025-300px.png\",\"width\":400,\"height\":94,\"caption\":\"Mecatek (ex-Sawiko France)\"},\"image\":{\"@id\":\"https:\/\/mecatek.eu\/#\/schema\/logo\/image\/\"}}]}<\/script>\n<!-- \/ Yoast SEO plugin. -->","yoast_head_json":{"title":"MCK AIR DRIVE Zusatzluftfederungen anpassbar f\u00fcr AL-KO Fahrgestelle - Mecatek (ehemals Sawiko France)","description":"Entdecken Sie die MCK AIR DRIVE Zusatzluftfederung, die f\u00fcr Reisemobile und Kastenwagen mit AL-KO Fahrgestell geeignet ist.","robots":{"index":"index","follow":"follow","max-snippet":"max-snippet:-1","max-image-preview":"max-image-preview:large","max-video-preview":"max-video-preview:-1"},"canonical":"https:\/\/mecatek.eu\/de\/produkt\/zusatzliche-luftfederung-mck-air-drive-passend-fur-al-ko-chassis\/","og_locale":"de_DE","og_type":"article","og_title":"Suspensions pneumatiques auxiliaires MCK AIR DRIVE adaptables pour ch\u00e2ssis AL-KO - Mecatek (ex-Sawiko France)","og_description":"D\u00e9couvrez les suspensions pneumatiques auxiliaires MCK AIR DRIVE adaptables pour camping-cars et fourgons avec ch\u00e2ssis AL-KO","og_url":"https:\/\/mecatek.eu\/de\/produkt\/zusatzliche-luftfederung-mck-air-drive-passend-fur-al-ko-chassis\/","og_site_name":"Mecatek (ex-Sawiko France)","article_modified_time":"2026-01-28T11:55:29+00:00","og_image":[{"width":800,"height":800,"url":"http:\/\/mecatek.eu\/wp-content\/uploads\/2025\/12\/suspensions-pneumatiques-mck-air-drive-pour-chassis-al-ko-1.jpg","type":"image\/jpeg"}],"twitter_card":"summary_large_image","schema":{"@context":"https:\/\/schema.org","@graph":[{"@type":"WebPage","@id":"https:\/\/mecatek.eu\/produit\/suspensions-pneumatiques-auxiliaires-mck-air-drive-adaptables-pour-chassis-al-ko\/","url":"https:\/\/mecatek.eu\/produit\/suspensions-pneumatiques-auxiliaires-mck-air-drive-adaptables-pour-chassis-al-ko\/","name":"MCK AIR DRIVE Zusatzluftfederungen anpassbar f\u00fcr AL-KO Fahrgestelle - Mecatek (ehemals Sawiko France)","isPartOf":{"@id":"https:\/\/mecatek.eu\/#website"},"primaryImageOfPage":{"@id":"https:\/\/mecatek.eu\/produit\/suspensions-pneumatiques-auxiliaires-mck-air-drive-adaptables-pour-chassis-al-ko\/#primaryimage"},"image":{"@id":"https:\/\/mecatek.eu\/produit\/suspensions-pneumatiques-auxiliaires-mck-air-drive-adaptables-pour-chassis-al-ko\/#primaryimage"},"thumbnailUrl":"https:\/\/mecatek.eu\/wp-content\/uploads\/2025\/12\/suspensions-pneumatiques-mck-air-drive-pour-chassis-al-ko-1.jpg","datePublished":"2025-11-10T07:30:26+00:00","dateModified":"2026-01-28T11:55:29+00:00","description":"Entdecken Sie die MCK AIR DRIVE Zusatzluftfederung, die f\u00fcr Reisemobile und Kastenwagen mit AL-KO Fahrgestell geeignet ist.","breadcrumb":{"@id":"https:\/\/mecatek.eu\/produit\/suspensions-pneumatiques-auxiliaires-mck-air-drive-adaptables-pour-chassis-al-ko\/#breadcrumb"},"inLanguage":"de","potentialAction":[{"@type":"ReadAction","target":["https:\/\/mecatek.eu\/produit\/suspensions-pneumatiques-auxiliaires-mck-air-drive-adaptables-pour-chassis-al-ko\/"]}]},{"@type":"ImageObject","inLanguage":"de","@id":"https:\/\/mecatek.eu\/produit\/suspensions-pneumatiques-auxiliaires-mck-air-drive-adaptables-pour-chassis-al-ko\/#primaryimage","url":"https:\/\/mecatek.eu\/wp-content\/uploads\/2025\/12\/suspensions-pneumatiques-mck-air-drive-pour-chassis-al-ko-1.jpg","contentUrl":"https:\/\/mecatek.eu\/wp-content\/uploads\/2025\/12\/suspensions-pneumatiques-mck-air-drive-pour-chassis-al-ko-1.jpg","width":800,"height":800,"caption":"Suspensions pneumatiques auxiliaires MCK AIR DRIVE adaptables pour ch\u00e2ssis AL-KO"},{"@type":"BreadcrumbList","@id":"https:\/\/mecatek.eu\/produit\/suspensions-pneumatiques-auxiliaires-mck-air-drive-adaptables-pour-chassis-al-ko\/#breadcrumb","itemListElement":[{"@type":"ListItem","position":1,"name":"Accueil","item":"https:\/\/mecatek.eu\/"},{"@type":"ListItem","position":2,"name":"Catalogue","item":"https:\/\/mecatek.eu\/catalogue\/"},{"@type":"ListItem","position":3,"name":"Suspensions pneumatiques auxiliaires MCK AIR DRIVE adaptables pour ch\u00e2ssis AL-KO"}]},{"@type":"WebSite","@id":"https:\/\/mecatek.eu\/#website","url":"https:\/\/mecatek.eu\/","name":"Mecatek (ehemals Sawiko Frankreich)","description":"Hersteller von Anh\u00e4ngerkupplungen f\u00fcr Wohnmobile und Lieferwagen - Mecatek","publisher":{"@id":"https:\/\/mecatek.eu\/#organization"},"potentialAction":[{"@type":"SearchAction","target":{"@type":"EntryPoint","urlTemplate":"https:\/\/mecatek.eu\/?s={search_term_string}"},"query-input":{"@type":"PropertyValueSpecification","valueRequired":true,"valueName":"search_term_string"}}],"inLanguage":"de"},{"@type":"Organization","@id":"https:\/\/mecatek.eu\/#organization","name":"Mecatek (ehemals Sawiko Frankreich)","url":"https:\/\/mecatek.eu\/","logo":{"@type":"ImageObject","inLanguage":"de","@id":"https:\/\/mecatek.eu\/#\/schema\/logo\/image\/","url":"http:\/\/mecatek.eu\/wp-content\/uploads\/2026\/01\/Logo-Mecatek-Solutions-techniques-2025-300px.png","contentUrl":"http:\/\/mecatek.eu\/wp-content\/uploads\/2026\/01\/Logo-Mecatek-Solutions-techniques-2025-300px.png","width":400,"height":94,"caption":"Mecatek (ex-Sawiko France)"},"image":{"@id":"https:\/\/mecatek.eu\/#\/schema\/logo\/image\/"}}]}},"_links":{"self":[{"href":"https:\/\/mecatek.eu\/de\/wp-json\/wp\/v2\/product\/1160","targetHints":{"allow":["GET"]}}],"collection":[{"href":"https:\/\/mecatek.eu\/de\/wp-json\/wp\/v2\/product"}],"about":[{"href":"https:\/\/mecatek.eu\/de\/wp-json\/wp\/v2\/types\/product"}],"replies":[{"embeddable":true,"href":"https:\/\/mecatek.eu\/de\/wp-json\/wp\/v2\/comments?post=1160"}],"version-history":[{"count":9,"href":"https:\/\/mecatek.eu\/de\/wp-json\/wp\/v2\/product\/1160\/revisions"}],"predecessor-version":[{"id":2614,"href":"https:\/\/mecatek.eu\/de\/wp-json\/wp\/v2\/product\/1160\/revisions\/2614"}],"wp:featuredmedia":[{"embeddable":true,"href":"https:\/\/mecatek.eu\/de\/wp-json\/wp\/v2\/media\/1278"}],"wp:attachment":[{"href":"https:\/\/mecatek.eu\/de\/wp-json\/wp\/v2\/media?parent=1160"}],"wp:term":[{"taxonomy":"product_brand","embeddable":true,"href":"https:\/\/mecatek.eu\/de\/wp-json\/wp\/v2\/product_brand?post=1160"},{"taxonomy":"product_cat","embeddable":true,"href":"https:\/\/mecatek.eu\/de\/wp-json\/wp\/v2\/product_cat?post=1160"},{"taxonomy":"product_tag","embeddable":true,"href":"https:\/\/mecatek.eu\/de\/wp-json\/wp\/v2\/product_tag?post=1160"}],"curies":[{"name":"wp","href":"https:\/\/api.w.org\/{rel}","templated":true}]}}