{"id":1089,"date":"2025-11-08T18:57:46","date_gmt":"2025-11-08T17:57:46","guid":{"rendered":"https:\/\/mecatek.eu\/?post_type=product&#038;p=1089"},"modified":"2026-02-11T17:18:23","modified_gmt":"2026-02-11T16:18:23","slug":"plugdrive-luftfederung","status":"publish","type":"product","link":"https:\/\/mecatek.eu\/de\/produkt\/plugdrive-luftfederung\/","title":{"rendered":"PLUG&amp;DRIVE-Luftfederung"},"content":{"rendered":"<div data-elementor-type=\"product-post\" data-elementor-id=\"1089\" class=\"elementor elementor-1089\" data-elementor-post-type=\"product\">\n\t\t\t\t<div class=\"elementor-element elementor-element-4eb43ce0 e-flex e-con-boxed e-con e-parent\" data-id=\"4eb43ce0\" data-element_type=\"container\" data-e-type=\"container\">\n\t\t\t\t\t<div class=\"e-con-inner\">\n\t\t<div class=\"elementor-element elementor-element-454e808 e-con-full e-flex e-con e-child\" data-id=\"454e808\" data-element_type=\"container\" data-e-type=\"container\">\n\t\t<div class=\"elementor-element elementor-element-d666762 e-con-full e-flex e-con e-child\" data-id=\"d666762\" data-element_type=\"container\" data-e-type=\"container\">\n\t\t\t\t<div class=\"elementor-element elementor-element-25c2a56 elementor-widget elementor-widget-text-editor\" data-id=\"25c2a56\" data-element_type=\"widget\" data-e-type=\"widget\" data-widget_type=\"text-editor.default\">\n\t\t\t\t\t\t\t\t\t<h2>Pneumatische Aufh\u00e4ngungen <span style=\"color: #0079b3;\">PLUG&amp;DRIVE<\/span> f\u00fcr Wohnmobile und umgebaute Kastenwagen<\/h2>\t\t\t\t\t\t\t\t<\/div>\n\t\t\t\t<div class=\"elementor-element elementor-element-e485acf elementor-widget elementor-widget-text-editor\" data-id=\"e485acf\" data-element_type=\"widget\" data-e-type=\"widget\" data-widget_type=\"text-editor.default\">\n\t\t\t\t\t\t\t\t\t<p>Um Ihren Fahrkomfort zu verbessern, bieten wir Ihnen unser neues Sortiment an PLUG &amp; DRIVE-Luftfederungen an, die an eine Vielzahl von Fahrgestellen angepasst werden k\u00f6nnen:<\/p><p>MCK Plug &amp; Drive-Fahrwerke k\u00f6nnen an Fahrgestelle von Fiat, Citro\u00ebn, Peugeot, Renault, Nissan, Ford, Mercedes, VW, Iveco und Man angepasst werden.<\/p>\t\t\t\t\t\t\t\t<\/div>\n\t\t\t\t<div class=\"elementor-element elementor-element-d5bad6f elementor-widget elementor-widget-gallery\" data-id=\"d5bad6f\" data-element_type=\"widget\" data-e-type=\"widget\" data-settings=\"{&quot;columns&quot;:10,&quot;image_hover_animation&quot;:&quot;move-contained-top&quot;,&quot;content_hover_animation&quot;:&quot;grow&quot;,&quot;content_sequenced_animation&quot;:&quot;yes&quot;,&quot;columns_mobile&quot;:2,&quot;lazyload&quot;:&quot;yes&quot;,&quot;gallery_layout&quot;:&quot;grid&quot;,&quot;columns_tablet&quot;:2,&quot;gap&quot;:{&quot;unit&quot;:&quot;px&quot;,&quot;size&quot;:10,&quot;sizes&quot;:[]},&quot;gap_tablet&quot;:{&quot;unit&quot;:&quot;px&quot;,&quot;size&quot;:10,&quot;sizes&quot;:[]},&quot;gap_mobile&quot;:{&quot;unit&quot;:&quot;px&quot;,&quot;size&quot;:10,&quot;sizes&quot;:[]},&quot;aspect_ratio&quot;:&quot;3:2&quot;}\" data-widget_type=\"gallery.default\">\n\t\t\t\t\t\t\t<div class=\"elementor-gallery__container\">\n\t\t\t\t\t\t\t<div class=\"e-gallery-item elementor-gallery-item elementor-animated-content\">\n\t\t\t\t\t<div class=\"e-gallery-image elementor-gallery-item__image\" data-thumbnail=\"https:\/\/mecatek.eu\/wp-content\/uploads\/2025\/11\/logo-fiat.jpg\" data-width=\"300\" data-height=\"200\" aria-label=\"Fiat-Logo\" role=\"img\" ><\/div>\n\t\t\t\t\t\t\t\t\t\t\t\t\t\t<\/div>\n\t\t\t\t\t\t\t<div class=\"e-gallery-item elementor-gallery-item elementor-animated-content\">\n\t\t\t\t\t<div class=\"e-gallery-image elementor-gallery-item__image\" data-thumbnail=\"https:\/\/mecatek.eu\/wp-content\/uploads\/2025\/11\/logo-peugeot.jpg\" data-width=\"300\" data-height=\"200\" aria-label=\"Peugeot-Logo\" role=\"img\" ><\/div>\n\t\t\t\t\t\t\t\t\t\t\t\t\t\t<\/div>\n\t\t\t\t\t\t\t<div class=\"e-gallery-item elementor-gallery-item elementor-animated-content\">\n\t\t\t\t\t<div class=\"e-gallery-image elementor-gallery-item__image\" data-thumbnail=\"https:\/\/mecatek.eu\/wp-content\/uploads\/2025\/11\/logo-citroen.jpg\" data-width=\"300\" data-height=\"200\" aria-label=\"Citro\u00ebn-Logo\" role=\"img\" ><\/div>\n\t\t\t\t\t\t\t\t\t\t\t\t\t\t<\/div>\n\t\t\t\t\t\t\t<div class=\"e-gallery-item elementor-gallery-item elementor-animated-content\">\n\t\t\t\t\t<div class=\"e-gallery-image elementor-gallery-item__image\" data-thumbnail=\"https:\/\/mecatek.eu\/wp-content\/uploads\/2025\/11\/logo-renault.jpg\" data-width=\"300\" data-height=\"200\" aria-label=\"Renault-Logo\" role=\"img\" ><\/div>\n\t\t\t\t\t\t\t\t\t\t\t\t\t\t<\/div>\n\t\t\t\t\t\t\t<div class=\"e-gallery-item elementor-gallery-item elementor-animated-content\">\n\t\t\t\t\t<div class=\"e-gallery-image elementor-gallery-item__image\" data-thumbnail=\"https:\/\/mecatek.eu\/wp-content\/uploads\/2025\/11\/logo-nissan.jpg\" data-width=\"300\" data-height=\"200\" aria-label=\"Nissan-Logo\" role=\"img\" ><\/div>\n\t\t\t\t\t\t\t\t\t\t\t\t\t\t<\/div>\n\t\t\t\t\t\t\t<div class=\"e-gallery-item elementor-gallery-item elementor-animated-content\">\n\t\t\t\t\t<div class=\"e-gallery-image elementor-gallery-item__image\" data-thumbnail=\"https:\/\/mecatek.eu\/wp-content\/uploads\/2025\/11\/logo-ford.jpg\" data-width=\"300\" data-height=\"200\" aria-label=\"Ford-Logo\" role=\"img\" ><\/div>\n\t\t\t\t\t\t\t\t\t\t\t\t\t\t<\/div>\n\t\t\t\t\t\t\t<div class=\"e-gallery-item elementor-gallery-item elementor-animated-content\">\n\t\t\t\t\t<div class=\"e-gallery-image elementor-gallery-item__image\" data-thumbnail=\"https:\/\/mecatek.eu\/wp-content\/uploads\/2025\/11\/logo-mercedes.jpg\" data-width=\"300\" data-height=\"200\" aria-label=\"Mercedes-Logo\" role=\"img\" ><\/div>\n\t\t\t\t\t\t\t\t\t\t\t\t\t\t<\/div>\n\t\t\t\t\t\t\t<div class=\"e-gallery-item elementor-gallery-item elementor-animated-content\">\n\t\t\t\t\t<div class=\"e-gallery-image elementor-gallery-item__image\" data-thumbnail=\"https:\/\/mecatek.eu\/wp-content\/uploads\/2025\/11\/logo-vw.jpg\" data-width=\"300\" data-height=\"200\" aria-label=\"VW-Logo\" role=\"img\" ><\/div>\n\t\t\t\t\t\t\t\t\t\t\t\t\t\t<\/div>\n\t\t\t\t\t\t\t<div class=\"e-gallery-item elementor-gallery-item elementor-animated-content\">\n\t\t\t\t\t<div class=\"e-gallery-image elementor-gallery-item__image\" data-thumbnail=\"https:\/\/mecatek.eu\/wp-content\/uploads\/2025\/11\/logo-man.jpg\" data-width=\"300\" data-height=\"200\" aria-label=\"MAN-Logo\" role=\"img\" ><\/div>\n\t\t\t\t\t\t\t\t\t\t\t\t\t\t<\/div>\n\t\t\t\t\t\t\t<div class=\"e-gallery-item elementor-gallery-item elementor-animated-content\">\n\t\t\t\t\t<div class=\"e-gallery-image elementor-gallery-item__image\" data-thumbnail=\"https:\/\/mecatek.eu\/wp-content\/uploads\/2025\/11\/logo-iveco.jpg\" data-width=\"300\" data-height=\"200\" aria-label=\"IVECO-Logo\" role=\"img\" ><\/div>\n\t\t\t\t\t\t\t\t\t\t\t\t\t\t<\/div>\n\t\t\t\t\t<\/div>\n\t\t\t\t\t<\/div>\n\t\t\t\t<div class=\"elementor-element elementor-element-36b70bd elementor-widget elementor-widget-video\" data-id=\"36b70bd\" data-element_type=\"widget\" data-e-type=\"widget\" data-settings=\"{&quot;youtube_url&quot;:&quot;https:\\\/\\\/youtu.be\\\/4_js4ubgP34&quot;,&quot;video_type&quot;:&quot;youtube&quot;,&quot;controls&quot;:&quot;yes&quot;}\" data-widget_type=\"video.default\">\n\t\t\t\t\t\t\t<div class=\"elementor-wrapper elementor-open-inline\">\n\t\t\t<div class=\"elementor-video\"><\/div>\t\t<\/div>\n\t\t\t\t\t\t<\/div>\n\t\t\t\t<div class=\"elementor-element elementor-element-0a2d56f elementor-widget elementor-widget-text-editor\" data-id=\"0a2d56f\" data-element_type=\"widget\" data-e-type=\"widget\" data-widget_type=\"text-editor.default\">\n\t\t\t\t\t\t\t\t\t<p>Video : <strong>Plug&amp;Drive-Fahrwerke, getestet von dem nomadischen Youtuber Philippe Douteau<br \/><\/strong>Den vollst\u00e4ndigen Artikel anzeigen :\u00a0 <a href=\"https:\/\/mecatek.eu\/de\/plugdrive-aufhangungen-getestet-von-youtube-nomade-philippe-douteau\/\">Einbau von verst\u00e4rkten Schraubenfedern und Plug&amp;Drive-Luftfedern<\/a>.<\/p>\t\t\t\t\t\t\t\t<\/div>\n\t\t\t\t<div class=\"elementor-element elementor-element-414de16 elementor-widget elementor-widget-text-editor\" data-id=\"414de16\" data-element_type=\"widget\" data-e-type=\"widget\" data-widget_type=\"text-editor.default\">\n\t\t\t\t\t\t\t\t\t<h2>Diese MCK Plug&amp;Drive-Fahrwerke bieten serienm\u00e4\u00dfig viele Vorteile:<\/h2><ul><li>Spezielle Armaturenbretter mit doppeltem Manometer und elektropneumatischen Steuerungen<\/li><li>Entwickelte Lufts\u00e4cke f\u00fcr Freizeitfahrzeuge<\/li><li>12-V-Kompressor<\/li><li>Zugelassenes Produkt<\/li><li>2 Jahre Garantie<\/li><li>Zusammenbau in unseren Werkst\u00e4tten<\/li><\/ul><h3>Korrektur der Fahrtrichtung :<\/h3><ul><li>Durch einfaches Ver\u00e4ndern des Drucks der Kissen wird das Fahrzeug stabilisiert und erh\u00e4lt seine urspr\u00fcngliche Fahrstellung zur\u00fcck<\/li><li>Optimierung der Stabilit\u00e4t<\/li><li>Korrekte Neupositionierung der Scheinwerfer<\/li><\/ul><h3>Stabilit\u00e4t auf gerader Strecke :<\/h3><p>Wird verbessert, wenn Sie schneller fahren<br \/>Wenn Sie unter Seitenwindb\u00f6en leiden<br \/>Wenn Sie an gro\u00dfen Fahrzeugen vorbeifahren oder diese \u00fcberholen<\/p><h3>Rollen :<\/h3><p>Vermindertes Rollen in Kurven und Kreisverkehren<\/p><h3>Geringere Erm\u00fcdung der Klingen :<\/h3><p>Gleicht das Durchh\u00e4ngen der Blattfedern aus. Dies ist sehr effektiv bei Wohnmobilen, vor allem bei solchen mit einem gro\u00dfen \u00dcberhang.<\/p><h3>Komfort :<\/h3><p>Das Luftkissensystem hilft, alle St\u00f6\u00dfe von unebenen Stra\u00dfen zu absorbieren. Aus diesem Grund wird die allgemeine Fahrqualit\u00e4t verbessert.<\/p><h3>M\u00f6glichkeit, das Fahrzeug vor\u00fcbergehend anzuheben :<\/h3><p>\u00dcberfahren von Fahrbahnschwellen oder zum Ein- und Aussteigen von F\u00e4hren<\/p>\t\t\t\t\t\t\t\t<\/div>\n\t\t\t\t<\/div>\n\t\t<div class=\"elementor-element elementor-element-6c654c1 e-con-full e-flex e-con e-child\" data-id=\"6c654c1\" data-element_type=\"container\" data-e-type=\"container\" data-settings=\"{&quot;background_background&quot;:&quot;classic&quot;}\">\n\t\t\t\t<div class=\"elementor-element elementor-element-a1d49d1 elementor-widget elementor-widget-image\" data-id=\"a1d49d1\" data-element_type=\"widget\" data-e-type=\"widget\" data-widget_type=\"image.default\">\n\t\t\t\t\t\t\t\t\t\t\t\t\t\t\t<img fetchpriority=\"high\" decoding=\"async\" width=\"852\" height=\"357\" src=\"https:\/\/mecatek.eu\/wp-content\/uploads\/2025\/10\/Logo-VAN-Bike-2_broderie-dos.jpeg\" class=\"attachment-full size-full wp-image-919\" alt=\"Van-Bike-Logo 2\" srcset=\"https:\/\/mecatek.eu\/wp-content\/uploads\/2025\/10\/Logo-VAN-Bike-2_broderie-dos.jpeg 852w, https:\/\/mecatek.eu\/wp-content\/uploads\/2025\/10\/Logo-VAN-Bike-2_broderie-dos-500x210.jpeg 500w\" sizes=\"(max-width: 852px) 100vw, 852px\" \/>\t\t\t\t\t\t\t\t\t\t\t\t\t\t\t<\/div>\n\t\t\t\t<div class=\"elementor-element elementor-element-a67346d elementor-widget elementor-widget-text-editor\" data-id=\"a67346d\" data-element_type=\"widget\" data-e-type=\"widget\" data-widget_type=\"text-editor.default\">\n\t\t\t\t\t\t\t\t\t<p><strong>Technische Daten :<br \/><\/strong>Set bestehend aus :<br \/>- Bedienfeld<br \/>- 12V-Kompressor<br \/>- Luftkissen<br \/>- Luftschl\u00e4uche<\/p><p><strong>Fahrgestell com<\/strong><strong>geduldig :<\/strong><\/p><ul><li>Fiat<\/li><li>Citro\u00ebn<\/li><li>Peugeot<\/li><li>Renault<\/li><li>Nissan<\/li><li>Ford<\/li><li>Mercedes<\/li><li>VW<\/li><li>Iveco<\/li><li>Man<\/li><\/ul>\t\t\t\t\t\t\t\t<\/div>\n\t\t\t\t<\/div>\n\t\t\t\t<\/div>\n\t\t\t\t\t<\/div>\n\t\t\t\t<\/div>\n\t\t\t\t<\/div>","protected":false},"excerpt":{"rendered":"<p>Entdecken Sie Mecateks PLUG &amp; DRIVE-Luftfederungen, die ideal f\u00fcr Wohnmobile, Vans und ausgebaute Vans sind. Sie lassen sich an die meisten Fahrgestelle anpassen und bieten serienm\u00e4\u00dfig eine Niveauregulierung, erh\u00f6hte Stabilit\u00e4t bei Geradeausfahrt, weniger Wanken und weniger Erm\u00fcdung der Klingen. Genie\u00dfen Sie optimalen Komfort, eine vor\u00fcbergehende Anhebung des Fahrzeugs und eine vereinfachte Wartung. Verbessern Sie noch heute Ihren Fahrkomfort!<\/p>","protected":false},"featured_media":1398,"comment_status":"closed","ping_status":"closed","template":"","meta":[],"product_brand":[63],"product_cat":[34,73,80],"product_tag":[],"class_list":{"0":"post-1089","1":"product","2":"type-product","3":"status-publish","4":"has-post-thumbnail","6":"product_brand-mck","7":"product_cat-suspensions-pneumatiques-camping-car","8":"product_cat-suspensions-pneumatiques-pour-fourgons-et-vans","9":"product_cat-suspensions-pneumatiques-pour-vehicules-industriels","11":"first","12":"instock","13":"featured","14":"shipping-taxable","15":"product-type-simple"},"yoast_head":"<!-- This site is optimized with the Yoast SEO plugin v26.9 - https:\/\/yoast.com\/product\/yoast-seo-wordpress\/ -->\n<title>Suspensions pneumatiques PLUG&amp;DRIVE - Mecatek (ex-Sawiko France)<\/title>\n<meta name=\"description\" content=\"Nous vous proposons notre nouvelle gamme de suspensions pneumatiques PLUG&amp;DRIVE pour camping-car, fourgon et v\u00e9hicule utilitaire\" \/>\n<meta name=\"robots\" content=\"index, follow, max-snippet:-1, max-image-preview:large, max-video-preview:-1\" \/>\n<link rel=\"canonical\" href=\"https:\/\/mecatek.eu\/de\/produkt\/plugdrive-luftfederung\/\" \/>\n<meta property=\"og:locale\" content=\"de_DE\" \/>\n<meta property=\"og:type\" content=\"article\" \/>\n<meta property=\"og:title\" content=\"Suspensions pneumatiques PLUG&amp;DRIVE - Mecatek (ex-Sawiko France)\" \/>\n<meta property=\"og:description\" content=\"Nous vous proposons notre nouvelle gamme de suspensions pneumatiques PLUG&amp;DRIVE pour camping-car, fourgon et v\u00e9hicule utilitaire\" \/>\n<meta property=\"og:url\" content=\"https:\/\/mecatek.eu\/de\/produkt\/plugdrive-luftfederung\/\" \/>\n<meta property=\"og:site_name\" content=\"Mecatek (ex-Sawiko France)\" \/>\n<meta property=\"article:modified_time\" content=\"2026-02-11T16:18:23+00:00\" \/>\n<meta property=\"og:image\" content=\"http:\/\/mecatek.eu\/wp-content\/uploads\/2025\/11\/suspensions-pneumatiques-PlugAndDrive-camping-car-fourgon.png\" \/>\n\t<meta property=\"og:image:width\" content=\"800\" \/>\n\t<meta property=\"og:image:height\" content=\"800\" \/>\n\t<meta property=\"og:image:type\" content=\"image\/png\" \/>\n<meta name=\"twitter:card\" content=\"summary_large_image\" \/>\n<meta name=\"twitter:label1\" content=\"Gesch\u00e4tzte Lesezeit\" \/>\n\t<meta name=\"twitter:data1\" content=\"2\u00a0Minuten\" \/>\n<script type=\"application\/ld+json\" class=\"yoast-schema-graph\">{\"@context\":\"https:\/\/schema.org\",\"@graph\":[{\"@type\":\"WebPage\",\"@id\":\"https:\/\/mecatek.eu\/produit\/suspensions-pneumatiques-plugdrive\/\",\"url\":\"https:\/\/mecatek.eu\/produit\/suspensions-pneumatiques-plugdrive\/\",\"name\":\"Suspensions pneumatiques PLUG&DRIVE - Mecatek (ex-Sawiko France)\",\"isPartOf\":{\"@id\":\"https:\/\/mecatek.eu\/#website\"},\"primaryImageOfPage\":{\"@id\":\"https:\/\/mecatek.eu\/produit\/suspensions-pneumatiques-plugdrive\/#primaryimage\"},\"image\":{\"@id\":\"https:\/\/mecatek.eu\/produit\/suspensions-pneumatiques-plugdrive\/#primaryimage\"},\"thumbnailUrl\":\"https:\/\/mecatek.eu\/wp-content\/uploads\/2025\/11\/suspensions-pneumatiques-PlugAndDrive-camping-car-fourgon.png\",\"datePublished\":\"2025-11-08T17:57:46+00:00\",\"dateModified\":\"2026-02-11T16:18:23+00:00\",\"description\":\"Nous vous proposons notre nouvelle gamme de suspensions pneumatiques PLUG&DRIVE pour camping-car, fourgon et v\u00e9hicule utilitaire\",\"breadcrumb\":{\"@id\":\"https:\/\/mecatek.eu\/produit\/suspensions-pneumatiques-plugdrive\/#breadcrumb\"},\"inLanguage\":\"de\",\"potentialAction\":[{\"@type\":\"ReadAction\",\"target\":[\"https:\/\/mecatek.eu\/produit\/suspensions-pneumatiques-plugdrive\/\"]}]},{\"@type\":\"ImageObject\",\"inLanguage\":\"de\",\"@id\":\"https:\/\/mecatek.eu\/produit\/suspensions-pneumatiques-plugdrive\/#primaryimage\",\"url\":\"https:\/\/mecatek.eu\/wp-content\/uploads\/2025\/11\/suspensions-pneumatiques-PlugAndDrive-camping-car-fourgon.png\",\"contentUrl\":\"https:\/\/mecatek.eu\/wp-content\/uploads\/2025\/11\/suspensions-pneumatiques-PlugAndDrive-camping-car-fourgon.png\",\"width\":800,\"height\":800,\"caption\":\"Suspensions pneumatiques PLUG&DRIVE\"},{\"@type\":\"BreadcrumbList\",\"@id\":\"https:\/\/mecatek.eu\/produit\/suspensions-pneumatiques-plugdrive\/#breadcrumb\",\"itemListElement\":[{\"@type\":\"ListItem\",\"position\":1,\"name\":\"Accueil\",\"item\":\"https:\/\/mecatek.eu\/\"},{\"@type\":\"ListItem\",\"position\":2,\"name\":\"Catalogue\",\"item\":\"https:\/\/mecatek.eu\/catalogue\/\"},{\"@type\":\"ListItem\",\"position\":3,\"name\":\"Suspensions pneumatiques PLUG&#038;DRIVE\"}]},{\"@type\":\"WebSite\",\"@id\":\"https:\/\/mecatek.eu\/#website\",\"url\":\"https:\/\/mecatek.eu\/\",\"name\":\"Mecatek (ex-Sawiko France)\",\"description\":\"Fabricant d&#039;attelages pour camping-car et fourgon - Mecatek\",\"publisher\":{\"@id\":\"https:\/\/mecatek.eu\/#organization\"},\"potentialAction\":[{\"@type\":\"SearchAction\",\"target\":{\"@type\":\"EntryPoint\",\"urlTemplate\":\"https:\/\/mecatek.eu\/?s={search_term_string}\"},\"query-input\":{\"@type\":\"PropertyValueSpecification\",\"valueRequired\":true,\"valueName\":\"search_term_string\"}}],\"inLanguage\":\"de\"},{\"@type\":\"Organization\",\"@id\":\"https:\/\/mecatek.eu\/#organization\",\"name\":\"Mecatek (ex-Sawiko France)\",\"url\":\"https:\/\/mecatek.eu\/\",\"logo\":{\"@type\":\"ImageObject\",\"inLanguage\":\"de\",\"@id\":\"https:\/\/mecatek.eu\/#\/schema\/logo\/image\/\",\"url\":\"http:\/\/mecatek.eu\/wp-content\/uploads\/2026\/01\/Logo-Mecatek-Solutions-techniques-2025-300px.png\",\"contentUrl\":\"http:\/\/mecatek.eu\/wp-content\/uploads\/2026\/01\/Logo-Mecatek-Solutions-techniques-2025-300px.png\",\"width\":400,\"height\":94,\"caption\":\"Mecatek (ex-Sawiko France)\"},\"image\":{\"@id\":\"https:\/\/mecatek.eu\/#\/schema\/logo\/image\/\"}}]}<\/script>\n<!-- \/ Yoast SEO plugin. -->","yoast_head_json":{"title":"PLUG&amp;DRIVE Luftfederung - Mecatek (ehemals Sawiko Deutschland)","description":"Wir bieten Ihnen unser neues Sortiment an PLUG&amp;DRIVE-Luftfederungen f\u00fcr Wohnmobile, Kastenwagen und Nutzfahrzeuge an.","robots":{"index":"index","follow":"follow","max-snippet":"max-snippet:-1","max-image-preview":"max-image-preview:large","max-video-preview":"max-video-preview:-1"},"canonical":"https:\/\/mecatek.eu\/de\/produkt\/plugdrive-luftfederung\/","og_locale":"de_DE","og_type":"article","og_title":"Suspensions pneumatiques PLUG&DRIVE - Mecatek (ex-Sawiko France)","og_description":"Nous vous proposons notre nouvelle gamme de suspensions pneumatiques PLUG&DRIVE pour camping-car, fourgon et v\u00e9hicule utilitaire","og_url":"https:\/\/mecatek.eu\/de\/produkt\/plugdrive-luftfederung\/","og_site_name":"Mecatek (ex-Sawiko France)","article_modified_time":"2026-02-11T16:18:23+00:00","og_image":[{"width":800,"height":800,"url":"http:\/\/mecatek.eu\/wp-content\/uploads\/2025\/11\/suspensions-pneumatiques-PlugAndDrive-camping-car-fourgon.png","type":"image\/png"}],"twitter_card":"summary_large_image","twitter_misc":{"Gesch\u00e4tzte Lesezeit":"2\u00a0Minuten"},"schema":{"@context":"https:\/\/schema.org","@graph":[{"@type":"WebPage","@id":"https:\/\/mecatek.eu\/produit\/suspensions-pneumatiques-plugdrive\/","url":"https:\/\/mecatek.eu\/produit\/suspensions-pneumatiques-plugdrive\/","name":"PLUG&amp;DRIVE Luftfederung - Mecatek (ehemals Sawiko Deutschland)","isPartOf":{"@id":"https:\/\/mecatek.eu\/#website"},"primaryImageOfPage":{"@id":"https:\/\/mecatek.eu\/produit\/suspensions-pneumatiques-plugdrive\/#primaryimage"},"image":{"@id":"https:\/\/mecatek.eu\/produit\/suspensions-pneumatiques-plugdrive\/#primaryimage"},"thumbnailUrl":"https:\/\/mecatek.eu\/wp-content\/uploads\/2025\/11\/suspensions-pneumatiques-PlugAndDrive-camping-car-fourgon.png","datePublished":"2025-11-08T17:57:46+00:00","dateModified":"2026-02-11T16:18:23+00:00","description":"Wir bieten Ihnen unser neues Sortiment an PLUG&amp;DRIVE-Luftfederungen f\u00fcr Wohnmobile, Kastenwagen und Nutzfahrzeuge an.","breadcrumb":{"@id":"https:\/\/mecatek.eu\/produit\/suspensions-pneumatiques-plugdrive\/#breadcrumb"},"inLanguage":"de","potentialAction":[{"@type":"ReadAction","target":["https:\/\/mecatek.eu\/produit\/suspensions-pneumatiques-plugdrive\/"]}]},{"@type":"ImageObject","inLanguage":"de","@id":"https:\/\/mecatek.eu\/produit\/suspensions-pneumatiques-plugdrive\/#primaryimage","url":"https:\/\/mecatek.eu\/wp-content\/uploads\/2025\/11\/suspensions-pneumatiques-PlugAndDrive-camping-car-fourgon.png","contentUrl":"https:\/\/mecatek.eu\/wp-content\/uploads\/2025\/11\/suspensions-pneumatiques-PlugAndDrive-camping-car-fourgon.png","width":800,"height":800,"caption":"Suspensions pneumatiques PLUG&DRIVE"},{"@type":"BreadcrumbList","@id":"https:\/\/mecatek.eu\/produit\/suspensions-pneumatiques-plugdrive\/#breadcrumb","itemListElement":[{"@type":"ListItem","position":1,"name":"Accueil","item":"https:\/\/mecatek.eu\/"},{"@type":"ListItem","position":2,"name":"Catalogue","item":"https:\/\/mecatek.eu\/catalogue\/"},{"@type":"ListItem","position":3,"name":"Suspensions pneumatiques PLUG&#038;DRIVE"}]},{"@type":"WebSite","@id":"https:\/\/mecatek.eu\/#website","url":"https:\/\/mecatek.eu\/","name":"Mecatek (ehemals Sawiko Frankreich)","description":"Hersteller von Anh\u00e4ngerkupplungen f\u00fcr Wohnmobile und Lieferwagen - Mecatek","publisher":{"@id":"https:\/\/mecatek.eu\/#organization"},"potentialAction":[{"@type":"SearchAction","target":{"@type":"EntryPoint","urlTemplate":"https:\/\/mecatek.eu\/?s={search_term_string}"},"query-input":{"@type":"PropertyValueSpecification","valueRequired":true,"valueName":"search_term_string"}}],"inLanguage":"de"},{"@type":"Organization","@id":"https:\/\/mecatek.eu\/#organization","name":"Mecatek (ehemals Sawiko Frankreich)","url":"https:\/\/mecatek.eu\/","logo":{"@type":"ImageObject","inLanguage":"de","@id":"https:\/\/mecatek.eu\/#\/schema\/logo\/image\/","url":"http:\/\/mecatek.eu\/wp-content\/uploads\/2026\/01\/Logo-Mecatek-Solutions-techniques-2025-300px.png","contentUrl":"http:\/\/mecatek.eu\/wp-content\/uploads\/2026\/01\/Logo-Mecatek-Solutions-techniques-2025-300px.png","width":400,"height":94,"caption":"Mecatek (ex-Sawiko France)"},"image":{"@id":"https:\/\/mecatek.eu\/#\/schema\/logo\/image\/"}}]}},"_links":{"self":[{"href":"https:\/\/mecatek.eu\/de\/wp-json\/wp\/v2\/product\/1089","targetHints":{"allow":["GET"]}}],"collection":[{"href":"https:\/\/mecatek.eu\/de\/wp-json\/wp\/v2\/product"}],"about":[{"href":"https:\/\/mecatek.eu\/de\/wp-json\/wp\/v2\/types\/product"}],"replies":[{"embeddable":true,"href":"https:\/\/mecatek.eu\/de\/wp-json\/wp\/v2\/comments?post=1089"}],"version-history":[{"count":12,"href":"https:\/\/mecatek.eu\/de\/wp-json\/wp\/v2\/product\/1089\/revisions"}],"predecessor-version":[{"id":1399,"href":"https:\/\/mecatek.eu\/de\/wp-json\/wp\/v2\/product\/1089\/revisions\/1399"}],"wp:featuredmedia":[{"embeddable":true,"href":"https:\/\/mecatek.eu\/de\/wp-json\/wp\/v2\/media\/1398"}],"wp:attachment":[{"href":"https:\/\/mecatek.eu\/de\/wp-json\/wp\/v2\/media?parent=1089"}],"wp:term":[{"taxonomy":"product_brand","embeddable":true,"href":"https:\/\/mecatek.eu\/de\/wp-json\/wp\/v2\/product_brand?post=1089"},{"taxonomy":"product_cat","embeddable":true,"href":"https:\/\/mecatek.eu\/de\/wp-json\/wp\/v2\/product_cat?post=1089"},{"taxonomy":"product_tag","embeddable":true,"href":"https:\/\/mecatek.eu\/de\/wp-json\/wp\/v2\/product_tag?post=1089"}],"curies":[{"name":"wp","href":"https:\/\/api.w.org\/{rel}","templated":true}]}}