{"id":3,"date":"2025-10-21T17:19:08","date_gmt":"2025-10-21T15:19:08","guid":{"rendered":"http:\/\/mecatek.eu\/?page_id=3"},"modified":"2026-02-12T15:56:49","modified_gmt":"2026-02-12T14:56:49","slug":"datenschutzrichtlinie","status":"publish","type":"page","link":"https:\/\/mecatek.eu\/de\/datenschutzrichtlinie\/","title":{"rendered":"Datenschutzrichtlinie"},"content":{"rendered":"<h1 class=\"wp-block-heading\">Datenschutzrichtlinie<\/h1>\n\n\n\n<h2 class=\"wp-block-heading\">Wer sind wir?<\/h2>\n\n\n\n<p>Die Adresse unserer Website ist: https:\/\/mecatek.eu\/<\/p>\n\n\n\n<p>Diese Website wird verwaltet von :<\/p>\n\n\n\n<p>MECATEK SAS<br>4B rue du commerce,<br>67920 Sundhouse<br>Frankreich<br>E-Mail: contact@mecatek.eu<br>Telefon: 03 90 56 42 12<\/p>\n\n\n\n<h2 class=\"wp-block-heading\">Verwendung der gesammelten pers\u00f6nlichen Daten<\/h2>\n\n\n\n<h3 class=\"wp-block-heading\">Kontaktformulare<\/h3>\n\n\n\n<p>Die Daten, die wir \u00fcber das Kontaktformular, das Ihnen auf der Seite \u00abAngebot anfordern\u00bb zur Verf\u00fcgung steht, sammeln, dienen ausschlie\u00dflich dazu, Ihnen Informationen \u00fcber unsere Produkte und Dienstleistungen zukommen zu lassen. Wir k\u00f6nnen \u00fcber die E-Mail-Adresse, Telefonnummer oder Postanschrift, die Sie uns mitgeteilt haben, mit Ihnen in Kontakt treten. Wir k\u00f6nnen Ihnen auch einen elektronischen Newsletter zukommen lassen, um f\u00fcr unsere aktuellen Leistungen und\/oder Angebote zu werben.<\/p>\n\n\n\n<h3 class=\"wp-block-heading\">Formulare f\u00fcr Angebotsanfragen<\/h3>\n\n\n\n<p>Die Daten, die auf dem Formular zur Angebotsanfrage, das Ihnen auf der Seite \u00abAngebotsanfrage\u00bb zur Verf\u00fcgung steht, gesammelt werden, dienen uns ausschlie\u00dflich zur Erstellung eines Preisangebots auf der Grundlage der von Ihnen bereitgestellten Informationen. Wir k\u00f6nnen \u00fcber die von Ihnen angegebene E-Mail-Adresse, Telefonnummer oder Postanschrift mit Ihnen in Kontakt treten.<\/p>\n\n\n\n<h3 class=\"wp-block-heading\">Cookies<\/h3>\n\n\n\n<p>Wenn Sie auf unsere Website zugreifen, werden Sie um Ihre Zustimmung gebeten, dass eine Reihe von Cookies auf Ihrem Computer gespeichert werden k\u00f6nnen. Diese erm\u00f6glichen es uns, Ihnen einen besseren Surfkomfort zu bieten und Surfstatistiken zu sammeln. Diese Daten erm\u00f6glichen es uns, globale und nicht personenbezogene Trends dar\u00fcber zu erstellen, wie die Besucher unsere Website nutzen (auf der Website verbrachte Zeit, Anzahl der besuchten Seiten, Quelle des Datenverkehrs, ...). Die Cookies werden drei Monate lang aufbewahrt. Nach Ablauf dieses Zeitraums wird der Cookie automatisch gel\u00f6scht und Sie werden beim Zugriff auf die Website mecatek.eu gefragt, ob Sie die Erstellung eines neuen Cookies best\u00e4tigen m\u00f6chten.<\/p>\n\n\n\n<h3 class=\"wp-block-heading\">Von anderen Seiten eingebettete Inhalte<\/h3>\n\n\n\n<p>Die Artikel auf dieser Website k\u00f6nnen eingebettete Inhalte (z. B. Videos, Bilder, Artikel ...) enthalten. Von anderen Websites eingebettete Inhalte verhalten sich genauso, als w\u00fcrde der Besucher diese andere Website besuchen.<\/p>\n\n\n\n<p>Diese Websites k\u00f6nnten Daten \u00fcber Sie sammeln, Cookies verwenden, Tracking-Tools von Drittanbietern einbetten und Ihre Interaktionen mit diesen eingebetteten Inhalten verfolgen, wenn Sie ein angemeldetes Konto auf ihrer Website haben.<\/p>\n\n\n\n<h3 class=\"wp-block-heading\">Speicherfristen f\u00fcr Ihre Daten<\/h3>\n\n\n\n<p>F\u00fcr Nutzerinnen und Nutzer, die sich auf unserer Seite registrieren (sofern dies m\u00f6glich ist), speichern wir auch die in ihrem Profil angegebenen pers\u00f6nlichen Daten. Alle Nutzerinnen und Nutzer k\u00f6nnen ihre pers\u00f6nlichen Informationen (mit Ausnahme ihres Benutzernamens.ice) jederzeit einsehen, \u00e4ndern oder l\u00f6schen. Auch die Betreiber der Website k\u00f6nnen diese Informationen einsehen und \u00e4ndern.<\/p>\n\n\n\n<h3 class=\"wp-block-heading\">Die Rechte, die Sie \u00fcber Ihre Daten haben<\/h3>\n\n\n\n<p>Sie k\u00f6nnen verlangen, eine Datei zu erhalten, die alle personenbezogenen Daten enth\u00e4lt, die wir \u00fcber Sie gespeichert haben, einschlie\u00dflich der Daten, die Sie uns zur Verf\u00fcgung gestellt haben. Sie k\u00f6nnen auch verlangen, dass Ihre personenbezogenen Daten gel\u00f6scht werden. Dies gilt nicht f\u00fcr Daten, die f\u00fcr administrative oder rechtliche Zwecke oder aus Sicherheitsgr\u00fcnden gespeichert werden.<\/p>\n\n\n\n<h3 class=\"wp-block-heading\">\u00dcbermittlung Ihrer pers\u00f6nlichen Daten<\/h3>\n\n\n\n<p>Personenbezogene Daten werden unter keinen Umst\u00e4nden an Dritte weitergegeben. Wir k\u00f6nnen jedoch in \u00dcbereinstimmung mit der DSGVO einen Auftragsverarbeiter beauftragen, diese Daten in unserem eigenen Namen zu verarbeiten.<\/p>\n\n\n\n<h2 class=\"wp-block-heading\">Kontaktinformationen<\/h2>\n\n\n\n<p>MECATEK SAS<br>4B rue du commerce,<br>67920 Sundhouse<br>Frankreich<br>E-Mail: contact@mecatek.eu<br>Telefon: 03 90 56 42 12<br>Leiter der Ver\u00f6ffentlichung: M. Fran\u00e7ois GABILLAULT<\/p>\n\n\n\n<h2 class=\"wp-block-heading\">Zus\u00e4tzliche Informationen<\/h2>\n\n\n\n<h3 class=\"wp-block-heading\">Wie wir Ihre Daten sch\u00fctzen<\/h3>\n\n\n\n<p>Personenbezogene Daten werden auf unserem internen Server und auf dem externen Server, der die Website hostet, gespeichert. Der Zugriff ist auf autorisierte Nutzer beschr\u00e4nkt, die im Besitz einer sicheren Benutzerkennung und eines sicheren Passworts sind.<\/p>\n\n\n\n<h3 class=\"wp-block-heading\">Drittanbieterdienste, die uns Daten \u00fcbermitteln<\/h3>\n\n\n\n<p>Wir stellen sicher, dass die von einem Auftragsverarbeiter \u00fcbermittelten Daten mit der DSGVO konform sind.<\/p>","protected":false},"excerpt":{"rendered":"<p>Politique de confidentialit\u00e9 Qui sommes-nous ? L\u2019adresse de notre site Web est : https:\/\/mecatek.eu\/ Ce site Internet est g\u00e9r\u00e9 par : MECATEK SAS4B rue du commerce,67920 SundhouseFranceE-mail :&nbsp;contact@mecatek.euT\u00e9l\u00e9phone :&nbsp;03 90 56 42 12 Utilisation des donn\u00e9es personnelles collect\u00e9es Formulaires de contact Les donn\u00e9es recueillies sur le formulaire de contact \u00e0 votre disposition dans la page [&hellip;]<\/p>","protected":false},"author":1,"featured_media":0,"parent":0,"menu_order":0,"comment_status":"closed","ping_status":"closed","template":"","meta":{"footnotes":""},"class_list":["post-3","page","type-page","status-publish","hentry"],"blocksy_meta":[],"yoast_head":"<!-- This site is optimized with the Yoast SEO plugin v26.9 - https:\/\/yoast.com\/product\/yoast-seo-wordpress\/ -->\n<title>Politique de confidentialit\u00e9 - Mecatek (ex-Sawiko France)<\/title>\n<meta name=\"description\" content=\"D\u00e9couvrez la politique de confidentialit\u00e9 de Mecatek pour la protection de vos donn\u00e9es personnelles et votre droit d&#039;acc\u00e8s et de suppression des informations vous concernant dans la base de donn\u00e9es du site.\" \/>\n<meta name=\"robots\" content=\"index, follow, max-snippet:-1, max-image-preview:large, max-video-preview:-1\" \/>\n<link rel=\"canonical\" href=\"https:\/\/mecatek.eu\/de\/datenschutzrichtlinie\/\" \/>\n<meta property=\"og:locale\" content=\"de_DE\" \/>\n<meta property=\"og:type\" content=\"article\" \/>\n<meta property=\"og:title\" content=\"Politique de confidentialit\u00e9 - Mecatek (ex-Sawiko France)\" \/>\n<meta property=\"og:description\" content=\"D\u00e9couvrez la politique de confidentialit\u00e9 de Mecatek pour la protection de vos donn\u00e9es personnelles et votre droit d&#039;acc\u00e8s et de suppression des informations vous concernant dans la base de donn\u00e9es du site.\" \/>\n<meta property=\"og:url\" content=\"https:\/\/mecatek.eu\/de\/datenschutzrichtlinie\/\" \/>\n<meta property=\"og:site_name\" content=\"Mecatek (ex-Sawiko France)\" \/>\n<meta property=\"article:modified_time\" content=\"2026-02-12T14:56:49+00:00\" \/>\n<meta property=\"og:image\" content=\"https:\/\/mecatek.eu\/wp-content\/uploads\/2026\/01\/Logo-Mecatek-Solutions-techniques-2025-300px.png\" \/>\n\t<meta property=\"og:image:width\" content=\"400\" \/>\n\t<meta property=\"og:image:height\" content=\"94\" \/>\n\t<meta property=\"og:image:type\" content=\"image\/png\" \/>\n<meta name=\"twitter:card\" content=\"summary_large_image\" \/>\n<meta name=\"twitter:label1\" content=\"Gesch\u00e4tzte Lesezeit\" \/>\n\t<meta name=\"twitter:data1\" content=\"4\u00a0Minuten\" \/>\n<script type=\"application\/ld+json\" class=\"yoast-schema-graph\">{\"@context\":\"https:\/\/schema.org\",\"@graph\":[{\"@type\":\"WebPage\",\"@id\":\"https:\/\/mecatek.eu\/politique-de-confidentialite\/\",\"url\":\"https:\/\/mecatek.eu\/politique-de-confidentialite\/\",\"name\":\"Politique de confidentialit\u00e9 - Mecatek (ex-Sawiko France)\",\"isPartOf\":{\"@id\":\"https:\/\/mecatek.eu\/#website\"},\"datePublished\":\"2025-10-21T15:19:08+00:00\",\"dateModified\":\"2026-02-12T14:56:49+00:00\",\"description\":\"D\u00e9couvrez la politique de confidentialit\u00e9 de Mecatek pour la protection de vos donn\u00e9es personnelles et votre droit d'acc\u00e8s et de suppression des informations vous concernant dans la base de donn\u00e9es du site.\",\"breadcrumb\":{\"@id\":\"https:\/\/mecatek.eu\/politique-de-confidentialite\/#breadcrumb\"},\"inLanguage\":\"de\",\"potentialAction\":[{\"@type\":\"ReadAction\",\"target\":[\"https:\/\/mecatek.eu\/politique-de-confidentialite\/\"]}]},{\"@type\":\"BreadcrumbList\",\"@id\":\"https:\/\/mecatek.eu\/politique-de-confidentialite\/#breadcrumb\",\"itemListElement\":[{\"@type\":\"ListItem\",\"position\":1,\"name\":\"Accueil\",\"item\":\"https:\/\/mecatek.eu\/\"},{\"@type\":\"ListItem\",\"position\":2,\"name\":\"Politique de confidentialit\u00e9\"}]},{\"@type\":\"WebSite\",\"@id\":\"https:\/\/mecatek.eu\/#website\",\"url\":\"https:\/\/mecatek.eu\/\",\"name\":\"Mecatek (ex-Sawiko France)\",\"description\":\"Fabricant d&#039;attelages pour camping-car et fourgon - Mecatek\",\"publisher\":{\"@id\":\"https:\/\/mecatek.eu\/#organization\"},\"potentialAction\":[{\"@type\":\"SearchAction\",\"target\":{\"@type\":\"EntryPoint\",\"urlTemplate\":\"https:\/\/mecatek.eu\/?s={search_term_string}\"},\"query-input\":{\"@type\":\"PropertyValueSpecification\",\"valueRequired\":true,\"valueName\":\"search_term_string\"}}],\"inLanguage\":\"de\"},{\"@type\":\"Organization\",\"@id\":\"https:\/\/mecatek.eu\/#organization\",\"name\":\"Mecatek (ex-Sawiko France)\",\"url\":\"https:\/\/mecatek.eu\/\",\"logo\":{\"@type\":\"ImageObject\",\"inLanguage\":\"de\",\"@id\":\"https:\/\/mecatek.eu\/#\/schema\/logo\/image\/\",\"url\":\"http:\/\/mecatek.eu\/wp-content\/uploads\/2026\/01\/Logo-Mecatek-Solutions-techniques-2025-300px.png\",\"contentUrl\":\"http:\/\/mecatek.eu\/wp-content\/uploads\/2026\/01\/Logo-Mecatek-Solutions-techniques-2025-300px.png\",\"width\":400,\"height\":94,\"caption\":\"Mecatek (ex-Sawiko France)\"},\"image\":{\"@id\":\"https:\/\/mecatek.eu\/#\/schema\/logo\/image\/\"}}]}<\/script>\n<!-- \/ Yoast SEO plugin. -->","yoast_head_json":{"title":"Datenschutzrichtlinie - Mecatek (ehemals Sawiko Deutschland)","description":"Erfahren Sie mehr \u00fcber Mecateks Datenschutzrichtlinien zum Schutz Ihrer pers\u00f6nlichen Daten und \u00fcber Ihr Recht, auf Ihre Informationen in der Datenbank der Website zuzugreifen und sie zu l\u00f6schen.","robots":{"index":"index","follow":"follow","max-snippet":"max-snippet:-1","max-image-preview":"max-image-preview:large","max-video-preview":"max-video-preview:-1"},"canonical":"https:\/\/mecatek.eu\/de\/datenschutzrichtlinie\/","og_locale":"de_DE","og_type":"article","og_title":"Politique de confidentialit\u00e9 - Mecatek (ex-Sawiko France)","og_description":"D\u00e9couvrez la politique de confidentialit\u00e9 de Mecatek pour la protection de vos donn\u00e9es personnelles et votre droit d'acc\u00e8s et de suppression des informations vous concernant dans la base de donn\u00e9es du site.","og_url":"https:\/\/mecatek.eu\/de\/datenschutzrichtlinie\/","og_site_name":"Mecatek (ex-Sawiko France)","article_modified_time":"2026-02-12T14:56:49+00:00","og_image":[{"width":400,"height":94,"url":"https:\/\/mecatek.eu\/wp-content\/uploads\/2026\/01\/Logo-Mecatek-Solutions-techniques-2025-300px.png","type":"image\/png"}],"twitter_card":"summary_large_image","twitter_misc":{"Gesch\u00e4tzte Lesezeit":"4\u00a0Minuten"},"schema":{"@context":"https:\/\/schema.org","@graph":[{"@type":"WebPage","@id":"https:\/\/mecatek.eu\/politique-de-confidentialite\/","url":"https:\/\/mecatek.eu\/politique-de-confidentialite\/","name":"Datenschutzrichtlinie - Mecatek (ehemals Sawiko Deutschland)","isPartOf":{"@id":"https:\/\/mecatek.eu\/#website"},"datePublished":"2025-10-21T15:19:08+00:00","dateModified":"2026-02-12T14:56:49+00:00","description":"Erfahren Sie mehr \u00fcber Mecateks Datenschutzrichtlinien zum Schutz Ihrer pers\u00f6nlichen Daten und \u00fcber Ihr Recht, auf Ihre Informationen in der Datenbank der Website zuzugreifen und sie zu l\u00f6schen.","breadcrumb":{"@id":"https:\/\/mecatek.eu\/politique-de-confidentialite\/#breadcrumb"},"inLanguage":"de","potentialAction":[{"@type":"ReadAction","target":["https:\/\/mecatek.eu\/politique-de-confidentialite\/"]}]},{"@type":"BreadcrumbList","@id":"https:\/\/mecatek.eu\/politique-de-confidentialite\/#breadcrumb","itemListElement":[{"@type":"ListItem","position":1,"name":"Accueil","item":"https:\/\/mecatek.eu\/"},{"@type":"ListItem","position":2,"name":"Politique de confidentialit\u00e9"}]},{"@type":"WebSite","@id":"https:\/\/mecatek.eu\/#website","url":"https:\/\/mecatek.eu\/","name":"Mecatek (ehemals Sawiko Frankreich)","description":"Hersteller von Anh\u00e4ngerkupplungen f\u00fcr Wohnmobile und Lieferwagen - Mecatek","publisher":{"@id":"https:\/\/mecatek.eu\/#organization"},"potentialAction":[{"@type":"SearchAction","target":{"@type":"EntryPoint","urlTemplate":"https:\/\/mecatek.eu\/?s={search_term_string}"},"query-input":{"@type":"PropertyValueSpecification","valueRequired":true,"valueName":"search_term_string"}}],"inLanguage":"de"},{"@type":"Organization","@id":"https:\/\/mecatek.eu\/#organization","name":"Mecatek (ehemals Sawiko Frankreich)","url":"https:\/\/mecatek.eu\/","logo":{"@type":"ImageObject","inLanguage":"de","@id":"https:\/\/mecatek.eu\/#\/schema\/logo\/image\/","url":"http:\/\/mecatek.eu\/wp-content\/uploads\/2026\/01\/Logo-Mecatek-Solutions-techniques-2025-300px.png","contentUrl":"http:\/\/mecatek.eu\/wp-content\/uploads\/2026\/01\/Logo-Mecatek-Solutions-techniques-2025-300px.png","width":400,"height":94,"caption":"Mecatek (ex-Sawiko France)"},"image":{"@id":"https:\/\/mecatek.eu\/#\/schema\/logo\/image\/"}}]}},"_links":{"self":[{"href":"https:\/\/mecatek.eu\/de\/wp-json\/wp\/v2\/pages\/3","targetHints":{"allow":["GET"]}}],"collection":[{"href":"https:\/\/mecatek.eu\/de\/wp-json\/wp\/v2\/pages"}],"about":[{"href":"https:\/\/mecatek.eu\/de\/wp-json\/wp\/v2\/types\/page"}],"author":[{"embeddable":true,"href":"https:\/\/mecatek.eu\/de\/wp-json\/wp\/v2\/users\/1"}],"replies":[{"embeddable":true,"href":"https:\/\/mecatek.eu\/de\/wp-json\/wp\/v2\/comments?post=3"}],"version-history":[{"count":3,"href":"https:\/\/mecatek.eu\/de\/wp-json\/wp\/v2\/pages\/3\/revisions"}],"predecessor-version":[{"id":2070,"href":"https:\/\/mecatek.eu\/de\/wp-json\/wp\/v2\/pages\/3\/revisions\/2070"}],"wp:attachment":[{"href":"https:\/\/mecatek.eu\/de\/wp-json\/wp\/v2\/media?parent=3"}],"curies":[{"name":"wp","href":"https:\/\/api.w.org\/{rel}","templated":true}]}}