{"id":2602,"date":"2026-01-28T11:28:53","date_gmt":"2026-01-28T10:28:53","guid":{"rendered":"https:\/\/mecatek.eu\/?page_id=2602"},"modified":"2026-01-28T11:43:23","modified_gmt":"2026-01-28T10:43:23","slug":"uns-kontaktieren","status":"publish","type":"page","link":"https:\/\/mecatek.eu\/de\/uns-kontaktieren\/","title":{"rendered":"Kontaktieren Sie uns"},"content":{"rendered":"<div data-elementor-type=\"wp-page\" data-elementor-id=\"2602\" class=\"elementor elementor-2602\" data-elementor-post-type=\"page\">\n\t\t\t\t<div class=\"elementor-element elementor-element-134ebb57 e-flex e-con-boxed e-con e-parent\" data-id=\"134ebb57\" data-element_type=\"container\" data-e-type=\"container\" data-settings=\"{&quot;background_background&quot;:&quot;classic&quot;}\">\n\t\t\t\t\t<div class=\"e-con-inner\">\n\t\t\t\t<div class=\"elementor-element elementor-element-566eb1c elementor-widget elementor-widget-text-editor\" data-id=\"566eb1c\" data-element_type=\"widget\" data-e-type=\"widget\" data-widget_type=\"text-editor.default\">\n\t\t\t\t\t\t\t\t\t<h1>Kontaktieren Sie uns<\/h1>\t\t\t\t\t\t\t\t<\/div>\n\t\t<div class=\"elementor-element elementor-element-950a22f e-con-full e-flex e-con e-child\" data-id=\"950a22f\" data-element_type=\"container\" data-e-type=\"container\" data-settings=\"{&quot;background_background&quot;:&quot;classic&quot;,&quot;shape_divider_bottom&quot;:&quot;arrow&quot;,&quot;shape_divider_bottom_negative&quot;:&quot;yes&quot;}\">\n\t\t\t\t<div class=\"elementor-shape elementor-shape-bottom\" aria-hidden=\"true\" data-negative=\"true\">\n\t\t\t<svg xmlns=\"http:\/\/www.w3.org\/2000\/svg\" viewbox=\"0 0 700 10\" preserveaspectratio=\"none\">\n\t<path class=\"elementor-shape-fill\" d=\"M360 0L350 9.9 340 0 0 0 0 10 700 10 700 0\"\/>\n<\/svg>\t\t<\/div>\n\t\t<div class=\"elementor-element elementor-element-8fb50c6 e-con-full e-flex e-con e-child\" data-id=\"8fb50c6\" data-element_type=\"container\" data-e-type=\"container\">\n\t\t\t\t<div class=\"elementor-element elementor-element-8e7b90a elementor-widget elementor-widget-text-editor\" data-id=\"8e7b90a\" data-element_type=\"widget\" data-e-type=\"widget\" data-widget_type=\"text-editor.default\">\n\t\t\t\t\t\t\t\t\t<p>Haben Sie eine Frage, ein Projekt oder ben\u00f6tigen Sie weitere Informationen? Das Mecatek-Team steht Ihnen zur Verf\u00fcgung, um alle Ihre Fragen zu beantworten. F\u00fcllen Sie einfach das <strong>Kontaktformular<\/strong> unten oder kontaktieren Sie uns direkt per Telefon oder E-Mail. Wir freuen uns darauf, Ihnen so schnell wie m\u00f6glich zu antworten.<\/p>\t\t\t\t\t\t\t\t<\/div>\n\t\t\t\t<\/div>\n\t\t<div class=\"elementor-element elementor-element-b56f9f3 e-con-full e-flex e-con e-child\" data-id=\"b56f9f3\" data-element_type=\"container\" data-e-type=\"container\">\n\t\t\t\t<div class=\"elementor-element elementor-element-f10eef2 elementor-widget elementor-widget-text-editor\" data-id=\"f10eef2\" data-element_type=\"widget\" data-e-type=\"widget\" data-widget_type=\"text-editor.default\">\n\t\t\t\t\t\t\t\t\t<p><strong>MECATEK<\/strong>\u00a0(ehemals Sawiko Frankreich)<br \/>4B, rue du Commerce<br \/>67920 SUNDHOUSE - Frankreich<br \/>contact@mecatek.eu<br \/>+33 3 90 56 42 12<\/p>\t\t\t\t\t\t\t\t<\/div>\n\t\t\t\t<\/div>\n\t\t\t\t<\/div>\n\t\t\t\t\t<\/div>\n\t\t\t\t<\/div>\n\t\t<div class=\"elementor-element elementor-element-48f801fc e-flex e-con-boxed e-con e-parent\" data-id=\"48f801fc\" data-element_type=\"container\" data-e-type=\"container\">\n\t\t\t\t\t<div class=\"e-con-inner\">\n\t\t<div class=\"elementor-element elementor-element-66eb2f78 e-con-full e-flex e-con e-child\" data-id=\"66eb2f78\" data-element_type=\"container\" data-e-type=\"container\" data-settings=\"{&quot;background_background&quot;:&quot;classic&quot;}\">\n\t\t\t\t<div class=\"elementor-element elementor-element-4627a1dd elementor-widget elementor-widget-shortcode\" data-id=\"4627a1dd\" data-element_type=\"widget\" data-e-type=\"widget\" data-widget_type=\"shortcode.default\">\n\t\t\t\t\t\t\t<div class=\"elementor-shortcode\"><style id=\"wpforms-css-vars-2594\">\n\t\t\t\t#wpforms-2594 {\n\t\t\t\t--wpforms-field-border-color: rgba(0, 0, 0, 0.25);\n--wpforms-field-border-color-spare: rgba(0, 0, 0, 0.25);\n--wpforms-field-text-color: rgba(0, 0, 0, 0.75);\n--wpforms-label-color: rgba(0, 0, 0, 0.85);\n--wpforms-label-sublabel-color: rgba(0, 0, 0, 0.75);\n--wpforms-field-size-input-height: 43px;\n--wpforms-field-size-input-spacing: 15px;\n--wpforms-field-size-font-size: 16px;\n--wpforms-field-size-line-height: 19px;\n--wpforms-field-size-padding-h: 14px;\n--wpforms-field-size-checkbox-size: 16px;\n--wpforms-field-size-sublabel-spacing: 5px;\n--wpforms-field-size-icon-size: 1;\n--wpforms-label-size-font-size: 16px;\n--wpforms-label-size-line-height: 19px;\n--wpforms-label-size-sublabel-font-size: 14px;\n--wpforms-label-size-sublabel-line-height: 17px;\n--wpforms-button-size-font-size: 17px;\n--wpforms-button-size-height: 41px;\n--wpforms-button-size-padding-h: 15px;\n--wpforms-button-size-margin-top: 10px;\n--wpforms-container-shadow-size-box-shadow: none;\n\t\t\t}\n\t\t\t<\/style><div class=\"wpforms-container wpforms-container-full wpforms-render-modern\" id=\"wpforms-2594\"><form id=\"wpforms-form-2594\" class=\"wpforms-validate wpforms-form wpforms-ajax-form\" data-formid=\"2594\" method=\"post\" enctype=\"multipart\/form-data\" action=\"\/de\/wp-json\/wp\/v2\/pages\/2602\/\" data-token=\"8c7ec74ad9c10fae8444dffcd5d25de0\" data-token-time=\"1777525953\" data-trp-original-action=\"\/de\/wp-json\/wp\/v2\/pages\/2602\/\"><noscript class=\"wpforms-error-noscript\">Bitte aktiviere JavaScript in deinem Browser, um dieses Formular fertigzustellen.<\/noscript><div id=\"wpforms-error-noscript\" style=\"display: none;\">Bitte aktiviere JavaScript in deinem Browser, um dieses Formular fertigzustellen.<\/div><div class=\"wpforms-field-container\"><div id=\"wpforms-2594-field_9-container\" class=\"wpforms-field wpforms-field-select wpforms-field-select-style-modern\" data-field-id=\"9\"><label class=\"wpforms-field-label wpforms-label-hide\" for=\"wpforms-2594-field_9\" aria-hidden=\"false\">Ihr Status <span class=\"wpforms-required-label\" aria-hidden=\"true\">*<\/span><\/label><select id=\"wpforms-2594-field_9\" class=\"wpforms-field-medium wpforms-field-required choicesjs-select\" data-size-class=\"wpforms-field-row wpforms-field-medium\" data-search-enabled=\"\" name=\"wpforms[fields][9]\" required=\"required\"><option value=\"\" class=\"placeholder\" disabled selected='selected'>--- Auswahl treffen ---<\/option><option value=\"Vous \u00eates un professionnel\"  class=\"choice-1 depth-1\"  >Sie sind ein Berufst\u00e4tiger<\/option><option value=\"Vous \u00eates un particulier\"  class=\"choice-2 depth-1\"  >Sie sind eine Privatperson<\/option><\/select><\/div><div id=\"wpforms-2594-field_10-container\" class=\"wpforms-field wpforms-field-text\" data-field-id=\"10\"><label class=\"wpforms-field-label wpforms-label-hide\" for=\"wpforms-2594-field_10\" aria-hidden=\"false\">Unternehmen<\/label><input type=\"text\" id=\"wpforms-2594-field_10\" class=\"wpforms-field-medium\" name=\"wpforms[fields][10]\" placeholder=\"Unternehmen\" aria-errormessage=\"wpforms-2594-field_10-error\" ><\/div><div id=\"wpforms-2594-field_8-container\" class=\"wpforms-field wpforms-field-name\" data-field-id=\"8\"><fieldset><legend class=\"wpforms-field-label wpforms-label-hide\" aria-hidden=\"false\">Ihr Name <span class=\"wpforms-required-label\" aria-hidden=\"true\">*<\/span><\/legend><div class=\"wpforms-field-row wpforms-field-medium\"><div class=\"wpforms-field-row-block wpforms-first wpforms-one-half\"><input type=\"text\" id=\"wpforms-2594-field_8\" class=\"wpforms-field-name-first wpforms-field-required\" name=\"wpforms[fields][8][first]\" aria-errormessage=\"wpforms-2594-field_8-error\" required><label for=\"wpforms-2594-field_8\" class=\"wpforms-field-sublabel after\">Vorname<\/label><\/div><div class=\"wpforms-field-row-block wpforms-one-half\"><input type=\"text\" id=\"wpforms-2594-field_8-last\" class=\"wpforms-field-name-last wpforms-field-required\" name=\"wpforms[fields][8][last]\" aria-errormessage=\"wpforms-2594-field_8-last-error\" required><label for=\"wpforms-2594-field_8-last\" class=\"wpforms-field-sublabel after\">Nachname<\/label><\/div><\/div><\/fieldset><\/div><div id=\"wpforms-2594-field_7-container\" class=\"wpforms-field wpforms-field-email\" data-field-id=\"7\"><label class=\"wpforms-field-label wpforms-label-hide\" for=\"wpforms-2594-field_7\" aria-hidden=\"false\">E-Mail <span class=\"wpforms-required-label\" aria-hidden=\"true\">*<\/span><\/label><input type=\"email\" id=\"wpforms-2594-field_7\" class=\"wpforms-field-medium wpforms-field-required\" name=\"wpforms[fields][7]\" placeholder=\"E-Mail\" spellcheck=\"false\" aria-errormessage=\"wpforms-2594-field_7-error\" required><\/div><div id=\"wpforms-2594-field_11-container\" class=\"wpforms-field wpforms-field-text\" data-field-id=\"11\"><label class=\"wpforms-field-label wpforms-label-hide\" for=\"wpforms-2594-field_11\" aria-hidden=\"false\">Telefon <span class=\"wpforms-required-label\" aria-hidden=\"true\">*<\/span><\/label><input type=\"text\" id=\"wpforms-2594-field_11\" class=\"wpforms-field-medium wpforms-field-required\" name=\"wpforms[fields][11]\" placeholder=\"Telefon\" aria-errormessage=\"wpforms-2594-field_11-error\" required><\/div><div id=\"wpforms-2594-field_12-container\" class=\"wpforms-field wpforms-field-text\" data-field-id=\"12\"><label class=\"wpforms-field-label wpforms-label-hide\" for=\"wpforms-2594-field_12\" aria-hidden=\"false\">Postleitzahl <span class=\"wpforms-required-label\" aria-hidden=\"true\">*<\/span><\/label><input type=\"text\" id=\"wpforms-2594-field_12\" class=\"wpforms-field-medium wpforms-field-required\" name=\"wpforms[fields][12]\" placeholder=\"Postleitzahl\" aria-errormessage=\"wpforms-2594-field_12-error\" required><\/div>\t\t<div id=\"wpforms-2594-field_1-container\"\n\t\t\tclass=\"wpforms-field wpforms-field-text\"\n\t\t\tdata-field-type=\"text\"\n\t\t\tdata-field-id=\"1\"\n\t\t\t>\n\t\t\t<label class=\"wpforms-field-label\" for=\"wpforms-2594-field_1\" >nom Ville Email<\/label>\n\t\t\t<input type=\"text\" id=\"wpforms-2594-field_1\" class=\"wpforms-field-medium\" name=\"wpforms[fields][1]\" >\n\t\t<\/div>\n\t\t<div id=\"wpforms-2594-field_13-container\" class=\"wpforms-field wpforms-field-text\" data-field-id=\"13\"><label class=\"wpforms-field-label wpforms-label-hide\" for=\"wpforms-2594-field_13\" aria-hidden=\"false\">Stadt <span class=\"wpforms-required-label\" aria-hidden=\"true\">*<\/span><\/label><input type=\"text\" id=\"wpforms-2594-field_13\" class=\"wpforms-field-medium wpforms-field-required\" name=\"wpforms[fields][13]\" placeholder=\"Stadt\" aria-errormessage=\"wpforms-2594-field_13-error\" required><\/div><div id=\"wpforms-2594-field_14-container\" class=\"wpforms-field wpforms-field-text\" data-field-id=\"14\"><label class=\"wpforms-field-label wpforms-label-hide\" for=\"wpforms-2594-field_14\" aria-hidden=\"false\">Land <span class=\"wpforms-required-label\" aria-hidden=\"true\">*<\/span><\/label><input type=\"text\" id=\"wpforms-2594-field_14\" class=\"wpforms-field-medium wpforms-field-required\" name=\"wpforms[fields][14]\" placeholder=\"Land\" aria-errormessage=\"wpforms-2594-field_14-error\" required><\/div><div id=\"wpforms-2594-field_18-container\" class=\"wpforms-field wpforms-field-text\" data-field-id=\"18\"><label class=\"wpforms-field-label wpforms-label-hide\" for=\"wpforms-2594-field_18\" aria-hidden=\"false\">Objekt <span class=\"wpforms-required-label\" aria-hidden=\"true\">*<\/span><\/label><input type=\"text\" id=\"wpforms-2594-field_18\" class=\"wpforms-field-medium wpforms-field-required\" name=\"wpforms[fields][18]\" placeholder=\"Objekt\" aria-errormessage=\"wpforms-2594-field_18-error\" required><\/div><div id=\"wpforms-2594-field_19-container\" class=\"wpforms-field wpforms-field-textarea\" data-field-id=\"19\"><label class=\"wpforms-field-label wpforms-label-hide\" for=\"wpforms-2594-field_19\" aria-hidden=\"false\">Nachricht<\/label><textarea id=\"wpforms-2594-field_19\" class=\"wpforms-field-medium\" name=\"wpforms[fields][19]\" placeholder=\"Ihre Nachricht\" aria-errormessage=\"wpforms-2594-field_19-error\" ><\/textarea><\/div><div id=\"wpforms-2594-field_20-container\" class=\"wpforms-field wpforms-field-checkbox\" data-field-id=\"20\"><fieldset><legend class=\"wpforms-field-label wpforms-label-hide\" aria-hidden=\"false\">S&#039;den Mecatek-Newsletter abonnieren, um die neuesten Nachrichten zu erhalten<\/legend><ul id=\"wpforms-2594-field_20\"><li class=\"choice-1 depth-1\"><input type=\"checkbox\" id=\"wpforms-2594-field_20_1\" name=\"wpforms[fields][20][]\" value=\"S&#039;inscrire \u00e0 la newsletter Mecatek pour recevoir les derni\u00e8res actualit\u00e9s\" aria-errormessage=\"wpforms-2594-field_20_1-error\" aria-describedby=\"wpforms-2594-field_20-description\"  ><label class=\"wpforms-field-label-inline\" for=\"wpforms-2594-field_20_1\">Melden Sie sich f\u00fcr den Mecatek-Newsletter an, um die neuesten Nachrichten zu erhalten.<\/label><\/li><\/ul><div id=\"wpforms-2594-field_20-description\" class=\"wpforms-field-description\">Mit dem Absenden dieses Formulars erkl\u00e4re ich mich damit einverstanden, dass meine Daten verwendet werden, um mich im Rahmen der Gesch\u00e4ftsbeziehung im Zusammenhang mit meiner Anfrage nach einem Kostenvoranschlag zu kontaktieren. Gem\u00e4\u00df dem Gesetz \u00abInformatique et Libert\u00e9s\u00bb Nr. 78-17 vom 6. Januar 1978 k\u00f6nnen Sie jederzeit auf Ihre Daten zugreifen, sie \u00e4ndern oder l\u00f6schen, indem Sie eine Anfrage an contact@mecatek.eu senden. Weitere Informationen finden Sie in unserer Datenschutzrichtlinie.<\/div><\/fieldset><\/div><script>\n\t\t\t\t( function() {\n\t\t\t\t\tconst style = document.createElement( 'style' );\n\t\t\t\t\tstyle.appendChild( document.createTextNode( '#wpforms-2594-field_1-container { position: absolute !important; overflow: hidden !important; display: inline !important; height: 1px !important; width: 1px !important; z-index: -1000 !important; padding: 0 !important; } #wpforms-2594-field_1-container input { visibility: hidden; } #wpforms-conversational-form-page #wpforms-2594-field_1-container label { counter-increment: none; }' ) );\n\t\t\t\t\tdocument.head.appendChild( style );\n\t\t\t\t\tdocument.currentScript?.remove();\n\t\t\t\t} )();\n\t\t\t<\/script><\/div><!-- .wpforms-field-container --><div class=\"wpforms-recaptcha-container wpforms-is-recaptcha wpforms-is-recaptcha-type-v2\" ><div class=\"g-recaptcha\" data-sitekey=\"6LdCgc8ZAAAAAClI1xj7myu_9Lrvz751rbz1nE0r\"><\/div><input type=\"text\" name=\"g-recaptcha-hidden\" class=\"wpforms-recaptcha-hidden\" style=\"position:absolute!important;clip:rect(0,0,0,0)!important;height:1px!important;width:1px!important;border:0!important;overflow:hidden!important;padding:0!important;margin:0!important;\" data-rule-recaptcha=\"1\"><\/div><div class=\"wpforms-submit-container\" ><input type=\"hidden\" name=\"wpforms[id]\" value=\"2594\"><input type=\"hidden\" name=\"page_title\" value=\"\"><input type=\"hidden\" name=\"page_url\" value=\"https:\/\/mecatek.eu\/de\/wp-json\/wp\/v2\/pages\/2602\/\"><input type=\"hidden\" name=\"url_referer\" value=\"https:\/\/mecatek.eu\/de\/wp-json\/wp\/v2\/pages\/2602\"><button type=\"submit\" name=\"wpforms[submit]\" id=\"wpforms-submit-2594\" class=\"wpforms-submit\" data-alt-text=\"Envoi en cours\" data-submit-text=\"Envoyer\" aria-live=\"assertive\" value=\"wpforms-submit\">Senden Sie<\/button><img decoding=\"async\" src=\"https:\/\/mecatek.eu\/wp-content\/plugins\/wpforms\/assets\/images\/submit-spin.svg\" class=\"wpforms-submit-spinner\" style=\"display: none;\" width=\"26\" height=\"26\" alt=\"Wird geladen\"><\/div><input type=\"hidden\" name=\"trp-form-language\" value=\"de\"\/><\/form><\/div>  <!-- .wpforms-container --><\/div>\n\t\t\t\t\t\t<\/div>\n\t\t\t\t<\/div>\n\t\t\t\t\t<\/div>\n\t\t\t\t<\/div>\n\t\t<div class=\"elementor-element elementor-element-61dd8947 e-con-full e-flex e-con e-parent\" data-id=\"61dd8947\" data-element_type=\"container\" data-e-type=\"container\">\n\t\t\t\t<div class=\"elementor-element elementor-element-204b9ac9 elementor-widget elementor-widget-google_maps\" data-id=\"204b9ac9\" data-element_type=\"widget\" data-e-type=\"widget\" data-widget_type=\"google_maps.default\">\n\t\t\t\t\t\t\t<div class=\"elementor-custom-embed\">\n\t\t\t<iframe loading=\"lazy\"\n\t\t\t\t\tsrc=\"https:\/\/maps.google.com\/maps?q=4%20B%20rue%20du%20Commerce%2C%2067920%20SUNDHOUSE&#038;t=m&#038;z=8&#038;output=embed&#038;iwloc=near\"\n\t\t\t\t\ttitle=\"4 B rue du Commerce, 67920 SUNDHOUSE\"\n\t\t\t\t\taria-label=\"4 B rue du Commerce, 67920 SUNDHOUSE\"\n\t\t\t><\/iframe>\n\t\t<\/div>\n\t\t\t\t\t\t<\/div>\n\t\t\t\t<\/div>\n\t\t\t\t<\/div>","protected":false},"excerpt":{"rendered":"<p>Contactez-nous Une question, un projet ou besoin d\u2019informations compl\u00e9mentaires ? L\u2019\u00e9quipe Mecatek est \u00e0 votre \u00e9coute pour r\u00e9pondre \u00e0 toutes vos questions. Remplissez simplement le formulaire de contact ci-dessous ou contactez-nous directement par t\u00e9l\u00e9phone ou par e-mail. Nous nous ferons un plaisir de vous r\u00e9pondre dans les plus brefs d\u00e9lais. MECATEK\u00a0(ex-Sawiko France)4B, rue du Commerce67920 [&hellip;]<\/p>","protected":false},"author":1,"featured_media":0,"parent":0,"menu_order":0,"comment_status":"closed","ping_status":"closed","template":"","meta":{"footnotes":""},"class_list":["post-2602","page","type-page","status-publish","hentry"],"blocksy_meta":[],"yoast_head":"<!-- This site is optimized with the Yoast SEO plugin v26.9 - https:\/\/yoast.com\/product\/yoast-seo-wordpress\/ -->\n<title>Nous contacter - Mecatek (ex-Sawiko France)<\/title>\n<meta name=\"description\" content=\"Contactez-nous, notre \u00e9quipe est \u00e0 votre \u00e9coute pour r\u00e9pondre \u00e0 vos questions sur nos attelages et \u00e9quipements pour camping-car et fourgons\" \/>\n<meta name=\"robots\" content=\"index, follow, max-snippet:-1, max-image-preview:large, max-video-preview:-1\" \/>\n<link rel=\"canonical\" href=\"https:\/\/mecatek.eu\/de\/uns-kontaktieren\/\" \/>\n<meta property=\"og:locale\" content=\"de_DE\" \/>\n<meta property=\"og:type\" content=\"article\" \/>\n<meta property=\"og:title\" content=\"Nous contacter - Mecatek (ex-Sawiko France)\" \/>\n<meta property=\"og:description\" content=\"Contactez-nous, notre \u00e9quipe est \u00e0 votre \u00e9coute pour r\u00e9pondre \u00e0 vos questions sur nos attelages et \u00e9quipements pour camping-car et fourgons\" \/>\n<meta property=\"og:url\" content=\"https:\/\/mecatek.eu\/de\/uns-kontaktieren\/\" \/>\n<meta property=\"og:site_name\" content=\"Mecatek (ex-Sawiko France)\" \/>\n<meta property=\"article:modified_time\" content=\"2026-01-28T10:43:23+00:00\" \/>\n<meta property=\"og:image\" content=\"https:\/\/mecatek.eu\/wp-content\/uploads\/2026\/01\/Logo-Mecatek-Solutions-techniques-2025-300px.png\" \/>\n\t<meta property=\"og:image:width\" content=\"400\" \/>\n\t<meta property=\"og:image:height\" content=\"94\" \/>\n\t<meta property=\"og:image:type\" content=\"image\/png\" \/>\n<meta name=\"twitter:card\" content=\"summary_large_image\" \/>\n<meta name=\"twitter:label1\" content=\"Gesch\u00e4tzte Lesezeit\" \/>\n\t<meta name=\"twitter:data1\" content=\"2\u00a0Minuten\" \/>\n<script type=\"application\/ld+json\" class=\"yoast-schema-graph\">{\"@context\":\"https:\/\/schema.org\",\"@graph\":[{\"@type\":\"WebPage\",\"@id\":\"https:\/\/mecatek.eu\/nous-contacter\/\",\"url\":\"https:\/\/mecatek.eu\/nous-contacter\/\",\"name\":\"Nous contacter - Mecatek (ex-Sawiko France)\",\"isPartOf\":{\"@id\":\"https:\/\/mecatek.eu\/#website\"},\"datePublished\":\"2026-01-28T10:28:53+00:00\",\"dateModified\":\"2026-01-28T10:43:23+00:00\",\"description\":\"Contactez-nous, notre \u00e9quipe est \u00e0 votre \u00e9coute pour r\u00e9pondre \u00e0 vos questions sur nos attelages et \u00e9quipements pour camping-car et fourgons\",\"breadcrumb\":{\"@id\":\"https:\/\/mecatek.eu\/nous-contacter\/#breadcrumb\"},\"inLanguage\":\"de\",\"potentialAction\":[{\"@type\":\"ReadAction\",\"target\":[\"https:\/\/mecatek.eu\/nous-contacter\/\"]}]},{\"@type\":\"BreadcrumbList\",\"@id\":\"https:\/\/mecatek.eu\/nous-contacter\/#breadcrumb\",\"itemListElement\":[{\"@type\":\"ListItem\",\"position\":1,\"name\":\"Accueil\",\"item\":\"https:\/\/mecatek.eu\/\"},{\"@type\":\"ListItem\",\"position\":2,\"name\":\"Nous contacter\"}]},{\"@type\":\"WebSite\",\"@id\":\"https:\/\/mecatek.eu\/#website\",\"url\":\"https:\/\/mecatek.eu\/\",\"name\":\"Mecatek (ex-Sawiko France)\",\"description\":\"Fabricant d&#039;attelages pour camping-car et fourgon - Mecatek\",\"publisher\":{\"@id\":\"https:\/\/mecatek.eu\/#organization\"},\"potentialAction\":[{\"@type\":\"SearchAction\",\"target\":{\"@type\":\"EntryPoint\",\"urlTemplate\":\"https:\/\/mecatek.eu\/?s={search_term_string}\"},\"query-input\":{\"@type\":\"PropertyValueSpecification\",\"valueRequired\":true,\"valueName\":\"search_term_string\"}}],\"inLanguage\":\"de\"},{\"@type\":\"Organization\",\"@id\":\"https:\/\/mecatek.eu\/#organization\",\"name\":\"Mecatek (ex-Sawiko France)\",\"url\":\"https:\/\/mecatek.eu\/\",\"logo\":{\"@type\":\"ImageObject\",\"inLanguage\":\"de\",\"@id\":\"https:\/\/mecatek.eu\/#\/schema\/logo\/image\/\",\"url\":\"http:\/\/mecatek.eu\/wp-content\/uploads\/2026\/01\/Logo-Mecatek-Solutions-techniques-2025-300px.png\",\"contentUrl\":\"http:\/\/mecatek.eu\/wp-content\/uploads\/2026\/01\/Logo-Mecatek-Solutions-techniques-2025-300px.png\",\"width\":400,\"height\":94,\"caption\":\"Mecatek (ex-Sawiko France)\"},\"image\":{\"@id\":\"https:\/\/mecatek.eu\/#\/schema\/logo\/image\/\"}}]}<\/script>\n<!-- \/ Yoast SEO plugin. -->","yoast_head_json":{"title":"Kontaktieren Sie uns - Mecatek (ehemals Sawiko France)","description":"Kontaktieren Sie uns, unser Team steht Ihnen gerne zur Verf\u00fcgung, um Ihre Fragen zu unseren Anh\u00e4ngerkupplungen und Ausr\u00fcstungen f\u00fcr Wohnmobile und Lieferwagen zu beantworten.","robots":{"index":"index","follow":"follow","max-snippet":"max-snippet:-1","max-image-preview":"max-image-preview:large","max-video-preview":"max-video-preview:-1"},"canonical":"https:\/\/mecatek.eu\/de\/uns-kontaktieren\/","og_locale":"de_DE","og_type":"article","og_title":"Nous contacter - Mecatek (ex-Sawiko France)","og_description":"Contactez-nous, notre \u00e9quipe est \u00e0 votre \u00e9coute pour r\u00e9pondre \u00e0 vos questions sur nos attelages et \u00e9quipements pour camping-car et fourgons","og_url":"https:\/\/mecatek.eu\/de\/uns-kontaktieren\/","og_site_name":"Mecatek (ex-Sawiko France)","article_modified_time":"2026-01-28T10:43:23+00:00","og_image":[{"width":400,"height":94,"url":"https:\/\/mecatek.eu\/wp-content\/uploads\/2026\/01\/Logo-Mecatek-Solutions-techniques-2025-300px.png","type":"image\/png"}],"twitter_card":"summary_large_image","twitter_misc":{"Gesch\u00e4tzte Lesezeit":"2\u00a0Minuten"},"schema":{"@context":"https:\/\/schema.org","@graph":[{"@type":"WebPage","@id":"https:\/\/mecatek.eu\/nous-contacter\/","url":"https:\/\/mecatek.eu\/nous-contacter\/","name":"Kontaktieren Sie uns - Mecatek (ehemals Sawiko France)","isPartOf":{"@id":"https:\/\/mecatek.eu\/#website"},"datePublished":"2026-01-28T10:28:53+00:00","dateModified":"2026-01-28T10:43:23+00:00","description":"Kontaktieren Sie uns, unser Team steht Ihnen gerne zur Verf\u00fcgung, um Ihre Fragen zu unseren Anh\u00e4ngerkupplungen und Ausr\u00fcstungen f\u00fcr Wohnmobile und Lieferwagen zu beantworten.","breadcrumb":{"@id":"https:\/\/mecatek.eu\/nous-contacter\/#breadcrumb"},"inLanguage":"de","potentialAction":[{"@type":"ReadAction","target":["https:\/\/mecatek.eu\/nous-contacter\/"]}]},{"@type":"BreadcrumbList","@id":"https:\/\/mecatek.eu\/nous-contacter\/#breadcrumb","itemListElement":[{"@type":"ListItem","position":1,"name":"Accueil","item":"https:\/\/mecatek.eu\/"},{"@type":"ListItem","position":2,"name":"Nous contacter"}]},{"@type":"WebSite","@id":"https:\/\/mecatek.eu\/#website","url":"https:\/\/mecatek.eu\/","name":"Mecatek (ehemals Sawiko Frankreich)","description":"Hersteller von Anh\u00e4ngerkupplungen f\u00fcr Wohnmobile und Lieferwagen - Mecatek","publisher":{"@id":"https:\/\/mecatek.eu\/#organization"},"potentialAction":[{"@type":"SearchAction","target":{"@type":"EntryPoint","urlTemplate":"https:\/\/mecatek.eu\/?s={search_term_string}"},"query-input":{"@type":"PropertyValueSpecification","valueRequired":true,"valueName":"search_term_string"}}],"inLanguage":"de"},{"@type":"Organization","@id":"https:\/\/mecatek.eu\/#organization","name":"Mecatek (ehemals Sawiko Frankreich)","url":"https:\/\/mecatek.eu\/","logo":{"@type":"ImageObject","inLanguage":"de","@id":"https:\/\/mecatek.eu\/#\/schema\/logo\/image\/","url":"http:\/\/mecatek.eu\/wp-content\/uploads\/2026\/01\/Logo-Mecatek-Solutions-techniques-2025-300px.png","contentUrl":"http:\/\/mecatek.eu\/wp-content\/uploads\/2026\/01\/Logo-Mecatek-Solutions-techniques-2025-300px.png","width":400,"height":94,"caption":"Mecatek (ex-Sawiko France)"},"image":{"@id":"https:\/\/mecatek.eu\/#\/schema\/logo\/image\/"}}]}},"_links":{"self":[{"href":"https:\/\/mecatek.eu\/de\/wp-json\/wp\/v2\/pages\/2602","targetHints":{"allow":["GET"]}}],"collection":[{"href":"https:\/\/mecatek.eu\/de\/wp-json\/wp\/v2\/pages"}],"about":[{"href":"https:\/\/mecatek.eu\/de\/wp-json\/wp\/v2\/types\/page"}],"author":[{"embeddable":true,"href":"https:\/\/mecatek.eu\/de\/wp-json\/wp\/v2\/users\/1"}],"replies":[{"embeddable":true,"href":"https:\/\/mecatek.eu\/de\/wp-json\/wp\/v2\/comments?post=2602"}],"version-history":[{"count":4,"href":"https:\/\/mecatek.eu\/de\/wp-json\/wp\/v2\/pages\/2602\/revisions"}],"predecessor-version":[{"id":2607,"href":"https:\/\/mecatek.eu\/de\/wp-json\/wp\/v2\/pages\/2602\/revisions\/2607"}],"wp:attachment":[{"href":"https:\/\/mecatek.eu\/de\/wp-json\/wp\/v2\/media?parent=2602"}],"curies":[{"name":"wp","href":"https:\/\/api.w.org\/{rel}","templated":true}]}}